{"id":1807,"date":"2023-08-11T09:38:13","date_gmt":"2023-08-11T09:38:13","guid":{"rendered":"https:\/\/idckohtao.com\/dpv-instructor-specialty\/"},"modified":"2026-01-01T07:06:29","modified_gmt":"2026-01-01T07:06:29","slug":"dpv-instructor-specialty","status":"publish","type":"page","link":"https:\/\/idckohtao.com\/de\/pro-level-courses\/dpv-instructor-specialty\/","title":{"rendered":"DPV Instructorkurs Spezialist"},"content":{"rendered":"<div class=\"wpb-content-wrapper\"><p>[vc_row][vc_column][vc_column_text]<\/p>\n<h2>MSDT \u2022 PADI Spezialist Instructorkurs, Koh Tao, Thailand<\/h2>\n<p>Es gibt viele Taucher, die nicht in der Lage sind, den gesamten Tauchplatz aufgrund ihres Luftverbrauchs zu erkunden oder sie wollen mehr von einem gro\u00dfen Tauchplatz sehen und dennoch innerhalb ihrer Grenzen bleiben. Falls das auf dich zutrifft, dann wirst du dich ins Tauchen mit Unterwasser-Scootern verlieben.<\/p>\n<p>Genau wie in Filmen als Unterwasser-Geheimagent: sobald Taucher einmal einen Scooter ausprobiert haben, wollen sie ihn jedes Mal benutzen!<\/p>\n<p>Diver Propulsion Vehicles oder DPV werden dir erlauben, dich schneller zu bewegen und eine gr\u00f6\u00dfere Fl\u00e4che des Tauchplatzes abzudecken und dennoch \u2013 da der Unterwasser Scooter die meiste Arbeit macht \u2013 weniger Energie und Luft zu verbrauchen.<\/p>\n<p>Als PADI DPV Spezialkurs Instructor wirst du deinen Tauchsch\u00fclern beibringen, wie sie in einer kurzen Zeit viel Unterwassergebiet abdecken und eine Menge Spa\u00df haben, w\u00e4hrend sie dies machen.<\/p>\n<p><img decoding=\"async\" class=\"alignnone wp-image-1011 size-large\" src=\"https:\/\/idckohtao.com\/wp-content\/uploads\/2023\/08\/idc-koh-tao-padi-msdt-internship-dpv-specialty-1024x768.jpg\" alt=\"idc-koh-tao-padi-msdt-internship-dpv-specialty\" width=\"1024\" height=\"768\" srcset=\"https:\/\/idckohtao.com\/wp-content\/uploads\/2023\/08\/idc-koh-tao-padi-msdt-internship-dpv-specialty-1024x768.jpg 1024w, https:\/\/idckohtao.com\/wp-content\/uploads\/2023\/08\/idc-koh-tao-padi-msdt-internship-dpv-specialty-300x225.jpg 300w, https:\/\/idckohtao.com\/wp-content\/uploads\/2023\/08\/idc-koh-tao-padi-msdt-internship-dpv-specialty-768x576.jpg 768w, https:\/\/idckohtao.com\/wp-content\/uploads\/2023\/08\/idc-koh-tao-padi-msdt-internship-dpv-specialty.jpg 1080w\" sizes=\"(max-width: 1024px) 100vw, 1024px\" \/><\/p>\n<h3>Diver Propulsion Vehicles bei Tauchg\u00e4ngen rund um Koh Tao<\/h3>\n<p>Die vielf\u00e4ltige Unterwassertopografie rund um Koh Taos Tauchpl\u00e4tzen ist perfekt f\u00fcr DPV und Taucher. Deine Tauchsch\u00fcler werden in der Lage sein, \u00fcber eine Vielzahl von Riffen zu gleiten, rund um gro\u00dfe Felsen an Tauchpl\u00e4tzen wie Chumphon, Southwest zu kreuzen oder die HTMS Sattakut auf einem Wracktauchgang zu erkunden.<\/p>\n<p>Als ein PADI Diver Propulsion Vehicle Spezialkurs Tauchlehrer wirst du Tauchsch\u00fclern beibringen, wie sie die Fertigkeiten entwickeln, einen Unterwasserscooter innerhalb der Grenzen des Sporttauchens zu benutzen und gleichzeitig zu vermeiden, das lokale emfindliche Unterwasserleben zu st\u00f6ren.<\/p>\n<h3>Wer kann sich f\u00fcr den PADI DPV Spezialist Intructorkurs anmelden?<\/h3>\n<p>Ein\u00a0<strong><a href=\"https:\/\/idckohtao.com\/de\/pro-level-courses\/padi-instructor-development-course\/\">PADI Open Water Scuba Instructor (OWSI)<\/a><\/strong>\u00a0im aktiven Status.<\/p>\n<p>Anmerkung: IDC \/ OWSI Kandidaten k\u00f6nnen an einem PADI DPV Spezialist Instructorkurs teilnehmen, k\u00f6nnen sich f\u00fcr die Zertifizierung als Spezialist-Tauchlehrer jedoch erst nach erfolgreicher Tauchlehrerpr\u00fcfung (IE) anmelden.<\/p>\n<p>DPV-Spezialkurs Instructors m\u00fcssen eine Ausbildung bei einem PADI Course Director belegt haben und vorhergehende Erfahrung vor Zertifizierung nachweisen.<\/p>\n<h3>Was wirst du lernen?<\/h3>\n<p>Du wirst an den folgenden Einheiten teilnehmen:<\/p>\n<ul>\n<li>Eine Klassenzimmerpr\u00e4sentation \u00fcber die Wiederholungsfragen des DPV-Spezialkurses geben<\/li>\n<li>Standards, Prozeduren und Ablauf des Diver Propulsion Vehicle Spezialkurses<\/li>\n<li>Organisation und Durchf\u00fchrung des PADI DPV Spezialkurses<\/li>\n<li>Freiwasserausbildung \u2013 Demonstration, Durchf\u00fchrung und Bewertung von Tauchsch\u00fcler-Fertigkeiten des Diver Propulsion Vehicle Spezialkurses.<\/li>\n<\/ul>\n<p>Du wirst die Freiwassertauchg\u00e4nge an einem der zahlreichen geeigneten lokalen Tauchpl\u00e4tze machen.<\/p>\n<p>Als PADI Diver Propulsion Vehicle Instructor bist du zertifiziert, um den <strong><span style=\"text-decoration: underline;\">PADI DPV Spezialkurs selbst\u00e4ndig zu unterrichten<\/span><\/strong>.<\/p>\n<p><img decoding=\"async\" class=\"alignnone wp-image-1012 size-large\" src=\"https:\/\/idckohtao.com\/wp-content\/uploads\/2023\/08\/idc-koh-tao-thailand-padi-dpv-specialties-msdt-1024x768.jpg\" alt=\"idc-koh-tao-thailand-padi-dpv-specialties-msdt\" width=\"1024\" height=\"768\" srcset=\"https:\/\/idckohtao.com\/wp-content\/uploads\/2023\/08\/idc-koh-tao-thailand-padi-dpv-specialties-msdt-1024x768.jpg 1024w, https:\/\/idckohtao.com\/wp-content\/uploads\/2023\/08\/idc-koh-tao-thailand-padi-dpv-specialties-msdt-300x225.jpg 300w, https:\/\/idckohtao.com\/wp-content\/uploads\/2023\/08\/idc-koh-tao-thailand-padi-dpv-specialties-msdt-768x576.jpg 768w, https:\/\/idckohtao.com\/wp-content\/uploads\/2023\/08\/idc-koh-tao-thailand-padi-dpv-specialties-msdt.jpg 1080w\" sizes=\"(max-width: 1024px) 100vw, 1024px\" \/>[\/vc_column_text][vc_column_text css=&#8220;&#8220;]<\/p>\n<h3>PADI Materialien<\/h3>\n<p><i>Bitte bringe die folgenden Materialien mit. Du hast diese als Teil deines IDC Crewpack erhalten.PADI Spezialkurs Instructor Manual (CD-Rom)<\/i><\/p>\n<p>Zus\u00e4tzlich ben\u00f6tigst du ein Exemplar des PADI Instructor Manual. Seit 2010 steht dieses f\u00fcr PADI Mitglieder im aktiven Status als kostenloser Download unter diesem Link zur Verf\u00fcgung: <a href=\"https:\/\/www.padi.com\/mypadi\/\" target=\"_blank\" rel=\"noopener\">www.padi.com\/mypadi<\/a><\/p>\n<h3>PADI Geb\u00fchren<\/h3>\n<p>PADI DPV Instructor Anmeldung: AUD$ 145[\/vc_column_text]<div class=\"text-left\"><div class=\"bt-course-price\"><h4>Kurspreis: 4,000 THB<\/h4><a href=\"https:\/\/idckohtao.com\/de\/packages-prices\" class=\"button\"> ONLINE BUCHEN<\/a><\/div><\/div>[\/vc_column][\/vc_row]<\/p>\n<\/div>","protected":false},"excerpt":{"rendered":"<p>[vc_row][vc_column][vc_column_text] MSDT \u2022 PADI Spezialist Instructorkurs, Koh Tao, Thailand Es gibt viele Taucher, die nicht in der Lage sind, den gesamten Tauchplatz aufgrund ihres Luftverbrauchs zu erkunden oder sie wollen mehr von einem gro\u00dfen Tauchplatz sehen und dennoch innerhalb ihrer Grenzen bleiben. Falls das auf dich zutrifft, dann wirst du dich ins Tauchen mit Unterwasser-Scootern [&hellip;]<\/p>\n","protected":false},"author":1,"featured_media":5254,"parent":7935,"menu_order":0,"comment_status":"closed","ping_status":"closed","template":"","meta":{"_acf_changed":false,"footnotes":""},"class_list":["post-1807","page","type-page","status-publish","has-post-thumbnail","hentry"],"acf":[],"yoast_head":"<!-- This site is optimized with the Yoast SEO Premium plugin v27.5 (Yoast SEO v27.5) - https:\/\/yoast.com\/product\/yoast-seo-premium-wordpress\/ -->\n<title>IDC Koh Tao | PADI Unterwasser-Scooter Spezialist Kurs<\/title>\n<meta name=\"description\" content=\"Der PADI Unterwasser-Scooter Spezialist Instructor Kurs auf Koh Tao zertifiziert dich, Tauchsch\u00fclern die Fertigkeiten beim Tauchen mit einem Scooter (DPV) in den Grenzen des Sporttauchens zu zeigen\" \/>\n<meta name=\"robots\" content=\"index, follow, max-snippet:-1, max-image-preview:large, max-video-preview:-1\" \/>\n<link rel=\"canonical\" href=\"https:\/\/idckohtao.com\/de\/pro-level-courses\/dpv-instructor-specialty\/\" \/>\n<meta property=\"og:locale\" content=\"de_DE\" \/>\n<meta property=\"og:type\" content=\"article\" \/>\n<meta property=\"og:title\" content=\"IDC Koh Tao | PADI Unterwasser-Scooter Spezialist Kurs\" \/>\n<meta property=\"og:description\" content=\"Der PADI Unterwasser-Scooter Spezialist Instructor Kurs auf Koh Tao zertifiziert dich, Tauchsch\u00fclern die Fertigkeiten beim Tauchen mit einem Scooter (DPV) in den Grenzen des Sporttauchens zu zeigen\" \/>\n<meta property=\"og:url\" content=\"https:\/\/idckohtao.com\/de\/pro-level-courses\/dpv-instructor-specialty\/\" \/>\n<meta property=\"og:site_name\" content=\"IDC Koh Tao\" \/>\n<meta property=\"article:publisher\" content=\"https:\/\/www.facebook.com\/GoProIDCKohTao\" \/>\n<meta property=\"article:modified_time\" content=\"2026-01-01T07:06:29+00:00\" \/>\n<meta property=\"og:image\" content=\"https:\/\/idckohtao.com\/wp-content\/uploads\/2023\/09\/idckohtao.com-dpv-diver-specialty-koh-tao-in-thailand.jpeg\" \/>\n\t<meta property=\"og:image:width\" content=\"1100\" \/>\n\t<meta property=\"og:image:height\" content=\"749\" \/>\n\t<meta property=\"og:image:type\" content=\"image\/jpeg\" \/>\n<meta name=\"twitter:card\" content=\"summary_large_image\" \/>\n<meta name=\"twitter:title\" content=\"IDC Koh Tao | PADI Unterwasser-Scooter Spezialist Kurs\" \/>\n<meta name=\"twitter:description\" content=\"Der PADI Unterwasser-Scooter Spezialist Instructor Kurs auf Koh Tao zertifiziert dich, Tauchsch\u00fclern die Fertigkeiten beim Tauchen mit einem Scooter (DPV) in den Grenzen des Sporttauchens zu zeigen\" \/>\n<meta name=\"twitter:site\" content=\"@GoProIDCKohTao\" \/>\n<!-- \/ Yoast SEO Premium plugin. -->","yoast_head_json":{"title":"IDC Koh Tao | PADI Unterwasser-Scooter Spezialist Kurs","description":"Der PADI Unterwasser-Scooter Spezialist Instructor Kurs auf Koh Tao zertifiziert dich, Tauchsch\u00fclern die Fertigkeiten beim Tauchen mit einem Scooter (DPV) in den Grenzen des Sporttauchens zu zeigen","robots":{"index":"index","follow":"follow","max-snippet":"max-snippet:-1","max-image-preview":"max-image-preview:large","max-video-preview":"max-video-preview:-1"},"canonical":"https:\/\/idckohtao.com\/de\/pro-level-courses\/dpv-instructor-specialty\/","og_locale":"de_DE","og_type":"article","og_title":"IDC Koh Tao | PADI Unterwasser-Scooter Spezialist Kurs","og_description":"Der PADI Unterwasser-Scooter Spezialist Instructor Kurs auf Koh Tao zertifiziert dich, Tauchsch\u00fclern die Fertigkeiten beim Tauchen mit einem Scooter (DPV) in den Grenzen des Sporttauchens zu zeigen","og_url":"https:\/\/idckohtao.com\/de\/pro-level-courses\/dpv-instructor-specialty\/","og_site_name":"IDC Koh Tao","article_publisher":"https:\/\/www.facebook.com\/GoProIDCKohTao","article_modified_time":"2026-01-01T07:06:29+00:00","og_image":[{"width":1100,"height":749,"url":"https:\/\/idckohtao.com\/wp-content\/uploads\/2023\/09\/idckohtao.com-dpv-diver-specialty-koh-tao-in-thailand.jpeg","type":"image\/jpeg"}],"twitter_card":"summary_large_image","twitter_title":"IDC Koh Tao | PADI Unterwasser-Scooter Spezialist Kurs","twitter_description":"Der PADI Unterwasser-Scooter Spezialist Instructor Kurs auf Koh Tao zertifiziert dich, Tauchsch\u00fclern die Fertigkeiten beim Tauchen mit einem Scooter (DPV) in den Grenzen des Sporttauchens zu zeigen","twitter_site":"@GoProIDCKohTao","schema":{"@context":"https:\/\/schema.org","@graph":[{"@type":"NewsArticle","@id":"https:\/\/idckohtao.com\/de\/pro-level-courses\/dpv-instructor-specialty\/#article","isPartOf":{"@id":"https:\/\/idckohtao.com\/de\/pro-level-courses\/dpv-instructor-specialty\/"},"author":{"name":"ojasya","@id":"https:\/\/idckohtao.com\/de\/#\/schema\/person\/d08d557cbfdbc171f824052dae697b02"},"headline":"DPV Instructorkurs Spezialist","datePublished":"2023-08-11T09:38:13+00:00","dateModified":"2026-01-01T07:06:29+00:00","mainEntityOfPage":{"@id":"https:\/\/idckohtao.com\/de\/pro-level-courses\/dpv-instructor-specialty\/"},"wordCount":491,"publisher":{"@id":"https:\/\/idckohtao.com\/de\/#organization"},"image":{"@id":"https:\/\/idckohtao.com\/de\/pro-level-courses\/dpv-instructor-specialty\/#primaryimage"},"thumbnailUrl":"https:\/\/idckohtao.com\/wp-content\/uploads\/2023\/09\/idckohtao.com-dpv-diver-specialty-koh-tao-in-thailand.jpeg","inLanguage":"de"},{"@type":"WebPage","@id":"https:\/\/idckohtao.com\/de\/pro-level-courses\/dpv-instructor-specialty\/","url":"https:\/\/idckohtao.com\/de\/pro-level-courses\/dpv-instructor-specialty\/","name":"IDC Koh Tao | PADI Unterwasser-Scooter Spezialist Kurs","isPartOf":{"@id":"https:\/\/idckohtao.com\/de\/#website"},"primaryImageOfPage":{"@id":"https:\/\/idckohtao.com\/de\/pro-level-courses\/dpv-instructor-specialty\/#primaryimage"},"image":{"@id":"https:\/\/idckohtao.com\/de\/pro-level-courses\/dpv-instructor-specialty\/#primaryimage"},"thumbnailUrl":"https:\/\/idckohtao.com\/wp-content\/uploads\/2023\/09\/idckohtao.com-dpv-diver-specialty-koh-tao-in-thailand.jpeg","datePublished":"2023-08-11T09:38:13+00:00","dateModified":"2026-01-01T07:06:29+00:00","description":"Der PADI Unterwasser-Scooter Spezialist Instructor Kurs auf Koh Tao zertifiziert dich, Tauchsch\u00fclern die Fertigkeiten beim Tauchen mit einem Scooter (DPV) in den Grenzen des Sporttauchens zu zeigen","breadcrumb":{"@id":"https:\/\/idckohtao.com\/de\/pro-level-courses\/dpv-instructor-specialty\/#breadcrumb"},"inLanguage":"de","potentialAction":[{"@type":"ReadAction","target":["https:\/\/idckohtao.com\/de\/pro-level-courses\/dpv-instructor-specialty\/"]}]},{"@type":"ImageObject","inLanguage":"de","@id":"https:\/\/idckohtao.com\/de\/pro-level-courses\/dpv-instructor-specialty\/#primaryimage","url":"https:\/\/idckohtao.com\/wp-content\/uploads\/2023\/09\/idckohtao.com-dpv-diver-specialty-koh-tao-in-thailand.jpeg","contentUrl":"https:\/\/idckohtao.com\/wp-content\/uploads\/2023\/09\/idckohtao.com-dpv-diver-specialty-koh-tao-in-thailand.jpeg","width":1100,"height":749,"caption":"OLYMPUS DIGITAL CAMERA"},{"@type":"BreadcrumbList","@id":"https:\/\/idckohtao.com\/de\/pro-level-courses\/dpv-instructor-specialty\/#breadcrumb","itemListElement":[{"@type":"ListItem","position":1,"name":"Home","item":"https:\/\/idckohtao.com\/de\/"},{"@type":"ListItem","position":2,"name":"Pro level","item":"https:\/\/idckohtao.com\/de\/pro-level-courses\/"},{"@type":"ListItem","position":3,"name":"DPV Instructorkurs Spezialist"}]},{"@type":"WebSite","@id":"https:\/\/idckohtao.com\/de\/#website","url":"https:\/\/idckohtao.com\/de\/","name":"IDC Koh Tao","description":"PADI IDC 5 Star Diving Center in Koh Tao - Thailand","publisher":{"@id":"https:\/\/idckohtao.com\/de\/#organization"},"alternateName":"IDC Koh Tao in Thailand","potentialAction":[{"@type":"SearchAction","target":{"@type":"EntryPoint","urlTemplate":"https:\/\/idckohtao.com\/de\/?s={search_term_string}"},"query-input":{"@type":"PropertyValueSpecification","valueRequired":true,"valueName":"search_term_string"}}],"inLanguage":"de"},{"@type":"Organization","@id":"https:\/\/idckohtao.com\/de\/#organization","name":"IDC Koh Tao","alternateName":"IDC Koh Tao | Divemaster & Diving Instructor","url":"https:\/\/idckohtao.com\/de\/","logo":{"@type":"ImageObject","inLanguage":"de","@id":"https:\/\/idckohtao.com\/de\/#\/schema\/logo\/image\/","url":"https:\/\/idckohtao.com\/wp-content\/uploads\/2023\/09\/idckohtao.com-padi-diving-center-in-koh-tao-thailand.png","contentUrl":"https:\/\/idckohtao.com\/wp-content\/uploads\/2023\/09\/idckohtao.com-padi-diving-center-in-koh-tao-thailand.png","width":400,"height":300,"caption":"IDC Koh Tao"},"image":{"@id":"https:\/\/idckohtao.com\/de\/#\/schema\/logo\/image\/"},"sameAs":["https:\/\/www.facebook.com\/GoProIDCKohTao","https:\/\/x.com\/GoProIDCKohTao","https:\/\/www.youtube.com\/idckohtao","https:\/\/www.instagram.com\/idc.kohtao\/"],"description":"IDC Koh Tao is a part of the Black Turtle Dive pro level training team with three PADI Course Directors being led by Award Winning PADI Course Director Matt Bolton. Our full range of pro and recreational PADI Diving Courses provides aspiring scuba divers with education, fun, excitement, adventure, and a change of lifestyle or an opportunity to pursue a new career.","email":"info@idckohtao.com","legalName":"IDC Koh Tao","foundingDate":"2004-01-04","numberOfEmployees":{"@type":"QuantitativeValue","minValue":"1","maxValue":"10"},"correctionsPolicy":"https:\/\/idckohtao.com\/privacy-policy\/","ethicsPolicy":"https:\/\/idckohtao.com\/terms\/"},{"@type":"Person","@id":"https:\/\/idckohtao.com\/de\/#\/schema\/person\/d08d557cbfdbc171f824052dae697b02","name":"ojasya","image":{"@type":"ImageObject","inLanguage":"de","@id":"https:\/\/secure.gravatar.com\/avatar\/6fb34e36d09053a6545fc21d344613321bb1933f185132488f38052166f5a001?s=96&d=mm&r=g","url":"https:\/\/secure.gravatar.com\/avatar\/6fb34e36d09053a6545fc21d344613321bb1933f185132488f38052166f5a001?s=96&d=mm&r=g","contentUrl":"https:\/\/secure.gravatar.com\/avatar\/6fb34e36d09053a6545fc21d344613321bb1933f185132488f38052166f5a001?s=96&d=mm&r=g","caption":"ojasya"},"sameAs":["https:\/\/idckohtao.com"],"url":"https:\/\/idckohtao.com\/de\/blog\/author\/ojasya\/"}]}},"_links":{"self":[{"href":"https:\/\/idckohtao.com\/de\/wp-json\/wp\/v2\/pages\/1807","targetHints":{"allow":["GET"]}}],"collection":[{"href":"https:\/\/idckohtao.com\/de\/wp-json\/wp\/v2\/pages"}],"about":[{"href":"https:\/\/idckohtao.com\/de\/wp-json\/wp\/v2\/types\/page"}],"author":[{"embeddable":true,"href":"https:\/\/idckohtao.com\/de\/wp-json\/wp\/v2\/users\/1"}],"replies":[{"embeddable":true,"href":"https:\/\/idckohtao.com\/de\/wp-json\/wp\/v2\/comments?post=1807"}],"version-history":[{"count":1,"href":"https:\/\/idckohtao.com\/de\/wp-json\/wp\/v2\/pages\/1807\/revisions"}],"predecessor-version":[{"id":7009,"href":"https:\/\/idckohtao.com\/de\/wp-json\/wp\/v2\/pages\/1807\/revisions\/7009"}],"up":[{"embeddable":true,"href":"https:\/\/idckohtao.com\/de\/wp-json\/wp\/v2\/pages\/7935"}],"wp:featuredmedia":[{"embeddable":true,"href":"https:\/\/idckohtao.com\/de\/wp-json\/wp\/v2\/media\/5254"}],"wp:attachment":[{"href":"https:\/\/idckohtao.com\/de\/wp-json\/wp\/v2\/media?parent=1807"}],"curies":[{"name":"wp","href":"https:\/\/api.w.org\/{rel}","templated":true}]}}