{"id":1817,"date":"2023-08-10T08:08:24","date_gmt":"2023-08-10T08:08:24","guid":{"rendered":"https:\/\/idckohtao.com\/deep-instructor-specialty\/"},"modified":"2026-01-01T07:02:45","modified_gmt":"2026-01-01T07:02:45","slug":"deep-instructor-specialty","status":"publish","type":"page","link":"https:\/\/idckohtao.com\/de\/pro-level-courses\/deep-instructor-specialty\/","title":{"rendered":"Tieftauch Spezialist Instructorkurs"},"content":{"rendered":"<div class=\"wpb-content-wrapper\"><p>[vc_row][vc_column][vc_column_text]<\/p>\n<div class=\"et_pb_module et_pb_text et_pb_text_10 et_pb_bg_layout_light et_pb_text_align_center\">\n<div class=\"et_pb_text_inner\">\n<h2>MSDT \u2022 PADI Spezialist Instructorkurs, Koh Tao, Thailand<\/h2>\n<\/div>\n<\/div>\n<p>Wir wissen alle, da\u00df Tieftauchen f\u00fcr unsere Tauchsch\u00fcler aufregend klingt. Genau wie du selbst sind Taucher neugierig \u00fcber mysteri\u00f6se Dinge, die in der Tiefe lauern k\u00f6nnten. Vielleicht wollen sie ein Wrack besuchen, welches in der Tiefe liegt?<\/p>\n<p>Es gibt viele Gr\u00fcnde, warum Taucher tiefer als zuvor tauchen wollen und als PADI Tieftauch-Spezialkurs Instructor kannst du deinen Sch\u00fclern die Fertigkeiten, das Wissen und die Techniken beibringen, um sichere Nullzeittauchg\u00e4nge bis zur maximalen Tiefe des Sporttauchens von 40 Metern zu machen.<\/p>\n<p>Als ein Tieftauch-Spezialist-Tauchlehrer wirst du in der Lage sein, deinen Tauchsch\u00fclern beizubringen, wie sie ihre Tieftauchg\u00e4nge planen, die Luftmenge verwalten, mit Gasnarkose in der Tiefe umgehen und spezialisierte Tieftauchausr\u00fcstung verwenden.<\/p>\n<p><b>Tieftauchen rund um Koh Tao<\/b><\/p>\n<p>Einer der Hauptgr\u00fcnde, den PADI Tieftauch-Spezialkurs zu besuchen, ist die M\u00f6glichkeit, Tauchpl\u00e4tze zu erreichen, die ohne diesen Kurs nicht erreichhbar sind. Koh Tao verf\u00fcgt \u00fcber eine gro\u00dfartige Auswahl an geeigneten Tieftauchpl\u00e4tzen \u2013 ideal f\u00fcr die Ausbildung, tief zu tauchen und die Vielfalt des Unterwasserlebens zu entdecken. Mit Tauchpl\u00e4tzen wie z. B. Chumphon Pinnacle, Southwest Pinnacle, Green Rock und Sail Rock wirst du deinen Sch\u00fclern beibringen, wie sie neue und aufregende Teile dieser Tauchpl\u00e4tze betauchen. Mach dich bereit f\u00fcr eine komplett neue Erfahrung!<\/p>\n<p><b>Wer kann sich f\u00fcr den PADI Tieftauch Spezialist Instructor Kurs anmelden?<\/b><\/p>\n<p>Ein\u00a0<a href=\"https:\/\/idckohtao.com\/de\/pro-level-courses\/padi-instructor-development-course\/\">PADI Open Water Scuba Instructor (OWSI)<\/a>\u00a0im aktiven Status.<\/p>\n<p>Anmerkung: IDC \/ OWSI Kandidaten k\u00f6nnen an einem PADI Tieftauch Spezialist Instructorkurs teilnehmen, k\u00f6nnen sich f\u00fcr die Zertifizierung als Spezialist-Tauchlehrer jedoch erst nach erfolgreicher Tauchlehrerpr\u00fcfung (IE) anmelden.<\/p>\n<p>Tieftauch-Tauchlehrer ben\u00f6tigen mindestens 10 Tieftauchg\u00e4nge bevor Zertifizierung. Dies ist Voraussetzung f\u00fcr die Zertifizierung und kann nach dem Spezialist-Instructorkurs erfolgen.<\/p>\n<p><img decoding=\"async\" class=\"alignnone wp-image-846 size-full\" src=\"https:\/\/idckohtao.com\/wp-content\/uploads\/2023\/08\/crystal-dive-koh-tao-deep-specialty-msdt-training-drop-tank.jpg\" alt=\"crystal-dive-koh-tao-deep-specialty-msdt-training-drop-tank\" width=\"944\" height=\"634\" srcset=\"https:\/\/idckohtao.com\/wp-content\/uploads\/2023\/08\/crystal-dive-koh-tao-deep-specialty-msdt-training-drop-tank.jpg 944w, https:\/\/idckohtao.com\/wp-content\/uploads\/2023\/08\/crystal-dive-koh-tao-deep-specialty-msdt-training-drop-tank-300x201.jpg 300w, https:\/\/idckohtao.com\/wp-content\/uploads\/2023\/08\/crystal-dive-koh-tao-deep-specialty-msdt-training-drop-tank-768x516.jpg 768w\" sizes=\"(max-width: 944px) 100vw, 944px\" \/><\/p>\n<h2><b>Was wirst du lernen?<\/b><\/h2>\n<p>Du wirst an den folgenden Einheiten teilnehmen:<\/p>\n<ul>\n<li>Eine Klassenzimmerpr\u00e4sentation \u00fcber die Wiederholungsfragen des Tieftauch-Spezialkurses geben<\/li>\n<li>Standards, Prozeduren und Ablauf des Tieftauch-Spezialkurses<\/li>\n<li>Organisation und Durchf\u00fchrung des PADI Tieftauch-Spezialkurs<\/li>\n<li>Freiwasserausbildung \u2013 Demonstration, Durchf\u00fchrung und Bewertung von Tauchsch\u00fcler-Fertigkeiten des Tieftauch-Spezialkurses.<\/li>\n<\/ul>\n<p>Du wirst die Freiwassertauchg\u00e4nge an einem der zahlreichen geeigneten lokalen Tauchpl\u00e4tze machen.<\/p>\n<p>Als PADI Tieftauch Instructor bist du zertifiziert, um den <strong>PADI Tieftauchen Spezialkurs<\/strong> selbst\u00e4ndig zu unterrichten.[\/vc_column_text]<div class=\"text-left\"><div class=\"bt-course-price\"><h4>Kurspreis: 4.000 THB<\/h4><a href=\"https:\/\/idckohtao.com\/de\/packages-prices\" class=\"button\">ONLINE BUCHEN<\/a><\/div><\/div>[vc_column_text css=&#8220;&#8220;]<b>PADI Materialien<\/b><\/p>\n<p><i>Bitte bringe die folgenden Materialien mit. Du hast diese als Teil deines IDC Crewpack erhalten.-PADI Spezialkurs Instructor Manual (CD-Rom)<\/i><\/p>\n<p>Zus\u00e4tzlich ben\u00f6tigst du ein Exemplar des PADI Instructor Manual. Seit 2010 steht dieses f\u00fcr PADI Mitglieder im aktiven Status als kostenloser Download unter diesem Link zur Verf\u00fcgung:\u00a0<a href=\"https:\/\/www.padi.com\/mypadi\/\" target=\"_blank\" rel=\"noopener\">www.padi.com\/mypadi<\/a><\/p>\n<p><b>PADI Geb\u00fchren<\/b><\/p>\n<p>PADI Tieftauch Instructor Anmeldung: AUD $ 145[\/vc_column_text][\/vc_column][\/vc_row]<\/p>\n<\/div>","protected":false},"excerpt":{"rendered":"<p>[vc_row][vc_column][vc_column_text] MSDT \u2022 PADI Spezialist Instructorkurs, Koh Tao, Thailand Wir wissen alle, da\u00df Tieftauchen f\u00fcr unsere Tauchsch\u00fcler aufregend klingt. Genau wie du selbst sind Taucher neugierig \u00fcber mysteri\u00f6se Dinge, die in der Tiefe lauern k\u00f6nnten. Vielleicht wollen sie ein Wrack besuchen, welches in der Tiefe liegt? Es gibt viele Gr\u00fcnde, warum Taucher tiefer als zuvor [&hellip;]<\/p>\n","protected":false},"author":1,"featured_media":4787,"parent":7935,"menu_order":0,"comment_status":"closed","ping_status":"closed","template":"","meta":{"_acf_changed":false,"footnotes":""},"class_list":["post-1817","page","type-page","status-publish","has-post-thumbnail","hentry"],"acf":[],"yoast_head":"<!-- This site is optimized with the Yoast SEO Premium plugin v27.5 (Yoast SEO v27.5) - https:\/\/yoast.com\/product\/yoast-seo-premium-wordpress\/ -->\n<title>IDC Koh Tao | MSDT PADI Tieftauchen Spezialist Instructor Kurs<\/title>\n<meta name=\"description\" content=\"Der PADI Tieftauchen Spezialist Instructor Kurs auf Koh Tao zertifiziert dich als Tieftauch-Tauchlehrer, um Tauchsch\u00fclern beizubringen, sicher bis auf 40 Meter zu tauchen\" \/>\n<meta name=\"robots\" content=\"index, follow, max-snippet:-1, max-image-preview:large, max-video-preview:-1\" \/>\n<link rel=\"canonical\" href=\"https:\/\/idckohtao.com\/de\/pro-level-courses\/deep-instructor-specialty\/\" \/>\n<meta property=\"og:locale\" content=\"de_DE\" \/>\n<meta property=\"og:type\" content=\"article\" \/>\n<meta property=\"og:title\" content=\"IDC Koh Tao | MSDT PADI Tieftauchen Spezialist Instructor Kurs\" \/>\n<meta property=\"og:description\" content=\"Der PADI Tieftauchen Spezialist Instructor Kurs auf Koh Tao zertifiziert dich als Tieftauch-Tauchlehrer, um Tauchsch\u00fclern beizubringen, sicher bis auf 40 Meter zu tauchen\" \/>\n<meta property=\"og:url\" content=\"https:\/\/idckohtao.com\/de\/pro-level-courses\/deep-instructor-specialty\/\" \/>\n<meta property=\"og:site_name\" content=\"IDC Koh Tao\" \/>\n<meta property=\"article:publisher\" content=\"https:\/\/www.facebook.com\/GoProIDCKohTao\" \/>\n<meta property=\"article:modified_time\" content=\"2026-01-01T07:02:45+00:00\" \/>\n<meta property=\"og:image\" content=\"https:\/\/idckohtao.com\/wp-content\/uploads\/2023\/09\/idckohtao.com-pro-level-deep-specialty-course-in-thailand.jpeg\" \/>\n\t<meta property=\"og:image:width\" content=\"1200\" \/>\n\t<meta property=\"og:image:height\" content=\"900\" \/>\n\t<meta property=\"og:image:type\" content=\"image\/jpeg\" \/>\n<meta name=\"twitter:card\" content=\"summary_large_image\" \/>\n<meta name=\"twitter:title\" content=\"IDC Koh Tao | MSDT PADI Tieftauchen Spezialist Instructor Kurs\" \/>\n<meta name=\"twitter:description\" content=\"Der PADI Tieftauchen Spezialist Instructor Kurs auf Koh Tao zertifiziert dich als Tieftauch-Tauchlehrer, um Tauchsch\u00fclern beizubringen, sicher bis auf 40 Meter zu tauchen\" \/>\n<meta name=\"twitter:site\" content=\"@GoProIDCKohTao\" \/>\n<!-- \/ Yoast SEO Premium plugin. -->","yoast_head_json":{"title":"IDC Koh Tao | MSDT PADI Tieftauchen Spezialist Instructor Kurs","description":"Der PADI Tieftauchen Spezialist Instructor Kurs auf Koh Tao zertifiziert dich als Tieftauch-Tauchlehrer, um Tauchsch\u00fclern beizubringen, sicher bis auf 40 Meter zu tauchen","robots":{"index":"index","follow":"follow","max-snippet":"max-snippet:-1","max-image-preview":"max-image-preview:large","max-video-preview":"max-video-preview:-1"},"canonical":"https:\/\/idckohtao.com\/de\/pro-level-courses\/deep-instructor-specialty\/","og_locale":"de_DE","og_type":"article","og_title":"IDC Koh Tao | MSDT PADI Tieftauchen Spezialist Instructor Kurs","og_description":"Der PADI Tieftauchen Spezialist Instructor Kurs auf Koh Tao zertifiziert dich als Tieftauch-Tauchlehrer, um Tauchsch\u00fclern beizubringen, sicher bis auf 40 Meter zu tauchen","og_url":"https:\/\/idckohtao.com\/de\/pro-level-courses\/deep-instructor-specialty\/","og_site_name":"IDC Koh Tao","article_publisher":"https:\/\/www.facebook.com\/GoProIDCKohTao","article_modified_time":"2026-01-01T07:02:45+00:00","og_image":[{"width":1200,"height":900,"url":"https:\/\/idckohtao.com\/wp-content\/uploads\/2023\/09\/idckohtao.com-pro-level-deep-specialty-course-in-thailand.jpeg","type":"image\/jpeg"}],"twitter_card":"summary_large_image","twitter_title":"IDC Koh Tao | MSDT PADI Tieftauchen Spezialist Instructor Kurs","twitter_description":"Der PADI Tieftauchen Spezialist Instructor Kurs auf Koh Tao zertifiziert dich als Tieftauch-Tauchlehrer, um Tauchsch\u00fclern beizubringen, sicher bis auf 40 Meter zu tauchen","twitter_site":"@GoProIDCKohTao","schema":{"@context":"https:\/\/schema.org","@graph":[{"@type":"NewsArticle","@id":"https:\/\/idckohtao.com\/de\/pro-level-courses\/deep-instructor-specialty\/#article","isPartOf":{"@id":"https:\/\/idckohtao.com\/de\/pro-level-courses\/deep-instructor-specialty\/"},"author":{"name":"ojasya","@id":"https:\/\/idckohtao.com\/de\/#\/schema\/person\/d08d557cbfdbc171f824052dae697b02"},"headline":"Tieftauch Spezialist Instructorkurs","datePublished":"2023-08-10T08:08:24+00:00","dateModified":"2026-01-01T07:02:45+00:00","mainEntityOfPage":{"@id":"https:\/\/idckohtao.com\/de\/pro-level-courses\/deep-instructor-specialty\/"},"wordCount":464,"publisher":{"@id":"https:\/\/idckohtao.com\/de\/#organization"},"image":{"@id":"https:\/\/idckohtao.com\/de\/pro-level-courses\/deep-instructor-specialty\/#primaryimage"},"thumbnailUrl":"https:\/\/idckohtao.com\/wp-content\/uploads\/2023\/09\/idckohtao.com-pro-level-deep-specialty-course-in-thailand.jpeg","inLanguage":"de"},{"@type":"WebPage","@id":"https:\/\/idckohtao.com\/de\/pro-level-courses\/deep-instructor-specialty\/","url":"https:\/\/idckohtao.com\/de\/pro-level-courses\/deep-instructor-specialty\/","name":"IDC Koh Tao | MSDT PADI Tieftauchen Spezialist Instructor Kurs","isPartOf":{"@id":"https:\/\/idckohtao.com\/de\/#website"},"primaryImageOfPage":{"@id":"https:\/\/idckohtao.com\/de\/pro-level-courses\/deep-instructor-specialty\/#primaryimage"},"image":{"@id":"https:\/\/idckohtao.com\/de\/pro-level-courses\/deep-instructor-specialty\/#primaryimage"},"thumbnailUrl":"https:\/\/idckohtao.com\/wp-content\/uploads\/2023\/09\/idckohtao.com-pro-level-deep-specialty-course-in-thailand.jpeg","datePublished":"2023-08-10T08:08:24+00:00","dateModified":"2026-01-01T07:02:45+00:00","description":"Der PADI Tieftauchen Spezialist Instructor Kurs auf Koh Tao zertifiziert dich als Tieftauch-Tauchlehrer, um Tauchsch\u00fclern beizubringen, sicher bis auf 40 Meter zu tauchen","breadcrumb":{"@id":"https:\/\/idckohtao.com\/de\/pro-level-courses\/deep-instructor-specialty\/#breadcrumb"},"inLanguage":"de","potentialAction":[{"@type":"ReadAction","target":["https:\/\/idckohtao.com\/de\/pro-level-courses\/deep-instructor-specialty\/"]}]},{"@type":"ImageObject","inLanguage":"de","@id":"https:\/\/idckohtao.com\/de\/pro-level-courses\/deep-instructor-specialty\/#primaryimage","url":"https:\/\/idckohtao.com\/wp-content\/uploads\/2023\/09\/idckohtao.com-pro-level-deep-specialty-course-in-thailand.jpeg","contentUrl":"https:\/\/idckohtao.com\/wp-content\/uploads\/2023\/09\/idckohtao.com-pro-level-deep-specialty-course-in-thailand.jpeg","width":1200,"height":900,"caption":"DCIM100GOPROGOPR4621.JPG"},{"@type":"BreadcrumbList","@id":"https:\/\/idckohtao.com\/de\/pro-level-courses\/deep-instructor-specialty\/#breadcrumb","itemListElement":[{"@type":"ListItem","position":1,"name":"Home","item":"https:\/\/idckohtao.com\/de\/"},{"@type":"ListItem","position":2,"name":"Pro level","item":"https:\/\/idckohtao.com\/de\/pro-level-courses\/"},{"@type":"ListItem","position":3,"name":"Tieftauch Spezialist Instructorkurs"}]},{"@type":"WebSite","@id":"https:\/\/idckohtao.com\/de\/#website","url":"https:\/\/idckohtao.com\/de\/","name":"IDC Koh Tao","description":"PADI IDC 5 Star Diving Center in Koh Tao - Thailand","publisher":{"@id":"https:\/\/idckohtao.com\/de\/#organization"},"alternateName":"IDC Koh Tao in Thailand","potentialAction":[{"@type":"SearchAction","target":{"@type":"EntryPoint","urlTemplate":"https:\/\/idckohtao.com\/de\/?s={search_term_string}"},"query-input":{"@type":"PropertyValueSpecification","valueRequired":true,"valueName":"search_term_string"}}],"inLanguage":"de"},{"@type":"Organization","@id":"https:\/\/idckohtao.com\/de\/#organization","name":"IDC Koh Tao","alternateName":"IDC Koh Tao | Divemaster & Diving Instructor","url":"https:\/\/idckohtao.com\/de\/","logo":{"@type":"ImageObject","inLanguage":"de","@id":"https:\/\/idckohtao.com\/de\/#\/schema\/logo\/image\/","url":"https:\/\/idckohtao.com\/wp-content\/uploads\/2023\/09\/idckohtao.com-padi-diving-center-in-koh-tao-thailand.png","contentUrl":"https:\/\/idckohtao.com\/wp-content\/uploads\/2023\/09\/idckohtao.com-padi-diving-center-in-koh-tao-thailand.png","width":400,"height":300,"caption":"IDC Koh Tao"},"image":{"@id":"https:\/\/idckohtao.com\/de\/#\/schema\/logo\/image\/"},"sameAs":["https:\/\/www.facebook.com\/GoProIDCKohTao","https:\/\/x.com\/GoProIDCKohTao","https:\/\/www.youtube.com\/idckohtao","https:\/\/www.instagram.com\/idc.kohtao\/"],"description":"IDC Koh Tao is a part of the Black Turtle Dive pro level training team with three PADI Course Directors being led by Award Winning PADI Course Director Matt Bolton. Our full range of pro and recreational PADI Diving Courses provides aspiring scuba divers with education, fun, excitement, adventure, and a change of lifestyle or an opportunity to pursue a new career.","email":"info@idckohtao.com","legalName":"IDC Koh Tao","foundingDate":"2004-01-04","numberOfEmployees":{"@type":"QuantitativeValue","minValue":"1","maxValue":"10"},"correctionsPolicy":"https:\/\/idckohtao.com\/privacy-policy\/","ethicsPolicy":"https:\/\/idckohtao.com\/terms\/"},{"@type":"Person","@id":"https:\/\/idckohtao.com\/de\/#\/schema\/person\/d08d557cbfdbc171f824052dae697b02","name":"ojasya","image":{"@type":"ImageObject","inLanguage":"de","@id":"https:\/\/secure.gravatar.com\/avatar\/6fb34e36d09053a6545fc21d344613321bb1933f185132488f38052166f5a001?s=96&d=mm&r=g","url":"https:\/\/secure.gravatar.com\/avatar\/6fb34e36d09053a6545fc21d344613321bb1933f185132488f38052166f5a001?s=96&d=mm&r=g","contentUrl":"https:\/\/secure.gravatar.com\/avatar\/6fb34e36d09053a6545fc21d344613321bb1933f185132488f38052166f5a001?s=96&d=mm&r=g","caption":"ojasya"},"sameAs":["https:\/\/idckohtao.com"],"url":"https:\/\/idckohtao.com\/de\/blog\/author\/ojasya\/"}]}},"_links":{"self":[{"href":"https:\/\/idckohtao.com\/de\/wp-json\/wp\/v2\/pages\/1817","targetHints":{"allow":["GET"]}}],"collection":[{"href":"https:\/\/idckohtao.com\/de\/wp-json\/wp\/v2\/pages"}],"about":[{"href":"https:\/\/idckohtao.com\/de\/wp-json\/wp\/v2\/types\/page"}],"author":[{"embeddable":true,"href":"https:\/\/idckohtao.com\/de\/wp-json\/wp\/v2\/users\/1"}],"replies":[{"embeddable":true,"href":"https:\/\/idckohtao.com\/de\/wp-json\/wp\/v2\/comments?post=1817"}],"version-history":[{"count":2,"href":"https:\/\/idckohtao.com\/de\/wp-json\/wp\/v2\/pages\/1817\/revisions"}],"predecessor-version":[{"id":7540,"href":"https:\/\/idckohtao.com\/de\/wp-json\/wp\/v2\/pages\/1817\/revisions\/7540"}],"up":[{"embeddable":true,"href":"https:\/\/idckohtao.com\/de\/wp-json\/wp\/v2\/pages\/7935"}],"wp:featuredmedia":[{"embeddable":true,"href":"https:\/\/idckohtao.com\/de\/wp-json\/wp\/v2\/media\/4787"}],"wp:attachment":[{"href":"https:\/\/idckohtao.com\/de\/wp-json\/wp\/v2\/media?parent=1817"}],"curies":[{"name":"wp","href":"https:\/\/api.w.org\/{rel}","templated":true}]}}