{"id":1821,"date":"2023-08-10T11:29:48","date_gmt":"2023-08-10T11:29:48","guid":{"rendered":"https:\/\/idckohtao.com\/about-idc\/"},"modified":"2023-09-16T22:09:32","modified_gmt":"2023-09-16T22:09:32","slug":"about-idc","status":"publish","type":"page","link":"https:\/\/idckohtao.com\/de\/about-idc\/","title":{"rendered":"ABOUT IDC"},"content":{"rendered":"<h2>Komplette Palette der PADI Tauchkurse<\/h2>\n<h3>Einrichtungen von Weltklasse<\/h3>\n<p>IDC Koh Tao ist Teil des\u00a0<a href=\"https:\/\/www.blackturtledive.com\/padi-diving-courses\/\" target=\"_blank\" rel=\"noopener noreferrer\">Black Turtle Dive Tauchzentrums<\/a>\u00a0und befindet sich am Strand n\u00f6rdlich des Hauptpiers in Koh Tao.<\/p>\n<p>Mit zwei hoteleigenen Restaurants, einem eigenen Bungalow und einer Superior-Unterkunft mit Blick auf den Strand und Klimaanlage k\u00f6nnen unsere Kunden entspannen. In der Zeit, in der du nicht tauchst, kannst du atemberaubenden\u00a0<a href=\"https:\/\/idckohtao.com\/de\/why-choose-koh-tao\/\">Sonnenuntergang auf Koh Tao<\/a>\u00a0genie\u00dfen, w\u00e4hrend du eine Erfrischung genie\u00dft.<\/p>\n<p>IDC Koh Tao ist eine der etabliertesten und professionellsten Tauchschulen auf Koh Tao und h\u00e4lt den Titel als PADI 5 Sterne Career Development Centre (CDC).<\/p>\n<p>Du kannst deine Tauchausbildung auf dem bestm\u00f6glichen Weg beginnen, indem du deine Theorie in dem Komfort unserer Klassenzimmer mit Air-Condition und kostenlosem High-Speed-Internet absolvierst.<\/p>\n<p>F\u00fchl dich wie zuhause in unserem eigens reservierten Klassenzimmer f\u00fcr dein komplettes PADI-Training auf Tauchlehrer-Stufe. Nicht zu vergessen: \u2026 das beste Caf\u00e9 auf Koh Tao liefert hierhin!<\/p>\n<p>Wenn es um die Arbeit im Wasser geht, bieten wir reichlich Gelgenheit, in einem unserer drei Ausbildungs-Pools zu \u00fcben. Die Arbeit im Pool wird dir helfen, die fundamentalen Fertigkeiten zu entwickeln, die du als professioneller Taucher ben\u00f6tigst.<\/p>\n<p>Wie es hei\u00dft: \u201c\u00dcbung macht den Meister\u201d \u2013 und welch besseren Weg f\u00fcr deine Tauchausbildung k\u00f6nnte es geben als das Training in Koh Taos speziell angefertigtem gr\u00f6\u00dften und modernsten Pool.<\/p>\n<p>F\u00fcr deine Freiwasserausbildung wirst du froh sein zu wissen, da\u00df IDC Koh Tao direkt an unserem eigenen Pier liegt. Ein kurzer Lauf am Strand entlang, um auf eines unserer drei Tauchboote zu gehen.<\/p>\n<p>Mehrere speziell gefertigte Boote zu besitzen erlaubt uns, die besten Tauchpl\u00e4tze zu w\u00e4hlen, die den Anforderungen unserer Tauchsch\u00fcler und Fundiver entsprechend ihrer Ausbildungsstufe entsprechen.<\/p>\n<p>Sobald du an Bord bist, wirst du sehen, da\u00df Sicherheit eine gro\u00dfe Priorit\u00e4t auf jedem von IDC Koh Tao Booten genie\u00dft. Notfallausr\u00fcstung und -sauerstoff werden t\u00e4glich \u00fcberpr\u00fcft und unsere Mitarbeiter wachen dar\u00fcber, wenn und wann Taucher einsteigen und das Wasser verlassen. Jeder Tauchsch\u00fcler und Tauchlehrer wird pers\u00f6nlich wieder eingecheckt von unserem \u201cSurface Cover\u201d-Team.<\/p>\n<p>Wir haben dich ebenso abgedeckt f\u00fcr Ausr\u00fcstung, falls du noch nicht dein eigenes Set haben solltest. Du hast kompletten Zugriff auf IDC Koh Tao Dive Equipment. Wir sind stolz, unsere Ausr\u00fcstung nach den h\u00f6chsten Standards zu warten. Wenn du danach strebst, deine eigene Ausr\u00fcstung zu erwerben, kannst du dies in unserem hauseigenen Shop arrangieren, wo du einen Rabatt von 20 % erh\u00e4lst.<\/p>\n<h3>Eine belebte Tauchschule<\/h3>\n<p>Der beste Weg, in der professionellen Welt des Ger\u00e4tetauchens zu lernen und voranzukommen, ist eine praxisorientierte Ausbildung. Da IDC Koh Tao die ganze Palette von PADI Tauchkursen anbietet, wirst du eine Reihe von M\u00f6glichkeiten haben, an einer Vielzahl von Ausbildungen teilzunehmen.<\/p>\n<p>Ob Discover Scuba Diving oder Pro-Level-Kurse, es gibt nichts, was Crystal Dive nicht anbietet. Zus\u00e4tzlich bieten wir die komplette Palette von Freediving-Kursen und technischem Tauchen.<\/p>\n<p>Da Kunden aus der ganzen Welt zu uns kommen, haben wir eine Gruppe von multilingualen Tauchlehrern. Dies erlaubt dir, in deiner eigenen Sprache wie auch in Englisch zu unterrichten und Briefings zu geben. Die F\u00e4higkeit mit verschiedenen Sprachen in der Industrie zu arbeiten ist ein gro\u00dfes Plus und eine Entwicklung, mit der wir gerne helfen.<\/p>\n<p>Wenn du dich f\u00fcr eines unserer PADI Instructor \u201c<a href=\"https:\/\/idckohtao.com\/de\/scuba-diving-internships\/\">Scuba Diving Internships<\/a>\u201d oder \u201c<a href=\"https:\/\/idckohtao.com\/de\/lifestyle-packages\/\">Lifestyle Packages<\/a>\u201d anmeldest, wirst du an der Seite erfahrener Tauchlehrer unterrichten, welche dich als Mentor begleiten und unterst\u00fctzen. Dies wird dich durch das komplette Spektrum der PADI Kurse f\u00fchren und dir die Sicherheit geben, deinen eigenen Weg zu gehen und als Profi in der Industrie voranzukommen.<\/p>\n<p><img decoding=\"async\" class=\"alignnone wp-image-894 size-large\" src=\"https:\/\/idckohtao.com\/wp-content\/uploads\/2023\/08\/idckohtao.com-thailand-crystal-dive-koh-tao-diving-courses-1-1024x581.jpg\" alt=\"idckohtao.com-thailand-crystal-dive-koh-tao-diving-courses\" width=\"1024\" height=\"581\" srcset=\"https:\/\/idckohtao.com\/wp-content\/uploads\/2023\/08\/idckohtao.com-thailand-crystal-dive-koh-tao-diving-courses-1-1024x581.jpg 1024w, https:\/\/idckohtao.com\/wp-content\/uploads\/2023\/08\/idckohtao.com-thailand-crystal-dive-koh-tao-diving-courses-1-300x170.jpg 300w, https:\/\/idckohtao.com\/wp-content\/uploads\/2023\/08\/idckohtao.com-thailand-crystal-dive-koh-tao-diving-courses-1-768x436.jpg 768w, https:\/\/idckohtao.com\/wp-content\/uploads\/2023\/08\/idckohtao.com-thailand-crystal-dive-koh-tao-diving-courses-1.jpg 1255w\" sizes=\"(max-width: 1024px) 100vw, 1024px\" \/><\/p>\n<h3>Preisgekr\u00f6nte Mitarbeiter<\/h3>\n<p>Unter der Leitung vom 14-maligen PADI Platinum Course\u00a0<a href=\"https:\/\/idckohtao.com\/de\/padi-course-director-matt-bolton\/\">Director Matt Bolton hast du einen<\/a>\u00a0Schatz an Erfahrung und Wissen zur Hand.<\/p>\n<p>Dies ist speziell wichtig, falls du einen Karrierewechsel anstrebst, da Matt in der Industrie seit 1999 arbeitet und ein enormes Wissen und Erfahrung in der F\u00fchrung aufstrebender Kandidaten \u00fcber die Jahre aufgebaut hat.<\/p>\n<p>An der Seite von Matt Bolton arbeiten eine Reihe von preisgekr\u00f6nten Senior PADI Instructors, die darauf warten, ihr Wissen, ihre Erfahrung und Kenntnisse mit dir zu teilen.<\/p>\n<h3>Wegf\u00fchrend im Meeres-Naturschutz<\/h3>\n<p>Falls dich Meeres-Naturschutzprojekte interessieren und du dich hier engagieren willst, bietet dir unser hauseigenes Naturschutzteam Eco Koh Tao eine gro\u00dfe Palette von Eco Kursen und Internships.<\/p>\n<p>Wir bauen und warten eines von Koh Taos popul\u00e4rsten k\u00fcnstlichen Riffen, was hilft, die Gew\u00e4sser und das Unterwasserleben rund um Koh Tao zu bewahren und bieten ebenso eine Vielzahl von Unterwasser Naturschutz Kursen und Programmen.<\/p>\n<p>Wir bauen eine der proaktivsten Umweltschutzorganisationen in S\u00fcdostasien und betreibt t\u00e4gliche und w\u00f6chentliche \u00f6kobasierte Initiativen.<\/p>\n<h3>Eine paradiesische Lage<\/h3>\n<p>Gelegen direkt am Strand auf der\u00a0<a href=\"https:\/\/en.wikipedia.org\/wiki\/Ko_Tao\" target=\"_blank\" rel=\"noopener\">Westseite des tropischen Koh Tao<\/a>\u00a0ist IDC Koh Tao der perfekte Platz f\u00fcr die Ausbildung sowohl zum Sporttaucher als auch zum Profi.<\/p>\n<p>Mit einem Restaurant und einer Bar am Strand gibt es eine spassige und pers\u00f6nliche Atmosph\u00e4re rund um das Tauchcenter. Es gibt keinen besseren Platz, sich zur\u00fcckzulehnen, zu entspannen und den Sonnenuntergang nach einem Tauchtag zu genie\u00dfen.<\/p>\n","protected":false},"excerpt":{"rendered":"<p>Komplette Palette der PADI Tauchkurse Einrichtungen von Weltklasse IDC Koh Tao ist Teil des\u00a0Black Turtle Dive Tauchzentrums\u00a0und befindet sich am Strand n\u00f6rdlich des Hauptpiers in Koh Tao. Mit zwei hoteleigenen Restaurants, einem eigenen Bungalow und einer Superior-Unterkunft mit Blick auf den Strand und Klimaanlage k\u00f6nnen unsere Kunden entspannen. In der Zeit, in der du nicht [&hellip;]<\/p>\n","protected":false},"author":1,"featured_media":5185,"parent":0,"menu_order":0,"comment_status":"closed","ping_status":"closed","template":"","meta":{"_acf_changed":false,"footnotes":""},"class_list":["post-1821","page","type-page","status-publish","has-post-thumbnail","hentry"],"acf":[],"yoast_head":"<!-- This site is optimized with the Yoast SEO Premium plugin v27.5 (Yoast SEO v27.5) - https:\/\/yoast.com\/product\/yoast-seo-premium-wordpress\/ -->\n<title>IDC Koh Tao | PADI Tauchkurse Einrichtungen von Weltklasse<\/title>\n<meta name=\"description\" content=\"IDC Koh Tao einem PADI Career Development Center und 5-Sterne preisgekr\u00f6nten Tauchcenter auf Koh Tao. Bringe deine Profi-Tauchfertigkeiten auf die n\u00e4chste Stufe und beginne als Tauchprofi im sch\u00f6nen Koh Tao zu arbeiten.\" \/>\n<meta name=\"robots\" content=\"index, follow, max-snippet:-1, max-image-preview:large, max-video-preview:-1\" \/>\n<link rel=\"canonical\" href=\"https:\/\/idckohtao.com\/de\/about-idc\/\" \/>\n<meta property=\"og:locale\" content=\"de_DE\" \/>\n<meta property=\"og:type\" content=\"article\" \/>\n<meta property=\"og:title\" content=\"IDC Koh Tao | PADI Tauchkurse Einrichtungen von Weltklasse\" \/>\n<meta property=\"og:description\" content=\"IDC Koh Tao einem PADI Career Development Center und 5-Sterne preisgekr\u00f6nten Tauchcenter auf Koh Tao. Bringe deine Profi-Tauchfertigkeiten auf die n\u00e4chste Stufe und beginne als Tauchprofi im sch\u00f6nen Koh Tao zu arbeiten.\" \/>\n<meta property=\"og:url\" content=\"https:\/\/idckohtao.com\/de\/about-idc\/\" \/>\n<meta property=\"og:site_name\" content=\"IDC Koh Tao\" \/>\n<meta property=\"article:publisher\" content=\"https:\/\/www.facebook.com\/GoProIDCKohTao\" \/>\n<meta property=\"article:modified_time\" content=\"2023-09-16T22:09:32+00:00\" \/>\n<meta property=\"og:image\" content=\"https:\/\/idckohtao.com\/wp-content\/uploads\/2023\/08\/crystaldive.com-koh-tao-koh-nangyuan-island-dive-sites-1-1024x458.png\" \/>\n\t<meta property=\"og:image:width\" content=\"1024\" \/>\n\t<meta property=\"og:image:height\" content=\"458\" \/>\n\t<meta property=\"og:image:type\" content=\"image\/png\" \/>\n<meta name=\"twitter:card\" content=\"summary_large_image\" \/>\n<meta name=\"twitter:title\" content=\"IDC Koh Tao | PADI Tauchkurse Einrichtungen von Weltklasse\" \/>\n<meta name=\"twitter:description\" content=\"IDC Koh Tao einem PADI Career Development Center und 5-Sterne preisgekr\u00f6nten Tauchcenter auf Koh Tao. Bringe deine Profi-Tauchfertigkeiten auf die n\u00e4chste Stufe und beginne als Tauchprofi im sch\u00f6nen Koh Tao zu arbeiten.\" \/>\n<meta name=\"twitter:image\" content=\"https:\/\/idckohtao.com\/wp-content\/uploads\/2023\/08\/crystaldive.com-koh-tao-koh-nangyuan-island-dive-sites-1.png\" \/>\n<meta name=\"twitter:site\" content=\"@GoProIDCKohTao\" \/>\n<!-- \/ Yoast SEO Premium plugin. -->","yoast_head_json":{"title":"IDC Koh Tao | PADI Tauchkurse Einrichtungen von Weltklasse","description":"IDC Koh Tao einem PADI Career Development Center und 5-Sterne preisgekr\u00f6nten Tauchcenter auf Koh Tao. Bringe deine Profi-Tauchfertigkeiten auf die n\u00e4chste Stufe und beginne als Tauchprofi im sch\u00f6nen Koh Tao zu arbeiten.","robots":{"index":"index","follow":"follow","max-snippet":"max-snippet:-1","max-image-preview":"max-image-preview:large","max-video-preview":"max-video-preview:-1"},"canonical":"https:\/\/idckohtao.com\/de\/about-idc\/","og_locale":"de_DE","og_type":"article","og_title":"IDC Koh Tao | PADI Tauchkurse Einrichtungen von Weltklasse","og_description":"IDC Koh Tao einem PADI Career Development Center und 5-Sterne preisgekr\u00f6nten Tauchcenter auf Koh Tao. Bringe deine Profi-Tauchfertigkeiten auf die n\u00e4chste Stufe und beginne als Tauchprofi im sch\u00f6nen Koh Tao zu arbeiten.","og_url":"https:\/\/idckohtao.com\/de\/about-idc\/","og_site_name":"IDC Koh Tao","article_publisher":"https:\/\/www.facebook.com\/GoProIDCKohTao","article_modified_time":"2023-09-16T22:09:32+00:00","og_image":[{"width":1024,"height":458,"url":"https:\/\/idckohtao.com\/wp-content\/uploads\/2023\/08\/crystaldive.com-koh-tao-koh-nangyuan-island-dive-sites-1-1024x458.png","type":"image\/png"}],"twitter_card":"summary_large_image","twitter_title":"IDC Koh Tao | PADI Tauchkurse Einrichtungen von Weltklasse","twitter_description":"IDC Koh Tao einem PADI Career Development Center und 5-Sterne preisgekr\u00f6nten Tauchcenter auf Koh Tao. Bringe deine Profi-Tauchfertigkeiten auf die n\u00e4chste Stufe und beginne als Tauchprofi im sch\u00f6nen Koh Tao zu arbeiten.","twitter_image":"https:\/\/idckohtao.com\/wp-content\/uploads\/2023\/08\/crystaldive.com-koh-tao-koh-nangyuan-island-dive-sites-1.png","twitter_site":"@GoProIDCKohTao","schema":{"@context":"https:\/\/schema.org","@graph":[{"@type":"NewsArticle","@id":"https:\/\/idckohtao.com\/de\/about-idc\/#article","isPartOf":{"@id":"https:\/\/idckohtao.com\/de\/about-idc\/"},"author":{"name":"ojasya","@id":"https:\/\/idckohtao.com\/de\/#\/schema\/person\/d08d557cbfdbc171f824052dae697b02"},"headline":"ABOUT IDC","datePublished":"2023-08-10T11:29:48+00:00","dateModified":"2023-09-16T22:09:32+00:00","mainEntityOfPage":{"@id":"https:\/\/idckohtao.com\/de\/about-idc\/"},"wordCount":851,"publisher":{"@id":"https:\/\/idckohtao.com\/de\/#organization"},"image":{"@id":"https:\/\/idckohtao.com\/de\/about-idc\/#primaryimage"},"thumbnailUrl":"https:\/\/idckohtao.com\/wp-content\/uploads\/2023\/09\/idckohtao.com-best-scuba-diving-boat-in-thailand.jpg","inLanguage":"de"},{"@type":"WebPage","@id":"https:\/\/idckohtao.com\/de\/about-idc\/","url":"https:\/\/idckohtao.com\/de\/about-idc\/","name":"IDC Koh Tao | PADI Tauchkurse Einrichtungen von Weltklasse","isPartOf":{"@id":"https:\/\/idckohtao.com\/de\/#website"},"primaryImageOfPage":{"@id":"https:\/\/idckohtao.com\/de\/about-idc\/#primaryimage"},"image":{"@id":"https:\/\/idckohtao.com\/de\/about-idc\/#primaryimage"},"thumbnailUrl":"https:\/\/idckohtao.com\/wp-content\/uploads\/2023\/09\/idckohtao.com-best-scuba-diving-boat-in-thailand.jpg","datePublished":"2023-08-10T11:29:48+00:00","dateModified":"2023-09-16T22:09:32+00:00","description":"IDC Koh Tao einem PADI Career Development Center und 5-Sterne preisgekr\u00f6nten Tauchcenter auf Koh Tao. Bringe deine Profi-Tauchfertigkeiten auf die n\u00e4chste Stufe und beginne als Tauchprofi im sch\u00f6nen Koh Tao zu arbeiten.","breadcrumb":{"@id":"https:\/\/idckohtao.com\/de\/about-idc\/#breadcrumb"},"inLanguage":"de","potentialAction":[{"@type":"ReadAction","target":["https:\/\/idckohtao.com\/de\/about-idc\/"]}]},{"@type":"ImageObject","inLanguage":"de","@id":"https:\/\/idckohtao.com\/de\/about-idc\/#primaryimage","url":"https:\/\/idckohtao.com\/wp-content\/uploads\/2023\/09\/idckohtao.com-best-scuba-diving-boat-in-thailand.jpg","contentUrl":"https:\/\/idckohtao.com\/wp-content\/uploads\/2023\/09\/idckohtao.com-best-scuba-diving-boat-in-thailand.jpg","width":1200,"height":867,"caption":"Best Scuba Diving Boat in Thailand"},{"@type":"BreadcrumbList","@id":"https:\/\/idckohtao.com\/de\/about-idc\/#breadcrumb","itemListElement":[{"@type":"ListItem","position":1,"name":"Home","item":"https:\/\/idckohtao.com\/de\/"},{"@type":"ListItem","position":2,"name":"ABOUT IDC"}]},{"@type":"WebSite","@id":"https:\/\/idckohtao.com\/de\/#website","url":"https:\/\/idckohtao.com\/de\/","name":"IDC Koh Tao","description":"PADI IDC 5 Star Diving Center in Koh Tao - Thailand","publisher":{"@id":"https:\/\/idckohtao.com\/de\/#organization"},"alternateName":"IDC Koh Tao in Thailand","potentialAction":[{"@type":"SearchAction","target":{"@type":"EntryPoint","urlTemplate":"https:\/\/idckohtao.com\/de\/?s={search_term_string}"},"query-input":{"@type":"PropertyValueSpecification","valueRequired":true,"valueName":"search_term_string"}}],"inLanguage":"de"},{"@type":"Organization","@id":"https:\/\/idckohtao.com\/de\/#organization","name":"IDC Koh Tao","alternateName":"IDC Koh Tao | Divemaster & Diving Instructor","url":"https:\/\/idckohtao.com\/de\/","logo":{"@type":"ImageObject","inLanguage":"de","@id":"https:\/\/idckohtao.com\/de\/#\/schema\/logo\/image\/","url":"https:\/\/idckohtao.com\/wp-content\/uploads\/2023\/09\/idckohtao.com-padi-diving-center-in-koh-tao-thailand.png","contentUrl":"https:\/\/idckohtao.com\/wp-content\/uploads\/2023\/09\/idckohtao.com-padi-diving-center-in-koh-tao-thailand.png","width":400,"height":300,"caption":"IDC Koh Tao"},"image":{"@id":"https:\/\/idckohtao.com\/de\/#\/schema\/logo\/image\/"},"sameAs":["https:\/\/www.facebook.com\/GoProIDCKohTao","https:\/\/x.com\/GoProIDCKohTao","https:\/\/www.youtube.com\/idckohtao","https:\/\/www.instagram.com\/idc.kohtao\/"],"description":"IDC Koh Tao is a part of the Black Turtle Dive pro level training team with three PADI Course Directors being led by Award Winning PADI Course Director Matt Bolton. Our full range of pro and recreational PADI Diving Courses provides aspiring scuba divers with education, fun, excitement, adventure, and a change of lifestyle or an opportunity to pursue a new career.","email":"info@idckohtao.com","legalName":"IDC Koh Tao","foundingDate":"2004-01-04","numberOfEmployees":{"@type":"QuantitativeValue","minValue":"1","maxValue":"10"},"correctionsPolicy":"https:\/\/idckohtao.com\/privacy-policy\/","ethicsPolicy":"https:\/\/idckohtao.com\/terms\/"},{"@type":"Person","@id":"https:\/\/idckohtao.com\/de\/#\/schema\/person\/d08d557cbfdbc171f824052dae697b02","name":"ojasya","image":{"@type":"ImageObject","inLanguage":"de","@id":"https:\/\/secure.gravatar.com\/avatar\/6fb34e36d09053a6545fc21d344613321bb1933f185132488f38052166f5a001?s=96&d=mm&r=g","url":"https:\/\/secure.gravatar.com\/avatar\/6fb34e36d09053a6545fc21d344613321bb1933f185132488f38052166f5a001?s=96&d=mm&r=g","contentUrl":"https:\/\/secure.gravatar.com\/avatar\/6fb34e36d09053a6545fc21d344613321bb1933f185132488f38052166f5a001?s=96&d=mm&r=g","caption":"ojasya"},"sameAs":["https:\/\/idckohtao.com"],"url":"https:\/\/idckohtao.com\/de\/blog\/author\/ojasya\/"}]}},"_links":{"self":[{"href":"https:\/\/idckohtao.com\/de\/wp-json\/wp\/v2\/pages\/1821","targetHints":{"allow":["GET"]}}],"collection":[{"href":"https:\/\/idckohtao.com\/de\/wp-json\/wp\/v2\/pages"}],"about":[{"href":"https:\/\/idckohtao.com\/de\/wp-json\/wp\/v2\/types\/page"}],"author":[{"embeddable":true,"href":"https:\/\/idckohtao.com\/de\/wp-json\/wp\/v2\/users\/1"}],"replies":[{"embeddable":true,"href":"https:\/\/idckohtao.com\/de\/wp-json\/wp\/v2\/comments?post=1821"}],"version-history":[{"count":0,"href":"https:\/\/idckohtao.com\/de\/wp-json\/wp\/v2\/pages\/1821\/revisions"}],"wp:featuredmedia":[{"embeddable":true,"href":"https:\/\/idckohtao.com\/de\/wp-json\/wp\/v2\/media\/5185"}],"wp:attachment":[{"href":"https:\/\/idckohtao.com\/de\/wp-json\/wp\/v2\/media?parent=1821"}],"curies":[{"name":"wp","href":"https:\/\/api.w.org\/{rel}","templated":true}]}}