{"id":1832,"date":"2023-08-14T09:14:05","date_gmt":"2023-08-14T09:14:05","guid":{"rendered":"https:\/\/idckohtao.com\/contact\/"},"modified":"2023-12-17T06:47:30","modified_gmt":"2023-12-17T06:47:30","slug":"contact","status":"publish","type":"page","link":"https:\/\/idckohtao.com\/de\/contact\/","title":{"rendered":"Contact"},"content":{"rendered":"<div class=\"wpb-content-wrapper\"><p>[vc_row css=&#8220;.vc_custom_1692034036106{margin-top: 20px !important;}&#8220;][vc_column][vc_custom_heading text=&#8220;Danke f\u00fcr euren Besuch&#8220; use_theme_fonts=&#8220;yes&#8220;][vc_column_text]Wir freuen uns, euch mitteilen zu k\u00f6nnen, dass das IDC Koh Tao Management- und Ausbilderteam die Zusammenlegung aller Tauchausbildung Kurse abgeschlossen hat und weiterhin zusammen mit Black Turtle Dive das gesamte Spektrum der PADI-Kurse durchf\u00fchrt.<\/p>\n<p>Dies sind gro\u00dfartige Neuigkeiten f\u00fcr unsere Kunden, da unser Kernteam aus Fachleuten mit \u00fcber 50 Jahren Branchenkompetenz weiterhin hervorragende Qualit\u00e4t, exzellenten Kundenservice und einen verbesserten Lehrplan bieten wird.<\/p>\n<p>Du kannst uns gern f\u00fcr weitere Informationen \u00fcber diese aufregende Neuentwicklung kontaktieren oder\u00a0<a href=\"https:\/\/www.blackturtledive.com\/\" target=\"_blank\" rel=\"noopener noreferrer\">mehr \u00fcber Black Turtle Dive lesen<\/a>.<\/p>\n<p>Bitte gebt uns alle Informationen in den untenstehenden Feldern inklusive eure aktuelle Ausbildungsstufe und an welchen Kursen ihr bei uns interessiert seid. Dies wird uns helfen, euch die genauesten und aktuellsten Informationen zu geben. F\u00fcr spezifische Kursfragen, welche nicht auf unserer \u201cFAQ\u201d-Seite behandelt sind, schreibt uns bitte eine Email an die Adresse auf dieser Seite.[\/vc_column_text][\/vc_column][\/vc_row][vc_row][vc_column width=&#8220;1\/2&#8243; el_class=&#8220;pr-lg&#8220;]\n<div class=\"wpcf7 no-js\" id=\"wpcf7-f5378-o1\" lang=\"de-DE\" dir=\"ltr\" data-wpcf7-id=\"5378\">\n<div class=\"screen-reader-response\"><p role=\"status\" aria-live=\"polite\" aria-atomic=\"true\"><\/p> <ul><\/ul><\/div>\n<form action=\"\/de\/wp-json\/wp\/v2\/pages\/1832#wpcf7-f5378-o1\" method=\"post\" class=\"wpcf7-form init\" aria-label=\"Kontaktformular\" novalidate=\"novalidate\" data-status=\"init\">\n<fieldset class=\"hidden-fields-container\"><input type=\"hidden\" name=\"_wpcf7\" value=\"5378\" \/><input type=\"hidden\" name=\"_wpcf7_version\" value=\"6.1.5\" \/><input type=\"hidden\" name=\"_wpcf7_locale\" value=\"de_DE\" \/><input type=\"hidden\" name=\"_wpcf7_unit_tag\" value=\"wpcf7-f5378-o1\" \/><input type=\"hidden\" name=\"_wpcf7_container_post\" value=\"0\" \/><input type=\"hidden\" name=\"_wpcf7_posted_data_hash\" value=\"\" \/><input type=\"hidden\" name=\"_wpcf7_recaptcha_response\" value=\"\" \/>\n<\/fieldset>\n<label>Name \n<span class=\"wpcf7-form-control-wrap\" data-name=\"Name\"><input size=\"40\" maxlength=\"400\" class=\"wpcf7-form-control wpcf7-text wpcf7-validates-as-required\" aria-required=\"true\" aria-invalid=\"false\" placeholder=\"\" value=\"\" type=\"text\" name=\"Name\" \/><\/span><\/label>\n<label>Email\n<span class=\"wpcf7-form-control-wrap\" data-name=\"Email\"><input size=\"40\" maxlength=\"400\" class=\"wpcf7-form-control wpcf7-email wpcf7-validates-as-required wpcf7-text wpcf7-validates-as-email\" aria-required=\"true\" aria-invalid=\"false\" placeholder=\"\" value=\"\" type=\"email\" name=\"Email\" \/><\/span><\/label>\n<span id=\"wpcf7-69ff6f3aba562-wrapper\" class=\"wpcf7-form-control-wrap message-us-wrap\" style=\"display:none !important; visibility:hidden !important;\"><label for=\"wpcf7-69ff6f3aba562-field\" class=\"hp-message\">Bitte lasse dieses Feld leer.<\/label><input id=\"wpcf7-69ff6f3aba562-field\"  class=\"wpcf7-form-control wpcf7-text\" type=\"text\" name=\"message-us\" value=\"\" size=\"40\" tabindex=\"-1\" autocomplete=\"new-password\" \/><\/span>\n<label>Nationalit\u00e4t\n<span class=\"wpcf7-form-control-wrap\" data-name=\"Nationality\"><input size=\"40\" maxlength=\"400\" class=\"wpcf7-form-control wpcf7-text wpcf7-validates-as-required\" aria-required=\"true\" aria-invalid=\"false\" placeholder=\"\" value=\"\" type=\"text\" name=\"Nationality\" \/><\/span><\/label>\n<label>Aktuelle Tauchausbildung<\/label>\n<span class=\"wpcf7-form-control-wrap\" data-name=\"dive-level\"><select class=\"wpcf7-form-control wpcf7-select wpcf7-validates-as-required\" aria-required=\"true\" aria-invalid=\"false\" multiple=\"multiple\" name=\"dive-level[]\"><option value=\"Beginner\">Beginner<\/option><option value=\"Open Water\">Open Water<\/option><option value=\"Advanced Open Water\">Advanced Open Water<\/option><option value=\"Rescue Diver\">Rescue Diver<\/option><option value=\"Divemaster\">Divemaster<\/option><option value=\"Instructor (OWSI)\">Instructor (OWSI)<\/option><\/select><\/span>\n<label>Kurs(e)<\/label>\n<span class=\"wpcf7-form-control-wrap\" data-name=\"course-checkbox\"><span class=\"wpcf7-form-control wpcf7-checkbox\"><span class=\"wpcf7-list-item first\"><input type=\"checkbox\" name=\"course-checkbox[]\" value=\"Discover Scuba Diving\" \/><span class=\"wpcf7-list-item-label\">Discover Scuba Diving<\/span><\/span><span class=\"wpcf7-list-item\"><input type=\"checkbox\" name=\"course-checkbox[]\" value=\"Open Water Course\" \/><span class=\"wpcf7-list-item-label\">Open Water Course<\/span><\/span><span class=\"wpcf7-list-item\"><input type=\"checkbox\" name=\"course-checkbox[]\" value=\"Advanced Open Water Course\" \/><span class=\"wpcf7-list-item-label\">Advanced Open Water Course<\/span><\/span><span class=\"wpcf7-list-item\"><input type=\"checkbox\" name=\"course-checkbox[]\" value=\"Rescue Diver Course\" \/><span class=\"wpcf7-list-item-label\">Rescue Diver Course<\/span><\/span><span class=\"wpcf7-list-item\"><input type=\"checkbox\" name=\"course-checkbox[]\" value=\"EFR Course\" \/><span class=\"wpcf7-list-item-label\">EFR Course<\/span><\/span><span class=\"wpcf7-list-item\"><input type=\"checkbox\" name=\"course-checkbox[]\" value=\"Divemaster Course\" \/><span class=\"wpcf7-list-item-label\">Divemaster Course<\/span><\/span><span class=\"wpcf7-list-item\"><input type=\"checkbox\" name=\"course-checkbox[]\" value=\"Fun Diving\" \/><span class=\"wpcf7-list-item-label\">Fun Diving<\/span><\/span><span class=\"wpcf7-list-item\"><input type=\"checkbox\" name=\"course-checkbox[]\" value=\"IDC Standard\" \/><span class=\"wpcf7-list-item-label\">IDC Standard<\/span><\/span><span class=\"wpcf7-list-item\"><input type=\"checkbox\" name=\"course-checkbox[]\" value=\"IDC Deluxe\" \/><span class=\"wpcf7-list-item-label\">IDC Deluxe<\/span><\/span><span class=\"wpcf7-list-item\"><input type=\"checkbox\" name=\"course-checkbox[]\" value=\"IDC Premier\" \/><span class=\"wpcf7-list-item-label\">IDC Premier<\/span><\/span><span class=\"wpcf7-list-item\"><input type=\"checkbox\" name=\"course-checkbox[]\" value=\"IDC &quot;Full Monty&quot;\" \/><span class=\"wpcf7-list-item-label\">IDC &quot;Full Monty&quot;<\/span><\/span><span class=\"wpcf7-list-item\"><input type=\"checkbox\" name=\"course-checkbox[]\" value=\"INSTRUCTOR INTERNSHIP\" \/><span class=\"wpcf7-list-item-label\">INSTRUCTOR INTERNSHIP<\/span><\/span><span class=\"wpcf7-list-item\"><input type=\"checkbox\" name=\"course-checkbox[]\" value=\"DIVEMASTER INTERNSHIP\" \/><span class=\"wpcf7-list-item-label\">DIVEMASTER INTERNSHIP<\/span><\/span><span class=\"wpcf7-list-item\"><input type=\"checkbox\" name=\"course-checkbox[]\" value=\"Assistant Instructor\" \/><span class=\"wpcf7-list-item-label\">Assistant Instructor<\/span><\/span><span class=\"wpcf7-list-item\"><input type=\"checkbox\" name=\"course-checkbox[]\" value=\"OWSI \/ Crossover\" \/><span class=\"wpcf7-list-item-label\">OWSI \/ Crossover<\/span><\/span><span class=\"wpcf7-list-item\"><input type=\"checkbox\" name=\"course-checkbox[]\" value=\"EFRI\" \/><span class=\"wpcf7-list-item-label\">EFRI<\/span><\/span><span class=\"wpcf7-list-item\"><input type=\"checkbox\" name=\"course-checkbox[]\" value=\"MSDT Prep &amp; Internship\" \/><span class=\"wpcf7-list-item-label\">MSDT Prep &amp; Internship<\/span><\/span><span class=\"wpcf7-list-item last\"><input type=\"checkbox\" name=\"course-checkbox[]\" value=\"IDC Staff Instructor\" \/><span class=\"wpcf7-list-item-label\">IDC Staff Instructor<\/span><\/span><\/span><\/span>\n<label>Ankunftsdatum\n<span class=\"wpcf7-form-control-wrap\" data-name=\"date\"><input class=\"wpcf7-form-control wpcf7-date wpcf7-validates-as-required wpcf7-validates-as-date\" aria-required=\"true\" aria-invalid=\"false\" value=\"\" type=\"date\" name=\"date\" \/><\/span><\/label>\n<span id=\"wpcf7-69ff6f3aba96d-wrapper\" class=\"wpcf7-form-control-wrap commentbox-wrap\" style=\"display:none !important; visibility:hidden !important;\"><label for=\"wpcf7-69ff6f3aba96d-field\" class=\"hp-message\">Bitte lasse dieses Feld leer.<\/label><input id=\"wpcf7-69ff6f3aba96d-field\"  class=\"wpcf7-form-control wpcf7-text\" type=\"text\" name=\"commentbox\" value=\"\" size=\"40\" tabindex=\"-1\" autocomplete=\"new-password\" \/><\/span>\n<label>Kommentare\n<span class=\"wpcf7-form-control-wrap\" data-name=\"Comments\"><textarea cols=\"40\" rows=\"10\" maxlength=\"2000\" class=\"wpcf7-form-control wpcf7-textarea wpcf7-validates-as-required\" aria-required=\"true\" aria-invalid=\"false\" placeholder=\"\" name=\"Comments\"><\/textarea><\/span><\/label>\n<span class=\"wpcf7-form-control-wrap recaptcha\" data-name=\"recaptcha\"><span data-sitekey=\"6Lexs4YoAAAAABN7QUXXW06WLxL63bhlb4FrGphE\" class=\"wpcf7-form-control wpcf7-recaptcha g-recaptcha\"><\/span>\r\n<noscript>\r\n\t<div class=\"grecaptcha-noscript\">\r\n\t\t<iframe src=\"https:\/\/www.google.com\/recaptcha\/api\/fallback?k=6Lexs4YoAAAAABN7QUXXW06WLxL63bhlb4FrGphE\" frameborder=\"0\" scrolling=\"no\" width=\"310\" height=\"430\">\r\n\t\t<\/iframe>\r\n\t\t<textarea name=\"g-recaptcha-response\" rows=\"3\" cols=\"40\" placeholder=\"reCaptcha Response Here\">\r\n\t\t<\/textarea>\r\n\t<\/div>\r\n<\/noscript>\r\n<\/span>\n<input class=\"wpcf7-form-control wpcf7-submit has-spinner\" type=\"submit\" value=\"Senden\" \/><div class=\"wpcf7-response-output\" aria-hidden=\"true\"><\/div>\n<\/form>\n<\/div>\n[\/vc_column][vc_column width=&#8220;1\/2&#8243; el_class=&#8220;pl-lg&#8220;][vc_single_image image=&#8220;3689&#8243; img_size=&#8220;&#8220;][vc_row_inner][vc_column_inner el_class=&#8220;contact-box&#8220;][vc_custom_heading text=&#8220;Connect&#8220; font_container=&#8220;tag:h3|font_size:30px|text_align:left|color:%23d5ab06&#8243; use_theme_fonts=&#8220;yes&#8220;][vc_message message_box_color=&#8220;white&#8220; icon_fontawesome=&#8220;fas fa-phone-alt&#8220; el_class=&#8220;contact-info-box&#8220;]<a href=\"tel:+66(0)895922134\">+66(0)895922134<\/a>[\/vc_message][vc_message message_box_color=&#8220;white&#8220; icon_fontawesome=&#8220;fas fa-envelope&#8220; el_class=&#8220;contact-info-box&#8220;]<a href=\"mailto:info@idckohtao.com\">info@idckohtao.com<\/a>[\/vc_message][vc_message message_box_color=&#8220;white&#8220; icon_fontawesome=&#8220;fas fa-map-marker&#8220; el_class=&#8220;contact-info-box&#8220;]9\/94 Moo 2,<br \/>\nMae Haad,<br \/>\nKoh Tao, Surat Thani<br \/>\n84360 Thailand[\/vc_message][\/vc_column_inner][\/vc_row_inner][vc_gmaps link=&#8220;#E-8_JTNDaWZyYW1lJTIwc3JjJTNEJTIyaHR0cHMlM0ElMkYlMkZ3d3cuZ29vZ2xlLmNvbSUyRm1hcHMlMkZlbWJlZCUzRnBiJTNEJTIxMW0xOCUyMTFtMTIlMjExbTMlMjExZDIwNTUuOTcxMDYzOTA4MDg2JTIxMmQ5OS44MjMzMjI1MTUxMjc4NyUyMTNkMTAuMDg1OTc1Nzk4MDE5ODY4JTIxMm0zJTIxMWYwJTIxMmYwJTIxM2YwJTIxM20yJTIxMWkxMDI0JTIxMmk3NjglMjE0ZjEzLjElMjEzbTMlMjExbTIlMjExczB4MzA1NWExOTIxYzcxNjljNyUyNTNBMHhiMDljNDdjNTZjMTk0NjclMjEyc0lEQyUyNTIwS29oJTI1MjBUYW8lMjUyMCUyNTdDJTI1MjBEaXZlbWFzdGVyJTI1MjAlMjUyNiUyNTIwSW5zdHJ1Y3RvciUyMTVlMCUyMTNtMiUyMTFzZW4lMjEyc2luJTIxNHYxNjkyMDgwNzQ0MzA0JTIxNW0yJTIxMXNlbiUyMTJzaW4lMjIlMjB3aWR0aCUzRCUyMjYwMCUyMiUyMGhlaWdodCUzRCUyMjQ1MCUyMiUyMHN0eWxlJTNEJTIyYm9yZGVyJTNBMCUzQiUyMiUyMGFsbG93ZnVsbHNjcmVlbiUzRCUyMiUyMiUyMGxvYWRpbmclM0QlMjJsYXp5JTIyJTIwcmVmZXJyZXJwb2xpY3klM0QlMjJuby1yZWZlcnJlci13aGVuLWRvd25ncmFkZSUyMiUzRSUzQyUyRmlmcmFtZSUzRQ==&#8220;][\/vc_column][\/vc_row]<\/p>\n<\/div>","protected":false},"excerpt":{"rendered":"<p>[vc_row css=&#8220;.vc_custom_1692034036106{margin-top: 20px !important;}&#8220;][vc_column][vc_custom_heading text=&#8220;Danke f\u00fcr euren Besuch&#8220; use_theme_fonts=&#8220;yes&#8220;][vc_column_text]Wir freuen uns, euch mitteilen zu k\u00f6nnen, dass das IDC Koh Tao Management- und Ausbilderteam die Zusammenlegung aller Tauchausbildung Kurse abgeschlossen hat und weiterhin zusammen mit Black Turtle Dive das gesamte Spektrum der PADI-Kurse durchf\u00fchrt. Dies sind gro\u00dfartige Neuigkeiten f\u00fcr unsere Kunden, da unser Kernteam aus Fachleuten [&hellip;]<\/p>\n","protected":false},"author":1,"featured_media":0,"parent":0,"menu_order":0,"comment_status":"closed","ping_status":"closed","template":"page-simple.php","meta":{"_acf_changed":false,"footnotes":""},"class_list":["post-1832","page","type-page","status-publish","hentry"],"acf":[],"yoast_head":"<!-- This site is optimized with the Yoast SEO Premium plugin v27.5 (Yoast SEO v27.5) - https:\/\/yoast.com\/product\/yoast-seo-premium-wordpress\/ -->\n<title>IDC Koh Tao \u2022 Kontaktiere uns f\u00fcr Informationen zu Tauchkursen<\/title>\n<meta name=\"description\" content=\"F\u00fcr weitere Informationen zu allen IDC Koh Tao PADI Tauchkursen und Tauch-Internships, f\u00fclle bitte das Formular aus und gib uns komplette Details\" \/>\n<meta name=\"robots\" content=\"index, follow, max-snippet:-1, max-image-preview:large, max-video-preview:-1\" \/>\n<link rel=\"canonical\" href=\"https:\/\/idckohtao.com\/de\/contact\/\" \/>\n<meta property=\"og:locale\" content=\"de_DE\" \/>\n<meta property=\"og:type\" content=\"article\" \/>\n<meta property=\"og:title\" content=\"IDC Koh Tao \u2022 Kontaktiere uns f\u00fcr Informationen zu Tauchkursen\" \/>\n<meta property=\"og:description\" content=\"F\u00fcr weitere Informationen zu allen IDC Koh Tao PADI Tauchkursen und Tauch-Internships, f\u00fclle bitte das Formular aus und gib uns komplette Details\" \/>\n<meta property=\"og:url\" content=\"https:\/\/idckohtao.com\/de\/contact\/\" \/>\n<meta property=\"og:site_name\" content=\"IDC Koh Tao\" \/>\n<meta property=\"article:publisher\" content=\"https:\/\/www.facebook.com\/GoProIDCKohTao\" \/>\n<meta property=\"article:modified_time\" content=\"2023-12-17T06:47:30+00:00\" \/>\n<meta property=\"og:image\" content=\"https:\/\/idckohtao.com\/wp-content\/uploads\/2023\/09\/idckohtao.com-best-diving-instructor-courses-in-thailand.jpeg\" \/>\n\t<meta property=\"og:image:width\" content=\"1200\" \/>\n\t<meta property=\"og:image:height\" content=\"900\" \/>\n\t<meta property=\"og:image:type\" content=\"image\/jpeg\" \/>\n<meta name=\"twitter:card\" content=\"summary_large_image\" \/>\n<meta name=\"twitter:title\" content=\"IDC Koh Tao \u2022 Kontaktiere uns f\u00fcr Informationen zu Tauchkursen\" \/>\n<meta name=\"twitter:description\" content=\"F\u00fcr weitere Informationen zu allen IDC Koh Tao PADI Tauchkursen und Tauch-Internships, f\u00fclle bitte das Formular aus und gib uns komplette Details\" \/>\n<meta name=\"twitter:site\" content=\"@GoProIDCKohTao\" \/>\n<!-- \/ Yoast SEO Premium plugin. -->","yoast_head_json":{"title":"IDC Koh Tao \u2022 Kontaktiere uns f\u00fcr Informationen zu Tauchkursen","description":"F\u00fcr weitere Informationen zu allen IDC Koh Tao PADI Tauchkursen und Tauch-Internships, f\u00fclle bitte das Formular aus und gib uns komplette Details","robots":{"index":"index","follow":"follow","max-snippet":"max-snippet:-1","max-image-preview":"max-image-preview:large","max-video-preview":"max-video-preview:-1"},"canonical":"https:\/\/idckohtao.com\/de\/contact\/","og_locale":"de_DE","og_type":"article","og_title":"IDC Koh Tao \u2022 Kontaktiere uns f\u00fcr Informationen zu Tauchkursen","og_description":"F\u00fcr weitere Informationen zu allen IDC Koh Tao PADI Tauchkursen und Tauch-Internships, f\u00fclle bitte das Formular aus und gib uns komplette Details","og_url":"https:\/\/idckohtao.com\/de\/contact\/","og_site_name":"IDC Koh Tao","article_publisher":"https:\/\/www.facebook.com\/GoProIDCKohTao","article_modified_time":"2023-12-17T06:47:30+00:00","og_image":[{"width":1200,"height":900,"url":"https:\/\/idckohtao.com\/wp-content\/uploads\/2023\/09\/idckohtao.com-best-diving-instructor-courses-in-thailand.jpeg","type":"image\/jpeg"}],"twitter_card":"summary_large_image","twitter_title":"IDC Koh Tao \u2022 Kontaktiere uns f\u00fcr Informationen zu Tauchkursen","twitter_description":"F\u00fcr weitere Informationen zu allen IDC Koh Tao PADI Tauchkursen und Tauch-Internships, f\u00fclle bitte das Formular aus und gib uns komplette Details","twitter_site":"@GoProIDCKohTao","schema":{"@context":"https:\/\/schema.org","@graph":[{"@type":"NewsArticle","@id":"https:\/\/idckohtao.com\/de\/contact\/#article","isPartOf":{"@id":"https:\/\/idckohtao.com\/de\/contact\/"},"author":{"name":"ojasya","@id":"https:\/\/idckohtao.com\/de\/#\/schema\/person\/d08d557cbfdbc171f824052dae697b02"},"headline":"Contact","datePublished":"2023-08-14T09:14:05+00:00","dateModified":"2023-12-17T06:47:30+00:00","mainEntityOfPage":{"@id":"https:\/\/idckohtao.com\/de\/contact\/"},"wordCount":363,"publisher":{"@id":"https:\/\/idckohtao.com\/de\/#organization"},"inLanguage":"de"},{"@type":"WebPage","@id":"https:\/\/idckohtao.com\/de\/contact\/","url":"https:\/\/idckohtao.com\/de\/contact\/","name":"IDC Koh Tao \u2022 Kontaktiere uns f\u00fcr Informationen zu Tauchkursen","isPartOf":{"@id":"https:\/\/idckohtao.com\/de\/#website"},"datePublished":"2023-08-14T09:14:05+00:00","dateModified":"2023-12-17T06:47:30+00:00","description":"F\u00fcr weitere Informationen zu allen IDC Koh Tao PADI Tauchkursen und Tauch-Internships, f\u00fclle bitte das Formular aus und gib uns komplette Details","breadcrumb":{"@id":"https:\/\/idckohtao.com\/de\/contact\/#breadcrumb"},"inLanguage":"de","potentialAction":[{"@type":"ReadAction","target":["https:\/\/idckohtao.com\/de\/contact\/"]}]},{"@type":"BreadcrumbList","@id":"https:\/\/idckohtao.com\/de\/contact\/#breadcrumb","itemListElement":[{"@type":"ListItem","position":1,"name":"Home","item":"https:\/\/idckohtao.com\/de\/"},{"@type":"ListItem","position":2,"name":"Contact"}]},{"@type":"WebSite","@id":"https:\/\/idckohtao.com\/de\/#website","url":"https:\/\/idckohtao.com\/de\/","name":"IDC Koh Tao","description":"PADI IDC 5 Star Diving Center in Koh Tao - Thailand","publisher":{"@id":"https:\/\/idckohtao.com\/de\/#organization"},"alternateName":"IDC Koh Tao in Thailand","potentialAction":[{"@type":"SearchAction","target":{"@type":"EntryPoint","urlTemplate":"https:\/\/idckohtao.com\/de\/?s={search_term_string}"},"query-input":{"@type":"PropertyValueSpecification","valueRequired":true,"valueName":"search_term_string"}}],"inLanguage":"de"},{"@type":"Organization","@id":"https:\/\/idckohtao.com\/de\/#organization","name":"IDC Koh Tao","alternateName":"IDC Koh Tao | Divemaster & Diving Instructor","url":"https:\/\/idckohtao.com\/de\/","logo":{"@type":"ImageObject","inLanguage":"de","@id":"https:\/\/idckohtao.com\/de\/#\/schema\/logo\/image\/","url":"https:\/\/idckohtao.com\/wp-content\/uploads\/2023\/09\/idckohtao.com-padi-diving-center-in-koh-tao-thailand.png","contentUrl":"https:\/\/idckohtao.com\/wp-content\/uploads\/2023\/09\/idckohtao.com-padi-diving-center-in-koh-tao-thailand.png","width":400,"height":300,"caption":"IDC Koh Tao"},"image":{"@id":"https:\/\/idckohtao.com\/de\/#\/schema\/logo\/image\/"},"sameAs":["https:\/\/www.facebook.com\/GoProIDCKohTao","https:\/\/x.com\/GoProIDCKohTao","https:\/\/www.youtube.com\/idckohtao","https:\/\/www.instagram.com\/idc.kohtao\/"],"description":"IDC Koh Tao is a part of the Black Turtle Dive pro level training team with three PADI Course Directors being led by Award Winning PADI Course Director Matt Bolton. Our full range of pro and recreational PADI Diving Courses provides aspiring scuba divers with education, fun, excitement, adventure, and a change of lifestyle or an opportunity to pursue a new career.","email":"info@idckohtao.com","legalName":"IDC Koh Tao","foundingDate":"2004-01-04","numberOfEmployees":{"@type":"QuantitativeValue","minValue":"1","maxValue":"10"},"correctionsPolicy":"https:\/\/idckohtao.com\/privacy-policy\/","ethicsPolicy":"https:\/\/idckohtao.com\/terms\/"},{"@type":"Person","@id":"https:\/\/idckohtao.com\/de\/#\/schema\/person\/d08d557cbfdbc171f824052dae697b02","name":"ojasya","image":{"@type":"ImageObject","inLanguage":"de","@id":"https:\/\/secure.gravatar.com\/avatar\/6fb34e36d09053a6545fc21d344613321bb1933f185132488f38052166f5a001?s=96&d=mm&r=g","url":"https:\/\/secure.gravatar.com\/avatar\/6fb34e36d09053a6545fc21d344613321bb1933f185132488f38052166f5a001?s=96&d=mm&r=g","contentUrl":"https:\/\/secure.gravatar.com\/avatar\/6fb34e36d09053a6545fc21d344613321bb1933f185132488f38052166f5a001?s=96&d=mm&r=g","caption":"ojasya"},"sameAs":["https:\/\/idckohtao.com"],"url":"https:\/\/idckohtao.com\/de\/blog\/author\/ojasya\/"}]}},"_links":{"self":[{"href":"https:\/\/idckohtao.com\/de\/wp-json\/wp\/v2\/pages\/1832","targetHints":{"allow":["GET"]}}],"collection":[{"href":"https:\/\/idckohtao.com\/de\/wp-json\/wp\/v2\/pages"}],"about":[{"href":"https:\/\/idckohtao.com\/de\/wp-json\/wp\/v2\/types\/page"}],"author":[{"embeddable":true,"href":"https:\/\/idckohtao.com\/de\/wp-json\/wp\/v2\/users\/1"}],"replies":[{"embeddable":true,"href":"https:\/\/idckohtao.com\/de\/wp-json\/wp\/v2\/comments?post=1832"}],"version-history":[{"count":0,"href":"https:\/\/idckohtao.com\/de\/wp-json\/wp\/v2\/pages\/1832\/revisions"}],"wp:attachment":[{"href":"https:\/\/idckohtao.com\/de\/wp-json\/wp\/v2\/media?parent=1832"}],"curies":[{"name":"wp","href":"https:\/\/api.w.org\/{rel}","templated":true}]}}