{"id":1836,"date":"2023-08-11T07:39:37","date_gmt":"2023-08-11T07:39:37","guid":{"rendered":"https:\/\/idckohtao.com\/digital-underwater-photographer-instructor-specialty\/"},"modified":"2026-01-01T09:54:31","modified_gmt":"2026-01-01T09:54:31","slug":"digital-underwater-photographer-instructor-specialty","status":"publish","type":"page","link":"https:\/\/idckohtao.com\/de\/pro-level-courses\/digital-underwater-photographer-instructor-specialty\/","title":{"rendered":"Digitale Unterwasserfotografie Spezialist Instructor Kurs"},"content":{"rendered":"<div class=\"wpb-content-wrapper\"><p>[vc_row][vc_column][vc_column_text css=&#8220;&#8220;]<\/p>\n<h2>PADI Spezialist Instructorkurs, Koh Tao, Thailand<\/h2>\n<p>Digitale Unterwasser-Fotografie hat die Welt im Sturm erorbert. Zu lernen, wie gro\u00dfartige Unterwasserbilder gemacht werden hat f\u00fcr alle Taucher eine gro\u00dfe Anziehungskraft, soda\u00df sie diese ihren Freunden und Familie zeigen, auf Social Media teilen oder in Magazinen und B\u00fcchern ver\u00f6ffentlichen k\u00f6nnen.<\/p>\n<p>Es gibt viele Gr\u00fcnde, warum Taucher gute Unterwasser-Fotos schie\u00dfen wollen. Als PADI Spezialkurs-Tauchlehrer f\u00fcr Digitale Unterwasserfotografie kannst du deinen Tauchsch\u00fclern beibringen, wie sie die PADI SEA (Shoot, Examine und Adjust) Methode verwenden, eine Technik, die den Vorteil der neuesten digitalen Technologie nutzt.<\/p>\n<p>Deine Tauchsch\u00fcler werden nicht nur lernen, wie sie gro\u00dfartige Unterwasserfotos machen, aber auch, wie sie ihre Arbeit am Computer optimieren, f\u00fcr Lagerung und Druck \u2013 selbst bei ihrem ersten Tauchgang.<\/p>\n<h3>Unterwasserfotografie auf Tauchg\u00e4ngen rund um Koh Tao<\/h3>\n<p>Einer der Hauptgr\u00fcnde warum Taucher diesen Kurs besuchen, ist es, dauerhafte und unsch\u00e4tzbare Erinnerungen ihrer Tauchabenteuer zu schaffen. Koh Tao bietet eine Unterwasser-Vielfalt wie kaum ein anderer Platz in der Welt und bietet eine Umgebung reich an Farben, Topografie und Spezies f\u00fcr unverge\u00dfliche Bilder.<\/p>\n<p>Mit \u00fcber 26 Tauchpl\u00e4tzen zur Auswahl ist Koh Tao ein gro\u00dfartiger Platz, um zu lernen, wie gute Fotos zusammengestellt und geschossen werden. Als ein PADI Spezialist Instructor f\u00fcr Digitale Unterwasserfotografie lernst du, wie du den Kurs effektiv f\u00fcr Sch\u00fcler durchf\u00fchrst, um gro\u00dfartige Bilder schnell zu produzieren, w\u00e4hrend du auf der anderen Seite die nat\u00fcrliche Unterwasser-Umgebung sch\u00fctzt.<\/p>\n<p><img decoding=\"async\" class=\"alignnone wp-image-957 size-large\" src=\"https:\/\/idckohtao.com\/wp-content\/uploads\/2023\/08\/idckohtao.com-padi-digital-underwater-photography-instructor-specialty-scuba-diving-1024x640.jpg\" alt=\"idckohtao.com-padi-digital-underwater-photography-instructor-specialty-scuba-diving\" width=\"1024\" height=\"640\" srcset=\"https:\/\/idckohtao.com\/wp-content\/uploads\/2023\/08\/idckohtao.com-padi-digital-underwater-photography-instructor-specialty-scuba-diving-1024x640.jpg 1024w, https:\/\/idckohtao.com\/wp-content\/uploads\/2023\/08\/idckohtao.com-padi-digital-underwater-photography-instructor-specialty-scuba-diving-300x188.jpg 300w, https:\/\/idckohtao.com\/wp-content\/uploads\/2023\/08\/idckohtao.com-padi-digital-underwater-photography-instructor-specialty-scuba-diving-768x480.jpg 768w, https:\/\/idckohtao.com\/wp-content\/uploads\/2023\/08\/idckohtao.com-padi-digital-underwater-photography-instructor-specialty-scuba-diving.jpg 1080w\" sizes=\"(max-width: 1024px) 100vw, 1024px\" \/><\/p>\n<h3>Wer kann sich f\u00fcr den PADI Digitale Unterwasserfotografie Spezialist Instructorkurs anmelden?<\/h3>\n<p>Ein\u00a0<a href=\"https:\/\/idckohtao.com\/de\/pro-level-courses\/padi-instructor-development-course\/\">PADI Open Water Scuba Instructor (OWSI)<\/a>\u00a0im aktiven Status.<\/p>\n<p>Anmerkung: IDC \/ OWSI Kandidaten k\u00f6nnen an einem PADI Spezialist Instructorkurs teilnehmen, k\u00f6nnen sich f\u00fcr die Zertifizierung als Spezialist-Tauchlehrer jedoch erst nach erfolgreicher Tauchlehrerpr\u00fcfung (IE) anmelden.<\/p>\n<p>Spezialkurs-Tauchlehrer f\u00fcr Digitale Unterwasserfotografie ben\u00f6tigen mindestens 10 Tauchg\u00e4nge in diesem Bereich vor Zertifizierung. Dies ist Voraussetzung f\u00fcr die Zertifizierung und kann nach dem Spezialist-Instructorkurs erfolgen.<\/p>\n<h2>Was wirst du lernen?<\/h2>\n<p>Du wirst an den folgenden Einheiten teilnehmen:<\/p>\n<ul>\n<li>Eine Klassenzimmerpr\u00e4sentation \u00fcber die Wiederholungsfragen des Spezialkurses Digitale Unterwasserfotografie geben<\/li>\n<li>Standards, Prozeduren und Ablauf des Spezialkurses Digitale Unterwasserfotografie<\/li>\n<li>Organisation und Durchf\u00fchrung des PADI Spezialkurses Digitale Unterwasserfotografie<\/li>\n<li>Freiwasserausbildung \u2013 Demonstration, Durchf\u00fchrung und Bewertung von Tauchsch\u00fcler-Fertigkeiten des Spezialkurses Digitale Unterwasserfotografie.<\/li>\n<\/ul>\n<p><img decoding=\"async\" class=\"alignnone wp-image-958 size-large\" src=\"https:\/\/idckohtao.com\/wp-content\/uploads\/2023\/08\/idckohtao.com-padi-digital-underwater-photography-instructor-specialty-nudibranch-1024x768.jpg\" alt=\"idckohtao.com-padi-digital-underwater-photography-instructor-specialty-nudibranch\" width=\"1024\" height=\"768\" srcset=\"https:\/\/idckohtao.com\/wp-content\/uploads\/2023\/08\/idckohtao.com-padi-digital-underwater-photography-instructor-specialty-nudibranch-1024x768.jpg 1024w, https:\/\/idckohtao.com\/wp-content\/uploads\/2023\/08\/idckohtao.com-padi-digital-underwater-photography-instructor-specialty-nudibranch-300x225.jpg 300w, https:\/\/idckohtao.com\/wp-content\/uploads\/2023\/08\/idckohtao.com-padi-digital-underwater-photography-instructor-specialty-nudibranch-768x576.jpg 768w, https:\/\/idckohtao.com\/wp-content\/uploads\/2023\/08\/idckohtao.com-padi-digital-underwater-photography-instructor-specialty-nudibranch.jpg 1080w\" sizes=\"(max-width: 1024px) 100vw, 1024px\" \/><\/p>\n<p>Du wirst die Freiwassertauchg\u00e4nge an einem der zahlreichen geeigneten lokalen Tauchpl\u00e4tze machen.<\/p>\n<p>Als PADI Instructor f\u00fcr Digitale Unterwasserfotografie bist du zertifiziert, um den\u00a0<strong><span style=\"text-decoration: underline;\">PADI Spezialkurs Digital Underwater Photography<\/span><\/strong> selbst\u00e4ndig zu unterrichten.[\/vc_column_text]<div class=\"text-left\"><div class=\"bt-course-price\"><h4>Kurspreis: 4,000 THB<\/h4><a href=\"https:\/\/idckohtao.com\/de\/packages-prices\" class=\"button\">ONLINE BUCHEN<\/a><\/div><\/div>[vc_column_text css=&#8220;&#8220;]<\/p>\n<h3>PADI Materialien<\/h3>\n<p><i>Bitte bringe die folgenden Materialien mit. Du hast diese als Teil deines IDC Crewpack erhalten.PADI Spezialkurs Instructor Manual (CD-Rom)<\/i><\/p>\n<p>Zus\u00e4tzlich ben\u00f6tigst du ein Exemplar des PADI Instructor Manual. Seit 2010 steht dieses f\u00fcr PADI Mitglieder im aktiven Status als kostenloser Download unter diesem Link zur Verf\u00fcgung:<a href=\"https:\/\/www.padi.com\/mypadi\/\" target=\"_blank\" rel=\"noopener\"> www.padi.com\/mypadi<\/a><\/p>\n<h3>PADI Geb\u00fchren<\/h3>\n<p>PADI Digital Underwater Photography Instructor Anmeldung: <strong>AUD$ 145<\/strong><\/p>\n<p><img decoding=\"async\" class=\"alignnone wp-image-956 size-large\" src=\"https:\/\/idckohtao.com\/wp-content\/uploads\/2023\/08\/idckohtao.com-padi-digital-underwater-photography-instructor-specialty-moray-eels-2-1024x768.jpg\" alt=\"idckohtao.com-padi-digital-underwater-photography-instructor-specialty-moray-eels\" width=\"1024\" height=\"768\" srcset=\"https:\/\/idckohtao.com\/wp-content\/uploads\/2023\/08\/idckohtao.com-padi-digital-underwater-photography-instructor-specialty-moray-eels-2-1024x768.jpg 1024w, https:\/\/idckohtao.com\/wp-content\/uploads\/2023\/08\/idckohtao.com-padi-digital-underwater-photography-instructor-specialty-moray-eels-2-300x225.jpg 300w, https:\/\/idckohtao.com\/wp-content\/uploads\/2023\/08\/idckohtao.com-padi-digital-underwater-photography-instructor-specialty-moray-eels-2-768x576.jpg 768w, https:\/\/idckohtao.com\/wp-content\/uploads\/2023\/08\/idckohtao.com-padi-digital-underwater-photography-instructor-specialty-moray-eels-2.jpg 1080w\" sizes=\"(max-width: 1024px) 100vw, 1024px\" \/>[\/vc_column_text][\/vc_column][\/vc_row]<\/p>\n<\/div>","protected":false},"excerpt":{"rendered":"<p>[vc_row][vc_column][vc_column_text css=&#8220;&#8220;] PADI Spezialist Instructorkurs, Koh Tao, Thailand Digitale Unterwasser-Fotografie hat die Welt im Sturm erorbert. Zu lernen, wie gro\u00dfartige Unterwasserbilder gemacht werden hat f\u00fcr alle Taucher eine gro\u00dfe Anziehungskraft, soda\u00df sie diese ihren Freunden und Familie zeigen, auf Social Media teilen oder in Magazinen und B\u00fcchern ver\u00f6ffentlichen k\u00f6nnen. Es gibt viele Gr\u00fcnde, warum Taucher [&hellip;]<\/p>\n","protected":false},"author":1,"featured_media":5245,"parent":7935,"menu_order":0,"comment_status":"closed","ping_status":"closed","template":"","meta":{"_acf_changed":false,"footnotes":""},"class_list":["post-1836","page","type-page","status-publish","has-post-thumbnail","hentry"],"acf":[],"yoast_head":"<!-- This site is optimized with the Yoast SEO Premium plugin v27.5 (Yoast SEO v27.5) - https:\/\/yoast.com\/product\/yoast-seo-premium-wordpress\/ -->\n<title>Digitale Unterwasserfotografie Spezialist Kurs<\/title>\n<meta name=\"description\" content=\"Der PADI Digitale Unterwasser Fotografie Spezialist Instructor Kurs auf Koh Tao zertifiziert dich, um Sch\u00fclern beizubringen, wie sie gro\u00dfartige Bilder unter Wasser machen\" \/>\n<meta name=\"robots\" content=\"index, follow, max-snippet:-1, max-image-preview:large, max-video-preview:-1\" \/>\n<link rel=\"canonical\" href=\"https:\/\/idckohtao.com\/de\/pro-level-courses\/digital-underwater-photographer-instructor-specialty\/\" \/>\n<meta property=\"og:locale\" content=\"de_DE\" \/>\n<meta property=\"og:type\" content=\"article\" \/>\n<meta property=\"og:title\" content=\"IDC Koh Tao | Digitale Unterwasserfotografie Spezialist Kurs\" \/>\n<meta property=\"og:description\" content=\"Der PADI Digitale Unterwasser Fotografie Spezialist Instructor Kurs auf Koh Tao zertifiziert dich, um Sch\u00fclern beizubringen, wie sie gro\u00dfartige Bilder unter Wasser machen\" \/>\n<meta property=\"og:url\" content=\"https:\/\/idckohtao.com\/de\/pro-level-courses\/digital-underwater-photographer-instructor-specialty\/\" \/>\n<meta property=\"og:site_name\" content=\"IDC Koh Tao\" \/>\n<meta property=\"article:publisher\" content=\"https:\/\/www.facebook.com\/GoProIDCKohTao\" \/>\n<meta property=\"article:modified_time\" content=\"2026-01-01T09:54:31+00:00\" \/>\n<meta property=\"og:image\" content=\"https:\/\/idckohtao.com\/wp-content\/uploads\/2023\/09\/idckohtao.com-digital-underwater-photography-instrcuctor-course-on-koh-tao.jpeg\" \/>\n\t<meta property=\"og:image:width\" content=\"1200\" \/>\n\t<meta property=\"og:image:height\" content=\"800\" \/>\n\t<meta property=\"og:image:type\" content=\"image\/jpeg\" \/>\n<meta name=\"twitter:card\" content=\"summary_large_image\" \/>\n<meta name=\"twitter:title\" content=\"IDC Koh Tao | Digitale Unterwasserfotografie Spezialist Kurs\" \/>\n<meta name=\"twitter:description\" content=\"Der PADI Digitale Unterwasser Fotografie Spezialist Instructor Kurs auf Koh Tao zertifiziert dich, um Sch\u00fclern beizubringen, wie sie gro\u00dfartige Bilder unter Wasser machen\" \/>\n<meta name=\"twitter:site\" content=\"@GoProIDCKohTao\" \/>\n<!-- \/ Yoast SEO Premium plugin. -->","yoast_head_json":{"title":"Digitale Unterwasserfotografie Spezialist Kurs","description":"Der PADI Digitale Unterwasser Fotografie Spezialist Instructor Kurs auf Koh Tao zertifiziert dich, um Sch\u00fclern beizubringen, wie sie gro\u00dfartige Bilder unter Wasser machen","robots":{"index":"index","follow":"follow","max-snippet":"max-snippet:-1","max-image-preview":"max-image-preview:large","max-video-preview":"max-video-preview:-1"},"canonical":"https:\/\/idckohtao.com\/de\/pro-level-courses\/digital-underwater-photographer-instructor-specialty\/","og_locale":"de_DE","og_type":"article","og_title":"IDC Koh Tao | Digitale Unterwasserfotografie Spezialist Kurs","og_description":"Der PADI Digitale Unterwasser Fotografie Spezialist Instructor Kurs auf Koh Tao zertifiziert dich, um Sch\u00fclern beizubringen, wie sie gro\u00dfartige Bilder unter Wasser machen","og_url":"https:\/\/idckohtao.com\/de\/pro-level-courses\/digital-underwater-photographer-instructor-specialty\/","og_site_name":"IDC Koh Tao","article_publisher":"https:\/\/www.facebook.com\/GoProIDCKohTao","article_modified_time":"2026-01-01T09:54:31+00:00","og_image":[{"width":1200,"height":800,"url":"https:\/\/idckohtao.com\/wp-content\/uploads\/2023\/09\/idckohtao.com-digital-underwater-photography-instrcuctor-course-on-koh-tao.jpeg","type":"image\/jpeg"}],"twitter_card":"summary_large_image","twitter_title":"IDC Koh Tao | Digitale Unterwasserfotografie Spezialist Kurs","twitter_description":"Der PADI Digitale Unterwasser Fotografie Spezialist Instructor Kurs auf Koh Tao zertifiziert dich, um Sch\u00fclern beizubringen, wie sie gro\u00dfartige Bilder unter Wasser machen","twitter_site":"@GoProIDCKohTao","schema":{"@context":"https:\/\/schema.org","@graph":[{"@type":"NewsArticle","@id":"https:\/\/idckohtao.com\/de\/pro-level-courses\/digital-underwater-photographer-instructor-specialty\/#article","isPartOf":{"@id":"https:\/\/idckohtao.com\/de\/pro-level-courses\/digital-underwater-photographer-instructor-specialty\/"},"author":{"name":"ojasya","@id":"https:\/\/idckohtao.com\/de\/#\/schema\/person\/d08d557cbfdbc171f824052dae697b02"},"headline":"Digitale Unterwasserfotografie Spezialist Instructor Kurs","datePublished":"2023-08-11T07:39:37+00:00","dateModified":"2026-01-01T09:54:31+00:00","mainEntityOfPage":{"@id":"https:\/\/idckohtao.com\/de\/pro-level-courses\/digital-underwater-photographer-instructor-specialty\/"},"wordCount":518,"publisher":{"@id":"https:\/\/idckohtao.com\/de\/#organization"},"image":{"@id":"https:\/\/idckohtao.com\/de\/pro-level-courses\/digital-underwater-photographer-instructor-specialty\/#primaryimage"},"thumbnailUrl":"https:\/\/idckohtao.com\/wp-content\/uploads\/2023\/09\/idckohtao.com-digital-underwater-photography-instrcuctor-course-on-koh-tao.jpeg","inLanguage":"de"},{"@type":"WebPage","@id":"https:\/\/idckohtao.com\/de\/pro-level-courses\/digital-underwater-photographer-instructor-specialty\/","url":"https:\/\/idckohtao.com\/de\/pro-level-courses\/digital-underwater-photographer-instructor-specialty\/","name":"Digitale Unterwasserfotografie Spezialist Kurs","isPartOf":{"@id":"https:\/\/idckohtao.com\/de\/#website"},"primaryImageOfPage":{"@id":"https:\/\/idckohtao.com\/de\/pro-level-courses\/digital-underwater-photographer-instructor-specialty\/#primaryimage"},"image":{"@id":"https:\/\/idckohtao.com\/de\/pro-level-courses\/digital-underwater-photographer-instructor-specialty\/#primaryimage"},"thumbnailUrl":"https:\/\/idckohtao.com\/wp-content\/uploads\/2023\/09\/idckohtao.com-digital-underwater-photography-instrcuctor-course-on-koh-tao.jpeg","datePublished":"2023-08-11T07:39:37+00:00","dateModified":"2026-01-01T09:54:31+00:00","description":"Der PADI Digitale Unterwasser Fotografie Spezialist Instructor Kurs auf Koh Tao zertifiziert dich, um Sch\u00fclern beizubringen, wie sie gro\u00dfartige Bilder unter Wasser machen","breadcrumb":{"@id":"https:\/\/idckohtao.com\/de\/pro-level-courses\/digital-underwater-photographer-instructor-specialty\/#breadcrumb"},"inLanguage":"de","potentialAction":[{"@type":"ReadAction","target":["https:\/\/idckohtao.com\/de\/pro-level-courses\/digital-underwater-photographer-instructor-specialty\/"]}]},{"@type":"ImageObject","inLanguage":"de","@id":"https:\/\/idckohtao.com\/de\/pro-level-courses\/digital-underwater-photographer-instructor-specialty\/#primaryimage","url":"https:\/\/idckohtao.com\/wp-content\/uploads\/2023\/09\/idckohtao.com-digital-underwater-photography-instrcuctor-course-on-koh-tao.jpeg","contentUrl":"https:\/\/idckohtao.com\/wp-content\/uploads\/2023\/09\/idckohtao.com-digital-underwater-photography-instrcuctor-course-on-koh-tao.jpeg","width":1200,"height":800,"caption":"Digital Underwater Photography Instructor course on Koh Tao"},{"@type":"BreadcrumbList","@id":"https:\/\/idckohtao.com\/de\/pro-level-courses\/digital-underwater-photographer-instructor-specialty\/#breadcrumb","itemListElement":[{"@type":"ListItem","position":1,"name":"Home","item":"https:\/\/idckohtao.com\/de\/"},{"@type":"ListItem","position":2,"name":"Pro level","item":"https:\/\/idckohtao.com\/de\/pro-level-courses\/"},{"@type":"ListItem","position":3,"name":"Digitale Unterwasserfotografie Spezialist Instructor Kurs"}]},{"@type":"WebSite","@id":"https:\/\/idckohtao.com\/de\/#website","url":"https:\/\/idckohtao.com\/de\/","name":"IDC Koh Tao","description":"PADI IDC 5 Star Diving Center in Koh Tao - Thailand","publisher":{"@id":"https:\/\/idckohtao.com\/de\/#organization"},"alternateName":"IDC Koh Tao in Thailand","potentialAction":[{"@type":"SearchAction","target":{"@type":"EntryPoint","urlTemplate":"https:\/\/idckohtao.com\/de\/?s={search_term_string}"},"query-input":{"@type":"PropertyValueSpecification","valueRequired":true,"valueName":"search_term_string"}}],"inLanguage":"de"},{"@type":"Organization","@id":"https:\/\/idckohtao.com\/de\/#organization","name":"IDC Koh Tao","alternateName":"IDC Koh Tao | Divemaster & Diving Instructor","url":"https:\/\/idckohtao.com\/de\/","logo":{"@type":"ImageObject","inLanguage":"de","@id":"https:\/\/idckohtao.com\/de\/#\/schema\/logo\/image\/","url":"https:\/\/idckohtao.com\/wp-content\/uploads\/2023\/09\/idckohtao.com-padi-diving-center-in-koh-tao-thailand.png","contentUrl":"https:\/\/idckohtao.com\/wp-content\/uploads\/2023\/09\/idckohtao.com-padi-diving-center-in-koh-tao-thailand.png","width":400,"height":300,"caption":"IDC Koh Tao"},"image":{"@id":"https:\/\/idckohtao.com\/de\/#\/schema\/logo\/image\/"},"sameAs":["https:\/\/www.facebook.com\/GoProIDCKohTao","https:\/\/x.com\/GoProIDCKohTao","https:\/\/www.youtube.com\/idckohtao","https:\/\/www.instagram.com\/idc.kohtao\/"],"description":"IDC Koh Tao is a part of the Black Turtle Dive pro level training team with three PADI Course Directors being led by Award Winning PADI Course Director Matt Bolton. Our full range of pro and recreational PADI Diving Courses provides aspiring scuba divers with education, fun, excitement, adventure, and a change of lifestyle or an opportunity to pursue a new career.","email":"info@idckohtao.com","legalName":"IDC Koh Tao","foundingDate":"2004-01-04","numberOfEmployees":{"@type":"QuantitativeValue","minValue":"1","maxValue":"10"},"correctionsPolicy":"https:\/\/idckohtao.com\/privacy-policy\/","ethicsPolicy":"https:\/\/idckohtao.com\/terms\/"},{"@type":"Person","@id":"https:\/\/idckohtao.com\/de\/#\/schema\/person\/d08d557cbfdbc171f824052dae697b02","name":"ojasya","image":{"@type":"ImageObject","inLanguage":"de","@id":"https:\/\/secure.gravatar.com\/avatar\/6fb34e36d09053a6545fc21d344613321bb1933f185132488f38052166f5a001?s=96&d=mm&r=g","url":"https:\/\/secure.gravatar.com\/avatar\/6fb34e36d09053a6545fc21d344613321bb1933f185132488f38052166f5a001?s=96&d=mm&r=g","contentUrl":"https:\/\/secure.gravatar.com\/avatar\/6fb34e36d09053a6545fc21d344613321bb1933f185132488f38052166f5a001?s=96&d=mm&r=g","caption":"ojasya"},"sameAs":["https:\/\/idckohtao.com"],"url":"https:\/\/idckohtao.com\/de\/blog\/author\/ojasya\/"}]}},"_links":{"self":[{"href":"https:\/\/idckohtao.com\/de\/wp-json\/wp\/v2\/pages\/1836","targetHints":{"allow":["GET"]}}],"collection":[{"href":"https:\/\/idckohtao.com\/de\/wp-json\/wp\/v2\/pages"}],"about":[{"href":"https:\/\/idckohtao.com\/de\/wp-json\/wp\/v2\/types\/page"}],"author":[{"embeddable":true,"href":"https:\/\/idckohtao.com\/de\/wp-json\/wp\/v2\/users\/1"}],"replies":[{"embeddable":true,"href":"https:\/\/idckohtao.com\/de\/wp-json\/wp\/v2\/comments?post=1836"}],"version-history":[{"count":2,"href":"https:\/\/idckohtao.com\/de\/wp-json\/wp\/v2\/pages\/1836\/revisions"}],"predecessor-version":[{"id":7587,"href":"https:\/\/idckohtao.com\/de\/wp-json\/wp\/v2\/pages\/1836\/revisions\/7587"}],"up":[{"embeddable":true,"href":"https:\/\/idckohtao.com\/de\/wp-json\/wp\/v2\/pages\/7935"}],"wp:featuredmedia":[{"embeddable":true,"href":"https:\/\/idckohtao.com\/de\/wp-json\/wp\/v2\/media\/5245"}],"wp:attachment":[{"href":"https:\/\/idckohtao.com\/de\/wp-json\/wp\/v2\/media?parent=1836"}],"curies":[{"name":"wp","href":"https:\/\/api.w.org\/{rel}","templated":true}]}}