{"id":1840,"date":"2023-08-07T07:26:09","date_gmt":"2023-08-07T07:26:09","guid":{"rendered":"https:\/\/idckohtao.com\/discover-scuba-diving\/"},"modified":"2026-04-22T04:45:12","modified_gmt":"2026-04-22T04:45:12","slug":"discover-scuba-diving","status":"publish","type":"page","link":"https:\/\/idckohtao.com\/de\/discover-scuba-diving\/","title":{"rendered":"Entdecke das Tauchen"},"content":{"rendered":"<div class=\"wpb-content-wrapper\"><p>[vc_row][vc_column][vc_column_text]<\/p>\n<div class=\"et_pb_module et_pb_text et_pb_text_11 et_pb_bg_layout_light et_pb_text_align_center\">\n<div class=\"et_pb_text_inner\">\n<h2>Entdecken Sie das Tauchen und erkunden Sie die Unterwasserwelt auf Koh Tao<\/h2>\n<\/div>\n<\/div>\n<p>IDC Koh Tao befindet sich im\u00a0Black Turtle Dive Zentrum\u00a0und ist im gesamten asiatisch-pazifischen Raum als f\u00fchrendes Tauchausbildungszentrum f\u00fcr Anf\u00e4nger und Profikandidaten anerkannt.<\/p>\n<p>Unsere eint\u00e4gige \u201dEntdecke das Tauchen\u201c- Erfahrungsprogramm (Discover Scuba Diving) f\u00fcr Einsteiger ist eine hervorragende M\u00f6glichkeit, mit einem\u00a0<a href=\"https:\/\/idckohtao.com\/de\/padi-diving-courses\/\">PADI Tauchlehrer<\/a>\u00a0die vielf\u00e4ltige Unterwasserwelt rund um Koh Tao zu erkunden.<\/p>\n<p>Du planst eine Reise nach Koh Tao und bist neugierig auf\u2019s Tauchen, doch du hast nicht die Zeit oder das Geld, um den kompletten\u00a0<a href=\"https:\/\/idckohtao.com\/de\/open-water-course\/\">PADI Einsteiger- Kurs abzuschliessen<\/a>?<\/p>\n<p>Die \u201eDiscover Scuba Diving\u201c-Erfahrung, ist eine grossartige Gelegenheit f\u00fcr dich, das Tauchen in nur einem Tag, unter direkter Aufsicht eines erfahrenen\u00a0<a href=\"https:\/\/idckohtao.com\/de\/pro-level-courses\/padi-instructor-development-course\/\">PADI Tauchlehrers<\/a>\u00a0auszuprobieren.<\/p>\n<p><img decoding=\"async\" class=\"alignnone wp-image-265 size-large\" src=\"https:\/\/idckohtao.com\/wp-content\/uploads\/2023\/08\/idckohtao.com-discover-scuba-diving-on-koh-tao-1024x577.jpg\" alt=\"idckohtao.com-discover-scuba-diving-on-koh-tao\" width=\"1024\" height=\"577\" srcset=\"https:\/\/idckohtao.com\/wp-content\/uploads\/2023\/08\/idckohtao.com-discover-scuba-diving-on-koh-tao-1024x577.jpg 1024w, https:\/\/idckohtao.com\/wp-content\/uploads\/2023\/08\/idckohtao.com-discover-scuba-diving-on-koh-tao-300x169.jpg 300w, https:\/\/idckohtao.com\/wp-content\/uploads\/2023\/08\/idckohtao.com-discover-scuba-diving-on-koh-tao-768x433.jpg 768w, https:\/\/idckohtao.com\/wp-content\/uploads\/2023\/08\/idckohtao.com-discover-scuba-diving-on-koh-tao.jpg 1300w\" sizes=\"(max-width: 1024px) 100vw, 1024px\" \/><\/p>\n<div class=\"et_pb_module et_pb_text et_pb_text_13 et_pb_bg_layout_light et_pb_text_align_left\">\n<div class=\"et_pb_text_inner\">\n<h3>Die Einf\u00fchrung &amp; Theorie<\/h3>\n<p>Dein Tauchlehrer wird dir mit Hilfe des PADI \u201eDicover Scuba Diving\u201c Flipcharts einige Grundkenntnisse zu den Auswirkungen des Drucks, den Ausgleich deiner Luftr\u04d3ume und die Atmung unter Wasser erl\u04d3utern.<\/p>\n<p>Anschliessend absolvierst du ein kurzes Multiple Choice Quiz, mit 9 Fragen, um sicherzustellen, dass du alles gut verstanden hast.<\/p>\n<\/div>\n<\/div>\n<div class=\"et_pb_module et_pb_text et_pb_text_14 et_pb_bg_layout_light et_pb_text_align_left\">\n<div class=\"et_pb_text_inner\">\n<h3>Training &amp; Fertigkeiten in begrenzten Wasser<\/h3>\n<p>Zun\u04d3chst beginnen wir im flachen Wasser, entweder in einem Pool oder direkt am Strand, in einer der vielen,\u00a0<a href=\"https:\/\/www.thefunkyturtle.com\/de\/koh-tao\/bays\/\" target=\"_blank\" rel=\"noopener\">flachen Buchten von Koh Tao<\/a>, die ideal f\u00fcr diese Art des Tauchens sind und dir die M\u04e7glichkeit gibt dich aufzustellen wann immer du m\u04e7chtest.<\/p>\n<p>Wir zeigen dir einige einfache Wasserfertigkeiten, zum Beispiel wie du den Druck in deinen Ohren ausgleichen kannst, deine Maske und den Atemregler vom Wasser kl\u04d3ren kannst, die Atemtechniken unter Wasser und das Anpassen deiner\u00a0<a href=\"https:\/\/idckohtao.com\/de\/pro-level-courses\/equipment-specialist-instructor-specialty\/\">Tauchausr\u00fcstung<\/a>.<\/p>\n<\/div>\n<\/div>\n<div class=\"et_pb_module et_pb_text et_pb_text_15 et_pb_bg_layout_light et_pb_text_align_left\">\n<div class=\"et_pb_text_inner\">\n<h3>Tauchen im offenen Wasser<strong><br \/>\n<\/strong><\/h3>\n<p>Sobald du die Fertigkeiten beherrscht und du mit dem Atmen vertraut bist, k\u04e7nnen wir dich f\u00fcr einen echten Tauchgang, etwas tiefer durch die Bucht f\u00fchren.<\/p>\n<p>Im klaren, warmen wasser kannst du eine\u00a0<a href=\"https:\/\/idckohtao.com\/de\/marine-conservation\/\">F\u00fclle bunter Meereslebewesen beobachten<\/a>, w\u04d3hrend wir \u00fcber dem Sand, in der N\u04d3he des Riffs schwimmen. Dies ist mit Sicherheit ein unvergessliches Urlaubserlebnis!<\/p>\n<p>G\u04e7nne dir einen Tag, entdecke das Tauchen und erlebe die spektakul\u04d3re Unterwasserwelt Koh Taos!<\/p>\n<\/div>\n<\/div>\n<p><img decoding=\"async\" class=\"alignnone wp-image-266 size-large\" src=\"https:\/\/idckohtao.com\/wp-content\/uploads\/2023\/08\/idckohtao.com-discover-scuba-diving-with-padi-1024x577.jpg\" alt=\"idckohtao.com-discover-scuba-diving-with-padi\" width=\"1024\" height=\"577\" srcset=\"https:\/\/idckohtao.com\/wp-content\/uploads\/2023\/08\/idckohtao.com-discover-scuba-diving-with-padi-1024x577.jpg 1024w, https:\/\/idckohtao.com\/wp-content\/uploads\/2023\/08\/idckohtao.com-discover-scuba-diving-with-padi-300x169.jpg 300w, https:\/\/idckohtao.com\/wp-content\/uploads\/2023\/08\/idckohtao.com-discover-scuba-diving-with-padi-768x433.jpg 768w, https:\/\/idckohtao.com\/wp-content\/uploads\/2023\/08\/idckohtao.com-discover-scuba-diving-with-padi.jpg 1300w\" sizes=\"(max-width: 1024px) 100vw, 1024px\" \/><\/p>\n<p><strong>SEI GEWARNT!<\/strong>\u00a0Tauchen macht s\u00fcchtig, die meisten die es\u00a0<a href=\"https:\/\/idckohtao.com\/de\/\">ausprobieren<\/a>, k\u04e7nnen nicht aufh\u04e7ren und wollen immer mehr!<\/p>\n<h3>Discover Scuba Diving Experience Schedule<strong><br \/>\n<\/strong><\/h3>\n<p>Wir bieten den Schnupperkurs morgens oder nachmittags an.<\/p>\n<p>Die \u201eDiscover Scuba Diving\u201c Erfahrung beinhaltet:<\/p>\n<ul>\n<li>Entdecke den Tauchteilnehmerf\u00fchrer<\/li>\n<li>PADI Tauchlehrer Geb\u00fchren<\/li>\n<li>Versicherung<\/li>\n<li>Ausr\u00fcstungsverleih<\/li>\n<li>Tauchcomputer<\/li>\n<\/ul>\n<p><strong>PROBIERE ES AUS UND KOMM MIT UNS TAUCHEN!<\/strong>[\/vc_column_text]<div class=\"text-left\"><div class=\"bt-course-price\"><a href=\"https:\/\/www.paypal.com\/cgi-bin\/webscr?cmd=_s-xclick&hosted_button_id=Z4385VSMMN38G\" class=\"button\">ONLINE BUCHEN<\/a><\/div><\/div>[\/vc_column][\/vc_row]<\/p>\n<\/div>","protected":false},"excerpt":{"rendered":"<p>[vc_row][vc_column][vc_column_text] Entdecken Sie das Tauchen und erkunden Sie die Unterwasserwelt auf Koh Tao IDC Koh Tao befindet sich im\u00a0Black Turtle Dive Zentrum\u00a0und ist im gesamten asiatisch-pazifischen Raum als f\u00fchrendes Tauchausbildungszentrum f\u00fcr Anf\u00e4nger und Profikandidaten anerkannt. Unsere eint\u00e4gige \u201dEntdecke das Tauchen\u201c- Erfahrungsprogramm (Discover Scuba Diving) f\u00fcr Einsteiger ist eine hervorragende M\u00f6glichkeit, mit einem\u00a0PADI Tauchlehrer\u00a0die vielf\u00e4ltige Unterwasserwelt [&hellip;]<\/p>\n","protected":false},"author":1,"featured_media":4844,"parent":0,"menu_order":0,"comment_status":"closed","ping_status":"closed","template":"","meta":{"_acf_changed":false,"footnotes":""},"class_list":["post-1840","page","type-page","status-publish","has-post-thumbnail","hentry"],"acf":[],"yoast_head":"<!-- This site is optimized with the Yoast SEO Premium plugin v27.5 (Yoast SEO v27.5) - https:\/\/yoast.com\/product\/yoast-seo-premium-wordpress\/ -->\n<title>Entdecke das Tauchen auf Koh Tao \/ IDC Koh Tao<\/title>\n<meta name=\"description\" content=\"Die ?Entdecke das Tauchen? Erfahrung ist eine gro\u00a7artige Gelegnheit f\u0178r dich. Das Tauchen unter direkter Aufsicht eines erfahrenen PADI Tauchlehrers auszuprobieren\" \/>\n<meta name=\"robots\" content=\"index, follow, max-snippet:-1, max-image-preview:large, max-video-preview:-1\" \/>\n<link rel=\"canonical\" href=\"https:\/\/idckohtao.com\/de\/discover-scuba-diving\/\" \/>\n<meta property=\"og:locale\" content=\"de_DE\" \/>\n<meta property=\"og:type\" content=\"article\" \/>\n<meta property=\"og:title\" content=\"Entdecke das Tauchen auf Koh Tao \/ IDC Koh Tao\" \/>\n<meta property=\"og:description\" content=\"Die ?Entdecke das Tauchen? Erfahrung ist eine gro\u00a7artige Gelegnheit f\u0178r dich. Das Tauchen unter direkter Aufsicht eines erfahrenen PADI Tauchlehrers auszuprobieren\" \/>\n<meta property=\"og:url\" content=\"https:\/\/idckohtao.com\/de\/discover-scuba-diving\/\" \/>\n<meta property=\"og:site_name\" content=\"IDC Koh Tao\" \/>\n<meta property=\"article:publisher\" content=\"https:\/\/www.facebook.com\/GoProIDCKohTao\" \/>\n<meta property=\"article:modified_time\" content=\"2026-04-22T04:45:12+00:00\" \/>\n<meta property=\"og:image\" content=\"https:\/\/idckohtao.com\/wp-content\/uploads\/2023\/08\/idckohtao.com-discover-scuba-diving.jpg\" \/>\n\t<meta property=\"og:image:width\" content=\"1300\" \/>\n\t<meta property=\"og:image:height\" content=\"733\" \/>\n\t<meta property=\"og:image:type\" content=\"image\/jpeg\" \/>\n<meta name=\"twitter:card\" content=\"summary_large_image\" \/>\n<meta name=\"twitter:title\" content=\"Entdecke das Tauchen auf Koh Tao \/ IDC Koh Tao\" \/>\n<meta name=\"twitter:description\" content=\"Die ?Entdecke das Tauchen? Erfahrung ist eine gro\u00a7artige Gelegnheit f\u0178r dich. Das Tauchen unter direkter Aufsicht eines erfahrenen PADI Tauchlehrers auszuprobieren\" \/>\n<meta name=\"twitter:image\" content=\"https:\/\/idckohtao.com\/wp-content\/uploads\/2023\/08\/idckohtao.com-discover-scuba-diving.jpg\" \/>\n<meta name=\"twitter:site\" content=\"@GoProIDCKohTao\" \/>\n<!-- \/ Yoast SEO Premium plugin. -->","yoast_head_json":{"title":"Entdecke das Tauchen auf Koh Tao \/ IDC Koh Tao","description":"Die ?Entdecke das Tauchen? Erfahrung ist eine gro\u00a7artige Gelegnheit f\u0178r dich. Das Tauchen unter direkter Aufsicht eines erfahrenen PADI Tauchlehrers auszuprobieren","robots":{"index":"index","follow":"follow","max-snippet":"max-snippet:-1","max-image-preview":"max-image-preview:large","max-video-preview":"max-video-preview:-1"},"canonical":"https:\/\/idckohtao.com\/de\/discover-scuba-diving\/","og_locale":"de_DE","og_type":"article","og_title":"Entdecke das Tauchen auf Koh Tao \/ IDC Koh Tao","og_description":"Die ?Entdecke das Tauchen? Erfahrung ist eine gro\u00a7artige Gelegnheit f\u0178r dich. Das Tauchen unter direkter Aufsicht eines erfahrenen PADI Tauchlehrers auszuprobieren","og_url":"https:\/\/idckohtao.com\/de\/discover-scuba-diving\/","og_site_name":"IDC Koh Tao","article_publisher":"https:\/\/www.facebook.com\/GoProIDCKohTao","article_modified_time":"2026-04-22T04:45:12+00:00","og_image":[{"width":1300,"height":733,"url":"https:\/\/idckohtao.com\/wp-content\/uploads\/2023\/08\/idckohtao.com-discover-scuba-diving.jpg","type":"image\/jpeg"}],"twitter_card":"summary_large_image","twitter_title":"Entdecke das Tauchen auf Koh Tao \/ IDC Koh Tao","twitter_description":"Die ?Entdecke das Tauchen? Erfahrung ist eine gro\u00a7artige Gelegnheit f\u0178r dich. Das Tauchen unter direkter Aufsicht eines erfahrenen PADI Tauchlehrers auszuprobieren","twitter_image":"https:\/\/idckohtao.com\/wp-content\/uploads\/2023\/08\/idckohtao.com-discover-scuba-diving.jpg","twitter_site":"@GoProIDCKohTao","schema":{"@context":"https:\/\/schema.org","@graph":[{"@type":"NewsArticle","@id":"https:\/\/idckohtao.com\/de\/discover-scuba-diving\/#article","isPartOf":{"@id":"https:\/\/idckohtao.com\/de\/discover-scuba-diving\/"},"author":{"name":"ojasya","@id":"https:\/\/idckohtao.com\/de\/#\/schema\/person\/d08d557cbfdbc171f824052dae697b02"},"headline":"Entdecke das Tauchen","datePublished":"2023-08-07T07:26:09+00:00","dateModified":"2026-04-22T04:45:12+00:00","mainEntityOfPage":{"@id":"https:\/\/idckohtao.com\/de\/discover-scuba-diving\/"},"wordCount":433,"publisher":{"@id":"https:\/\/idckohtao.com\/de\/#organization"},"image":{"@id":"https:\/\/idckohtao.com\/de\/discover-scuba-diving\/#primaryimage"},"thumbnailUrl":"https:\/\/idckohtao.com\/wp-content\/uploads\/2023\/09\/idckohtao.com-discover-scuba-dive-in-koh-tao-thailand.jpeg","inLanguage":"de"},{"@type":"WebPage","@id":"https:\/\/idckohtao.com\/de\/discover-scuba-diving\/","url":"https:\/\/idckohtao.com\/de\/discover-scuba-diving\/","name":"Entdecke das Tauchen auf Koh Tao \/ IDC Koh Tao","isPartOf":{"@id":"https:\/\/idckohtao.com\/de\/#website"},"primaryImageOfPage":{"@id":"https:\/\/idckohtao.com\/de\/discover-scuba-diving\/#primaryimage"},"image":{"@id":"https:\/\/idckohtao.com\/de\/discover-scuba-diving\/#primaryimage"},"thumbnailUrl":"https:\/\/idckohtao.com\/wp-content\/uploads\/2023\/09\/idckohtao.com-discover-scuba-dive-in-koh-tao-thailand.jpeg","datePublished":"2023-08-07T07:26:09+00:00","dateModified":"2026-04-22T04:45:12+00:00","description":"Die ?Entdecke das Tauchen? Erfahrung ist eine gro\u00a7artige Gelegnheit f\u0178r dich. Das Tauchen unter direkter Aufsicht eines erfahrenen PADI Tauchlehrers auszuprobieren","breadcrumb":{"@id":"https:\/\/idckohtao.com\/de\/discover-scuba-diving\/#breadcrumb"},"inLanguage":"de","potentialAction":[{"@type":"ReadAction","target":["https:\/\/idckohtao.com\/de\/discover-scuba-diving\/"]}]},{"@type":"ImageObject","inLanguage":"de","@id":"https:\/\/idckohtao.com\/de\/discover-scuba-diving\/#primaryimage","url":"https:\/\/idckohtao.com\/wp-content\/uploads\/2023\/09\/idckohtao.com-discover-scuba-dive-in-koh-tao-thailand.jpeg","contentUrl":"https:\/\/idckohtao.com\/wp-content\/uploads\/2023\/09\/idckohtao.com-discover-scuba-dive-in-koh-tao-thailand.jpeg","width":1200,"height":800,"caption":"Discover Scuba Diving on Koh Tao in Thailand"},{"@type":"BreadcrumbList","@id":"https:\/\/idckohtao.com\/de\/discover-scuba-diving\/#breadcrumb","itemListElement":[{"@type":"ListItem","position":1,"name":"Home","item":"https:\/\/idckohtao.com\/de\/"},{"@type":"ListItem","position":2,"name":"Entdecke das Tauchen"}]},{"@type":"WebSite","@id":"https:\/\/idckohtao.com\/de\/#website","url":"https:\/\/idckohtao.com\/de\/","name":"IDC Koh Tao","description":"PADI IDC 5 Star Diving Center in Koh Tao - Thailand","publisher":{"@id":"https:\/\/idckohtao.com\/de\/#organization"},"alternateName":"IDC Koh Tao in Thailand","potentialAction":[{"@type":"SearchAction","target":{"@type":"EntryPoint","urlTemplate":"https:\/\/idckohtao.com\/de\/?s={search_term_string}"},"query-input":{"@type":"PropertyValueSpecification","valueRequired":true,"valueName":"search_term_string"}}],"inLanguage":"de"},{"@type":"Organization","@id":"https:\/\/idckohtao.com\/de\/#organization","name":"IDC Koh Tao","alternateName":"IDC Koh Tao | Divemaster & Diving Instructor","url":"https:\/\/idckohtao.com\/de\/","logo":{"@type":"ImageObject","inLanguage":"de","@id":"https:\/\/idckohtao.com\/de\/#\/schema\/logo\/image\/","url":"https:\/\/idckohtao.com\/wp-content\/uploads\/2023\/09\/idckohtao.com-padi-diving-center-in-koh-tao-thailand.png","contentUrl":"https:\/\/idckohtao.com\/wp-content\/uploads\/2023\/09\/idckohtao.com-padi-diving-center-in-koh-tao-thailand.png","width":400,"height":300,"caption":"IDC Koh Tao"},"image":{"@id":"https:\/\/idckohtao.com\/de\/#\/schema\/logo\/image\/"},"sameAs":["https:\/\/www.facebook.com\/GoProIDCKohTao","https:\/\/x.com\/GoProIDCKohTao","https:\/\/www.youtube.com\/idckohtao","https:\/\/www.instagram.com\/idc.kohtao\/"],"description":"IDC Koh Tao is a part of the Black Turtle Dive pro level training team with three PADI Course Directors being led by Award Winning PADI Course Director Matt Bolton. Our full range of pro and recreational PADI Diving Courses provides aspiring scuba divers with education, fun, excitement, adventure, and a change of lifestyle or an opportunity to pursue a new career.","email":"info@idckohtao.com","legalName":"IDC Koh Tao","foundingDate":"2004-01-04","numberOfEmployees":{"@type":"QuantitativeValue","minValue":"1","maxValue":"10"},"correctionsPolicy":"https:\/\/idckohtao.com\/privacy-policy\/","ethicsPolicy":"https:\/\/idckohtao.com\/terms\/"},{"@type":"Person","@id":"https:\/\/idckohtao.com\/de\/#\/schema\/person\/d08d557cbfdbc171f824052dae697b02","name":"ojasya","image":{"@type":"ImageObject","inLanguage":"de","@id":"https:\/\/secure.gravatar.com\/avatar\/6fb34e36d09053a6545fc21d344613321bb1933f185132488f38052166f5a001?s=96&d=mm&r=g","url":"https:\/\/secure.gravatar.com\/avatar\/6fb34e36d09053a6545fc21d344613321bb1933f185132488f38052166f5a001?s=96&d=mm&r=g","contentUrl":"https:\/\/secure.gravatar.com\/avatar\/6fb34e36d09053a6545fc21d344613321bb1933f185132488f38052166f5a001?s=96&d=mm&r=g","caption":"ojasya"},"sameAs":["https:\/\/idckohtao.com"],"url":"https:\/\/idckohtao.com\/de\/blog\/author\/ojasya\/"}]}},"_links":{"self":[{"href":"https:\/\/idckohtao.com\/de\/wp-json\/wp\/v2\/pages\/1840","targetHints":{"allow":["GET"]}}],"collection":[{"href":"https:\/\/idckohtao.com\/de\/wp-json\/wp\/v2\/pages"}],"about":[{"href":"https:\/\/idckohtao.com\/de\/wp-json\/wp\/v2\/types\/page"}],"author":[{"embeddable":true,"href":"https:\/\/idckohtao.com\/de\/wp-json\/wp\/v2\/users\/1"}],"replies":[{"embeddable":true,"href":"https:\/\/idckohtao.com\/de\/wp-json\/wp\/v2\/comments?post=1840"}],"version-history":[{"count":1,"href":"https:\/\/idckohtao.com\/de\/wp-json\/wp\/v2\/pages\/1840\/revisions"}],"predecessor-version":[{"id":7701,"href":"https:\/\/idckohtao.com\/de\/wp-json\/wp\/v2\/pages\/1840\/revisions\/7701"}],"wp:featuredmedia":[{"embeddable":true,"href":"https:\/\/idckohtao.com\/de\/wp-json\/wp\/v2\/media\/4844"}],"wp:attachment":[{"href":"https:\/\/idckohtao.com\/de\/wp-json\/wp\/v2\/media?parent=1840"}],"curies":[{"name":"wp","href":"https:\/\/api.w.org\/{rel}","templated":true}]}}