{"id":1844,"date":"2023-08-08T11:18:38","date_gmt":"2023-08-08T11:18:38","guid":{"rendered":"https:\/\/idckohtao.com\/divemaster-internship\/"},"modified":"2026-04-22T07:17:55","modified_gmt":"2026-04-22T07:17:55","slug":"divemaster-internship","status":"publish","type":"page","link":"https:\/\/idckohtao.com\/de\/pro-level-courses\/divemaster-internship\/","title":{"rendered":"Divemaster Praktikum"},"content":{"rendered":"<div class=\"wpb-content-wrapper\"><p>[vc_row][vc_column][vc_column_text]<\/p>\n<div class=\"et_pb_module et_pb_text et_pb_text_10 et_pb_bg_layout_light et_pb_text_align_center\">\n<div class=\"et_pb_text_inner\">\n<h2>Preisgekr\u00f6ntes PADI Divemaster Internship im tropischen Koh Tao<\/h2>\n<\/div>\n<\/div>\n<h3>PADI Divemaster Internship in Thailand<\/h3>\n<p>Das IDC Koh Tao Pro Level Team befindet sich im\u00a0Black Turtle Dive Tauchcenter\u00a0und bietet ein Divemaster Internship Trainingsprogramm an, mit dem angehende professionelle Taucher schon in den letzten 20 Jahren erfolgreich ausgebildet wurden.<\/p>\n<p>Unser professionelles\u00a0Divemaster-Programm\u00a0ist auf die Bed\u00fcrfnisse jedes einzelnen Kandidaten zugeschnitten, um deine Kenntnisse, F\u00e4higkeiten und Kompetenzen zu entwickeln und einen selbstbewussteren und vorbildlicheren PADI Divemaster auszubilden.<\/p>\n<p>Unsere Divemaster Ausbildungsprogramme werden geleitet von unserem preisgekr\u00f6nten Platinum\u00a0<a href=\"https:\/\/idckohtao.com\/de\/padi-course-director-matt-bolton\/\">PADI Course Director Matt Bolton<\/a>.<\/p>\n<p>Tauch-Internships sind entworfen, Taucher aller Ausbildungsstufen wie auch Nichttaucher zu Tauchprofis zu machen \u2013 in einem Tempo, da\u00df dir liegt! In einem Rahmen von 3-4 Wochen bis zu 8 Monaten sind unsere \u201c<a href=\"https:\/\/idckohtao.com\/lifestyle-packages\/\">Diving Lifestyle<\/a>\u201d Programme perfekt f\u00fcr jeden angehenden PADI Profi, Teil einer Auszeit oder f\u00fcr jeden, der nach einem dynamischen Programm f\u00fcr die pers\u00f6nliche Entwicklung sucht.<\/p>\n<p>Wir bieten die allerh\u00f6chsten Standards innerhalb der <a href=\"https:\/\/www.thefunkyturtle.com\/scuba-diving\/\">Tauchindustrie<\/a>, eine dynamische und multikulturelle Ausbildungsumgebung mit Ausbildungsstandards von Weltklasse, eine gro\u00dfartige Atmosph\u00e4re, eine fantastische Lage in einem Land mit einer atemberaubenden Kultur und nat\u00fcrlich \u2026 viel Spa\u00df!<\/p>\n<p>Hast du jemals davon getr\u00e4umt, auf einer tropischen Insel zu leben, aufzuwecken f\u00fcr ein paar Bahnen in t\u00fcrkisem, warmem Wasser wie auf einer Postkarte oder in einer H\u00e4ngematte unter einer Palme zu schwingen?<\/p>\n<p>Jetzt kannst du dies haben mit einem Diving Lifestyle Divemaster Internship auf dem\u00a0<a href=\"https:\/\/idckohtao.com\/de\/why-choose-koh-tao\/\">wundersch\u00f6nen Koh Tao<\/a>.<\/p>\n<p><img decoding=\"async\" class=\"alignnone wp-image-352 size-large\" src=\"https:\/\/idckohtao.com\/wp-content\/uploads\/2023\/08\/idckohtao.com-andrea-warren-padi-course-director-koh-tao-beach-1024x768.jpg\" alt=\"idckohtao.com-andrea-warren-padi-course-director-koh-tao-beach\" width=\"1024\" height=\"768\" srcset=\"https:\/\/idckohtao.com\/wp-content\/uploads\/2023\/08\/idckohtao.com-andrea-warren-padi-course-director-koh-tao-beach-1024x768.jpg 1024w, https:\/\/idckohtao.com\/wp-content\/uploads\/2023\/08\/idckohtao.com-andrea-warren-padi-course-director-koh-tao-beach-300x225.jpg 300w, https:\/\/idckohtao.com\/wp-content\/uploads\/2023\/08\/idckohtao.com-andrea-warren-padi-course-director-koh-tao-beach-768x576.jpg 768w, https:\/\/idckohtao.com\/wp-content\/uploads\/2023\/08\/idckohtao.com-andrea-warren-padi-course-director-koh-tao-beach.jpg 1200w\" sizes=\"(max-width: 1024px) 100vw, 1024px\" \/><\/p>\n<h3>Komplettes PADI \u2018Lifestyle\u2019 Divemaster Internshi<\/h3>\n<ul>\n<li>PADI\u00a0<a href=\"https:\/\/idckohtao.com\/de\/open-water-course\/\">Open Water Kurs<\/a><\/li>\n<li>PADI\u00a0<a href=\"https:\/\/idckohtao.com\/de\/advanced-open-water-course\/\">Advanced Open Water<\/a>\u00a0Kurs<\/li>\n<li>EFR-Kurs Primary &amp; Secondary Care<\/li>\n<li><a href=\"https:\/\/idckohtao.com\/de\/rescue-diver-course\/\">PADI Rescue Diver<\/a>\u00a0Kurs<\/li>\n<li>PADI Divemaster Kurs<\/li>\n<li>Workshop f\u00fcr neutrale Tarrierung und perfekte K\u00f6rperhaltung<\/li>\n<li>Riff\u00f6kologie- und\u00a0<a href=\"https:\/\/idckohtao.com\/de\/marine-conservation\/\">Naturschutzprogramm<\/a>\u00a0mit Riff\u00f6kologie-Seminar, Strandreinigung und Mikroplastik-Umfrage, Tauchgang gegen Umweltverschmutzung und Umfrage zur Korallenpflege<\/li>\n<li>Alle Trainingstauchg\u00e4nge vom Anf\u00e4nger bis zum Divemaster<\/li>\n<li>Weitere 30 KOSTENLOSE Tauchg\u00e4nge w\u00e4hrend deines Aufenthalts<\/li>\n<li>Alle PADI-Schulungsmaterialien und Zertifizierungsgeb\u00fchren<\/li>\n<li>PADI Divemaster digitales \u201eCrewpak\u201c<\/li>\n<li>Divemaster E-Learning<\/li>\n<li>Enzyklop\u00e4die f\u00fcr das Sporttauchen<\/li>\n<li>Digitaler elektronischer Freizeittauchplaner (e-RDPML)<\/li>\n<li>\u201eReActivate\u201c- Programm E-Learning<\/li>\n<li>PADI Divemaster \u201cCrewpak\u201d<\/li>\n<li>PADI Pro Laptoptasche<\/li>\n<li>PADI Tauchlehrer Handbuch als PADI 3-Ring Binder<\/li>\n<li>Divemaster Unterwassertafeln<\/li>\n<li>DSD (Entdecke das Tauchen) Unterwassertafeln<\/li>\n<li>Logbuch<\/li>\n<li>Tauchausr\u00fcstung bestehend aus:<\/li>\n<li>Tauchkompass<\/li>\n<li>Handgelenkschiefer und Bleistift<\/li>\n<li>Oberfl\u00e4chenmarkierungsboje und Fingerspule<\/li>\n<li>Pfeife<\/li>\n<li>Notfallbeatmungsmaske<\/li>\n<li>Tauchleinenschneider<\/li>\n<li>T-Shirt<\/li>\n<li>PADI-Mitgliedschaft im ersten Jahr<\/li>\n<li>1 Jahr internationaler Tauchversicherungsschutz von \u201eDiveAssist ScubaMedic Classic\u201c (IDEC)<\/li>\n<li>medizinisches Tauchattest<\/li>\n<\/ul>\n<p>[\/vc_column_text]<div class=\"text-left\"><div class=\"bt-course-price\"><h4>Pries: 92.500 THB<\/h4><a href=\"https:\/\/idckohtao.com\/de\/packages-prices\/\" class=\"button\">ONLINE BUCHEN<\/a><\/div><\/div>[vc_column_text css=&#8220;&#8220;]<\/p>\n<h3>OPTIONEN \/ EXTRAS<\/h3>\n<p><strong>PREISOPTIONEN<\/strong>\u00a0(qualifizierte Taucher)<br \/>\nBereits Open Water Taucher \u2013 <strong>84.500 THB<\/strong><br \/>\nBereits Advanced Open Water Taucher \u2013 <strong>77.500 THB<\/strong><br \/>\nBereits Rescue Diver \u2013 <strong>62.500 THB<\/strong>[\/vc_column_text][\/vc_column][\/vc_row]<\/p>\n<\/div>","protected":false},"excerpt":{"rendered":"<p>[vc_row][vc_column][vc_column_text] Preisgekr\u00f6ntes PADI Divemaster Internship im tropischen Koh Tao PADI Divemaster Internship in Thailand Das IDC Koh Tao Pro Level Team befindet sich im\u00a0Black Turtle Dive Tauchcenter\u00a0und bietet ein Divemaster Internship Trainingsprogramm an, mit dem angehende professionelle Taucher schon in den letzten 20 Jahren erfolgreich ausgebildet wurden. Unser professionelles\u00a0Divemaster-Programm\u00a0ist auf die Bed\u00fcrfnisse jedes einzelnen Kandidaten [&hellip;]<\/p>\n","protected":false},"author":1,"featured_media":4668,"parent":7935,"menu_order":0,"comment_status":"closed","ping_status":"closed","template":"","meta":{"_acf_changed":false,"footnotes":""},"class_list":["post-1844","page","type-page","status-publish","has-post-thumbnail","hentry"],"acf":[],"yoast_head":"<!-- This site is optimized with the Yoast SEO Premium plugin v27.5 (Yoast SEO v27.5) - https:\/\/yoast.com\/product\/yoast-seo-premium-wordpress\/ -->\n<title>IDC Koh Tao \/ PADI Divemaster Praktikum Kurs Koh Tao<\/title>\n<meta name=\"description\" content=\"PADI Divemaster Praktikum Kurs bei IDC Koh Tao in Thailand. Starte jetzt deine Tauchkarriere in unserem preisgekr\u0161nten Tauchausbildungszentrum. Los geht&#039;s!\" \/>\n<meta name=\"robots\" content=\"index, follow, max-snippet:-1, max-image-preview:large, max-video-preview:-1\" \/>\n<link rel=\"canonical\" href=\"https:\/\/idckohtao.com\/de\/pro-level-courses\/divemaster-internship\/\" \/>\n<meta property=\"og:locale\" content=\"de_DE\" \/>\n<meta property=\"og:type\" content=\"article\" \/>\n<meta property=\"og:title\" content=\"IDC Koh Tao \/ PADI Divemaster Praktikum Kurs Koh Tao\" \/>\n<meta property=\"og:description\" content=\"PADI Divemaster Praktikum Kurs bei IDC Koh Tao in Thailand. Starte jetzt deine Tauchkarriere in unserem preisgekr\u0161nten Tauchausbildungszentrum. Los geht&#039;s!\" \/>\n<meta property=\"og:url\" content=\"https:\/\/idckohtao.com\/de\/pro-level-courses\/divemaster-internship\/\" \/>\n<meta property=\"og:site_name\" content=\"IDC Koh Tao\" \/>\n<meta property=\"article:publisher\" content=\"https:\/\/www.facebook.com\/GoProIDCKohTao\" \/>\n<meta property=\"article:modified_time\" content=\"2026-04-22T07:17:55+00:00\" \/>\n<meta property=\"og:image\" content=\"https:\/\/idckohtao.com\/wp-content\/uploads\/2023\/08\/idc-koh-tao-padi-divemaster-course-at-crystal-dive-koh-tao-beach-1.jpg\" \/>\n\t<meta property=\"og:image:width\" content=\"960\" \/>\n\t<meta property=\"og:image:height\" content=\"676\" \/>\n\t<meta property=\"og:image:type\" content=\"image\/jpeg\" \/>\n<meta name=\"twitter:card\" content=\"summary_large_image\" \/>\n<meta name=\"twitter:title\" content=\"IDC Koh Tao \/ PADI Divemaster Praktikum Kurs Koh Tao\" \/>\n<meta name=\"twitter:description\" content=\"PADI Divemaster Praktikum Kurs bei IDC Koh Tao in Thailand. Starte jetzt deine Tauchkarriere in unserem preisgekr\u0161nten Tauchausbildungszentrum. Los geht&#039;s!\" \/>\n<meta name=\"twitter:site\" content=\"@GoProIDCKohTao\" \/>\n<!-- \/ Yoast SEO Premium plugin. -->","yoast_head_json":{"title":"IDC Koh Tao \/ PADI Divemaster Praktikum Kurs Koh Tao","description":"PADI Divemaster Praktikum Kurs bei IDC Koh Tao in Thailand. Starte jetzt deine Tauchkarriere in unserem preisgekr\u0161nten Tauchausbildungszentrum. Los geht's!","robots":{"index":"index","follow":"follow","max-snippet":"max-snippet:-1","max-image-preview":"max-image-preview:large","max-video-preview":"max-video-preview:-1"},"canonical":"https:\/\/idckohtao.com\/de\/pro-level-courses\/divemaster-internship\/","og_locale":"de_DE","og_type":"article","og_title":"IDC Koh Tao \/ PADI Divemaster Praktikum Kurs Koh Tao","og_description":"PADI Divemaster Praktikum Kurs bei IDC Koh Tao in Thailand. Starte jetzt deine Tauchkarriere in unserem preisgekr\u0161nten Tauchausbildungszentrum. Los geht's!","og_url":"https:\/\/idckohtao.com\/de\/pro-level-courses\/divemaster-internship\/","og_site_name":"IDC Koh Tao","article_publisher":"https:\/\/www.facebook.com\/GoProIDCKohTao","article_modified_time":"2026-04-22T07:17:55+00:00","og_image":[{"width":960,"height":676,"url":"https:\/\/idckohtao.com\/wp-content\/uploads\/2023\/08\/idc-koh-tao-padi-divemaster-course-at-crystal-dive-koh-tao-beach-1.jpg","type":"image\/jpeg"}],"twitter_card":"summary_large_image","twitter_title":"IDC Koh Tao \/ PADI Divemaster Praktikum Kurs Koh Tao","twitter_description":"PADI Divemaster Praktikum Kurs bei IDC Koh Tao in Thailand. Starte jetzt deine Tauchkarriere in unserem preisgekr\u0161nten Tauchausbildungszentrum. Los geht's!","twitter_site":"@GoProIDCKohTao","schema":{"@context":"https:\/\/schema.org","@graph":[{"@type":"NewsArticle","@id":"https:\/\/idckohtao.com\/de\/pro-level-courses\/divemaster-internship\/#article","isPartOf":{"@id":"https:\/\/idckohtao.com\/de\/pro-level-courses\/divemaster-internship\/"},"author":{"name":"ojasya","@id":"https:\/\/idckohtao.com\/de\/#\/schema\/person\/d08d557cbfdbc171f824052dae697b02"},"headline":"Divemaster Praktikum","datePublished":"2023-08-08T11:18:38+00:00","dateModified":"2026-04-22T07:17:55+00:00","mainEntityOfPage":{"@id":"https:\/\/idckohtao.com\/de\/pro-level-courses\/divemaster-internship\/"},"wordCount":438,"publisher":{"@id":"https:\/\/idckohtao.com\/de\/#organization"},"image":{"@id":"https:\/\/idckohtao.com\/de\/pro-level-courses\/divemaster-internship\/#primaryimage"},"thumbnailUrl":"https:\/\/idckohtao.com\/wp-content\/uploads\/2023\/09\/idckohtao.com-padi-instructor-course-in-thailand-with-a-cesa.jpg","inLanguage":"de"},{"@type":"WebPage","@id":"https:\/\/idckohtao.com\/de\/pro-level-courses\/divemaster-internship\/","url":"https:\/\/idckohtao.com\/de\/pro-level-courses\/divemaster-internship\/","name":"IDC Koh Tao \/ PADI Divemaster Praktikum Kurs Koh Tao","isPartOf":{"@id":"https:\/\/idckohtao.com\/de\/#website"},"primaryImageOfPage":{"@id":"https:\/\/idckohtao.com\/de\/pro-level-courses\/divemaster-internship\/#primaryimage"},"image":{"@id":"https:\/\/idckohtao.com\/de\/pro-level-courses\/divemaster-internship\/#primaryimage"},"thumbnailUrl":"https:\/\/idckohtao.com\/wp-content\/uploads\/2023\/09\/idckohtao.com-padi-instructor-course-in-thailand-with-a-cesa.jpg","datePublished":"2023-08-08T11:18:38+00:00","dateModified":"2026-04-22T07:17:55+00:00","description":"PADI Divemaster Praktikum Kurs bei IDC Koh Tao in Thailand. Starte jetzt deine Tauchkarriere in unserem preisgekr\u0161nten Tauchausbildungszentrum. Los geht's!","breadcrumb":{"@id":"https:\/\/idckohtao.com\/de\/pro-level-courses\/divemaster-internship\/#breadcrumb"},"inLanguage":"de","potentialAction":[{"@type":"ReadAction","target":["https:\/\/idckohtao.com\/de\/pro-level-courses\/divemaster-internship\/"]}]},{"@type":"ImageObject","inLanguage":"de","@id":"https:\/\/idckohtao.com\/de\/pro-level-courses\/divemaster-internship\/#primaryimage","url":"https:\/\/idckohtao.com\/wp-content\/uploads\/2023\/09\/idckohtao.com-padi-instructor-course-in-thailand-with-a-cesa.jpg","contentUrl":"https:\/\/idckohtao.com\/wp-content\/uploads\/2023\/09\/idckohtao.com-padi-instructor-course-in-thailand-with-a-cesa.jpg","width":1200,"height":900,"caption":"Divemaster Internship Practicing Skills in the Swimming Pool"},{"@type":"BreadcrumbList","@id":"https:\/\/idckohtao.com\/de\/pro-level-courses\/divemaster-internship\/#breadcrumb","itemListElement":[{"@type":"ListItem","position":1,"name":"Home","item":"https:\/\/idckohtao.com\/de\/"},{"@type":"ListItem","position":2,"name":"Pro level","item":"https:\/\/idckohtao.com\/de\/pro-level-courses\/"},{"@type":"ListItem","position":3,"name":"Divemaster Praktikum"}]},{"@type":"WebSite","@id":"https:\/\/idckohtao.com\/de\/#website","url":"https:\/\/idckohtao.com\/de\/","name":"IDC Koh Tao","description":"PADI IDC 5 Star Diving Center in Koh Tao - Thailand","publisher":{"@id":"https:\/\/idckohtao.com\/de\/#organization"},"alternateName":"IDC Koh Tao in Thailand","potentialAction":[{"@type":"SearchAction","target":{"@type":"EntryPoint","urlTemplate":"https:\/\/idckohtao.com\/de\/?s={search_term_string}"},"query-input":{"@type":"PropertyValueSpecification","valueRequired":true,"valueName":"search_term_string"}}],"inLanguage":"de"},{"@type":"Organization","@id":"https:\/\/idckohtao.com\/de\/#organization","name":"IDC Koh Tao","alternateName":"IDC Koh Tao | Divemaster & Diving Instructor","url":"https:\/\/idckohtao.com\/de\/","logo":{"@type":"ImageObject","inLanguage":"de","@id":"https:\/\/idckohtao.com\/de\/#\/schema\/logo\/image\/","url":"https:\/\/idckohtao.com\/wp-content\/uploads\/2023\/09\/idckohtao.com-padi-diving-center-in-koh-tao-thailand.png","contentUrl":"https:\/\/idckohtao.com\/wp-content\/uploads\/2023\/09\/idckohtao.com-padi-diving-center-in-koh-tao-thailand.png","width":400,"height":300,"caption":"IDC Koh Tao"},"image":{"@id":"https:\/\/idckohtao.com\/de\/#\/schema\/logo\/image\/"},"sameAs":["https:\/\/www.facebook.com\/GoProIDCKohTao","https:\/\/x.com\/GoProIDCKohTao","https:\/\/www.youtube.com\/idckohtao","https:\/\/www.instagram.com\/idc.kohtao\/"],"description":"IDC Koh Tao is a part of the Black Turtle Dive pro level training team with three PADI Course Directors being led by Award Winning PADI Course Director Matt Bolton. Our full range of pro and recreational PADI Diving Courses provides aspiring scuba divers with education, fun, excitement, adventure, and a change of lifestyle or an opportunity to pursue a new career.","email":"info@idckohtao.com","legalName":"IDC Koh Tao","foundingDate":"2004-01-04","numberOfEmployees":{"@type":"QuantitativeValue","minValue":"1","maxValue":"10"},"correctionsPolicy":"https:\/\/idckohtao.com\/privacy-policy\/","ethicsPolicy":"https:\/\/idckohtao.com\/terms\/"},{"@type":"Person","@id":"https:\/\/idckohtao.com\/de\/#\/schema\/person\/d08d557cbfdbc171f824052dae697b02","name":"ojasya","image":{"@type":"ImageObject","inLanguage":"de","@id":"https:\/\/secure.gravatar.com\/avatar\/6fb34e36d09053a6545fc21d344613321bb1933f185132488f38052166f5a001?s=96&d=mm&r=g","url":"https:\/\/secure.gravatar.com\/avatar\/6fb34e36d09053a6545fc21d344613321bb1933f185132488f38052166f5a001?s=96&d=mm&r=g","contentUrl":"https:\/\/secure.gravatar.com\/avatar\/6fb34e36d09053a6545fc21d344613321bb1933f185132488f38052166f5a001?s=96&d=mm&r=g","caption":"ojasya"},"sameAs":["https:\/\/idckohtao.com"],"url":"https:\/\/idckohtao.com\/de\/blog\/author\/ojasya\/"}]}},"_links":{"self":[{"href":"https:\/\/idckohtao.com\/de\/wp-json\/wp\/v2\/pages\/1844","targetHints":{"allow":["GET"]}}],"collection":[{"href":"https:\/\/idckohtao.com\/de\/wp-json\/wp\/v2\/pages"}],"about":[{"href":"https:\/\/idckohtao.com\/de\/wp-json\/wp\/v2\/types\/page"}],"author":[{"embeddable":true,"href":"https:\/\/idckohtao.com\/de\/wp-json\/wp\/v2\/users\/1"}],"replies":[{"embeddable":true,"href":"https:\/\/idckohtao.com\/de\/wp-json\/wp\/v2\/comments?post=1844"}],"version-history":[{"count":1,"href":"https:\/\/idckohtao.com\/de\/wp-json\/wp\/v2\/pages\/1844\/revisions"}],"predecessor-version":[{"id":7738,"href":"https:\/\/idckohtao.com\/de\/wp-json\/wp\/v2\/pages\/1844\/revisions\/7738"}],"up":[{"embeddable":true,"href":"https:\/\/idckohtao.com\/de\/wp-json\/wp\/v2\/pages\/7935"}],"wp:featuredmedia":[{"embeddable":true,"href":"https:\/\/idckohtao.com\/de\/wp-json\/wp\/v2\/media\/4668"}],"wp:attachment":[{"href":"https:\/\/idckohtao.com\/de\/wp-json\/wp\/v2\/media?parent=1844"}],"curies":[{"name":"wp","href":"https:\/\/api.w.org\/{rel}","templated":true}]}}