{"id":1851,"date":"2023-08-11T08:20:52","date_gmt":"2023-08-11T08:20:52","guid":{"rendered":"https:\/\/idckohtao.com\/equipment-specialist-instructor-specialty\/"},"modified":"2026-01-01T08:23:27","modified_gmt":"2026-01-01T08:23:27","slug":"equipment-specialist-instructor-specialty","status":"publish","type":"page","link":"https:\/\/idckohtao.com\/de\/pro-level-courses\/equipment-specialist-instructor-specialty\/","title":{"rendered":"Equipment Spezialist Instructorkurs"},"content":{"rendered":"<div class=\"wpb-content-wrapper\"><p>[vc_row][vc_column][vc_column_text]<\/p>\n<div class=\"et_pb_module et_pb_text et_pb_text_10 et_pb_bg_layout_light et_pb_text_align_center\">\n<div class=\"et_pb_text_inner\">\n<h2>MSDT \u2022 PADI Spezialist Instructorkurs, Koh Tao, Thailand<\/h2>\n<\/div>\n<\/div>\n<p>Es passiert allen Tauchern zu den ung\u00fcnstigsten Zeiten, normalerweise direkt vor dem Tauchgang. Die Entt\u00e4uschung \u00fcber einen abgenutzten oder fehlenden O-Ring, ein Leck am BCD-Schnellabla\u00df oder ein gerissenes Masken- oder Flossenband.<\/p>\n<p>Es gibt viele Gr\u00fcnde warum du kleinere Reparturen selbst machen m\u00f6chtest, zum Beispiel, um Tauchsch\u00fclern zu helfen, sich komfortabler zu f\u00fchlen oder um die Investition in teure Tauchausr\u00fcstung zu sch\u00fctzen.<\/p>\n<p>Als ein PADI Equipment Spezialist Tauchlehrer wirst du Tauchsch\u00fclern in Routinepflege, Wartung und korrekter Lagerung von Tauchausr\u00fcstung unterrichten. Du wirst ihnen zeigen, wie sie allgemein \u00fcbliche Ausr\u00fcstungsprobleme l\u00f6sen und alternative Ausr\u00fcstungskonfigurationen anwenden k\u00f6nnen.<\/p>\n<p><img decoding=\"async\" class=\"alignnone wp-image-976 size-large\" src=\"https:\/\/idckohtao.com\/wp-content\/uploads\/2023\/08\/crystal-dive-koh-tao-idc-open-water-presentations-tanks-and-kit-1024x649.jpg\" alt=\"\" width=\"1024\" height=\"649\" srcset=\"https:\/\/idckohtao.com\/wp-content\/uploads\/2023\/08\/crystal-dive-koh-tao-idc-open-water-presentations-tanks-and-kit-1024x649.jpg 1024w, https:\/\/idckohtao.com\/wp-content\/uploads\/2023\/08\/crystal-dive-koh-tao-idc-open-water-presentations-tanks-and-kit-300x190.jpg 300w, https:\/\/idckohtao.com\/wp-content\/uploads\/2023\/08\/crystal-dive-koh-tao-idc-open-water-presentations-tanks-and-kit-768x487.jpg 768w, https:\/\/idckohtao.com\/wp-content\/uploads\/2023\/08\/crystal-dive-koh-tao-idc-open-water-presentations-tanks-and-kit.jpg 1080w\" sizes=\"(max-width: 1024px) 100vw, 1024px\" \/><\/p>\n<h3>Ausr\u00fcstungsspezialist \u00dcberlegungen rund um Koh Tao<\/h3>\n<p>Koh Tao ist die Nummer eins in der Welt f\u00fcr Tauchausbildung und Zertifizierungen. Dies hei\u00dft, da\u00df viele Tauchsch\u00fcler t\u00e4glich viel Tauchausr\u00fcstung verwenden.<\/p>\n<p>Als ein Equipment Spezialist Tauchlehrer, welcher in einer so stark frequentierten Gegend wie Koh Tao arbeitet ist es unerl\u00e4\u00dflich, ein gutes Verst\u00e4ndnis davon zu haben, wie man Tauchsch\u00fclern helfen kann, Probleme mit Ausr\u00fcstungskonfiguration und -wartung zu \u00fcberwinden.<\/p>\n<p>In der Lage zu sein, korrekt Ausr\u00fcstungsprobleme zu identifizieren und L\u00f6sungen zu liefern, gilt jedoch f\u00fcr jeden Tauchprofi. In jeder Gegend ist es wichtig, ein gutes, starkes Verst\u00e4ndnis von Tauchausr\u00fcstung zu haben und wie diese funktioniert.<\/p>\n<p>Niemals mehr wirst du einen Tauchgang wegen eines geplatzten O-Ringes, einem Leck im Inflatorschlauch, einem abblasenden Atemregler oder eines gerissenen Bandes abbrechen m\u00fcssen.<\/p>\n<h3>Wer kann sich f\u00fcr den PADI Equipment Spezialist Intructorkurs anmelden?<\/h3>\n<p>Ein\u00a0<a href=\"https:\/\/idckohtao.com\/de\/pro-level-courses\/padi-instructor-development-course\/\">PADI Open Water Scuba Instructor (OWSI)<\/a>\u00a0im aktiven Status.<\/p>\n<p>Anmerkung: IDC \/ OWSI Kandidaten k\u00f6nnen an einem PADI Equipment Spezialist Instructorkurs teilnehmen, k\u00f6nnen sich f\u00fcr die Zertifizierung als Spezialist-Tauchlehrer jedoch erst nach erfolgreicher Tauchlehrerpr\u00fcfung (IE) anmelden.<\/p>\n<p>Equipment-Spezialkurs Tauchlehrer m\u00fcssen eine Ausbildung bei einem PADI Course Director belegt haben und vor Zertifizierung nachweisen.<\/p>\n<p><img decoding=\"async\" class=\"alignnone wp-image-975 size-large\" src=\"https:\/\/idckohtao.com\/wp-content\/uploads\/2023\/08\/crystal-dive-idc-koh-tao-confined-water-kit-1024x687.jpg\" alt=\"crystal-dive-idc-koh-tao-confined-water-kit\" width=\"1024\" height=\"687\" srcset=\"https:\/\/idckohtao.com\/wp-content\/uploads\/2023\/08\/crystal-dive-idc-koh-tao-confined-water-kit-1024x687.jpg 1024w, https:\/\/idckohtao.com\/wp-content\/uploads\/2023\/08\/crystal-dive-idc-koh-tao-confined-water-kit-300x201.jpg 300w, https:\/\/idckohtao.com\/wp-content\/uploads\/2023\/08\/crystal-dive-idc-koh-tao-confined-water-kit-768x516.jpg 768w, https:\/\/idckohtao.com\/wp-content\/uploads\/2023\/08\/crystal-dive-idc-koh-tao-confined-water-kit.jpg 1080w\" sizes=\"(max-width: 1024px) 100vw, 1024px\" \/><\/p>\n<h3>Was wirst du lernen?<\/h3>\n<p>Du wirst an den folgenden Einheiten teilnehmen:<\/p>\n<ul>\n<li>Eine Pr\u00e4sentation in einem praktischen Workshop des Equipment-Spezialkurses geben<\/li>\n<li>Standards, Prozeduren und Ablauf des Equipment Spezialist Spezialkurses<\/li>\n<li>Organisation und Durchf\u00fchrung des PADI Equipment Spezialkurses<\/li>\n<\/ul>\n<p>Als PADI Equipment Spezialist Instructor bist du zertifiziert, um den <strong><span style=\"text-decoration: underline;\">PADI Equipment Spezialkurs selbst\u00e4ndig zu unterrichten<\/span><\/strong>.[\/vc_column_text]<div class=\"text-left\"><div class=\"bt-course-price\"><h4>Kurspreis: 4,000 THB<\/h4><a href=\"https:\/\/idckohtao.com\/de\/packages-prices\" class=\"button\">ONLINE BUCHEN<\/a><\/div><\/div>[vc_column_text css=&#8220;&#8220;]<\/p>\n<h3><span style=\"color: #ffffff;\">PADI Materialien<\/span><\/h3>\n<p><span style=\"color: #ffffff;\"><i>Bitte bringe die folgenden Materialien mit. Du hast diese als Teil deines IDC Crewpack erhalten.- PADI Spezialkurs Instructor Manual (CD-Rom)<\/i><\/span><\/p>\n<p><span style=\"color: #000000;\"><span style=\"color: #ffffff;\">Zus\u00e4tzlich ben\u00f6tigst du ein Exemplar des PADI Instructor Manual. Seit 2010 steht dieses f\u00fcr PADI Mitglieder im aktiven Status als kostenloser Download unter diesem Link zur Verf\u00fcgung:<\/span><a href=\"https:\/\/www.padi.com\/mypadi\/\" target=\"_blank\" rel=\"noopener\"> www.padi.com\/mypadi<\/a><\/span><\/p>\n<h3><span style=\"color: #ffffff;\"><strong>PADI Geb\u00fchren<\/strong><\/span><\/h3>\n<p><span style=\"color: #ffffff;\">PADI Equipment Instructor Anmeldung:\u00a0<b>AUD$ 145<\/b><\/span><\/p>\n<p>[\/vc_column_text][\/vc_column][\/vc_row]<\/p>\n<\/div>","protected":false},"excerpt":{"rendered":"<p>[vc_row][vc_column][vc_column_text] MSDT \u2022 PADI Spezialist Instructorkurs, Koh Tao, Thailand Es passiert allen Tauchern zu den ung\u00fcnstigsten Zeiten, normalerweise direkt vor dem Tauchgang. Die Entt\u00e4uschung \u00fcber einen abgenutzten oder fehlenden O-Ring, ein Leck am BCD-Schnellabla\u00df oder ein gerissenes Masken- oder Flossenband. Es gibt viele Gr\u00fcnde warum du kleinere Reparturen selbst machen m\u00f6chtest, zum Beispiel, um Tauchsch\u00fclern [&hellip;]<\/p>\n","protected":false},"author":1,"featured_media":1432,"parent":7935,"menu_order":0,"comment_status":"closed","ping_status":"closed","template":"","meta":{"_acf_changed":false,"footnotes":""},"class_list":["post-1851","page","type-page","status-publish","has-post-thumbnail","hentry"],"acf":[],"yoast_head":"<!-- This site is optimized with the Yoast SEO Premium plugin v27.5 (Yoast SEO v27.5) - https:\/\/yoast.com\/product\/yoast-seo-premium-wordpress\/ -->\n<title>IDC Koh Tao | PADI Equipment Spezialist Instructor Kurs<\/title>\n<meta name=\"description\" content=\"Der PADI Equipment Spezialist Instructor Kurs auf Koh Tao zertifiziert dich, deinen Tauchsch\u00fcler in Routinepflege und Wartung von Tauchausr\u00fcstung zu unterrichten\" \/>\n<meta name=\"robots\" content=\"index, follow, max-snippet:-1, max-image-preview:large, max-video-preview:-1\" \/>\n<link rel=\"canonical\" href=\"https:\/\/idckohtao.com\/de\/pro-level-courses\/equipment-specialist-instructor-specialty\/\" \/>\n<meta property=\"og:locale\" content=\"de_DE\" \/>\n<meta property=\"og:type\" content=\"article\" \/>\n<meta property=\"og:title\" content=\"IDC Koh Tao | PADI Equipment Spezialist Instructor Kurs\" \/>\n<meta property=\"og:description\" content=\"Der PADI Equipment Spezialist Instructor Kurs auf Koh Tao zertifiziert dich, deinen Tauchsch\u00fcler in Routinepflege und Wartung von Tauchausr\u00fcstung zu unterrichten\" \/>\n<meta property=\"og:url\" content=\"https:\/\/idckohtao.com\/de\/pro-level-courses\/equipment-specialist-instructor-specialty\/\" \/>\n<meta property=\"og:site_name\" content=\"IDC Koh Tao\" \/>\n<meta property=\"article:publisher\" content=\"https:\/\/www.facebook.com\/GoProIDCKohTao\" \/>\n<meta property=\"article:modified_time\" content=\"2026-01-01T08:23:27+00:00\" \/>\n<meta property=\"og:image\" content=\"https:\/\/idckohtao.com\/wp-content\/uploads\/2023\/08\/crystal-dive-koh-tao-idc-open-water-presentations-scuba-kit.jpg\" \/>\n\t<meta property=\"og:image:width\" content=\"1080\" \/>\n\t<meta property=\"og:image:height\" content=\"790\" \/>\n\t<meta property=\"og:image:type\" content=\"image\/jpeg\" \/>\n<meta name=\"twitter:card\" content=\"summary_large_image\" \/>\n<meta name=\"twitter:title\" content=\"IDC Koh Tao | PADI Equipment Spezialist Instructor Kurs\" \/>\n<meta name=\"twitter:description\" content=\"Der PADI Equipment Spezialist Instructor Kurs auf Koh Tao zertifiziert dich, deinen Tauchsch\u00fcler in Routinepflege und Wartung von Tauchausr\u00fcstung zu unterrichten\" \/>\n<meta name=\"twitter:site\" content=\"@GoProIDCKohTao\" \/>\n<!-- \/ Yoast SEO Premium plugin. -->","yoast_head_json":{"title":"IDC Koh Tao | PADI Equipment Spezialist Instructor Kurs","description":"Der PADI Equipment Spezialist Instructor Kurs auf Koh Tao zertifiziert dich, deinen Tauchsch\u00fcler in Routinepflege und Wartung von Tauchausr\u00fcstung zu unterrichten","robots":{"index":"index","follow":"follow","max-snippet":"max-snippet:-1","max-image-preview":"max-image-preview:large","max-video-preview":"max-video-preview:-1"},"canonical":"https:\/\/idckohtao.com\/de\/pro-level-courses\/equipment-specialist-instructor-specialty\/","og_locale":"de_DE","og_type":"article","og_title":"IDC Koh Tao | PADI Equipment Spezialist Instructor Kurs","og_description":"Der PADI Equipment Spezialist Instructor Kurs auf Koh Tao zertifiziert dich, deinen Tauchsch\u00fcler in Routinepflege und Wartung von Tauchausr\u00fcstung zu unterrichten","og_url":"https:\/\/idckohtao.com\/de\/pro-level-courses\/equipment-specialist-instructor-specialty\/","og_site_name":"IDC Koh Tao","article_publisher":"https:\/\/www.facebook.com\/GoProIDCKohTao","article_modified_time":"2026-01-01T08:23:27+00:00","og_image":[{"width":1080,"height":790,"url":"https:\/\/idckohtao.com\/wp-content\/uploads\/2023\/08\/crystal-dive-koh-tao-idc-open-water-presentations-scuba-kit.jpg","type":"image\/jpeg"}],"twitter_card":"summary_large_image","twitter_title":"IDC Koh Tao | PADI Equipment Spezialist Instructor Kurs","twitter_description":"Der PADI Equipment Spezialist Instructor Kurs auf Koh Tao zertifiziert dich, deinen Tauchsch\u00fcler in Routinepflege und Wartung von Tauchausr\u00fcstung zu unterrichten","twitter_site":"@GoProIDCKohTao","schema":{"@context":"https:\/\/schema.org","@graph":[{"@type":"NewsArticle","@id":"https:\/\/idckohtao.com\/de\/pro-level-courses\/equipment-specialist-instructor-specialty\/#article","isPartOf":{"@id":"https:\/\/idckohtao.com\/de\/pro-level-courses\/equipment-specialist-instructor-specialty\/"},"author":{"name":"ojasya","@id":"https:\/\/idckohtao.com\/de\/#\/schema\/person\/d08d557cbfdbc171f824052dae697b02"},"headline":"Equipment Spezialist Instructorkurs","datePublished":"2023-08-11T08:20:52+00:00","dateModified":"2026-01-01T08:23:27+00:00","mainEntityOfPage":{"@id":"https:\/\/idckohtao.com\/de\/pro-level-courses\/equipment-specialist-instructor-specialty\/"},"wordCount":473,"publisher":{"@id":"https:\/\/idckohtao.com\/de\/#organization"},"image":{"@id":"https:\/\/idckohtao.com\/de\/pro-level-courses\/equipment-specialist-instructor-specialty\/#primaryimage"},"thumbnailUrl":"https:\/\/idckohtao.com\/wp-content\/uploads\/2023\/08\/crystal-dive-koh-tao-idc-open-water-presentations-scuba-kit.jpg","inLanguage":"de"},{"@type":"WebPage","@id":"https:\/\/idckohtao.com\/de\/pro-level-courses\/equipment-specialist-instructor-specialty\/","url":"https:\/\/idckohtao.com\/de\/pro-level-courses\/equipment-specialist-instructor-specialty\/","name":"IDC Koh Tao | PADI Equipment Spezialist Instructor Kurs","isPartOf":{"@id":"https:\/\/idckohtao.com\/de\/#website"},"primaryImageOfPage":{"@id":"https:\/\/idckohtao.com\/de\/pro-level-courses\/equipment-specialist-instructor-specialty\/#primaryimage"},"image":{"@id":"https:\/\/idckohtao.com\/de\/pro-level-courses\/equipment-specialist-instructor-specialty\/#primaryimage"},"thumbnailUrl":"https:\/\/idckohtao.com\/wp-content\/uploads\/2023\/08\/crystal-dive-koh-tao-idc-open-water-presentations-scuba-kit.jpg","datePublished":"2023-08-11T08:20:52+00:00","dateModified":"2026-01-01T08:23:27+00:00","description":"Der PADI Equipment Spezialist Instructor Kurs auf Koh Tao zertifiziert dich, deinen Tauchsch\u00fcler in Routinepflege und Wartung von Tauchausr\u00fcstung zu unterrichten","breadcrumb":{"@id":"https:\/\/idckohtao.com\/de\/pro-level-courses\/equipment-specialist-instructor-specialty\/#breadcrumb"},"inLanguage":"de","potentialAction":[{"@type":"ReadAction","target":["https:\/\/idckohtao.com\/de\/pro-level-courses\/equipment-specialist-instructor-specialty\/"]}]},{"@type":"ImageObject","inLanguage":"de","@id":"https:\/\/idckohtao.com\/de\/pro-level-courses\/equipment-specialist-instructor-specialty\/#primaryimage","url":"https:\/\/idckohtao.com\/wp-content\/uploads\/2023\/08\/crystal-dive-koh-tao-idc-open-water-presentations-scuba-kit.jpg","contentUrl":"https:\/\/idckohtao.com\/wp-content\/uploads\/2023\/08\/crystal-dive-koh-tao-idc-open-water-presentations-scuba-kit.jpg","width":1080,"height":790},{"@type":"BreadcrumbList","@id":"https:\/\/idckohtao.com\/de\/pro-level-courses\/equipment-specialist-instructor-specialty\/#breadcrumb","itemListElement":[{"@type":"ListItem","position":1,"name":"Home","item":"https:\/\/idckohtao.com\/de\/"},{"@type":"ListItem","position":2,"name":"Pro level","item":"https:\/\/idckohtao.com\/de\/pro-level-courses\/"},{"@type":"ListItem","position":3,"name":"Equipment Spezialist Instructorkurs"}]},{"@type":"WebSite","@id":"https:\/\/idckohtao.com\/de\/#website","url":"https:\/\/idckohtao.com\/de\/","name":"IDC Koh Tao","description":"PADI IDC 5 Star Diving Center in Koh Tao - Thailand","publisher":{"@id":"https:\/\/idckohtao.com\/de\/#organization"},"alternateName":"IDC Koh Tao in Thailand","potentialAction":[{"@type":"SearchAction","target":{"@type":"EntryPoint","urlTemplate":"https:\/\/idckohtao.com\/de\/?s={search_term_string}"},"query-input":{"@type":"PropertyValueSpecification","valueRequired":true,"valueName":"search_term_string"}}],"inLanguage":"de"},{"@type":"Organization","@id":"https:\/\/idckohtao.com\/de\/#organization","name":"IDC Koh Tao","alternateName":"IDC Koh Tao | Divemaster & Diving Instructor","url":"https:\/\/idckohtao.com\/de\/","logo":{"@type":"ImageObject","inLanguage":"de","@id":"https:\/\/idckohtao.com\/de\/#\/schema\/logo\/image\/","url":"https:\/\/idckohtao.com\/wp-content\/uploads\/2023\/09\/idckohtao.com-padi-diving-center-in-koh-tao-thailand.png","contentUrl":"https:\/\/idckohtao.com\/wp-content\/uploads\/2023\/09\/idckohtao.com-padi-diving-center-in-koh-tao-thailand.png","width":400,"height":300,"caption":"IDC Koh Tao"},"image":{"@id":"https:\/\/idckohtao.com\/de\/#\/schema\/logo\/image\/"},"sameAs":["https:\/\/www.facebook.com\/GoProIDCKohTao","https:\/\/x.com\/GoProIDCKohTao","https:\/\/www.youtube.com\/idckohtao","https:\/\/www.instagram.com\/idc.kohtao\/"],"description":"IDC Koh Tao is a part of the Black Turtle Dive pro level training team with three PADI Course Directors being led by Award Winning PADI Course Director Matt Bolton. Our full range of pro and recreational PADI Diving Courses provides aspiring scuba divers with education, fun, excitement, adventure, and a change of lifestyle or an opportunity to pursue a new career.","email":"info@idckohtao.com","legalName":"IDC Koh Tao","foundingDate":"2004-01-04","numberOfEmployees":{"@type":"QuantitativeValue","minValue":"1","maxValue":"10"},"correctionsPolicy":"https:\/\/idckohtao.com\/privacy-policy\/","ethicsPolicy":"https:\/\/idckohtao.com\/terms\/"},{"@type":"Person","@id":"https:\/\/idckohtao.com\/de\/#\/schema\/person\/d08d557cbfdbc171f824052dae697b02","name":"ojasya","image":{"@type":"ImageObject","inLanguage":"de","@id":"https:\/\/secure.gravatar.com\/avatar\/6fb34e36d09053a6545fc21d344613321bb1933f185132488f38052166f5a001?s=96&d=mm&r=g","url":"https:\/\/secure.gravatar.com\/avatar\/6fb34e36d09053a6545fc21d344613321bb1933f185132488f38052166f5a001?s=96&d=mm&r=g","contentUrl":"https:\/\/secure.gravatar.com\/avatar\/6fb34e36d09053a6545fc21d344613321bb1933f185132488f38052166f5a001?s=96&d=mm&r=g","caption":"ojasya"},"sameAs":["https:\/\/idckohtao.com"],"url":"https:\/\/idckohtao.com\/de\/blog\/author\/ojasya\/"}]}},"_links":{"self":[{"href":"https:\/\/idckohtao.com\/de\/wp-json\/wp\/v2\/pages\/1851","targetHints":{"allow":["GET"]}}],"collection":[{"href":"https:\/\/idckohtao.com\/de\/wp-json\/wp\/v2\/pages"}],"about":[{"href":"https:\/\/idckohtao.com\/de\/wp-json\/wp\/v2\/types\/page"}],"author":[{"embeddable":true,"href":"https:\/\/idckohtao.com\/de\/wp-json\/wp\/v2\/users\/1"}],"replies":[{"embeddable":true,"href":"https:\/\/idckohtao.com\/de\/wp-json\/wp\/v2\/comments?post=1851"}],"version-history":[{"count":4,"href":"https:\/\/idckohtao.com\/de\/wp-json\/wp\/v2\/pages\/1851\/revisions"}],"predecessor-version":[{"id":7548,"href":"https:\/\/idckohtao.com\/de\/wp-json\/wp\/v2\/pages\/1851\/revisions\/7548"}],"up":[{"embeddable":true,"href":"https:\/\/idckohtao.com\/de\/wp-json\/wp\/v2\/pages\/7935"}],"wp:featuredmedia":[{"embeddable":true,"href":"https:\/\/idckohtao.com\/de\/wp-json\/wp\/v2\/media\/1432"}],"wp:attachment":[{"href":"https:\/\/idckohtao.com\/de\/wp-json\/wp\/v2\/media?parent=1851"}],"curies":[{"name":"wp","href":"https:\/\/api.w.org\/{rel}","templated":true}]}}