{"id":1854,"date":"2023-08-08T13:28:31","date_gmt":"2023-08-08T13:28:31","guid":{"rendered":"https:\/\/idckohtao.com\/faqs\/"},"modified":"2023-09-16T22:09:46","modified_gmt":"2023-09-16T22:09:46","slug":"faqs","status":"publish","type":"page","link":"https:\/\/idckohtao.com\/de\/faqs\/","title":{"rendered":"FAQ\u2019S"},"content":{"rendered":"<div class=\"wpb-content-wrapper\"><p>[vc_row][vc_column][vc_column_text]<\/p>\n<h2>PADI IDC Koh Tao \u2022 Vielgestellte Fragen<\/h2>\n<p>Wie mit den meisten Dingen im Leben gibt es immer ein paar kleine Sachen die in dir aufkommen, wenn du viele Informationen liest. Unten aufgef\u00fchrt sind einige der h\u00e4ufigsten gestellten Fragen, welche wir von unseren angehenden Profi-Level Internship Kandidaten bekommen.<\/p>\n<p>Diese Liste ist keinesfalls komplett und nur als Richtlinie gedacht. Wir bevorzugen, direkt mit unseren potenziellen Kandidaten zu kommunizieren, ob \u00fcber unsere aktiven Social Media Kan\u00e4le, via Email oder im Live Chat auf dieser Seite. \u00dcber 20 Jahre haben wir uns einen Ruf f\u00fcr den Aufbau langanhaltender Beziehungen mit unseren Kandidaten aufgebaut, also kontaktiert uns bitte mit allen euren Fragen.[\/vc_column_text][\/vc_column][\/vc_row][vc_row][vc_column]<div class=\"section-wrap\"><div class=\"faq-wrapper\"><div class=\"accordion-panel active\">\r\n                    <div class=\"panel-heading\">    \r\n                        <h3 class=\"panel-title\">\r\n                            Wie komme ich nach Koh Tao?\r\n                        <\/h3>\r\n                    <\/div>\r\n                    <div class=\"panel-detail\">\r\n                        <p>Koh Tao ist die kleinste der drei Hauptinseln genannt Samui-Archipel. Es ist eine ca. 90-min\u00fctige F\u00e4hrfahrt von entweder Chumphon auf dem Festland oder den Inseln Koh Samui und Koh Phangan. Es gibt Flugh\u00e4fen in Surat Thani, Chumphon und Koh Samui, welche alle rund eine Flugstunde von Bangkok entfernt liegen.<\/p>\n\r\n                    <\/div>\r\n                <\/div><div class=\"accordion-panel \">\r\n                    <div class=\"panel-heading\">    \r\n                        <h3 class=\"panel-title\">\r\n                            Ist die Unterkunft inbegriffen?\r\n                        <\/h3>\r\n                    <\/div>\r\n                    <div class=\"panel-detail\">\r\n                        <p>Wir sind Partner mit Black Turtle Dive, Koh Taos preisgekr\u00f6ntem PADI Tauchcenter und ebenso Ananda Villa, eines der neuesten Resorts auf der Insel. Unterkunft wird allen unseren IDC Koh Tao Kandidaten zu verg\u00fcnstigten Preisen angeboten, welches alle Budgets abdeckt.<\/p>\n\r\n                    <\/div>\r\n                <\/div><div class=\"accordion-panel \">\r\n                    <div class=\"panel-heading\">    \r\n                        <h3 class=\"panel-title\">\r\n                            Was bedeutet die \u2018Pass-Garantie\u2019?\r\n                        <\/h3>\r\n                    <\/div>\r\n                    <div class=\"panel-detail\">\r\n                        <p>Im h\u00f6chst unwahrscheinlichen Fall, da\u00df du bei deinem IE nicht erfolgreich bist, zahlen wir f\u00fcr deinen zweiten IDC &amp; IE. Dies ist exakt, was es bedeutet. Wir sind so \u00fcberzeugt, da\u00df unser Instructor Development Kurs dich f\u00fcr eine erfolgreiche Tauchlehrerpr\u00fcfung vorbereitet, da\u00df wir die Kosten \u00fcbernehmen, diese zu wiederholen, sollte es dazu kommen.*<\/p>\n<p>* Bis jetzt ist dies noch nicht passiert\u2026!!<\/p>\n\r\n                    <\/div>\r\n                <\/div><div class=\"accordion-panel \">\r\n                    <div class=\"panel-heading\">    \r\n                        <h3 class=\"panel-title\">\r\n                            Was ist ein CDC?\r\n                        <\/h3>\r\n                    <\/div>\r\n                    <div class=\"panel-detail\">\r\n                        <p>CDC steht f\u00fcr \u201cCareer Development Center\u201d. Dies ist die h\u00f6chste Auszeichnung welche von PADI an ein Tauchresort \/ -center vergeben wird, um erstklassiges Niveau bei der Ausbildung von Tauchprofis anzuerkennen. Hier auf Koh Tao sind wir sehr stolz, dieses Niveau erreicht zu haben.<\/p>\n\r\n                    <\/div>\r\n                <\/div><div class=\"accordion-panel \">\r\n                    <div class=\"panel-heading\">    \r\n                        <h3 class=\"panel-title\">\r\n                            Wie werde ich ein PADI Tauchlehrer?\r\n                        <\/h3>\r\n                    <\/div>\r\n                    <div class=\"panel-detail\">\r\n                        <p>Wir bieten All-Inclusive\u00a0<a href=\"https:\/\/idckohtao.com\/de\/scuba-diving-internships\/\">Tauch-Internships<\/a>\u00a0an, welche dich von einem Sporttaucher zu einem komplett qualifizierten Tauchlehrer bringen. Kontaktiere uns f\u00fcr mehr spezifische Details, da die Informationen von deinem momentanen Ausbildunglevel abh\u00e4ngen.<\/p>\n\r\n                    <\/div>\r\n                <\/div><div class=\"accordion-panel \">\r\n                    <div class=\"panel-heading\">    \r\n                        <h3 class=\"panel-title\">\r\n                            Wo ist und IDC KoBlack Turtle Dive Tao?\r\n                        <\/h3>\r\n                    <\/div>\r\n                    <div class=\"panel-detail\">\r\n                        <p>Wir sind an Black Turtle Dive Koh Tao angeschlossen und teilen die ausgedehnten Taucheinrichtungen. Wir liegen direkt am Strand nur 2 Minuten zu Fu\u00df vom Hauptpier entfernt. Dies ist der Pier, an dem du auf Koh Tao ankommst. Black Turtle Dive hat hier ebenfalls ihren Anlegeplatz f\u00fcr alle 3 Tauchboote.<\/p>\n\r\n                    <\/div>\r\n                <\/div><div class=\"accordion-panel \">\r\n                    <div class=\"panel-heading\">    \r\n                        <h3 class=\"panel-title\">\r\n                            Wie bezahle ich f\u00fcr meine Buchung?\r\n                        <\/h3>\r\n                    <\/div>\r\n                    <div class=\"panel-detail\">\r\n                        <p>Wir akzeptieren generell eine Anzahlung von 10% um deine Buchung f\u00fcr einen unserer IDC Kurse auf dieser Webseite zu sichern. Bitte best\u00e4tige jedoch deine Buchung via Email, Nachricht auf der Webseite oder direktem Kontak mit unserem von Matt Bolton geleiteten IDC Team vorab.<\/p>\n\r\n                    <\/div>\r\n                <\/div><div class=\"accordion-panel \">\r\n                    <div class=\"panel-heading\">    \r\n                        <h3 class=\"panel-title\">\r\n                            Wann ist der PADI IDC auf Koh Tao bei Black Turtle Dive?\r\n                        <\/h3>\r\n                    <\/div>\r\n                    <div class=\"panel-detail\">\r\n                        <p>Unsere PADI Instructor Development Course (IDC) findet jeden Monat statt \u2013 lade dir einfach die Termine und Details von der Webseite f\u00fcr weitere Informationen herunter.<\/p>\n\r\n                    <\/div>\r\n                <\/div><div class=\"accordion-panel \">\r\n                    <div class=\"panel-heading\">    \r\n                        <h3 class=\"panel-title\">\r\n                            Wann ist die beste Jahreszeit, um meinen Tauchlehrerkurs zu machen?\r\n                        <\/h3>\r\n                    <\/div>\r\n                    <div class=\"panel-detail\">\r\n                        <p>IDC Koh Tao hat das Gl\u00fcck, da\u00df seine Lage im Golf von Thailand ein best\u00e4ndiges Klima \u00fcber das ganze Jahr aufweist. November \/ Dezember wird als unsere \u201cRegenzeit\u201d bezeichnet, aber hier gibt es haupts\u00e4chlich kurze Regenschauer und Temperaturen bleiben hoch.<\/p>\n<p>Wassertemperaturen nehmen um ein paar Grad bis auf 26+ Grad ab, also tauchen wir rund ums Jahr.<\/p>\n\r\n                    <\/div>\r\n                <\/div><div class=\"accordion-panel \">\r\n                    <div class=\"panel-heading\">    \r\n                        <h3 class=\"panel-title\">\r\n                            Was ist das \u2018Flexi Schedule\u2019 System, das ihr anbietet?\r\n                        <\/h3>\r\n                    <\/div>\r\n                    <div class=\"panel-detail\">\r\n                        <p>Zu jeder Zeit befinden sich unsere Pro-Level Tauchsch\u00fcler in verschiedenen Phasen ihres Kurses oder Internships. Darum bieten wir ein \u2018Flexi Schedule\u2019 System an, was hei\u00dft, da\u00df unsere Internships auf jeden Kandidaten individuell ma\u00dfgeschneidert werden. Dies gibt euch eine gr\u00f6\u00dfere Flexibilit\u00e4t im Hinblick auf Planung und Ankunftsdaten und bindet euch nicht an ein bestimmtes Datum.<\/p>\n<p>Wir bieten euch die beste Ausbildung und die h\u00f6chsten Trainingsstandards in der Tauchausbildung weltweit. Unsere Ausbildungsstandards f\u00fcr Taucher sind in der Industrie anerkannt und deshalb wurden wir mehrfach von PADI mit dem \u2018Diver Trainer\u2019 Preis ausgezeichnet.<\/p>\n\r\n                    <\/div>\r\n                <\/div><div class=\"accordion-panel \">\r\n                    <div class=\"panel-heading\">    \r\n                        <h3 class=\"panel-title\">\r\n                            Was sind die PADI Geb\u00fchren und sind diese in meiner Buchung beinhaltet?\r\n                        <\/h3>\r\n                    <\/div>\r\n                    <div class=\"panel-detail\">\r\n                        <p>Die kurze Antwort ist: NEIN, PADI Geb\u00fchren \u2013\u00a0<strong>wo aufgef\u00fchrt<\/strong>\u00a0\u2013 auf einer unserer Webseiten werden separat an PADI bezahlt (normalerweise mit Kreditkarte). Die Ausnahmen hier sind unsere \u2018Lifestyle Package Internships\u2019, die von gro\u00dfem Wert sind und die besten Preise in Thailand bieten.<\/p>\n<p>Bitte kommuniziert direkt mit uns f\u00fcr weitere Informationen und die Auswahl des Programmes um unn\u00f6tige \u00dcberraschungen zu vermeiden, w\u00e4hrend ihr in eurer Ausbildung seid.<\/p>\n\r\n                    <\/div>\r\n                <\/div><\/div>\r\n                <\/div>[\/vc_column][\/vc_row]<\/p>\n<\/div>","protected":false},"excerpt":{"rendered":"<p>[vc_row][vc_column][vc_column_text] PADI IDC Koh Tao \u2022 Vielgestellte Fragen Wie mit den meisten Dingen im Leben gibt es immer ein paar kleine Sachen die in dir aufkommen, wenn du viele Informationen liest. Unten aufgef\u00fchrt sind einige der h\u00e4ufigsten gestellten Fragen, welche wir von unseren angehenden Profi-Level Internship Kandidaten bekommen. Diese Liste ist keinesfalls komplett und nur [&hellip;]<\/p>\n","protected":false},"author":1,"featured_media":1179,"parent":0,"menu_order":0,"comment_status":"closed","ping_status":"closed","template":"","meta":{"_acf_changed":false,"footnotes":""},"class_list":["post-1854","page","type-page","status-publish","has-post-thumbnail","hentry"],"acf":[],"yoast_head":"<!-- This site is optimized with the Yoast SEO Premium plugin v27.5 (Yoast SEO v27.5) - https:\/\/yoast.com\/product\/yoast-seo-premium-wordpress\/ -->\n<title>IDC Koh Tao \u2022 Frequently Asked Questions<\/title>\n<meta name=\"description\" content=\"Die IDC Koh Tao &quot;Frequently Asked Questions&quot; Seite beantwortet viele der h\u00e4ufigsten Fragen, welche IDC Kandidaten stellen. Schreibt uns f\u00fcr weitere Informationen\" \/>\n<meta name=\"robots\" content=\"index, follow, max-snippet:-1, max-image-preview:large, max-video-preview:-1\" \/>\n<link rel=\"canonical\" href=\"https:\/\/idckohtao.com\/de\/faqs\/\" \/>\n<meta property=\"og:locale\" content=\"de_DE\" \/>\n<meta property=\"og:type\" content=\"article\" \/>\n<meta property=\"og:title\" content=\"IDC Koh Tao \u2022 Frequently Asked Questions\" \/>\n<meta property=\"og:description\" content=\"Die IDC Koh Tao &quot;Frequently Asked Questions&quot; Seite beantwortet viele der h\u00e4ufigsten Fragen, welche IDC Kandidaten stellen. Schreibt uns f\u00fcr weitere Informationen\" \/>\n<meta property=\"og:url\" content=\"https:\/\/idckohtao.com\/de\/faqs\/\" \/>\n<meta property=\"og:site_name\" content=\"IDC Koh Tao\" \/>\n<meta property=\"article:publisher\" content=\"https:\/\/www.facebook.com\/GoProIDCKohTao\" \/>\n<meta property=\"article:modified_time\" content=\"2023-09-16T22:09:46+00:00\" \/>\n<meta property=\"og:image\" content=\"https:\/\/idckohtao.com\/wp-content\/uploads\/2023\/08\/idckohtao.com-padi-instructor-development-course-and-scuba-diving-internship-lifestyle-packages-on-kohtao-crystal-dive-pools-1.jpg\" \/>\n\t<meta property=\"og:image:width\" content=\"1080\" \/>\n\t<meta property=\"og:image:height\" content=\"720\" \/>\n\t<meta property=\"og:image:type\" content=\"image\/jpeg\" \/>\n<meta name=\"twitter:card\" content=\"summary_large_image\" \/>\n<meta name=\"twitter:title\" content=\"IDC Koh Tao \u2022 Frequently Asked Questions\" \/>\n<meta name=\"twitter:description\" content=\"Die IDC Koh Tao &quot;Frequently Asked Questions&quot; Seite beantwortet viele der h\u00e4ufigsten Fragen, welche IDC Kandidaten stellen. Schreibt uns f\u00fcr weitere Informationen\" \/>\n<meta name=\"twitter:site\" content=\"@GoProIDCKohTao\" \/>\n<!-- \/ Yoast SEO Premium plugin. -->","yoast_head_json":{"title":"IDC Koh Tao \u2022 Frequently Asked Questions","description":"Die IDC Koh Tao \"Frequently Asked Questions\" Seite beantwortet viele der h\u00e4ufigsten Fragen, welche IDC Kandidaten stellen. Schreibt uns f\u00fcr weitere Informationen","robots":{"index":"index","follow":"follow","max-snippet":"max-snippet:-1","max-image-preview":"max-image-preview:large","max-video-preview":"max-video-preview:-1"},"canonical":"https:\/\/idckohtao.com\/de\/faqs\/","og_locale":"de_DE","og_type":"article","og_title":"IDC Koh Tao \u2022 Frequently Asked Questions","og_description":"Die IDC Koh Tao \"Frequently Asked Questions\" Seite beantwortet viele der h\u00e4ufigsten Fragen, welche IDC Kandidaten stellen. Schreibt uns f\u00fcr weitere Informationen","og_url":"https:\/\/idckohtao.com\/de\/faqs\/","og_site_name":"IDC Koh Tao","article_publisher":"https:\/\/www.facebook.com\/GoProIDCKohTao","article_modified_time":"2023-09-16T22:09:46+00:00","og_image":[{"width":1080,"height":720,"url":"https:\/\/idckohtao.com\/wp-content\/uploads\/2023\/08\/idckohtao.com-padi-instructor-development-course-and-scuba-diving-internship-lifestyle-packages-on-kohtao-crystal-dive-pools-1.jpg","type":"image\/jpeg"}],"twitter_card":"summary_large_image","twitter_title":"IDC Koh Tao \u2022 Frequently Asked Questions","twitter_description":"Die IDC Koh Tao \"Frequently Asked Questions\" Seite beantwortet viele der h\u00e4ufigsten Fragen, welche IDC Kandidaten stellen. Schreibt uns f\u00fcr weitere Informationen","twitter_site":"@GoProIDCKohTao","schema":{"@context":"https:\/\/schema.org","@graph":[{"@type":"NewsArticle","@id":"https:\/\/idckohtao.com\/de\/faqs\/#article","isPartOf":{"@id":"https:\/\/idckohtao.com\/de\/faqs\/"},"author":{"name":"ojasya","@id":"https:\/\/idckohtao.com\/de\/#\/schema\/person\/d08d557cbfdbc171f824052dae697b02"},"headline":"FAQ\u2019S","datePublished":"2023-08-08T13:28:31+00:00","dateModified":"2023-09-16T22:09:46+00:00","mainEntityOfPage":{"@id":"https:\/\/idckohtao.com\/de\/faqs\/"},"wordCount":854,"publisher":{"@id":"https:\/\/idckohtao.com\/de\/#organization"},"image":{"@id":"https:\/\/idckohtao.com\/de\/faqs\/#primaryimage"},"thumbnailUrl":"https:\/\/idckohtao.com\/wp-content\/uploads\/2023\/08\/idckohtao.com-padi-instructor-development-course-and-scuba-diving-internship-lifestyle-packages-on-kohtao-crystal-dive-pools-1.jpg","inLanguage":"de"},{"@type":"WebPage","@id":"https:\/\/idckohtao.com\/de\/faqs\/","url":"https:\/\/idckohtao.com\/de\/faqs\/","name":"IDC Koh Tao \u2022 Frequently Asked Questions","isPartOf":{"@id":"https:\/\/idckohtao.com\/de\/#website"},"primaryImageOfPage":{"@id":"https:\/\/idckohtao.com\/de\/faqs\/#primaryimage"},"image":{"@id":"https:\/\/idckohtao.com\/de\/faqs\/#primaryimage"},"thumbnailUrl":"https:\/\/idckohtao.com\/wp-content\/uploads\/2023\/08\/idckohtao.com-padi-instructor-development-course-and-scuba-diving-internship-lifestyle-packages-on-kohtao-crystal-dive-pools-1.jpg","datePublished":"2023-08-08T13:28:31+00:00","dateModified":"2023-09-16T22:09:46+00:00","description":"Die IDC Koh Tao \"Frequently Asked Questions\" Seite beantwortet viele der h\u00e4ufigsten Fragen, welche IDC Kandidaten stellen. Schreibt uns f\u00fcr weitere Informationen","breadcrumb":{"@id":"https:\/\/idckohtao.com\/de\/faqs\/#breadcrumb"},"inLanguage":"de","potentialAction":[{"@type":"ReadAction","target":["https:\/\/idckohtao.com\/de\/faqs\/"]}]},{"@type":"ImageObject","inLanguage":"de","@id":"https:\/\/idckohtao.com\/de\/faqs\/#primaryimage","url":"https:\/\/idckohtao.com\/wp-content\/uploads\/2023\/08\/idckohtao.com-padi-instructor-development-course-and-scuba-diving-internship-lifestyle-packages-on-kohtao-crystal-dive-pools-1.jpg","contentUrl":"https:\/\/idckohtao.com\/wp-content\/uploads\/2023\/08\/idckohtao.com-padi-instructor-development-course-and-scuba-diving-internship-lifestyle-packages-on-kohtao-crystal-dive-pools-1.jpg","width":1080,"height":720},{"@type":"BreadcrumbList","@id":"https:\/\/idckohtao.com\/de\/faqs\/#breadcrumb","itemListElement":[{"@type":"ListItem","position":1,"name":"Home","item":"https:\/\/idckohtao.com\/de\/"},{"@type":"ListItem","position":2,"name":"FAQ\u2019S"}]},{"@type":"WebSite","@id":"https:\/\/idckohtao.com\/de\/#website","url":"https:\/\/idckohtao.com\/de\/","name":"IDC Koh Tao","description":"PADI IDC 5 Star Diving Center in Koh Tao - Thailand","publisher":{"@id":"https:\/\/idckohtao.com\/de\/#organization"},"alternateName":"IDC Koh Tao in Thailand","potentialAction":[{"@type":"SearchAction","target":{"@type":"EntryPoint","urlTemplate":"https:\/\/idckohtao.com\/de\/?s={search_term_string}"},"query-input":{"@type":"PropertyValueSpecification","valueRequired":true,"valueName":"search_term_string"}}],"inLanguage":"de"},{"@type":"Organization","@id":"https:\/\/idckohtao.com\/de\/#organization","name":"IDC Koh Tao","alternateName":"IDC Koh Tao | Divemaster & Diving Instructor","url":"https:\/\/idckohtao.com\/de\/","logo":{"@type":"ImageObject","inLanguage":"de","@id":"https:\/\/idckohtao.com\/de\/#\/schema\/logo\/image\/","url":"https:\/\/idckohtao.com\/wp-content\/uploads\/2023\/09\/idckohtao.com-padi-diving-center-in-koh-tao-thailand.png","contentUrl":"https:\/\/idckohtao.com\/wp-content\/uploads\/2023\/09\/idckohtao.com-padi-diving-center-in-koh-tao-thailand.png","width":400,"height":300,"caption":"IDC Koh Tao"},"image":{"@id":"https:\/\/idckohtao.com\/de\/#\/schema\/logo\/image\/"},"sameAs":["https:\/\/www.facebook.com\/GoProIDCKohTao","https:\/\/x.com\/GoProIDCKohTao","https:\/\/www.youtube.com\/idckohtao","https:\/\/www.instagram.com\/idc.kohtao\/"],"description":"IDC Koh Tao is a part of the Black Turtle Dive pro level training team with three PADI Course Directors being led by Award Winning PADI Course Director Matt Bolton. Our full range of pro and recreational PADI Diving Courses provides aspiring scuba divers with education, fun, excitement, adventure, and a change of lifestyle or an opportunity to pursue a new career.","email":"info@idckohtao.com","legalName":"IDC Koh Tao","foundingDate":"2004-01-04","numberOfEmployees":{"@type":"QuantitativeValue","minValue":"1","maxValue":"10"},"correctionsPolicy":"https:\/\/idckohtao.com\/privacy-policy\/","ethicsPolicy":"https:\/\/idckohtao.com\/terms\/"},{"@type":"Person","@id":"https:\/\/idckohtao.com\/de\/#\/schema\/person\/d08d557cbfdbc171f824052dae697b02","name":"ojasya","image":{"@type":"ImageObject","inLanguage":"de","@id":"https:\/\/secure.gravatar.com\/avatar\/6fb34e36d09053a6545fc21d344613321bb1933f185132488f38052166f5a001?s=96&d=mm&r=g","url":"https:\/\/secure.gravatar.com\/avatar\/6fb34e36d09053a6545fc21d344613321bb1933f185132488f38052166f5a001?s=96&d=mm&r=g","contentUrl":"https:\/\/secure.gravatar.com\/avatar\/6fb34e36d09053a6545fc21d344613321bb1933f185132488f38052166f5a001?s=96&d=mm&r=g","caption":"ojasya"},"sameAs":["https:\/\/idckohtao.com"],"url":"https:\/\/idckohtao.com\/de\/blog\/author\/ojasya\/"}]}},"_links":{"self":[{"href":"https:\/\/idckohtao.com\/de\/wp-json\/wp\/v2\/pages\/1854","targetHints":{"allow":["GET"]}}],"collection":[{"href":"https:\/\/idckohtao.com\/de\/wp-json\/wp\/v2\/pages"}],"about":[{"href":"https:\/\/idckohtao.com\/de\/wp-json\/wp\/v2\/types\/page"}],"author":[{"embeddable":true,"href":"https:\/\/idckohtao.com\/de\/wp-json\/wp\/v2\/users\/1"}],"replies":[{"embeddable":true,"href":"https:\/\/idckohtao.com\/de\/wp-json\/wp\/v2\/comments?post=1854"}],"version-history":[{"count":0,"href":"https:\/\/idckohtao.com\/de\/wp-json\/wp\/v2\/pages\/1854\/revisions"}],"wp:featuredmedia":[{"embeddable":true,"href":"https:\/\/idckohtao.com\/de\/wp-json\/wp\/v2\/media\/1179"}],"wp:attachment":[{"href":"https:\/\/idckohtao.com\/de\/wp-json\/wp\/v2\/media?parent=1854"}],"curies":[{"name":"wp","href":"https:\/\/api.w.org\/{rel}","templated":true}]}}