{"id":1857,"date":"2023-08-11T08:38:35","date_gmt":"2023-08-11T08:38:35","guid":{"rendered":"https:\/\/idckohtao.com\/fish-id-instructor-specialty\/"},"modified":"2026-01-01T08:31:18","modified_gmt":"2026-01-01T08:31:18","slug":"fish-id-instructor-specialty","status":"publish","type":"page","link":"https:\/\/idckohtao.com\/de\/pro-level-courses\/fish-id-instructor-specialty\/","title":{"rendered":"Fischbestimmungs-Spezialist Instructorkurs"},"content":{"rendered":"<div class=\"wpb-content-wrapper\"><p>[vc_row][vc_column][vc_column_text]<\/p>\n<div class=\"single-post-detail\">\n<div class=\"et_pb_module et_pb_text et_pb_text_10 et_pb_bg_layout_light et_pb_text_align_center\">\n<div class=\"et_pb_text_inner\">\n<h2>MSDT \u2022 PADI Spezialist Instructorkurs, Koh Tao, Thailand<\/h2>\n<\/div>\n<\/div>\n<p>Eine der h\u00e4ufigsten Fragen, die Tauchsch\u00fcler ihrem PADI Tauchlehrer stellen ist: \u201cWas war das f\u00fcr ein Fisch?\u201d Die Ausbildung als PADI Fischbestimmungs-Instructor wird dir helfen, diese Frage zu beantworten, indem du deine eigene F\u00e4higkeiten verbesserst, um korrekt Fische unter Wasser zu identifizieren. Du kannst ebenso den popul\u00e4ren Fischbestimmungs-Spezialkurs deinen Sch\u00fclern anbieten.<\/p>\n<p>Deinen Sch\u00fclern beizubringen, wie sie die richtige Fischfamilie erkennen k\u00f6nnen wird es ihnen einfach machen, die genaue Spezies zu finden, die sie auf ihrem Tauchgang gesehen haben.<\/p>\n<p>Zum Beispiel wird ein Zackenbarsch in der Karibik \u00e4hnliche Form und Charakteristika haben wie ein Zackenbarsch in S\u00fcdostasien, aber Farbe und Muster k\u00f6nnen komplett anders sein.<\/p>\n<p><b>Kenne deine Fische!<\/b><\/p>\n<p>Koh Tao hat Fischvielfalt im \u00dcberflu\u00df; von Makrelenschw\u00e4rmen, Barrakudas &amp; Schnappern, die meist an tieferen Tauchpl\u00e4tzen wie Chumphon Pinnacle gesehen werden bis zu Papageienfischen und Falterfischen an den flacheren Riffen n\u00e4her an der Insel.<\/p>\n<p>Koh Tao hat eine Vielzahl von Tauchpl\u00e4tzen, gef\u00fcllt mit Fischen, die f\u00fcr dich ideal sind, diesen popul\u00e4ren PADI Spezialkurs zu unterrichten.<\/p>\n<p><img decoding=\"async\" class=\"alignnone wp-image-986 size-large\" src=\"https:\/\/idckohtao.com\/wp-content\/uploads\/2023\/08\/idckohtao.com-padi-fish-id-instructor-specialties-1024x663.jpg\" sizes=\"(max-width: 1024px) 100vw, 1024px\" srcset=\"https:\/\/idckohtao.com\/wp-content\/uploads\/2023\/08\/idckohtao.com-padi-fish-id-instructor-specialties-1024x663.jpg 1024w, https:\/\/idckohtao.com\/wp-content\/uploads\/2023\/08\/idckohtao.com-padi-fish-id-instructor-specialties-300x194.jpg 300w, https:\/\/idckohtao.com\/wp-content\/uploads\/2023\/08\/idckohtao.com-padi-fish-id-instructor-specialties-768x497.jpg 768w, https:\/\/idckohtao.com\/wp-content\/uploads\/2023\/08\/idckohtao.com-padi-fish-id-instructor-specialties.jpg 1080w\" alt=\"idckohtao.com-padi-fish-id-instructor-specialties\" width=\"1024\" height=\"663\" \/><\/p>\n<p>Der PADI Fischbestimmungs-Spezialkurs kann \u00fcber einen Tag geplant werden.<\/p>\n<p>Du wirst lernen, wie du deinen Sch\u00fclern beibringst, Charakteristika von lokalen Fischfamilien und -spezies zu identifizieren, Beobachtungstechniken inklusive Lebensraum und Bestand anzuwenden und sie \u00fcber Project AWARE Aktivit\u00e4ten aufzukl\u00e4ren, die dem Schutz des Unterwasserlebens dienen.<\/p>\n<p>Der PADI Fischbestimmungs-Spezialkurs ist fokussiert auf Fischfamilien und -spezies, welche in der lokalen Tauchumgebung auf Koh Tao gefunden werden.<\/p>\n<p><b>Wer kann sich f\u00fcr den PADI Fischbestimmungs-Spezialist Instructor Kurs anmelden?<br \/>\n<\/b><\/p>\n<p>Ein\u00a0<a href=\"https:\/\/idckohtao.com\/de\/pro-level-courses\/padi-instructor-development-course\/\">PADI Open Water Scuba Instructor (OWSI)<\/a>\u00a0im aktiven Status.<\/p>\n<p>Anmerkung: IDC \/ OWSI Kandidaten k\u00f6nnen an einem PADI Fischbestimmung Spezialist Instructorkurs teilnehmen, k\u00f6nnen sich f\u00fcr die Zertifizierung als Spezialist-Tauchlehrer jedoch erst nach erfolgreicher Tauchlehrerpr\u00fcfung (IE) anmelden.<\/p>\n<p>Fischbestimmungs-Tauchlehrer ben\u00f6tigen mindestens 10 Fischbestimmungstauchg\u00e4nge vor Zertifizierung. Dies ist Voraussetzung f\u00fcr die Zertifizierung und kann nach dem Spezialist-Instructorkurs erfolgen.<\/p>\n<p><img decoding=\"async\" class=\"alignnone wp-image-984 size-large\" src=\"https:\/\/idckohtao.com\/wp-content\/uploads\/2023\/08\/idckohtao.com-padi-fish-id-instructor-specialty-kohtao-islands-1024x576.jpg\" sizes=\"(max-width: 1024px) 100vw, 1024px\" srcset=\"https:\/\/idckohtao.com\/wp-content\/uploads\/2023\/08\/idckohtao.com-padi-fish-id-instructor-specialty-kohtao-islands-1024x576.jpg 1024w, https:\/\/idckohtao.com\/wp-content\/uploads\/2023\/08\/idckohtao.com-padi-fish-id-instructor-specialty-kohtao-islands-300x169.jpg 300w, https:\/\/idckohtao.com\/wp-content\/uploads\/2023\/08\/idckohtao.com-padi-fish-id-instructor-specialty-kohtao-islands-768x432.jpg 768w, https:\/\/idckohtao.com\/wp-content\/uploads\/2023\/08\/idckohtao.com-padi-fish-id-instructor-specialty-kohtao-islands.jpg 1080w\" alt=\"idckohtao.com-padi-fish-id-instructor-specialty-kohtao-islands\" width=\"1024\" height=\"576\" \/><\/p>\n<h2><b>Was wirst du lernen?<\/b><\/h2>\n<p>Du wirst an den folgenden Einheiten teilnehmen:<\/p>\n<ul>\n<li>Eine Klassenzimmerpr\u00e4sentation \u00fcber die Wiederholungsfragen des Fischbestimmungs-Spezialkurses geben<\/li>\n<li>Standards, Prozeduren und Ablauf des Fischbestimmungs-Spezialkurses<\/li>\n<li>Organisation und Durchf\u00fchrung des PADI Fischbestimmungs-Spezialkurses<\/li>\n<li>Freiwasserausbildung \u2013 Demonstration, Durchf\u00fchrung und Bewertung von Tauchsch\u00fcler-Fertigkeiten des Fischbestimmungs-Spezialkurses.<\/li>\n<\/ul>\n<p>Du wirst die Freiwassertauchg\u00e4nge dieses Spezialkurses an einem der zahlreichen geeigneten lokalen Tauchpl\u00e4tze machen.<\/p>\n<p>Als PADI Fischbestimmungs-Tauchlehrer bist du zertifiziert, um den <strong>PADI Fischbestimmungs-Spezialkurs<\/strong> selbst\u00e4ndig zu unterrichten.<\/p>\n<\/div>\n<p>[\/vc_column_text]<div class=\"text-left\"><div class=\"bt-course-price\"><h4>Kurspreis: 4,000 THB<\/h4><a href=\"https:\/\/idckohtao.com\/de\/packages-prices\" class=\"button\">ONLINE BUCHEN<\/a><\/div><\/div>[vc_column_text css=&#8220;&#8220;]<b>PADI Materialien<\/b><\/p>\n<p><i>Bitte bringe die folgenden Materialien mit. Du hast diese als Teil deines IDC Crewpack erhalten.-PADI Spezialkurs Instructor Manual (CD-Rom)<\/i><\/p>\n<p>Zus\u00e4tzlich ben\u00f6tigst du ein Exemplar des PADI Instructor Manual. Seit 2010 steht dieses f\u00fcr PADI Mitglieder im aktiven Status als kostenloser Download unter diesem Link zur Verf\u00fcgung:<a href=\"https:\/\/www.padi.com\/mypadi\/\" target=\"_blank\" rel=\"noopener\"> www.padi.com\/mypadi<\/a><\/p>\n<p><b>PADI Geb\u00fchren<\/b><\/p>\n<p>PADI Fischbestimmung Instructor Anmeldung:\u00a0<b>AUD$ 145<\/b>[\/vc_column_text][\/vc_column][\/vc_row]<\/p>\n<\/div>","protected":false},"excerpt":{"rendered":"<p>[vc_row][vc_column][vc_column_text] MSDT \u2022 PADI Spezialist Instructorkurs, Koh Tao, Thailand Eine der h\u00e4ufigsten Fragen, die Tauchsch\u00fcler ihrem PADI Tauchlehrer stellen ist: \u201cWas war das f\u00fcr ein Fisch?\u201d Die Ausbildung als PADI Fischbestimmungs-Instructor wird dir helfen, diese Frage zu beantworten, indem du deine eigene F\u00e4higkeiten verbesserst, um korrekt Fische unter Wasser zu identifizieren. Du kannst ebenso den [&hellip;]<\/p>\n","protected":false},"author":1,"featured_media":5086,"parent":7935,"menu_order":0,"comment_status":"closed","ping_status":"closed","template":"","meta":{"_acf_changed":false,"footnotes":""},"class_list":["post-1857","page","type-page","status-publish","has-post-thumbnail","hentry"],"acf":[],"yoast_head":"<!-- This site is optimized with the Yoast SEO Premium plugin v27.5 (Yoast SEO v27.5) - https:\/\/yoast.com\/product\/yoast-seo-premium-wordpress\/ -->\n<title>IDC Koh Tao | PADI Fischbestimmung Instructor Kurs<\/title>\n<meta name=\"description\" content=\"Unser PADI Fischbestimmungs-Instructor Spezialkurs auf Koh Tao zertifiziert dich als ein Spezialkurs Tauchlehrer um korrekt Fischfamilien zu identifizieren\" \/>\n<meta name=\"robots\" content=\"index, follow, max-snippet:-1, max-image-preview:large, max-video-preview:-1\" \/>\n<link rel=\"canonical\" href=\"https:\/\/idckohtao.com\/de\/pro-level-courses\/fish-id-instructor-specialty\/\" \/>\n<meta property=\"og:locale\" content=\"de_DE\" \/>\n<meta property=\"og:type\" content=\"article\" \/>\n<meta property=\"og:title\" content=\"IDC Koh Tao | PADI Fischbestimmung Instructor Kurs\" \/>\n<meta property=\"og:description\" content=\"Unser PADI Fischbestimmungs-Instructor Spezialkurs auf Koh Tao zertifiziert dich als ein Spezialkurs Tauchlehrer um korrekt Fischfamilien zu identifizieren\" \/>\n<meta property=\"og:url\" content=\"https:\/\/idckohtao.com\/de\/pro-level-courses\/fish-id-instructor-specialty\/\" \/>\n<meta property=\"og:site_name\" content=\"IDC Koh Tao\" \/>\n<meta property=\"article:publisher\" content=\"https:\/\/www.facebook.com\/GoProIDCKohTao\" \/>\n<meta property=\"article:modified_time\" content=\"2026-01-01T08:31:18+00:00\" \/>\n<meta property=\"og:image\" content=\"https:\/\/idckohtao.com\/wp-content\/uploads\/2023\/09\/idckohtao.com-fish-identification-course-in-koh-tao-thailand.jpeg\" \/>\n\t<meta property=\"og:image:width\" content=\"1200\" \/>\n\t<meta property=\"og:image:height\" content=\"765\" \/>\n\t<meta property=\"og:image:type\" content=\"image\/jpeg\" \/>\n<meta name=\"twitter:card\" content=\"summary_large_image\" \/>\n<meta name=\"twitter:title\" content=\"IDC Koh Tao | PADI Fischbestimmung Instructor Kurs\" \/>\n<meta name=\"twitter:description\" content=\"Unser PADI Fischbestimmungs-Instructor Spezialkurs auf Koh Tao zertifiziert dich als ein Spezialkurs Tauchlehrer um korrekt Fischfamilien zu identifizieren\" \/>\n<meta name=\"twitter:site\" content=\"@GoProIDCKohTao\" \/>\n<!-- \/ Yoast SEO Premium plugin. -->","yoast_head_json":{"title":"IDC Koh Tao | PADI Fischbestimmung Instructor Kurs","description":"Unser PADI Fischbestimmungs-Instructor Spezialkurs auf Koh Tao zertifiziert dich als ein Spezialkurs Tauchlehrer um korrekt Fischfamilien zu identifizieren","robots":{"index":"index","follow":"follow","max-snippet":"max-snippet:-1","max-image-preview":"max-image-preview:large","max-video-preview":"max-video-preview:-1"},"canonical":"https:\/\/idckohtao.com\/de\/pro-level-courses\/fish-id-instructor-specialty\/","og_locale":"de_DE","og_type":"article","og_title":"IDC Koh Tao | PADI Fischbestimmung Instructor Kurs","og_description":"Unser PADI Fischbestimmungs-Instructor Spezialkurs auf Koh Tao zertifiziert dich als ein Spezialkurs Tauchlehrer um korrekt Fischfamilien zu identifizieren","og_url":"https:\/\/idckohtao.com\/de\/pro-level-courses\/fish-id-instructor-specialty\/","og_site_name":"IDC Koh Tao","article_publisher":"https:\/\/www.facebook.com\/GoProIDCKohTao","article_modified_time":"2026-01-01T08:31:18+00:00","og_image":[{"width":1200,"height":765,"url":"https:\/\/idckohtao.com\/wp-content\/uploads\/2023\/09\/idckohtao.com-fish-identification-course-in-koh-tao-thailand.jpeg","type":"image\/jpeg"}],"twitter_card":"summary_large_image","twitter_title":"IDC Koh Tao | PADI Fischbestimmung Instructor Kurs","twitter_description":"Unser PADI Fischbestimmungs-Instructor Spezialkurs auf Koh Tao zertifiziert dich als ein Spezialkurs Tauchlehrer um korrekt Fischfamilien zu identifizieren","twitter_site":"@GoProIDCKohTao","schema":{"@context":"https:\/\/schema.org","@graph":[{"@type":"NewsArticle","@id":"https:\/\/idckohtao.com\/de\/pro-level-courses\/fish-id-instructor-specialty\/#article","isPartOf":{"@id":"https:\/\/idckohtao.com\/de\/pro-level-courses\/fish-id-instructor-specialty\/"},"author":{"name":"ojasya","@id":"https:\/\/idckohtao.com\/de\/#\/schema\/person\/d08d557cbfdbc171f824052dae697b02"},"headline":"Fischbestimmungs-Spezialist Instructorkurs","datePublished":"2023-08-11T08:38:35+00:00","dateModified":"2026-01-01T08:31:18+00:00","mainEntityOfPage":{"@id":"https:\/\/idckohtao.com\/de\/pro-level-courses\/fish-id-instructor-specialty\/"},"wordCount":492,"publisher":{"@id":"https:\/\/idckohtao.com\/de\/#organization"},"image":{"@id":"https:\/\/idckohtao.com\/de\/pro-level-courses\/fish-id-instructor-specialty\/#primaryimage"},"thumbnailUrl":"https:\/\/idckohtao.com\/wp-content\/uploads\/2023\/09\/idckohtao.com-fish-identification-course-in-koh-tao-thailand.jpeg","inLanguage":"de"},{"@type":"WebPage","@id":"https:\/\/idckohtao.com\/de\/pro-level-courses\/fish-id-instructor-specialty\/","url":"https:\/\/idckohtao.com\/de\/pro-level-courses\/fish-id-instructor-specialty\/","name":"IDC Koh Tao | PADI Fischbestimmung Instructor Kurs","isPartOf":{"@id":"https:\/\/idckohtao.com\/de\/#website"},"primaryImageOfPage":{"@id":"https:\/\/idckohtao.com\/de\/pro-level-courses\/fish-id-instructor-specialty\/#primaryimage"},"image":{"@id":"https:\/\/idckohtao.com\/de\/pro-level-courses\/fish-id-instructor-specialty\/#primaryimage"},"thumbnailUrl":"https:\/\/idckohtao.com\/wp-content\/uploads\/2023\/09\/idckohtao.com-fish-identification-course-in-koh-tao-thailand.jpeg","datePublished":"2023-08-11T08:38:35+00:00","dateModified":"2026-01-01T08:31:18+00:00","description":"Unser PADI Fischbestimmungs-Instructor Spezialkurs auf Koh Tao zertifiziert dich als ein Spezialkurs Tauchlehrer um korrekt Fischfamilien zu identifizieren","breadcrumb":{"@id":"https:\/\/idckohtao.com\/de\/pro-level-courses\/fish-id-instructor-specialty\/#breadcrumb"},"inLanguage":"de","potentialAction":[{"@type":"ReadAction","target":["https:\/\/idckohtao.com\/de\/pro-level-courses\/fish-id-instructor-specialty\/"]}]},{"@type":"ImageObject","inLanguage":"de","@id":"https:\/\/idckohtao.com\/de\/pro-level-courses\/fish-id-instructor-specialty\/#primaryimage","url":"https:\/\/idckohtao.com\/wp-content\/uploads\/2023\/09\/idckohtao.com-fish-identification-course-in-koh-tao-thailand.jpeg","contentUrl":"https:\/\/idckohtao.com\/wp-content\/uploads\/2023\/09\/idckohtao.com-fish-identification-course-in-koh-tao-thailand.jpeg","width":1200,"height":765,"caption":"Fish Identification Instructor Specialty course"},{"@type":"BreadcrumbList","@id":"https:\/\/idckohtao.com\/de\/pro-level-courses\/fish-id-instructor-specialty\/#breadcrumb","itemListElement":[{"@type":"ListItem","position":1,"name":"Home","item":"https:\/\/idckohtao.com\/de\/"},{"@type":"ListItem","position":2,"name":"Pro level","item":"https:\/\/idckohtao.com\/de\/pro-level-courses\/"},{"@type":"ListItem","position":3,"name":"Fischbestimmungs-Spezialist Instructorkurs"}]},{"@type":"WebSite","@id":"https:\/\/idckohtao.com\/de\/#website","url":"https:\/\/idckohtao.com\/de\/","name":"IDC Koh Tao","description":"PADI IDC 5 Star Diving Center in Koh Tao - Thailand","publisher":{"@id":"https:\/\/idckohtao.com\/de\/#organization"},"alternateName":"IDC Koh Tao in Thailand","potentialAction":[{"@type":"SearchAction","target":{"@type":"EntryPoint","urlTemplate":"https:\/\/idckohtao.com\/de\/?s={search_term_string}"},"query-input":{"@type":"PropertyValueSpecification","valueRequired":true,"valueName":"search_term_string"}}],"inLanguage":"de"},{"@type":"Organization","@id":"https:\/\/idckohtao.com\/de\/#organization","name":"IDC Koh Tao","alternateName":"IDC Koh Tao | Divemaster & Diving Instructor","url":"https:\/\/idckohtao.com\/de\/","logo":{"@type":"ImageObject","inLanguage":"de","@id":"https:\/\/idckohtao.com\/de\/#\/schema\/logo\/image\/","url":"https:\/\/idckohtao.com\/wp-content\/uploads\/2023\/09\/idckohtao.com-padi-diving-center-in-koh-tao-thailand.png","contentUrl":"https:\/\/idckohtao.com\/wp-content\/uploads\/2023\/09\/idckohtao.com-padi-diving-center-in-koh-tao-thailand.png","width":400,"height":300,"caption":"IDC Koh Tao"},"image":{"@id":"https:\/\/idckohtao.com\/de\/#\/schema\/logo\/image\/"},"sameAs":["https:\/\/www.facebook.com\/GoProIDCKohTao","https:\/\/x.com\/GoProIDCKohTao","https:\/\/www.youtube.com\/idckohtao","https:\/\/www.instagram.com\/idc.kohtao\/"],"description":"IDC Koh Tao is a part of the Black Turtle Dive pro level training team with three PADI Course Directors being led by Award Winning PADI Course Director Matt Bolton. Our full range of pro and recreational PADI Diving Courses provides aspiring scuba divers with education, fun, excitement, adventure, and a change of lifestyle or an opportunity to pursue a new career.","email":"info@idckohtao.com","legalName":"IDC Koh Tao","foundingDate":"2004-01-04","numberOfEmployees":{"@type":"QuantitativeValue","minValue":"1","maxValue":"10"},"correctionsPolicy":"https:\/\/idckohtao.com\/privacy-policy\/","ethicsPolicy":"https:\/\/idckohtao.com\/terms\/"},{"@type":"Person","@id":"https:\/\/idckohtao.com\/de\/#\/schema\/person\/d08d557cbfdbc171f824052dae697b02","name":"ojasya","image":{"@type":"ImageObject","inLanguage":"de","@id":"https:\/\/secure.gravatar.com\/avatar\/6fb34e36d09053a6545fc21d344613321bb1933f185132488f38052166f5a001?s=96&d=mm&r=g","url":"https:\/\/secure.gravatar.com\/avatar\/6fb34e36d09053a6545fc21d344613321bb1933f185132488f38052166f5a001?s=96&d=mm&r=g","contentUrl":"https:\/\/secure.gravatar.com\/avatar\/6fb34e36d09053a6545fc21d344613321bb1933f185132488f38052166f5a001?s=96&d=mm&r=g","caption":"ojasya"},"sameAs":["https:\/\/idckohtao.com"],"url":"https:\/\/idckohtao.com\/de\/blog\/author\/ojasya\/"}]}},"_links":{"self":[{"href":"https:\/\/idckohtao.com\/de\/wp-json\/wp\/v2\/pages\/1857","targetHints":{"allow":["GET"]}}],"collection":[{"href":"https:\/\/idckohtao.com\/de\/wp-json\/wp\/v2\/pages"}],"about":[{"href":"https:\/\/idckohtao.com\/de\/wp-json\/wp\/v2\/types\/page"}],"author":[{"embeddable":true,"href":"https:\/\/idckohtao.com\/de\/wp-json\/wp\/v2\/users\/1"}],"replies":[{"embeddable":true,"href":"https:\/\/idckohtao.com\/de\/wp-json\/wp\/v2\/comments?post=1857"}],"version-history":[{"count":2,"href":"https:\/\/idckohtao.com\/de\/wp-json\/wp\/v2\/pages\/1857\/revisions"}],"predecessor-version":[{"id":7552,"href":"https:\/\/idckohtao.com\/de\/wp-json\/wp\/v2\/pages\/1857\/revisions\/7552"}],"up":[{"embeddable":true,"href":"https:\/\/idckohtao.com\/de\/wp-json\/wp\/v2\/pages\/7935"}],"wp:featuredmedia":[{"embeddable":true,"href":"https:\/\/idckohtao.com\/de\/wp-json\/wp\/v2\/media\/5086"}],"wp:attachment":[{"href":"https:\/\/idckohtao.com\/de\/wp-json\/wp\/v2\/media?parent=1857"}],"curies":[{"name":"wp","href":"https:\/\/api.w.org\/{rel}","templated":true}]}}