{"id":1867,"date":"2023-08-10T14:01:52","date_gmt":"2023-08-10T14:01:52","guid":{"rendered":"https:\/\/idckohtao.com\/padi-idc-koh-tao-schedule\/"},"modified":"2025-12-08T04:19:14","modified_gmt":"2025-12-08T04:19:14","slug":"padi-idc-koh-tao-schedule","status":"publish","type":"page","link":"https:\/\/idckohtao.com\/de\/pro-level-courses\/padi-idc-koh-tao-schedule\/","title":{"rendered":"IDC Termine"},"content":{"rendered":"<div class=\"wpb-content-wrapper\"><p>[vc_row][vc_column][vc_custom_heading text=&#8220;IDC Koh Tao \u2013 Instructor Development Course&#8220; font_container=&#8220;tag:h2|text_align:center&#8220; use_theme_fonts=&#8220;yes&#8220; css=&#8220;&#8220;][vc_custom_heading text=&#8220;2026 PADI IDC Schedule&#8220; font_container=&#8220;tag:h3|text_align:center&#8220; use_theme_fonts=&#8220;yes&#8220; css=&#8220;&#8220;][\/vc_column][\/vc_row][vc_row css=&#8220;.vc_custom_1691734163881{margin-top: 30px !important;margin-bottom: 40px !important;}&#8220;][vc_column][vc_column_text css=&#8220;&#8220;]<\/p>\n<p style=\"text-align: center;\">IDC Prep \u2013 Preparation<br \/>\nIDC \u2013 Instructor Development Course<br \/>\nPADI IE \u2013 PADI Instructor Exam<\/p>\n<p style=\"text-align: center;\">** 2026 ata kunnen veranderen, vraag om bevestiging<\/p>\n<p>[\/vc_column_text][\/vc_column][\/vc_row][vc_row][vc_column width=&#8220;1\/4&#8243;][vc_column_text css=&#8220;.vc_custom_1723277215307{border-top-width: 1px !important;border-right-width: 1px !important;border-bottom-width: 1px !important;border-left-width: 1px !important;padding-top: 20px !important;padding-right: 15px !important;padding-bottom: 20px !important;padding-left: 15px !important;border-left-style: solid !important;border-right-style: solid !important;border-top-style: solid !important;border-bottom-style: solid !important;}&#8220; el_class=&#8220;schedule-box&#8220;]<\/p>\n<h4 style=\"text-align: center;\"><strong>JANUAR<\/strong><\/h4>\n<p style=\"text-align: center;\">Prep \u2013 4th \u2013 5th<br \/>\nIDC 6th \u2013 19th<br \/>\nPADI IE 20th \u2013 21st<br \/>\nMSDT \u2013 23rd<\/p>\n<p>[\/vc_column_text][\/vc_column][vc_column width=&#8220;1\/4&#8243;][vc_column_text css=&#8220;.vc_custom_1723277233042{border-top-width: 1px !important;border-right-width: 1px !important;border-bottom-width: 1px !important;border-left-width: 1px !important;padding-top: 20px !important;padding-right: 15px !important;padding-bottom: 20px !important;padding-left: 15px !important;border-left-style: solid !important;border-right-style: solid !important;border-top-style: solid !important;border-bottom-style: solid !important;}&#8220; el_class=&#8220;schedule-box&#8220;]<\/p>\n<h4 style=\"text-align: center;\"><strong>FEBRUAR<\/strong><\/h4>\n<p style=\"text-align: center;\">Prep \u2013 1st \u2013 2nd<br \/>\nIDC 3rd \u2013 16th<br \/>\nPADI IE 17th \u2013 18th<br \/>\nMSDT \u2013 20th<\/p>\n<p>[\/vc_column_text][\/vc_column][vc_column width=&#8220;1\/4&#8243;][vc_column_text css=&#8220;.vc_custom_1723277248279{border-top-width: 1px !important;border-right-width: 1px !important;border-bottom-width: 1px !important;border-left-width: 1px !important;padding-top: 20px !important;padding-right: 15px !important;padding-bottom: 20px !important;padding-left: 15px !important;border-left-style: solid !important;border-right-style: solid !important;border-top-style: solid !important;border-bottom-style: solid !important;}&#8220; el_class=&#8220;schedule-box&#8220;]<\/p>\n<h4 style=\"text-align: center;\"><strong>M\u00c4RZ<\/strong><\/h4>\n<p style=\"text-align: center;\">Prep \u2013 1st \u2013 2nd<br \/>\nIDC 3rd \u2013 16th<br \/>\nPADI IE 17th \u2013 18th<br \/>\nMSDT \u2013 20th<\/p>\n<p>[\/vc_column_text][\/vc_column][vc_column width=&#8220;1\/4&#8243;][vc_column_text css=&#8220;.vc_custom_1723277262238{border-top-width: 1px !important;border-right-width: 1px !important;border-bottom-width: 1px !important;border-left-width: 1px !important;padding-top: 20px !important;padding-right: 15px !important;padding-bottom: 20px !important;padding-left: 15px !important;border-left-style: solid !important;border-right-style: solid !important;border-top-style: solid !important;border-bottom-style: solid !important;}&#8220; el_class=&#8220;schedule-box&#8220;]<\/p>\n<h4 style=\"text-align: center;\"><strong>APRIL<\/strong><\/h4>\n<p style=\"text-align: center;\">Prep \u2013 5th \u2013 6th<br \/>\nIDC 7th \u2013 20th<br \/>\nPADI IE 21st \u2013 22nd<br \/>\nMSDT \u2013 24th<\/p>\n<p>[\/vc_column_text][\/vc_column][\/vc_row][vc_row][vc_column width=&#8220;1\/4&#8243;][vc_column_text css=&#8220;.vc_custom_1723277276955{border-top-width: 1px !important;border-right-width: 1px !important;border-bottom-width: 1px !important;border-left-width: 1px !important;padding-top: 20px !important;padding-right: 15px !important;padding-bottom: 20px !important;padding-left: 15px !important;border-left-style: solid !important;border-right-style: solid !important;border-top-style: solid !important;border-bottom-style: solid !important;}&#8220; el_class=&#8220;schedule-box&#8220;]<\/p>\n<h4 style=\"text-align: center;\"><strong>MAI<\/strong><\/h4>\n<p style=\"text-align: center;\">Prep \u2013 3rd \u2013 4th<br \/>\nIDC 5th \u2013 18th<br \/>\nPADI IE 19th \u2013 20th<br \/>\nMSDT \u2013 22nd<\/p>\n<p>[\/vc_column_text][\/vc_column][vc_column width=&#8220;1\/4&#8243;][vc_column_text css=&#8220;.vc_custom_1723277293771{border-top-width: 1px !important;border-right-width: 1px !important;border-bottom-width: 1px !important;border-left-width: 1px !important;padding-top: 20px !important;padding-right: 15px !important;padding-bottom: 20px !important;padding-left: 15px !important;border-left-style: solid !important;border-right-style: solid !important;border-top-style: solid !important;border-bottom-style: solid !important;}&#8220; el_class=&#8220;schedule-box&#8220;]<\/p>\n<h4 style=\"text-align: center;\"><strong>JUNI<\/strong><\/h4>\n<p style=\"text-align: center;\">Prep \u2013 7th \u2013 8th<br \/>\nIDC 9th \u2013 22nd<br \/>\nPADI IE 23rd \u2013 24th<br \/>\nMSDT \u2013 26th<\/p>\n<p>[\/vc_column_text][\/vc_column][vc_column width=&#8220;1\/4&#8243;][vc_column_text css=&#8220;.vc_custom_1723277310069{border-top-width: 1px !important;border-right-width: 1px !important;border-bottom-width: 1px !important;border-left-width: 1px !important;padding-top: 20px !important;padding-right: 15px !important;padding-bottom: 20px !important;padding-left: 15px !important;border-left-style: solid !important;border-right-style: solid !important;border-top-style: solid !important;border-bottom-style: solid !important;}&#8220; el_class=&#8220;schedule-box&#8220;]<\/p>\n<h4 style=\"text-align: center;\"><strong>JULI<\/strong><\/h4>\n<p style=\"text-align: center;\">Prep \u2013 5th \u2013 6th<br \/>\nIDC 7th \u2013 20th<br \/>\nPADI IE 21st \u2013 22nd<br \/>\nMSDT \u2013 24th<\/p>\n<p>[\/vc_column_text][\/vc_column][vc_column width=&#8220;1\/4&#8243;][vc_column_text css=&#8220;.vc_custom_1723277323721{border-top-width: 1px !important;border-right-width: 1px !important;border-bottom-width: 1px !important;border-left-width: 1px !important;padding-top: 20px !important;padding-right: 15px !important;padding-bottom: 20px !important;padding-left: 15px !important;border-left-style: solid !important;border-right-style: solid !important;border-top-style: solid !important;border-bottom-style: solid !important;}&#8220; el_class=&#8220;schedule-box&#8220;]<\/p>\n<h4 style=\"text-align: center;\"><strong>AUGUST<\/strong><\/h4>\n<p style=\"text-align: center;\">Prep \u2013 2nd \u2013 3rd<br \/>\nIDC 4th \u2013 17th<br \/>\nPADI IE 18th \u2013 19th<br \/>\nMSDT \u2013 21st<\/p>\n<p>[\/vc_column_text][\/vc_column][\/vc_row][vc_row][vc_column width=&#8220;1\/4&#8243;][vc_column_text css=&#8220;.vc_custom_1723277339888{border-top-width: 1px !important;border-right-width: 1px !important;border-bottom-width: 1px !important;border-left-width: 1px !important;padding-top: 20px !important;padding-right: 15px !important;padding-bottom: 20px !important;padding-left: 15px !important;border-left-style: solid !important;border-right-style: solid !important;border-top-style: solid !important;border-bottom-style: solid !important;}&#8220; el_class=&#8220;schedule-box&#8220;]<\/p>\n<h4 style=\"text-align: center;\"><strong>SEPTEMBER<\/strong><\/h4>\n<p style=\"text-align: center;\">Prep \u2013 6th \u2013 7th<br \/>\nIDC 8th \u2013 21st<br \/>\nPADI IE 22nd \u2013 23rd<br \/>\nMSDT \u2013 25th<\/p>\n<p>[\/vc_column_text][\/vc_column][vc_column width=&#8220;1\/4&#8243;][vc_column_text css=&#8220;.vc_custom_1723277354556{border-top-width: 1px !important;border-right-width: 1px !important;border-bottom-width: 1px !important;border-left-width: 1px !important;padding-top: 20px !important;padding-right: 15px !important;padding-bottom: 20px !important;padding-left: 15px !important;border-left-style: solid !important;border-right-style: solid !important;border-top-style: solid !important;border-bottom-style: solid !important;}&#8220; el_class=&#8220;schedule-box&#8220;]<\/p>\n<h4 style=\"text-align: center;\"><strong>OKTOBER<\/strong><\/h4>\n<p style=\"text-align: center;\">Prep \u2013 4th \u2013 5th<br \/>\nIDC 6th \u2013 19th<br \/>\nPADI IE 20th \u2013 21st<br \/>\nMSDT \u2013 23rd<\/p>\n<p>[\/vc_column_text][\/vc_column][vc_column width=&#8220;1\/4&#8243;][vc_column_text css=&#8220;.vc_custom_1723277366839{border-top-width: 1px !important;border-right-width: 1px !important;border-bottom-width: 1px !important;border-left-width: 1px !important;padding-top: 20px !important;padding-right: 15px !important;padding-bottom: 20px !important;padding-left: 15px !important;border-left-style: solid !important;border-right-style: solid !important;border-top-style: solid !important;border-bottom-style: solid !important;}&#8220; el_class=&#8220;schedule-box&#8220;]<\/p>\n<h4 style=\"text-align: center;\"><strong>NOVEMBER<\/strong><\/h4>\n<p style=\"text-align: center;\">Prep \u2013 8th \u2013 9th<br \/>\nID 10th \u2013 23rd<br \/>\nPADI IE 24th \u2013 25th<br \/>\nMSDT \u2013 27th<\/p>\n<p>[\/vc_column_text][\/vc_column][vc_column width=&#8220;1\/4&#8243;][vc_column_text css=&#8220;.vc_custom_1723277382207{border-top-width: 1px !important;border-right-width: 1px !important;border-bottom-width: 1px !important;border-left-width: 1px !important;padding-top: 20px !important;padding-right: 15px !important;padding-bottom: 20px !important;padding-left: 15px !important;border-left-style: solid !important;border-right-style: solid !important;border-top-style: solid !important;border-bottom-style: solid !important;}&#8220; el_class=&#8220;schedule-box&#8220;]<\/p>\n<h4 style=\"text-align: center;\"><strong>DEZEMBER<\/strong><\/h4>\n<p style=\"text-align: center;\">Prep &#8211; Nov 29th &#8211; 30th<br \/>\nIDC 1st \u2013 14th<br \/>\nPADI IE 15th \u2013 16th<br \/>\nMSDT &#8211; 18th<\/p>\n<p>[\/vc_column_text][\/vc_column][\/vc_row][vc_row][vc_column]<div class=\"text-center\"><div class=\"bt-course-price\"><a href=\"https:\/\/idckohtao.com\/wp-content\/uploads\/2025\/08\/idckohtao.com-IDC-schedule-2026.pdf\" class=\"button\">DOWNLOAD 2026 DATES<\/a><\/div><\/div>[vc_custom_heading text=&#8220;Alle unsere IDC Pakete beinhalten:&#8220; font_container=&#8220;tag:h3|text_align:center&#8220; use_theme_fonts=&#8220;yes&#8220;][vc_separator color=&#8220;white&#8220; border_width=&#8220;2&#8243; el_width=&#8220;10&#8243;][vc_column_text]<\/p>\n<p style=\"text-align: center;\">IDC Prep Vorbereitungskurs (Auffrischung Theorie &amp; Fertigkeiten)<br \/>\nGRATIS DAD Instructor-Kurs<br \/>\nGRATIS T-Shirt<br \/>\nMittagessen w\u00e4hrend dem IDC<br \/>\nTauchausr\u00fcstungsverleih<br \/>\n\u201cPass-Garantie\u201d \u2013 Im h\u00f6chst unwahrscheinlichen Fall, da\u00df du die Pr\u00fcfung nicht bestehst, werden wir f\u00fcr einen zweiten IDC &amp; IE bei uns bezahlen.<\/p>\n<p>[\/vc_column_text][\/vc_column][\/vc_row]<\/p>\n<\/div>","protected":false},"excerpt":{"rendered":"<p>[vc_row][vc_column][vc_custom_heading text=&#8220;IDC Koh Tao \u2013 Instructor Development Course&#8220; font_container=&#8220;tag:h2|text_align:center&#8220; use_theme_fonts=&#8220;yes&#8220; css=&#8220;&#8220;][vc_custom_heading text=&#8220;2026 PADI IDC Schedule&#8220; font_container=&#8220;tag:h3|text_align:center&#8220; use_theme_fonts=&#8220;yes&#8220; css=&#8220;&#8220;][\/vc_column][\/vc_row][vc_row css=&#8220;.vc_custom_1691734163881{margin-top: 30px !important;margin-bottom: 40px !important;}&#8220;][vc_column][vc_column_text css=&#8220;&#8220;] IDC Prep \u2013 Preparation IDC \u2013 Instructor Development Course PADI IE \u2013 PADI Instructor Exam ** 2026 ata kunnen veranderen, vraag om bevestiging [\/vc_column_text][\/vc_column][\/vc_row][vc_row][vc_column width=&#8220;1\/4&#8243;][vc_column_text css=&#8220;.vc_custom_1723277215307{border-top-width: 1px !important;border-right-width: 1px !important;border-bottom-width: 1px [&hellip;]<\/p>\n","protected":false},"author":1,"featured_media":4780,"parent":7935,"menu_order":0,"comment_status":"closed","ping_status":"closed","template":"page-no-sidebar.php","meta":{"_acf_changed":false,"footnotes":""},"class_list":["post-1867","page","type-page","status-publish","has-post-thumbnail","hentry"],"acf":[],"yoast_head":"<!-- This site is optimized with the Yoast SEO Premium plugin v27.5 (Yoast SEO v27.5) - https:\/\/yoast.com\/product\/yoast-seo-premium-wordpress\/ -->\n<title>PADI IDC Koh Tao | Termine f\u00fcr PADI Tauchlehrerkurse<\/title>\n<meta name=\"description\" content=\"IDC Abl\u00e4ufe f\u00fcr den PADI Instructor Development Kurs auf Koh Tao, Thailand. Download das 14-Tages-IDC Kursprogramm bei Black Turtle Dive Koh Tao Tauchausbildungscenter\" \/>\n<meta name=\"robots\" content=\"index, follow, max-snippet:-1, max-image-preview:large, max-video-preview:-1\" \/>\n<link rel=\"canonical\" href=\"https:\/\/idckohtao.com\/de\/pro-level-courses\/padi-idc-koh-tao-schedule\/\" \/>\n<meta property=\"og:locale\" content=\"de_DE\" \/>\n<meta property=\"og:type\" content=\"article\" \/>\n<meta property=\"og:title\" content=\"PADI IDC Koh Tao | Termine f\u00fcr PADI Tauchlehrerkurse\" \/>\n<meta property=\"og:description\" content=\"IDC Abl\u00e4ufe f\u00fcr den PADI Instructor Development Kurs auf Koh Tao, Thailand. Download das 14-Tages-IDC Kursprogramm bei Crystal Dive Koh Tao Tauchausbildungscenter\" \/>\n<meta property=\"og:url\" content=\"https:\/\/idckohtao.com\/de\/pro-level-courses\/padi-idc-koh-tao-schedule\/\" \/>\n<meta property=\"og:site_name\" content=\"IDC Koh Tao\" \/>\n<meta property=\"article:publisher\" content=\"https:\/\/www.facebook.com\/GoProIDCKohTao\" \/>\n<meta property=\"article:modified_time\" content=\"2025-12-08T04:19:14+00:00\" \/>\n<meta property=\"og:image\" content=\"https:\/\/idckohtao.com\/wp-content\/uploads\/2023\/09\/idckohtao.com-padi-instructor-development-course-in-thailand.jpg\" \/>\n\t<meta property=\"og:image:width\" content=\"1200\" \/>\n\t<meta property=\"og:image:height\" content=\"900\" \/>\n\t<meta property=\"og:image:type\" content=\"image\/jpeg\" \/>\n<meta name=\"twitter:card\" content=\"summary_large_image\" \/>\n<meta name=\"twitter:title\" content=\"PADI IDC Koh Tao | Termine f\u00fcr PADI Tauchlehrerkurse\" \/>\n<meta name=\"twitter:description\" content=\"IDC Abl\u00e4ufe f\u00fcr den PADI Instructor Development Kurs auf Koh Tao, Thailand. Download das 14-Tages-IDC Kursprogramm bei Crystal Dive Koh Tao Tauchausbildungscenter\" \/>\n<meta name=\"twitter:site\" content=\"@GoProIDCKohTao\" \/>\n<!-- \/ Yoast SEO Premium plugin. -->","yoast_head_json":{"title":"PADI IDC Koh Tao | Termine f\u00fcr PADI Tauchlehrerkurse","description":"IDC Abl\u00e4ufe f\u00fcr den PADI Instructor Development Kurs auf Koh Tao, Thailand. Download das 14-Tages-IDC Kursprogramm bei Black Turtle Dive Koh Tao Tauchausbildungscenter","robots":{"index":"index","follow":"follow","max-snippet":"max-snippet:-1","max-image-preview":"max-image-preview:large","max-video-preview":"max-video-preview:-1"},"canonical":"https:\/\/idckohtao.com\/de\/pro-level-courses\/padi-idc-koh-tao-schedule\/","og_locale":"de_DE","og_type":"article","og_title":"PADI IDC Koh Tao | Termine f\u00fcr PADI Tauchlehrerkurse","og_description":"IDC Abl\u00e4ufe f\u00fcr den PADI Instructor Development Kurs auf Koh Tao, Thailand. Download das 14-Tages-IDC Kursprogramm bei Crystal Dive Koh Tao Tauchausbildungscenter","og_url":"https:\/\/idckohtao.com\/de\/pro-level-courses\/padi-idc-koh-tao-schedule\/","og_site_name":"IDC Koh Tao","article_publisher":"https:\/\/www.facebook.com\/GoProIDCKohTao","article_modified_time":"2025-12-08T04:19:14+00:00","og_image":[{"width":1200,"height":900,"url":"https:\/\/idckohtao.com\/wp-content\/uploads\/2023\/09\/idckohtao.com-padi-instructor-development-course-in-thailand.jpg","type":"image\/jpeg"}],"twitter_card":"summary_large_image","twitter_title":"PADI IDC Koh Tao | Termine f\u00fcr PADI Tauchlehrerkurse","twitter_description":"IDC Abl\u00e4ufe f\u00fcr den PADI Instructor Development Kurs auf Koh Tao, Thailand. Download das 14-Tages-IDC Kursprogramm bei Crystal Dive Koh Tao Tauchausbildungscenter","twitter_site":"@GoProIDCKohTao","schema":{"@context":"https:\/\/schema.org","@graph":[{"@type":"NewsArticle","@id":"https:\/\/idckohtao.com\/de\/pro-level-courses\/padi-idc-koh-tao-schedule\/#article","isPartOf":{"@id":"https:\/\/idckohtao.com\/de\/pro-level-courses\/padi-idc-koh-tao-schedule\/"},"author":{"name":"ojasya","@id":"https:\/\/idckohtao.com\/de\/#\/schema\/person\/d08d557cbfdbc171f824052dae697b02"},"headline":"IDC Termine","datePublished":"2023-08-10T14:01:52+00:00","dateModified":"2025-12-08T04:19:14+00:00","mainEntityOfPage":{"@id":"https:\/\/idckohtao.com\/de\/pro-level-courses\/padi-idc-koh-tao-schedule\/"},"wordCount":1011,"publisher":{"@id":"https:\/\/idckohtao.com\/de\/#organization"},"image":{"@id":"https:\/\/idckohtao.com\/de\/pro-level-courses\/padi-idc-koh-tao-schedule\/#primaryimage"},"thumbnailUrl":"https:\/\/idckohtao.com\/wp-content\/uploads\/2023\/09\/idckohtao.com-padi-instructor-development-course-in-thailand.jpg","inLanguage":"de"},{"@type":"WebPage","@id":"https:\/\/idckohtao.com\/de\/pro-level-courses\/padi-idc-koh-tao-schedule\/","url":"https:\/\/idckohtao.com\/de\/pro-level-courses\/padi-idc-koh-tao-schedule\/","name":"PADI IDC Koh Tao | Termine f\u00fcr PADI Tauchlehrerkurse","isPartOf":{"@id":"https:\/\/idckohtao.com\/de\/#website"},"primaryImageOfPage":{"@id":"https:\/\/idckohtao.com\/de\/pro-level-courses\/padi-idc-koh-tao-schedule\/#primaryimage"},"image":{"@id":"https:\/\/idckohtao.com\/de\/pro-level-courses\/padi-idc-koh-tao-schedule\/#primaryimage"},"thumbnailUrl":"https:\/\/idckohtao.com\/wp-content\/uploads\/2023\/09\/idckohtao.com-padi-instructor-development-course-in-thailand.jpg","datePublished":"2023-08-10T14:01:52+00:00","dateModified":"2025-12-08T04:19:14+00:00","description":"IDC Abl\u00e4ufe f\u00fcr den PADI Instructor Development Kurs auf Koh Tao, Thailand. Download das 14-Tages-IDC Kursprogramm bei Black Turtle Dive Koh Tao Tauchausbildungscenter","breadcrumb":{"@id":"https:\/\/idckohtao.com\/de\/pro-level-courses\/padi-idc-koh-tao-schedule\/#breadcrumb"},"inLanguage":"de","potentialAction":[{"@type":"ReadAction","target":["https:\/\/idckohtao.com\/de\/pro-level-courses\/padi-idc-koh-tao-schedule\/"]}]},{"@type":"ImageObject","inLanguage":"de","@id":"https:\/\/idckohtao.com\/de\/pro-level-courses\/padi-idc-koh-tao-schedule\/#primaryimage","url":"https:\/\/idckohtao.com\/wp-content\/uploads\/2023\/09\/idckohtao.com-padi-instructor-development-course-in-thailand.jpg","contentUrl":"https:\/\/idckohtao.com\/wp-content\/uploads\/2023\/09\/idckohtao.com-padi-instructor-development-course-in-thailand.jpg","width":1200,"height":900,"caption":"PADI IDC Schedules on Koh Tao in Thailand"},{"@type":"BreadcrumbList","@id":"https:\/\/idckohtao.com\/de\/pro-level-courses\/padi-idc-koh-tao-schedule\/#breadcrumb","itemListElement":[{"@type":"ListItem","position":1,"name":"Home","item":"https:\/\/idckohtao.com\/de\/"},{"@type":"ListItem","position":2,"name":"Pro level","item":"https:\/\/idckohtao.com\/de\/pro-level-courses\/"},{"@type":"ListItem","position":3,"name":"IDC Termine"}]},{"@type":"WebSite","@id":"https:\/\/idckohtao.com\/de\/#website","url":"https:\/\/idckohtao.com\/de\/","name":"IDC Koh Tao","description":"PADI IDC 5 Star Diving Center in Koh Tao - Thailand","publisher":{"@id":"https:\/\/idckohtao.com\/de\/#organization"},"alternateName":"IDC Koh Tao in Thailand","potentialAction":[{"@type":"SearchAction","target":{"@type":"EntryPoint","urlTemplate":"https:\/\/idckohtao.com\/de\/?s={search_term_string}"},"query-input":{"@type":"PropertyValueSpecification","valueRequired":true,"valueName":"search_term_string"}}],"inLanguage":"de"},{"@type":"Organization","@id":"https:\/\/idckohtao.com\/de\/#organization","name":"IDC Koh Tao","alternateName":"IDC Koh Tao | Divemaster & Diving Instructor","url":"https:\/\/idckohtao.com\/de\/","logo":{"@type":"ImageObject","inLanguage":"de","@id":"https:\/\/idckohtao.com\/de\/#\/schema\/logo\/image\/","url":"https:\/\/idckohtao.com\/wp-content\/uploads\/2023\/09\/idckohtao.com-padi-diving-center-in-koh-tao-thailand.png","contentUrl":"https:\/\/idckohtao.com\/wp-content\/uploads\/2023\/09\/idckohtao.com-padi-diving-center-in-koh-tao-thailand.png","width":400,"height":300,"caption":"IDC Koh Tao"},"image":{"@id":"https:\/\/idckohtao.com\/de\/#\/schema\/logo\/image\/"},"sameAs":["https:\/\/www.facebook.com\/GoProIDCKohTao","https:\/\/x.com\/GoProIDCKohTao","https:\/\/www.youtube.com\/idckohtao","https:\/\/www.instagram.com\/idc.kohtao\/"],"description":"IDC Koh Tao is a part of the Black Turtle Dive pro level training team with three PADI Course Directors being led by Award Winning PADI Course Director Matt Bolton. Our full range of pro and recreational PADI Diving Courses provides aspiring scuba divers with education, fun, excitement, adventure, and a change of lifestyle or an opportunity to pursue a new career.","email":"info@idckohtao.com","legalName":"IDC Koh Tao","foundingDate":"2004-01-04","numberOfEmployees":{"@type":"QuantitativeValue","minValue":"1","maxValue":"10"},"correctionsPolicy":"https:\/\/idckohtao.com\/privacy-policy\/","ethicsPolicy":"https:\/\/idckohtao.com\/terms\/"},{"@type":"Person","@id":"https:\/\/idckohtao.com\/de\/#\/schema\/person\/d08d557cbfdbc171f824052dae697b02","name":"ojasya","image":{"@type":"ImageObject","inLanguage":"de","@id":"https:\/\/secure.gravatar.com\/avatar\/6fb34e36d09053a6545fc21d344613321bb1933f185132488f38052166f5a001?s=96&d=mm&r=g","url":"https:\/\/secure.gravatar.com\/avatar\/6fb34e36d09053a6545fc21d344613321bb1933f185132488f38052166f5a001?s=96&d=mm&r=g","contentUrl":"https:\/\/secure.gravatar.com\/avatar\/6fb34e36d09053a6545fc21d344613321bb1933f185132488f38052166f5a001?s=96&d=mm&r=g","caption":"ojasya"},"sameAs":["https:\/\/idckohtao.com"],"url":"https:\/\/idckohtao.com\/de\/blog\/author\/ojasya\/"}]}},"_links":{"self":[{"href":"https:\/\/idckohtao.com\/de\/wp-json\/wp\/v2\/pages\/1867","targetHints":{"allow":["GET"]}}],"collection":[{"href":"https:\/\/idckohtao.com\/de\/wp-json\/wp\/v2\/pages"}],"about":[{"href":"https:\/\/idckohtao.com\/de\/wp-json\/wp\/v2\/types\/page"}],"author":[{"embeddable":true,"href":"https:\/\/idckohtao.com\/de\/wp-json\/wp\/v2\/users\/1"}],"replies":[{"embeddable":true,"href":"https:\/\/idckohtao.com\/de\/wp-json\/wp\/v2\/comments?post=1867"}],"version-history":[{"count":5,"href":"https:\/\/idckohtao.com\/de\/wp-json\/wp\/v2\/pages\/1867\/revisions"}],"predecessor-version":[{"id":7503,"href":"https:\/\/idckohtao.com\/de\/wp-json\/wp\/v2\/pages\/1867\/revisions\/7503"}],"up":[{"embeddable":true,"href":"https:\/\/idckohtao.com\/de\/wp-json\/wp\/v2\/pages\/7935"}],"wp:featuredmedia":[{"embeddable":true,"href":"https:\/\/idckohtao.com\/de\/wp-json\/wp\/v2\/media\/4780"}],"wp:attachment":[{"href":"https:\/\/idckohtao.com\/de\/wp-json\/wp\/v2\/media?parent=1867"}],"curies":[{"name":"wp","href":"https:\/\/api.w.org\/{rel}","templated":true}]}}