{"id":1879,"date":"2023-08-08T08:32:18","date_gmt":"2023-08-08T08:32:18","guid":{"rendered":"https:\/\/idckohtao.com\/instructor-internship\/"},"modified":"2026-04-22T07:24:50","modified_gmt":"2026-04-22T07:24:50","slug":"instructor-internship","status":"publish","type":"page","link":"https:\/\/idckohtao.com\/de\/pro-level-courses\/instructor-internship\/","title":{"rendered":"Instructor Internship"},"content":{"rendered":"<div class=\"wpb-content-wrapper\"><p>[vc_row][vc_column][vc_column_text css=&#8220;&#8220;]<\/p>\n<div class=\"et_pb_module et_pb_text et_pb_text_10 et_pb_bg_layout_light et_pb_text_align_center\">\n<div class=\"et_pb_text_inner\">\n<h2>Komplettes PADI IDC Internship \u2013 \u201cReal Life\u201d Arbeitserfahrung<\/h2>\n<\/div>\n<\/div>\n<h3>PADI Diving Instructor Internship Thailand<\/h3>\n<p>IDC Koh Tao befindet sich im\u00a0<a href=\"https:\/\/www.blackturtledive.com\/\">Black Turtle Dive<\/a> Center\u00a0und bietet umfassende PADI Tauchlehrer Praktika von Anf\u00e4ngern bis hin zu voll zertifizierten Tauchlehrern mit jeglichen Tauchstatus.<\/p>\n<p>Unsere effektiven Tauchausbildungsprogramme sind auf die Bed\u00fcrfnisse jedes Kandidaten zugeschnitten und wir haben erfolgreich Tausende von Tauchern der Einstiegsklasse ausgebildet, die jetzt ihre eigenen\u00a0<a href=\"https:\/\/idckohtao.com\/de\/padi-diving-courses\/\">Tauchkurse<\/a>\u00a0auf der ganzen Welt unterrichten.<\/p>\n<p>Wir sind stolz auf die Qualit\u00e4t unserer Tauchausbildungsmethode und unsere PADI Tauchlehrer Praktikums sind perfekt f\u00fcr jeden, der eine neue Karriere beginnen und seinen Lebensstil \u00e4ndern m\u00f6chte.<\/p>\n<p>Matts preisgekr\u00f6ntes PADI Instructor Internship Programm deckt zweimal soviel Arbeit im Wasser ab wie gem\u00e4\u00df PADI Standards ben\u00f6tigt und wesentlich mehr als andere IDC Center anbieten.<\/p>\n<p><img decoding=\"async\" class=\"alignnone wp-image-328 size-large\" src=\"https:\/\/idckohtao.com\/wp-content\/uploads\/2023\/08\/idckohtao.com-padi-instructor-internships-kohtao-pool-skills-1024x649.jpg\" alt=\"idckohtao.com-padi-instructor-internships-kohtao-pool-skills\" width=\"1024\" height=\"649\" srcset=\"https:\/\/idckohtao.com\/wp-content\/uploads\/2023\/08\/idckohtao.com-padi-instructor-internships-kohtao-pool-skills-1024x649.jpg 1024w, https:\/\/idckohtao.com\/wp-content\/uploads\/2023\/08\/idckohtao.com-padi-instructor-internships-kohtao-pool-skills-300x190.jpg 300w, https:\/\/idckohtao.com\/wp-content\/uploads\/2023\/08\/idckohtao.com-padi-instructor-internships-kohtao-pool-skills-768x486.jpg 768w, https:\/\/idckohtao.com\/wp-content\/uploads\/2023\/08\/idckohtao.com-padi-instructor-internships-kohtao-pool-skills.jpg 1080w\" sizes=\"(max-width: 1024px) 100vw, 1024px\" \/><\/p>\n<p>Ebenfalls beinhaltet ist eine ausf\u00fchrliche Wiederholung von Tauchtheorie plus zus\u00e4tzliche Workshops in Tauchfertigkeiten, um deine Fertigkeiten im Wasser zu sch\u00e4rfen und zu verfeinern.lso included is an extensive review of dive theory plus additional skill development workshops to sharpen and fine-tune you\u2019re in water skills.<\/p>\n<div class=\"page\" title=\"Page 1\">\n<div class=\"section\">\n<div class=\"layoutArea\">\n<div class=\"column\">\n<p>Als ein PADI Career Development Centre (PADIs h\u00f6chste Einstufung!), hat sich IDC Koh Tao auf dedizierte Profi-Level Kurse und komplette \u201cAll-Inclusive\u201d-<a href=\"https:\/\/idckohtao.com\/de\/pro-level-courses\/scuba-diving-internships\/\">Tauch-Internship<\/a> Programme spezialisiert.<\/p>\n<\/div>\n<\/div>\n<\/div>\n<\/div>\n<p>Wir sind eines der etabliertesten und respektiertesten PADI Tauchcenter weltweit, und wurden bei vielen Anl\u00e4ssen f\u00fcr unsere Ausbildungsstandards, unser Niveau in Professionalit\u00e4t und Naturschutzaktivit\u00e4ten ausgezeichnet, mit \u00fcber 20 gewonnenen Preisen der Tauchindustrie.<\/p>\n<p>Dies beinhaltet, da\u00df wir als einzige in Thailand basierte Tauchoperation jemals den \u201cDiver Training Award\u201d f\u00fcr die\u00a0<a href=\"https:\/\/en.wikipedia.org\/wiki\/Asia-Pacific\" target=\"_blank\" rel=\"noopener\">Region S\u00fcdostasien<\/a>\u00a0gewonnen haben. Dieser Preis steht f\u00fcr \u2018Outstanding Achievements and Professionalism in Relation to raising the Standards in the Field of Diver Training.\u2019<\/p>\n<p>Ebenso haben wir den \u201c<a href=\"https:\/\/www.padi.com\/aware\" target=\"_blank\" rel=\"noopener\">Project AWARE<\/a>\u00a0Environmental Achievement Award\u201d dreimal gewonnen. Dies ist eine j\u00e4hrliche Auszeichung, welche \u2018exemplary Efforts to conserve aquatic Environments through Education, Advocacy and Action\u2019 auszeichnet.<\/p>\n<p>Unser Instructor Development Team, gef\u00fchrt vom mehrfach preisgekr\u00f6nten Platinum Course Director Matt Bolton wurde mit dem Instructor Development Preis f\u00fcr \u2018Outstanding Contribution to <a href=\"https:\/\/idckohtao.com\/pro-level-courses\/padi-instructor-development-course\/\">Instructor Development<\/a>\u2019 f\u00fcnffach ausgezeichnet \u2013 ein absoluter Rekord.<\/p>\n<h3>Komplettes PADI \u2018Lifestyle\u2019 Instructor Internship<\/h3>\n<div class=\"et_pb_module et_pb_text et_pb_text_12 et_pb_bg_layout_light et_pb_text_align_left\">\n<div class=\"et_pb_text_inner\">\n<ul>\n<li>PADI\u00a0<a href=\"https:\/\/idckohtao.com\/de\/open-water-course\/\">Open Water Tauchkurs<\/a><\/li>\n<li>PADI\u00a0<a href=\"https:\/\/idckohtao.com\/de\/advanced-open-water-course\/\">Fortgeschrittenen Open Water Tauchkurs<\/a><\/li>\n<li>Erste-Hilfe-Kurs f\u00fcr Prim\u00e4r- und Sekund\u00e4rversorgung<\/li>\n<li>PADI\u00a0<a href=\"https:\/\/idckohtao.com\/de\/rescue-diver-course\/\">Rettungstaucher Kurs<\/a><\/li>\n<li>PADI\u00a0<a href=\"https:\/\/idckohtao.com\/de\/pro-level-courses\/padi-divemaster-course\/\">Divemaster Kurs<\/a><\/li>\n<li>Workshop f\u00fcr neutrale Tarrierung und perfekte K\u00f6rperhaltung<\/li>\n<li>Riff\u00f6kologie- und\u00a0<a href=\"https:\/\/idckohtao.com\/de\/marine-conservation\/\">Naturschutzprogramm<\/a>\u00a0mit Riff\u00f6kologie-Seminar, Strandreinigung und Mikroplastik-Umfrage, Tauchgang gegen Umweltverschmutzung und Korallenpflege<\/li>\n<li>Workshop f\u00fcr social media und Online-Marketing<\/li>\n<li>Alle\u00a0<a href=\"https:\/\/idckohtao.com\/de\/padi-diving-courses\/\">Trainingstauchg\u00e4nge<\/a>\u00a0vom Anf\u00e4nger bis zum Tauchlehrer<\/li>\n<li>Weitere 70 KOSTENLOSE Tauchg\u00e4nge w\u00e4hrend deines Aufenthalts<\/li>\n<li>Alle PADI-Schulungsmaterialien und Zertifizierungsgeb\u00fchren<\/li>\n<li>PADI Divemaster digitales \u201eCrewpak\u201c\n<ul>\n<li>Divemaster E-Learning<\/li>\n<li>Enzyklop\u00e4die f\u00fcr das Sporttauchen<\/li>\n<li>Digitaler elektronischer Freizeittauchplaner (e-RDPML)<\/li>\n<li>ReActivate- Programm E-Learning<\/li>\n<\/ul>\n<\/li>\n<li>PADI Divemaster \u201eCrewpak\u201c\n<ul>\n<li>PADI Pro Laptoptasche<\/li>\n<li>PADI Tauchlehrer Handbuch als PADI 3-Ring Binder<\/li>\n<li>Divemaster Unterwassertafeln<\/li>\n<li>DSD (Entdecke das Tauchen) Unterwassertafeln<\/li>\n<li>Logbuch<\/li>\n<\/ul>\n<\/li>\n<li>Tauchausr\u00fcstung bestehend aus:\n<ul>\n<li>Tauchkompass<\/li>\n<li>Handgelenkschiefer und Bleistift<\/li>\n<li>Oberfl\u00e4chenmarkierungsboje und Fingerspule<\/li>\n<li>Pfeife<\/li>\n<li>Notfallbeatmungsmaske<\/li>\n<li>Tauchleinenschneider<\/li>\n<li>T-Shirt<\/li>\n<\/ul>\n<\/li>\n<li>PADI-Mitgliedschaft im ersten Jahr<\/li>\n<li>1 Jahr internationaler Tauchversicherungsschutz von \u201eDiveAssist ScubaMedic Classic\u201c (IDEC)<\/li>\n<li>IDC-Vorbereitung<\/li>\n<li>PADI IDC Kurs<\/li>\n<li>Erste-Hilfe-Kurs f\u00fcr Ausbilder in der Prim\u00e4r- und Sekund\u00e4rversorgung<\/li>\n<li>Erste-Hilfe-Kurs f\u00fcr Kinder Ausbilder<\/li>\n<li>PADI IDC digitales \u201eCrewpak\u201c\n<ul>\n<li>IDC E-Learning<\/li>\n<li>PADI Leitfaden f\u00fcr den Unterricht<\/li>\n<li>Tauchwissen-Arbeitsmappe<\/li>\n<li>PADI Quiz &amp; Pr\u00fcfungshefte (Open Water, Rescue Diver, Divemaster)<\/li>\n<li>Projekt AWARE Specialty Tauchlehrer Leitfaden<\/li>\n<li>IDC-Ressourcen und Online-Verarbeitungszentrum-Tutorial<\/li>\n<li>\u00dcberblick \u00fcber den Spezialausbilder f\u00fcr Tarrierung in Perfektion<\/li>\n<li>PADI Open Water Kurs vorgeschriebene Unterrichtsanleitung<\/li>\n<\/ul>\n<\/li>\n<li>PADI IDC \u201cCrewpak\u201d\n<ul>\n<li>PADI Rucksack<\/li>\n<li>Planungstafeln f\u00fcr Tauchstunden [Begrenztes und offenes Wasser]<\/li>\n<li>Tafeln f\u00fcr PADI Tauchplanung &amp; \u00dcbungen zu den Unterwasserfertigkeiten<\/li>\n<li>Open Water, Fortgeschrittenen, Rettungstaucher, Divemaster Kurs Tauchlehrer Unterwassertafeln<\/li>\n<\/ul>\n<\/li>\n<li><a href=\"https:\/\/idckohtao.com\/de\/packages-prices\/\">IDC \/ IE-Geb\u00fchren<\/a> (AUS 1,782)<\/li>\n<li>IE 100% Bestehens- Garantie!<\/li>\n<li>Kostenloses \u201eTeam Teach\u201c nach Erreichen des Unterrichtsstatus<\/li>\n<li>Visaunterst\u00fctzung<\/li>\n<li>medizinisches Tauchattest<\/li>\n<li>Mittagsbuffet w\u00e4hrend der IDC &amp; Erste-Hilfe-Ausbilder Kurse<\/li>\n<\/ul>\n<\/div>\n<\/div>\n<div class=\"et_pb_module et_pb_text et_pb_text_13 et_pb_bg_layout_light et_pb_text_align_left\">\n<div class=\"et_pb_text_inner\">\n<p><img decoding=\"async\" class=\"alignnone wp-image-338 size-large\" src=\"https:\/\/idckohtao.com\/wp-content\/uploads\/2023\/08\/idckohtao.com-padi-instructor-development-course-and-instructor-internship-on-kohtao-nangyuan-island-1024x540.jpg\" alt=\"idckohtao.com-padi-instructor-development-course-and-instructor-internship-on-kohtao-nangyuan-island\" width=\"1024\" height=\"540\" srcset=\"https:\/\/idckohtao.com\/wp-content\/uploads\/2023\/08\/idckohtao.com-padi-instructor-development-course-and-instructor-internship-on-kohtao-nangyuan-island-1024x540.jpg 1024w, https:\/\/idckohtao.com\/wp-content\/uploads\/2023\/08\/idckohtao.com-padi-instructor-development-course-and-instructor-internship-on-kohtao-nangyuan-island-300x158.jpg 300w, https:\/\/idckohtao.com\/wp-content\/uploads\/2023\/08\/idckohtao.com-padi-instructor-development-course-and-instructor-internship-on-kohtao-nangyuan-island-768x405.jpg 768w, https:\/\/idckohtao.com\/wp-content\/uploads\/2023\/08\/idckohtao.com-padi-instructor-development-course-and-instructor-internship-on-kohtao-nangyuan-island.jpg 1080w\" sizes=\"(max-width: 1024px) 100vw, 1024px\" \/><\/p>\n<\/div>\n<\/div>\n<p>[\/vc_column_text]<div class=\"text-left\"><div class=\"bt-course-price\"><h4>Preis 194,000 THB<\/h4><a href=\"https:\/\/idckohtao.com\/de\/packages-prices\/#internship\" class=\"button\">ONLINE BUCHEN<\/a><\/div><\/div>[vc_column_text css=&#8220;&#8220;]<\/p>\n<h3>OPTIONEN \/ EXTRAS<\/h3>\n<p>PREISOPTIONEN (qualifizierte Taucher)<br \/>\nBereits Open Water Taucher\u00a0\u2013\u00a0<strong>186.000 THB<\/strong><br \/>\nBereits Advanced Open Water Taucher\u00a0\u2013\u00a0<strong>177.000 THB<\/strong><br \/>\nBereits Rescue Diver\u00a0\u2013\u00a0<strong>166.000 THB<\/strong>[\/vc_column_text][\/vc_column][\/vc_row]<\/p>\n<\/div>","protected":false},"excerpt":{"rendered":"<p>[vc_row][vc_column][vc_column_text css=&#8220;&#8220;] Komplettes PADI IDC Internship \u2013 \u201cReal Life\u201d Arbeitserfahrung PADI Diving Instructor Internship Thailand IDC Koh Tao befindet sich im\u00a0Black Turtle Dive Center\u00a0und bietet umfassende PADI Tauchlehrer Praktika von Anf\u00e4ngern bis hin zu voll zertifizierten Tauchlehrern mit jeglichen Tauchstatus. Unsere effektiven Tauchausbildungsprogramme sind auf die Bed\u00fcrfnisse jedes Kandidaten zugeschnitten und wir haben erfolgreich Tausende [&hellip;]<\/p>\n","protected":false},"author":1,"featured_media":4480,"parent":7935,"menu_order":0,"comment_status":"closed","ping_status":"closed","template":"","meta":{"_acf_changed":false,"footnotes":""},"class_list":["post-1879","page","type-page","status-publish","has-post-thumbnail","hentry"],"acf":[],"yoast_head":"<!-- This site is optimized with the Yoast SEO Premium plugin v27.5 (Yoast SEO v27.5) - https:\/\/yoast.com\/product\/yoast-seo-premium-wordpress\/ -->\n<title>IDC Koh Tao | Thailand - PADI Diving Instructor Internship<\/title>\n<meta name=\"description\" content=\"Komplette PADI Instructor Internships und Karriereprogramme bei IDC Koh Tao, Thailand mit unserem preisgekr\u00f6nten PADI Course Director Matt Bolton. Flexibler Internship Ablauf\" \/>\n<meta name=\"robots\" content=\"index, follow, max-snippet:-1, max-image-preview:large, max-video-preview:-1\" \/>\n<link rel=\"canonical\" href=\"https:\/\/idckohtao.com\/de\/pro-level-courses\/instructor-internship\/\" \/>\n<meta property=\"og:locale\" content=\"de_DE\" \/>\n<meta property=\"og:type\" content=\"article\" \/>\n<meta property=\"og:title\" content=\"IDC Koh Tao | Thailand - PADI Diving Instructor Internship\" \/>\n<meta property=\"og:description\" content=\"Komplette PADI Instructor Internships und Karriereprogramme bei IDC Koh Tao, Thailand mit unserem preisgekr\u00f6nten PADI Course Director Matt Bolton. Flexibler Internship Ablauf\" \/>\n<meta property=\"og:url\" content=\"https:\/\/idckohtao.com\/de\/pro-level-courses\/instructor-internship\/\" \/>\n<meta property=\"og:site_name\" content=\"IDC Koh Tao\" \/>\n<meta property=\"article:publisher\" content=\"https:\/\/www.facebook.com\/GoProIDCKohTao\" \/>\n<meta property=\"article:modified_time\" content=\"2026-04-22T07:24:50+00:00\" \/>\n<meta property=\"og:image\" content=\"https:\/\/idckohtao.com\/wp-content\/uploads\/2023\/08\/idckohtao.com-padi-instructor-development-course-and-scuba-diving-internship-lifestyle-packages-on-kohtao-crystal-dive-pools.jpg\" \/>\n\t<meta property=\"og:image:width\" content=\"1080\" \/>\n\t<meta property=\"og:image:height\" content=\"720\" \/>\n\t<meta property=\"og:image:type\" content=\"image\/jpeg\" \/>\n<meta name=\"twitter:card\" content=\"summary_large_image\" \/>\n<meta name=\"twitter:title\" content=\"IDC Koh Tao | Thailand - PADI Diving Instructor Internship\" \/>\n<meta name=\"twitter:description\" content=\"Komplette PADI Instructor Internships und Karriereprogramme bei IDC Koh Tao, Thailand mit unserem preisgekr\u00f6nten PADI Course Director Matt Bolton. Flexibler Internship Ablauf\" \/>\n<meta name=\"twitter:site\" content=\"@GoProIDCKohTao\" \/>\n<!-- \/ Yoast SEO Premium plugin. -->","yoast_head_json":{"title":"IDC Koh Tao | Thailand - PADI Diving Instructor Internship","description":"Komplette PADI Instructor Internships und Karriereprogramme bei IDC Koh Tao, Thailand mit unserem preisgekr\u00f6nten PADI Course Director Matt Bolton. Flexibler Internship Ablauf","robots":{"index":"index","follow":"follow","max-snippet":"max-snippet:-1","max-image-preview":"max-image-preview:large","max-video-preview":"max-video-preview:-1"},"canonical":"https:\/\/idckohtao.com\/de\/pro-level-courses\/instructor-internship\/","og_locale":"de_DE","og_type":"article","og_title":"IDC Koh Tao | Thailand - PADI Diving Instructor Internship","og_description":"Komplette PADI Instructor Internships und Karriereprogramme bei IDC Koh Tao, Thailand mit unserem preisgekr\u00f6nten PADI Course Director Matt Bolton. Flexibler Internship Ablauf","og_url":"https:\/\/idckohtao.com\/de\/pro-level-courses\/instructor-internship\/","og_site_name":"IDC Koh Tao","article_publisher":"https:\/\/www.facebook.com\/GoProIDCKohTao","article_modified_time":"2026-04-22T07:24:50+00:00","og_image":[{"width":1080,"height":720,"url":"https:\/\/idckohtao.com\/wp-content\/uploads\/2023\/08\/idckohtao.com-padi-instructor-development-course-and-scuba-diving-internship-lifestyle-packages-on-kohtao-crystal-dive-pools.jpg","type":"image\/jpeg"}],"twitter_card":"summary_large_image","twitter_title":"IDC Koh Tao | Thailand - PADI Diving Instructor Internship","twitter_description":"Komplette PADI Instructor Internships und Karriereprogramme bei IDC Koh Tao, Thailand mit unserem preisgekr\u00f6nten PADI Course Director Matt Bolton. Flexibler Internship Ablauf","twitter_site":"@GoProIDCKohTao","schema":{"@context":"https:\/\/schema.org","@graph":[{"@type":"NewsArticle","@id":"https:\/\/idckohtao.com\/de\/pro-level-courses\/instructor-internship\/#article","isPartOf":{"@id":"https:\/\/idckohtao.com\/de\/pro-level-courses\/instructor-internship\/"},"author":{"name":"ojasya","@id":"https:\/\/idckohtao.com\/de\/#\/schema\/person\/d08d557cbfdbc171f824052dae697b02"},"headline":"Instructor Internship","datePublished":"2023-08-08T08:32:18+00:00","dateModified":"2026-04-22T07:24:50+00:00","mainEntityOfPage":{"@id":"https:\/\/idckohtao.com\/de\/pro-level-courses\/instructor-internship\/"},"wordCount":669,"publisher":{"@id":"https:\/\/idckohtao.com\/de\/#organization"},"image":{"@id":"https:\/\/idckohtao.com\/de\/pro-level-courses\/instructor-internship\/#primaryimage"},"thumbnailUrl":"https:\/\/idckohtao.com\/wp-content\/uploads\/2023\/09\/idckohtao.com-padi-diving-instructor-course-in-thailand.jpeg","inLanguage":"de"},{"@type":"WebPage","@id":"https:\/\/idckohtao.com\/de\/pro-level-courses\/instructor-internship\/","url":"https:\/\/idckohtao.com\/de\/pro-level-courses\/instructor-internship\/","name":"IDC Koh Tao | Thailand - PADI Diving Instructor Internship","isPartOf":{"@id":"https:\/\/idckohtao.com\/de\/#website"},"primaryImageOfPage":{"@id":"https:\/\/idckohtao.com\/de\/pro-level-courses\/instructor-internship\/#primaryimage"},"image":{"@id":"https:\/\/idckohtao.com\/de\/pro-level-courses\/instructor-internship\/#primaryimage"},"thumbnailUrl":"https:\/\/idckohtao.com\/wp-content\/uploads\/2023\/09\/idckohtao.com-padi-diving-instructor-course-in-thailand.jpeg","datePublished":"2023-08-08T08:32:18+00:00","dateModified":"2026-04-22T07:24:50+00:00","description":"Komplette PADI Instructor Internships und Karriereprogramme bei IDC Koh Tao, Thailand mit unserem preisgekr\u00f6nten PADI Course Director Matt Bolton. Flexibler Internship Ablauf","breadcrumb":{"@id":"https:\/\/idckohtao.com\/de\/pro-level-courses\/instructor-internship\/#breadcrumb"},"inLanguage":"de","potentialAction":[{"@type":"ReadAction","target":["https:\/\/idckohtao.com\/de\/pro-level-courses\/instructor-internship\/"]}]},{"@type":"ImageObject","inLanguage":"de","@id":"https:\/\/idckohtao.com\/de\/pro-level-courses\/instructor-internship\/#primaryimage","url":"https:\/\/idckohtao.com\/wp-content\/uploads\/2023\/09\/idckohtao.com-padi-diving-instructor-course-in-thailand.jpeg","contentUrl":"https:\/\/idckohtao.com\/wp-content\/uploads\/2023\/09\/idckohtao.com-padi-diving-instructor-course-in-thailand.jpeg","width":1200,"height":899,"caption":"PADI Diving Instructor Internships on Koh Tao"},{"@type":"BreadcrumbList","@id":"https:\/\/idckohtao.com\/de\/pro-level-courses\/instructor-internship\/#breadcrumb","itemListElement":[{"@type":"ListItem","position":1,"name":"Home","item":"https:\/\/idckohtao.com\/de\/"},{"@type":"ListItem","position":2,"name":"Pro level","item":"https:\/\/idckohtao.com\/de\/pro-level-courses\/"},{"@type":"ListItem","position":3,"name":"Instructor Internship"}]},{"@type":"WebSite","@id":"https:\/\/idckohtao.com\/de\/#website","url":"https:\/\/idckohtao.com\/de\/","name":"IDC Koh Tao","description":"PADI IDC 5 Star Diving Center in Koh Tao - Thailand","publisher":{"@id":"https:\/\/idckohtao.com\/de\/#organization"},"alternateName":"IDC Koh Tao in Thailand","potentialAction":[{"@type":"SearchAction","target":{"@type":"EntryPoint","urlTemplate":"https:\/\/idckohtao.com\/de\/?s={search_term_string}"},"query-input":{"@type":"PropertyValueSpecification","valueRequired":true,"valueName":"search_term_string"}}],"inLanguage":"de"},{"@type":"Organization","@id":"https:\/\/idckohtao.com\/de\/#organization","name":"IDC Koh Tao","alternateName":"IDC Koh Tao | Divemaster & Diving Instructor","url":"https:\/\/idckohtao.com\/de\/","logo":{"@type":"ImageObject","inLanguage":"de","@id":"https:\/\/idckohtao.com\/de\/#\/schema\/logo\/image\/","url":"https:\/\/idckohtao.com\/wp-content\/uploads\/2023\/09\/idckohtao.com-padi-diving-center-in-koh-tao-thailand.png","contentUrl":"https:\/\/idckohtao.com\/wp-content\/uploads\/2023\/09\/idckohtao.com-padi-diving-center-in-koh-tao-thailand.png","width":400,"height":300,"caption":"IDC Koh Tao"},"image":{"@id":"https:\/\/idckohtao.com\/de\/#\/schema\/logo\/image\/"},"sameAs":["https:\/\/www.facebook.com\/GoProIDCKohTao","https:\/\/x.com\/GoProIDCKohTao","https:\/\/www.youtube.com\/idckohtao","https:\/\/www.instagram.com\/idc.kohtao\/"],"description":"IDC Koh Tao is a part of the Black Turtle Dive pro level training team with three PADI Course Directors being led by Award Winning PADI Course Director Matt Bolton. Our full range of pro and recreational PADI Diving Courses provides aspiring scuba divers with education, fun, excitement, adventure, and a change of lifestyle or an opportunity to pursue a new career.","email":"info@idckohtao.com","legalName":"IDC Koh Tao","foundingDate":"2004-01-04","numberOfEmployees":{"@type":"QuantitativeValue","minValue":"1","maxValue":"10"},"correctionsPolicy":"https:\/\/idckohtao.com\/privacy-policy\/","ethicsPolicy":"https:\/\/idckohtao.com\/terms\/"},{"@type":"Person","@id":"https:\/\/idckohtao.com\/de\/#\/schema\/person\/d08d557cbfdbc171f824052dae697b02","name":"ojasya","image":{"@type":"ImageObject","inLanguage":"de","@id":"https:\/\/secure.gravatar.com\/avatar\/6fb34e36d09053a6545fc21d344613321bb1933f185132488f38052166f5a001?s=96&d=mm&r=g","url":"https:\/\/secure.gravatar.com\/avatar\/6fb34e36d09053a6545fc21d344613321bb1933f185132488f38052166f5a001?s=96&d=mm&r=g","contentUrl":"https:\/\/secure.gravatar.com\/avatar\/6fb34e36d09053a6545fc21d344613321bb1933f185132488f38052166f5a001?s=96&d=mm&r=g","caption":"ojasya"},"sameAs":["https:\/\/idckohtao.com"],"url":"https:\/\/idckohtao.com\/de\/blog\/author\/ojasya\/"}]}},"_links":{"self":[{"href":"https:\/\/idckohtao.com\/de\/wp-json\/wp\/v2\/pages\/1879","targetHints":{"allow":["GET"]}}],"collection":[{"href":"https:\/\/idckohtao.com\/de\/wp-json\/wp\/v2\/pages"}],"about":[{"href":"https:\/\/idckohtao.com\/de\/wp-json\/wp\/v2\/types\/page"}],"author":[{"embeddable":true,"href":"https:\/\/idckohtao.com\/de\/wp-json\/wp\/v2\/users\/1"}],"replies":[{"embeddable":true,"href":"https:\/\/idckohtao.com\/de\/wp-json\/wp\/v2\/comments?post=1879"}],"version-history":[{"count":3,"href":"https:\/\/idckohtao.com\/de\/wp-json\/wp\/v2\/pages\/1879\/revisions"}],"predecessor-version":[{"id":7743,"href":"https:\/\/idckohtao.com\/de\/wp-json\/wp\/v2\/pages\/1879\/revisions\/7743"}],"up":[{"embeddable":true,"href":"https:\/\/idckohtao.com\/de\/wp-json\/wp\/v2\/pages\/7935"}],"wp:featuredmedia":[{"embeddable":true,"href":"https:\/\/idckohtao.com\/de\/wp-json\/wp\/v2\/media\/4480"}],"wp:attachment":[{"href":"https:\/\/idckohtao.com\/de\/wp-json\/wp\/v2\/media?parent=1879"}],"curies":[{"name":"wp","href":"https:\/\/api.w.org\/{rel}","templated":true}]}}