{"id":1882,"date":"2023-08-09T10:19:46","date_gmt":"2023-08-09T10:19:46","guid":{"rendered":"https:\/\/idckohtao.com\/lifestyle-packages\/"},"modified":"2023-09-16T22:09:51","modified_gmt":"2023-09-16T22:09:51","slug":"lifestyle-packages","status":"publish","type":"page","link":"https:\/\/idckohtao.com\/de\/lifestyle-packages\/","title":{"rendered":"Lifestyle Pakete"},"content":{"rendered":"<div class=\"wpb-content-wrapper\"><p>[vc_row][vc_column][vc_column_text]<\/p>\n<div class=\"et_pb_module et_pb_text et_pb_text_8 et_pb_bg_layout_light et_pb_text_align_center\">\n<div class=\"et_pb_text_inner\">\n<h2>\u2018Lifestyle\u2019 Tauchpackages in einem tropischen Paradies<\/h2>\n<\/div>\n<\/div>\n<h2>Lifestyle-Pakete f\u00fcr jedermann<\/h2>\n<p>Als ein hoch angesehenes PADI Career Development Center (CDC) mit zwei Jahrzehnten Erfahrung als Anbieter von Tauchkursen, Tauch-Internships und unseren angesprochenen Tauchpaketen verstehen wir, da\u00df sich die Ausbildungsanspr\u00fcche eines angehenden Tauchprofis unterscheiden k\u00f6nnen.<\/p>\n<p>Als <a href=\"https:\/\/idckohtao.com\/de\/padi-diving-courses\/\">Sporttaucher, der Tauchprofi<\/a> werden und seine Kenntnisse und Fertigkeiten auf eine professionelle Stufe bringen will, kann es eine schwere Aufgabe sein, herauszufinden, welche Kurse dir auf deinem Weg helfen k\u00f6nnen.<\/p>\n<p>IDC Koh Tao hilft, diesen Entscheidungsprozess zu vereinfachen, indem wir die popul\u00e4rsten individuellen Kurse in unseren \u201cLifestyle-Paketen\u201d zusammenschn\u00fcren, was au\u00dfergew\u00f6hnlichen Wert und f\u00fcr dich mehr Flexibilit\u00e4t in deiner Reiseplanung bietet.<\/p>\n<p>Auf unserer Seite mit\u00a0<a href=\"https:\/\/idckohtao.com\/de\/packages-prices\/\">Paketen und Preisen<\/a>\u00a0kannst du aus einer Auswahl der popul\u00e4rsten \u201cAll-Inclusive\u201d- Ausbildungspakete w\u00e4hlen, um von verschiedenen Stufen als Sporttaucher ein Tauchprofi zu werden.<\/p>\n<p>Einer der Vorteile, ein Lifestyle- oder\u00a0<a href=\"https:\/\/idckohtao.com\/de\/scuba-diving-internships\/\">Tauch-Internship<\/a>\u00a0mit uns zu buchen ist, da\u00df diese einen gro\u00dfartigen Wert bieten. Unsere Grundpreise sind die g\u00fcnstigsten in Thailand f\u00fcr Inhalt und dich\u00a0<a href=\"https:\/\/idckohtao.com\/\">IDC Koh Tao<\/a>\u00a0anzuschlie\u00dfen, bringt dir extra Vorteile:<\/p>\n<ul>\n<li>\u201cAll-Inclusive\u201d hei\u00dft, da\u00df alle Kursgeb\u00fchren ohne versteckte Kosten bezahlt sind<\/li>\n<li>Festes Engagement mit zugef\u00fcgter Flexibilit\u00e4t f\u00fcr den Ablauf deiner Ausbildung<\/li>\n<li>Empfehlungen f\u00fcr deine Karriereentwicklung<\/li>\n<li>Preisnachl\u00e4sse f\u00fcr Kauf von Tauchausr\u00fcstung als Internship-Kandidat<\/li>\n<li>Sachverstand der erfahrensten PADI Course Directors &amp; Master Instructors<\/li>\n<li>Echte Arbeitsausbildung (arbeite w\u00e4hrend du lernst)<\/li>\n<li>5 Sterne preisgekr\u00f6ntes PADI Career Development Center<\/li>\n<li>Tonangebend in Meeres-Naturschutzausbildung &amp; -programmen<\/li>\n<\/ul>\n<p><img decoding=\"async\" class=\"alignnone wp-image-696 size-large\" src=\"https:\/\/idckohtao.com\/wp-content\/uploads\/2023\/08\/crystal-dive-koh-tao-100000-reasons-to-dive-with-ceo-padi-award-1024x682.jpg\" alt=\"crystal-dive-koh-tao-100000-reasons-to-dive-with-ceo-padi-award\" width=\"1024\" height=\"682\" srcset=\"https:\/\/idckohtao.com\/wp-content\/uploads\/2023\/08\/crystal-dive-koh-tao-100000-reasons-to-dive-with-ceo-padi-award-1024x682.jpg 1024w, https:\/\/idckohtao.com\/wp-content\/uploads\/2023\/08\/crystal-dive-koh-tao-100000-reasons-to-dive-with-ceo-padi-award-300x200.jpg 300w, https:\/\/idckohtao.com\/wp-content\/uploads\/2023\/08\/crystal-dive-koh-tao-100000-reasons-to-dive-with-ceo-padi-award-768x512.jpg 768w, https:\/\/idckohtao.com\/wp-content\/uploads\/2023\/08\/crystal-dive-koh-tao-100000-reasons-to-dive-with-ceo-padi-award-1536x1024.jpg 1536w, https:\/\/idckohtao.com\/wp-content\/uploads\/2023\/08\/crystal-dive-koh-tao-100000-reasons-to-dive-with-ceo-padi-award.jpg 2000w\" sizes=\"(max-width: 1024px) 100vw, 1024px\" \/><\/p>\n<p>Als ein\u00a0<a href=\"https:\/\/idckohtao.com\/de\/padi-divemaster-course\/\">PADI Divemaster<\/a>\u00a0auf der Suche nach der Fortsetzung deiner Karriere und einer M\u00f6glichkeit, neue Tauchsch\u00fcler zu unterrichten, k\u00f6nnen wir dir eine Kombination von Kursen anbieten, um ein\u00a0<a href=\"https:\/\/idckohtao.com\/de\/padi-instructor-development-course\/\">PADI Tauchlehrer<\/a>\u00a0oder\u00a0<a href=\"https:\/\/idckohtao.com\/de\/master-scuba-diver-trainer-program\/\">Spezialkurs-Instructor<\/a>\u00a0zu werden.<\/p>\n<p>Als Tauchlehrer bieten wir dir alle Optionen um die Karriereleiter zum\u00a0<a href=\"https:\/\/idckohtao.com\/de\/idc-staff-instructor-course\/\">Staff Instructor<\/a>\u00a0&amp;\u00a0<a href=\"https:\/\/idckohtao.com\/de\/padi-master-instructor\/\">Master Instructor<\/a>\u00a0zu erklimmen und bereiten dich mit unserem\u00a0<a href=\"https:\/\/idckohtao.com\/de\/cdtc-prep-course\/\">CDTC Prep<\/a>\u00a0Kurs f\u00fcr deine Course Director Bewerbung mit unserem preisgekr\u00f6nten\u00a0<a href=\"https:\/\/idckohtao.com\/de\/padi-course-director-matt-bolton\/\">Course Director Matt Bolton<\/a>\u00a0vor.<\/p>\n<p>Als Sporttaucher bieten wir die M\u00f6glichkeiten,\u00a0<a href=\"https:\/\/idckohtao.com\/de\/why-choose-padi\/\">Divemaster<\/a>\u00a0zu werden, der popul\u00e4rste \u201cPro Level\u201d Kurs weltweit und beinhalten Working Internships, um Erfahrung in der richtigen Welt zu sammeln.<\/p>\n<p>Vielleicht planst du eine kurze oder l\u00e4ngere Auszeit oder vollziehst gerade einen Karrierewechsel. Vielleicht brauchst du auch eine Br\u00fccke f\u00fcr einen kompletten Wechsel deines Lebensstils. Was auch immer der Grund, wir haben ein Lifestyle-Package, welches auf deine jetzige Ausbildungsstufe pa\u00dft.<\/p>\n<h2>Eine Insel gewidmet dem Tauchen<\/h2>\n<p>Die\u00a0<a href=\"https:\/\/idckohtao.com\/de\/why-choose-koh-tao\/\">Insel Koh Tao<\/a>\u00a0ist ein Tauchparadies mit einer ausgepr\u00e4gten Tauchkultur und gro\u00dfartigem Wetter zum Tauchen rund ums Jahr. Obwohl es nur 21 Kilometer rund um die K\u00fcstenlinie aufweist, ist es weltweit die Nummer Eins f\u00fcr Tauchausbildung und Zertifizierungen neuer Taucher. Mehr Tauchsch\u00fcler werden hier auf Koh Tao ausgebildet als irgendwo anders in der Welt, Jahr f\u00fcr Jahr.<\/p>\n<p>Als Konsequenz bietet Koh Tao die h\u00f6chsten Niveaus von Ausbildungsstandards und IDC Koh Tao wurde von\u00a0<a href=\"https:\/\/idckohtao.com\/de\/padi-course-director-matt-bolton\/\">PADI erneut in 2017<\/a>\u00a0ausgezeichnet, um unser Engagement in Tauchersicherheit und -ausbildung widerzuspiegeln.<\/p>\n<p>Tauchlehrer auf Koh Tao sind hoch erfahrene Profis und nachdem du hier f\u00fcr eine Weile gearbeitet hast, werden sich deine globalen Anstellungsm\u00f6glichkeiten enorm steigern.<\/p>\n<p>Die Insel selbst ist ein idyllisches Paradies und eine typische tropische Insel mit ausgedehntem tropischen Dschungel auf den H\u00fcgeln und Aussichtspunkten, fantastischen Str\u00e4nden und Buchten mit kristallklarem Wasser und t\u00e4glichen wundersch\u00f6nen Sonnenunterg\u00e4ngen.<\/p>\n<p>Wassertemperaturen variieren zwischen 26 \u2013 30 Grad Celsius, mit einem Mittel von rund 28 Grad. Es stehen \u00fcber 26 verschiedene Tauchpl\u00e4tze zur Auswahl, um jede Art und Stufe der Ausbildung durchzuf\u00fchren, von flach bis tief, Tec und Wracktauchen bis zu Naturschutz-Projekten.<\/p>\n<p>Die Optionen f\u00fcr Essen sind vielf\u00e4ltig und rangieren von Restaurants, Cafes, Bars, Pubfood, welche alle Arten von westlichen Gerichten, Thai und asiatischer K\u00fcche und superg\u00fcnstiges Essen anbieten.<\/p>\n<p>Es gibt ebenso eine gro\u00dfe Auswahl von Unterkunftsoptinen inklusive g\u00fcnstigen Hostels, geteilten Strandbungalows, Dschungelvillas bis zu exklusiven 5-Sterne-Resorts. Alle bieten moderne Einrichtungen, S\u00fc\u00dfwasser, Air-Condition oder Ventilatoren und es gibt f\u00fcr jedes B\u00fcdget etwas.<\/p>\n<p><img decoding=\"async\" class=\"alignnone wp-image-697 size-large\" src=\"https:\/\/idckohtao.com\/wp-content\/uploads\/2023\/08\/crystal-dive-koh-tao-idc-feb-2017-confined-water-serious-1024x683.jpg\" alt=\"crystal-dive-koh-tao-idc-feb-2017-confined-water-serious\" width=\"1024\" height=\"683\" srcset=\"https:\/\/idckohtao.com\/wp-content\/uploads\/2023\/08\/crystal-dive-koh-tao-idc-feb-2017-confined-water-serious-1024x683.jpg 1024w, https:\/\/idckohtao.com\/wp-content\/uploads\/2023\/08\/crystal-dive-koh-tao-idc-feb-2017-confined-water-serious-300x200.jpg 300w, https:\/\/idckohtao.com\/wp-content\/uploads\/2023\/08\/crystal-dive-koh-tao-idc-feb-2017-confined-water-serious-768x512.jpg 768w, https:\/\/idckohtao.com\/wp-content\/uploads\/2023\/08\/crystal-dive-koh-tao-idc-feb-2017-confined-water-serious.jpg 1080w\" sizes=\"(max-width: 1024px) 100vw, 1024px\" \/><\/p>\n<h2>Koh Tao \u2022 Gewidmet dem Naturschutz<\/h2>\n<p>IDC Koh Tao haben sich seit vielen Jahren in Meeres-Naturschutz-Prgrammen engagiert. Unser Naturschutzteam ist tonangebend in der Region S\u00fcdostasien f\u00fcr ihre Ausbildung in Meeres-Naturschutz und haben st\u00e4ndig laufende \u00f6kologische Projekte.<\/p>\n<p>Darum haben wir ein Naturschutz-Modul in alle unsere Internships- und Lifestyle-Packages integriert.<\/p>\n<p>Unsere Lifestyle-Pakete sind eine hervorragende Fortsetzung einer lebenslangen Liebesbeziehung mit dem Tauchen und f\u00fcr jeden aufstrebenden Tauchprofi, welcher seine Pro-Level-Ausbildung auffrischen oder weiterf\u00fchren will.<\/p>\n<p>Lies unsere\u00a0<a href=\"https:\/\/idckohtao.com\/de\/faqs\/\">F.A.Q<\/a>. Seite und nimm mit uns\u00a0<a href=\"https:\/\/idckohtao.com\/de\/contact\/\">Kontakt<\/a>\u00a0f\u00fcr weitere Details, wie du dein Leben ab sofort \u00e4ndern kannst.[\/vc_column_text]<div class=\"text-left\"><div class=\"bt-course-price\"><a href=\"https:\/\/idckohtao.com\/de\/packages-prices\/#internship\" class=\"button\">ONLINE BUCHEN<\/a><\/div><\/div>[\/vc_column][\/vc_row]<\/p>\n<\/div>","protected":false},"excerpt":{"rendered":"<p>[vc_row][vc_column][vc_column_text] \u2018Lifestyle\u2019 Tauchpackages in einem tropischen Paradies Lifestyle-Pakete f\u00fcr jedermann Als ein hoch angesehenes PADI Career Development Center (CDC) mit zwei Jahrzehnten Erfahrung als Anbieter von Tauchkursen, Tauch-Internships und unseren angesprochenen Tauchpaketen verstehen wir, da\u00df sich die Ausbildungsanspr\u00fcche eines angehenden Tauchprofis unterscheiden k\u00f6nnen. Als Sporttaucher, der Tauchprofi werden und seine Kenntnisse und Fertigkeiten auf eine [&hellip;]<\/p>\n","protected":false},"author":1,"featured_media":4600,"parent":0,"menu_order":0,"comment_status":"closed","ping_status":"closed","template":"","meta":{"_acf_changed":false,"footnotes":""},"class_list":["post-1882","page","type-page","status-publish","has-post-thumbnail","hentry"],"acf":[],"yoast_head":"<!-- This site is optimized with the Yoast SEO Premium plugin v27.5 (Yoast SEO v27.5) - https:\/\/yoast.com\/product\/yoast-seo-premium-wordpress\/ -->\n<title>IDC Koh Tao Tauch-Lifestyle Pakete Thailand<\/title>\n<meta name=\"description\" content=\"Unsere PADI-Tauch-Lifestyle-Pakete auf Koh Tao sind all inclusive und bieten einen flexiblen Zeitplan, um deine Tauchkarriere in Gang zu bringen\" \/>\n<meta name=\"robots\" content=\"index, follow, max-snippet:-1, max-image-preview:large, max-video-preview:-1\" \/>\n<link rel=\"canonical\" href=\"https:\/\/idckohtao.com\/de\/lifestyle-packages\/\" \/>\n<meta property=\"og:locale\" content=\"de_DE\" \/>\n<meta property=\"og:type\" content=\"article\" \/>\n<meta property=\"og:title\" content=\"IDC Koh Tao Tauch-Lifestyle Pakete Thailand\" \/>\n<meta property=\"og:description\" content=\"Unsere PADI-Tauch-Lifestyle-Pakete auf Koh Tao sind all inclusive und bieten einen flexiblen Zeitplan, um deine Tauchkarriere in Gang zu bringen\" \/>\n<meta property=\"og:url\" content=\"https:\/\/idckohtao.com\/de\/lifestyle-packages\/\" \/>\n<meta property=\"og:site_name\" content=\"IDC Koh Tao\" \/>\n<meta property=\"article:publisher\" content=\"https:\/\/www.facebook.com\/GoProIDCKohTao\" \/>\n<meta property=\"article:modified_time\" content=\"2023-09-16T22:09:51+00:00\" \/>\n<meta property=\"og:image\" content=\"https:\/\/idckohtao.com\/wp-content\/uploads\/2023\/08\/padi-idc-koh-tao-idc-pool-training-course-director-lifestyle-packages.jpg\" \/>\n\t<meta property=\"og:image:width\" content=\"1042\" \/>\n\t<meta property=\"og:image:height\" content=\"630\" \/>\n\t<meta property=\"og:image:type\" content=\"image\/jpeg\" \/>\n<meta name=\"twitter:card\" content=\"summary_large_image\" \/>\n<meta name=\"twitter:title\" content=\"IDC Koh Tao Tauch-Lifestyle Pakete Thailand\" \/>\n<meta name=\"twitter:description\" content=\"Unsere PADI-Tauch-Lifestyle-Pakete auf Koh Tao sind all inclusive und bieten einen flexiblen Zeitplan, um deine Tauchkarriere in Gang zu bringen\" \/>\n<meta name=\"twitter:site\" content=\"@GoProIDCKohTao\" \/>\n<!-- \/ Yoast SEO Premium plugin. -->","yoast_head_json":{"title":"IDC Koh Tao Tauch-Lifestyle Pakete Thailand","description":"Unsere PADI-Tauch-Lifestyle-Pakete auf Koh Tao sind all inclusive und bieten einen flexiblen Zeitplan, um deine Tauchkarriere in Gang zu bringen","robots":{"index":"index","follow":"follow","max-snippet":"max-snippet:-1","max-image-preview":"max-image-preview:large","max-video-preview":"max-video-preview:-1"},"canonical":"https:\/\/idckohtao.com\/de\/lifestyle-packages\/","og_locale":"de_DE","og_type":"article","og_title":"IDC Koh Tao Tauch-Lifestyle Pakete Thailand","og_description":"Unsere PADI-Tauch-Lifestyle-Pakete auf Koh Tao sind all inclusive und bieten einen flexiblen Zeitplan, um deine Tauchkarriere in Gang zu bringen","og_url":"https:\/\/idckohtao.com\/de\/lifestyle-packages\/","og_site_name":"IDC Koh Tao","article_publisher":"https:\/\/www.facebook.com\/GoProIDCKohTao","article_modified_time":"2023-09-16T22:09:51+00:00","og_image":[{"width":1042,"height":630,"url":"https:\/\/idckohtao.com\/wp-content\/uploads\/2023\/08\/padi-idc-koh-tao-idc-pool-training-course-director-lifestyle-packages.jpg","type":"image\/jpeg"}],"twitter_card":"summary_large_image","twitter_title":"IDC Koh Tao Tauch-Lifestyle Pakete Thailand","twitter_description":"Unsere PADI-Tauch-Lifestyle-Pakete auf Koh Tao sind all inclusive und bieten einen flexiblen Zeitplan, um deine Tauchkarriere in Gang zu bringen","twitter_site":"@GoProIDCKohTao","schema":{"@context":"https:\/\/schema.org","@graph":[{"@type":"NewsArticle","@id":"https:\/\/idckohtao.com\/de\/lifestyle-packages\/#article","isPartOf":{"@id":"https:\/\/idckohtao.com\/de\/lifestyle-packages\/"},"author":{"name":"ojasya","@id":"https:\/\/idckohtao.com\/de\/#\/schema\/person\/d08d557cbfdbc171f824052dae697b02"},"headline":"Lifestyle Pakete","datePublished":"2023-08-09T10:19:46+00:00","dateModified":"2023-09-16T22:09:51+00:00","mainEntityOfPage":{"@id":"https:\/\/idckohtao.com\/de\/lifestyle-packages\/"},"wordCount":793,"publisher":{"@id":"https:\/\/idckohtao.com\/de\/#organization"},"image":{"@id":"https:\/\/idckohtao.com\/de\/lifestyle-packages\/#primaryimage"},"thumbnailUrl":"https:\/\/idckohtao.com\/wp-content\/uploads\/2023\/09\/idckohtao.com-scuba-diving-lifestyle-internships-on-koh-tao-thailand.jpg","inLanguage":"de"},{"@type":"WebPage","@id":"https:\/\/idckohtao.com\/de\/lifestyle-packages\/","url":"https:\/\/idckohtao.com\/de\/lifestyle-packages\/","name":"IDC Koh Tao Tauch-Lifestyle Pakete Thailand","isPartOf":{"@id":"https:\/\/idckohtao.com\/de\/#website"},"primaryImageOfPage":{"@id":"https:\/\/idckohtao.com\/de\/lifestyle-packages\/#primaryimage"},"image":{"@id":"https:\/\/idckohtao.com\/de\/lifestyle-packages\/#primaryimage"},"thumbnailUrl":"https:\/\/idckohtao.com\/wp-content\/uploads\/2023\/09\/idckohtao.com-scuba-diving-lifestyle-internships-on-koh-tao-thailand.jpg","datePublished":"2023-08-09T10:19:46+00:00","dateModified":"2023-09-16T22:09:51+00:00","description":"Unsere PADI-Tauch-Lifestyle-Pakete auf Koh Tao sind all inclusive und bieten einen flexiblen Zeitplan, um deine Tauchkarriere in Gang zu bringen","breadcrumb":{"@id":"https:\/\/idckohtao.com\/de\/lifestyle-packages\/#breadcrumb"},"inLanguage":"de","potentialAction":[{"@type":"ReadAction","target":["https:\/\/idckohtao.com\/de\/lifestyle-packages\/"]}]},{"@type":"ImageObject","inLanguage":"de","@id":"https:\/\/idckohtao.com\/de\/lifestyle-packages\/#primaryimage","url":"https:\/\/idckohtao.com\/wp-content\/uploads\/2023\/09\/idckohtao.com-scuba-diving-lifestyle-internships-on-koh-tao-thailand.jpg","contentUrl":"https:\/\/idckohtao.com\/wp-content\/uploads\/2023\/09\/idckohtao.com-scuba-diving-lifestyle-internships-on-koh-tao-thailand.jpg","width":1300,"height":719,"caption":"best scuba diving lifestyle packages on koh tao in thailand"},{"@type":"BreadcrumbList","@id":"https:\/\/idckohtao.com\/de\/lifestyle-packages\/#breadcrumb","itemListElement":[{"@type":"ListItem","position":1,"name":"Home","item":"https:\/\/idckohtao.com\/de\/"},{"@type":"ListItem","position":2,"name":"Lifestyle Pakete"}]},{"@type":"WebSite","@id":"https:\/\/idckohtao.com\/de\/#website","url":"https:\/\/idckohtao.com\/de\/","name":"IDC Koh Tao","description":"PADI IDC 5 Star Diving Center in Koh Tao - Thailand","publisher":{"@id":"https:\/\/idckohtao.com\/de\/#organization"},"alternateName":"IDC Koh Tao in Thailand","potentialAction":[{"@type":"SearchAction","target":{"@type":"EntryPoint","urlTemplate":"https:\/\/idckohtao.com\/de\/?s={search_term_string}"},"query-input":{"@type":"PropertyValueSpecification","valueRequired":true,"valueName":"search_term_string"}}],"inLanguage":"de"},{"@type":"Organization","@id":"https:\/\/idckohtao.com\/de\/#organization","name":"IDC Koh Tao","alternateName":"IDC Koh Tao | Divemaster & Diving Instructor","url":"https:\/\/idckohtao.com\/de\/","logo":{"@type":"ImageObject","inLanguage":"de","@id":"https:\/\/idckohtao.com\/de\/#\/schema\/logo\/image\/","url":"https:\/\/idckohtao.com\/wp-content\/uploads\/2023\/09\/idckohtao.com-padi-diving-center-in-koh-tao-thailand.png","contentUrl":"https:\/\/idckohtao.com\/wp-content\/uploads\/2023\/09\/idckohtao.com-padi-diving-center-in-koh-tao-thailand.png","width":400,"height":300,"caption":"IDC Koh Tao"},"image":{"@id":"https:\/\/idckohtao.com\/de\/#\/schema\/logo\/image\/"},"sameAs":["https:\/\/www.facebook.com\/GoProIDCKohTao","https:\/\/x.com\/GoProIDCKohTao","https:\/\/www.youtube.com\/idckohtao","https:\/\/www.instagram.com\/idc.kohtao\/"],"description":"IDC Koh Tao is a part of the Black Turtle Dive pro level training team with three PADI Course Directors being led by Award Winning PADI Course Director Matt Bolton. Our full range of pro and recreational PADI Diving Courses provides aspiring scuba divers with education, fun, excitement, adventure, and a change of lifestyle or an opportunity to pursue a new career.","email":"info@idckohtao.com","legalName":"IDC Koh Tao","foundingDate":"2004-01-04","numberOfEmployees":{"@type":"QuantitativeValue","minValue":"1","maxValue":"10"},"correctionsPolicy":"https:\/\/idckohtao.com\/privacy-policy\/","ethicsPolicy":"https:\/\/idckohtao.com\/terms\/"},{"@type":"Person","@id":"https:\/\/idckohtao.com\/de\/#\/schema\/person\/d08d557cbfdbc171f824052dae697b02","name":"ojasya","image":{"@type":"ImageObject","inLanguage":"de","@id":"https:\/\/secure.gravatar.com\/avatar\/6fb34e36d09053a6545fc21d344613321bb1933f185132488f38052166f5a001?s=96&d=mm&r=g","url":"https:\/\/secure.gravatar.com\/avatar\/6fb34e36d09053a6545fc21d344613321bb1933f185132488f38052166f5a001?s=96&d=mm&r=g","contentUrl":"https:\/\/secure.gravatar.com\/avatar\/6fb34e36d09053a6545fc21d344613321bb1933f185132488f38052166f5a001?s=96&d=mm&r=g","caption":"ojasya"},"sameAs":["https:\/\/idckohtao.com"],"url":"https:\/\/idckohtao.com\/de\/blog\/author\/ojasya\/"}]}},"_links":{"self":[{"href":"https:\/\/idckohtao.com\/de\/wp-json\/wp\/v2\/pages\/1882","targetHints":{"allow":["GET"]}}],"collection":[{"href":"https:\/\/idckohtao.com\/de\/wp-json\/wp\/v2\/pages"}],"about":[{"href":"https:\/\/idckohtao.com\/de\/wp-json\/wp\/v2\/types\/page"}],"author":[{"embeddable":true,"href":"https:\/\/idckohtao.com\/de\/wp-json\/wp\/v2\/users\/1"}],"replies":[{"embeddable":true,"href":"https:\/\/idckohtao.com\/de\/wp-json\/wp\/v2\/comments?post=1882"}],"version-history":[{"count":0,"href":"https:\/\/idckohtao.com\/de\/wp-json\/wp\/v2\/pages\/1882\/revisions"}],"wp:featuredmedia":[{"embeddable":true,"href":"https:\/\/idckohtao.com\/de\/wp-json\/wp\/v2\/media\/4600"}],"wp:attachment":[{"href":"https:\/\/idckohtao.com\/de\/wp-json\/wp\/v2\/media?parent=1882"}],"curies":[{"name":"wp","href":"https:\/\/api.w.org\/{rel}","templated":true}]}}