{"id":1887,"date":"2023-08-07T09:34:57","date_gmt":"2023-08-07T09:34:57","guid":{"rendered":"https:\/\/idckohtao.com\/marine-conservation\/"},"modified":"2026-05-04T11:23:18","modified_gmt":"2026-05-04T11:23:18","slug":"marine-conservation","status":"publish","type":"page","link":"https:\/\/idckohtao.com\/de\/marine-conservation\/","title":{"rendered":"Meeres Naturschutz"},"content":{"rendered":"<div class=\"wpb-content-wrapper\"><p>[vc_row][vc_column][vc_column_text]<\/p>\n<h2>F\u00fchrend in Meeres-Naturschutz Programmen mit Black Turtle Dive<\/h2>\n<h3>Meeres Naturschutzkurse in Thailand<\/h3>\n<p>Meeresschutz und die Erhaltung unserer Meeres\u00f6kosysteme sind ein wichtiges Element unserer\u00a0Tauchausbildungsprogramme.<\/p>\n<p>IDC Koh Tao befindet sich im\u00a0Tauchcenter <a href=\"https:\/\/www.blackturtledive.com\/scuba-diving-internship\/marine-conservation-internship\/\">Black Turtle Dive<\/a>\u00a0und bietet einen eigenen Lehrplan f\u00fcr Meeresschutz an, der Einzelkurse und Praktika f\u00fcr <a href=\"https:\/\/www.blackturtledive.com\/conservation\/marine-conservation-courses\/\">Meeresschutz umfasst<\/a>.<\/p>\n<p><a href=\"https:\/\/idckohtao.com\/de\/padi-diving-courses\/\">Alle unsere Tauchkurse<\/a> f\u00fcr Anf\u00e4nger und Profis bieten unseren Sch\u00fclern im Rahmen ihrer Tauchausbildung ein grundlegendes Bewusstsein und eine Grundausbildung.<\/p>\n<p>Unser hauseigenes \u2018Marine Conservation\u2019 Team,\u00a0<a href=\"https:\/\/www.blackturtledive.com\/scuba-diving-internship\/marine-conservation-internship\/\" target=\"_blank\" rel=\"noopener noreferrer\">Black Turtle Dive<\/a>, ist ein f\u00fchrender Anbieter von Ausbildung im Meeres-Naturschutz auf Koh Tao und in der Region S\u00fcdostasien.<\/p>\n<p><img decoding=\"async\" class=\"alignnone wp-image-293 size-full\" src=\"https:\/\/idckohtao.com\/wp-content\/uploads\/2023\/08\/idckohtao.com-marine-conservation.jpg\" alt=\"idckohtao.com-marine-conservation\" width=\"800\" height=\"600\" srcset=\"https:\/\/idckohtao.com\/wp-content\/uploads\/2023\/08\/idckohtao.com-marine-conservation.jpg 800w, https:\/\/idckohtao.com\/wp-content\/uploads\/2023\/08\/idckohtao.com-marine-conservation-300x225.jpg 300w, https:\/\/idckohtao.com\/wp-content\/uploads\/2023\/08\/idckohtao.com-marine-conservation-768x576.jpg 768w\" sizes=\"(max-width: 800px) 100vw, 800px\" \/><\/p>\n<p>Sie arbeiten allzeit an einer Vielzahl von Umweltprogrammen und sind die aktivste Umweltorganisation auf Koh Tao.<\/p>\n<p>Tropisches Koh Tao ist ein idyllisches Inselparadies sowohl \u00fcber als auch unter Wasser mit atemberaubender Sch\u00f6nheit und einem delikat balancierten \u00d6kosystem.<\/p>\n<p>Asubildung und Vorbereitung von\u00a0<a href=\"https:\/\/idckohtao.com\/de\/pro-level-courses\/padi-instructor-development-course\/\">Tauchprofis<\/a>\u00a0mit einem Schwerpunkt auf allen Aspekten des Meeres-Naturschutzes ist wichtig f\u00fcr die Nachhaltigkeit, Bewahrung und den Schutz von Korallenriffen f\u00fcr zuk\u00fcnftige Generationen.<\/p>\n<p>Unsere Kurse auf Pro-Level und\u00a0<a href=\"https:\/\/idckohtao.com\/de\/pro-level-courses\/scuba-diving-internships\/\">Tauch-Internships<\/a>\u00a0sind entworfen mit einem Schwerpunkt auf Meeres-Naturschutz und wir bieten weitere zus\u00e4tzliche Eco-Module an. Personen mit ausreichender Ausbildung k\u00f6nnen teilnehmen und zu vielen Konservierungs-Projekten beitragen:<\/p>\n<ul>\n<li>Bio-Rock Tauchplatz \u2013 Korallenverpflanzungen und \u00dcberwachung des Wachstums<\/li>\n<li>Buoyancy World \u2013 k\u00fcnstlicher Tauchplatz<\/li>\n<li>Korallenpflanzungen \u2013 Bau von Korallenpflanzungen rund um die Insel<\/li>\n<li>Reef Check Untersuchungen \/ EMP (Ecological Monitoring Program)<\/li>\n<li>Junkyard Hausriff \u2013 unser eigener k\u00fcnstlicher Tauchplatz (ein popul\u00e4rer Tauchplatz)<\/li>\n<li>Strand- und Tauchplatzs\u00e4uberungen rund um Koh Tao<\/li>\n<li>Ansiedlung von Riesenmuscheln<\/li>\n<li>Unterhalt und Wartung von Ankerleinen &amp; Bojen<\/li>\n<li>\u201cAdopt a Coral\u201d Programm<\/li>\n<li>Marine Resource Management<\/li>\n<li>Coralwatch<\/li>\n<\/ul>\n<p><img decoding=\"async\" class=\"alignnone wp-image-294 size-large\" src=\"https:\/\/idckohtao.com\/wp-content\/uploads\/2023\/08\/crystaldive.com-koh-tao-thailand-divemaster-courses-marine-conservation-1024x576.png\" alt=\"crystaldive.com-koh-tao-thailand-divemaster-courses-marine-conservation\" width=\"1024\" height=\"576\" srcset=\"https:\/\/idckohtao.com\/wp-content\/uploads\/2023\/08\/crystaldive.com-koh-tao-thailand-divemaster-courses-marine-conservation-1024x576.png 1024w, https:\/\/idckohtao.com\/wp-content\/uploads\/2023\/08\/crystaldive.com-koh-tao-thailand-divemaster-courses-marine-conservation-300x169.png 300w, https:\/\/idckohtao.com\/wp-content\/uploads\/2023\/08\/crystaldive.com-koh-tao-thailand-divemaster-courses-marine-conservation-768x432.png 768w, https:\/\/idckohtao.com\/wp-content\/uploads\/2023\/08\/crystaldive.com-koh-tao-thailand-divemaster-courses-marine-conservation.png 1280w\" sizes=\"(max-width: 1024px) 100vw, 1024px\" \/><\/p>\n<h3>Marine Conservation Internship Koh Tao<\/h3>\n<p>Auf Koh Tao sind im vergangenen Jahrzehnt verschiedene alternative Tauchpl\u00e4tze mit dem Ziel gebaut worden, die Rifffl\u00e4che zu vergr\u00f6\u00dfern und gleichzeitig der wachsenden Zahl von Tauchern eine Alternative zu den nat\u00fcrlichen Pl\u00e4tzen zu bieten.<\/p>\n<p>IDC Koh Tao zusammen mit Black Turtle Dive steht lokal an der Spitze des Meeres-Naturschutzes mit ihrer Beteiligung an mehreren Projekten mit internationalen Partnern\u00a0<a href=\"https:\/\/www.padi.com\/aware\" target=\"_blank\" rel=\"noopener\">Project AWARE<\/a>,\u00a0<a href=\"http:\/\/www.coralwatch.org\/\" target=\"_blank\" rel=\"noopener\">Coralwatch<\/a>\u00a0und\u00a0<a href=\"http:\/\/www.reefcheck.org\/\" target=\"_blank\" rel=\"noopener\">Reef Check<\/a>.<\/p>\n<p><a href=\"https:\/\/idckohtao.com\/de\/pro-level-courses\/padi-divemaster-course\/\">Unsere Divemaster<\/a>\u00a0und\u00a0<a href=\"https:\/\/idckohtao.com\/de\/pro-level-courses\/padi-instructor-development-course\/\">Tauchlehrer<\/a>\u00a0erhalten das Reef Check Training, um sicherzustellen, da\u00df sie ausf\u00fchrlich \u00fcber die Unterwasserumgebung informiert sind. Unsere Riffuntersuchungen helfen, eine akkurate Datenbank \u00fcber den Zustand der lokalen Riffe zu pflegen.<\/p>\n<p>Zus\u00e4tzlich zu unserer Integration von Naturschutzprogrammen in unsere \u201c<a href=\"https:\/\/idckohtao.com\/de\/lifestyle-packages\/\">Lifestyle<\/a>\u201d- und Tauch-Internships bieten wir spezielle Eco-Kurse f\u00fcr diejenigen an, die mehr \u00fcber die lokale Umgebung lernen wollen w\u00e4hrend sie gleichzeitig wissenschaftliche Untersuchungen unterst\u00fctzen.[\/vc_column_text][\/vc_column][\/vc_row]<\/p>\n<\/div>","protected":false},"excerpt":{"rendered":"<p>[vc_row][vc_column][vc_column_text] F\u00fchrend in Meeres-Naturschutz Programmen mit Black Turtle Dive Meeres Naturschutzkurse in Thailand Meeresschutz und die Erhaltung unserer Meeres\u00f6kosysteme sind ein wichtiges Element unserer\u00a0Tauchausbildungsprogramme. IDC Koh Tao befindet sich im\u00a0Tauchcenter Black Turtle Dive\u00a0und bietet einen eigenen Lehrplan f\u00fcr Meeresschutz an, der Einzelkurse und Praktika f\u00fcr Meeresschutz umfasst. Alle unsere Tauchkurse f\u00fcr Anf\u00e4nger und Profis bieten [&hellip;]<\/p>\n","protected":false},"author":1,"featured_media":5012,"parent":0,"menu_order":0,"comment_status":"closed","ping_status":"closed","template":"","meta":{"_acf_changed":false,"footnotes":""},"class_list":["post-1887","page","type-page","status-publish","has-post-thumbnail","hentry"],"acf":[],"yoast_head":"<!-- This site is optimized with the Yoast SEO Premium plugin v27.5 (Yoast SEO v27.5) - https:\/\/yoast.com\/product\/yoast-seo-premium-wordpress\/ -->\n<title>IDC Koh Tao \u2022 Meeres-Naturschutz Kurse &amp; Internships<\/title>\n<meta name=\"description\" content=\"IDC Koh Tao mit Eco Koh Tao stehen an der Spitze des lokalen Meeres-Naturschutzes mit Beteiligung an mehreren Projekten durch unsere internationalen Partner\" \/>\n<meta name=\"robots\" content=\"index, follow, max-snippet:-1, max-image-preview:large, max-video-preview:-1\" \/>\n<link rel=\"canonical\" href=\"https:\/\/idckohtao.com\/de\/marine-conservation\/\" \/>\n<meta property=\"og:locale\" content=\"de_DE\" \/>\n<meta property=\"og:type\" content=\"article\" \/>\n<meta property=\"og:title\" content=\"IDC Koh Tao \u2022 Meeres-Naturschutz Kurse &amp; Internships\" \/>\n<meta property=\"og:description\" content=\"IDC Koh Tao mit Eco Koh Tao stehen an der Spitze des lokalen Meeres-Naturschutzes mit Beteiligung an mehreren Projekten durch unsere internationalen Partner\" \/>\n<meta property=\"og:url\" content=\"https:\/\/idckohtao.com\/de\/marine-conservation\/\" \/>\n<meta property=\"og:site_name\" content=\"IDC Koh Tao\" \/>\n<meta property=\"article:publisher\" content=\"https:\/\/www.facebook.com\/GoProIDCKohTao\" \/>\n<meta property=\"article:modified_time\" content=\"2026-05-04T11:23:18+00:00\" \/>\n<meta property=\"og:image\" content=\"https:\/\/idckohtao.com\/wp-content\/uploads\/2023\/08\/idckohtao.com-marine-conservation-courses-on-koh-tao-in-thailand-1.jpg\" \/>\n\t<meta property=\"og:image:width\" content=\"2000\" \/>\n\t<meta property=\"og:image:height\" content=\"1325\" \/>\n\t<meta property=\"og:image:type\" content=\"image\/jpeg\" \/>\n<meta name=\"twitter:card\" content=\"summary_large_image\" \/>\n<meta name=\"twitter:title\" content=\"IDC Koh Tao \u2022 Meeres-Naturschutz Kurse &amp; Internships\" \/>\n<meta name=\"twitter:description\" content=\"IDC Koh Tao mit Eco Koh Tao stehen an der Spitze des lokalen Meeres-Naturschutzes mit Beteiligung an mehreren Projekten durch unsere internationalen Partner\" \/>\n<meta name=\"twitter:image\" content=\"https:\/\/idckohtao.com\/wp-content\/uploads\/2023\/08\/idckohtao.com-marine-conservation-courses-on-koh-tao-in-thailand-1.jpg\" \/>\n<meta name=\"twitter:site\" content=\"@GoProIDCKohTao\" \/>\n<!-- \/ Yoast SEO Premium plugin. -->","yoast_head_json":{"title":"IDC Koh Tao \u2022 Meeres-Naturschutz Kurse & Internships","description":"IDC Koh Tao mit Eco Koh Tao stehen an der Spitze des lokalen Meeres-Naturschutzes mit Beteiligung an mehreren Projekten durch unsere internationalen Partner","robots":{"index":"index","follow":"follow","max-snippet":"max-snippet:-1","max-image-preview":"max-image-preview:large","max-video-preview":"max-video-preview:-1"},"canonical":"https:\/\/idckohtao.com\/de\/marine-conservation\/","og_locale":"de_DE","og_type":"article","og_title":"IDC Koh Tao \u2022 Meeres-Naturschutz Kurse & Internships","og_description":"IDC Koh Tao mit Eco Koh Tao stehen an der Spitze des lokalen Meeres-Naturschutzes mit Beteiligung an mehreren Projekten durch unsere internationalen Partner","og_url":"https:\/\/idckohtao.com\/de\/marine-conservation\/","og_site_name":"IDC Koh Tao","article_publisher":"https:\/\/www.facebook.com\/GoProIDCKohTao","article_modified_time":"2026-05-04T11:23:18+00:00","og_image":[{"width":2000,"height":1325,"url":"https:\/\/idckohtao.com\/wp-content\/uploads\/2023\/08\/idckohtao.com-marine-conservation-courses-on-koh-tao-in-thailand-1.jpg","type":"image\/jpeg"}],"twitter_card":"summary_large_image","twitter_title":"IDC Koh Tao \u2022 Meeres-Naturschutz Kurse & Internships","twitter_description":"IDC Koh Tao mit Eco Koh Tao stehen an der Spitze des lokalen Meeres-Naturschutzes mit Beteiligung an mehreren Projekten durch unsere internationalen Partner","twitter_image":"https:\/\/idckohtao.com\/wp-content\/uploads\/2023\/08\/idckohtao.com-marine-conservation-courses-on-koh-tao-in-thailand-1.jpg","twitter_site":"@GoProIDCKohTao","schema":{"@context":"https:\/\/schema.org","@graph":[{"@type":"NewsArticle","@id":"https:\/\/idckohtao.com\/de\/marine-conservation\/#article","isPartOf":{"@id":"https:\/\/idckohtao.com\/de\/marine-conservation\/"},"author":{"name":"ojasya","@id":"https:\/\/idckohtao.com\/de\/#\/schema\/person\/d08d557cbfdbc171f824052dae697b02"},"headline":"Meeres Naturschutz","datePublished":"2023-08-07T09:34:57+00:00","dateModified":"2026-05-04T11:23:18+00:00","mainEntityOfPage":{"@id":"https:\/\/idckohtao.com\/de\/marine-conservation\/"},"wordCount":428,"publisher":{"@id":"https:\/\/idckohtao.com\/de\/#organization"},"image":{"@id":"https:\/\/idckohtao.com\/de\/marine-conservation\/#primaryimage"},"thumbnailUrl":"https:\/\/idckohtao.com\/wp-content\/uploads\/2023\/09\/idckohtao.com-marine-conservation-internship-in-koh-tao-thailand.jpeg","inLanguage":"de"},{"@type":"WebPage","@id":"https:\/\/idckohtao.com\/de\/marine-conservation\/","url":"https:\/\/idckohtao.com\/de\/marine-conservation\/","name":"IDC Koh Tao \u2022 Meeres-Naturschutz Kurse & Internships","isPartOf":{"@id":"https:\/\/idckohtao.com\/de\/#website"},"primaryImageOfPage":{"@id":"https:\/\/idckohtao.com\/de\/marine-conservation\/#primaryimage"},"image":{"@id":"https:\/\/idckohtao.com\/de\/marine-conservation\/#primaryimage"},"thumbnailUrl":"https:\/\/idckohtao.com\/wp-content\/uploads\/2023\/09\/idckohtao.com-marine-conservation-internship-in-koh-tao-thailand.jpeg","datePublished":"2023-08-07T09:34:57+00:00","dateModified":"2026-05-04T11:23:18+00:00","description":"IDC Koh Tao mit Eco Koh Tao stehen an der Spitze des lokalen Meeres-Naturschutzes mit Beteiligung an mehreren Projekten durch unsere internationalen Partner","breadcrumb":{"@id":"https:\/\/idckohtao.com\/de\/marine-conservation\/#breadcrumb"},"inLanguage":"de","potentialAction":[{"@type":"ReadAction","target":["https:\/\/idckohtao.com\/de\/marine-conservation\/"]}]},{"@type":"ImageObject","inLanguage":"de","@id":"https:\/\/idckohtao.com\/de\/marine-conservation\/#primaryimage","url":"https:\/\/idckohtao.com\/wp-content\/uploads\/2023\/09\/idckohtao.com-marine-conservation-internship-in-koh-tao-thailand.jpeg","contentUrl":"https:\/\/idckohtao.com\/wp-content\/uploads\/2023\/09\/idckohtao.com-marine-conservation-internship-in-koh-tao-thailand.jpeg","width":1200,"height":800,"caption":"A Coral Reef Ecosystem on Koh Tao"},{"@type":"BreadcrumbList","@id":"https:\/\/idckohtao.com\/de\/marine-conservation\/#breadcrumb","itemListElement":[{"@type":"ListItem","position":1,"name":"Home","item":"https:\/\/idckohtao.com\/de\/"},{"@type":"ListItem","position":2,"name":"Meeres Naturschutz"}]},{"@type":"WebSite","@id":"https:\/\/idckohtao.com\/de\/#website","url":"https:\/\/idckohtao.com\/de\/","name":"IDC Koh Tao","description":"PADI IDC 5 Star Diving Center in Koh Tao - Thailand","publisher":{"@id":"https:\/\/idckohtao.com\/de\/#organization"},"alternateName":"IDC Koh Tao in Thailand","potentialAction":[{"@type":"SearchAction","target":{"@type":"EntryPoint","urlTemplate":"https:\/\/idckohtao.com\/de\/?s={search_term_string}"},"query-input":{"@type":"PropertyValueSpecification","valueRequired":true,"valueName":"search_term_string"}}],"inLanguage":"de"},{"@type":"Organization","@id":"https:\/\/idckohtao.com\/de\/#organization","name":"IDC Koh Tao","alternateName":"IDC Koh Tao | Divemaster & Diving Instructor","url":"https:\/\/idckohtao.com\/de\/","logo":{"@type":"ImageObject","inLanguage":"de","@id":"https:\/\/idckohtao.com\/de\/#\/schema\/logo\/image\/","url":"https:\/\/idckohtao.com\/wp-content\/uploads\/2023\/09\/idckohtao.com-padi-diving-center-in-koh-tao-thailand.png","contentUrl":"https:\/\/idckohtao.com\/wp-content\/uploads\/2023\/09\/idckohtao.com-padi-diving-center-in-koh-tao-thailand.png","width":400,"height":300,"caption":"IDC Koh Tao"},"image":{"@id":"https:\/\/idckohtao.com\/de\/#\/schema\/logo\/image\/"},"sameAs":["https:\/\/www.facebook.com\/GoProIDCKohTao","https:\/\/x.com\/GoProIDCKohTao","https:\/\/www.youtube.com\/idckohtao","https:\/\/www.instagram.com\/idc.kohtao\/"],"description":"IDC Koh Tao is a part of the Black Turtle Dive pro level training team with three PADI Course Directors being led by Award Winning PADI Course Director Matt Bolton. Our full range of pro and recreational PADI Diving Courses provides aspiring scuba divers with education, fun, excitement, adventure, and a change of lifestyle or an opportunity to pursue a new career.","email":"info@idckohtao.com","legalName":"IDC Koh Tao","foundingDate":"2004-01-04","numberOfEmployees":{"@type":"QuantitativeValue","minValue":"1","maxValue":"10"},"correctionsPolicy":"https:\/\/idckohtao.com\/privacy-policy\/","ethicsPolicy":"https:\/\/idckohtao.com\/terms\/"},{"@type":"Person","@id":"https:\/\/idckohtao.com\/de\/#\/schema\/person\/d08d557cbfdbc171f824052dae697b02","name":"ojasya","image":{"@type":"ImageObject","inLanguage":"de","@id":"https:\/\/secure.gravatar.com\/avatar\/6fb34e36d09053a6545fc21d344613321bb1933f185132488f38052166f5a001?s=96&d=mm&r=g","url":"https:\/\/secure.gravatar.com\/avatar\/6fb34e36d09053a6545fc21d344613321bb1933f185132488f38052166f5a001?s=96&d=mm&r=g","contentUrl":"https:\/\/secure.gravatar.com\/avatar\/6fb34e36d09053a6545fc21d344613321bb1933f185132488f38052166f5a001?s=96&d=mm&r=g","caption":"ojasya"},"sameAs":["https:\/\/idckohtao.com"],"url":"https:\/\/idckohtao.com\/de\/blog\/author\/ojasya\/"}]}},"_links":{"self":[{"href":"https:\/\/idckohtao.com\/de\/wp-json\/wp\/v2\/pages\/1887","targetHints":{"allow":["GET"]}}],"collection":[{"href":"https:\/\/idckohtao.com\/de\/wp-json\/wp\/v2\/pages"}],"about":[{"href":"https:\/\/idckohtao.com\/de\/wp-json\/wp\/v2\/types\/page"}],"author":[{"embeddable":true,"href":"https:\/\/idckohtao.com\/de\/wp-json\/wp\/v2\/users\/1"}],"replies":[{"embeddable":true,"href":"https:\/\/idckohtao.com\/de\/wp-json\/wp\/v2\/comments?post=1887"}],"version-history":[{"count":2,"href":"https:\/\/idckohtao.com\/de\/wp-json\/wp\/v2\/pages\/1887\/revisions"}],"predecessor-version":[{"id":7995,"href":"https:\/\/idckohtao.com\/de\/wp-json\/wp\/v2\/pages\/1887\/revisions\/7995"}],"wp:featuredmedia":[{"embeddable":true,"href":"https:\/\/idckohtao.com\/de\/wp-json\/wp\/v2\/media\/5012"}],"wp:attachment":[{"href":"https:\/\/idckohtao.com\/de\/wp-json\/wp\/v2\/media?parent=1887"}],"curies":[{"name":"wp","href":"https:\/\/api.w.org\/{rel}","templated":true}]}}