{"id":1893,"date":"2023-08-09T12:29:44","date_gmt":"2023-08-09T12:29:44","guid":{"rendered":"https:\/\/idckohtao.com\/master-scuba-diver-trainer-program\/"},"modified":"2026-01-02T06:39:15","modified_gmt":"2026-01-02T06:39:15","slug":"master-scuba-diver-trainer-program","status":"publish","type":"page","link":"https:\/\/idckohtao.com\/de\/pro-level-courses\/master-scuba-diver-trainer-program\/","title":{"rendered":"Master Scuba Diver Trainer Program"},"content":{"rendered":"<div class=\"wpb-content-wrapper\"><p>[vc_row][vc_column][vc_column_text css=&#8220;&#8220;]<\/p>\n<h2>PADI MSDT Instructor Internship Koh Tao, Thailand<\/h2>\n<ul>\n<li>5 PADI Spezialkurs Instructor Kurse<\/li>\n<li>Instructor Internship an der Seite unserer erfahrenen PADI Master Instructors<\/li>\n<li>Minimum 25 PADI Zertifizierungen<\/li>\n<li>Unlimitierte Anzahl an Zertifizierungen<\/li>\n<\/ul>\n<p>Das <strong>PADI Master Scuba Diver Trainer (MSDT)<\/strong> Programm besteht aus zwei Teilen \u2013<\/p>\n<p>dem \u201cPrep\u201d Kurs \u2013 bestehend aus 5 PADI Spezialkurs-Instructorkursen<\/p>\n<p>und dem <a href=\"https:\/\/idckohtao.com\/de\/pro-level-courses\/instructor-internship\/\">Instructor Internship Programm<\/a> \u2013 ein Team Teaching Internship, welches dir erlaubt, deine ersten 25 PADI Taucherzertifizierungen als PADI Tauchlehrer zu bekommen.<\/p>\n<p>Das\u00a0<strong>PADI Master Scuba Diver Trainer (MSDT)<\/strong>\u00a0Programm besteht aus zwei Teilen \u2013 dem \u201cPrep\u201d Kurs \u2013 bestehend aus 5 PADI Spezialkurs-Instructorkursen und dem\u00a0<a href=\"https:\/\/idckohtao.com\/de\/pro-level-courses\/instructor-internship\/\">Instructor Internship<\/a>\u00a0Programm \u2013 ein Team Teaching Internship, welches dir erlaubt, deine ersten 25 PADI Taucherzertifizierungen als PADI Tauchlehrer zu bekommen.<\/p>\n<h3>Wer kann sich f\u00fcr den MSDT anmelden?<\/h3>\n<p>Ein PADI <a href=\"https:\/\/idckohtao.com\/pro-level-courses\/padi-instructor-development-course\/\">Open Water Scuba Instructor<\/a> (OWSI) im aktiven Status.<\/p>\n<h3>Was wirst du lernen?<\/h3>\n<p>Es gibt 2 verschiedene Teile: MSDT Prep-Kurs und Internship Programm.<\/p>\n<h3>Was ist der MSDT Prep Kurs?<\/h3>\n<p>W\u00e4hrend dem \u2018Prep\u2019 Kurs, geplant \u00fcber 5 Tage, unterrichten wir dich, wie du PADI Spezialkurse in 5 verschiedenen Gebieten organisierst, durchf\u00fchrst und vermarktest.<\/p>\n<p>Das Programm beinhaltet Klassenzimmerpr\u00e4sentationen \u00e4hnlich zu denen deines <a href=\"https:\/\/idckohtao.com\/pro-level-courses\/padi-ie\/\">IDC &amp; IE<\/a>. Wir arbeiten ebenso die Standards &amp; Verfahren auf, welche spezifisch f\u00fcr die von dir ausgesuchten Spezialkurse Anwendung finden.<\/p>\n<p>Neben diesen Klassenzimmereinheiten wirst du an \u201cIn-Water-Workshops\u201d teilnehmen mit Bezug auf die spezifischen Fertigkeiten welche du als Teil deiner Spezialkurse unterrichten wirst.<\/p>\n<p><img decoding=\"async\" class=\"alignnone wp-image-727 size-large\" src=\"https:\/\/idckohtao.com\/wp-content\/uploads\/2023\/08\/crystal-dive-divemasters-open-water-1024x768.jpg\" alt=\"crystal-dive-divemasters-open-water\" width=\"1024\" height=\"768\" srcset=\"https:\/\/idckohtao.com\/wp-content\/uploads\/2023\/08\/crystal-dive-divemasters-open-water-1024x768.jpg 1024w, https:\/\/idckohtao.com\/wp-content\/uploads\/2023\/08\/crystal-dive-divemasters-open-water-300x225.jpg 300w, https:\/\/idckohtao.com\/wp-content\/uploads\/2023\/08\/crystal-dive-divemasters-open-water-768x576.jpg 768w, https:\/\/idckohtao.com\/wp-content\/uploads\/2023\/08\/crystal-dive-divemasters-open-water.jpg 1080w\" sizes=\"(max-width: 1024px) 100vw, 1024px\" \/><\/p>\n<h3>Was ist das MSDT Internship Programm?<\/h3>\n<p>Nach deinem Prep-Kurs wird es Zeit f\u00fcr dich, dein \u201cTeam Teaching\u201d Instructor Internship zu starten. Beim Unterrichten von Tauchern aller Stufen baust du auf das Wissen und die Fertigkeiten auf, welche du in deinem PADI IDC bekommen hast.<\/p>\n<p>Beim Team Teaching zusammen mit unseren erfahrenen <a href=\"https:\/\/idckohtao.com\/pro-level-courses\/padi-master-instructor\/\">PADI Master Instructors<\/a> baust du langsam Selbstvertrauen und deine F\u00e4higkeiten als Tauchlehrer auf, indem du ECHTE Tauchsch\u00fcler, die an ECHTEN PADI Kursen teilnehmen, unterrichtest.<\/p>\n<p>Schritt f\u00fcr Schritt <a href=\"https:\/\/idckohtao.com\/de\/blog\/8-best-reasons-to-become-a-dive-instructor-and-team-teach\/\">erlauben wir dir, mehr zu lehren<\/a>, w\u00e4hrend du durch die einzelnen Kurse schreitest und Kompetenz und Selbstvertrauen aufbaust beim Untericht von mittelgro\u00dfen Gruppen von Tauchsch\u00fclern.<\/p>\n<p>Unser ultimatives Ziel ist es f\u00fcr dich, ein selbstsicherer und kompetenter Tauchausbilder zu werden, organisiert und zeiteffektiv Kurse des ganzen PADI Systems zu lehren mit der n\u00f6tigen Erfahrung, nach der potentielle Arbeitgeber suchen. Dieses Programm wird dir auf jeden Fall mehr Karrierechancen bieten!<\/p>\n<h3>Was ist beinhaltet?<\/h3>\n<ul>\n<li>5 PADI Spezialkurs Instructorkurse<\/li>\n<li>Instructor Internship an der Seite unserer erfahrenen PADI Master Instructors<\/li>\n<li>Minimum 25 PADI Zertifizierungen<\/li>\n<li>Unlimitierte Anzahl an Zertifizierungen<\/li>\n<\/ul>\n<p><img decoding=\"async\" class=\"alignnone wp-image-728 size-large\" src=\"https:\/\/idckohtao.com\/wp-content\/uploads\/2023\/08\/idc-koh-tao-scooters-dpv-instructot-specialty-msdt-1024x768.jpg\" alt=\"idc-koh-tao-scooters-dpv-instructot-specialty-msdt\" width=\"1024\" height=\"768\" srcset=\"https:\/\/idckohtao.com\/wp-content\/uploads\/2023\/08\/idc-koh-tao-scooters-dpv-instructot-specialty-msdt-1024x768.jpg 1024w, https:\/\/idckohtao.com\/wp-content\/uploads\/2023\/08\/idc-koh-tao-scooters-dpv-instructot-specialty-msdt-300x225.jpg 300w, https:\/\/idckohtao.com\/wp-content\/uploads\/2023\/08\/idc-koh-tao-scooters-dpv-instructot-specialty-msdt-768x576.jpg 768w, https:\/\/idckohtao.com\/wp-content\/uploads\/2023\/08\/idc-koh-tao-scooters-dpv-instructot-specialty-msdt.jpg 1080w\" sizes=\"(max-width: 1024px) 100vw, 1024px\" \/><\/p>\n<h3>PADI Materialien<\/h3>\n<p>Bringe bitte die folgenden Materialien mit. Du hast diese als Teil deines IDC bekommen:<\/p>\n<ul>\n<li>PADI Specialty Course Instructor Manual (CD-Rom)<\/li>\n<li>PADI Guide to Teaching (Papierversion oder CD-Rom)<\/li>\n<li>Diving Knowledge Workbook<\/li>\n<li>PADI Quizzes &amp; Exam Hefte [Open Water, Rescue Diver, Divemaster]<\/li>\n<li>Open Water, Advanced, Rescue Diver, Divemaster Kurs Instructor Tafeln<\/li>\n<\/ul>\n<p>Zus\u00e4tzlich wirst du eine Kopie des PADI Instructor Manual ben\u00f6tigen. Die aktuelle Version ist als kostenloser Download f\u00fcr alle PADI Mitglieder im aktiven Status unter\u00a0<a href=\"https:\/\/www.padi.com\/mypadi\/\" target=\"_blank\" rel=\"noopener\">https:\/\/www.padi.com\/mypadi\/<\/a><\/p>\n<h3>PADI Geb\u00fchren<\/h3>\n<p>Es gibt eine Anzahl Anmeldungs- und Pr\u00fcfungsgeb\u00fchren, die der Kandidat direkt an PADI bezahlt.<\/p>\n<p>PADI Spezialkurs Instructoranmeldung:\u00a0<strong>AUD$ 145<\/strong> pro Spezialkurs (minimal 5 x AUD$ 145) Total: <strong>AUD$ 725<\/strong><\/p>\n<p>PADI Master Scuba Diver Trainer Anmeldung: <strong>A$195<\/strong><strong><br \/>\n<\/strong><\/p>\n<p><strong>Minimum 25 PADI Zertifizierungen<\/strong>\u00a0\u2013 um als PADI Master Scuba Diver Trainer zertifiziert zu werden, mu\u00dft du ein Minimum von 25 PADI Zertifizierungen haben. Wenn du zeitlich eingeschr\u00e4nkt bist, kannst du immer noch am Programm teilnehmen und dich f\u00fcr die Einstufung als MSDT bewerben, sobald du deinen 25. Tauchsch\u00fcler zertifiziert hast.<\/p>\n<p><strong>Unlimitierte Anzahl an Zertifizierungen<\/strong>\u00a0\u2013 wir glauben an leistungsabh\u00e4ngige Ausbildung. Unsere Philosophie ist nicht basiert auf der Anzahl von PADI Zertifizierungen w\u00e4hrend des Programms, sondern fokussiert auf deiner pers\u00f6nlichen Entwicklung als Tauchausbilder.<\/p>\n<p>Idealerweise wirst du die Gelegenheit haben, Taucher aller PADI Stufen zu unterrichten plus eine Auswahl von PADI Spezialkursen, f\u00fcr die du den Tauchlehrerstatus besitzt. Wir ermutigen unsere MSDT Kandidaten ebenso, sich bei unserer <a href=\"https:\/\/idckohtao.com\/de\/pro-level-courses\/divemaster-internship\/\">Divemasterausbildung<\/a> zu engagieren.[\/vc_column_text]<div class=\"text-left\"><div class=\"bt-course-price\"><a href=\"https:\/\/idckohtao.com\/de\/deposit-request-form\" class=\"button\">ONLINE BUCHEN<\/a><\/div><\/div>[\/vc_column][\/vc_row][vc_row][vc_column]<div class=\"section-wrap\"><h3 class=\"section-title\">H\u00e4ufig gestellte Fragen<\/h3><div class=\"faq-wrapper\"><div class=\"accordion-panel active\">\r\n                    <div class=\"panel-heading\">    \r\n                        <h3 class=\"panel-title\">\r\n                            Wie lange dauert die Vorbereitung und das \u201eMaster Scuba Diver Trainer Internship\u201c (MSDT) Programm?\r\n                        <\/h3>\r\n                    <\/div>\r\n                    <div class=\"panel-detail\">\r\n                        <p>Das MSDT-Programm ist in zwei Teile aufgeteilt, die du einzeln oder direkt in Reihenfolge abschliessen kannst.<\/p>\n<p>Der erste Teil dauert 4-6 Tage und fokussiert sich auf das Tauchlehrer-Training f\u00fcr die Spezialkurse. In diesem Teil erkl\u04d3ren wir genau den Umriss aller Spezialkurse und wiederholen alle wichtigen Standards die du zum unterrichten des Spezialkurses wissen musst.<\/p>\n<p>Das beinhaltet alle Theorie, Wasserfertigkeiten und Werbetechniken die du zum Verkauf der Kurse ben\u04e7tigst.<\/p>\n<p>Der zweite Teil, fokussiert sich auf die Erfahrung des \u201ereal life\u201c unterrichtens. Hierbei wirst du unseren erfahrenene Tauchlehrern aus unserem \u201eSenior team\u201c assistieren und diese in verschiedensten PADI Kursen begleiten.<\/p>\n<p>Hierbei erh\u04d3lst du 25 Zertifizierungen, das heisst du musst insgesamt 25 Sch\u00fcler zertifizieren um dein MSDT-Level zu erreichen. Auch hier gibt es kein Zeitlimit, wir empfehlen sich daf\u00fcr auf jeden Fall Zeit zu nehmen um so viel wie m\u04e7glich von den erfahrenen Tauchlehrern mitnehmen zu k\u04e7nnen.<\/p>\n<p>Empfohlen sind 4- 6 Wochen, auch wenn nat\u00fcrlich beachtet werden muss, dass jeder Teilnehmer unterschiedlich ist und mehr oder weniger lang f\u00fcr den Kurs braucht. Auch hier wird dir dein Kursleiter bei der Planung und Gestaltung deines Kursrahmens helfen.<\/p>\n\r\n                    <\/div>\r\n                <\/div><div class=\"accordion-panel \">\r\n                    <div class=\"panel-heading\">    \r\n                        <h3 class=\"panel-title\">\r\n                            Wie bekomme ich ein \u201ereal life\u201c Gef\u00fchl f\u00fcr das Unterrichten?\r\n                        <\/h3>\r\n                    <\/div>\r\n                    <div class=\"panel-detail\">\r\n                        <p>Dadurch dass du w\u04d3hrend des Kurses unseren erfahrenen Tauchlehrern assistierst, wirst du einen guten Einblick in alle verschieden PADI Kurse bekommen.<\/p>\n<p>Wir bieten die ganze Anzahl der PADI Kurse an, somit hast du die M\u04e7glichkeit mit vielen verschieden Gruppen von Sch\u00fclern und unseren saisonellen Tauchlehrern zusammen zu arbeiten.<\/p>\n<p>Wir empfehlen dir m\u04e7glichst viele Beginner-Kurse oder auch Rettungstaucher-Kurse zu begleiten.<\/p>\n<p>Du kannst nat\u00fcrlich auch beim Training f\u00fcr die professionelle Ebene, wie zum Beispiel dem \u201eDivemaster Workshop\u201c teilnehmen. Dies gibt dir noch mehr Einblick in verschiedene Bereiche des PADI Systems und Kursen.<\/p>\n\r\n                    <\/div>\r\n                <\/div><div class=\"accordion-panel \">\r\n                    <div class=\"panel-heading\">    \r\n                        <h3 class=\"panel-title\">\r\n                            Kann ich die Spezialkurse ausw\u04d3hlen?\r\n                        <\/h3>\r\n                    <\/div>\r\n                    <div class=\"panel-detail\">\r\n                        <p>Du darfst die Spezialkurse, die du unterrichten m\u04e7chtest ausw\u04d3hlen, dabei muss aber beachtet werden, dass jeder Spezialkurs eigene Grundvoraussetzungen hat.<\/p>\n<p>Solltest du beispielsweise den \u201eEnriched Air Diver\u201c Kurs ausw\u04d3hlen, musst du diesen Kurs auch selbst belegt haben.<\/p>\n<p>Solltest du den Kurs noch nicht abgeschlossen haben, kannst du ihn ganz einfach in Kombination mit dem Spezialkurs f\u00fcr Tauchleher erlangen.<\/p>\n\r\n                    <\/div>\r\n                <\/div><div class=\"accordion-panel \">\r\n                    <div class=\"panel-heading\">    \r\n                        <h3 class=\"panel-title\">\r\n                            Kann ich das \u201eTeam teaching\u201c Programm auch belegen wenn ich bereits 5 Sch\u00fcler zertifiziert habe?\r\n                        <\/h3>\r\n                    <\/div>\r\n                    <div class=\"panel-detail\">\r\n                        <p>Das passiert schon mal, dass wir Bewerber haben, die ihr Tauchlehrer Spezialkurs Training schon absolviert haben.<\/p>\n<p>In diesem Falle kannst du ganz einfach den zweiten Teil des Kurses abschliessen, indem du wie vorher beschrieben verschiedene Einsteiger-Kurse assistierst.<\/p>\n<p>Dies ist auch perfekt f\u00fcr Tauchlehrer die l\u04d3ngere Zeit nicht aktiv waren und ihre Fertigkeiten wieder auffrischen m\u04e7chten.<\/p>\n<p>Hier w\u00fcrden wir f\u00fcr dich nat\u00fcrlich die Begleitung von Kursen ausw\u04d3hlen, die f\u00fcr dich am meisten Sinn machen.<\/p>\n<p>Du hast ebenso die M\u04e7glichkeit des Erlernens von zus\u04d3tzlichen Spezialkursen, oder assistierst einfach die Spezialkurse die du vorher schon ausgew\u04d3hlt hast, nur vielleicht noch nicht so oft unterrichtet hast.<\/p>\n\r\n                    <\/div>\r\n                <\/div><div class=\"accordion-panel \">\r\n                    <div class=\"panel-heading\">    \r\n                        <h3 class=\"panel-title\">\r\n                            Hilft mir der MSDT-Titel bei der Jobsuche?\r\n                        <\/h3>\r\n                    <\/div>\r\n                    <div class=\"panel-detail\">\r\n                        <p>Auf jeden Fall wird dir der MSDT-Titel bei der Suche nach dem perfekt zu dir passenden Job in der Tauchindustrie helfen.<\/p>\n<p>Durch das Erreichen des MSDT-Levels verbesserst du auf jeden Fall dein Wissen in Theorie und allen Wasserfertigkeiten, womit du nat\u00fcrlich auch dein Interesse und dein Engagement f\u00fcr jegliche weiterf\u00fchrende Ausbildung in der Industrie aufzeigst.<\/p>\n<p>Die M\u04e7glichkeit Spezialkurse zu unterrichten, gibt dir die Chance eine breitere Vielfalt an Kursen nach dem Einsteigerlevel zu unterrichten.<\/p>\n<p>Viele Kunden sind interessiert an der Erweiterung ihrer F\u04d3higkeiten, nachdem sie den Beginner-oder weiterf\u00fchrenden Kurs belegt haben.<\/p>\n<p>In vielen Tauchschulen weltweit werden Tauchlehrer bevorzugt, die die g\u04d3ngigsten Spezialkurse wie Tieftauchen, Wracktauchen, oder auch Nitroxtauchen unterrichten k\u04e7nnen.<\/p>\n<p>In manchen Bereichen, wie zum Beispiel das Arbeiten auf einem Boot (\u201elive-aboard\u201c) wirst du feststellen, dass der MSDT-Rang vielleicht sogar vorgeschrieben ist.<\/p>\n\r\n                    <\/div>\r\n                <\/div><\/div>\r\n                <\/div>[\/vc_column][\/vc_row]<\/p>\n<\/div>","protected":false},"excerpt":{"rendered":"<p>[vc_row][vc_column][vc_column_text css=&#8220;&#8220;] PADI MSDT Instructor Internship Koh Tao, Thailand 5 PADI Spezialkurs Instructor Kurse Instructor Internship an der Seite unserer erfahrenen PADI Master Instructors Minimum 25 PADI Zertifizierungen Unlimitierte Anzahl an Zertifizierungen Das PADI Master Scuba Diver Trainer (MSDT) Programm besteht aus zwei Teilen \u2013 dem \u201cPrep\u201d Kurs \u2013 bestehend aus 5 PADI Spezialkurs-Instructorkursen und [&hellip;]<\/p>\n","protected":false},"author":1,"featured_media":5046,"parent":7935,"menu_order":0,"comment_status":"closed","ping_status":"closed","template":"","meta":{"_acf_changed":false,"footnotes":""},"class_list":["post-1893","page","type-page","status-publish","has-post-thumbnail","hentry"],"acf":[],"yoast_head":"<!-- This site is optimized with the Yoast SEO Premium plugin v27.5 (Yoast SEO v27.5) - https:\/\/yoast.com\/product\/yoast-seo-premium-wordpress\/ -->\n<title>IDC Koh Tao | PADI MSDT Instructor Internship Koh Tao<\/title>\n<meta name=\"description\" content=\"Unser PADI MSDT Instructor Internship erm\u00f6glicht dir, sicher die popul\u00e4ren PADI Spezialkurse zu unterrichten, f\u00fcr die du zertifiziert bist. Lehrerfahrung in der richtigen Welt\" \/>\n<meta name=\"robots\" content=\"index, follow, max-snippet:-1, max-image-preview:large, max-video-preview:-1\" \/>\n<link rel=\"canonical\" href=\"https:\/\/idckohtao.com\/de\/pro-level-courses\/master-scuba-diver-trainer-program\/\" \/>\n<meta property=\"og:locale\" content=\"de_DE\" \/>\n<meta property=\"og:type\" content=\"article\" \/>\n<meta property=\"og:title\" content=\"IDC Koh Tao | PADI MSDT Instructor Internship Koh Tao\" \/>\n<meta property=\"og:description\" content=\"Unser PADI MSDT Instructor Internship erm\u00f6glicht dir, sicher die popul\u00e4ren PADI Spezialkurse zu unterrichten, f\u00fcr die du zertifiziert bist. Lehrerfahrung in der richtigen Welt\" \/>\n<meta property=\"og:url\" content=\"https:\/\/idckohtao.com\/de\/pro-level-courses\/master-scuba-diver-trainer-program\/\" \/>\n<meta property=\"og:site_name\" content=\"IDC Koh Tao\" \/>\n<meta property=\"article:publisher\" content=\"https:\/\/www.facebook.com\/GoProIDCKohTao\" \/>\n<meta property=\"article:modified_time\" content=\"2026-01-02T06:39:15+00:00\" \/>\n<meta property=\"og:image\" content=\"https:\/\/idckohtao.com\/wp-content\/uploads\/2023\/09\/idckohtao.com-our-best-sidemount-specialty-courses-in-thailand.jpeg\" \/>\n\t<meta property=\"og:image:width\" content=\"1100\" \/>\n\t<meta property=\"og:image:height\" content=\"836\" \/>\n\t<meta property=\"og:image:type\" content=\"image\/jpeg\" \/>\n<meta name=\"twitter:card\" content=\"summary_large_image\" \/>\n<meta name=\"twitter:title\" content=\"IDC Koh Tao | PADI MSDT Instructor Internship Koh Tao\" \/>\n<meta name=\"twitter:description\" content=\"Unser PADI MSDT Instructor Internship erm\u00f6glicht dir, sicher die popul\u00e4ren PADI Spezialkurse zu unterrichten, f\u00fcr die du zertifiziert bist. Lehrerfahrung in der richtigen Welt\" \/>\n<meta name=\"twitter:site\" content=\"@GoProIDCKohTao\" \/>\n<!-- \/ Yoast SEO Premium plugin. -->","yoast_head_json":{"title":"IDC Koh Tao | PADI MSDT Instructor Internship Koh Tao","description":"Unser PADI MSDT Instructor Internship erm\u00f6glicht dir, sicher die popul\u00e4ren PADI Spezialkurse zu unterrichten, f\u00fcr die du zertifiziert bist. Lehrerfahrung in der richtigen Welt","robots":{"index":"index","follow":"follow","max-snippet":"max-snippet:-1","max-image-preview":"max-image-preview:large","max-video-preview":"max-video-preview:-1"},"canonical":"https:\/\/idckohtao.com\/de\/pro-level-courses\/master-scuba-diver-trainer-program\/","og_locale":"de_DE","og_type":"article","og_title":"IDC Koh Tao | PADI MSDT Instructor Internship Koh Tao","og_description":"Unser PADI MSDT Instructor Internship erm\u00f6glicht dir, sicher die popul\u00e4ren PADI Spezialkurse zu unterrichten, f\u00fcr die du zertifiziert bist. Lehrerfahrung in der richtigen Welt","og_url":"https:\/\/idckohtao.com\/de\/pro-level-courses\/master-scuba-diver-trainer-program\/","og_site_name":"IDC Koh Tao","article_publisher":"https:\/\/www.facebook.com\/GoProIDCKohTao","article_modified_time":"2026-01-02T06:39:15+00:00","og_image":[{"width":1100,"height":836,"url":"https:\/\/idckohtao.com\/wp-content\/uploads\/2023\/09\/idckohtao.com-our-best-sidemount-specialty-courses-in-thailand.jpeg","type":"image\/jpeg"}],"twitter_card":"summary_large_image","twitter_title":"IDC Koh Tao | PADI MSDT Instructor Internship Koh Tao","twitter_description":"Unser PADI MSDT Instructor Internship erm\u00f6glicht dir, sicher die popul\u00e4ren PADI Spezialkurse zu unterrichten, f\u00fcr die du zertifiziert bist. Lehrerfahrung in der richtigen Welt","twitter_site":"@GoProIDCKohTao","schema":{"@context":"https:\/\/schema.org","@graph":[{"@type":"NewsArticle","@id":"https:\/\/idckohtao.com\/de\/pro-level-courses\/master-scuba-diver-trainer-program\/#article","isPartOf":{"@id":"https:\/\/idckohtao.com\/de\/pro-level-courses\/master-scuba-diver-trainer-program\/"},"author":{"name":"ojasya","@id":"https:\/\/idckohtao.com\/de\/#\/schema\/person\/d08d557cbfdbc171f824052dae697b02"},"headline":"Master Scuba Diver Trainer Program","datePublished":"2023-08-09T12:29:44+00:00","dateModified":"2026-01-02T06:39:15+00:00","mainEntityOfPage":{"@id":"https:\/\/idckohtao.com\/de\/pro-level-courses\/master-scuba-diver-trainer-program\/"},"wordCount":1368,"publisher":{"@id":"https:\/\/idckohtao.com\/de\/#organization"},"image":{"@id":"https:\/\/idckohtao.com\/de\/pro-level-courses\/master-scuba-diver-trainer-program\/#primaryimage"},"thumbnailUrl":"https:\/\/idckohtao.com\/wp-content\/uploads\/2023\/09\/idckohtao.com-our-best-sidemount-specialty-courses-in-thailand.jpeg","inLanguage":"de"},{"@type":"WebPage","@id":"https:\/\/idckohtao.com\/de\/pro-level-courses\/master-scuba-diver-trainer-program\/","url":"https:\/\/idckohtao.com\/de\/pro-level-courses\/master-scuba-diver-trainer-program\/","name":"IDC Koh Tao | PADI MSDT Instructor Internship Koh Tao","isPartOf":{"@id":"https:\/\/idckohtao.com\/de\/#website"},"primaryImageOfPage":{"@id":"https:\/\/idckohtao.com\/de\/pro-level-courses\/master-scuba-diver-trainer-program\/#primaryimage"},"image":{"@id":"https:\/\/idckohtao.com\/de\/pro-level-courses\/master-scuba-diver-trainer-program\/#primaryimage"},"thumbnailUrl":"https:\/\/idckohtao.com\/wp-content\/uploads\/2023\/09\/idckohtao.com-our-best-sidemount-specialty-courses-in-thailand.jpeg","datePublished":"2023-08-09T12:29:44+00:00","dateModified":"2026-01-02T06:39:15+00:00","description":"Unser PADI MSDT Instructor Internship erm\u00f6glicht dir, sicher die popul\u00e4ren PADI Spezialkurse zu unterrichten, f\u00fcr die du zertifiziert bist. Lehrerfahrung in der richtigen Welt","breadcrumb":{"@id":"https:\/\/idckohtao.com\/de\/pro-level-courses\/master-scuba-diver-trainer-program\/#breadcrumb"},"inLanguage":"de","potentialAction":[{"@type":"ReadAction","target":["https:\/\/idckohtao.com\/de\/pro-level-courses\/master-scuba-diver-trainer-program\/"]}]},{"@type":"ImageObject","inLanguage":"de","@id":"https:\/\/idckohtao.com\/de\/pro-level-courses\/master-scuba-diver-trainer-program\/#primaryimage","url":"https:\/\/idckohtao.com\/wp-content\/uploads\/2023\/09\/idckohtao.com-our-best-sidemount-specialty-courses-in-thailand.jpeg","contentUrl":"https:\/\/idckohtao.com\/wp-content\/uploads\/2023\/09\/idckohtao.com-our-best-sidemount-specialty-courses-in-thailand.jpeg","width":1100,"height":836,"caption":"Sidemount Specialty Courses in Thailand"},{"@type":"BreadcrumbList","@id":"https:\/\/idckohtao.com\/de\/pro-level-courses\/master-scuba-diver-trainer-program\/#breadcrumb","itemListElement":[{"@type":"ListItem","position":1,"name":"Home","item":"https:\/\/idckohtao.com\/de\/"},{"@type":"ListItem","position":2,"name":"Pro level","item":"https:\/\/idckohtao.com\/de\/pro-level-courses\/"},{"@type":"ListItem","position":3,"name":"Master Scuba Diver Trainer Program"}]},{"@type":"WebSite","@id":"https:\/\/idckohtao.com\/de\/#website","url":"https:\/\/idckohtao.com\/de\/","name":"IDC Koh Tao","description":"PADI IDC 5 Star Diving Center in Koh Tao - Thailand","publisher":{"@id":"https:\/\/idckohtao.com\/de\/#organization"},"alternateName":"IDC Koh Tao in Thailand","potentialAction":[{"@type":"SearchAction","target":{"@type":"EntryPoint","urlTemplate":"https:\/\/idckohtao.com\/de\/?s={search_term_string}"},"query-input":{"@type":"PropertyValueSpecification","valueRequired":true,"valueName":"search_term_string"}}],"inLanguage":"de"},{"@type":"Organization","@id":"https:\/\/idckohtao.com\/de\/#organization","name":"IDC Koh Tao","alternateName":"IDC Koh Tao | Divemaster & Diving Instructor","url":"https:\/\/idckohtao.com\/de\/","logo":{"@type":"ImageObject","inLanguage":"de","@id":"https:\/\/idckohtao.com\/de\/#\/schema\/logo\/image\/","url":"https:\/\/idckohtao.com\/wp-content\/uploads\/2023\/09\/idckohtao.com-padi-diving-center-in-koh-tao-thailand.png","contentUrl":"https:\/\/idckohtao.com\/wp-content\/uploads\/2023\/09\/idckohtao.com-padi-diving-center-in-koh-tao-thailand.png","width":400,"height":300,"caption":"IDC Koh Tao"},"image":{"@id":"https:\/\/idckohtao.com\/de\/#\/schema\/logo\/image\/"},"sameAs":["https:\/\/www.facebook.com\/GoProIDCKohTao","https:\/\/x.com\/GoProIDCKohTao","https:\/\/www.youtube.com\/idckohtao","https:\/\/www.instagram.com\/idc.kohtao\/"],"description":"IDC Koh Tao is a part of the Black Turtle Dive pro level training team with three PADI Course Directors being led by Award Winning PADI Course Director Matt Bolton. Our full range of pro and recreational PADI Diving Courses provides aspiring scuba divers with education, fun, excitement, adventure, and a change of lifestyle or an opportunity to pursue a new career.","email":"info@idckohtao.com","legalName":"IDC Koh Tao","foundingDate":"2004-01-04","numberOfEmployees":{"@type":"QuantitativeValue","minValue":"1","maxValue":"10"},"correctionsPolicy":"https:\/\/idckohtao.com\/privacy-policy\/","ethicsPolicy":"https:\/\/idckohtao.com\/terms\/"},{"@type":"Person","@id":"https:\/\/idckohtao.com\/de\/#\/schema\/person\/d08d557cbfdbc171f824052dae697b02","name":"ojasya","image":{"@type":"ImageObject","inLanguage":"de","@id":"https:\/\/secure.gravatar.com\/avatar\/6fb34e36d09053a6545fc21d344613321bb1933f185132488f38052166f5a001?s=96&d=mm&r=g","url":"https:\/\/secure.gravatar.com\/avatar\/6fb34e36d09053a6545fc21d344613321bb1933f185132488f38052166f5a001?s=96&d=mm&r=g","contentUrl":"https:\/\/secure.gravatar.com\/avatar\/6fb34e36d09053a6545fc21d344613321bb1933f185132488f38052166f5a001?s=96&d=mm&r=g","caption":"ojasya"},"sameAs":["https:\/\/idckohtao.com"],"url":"https:\/\/idckohtao.com\/de\/blog\/author\/ojasya\/"}]}},"_links":{"self":[{"href":"https:\/\/idckohtao.com\/de\/wp-json\/wp\/v2\/pages\/1893","targetHints":{"allow":["GET"]}}],"collection":[{"href":"https:\/\/idckohtao.com\/de\/wp-json\/wp\/v2\/pages"}],"about":[{"href":"https:\/\/idckohtao.com\/de\/wp-json\/wp\/v2\/types\/page"}],"author":[{"embeddable":true,"href":"https:\/\/idckohtao.com\/de\/wp-json\/wp\/v2\/users\/1"}],"replies":[{"embeddable":true,"href":"https:\/\/idckohtao.com\/de\/wp-json\/wp\/v2\/comments?post=1893"}],"version-history":[{"count":2,"href":"https:\/\/idckohtao.com\/de\/wp-json\/wp\/v2\/pages\/1893\/revisions"}],"predecessor-version":[{"id":7609,"href":"https:\/\/idckohtao.com\/de\/wp-json\/wp\/v2\/pages\/1893\/revisions\/7609"}],"up":[{"embeddable":true,"href":"https:\/\/idckohtao.com\/de\/wp-json\/wp\/v2\/pages\/7935"}],"wp:featuredmedia":[{"embeddable":true,"href":"https:\/\/idckohtao.com\/de\/wp-json\/wp\/v2\/media\/5046"}],"wp:attachment":[{"href":"https:\/\/idckohtao.com\/de\/wp-json\/wp\/v2\/media?parent=1893"}],"curies":[{"name":"wp","href":"https:\/\/api.w.org\/{rel}","templated":true}]}}