{"id":1897,"date":"2023-08-11T09:27:06","date_gmt":"2023-08-11T09:27:06","guid":{"rendered":"https:\/\/idckohtao.com\/night-diver-instructor-specialty\/"},"modified":"2026-01-01T09:02:30","modified_gmt":"2026-01-01T09:02:30","slug":"night-diver-instructor-specialty","status":"publish","type":"page","link":"https:\/\/idckohtao.com\/de\/pro-level-courses\/night-diver-instructor-specialty\/","title":{"rendered":"Nachttauchen Spezialist Instructor"},"content":{"rendered":"<div class=\"wpb-content-wrapper\"><p>[vc_row][vc_column][vc_column_text css=&#8220;&#8220;]<\/p>\n<div class=\"et_pb_module et_pb_text et_pb_text_10 et_pb_bg_layout_light et_pb_text_align_center\">\n<div class=\"et_pb_text_inner\">\n<h2>PADI Nachttauchen Spezialkurs Koh Tao<\/h2>\n<\/div>\n<\/div>\n<p>Habt ihr euch jemals gewundert, was so faszinierend am Tauchen bei Nacht ist? Wo gehen alle Fische schlafen? Was passiert unter Wasser, nachdem es dunkel wird? Was auch immer der Grund, Tauchen bei Nacht \u00f6ffnet eine komplett neue Faszination mit der Unterwasserwelt und ist ein sehr popul\u00e4rer PADI Spezialkurs.<\/p>\n<p>Es gibt viele Gr\u00fcnde f\u00fcr Taucher, bei Nacht zu tauchen. Als ein PADI Nachttauchen Spezialkurs-Tauchlehrer kannst du Tauchsch\u00fcler unterrichten, wie sie sicher die Unterwasserwelt mit einer Unterwasserlampe beleuchten und erkunden k\u00f6nnen.<\/p>\n<p>Du kannst sicher deinen Sch\u00fclern zeigen, wie sich die Szenerie bei Nacht \u00e4ndert, Kreaturen und Organismen hervorbringt, welche tags\u00fcber versteckt sind und bei Nacht aktiv werden.<\/p>\n<p><img decoding=\"async\" class=\"alignnone wp-image-1003 size-large\" src=\"https:\/\/idckohtao.com\/wp-content\/uploads\/2023\/08\/idc-koh-tao-padi-night-diver-instructor-specialty-course-koh-tao-1024x640.jpg\" alt=\"idc-koh-tao-padi-night-diver-instructor-specialty-course-koh-tao\" width=\"1024\" height=\"640\" srcset=\"https:\/\/idckohtao.com\/wp-content\/uploads\/2023\/08\/idc-koh-tao-padi-night-diver-instructor-specialty-course-koh-tao-1024x640.jpg 1024w, https:\/\/idckohtao.com\/wp-content\/uploads\/2023\/08\/idc-koh-tao-padi-night-diver-instructor-specialty-course-koh-tao-300x188.jpg 300w, https:\/\/idckohtao.com\/wp-content\/uploads\/2023\/08\/idc-koh-tao-padi-night-diver-instructor-specialty-course-koh-tao-768x480.jpg 768w, https:\/\/idckohtao.com\/wp-content\/uploads\/2023\/08\/idc-koh-tao-padi-night-diver-instructor-specialty-course-koh-tao.jpg 1080w\" sizes=\"(max-width: 1024px) 100vw, 1024px\" \/><\/p>\n<h2>Nachttauchen rund um Koh Tao<\/h2>\n<p>Die Tauchpl\u00e4tze rund um Koh Tao sind ein exzellenter Ausbildungsplatz f\u00fcr Nachttauchg\u00e4nge. Als ein PADI Nachttauchen-Tauchlehrer wirst du in der Lage sein, deinen Tauchsch\u00fclern die Bedeutung spezialisierter Nachttauch-Ausr\u00fcstung, Einsch\u00e4tzung von Tauchbedingungen, Navigationstechniken und die Nutzung und Wartung von Unterwasserlampen beizubringen.<\/p>\n<p>Deine Tauchsch\u00fcler werden Nachttauch-Prozeduren und deren Anwendung innerhalb der Grenzen des Sporttauchens lernen und gleichzeitig verstehen, wie sie verantwortlich mit empfindlichem Unterwasserleben umgehen und vermeiden, es zu st\u00f6ren.<\/p>\n<h3>Wer kann sich f\u00fcr den PADI\u00a0 Nachttauchen Spezialist Intructorkurs anmelden?<\/h3>\n<p>Ein\u00a0<a href=\"https:\/\/idckohtao.com\/de\/pro-level-courses\/padi-instructor-development-course\/\">PADI Open Water Scuba Instructor (OWSI)<\/a>\u00a0im aktiven Status.<\/p>\n<p>Anmerkung: IDC \/ OWSI Kandidaten k\u00f6nnen an einem PADI Nachttauchen Spezialist Instructorkurs teilnehmen, k\u00f6nnen sich f\u00fcr die Zertifizierung als Spezialist-Tauchlehrer jedoch erst nach erfolgreicher Tauchlehrerpr\u00fcfung (IE) anmelden.<\/p>\n<p>Nachttauch-Spezialkurs Instructors m\u00fcssen eine Ausbildung bei einem PADI Course Director belegt haben und vorhergehende Erfahrung vor Zertifizierung nachweisen.<\/p>\n<h2>Was wirst du lernen?<\/h2>\n<p>Du wirst an den folgenden Einheiten teilnehmen:<\/p>\n<ul>\n<li>Eine Klassenzimmerpr\u00e4sentation \u00fcber die Wiederholungsfragen des Nachttauchen-Spezialkurses geben<\/li>\n<li>Standards, Prozeduren und Ablauf des Nachttauchen Spezialkurses<\/li>\n<li>Organisation und Durchf\u00fchrung des PADI Nachttauchen Spezialkurses<\/li>\n<li>Freiwasserausbildung \u2013 Demonstration, Durchf\u00fchrung und Bewertung von Tauchsch\u00fcler-Fertigkeiten des Nachttauchen Spezialkurses.<\/li>\n<\/ul>\n<p><img decoding=\"async\" class=\"alignnone wp-image-1001 size-large\" src=\"https:\/\/idckohtao.com\/wp-content\/uploads\/2023\/08\/padi-night-diver-instructor-specialty-course-1024x512.jpg\" alt=\"padi-night-diver-instructor-specialty-course\" width=\"1024\" height=\"512\" srcset=\"https:\/\/idckohtao.com\/wp-content\/uploads\/2023\/08\/padi-night-diver-instructor-specialty-course-1024x512.jpg 1024w, https:\/\/idckohtao.com\/wp-content\/uploads\/2023\/08\/padi-night-diver-instructor-specialty-course-300x150.jpg 300w, https:\/\/idckohtao.com\/wp-content\/uploads\/2023\/08\/padi-night-diver-instructor-specialty-course-768x384.jpg 768w, https:\/\/idckohtao.com\/wp-content\/uploads\/2023\/08\/padi-night-diver-instructor-specialty-course.jpg 1080w\" sizes=\"(max-width: 1024px) 100vw, 1024px\" \/><\/p>\n<p>Du wirst die Freiwassertauchg\u00e4nge an einem der zahlreichen geeigneten lokalen Tauchpl\u00e4tze machen.<\/p>\n<p>Als PADI Nachttauchen Instructor bist du zertifiziert, um den <strong>PADI Nachttauchen Spezialkurs<\/strong> selbst\u00e4ndig zu unterrichten.[\/vc_column_text]<div class=\"text-left\"><div class=\"bt-course-price\"><h4>Kurspreis: 4,000 THB<\/h4><a href=\"https:\/\/idckohtao.com\/de\/packages-prices\" class=\"button\">ONLINE BUCHEN<\/a><\/div><\/div>[vc_column_text]<\/p>\n<h2>PADI Materialien<\/h2>\n<p><i>Bitte bringe die folgenden Materialien mit. Du hast diese als Teil deines IDC Crewpack erhalten.- PADI Spezialkurs Instructor Manual (CD-Rom)<\/i><\/p>\n<p>Zus\u00e4tzlich ben\u00f6tigst du ein Exemplar des PADI Instructor Manual. Seit 2010 steht dieses f\u00fcr PADI Mitglieder im aktiven Status als kostenloser Download unter diesem Link zur Verf\u00fcgung:<a href=\"https:\/\/www.padi.com\/mypadi\/\" target=\"_blank\" rel=\"noopener\"> www.padi.com\/mypadi<\/a><\/p>\n<h3>PADI Geb\u00fchren<\/h3>\n<p>PADI Nachttauchen Instructor Anmeldung: AUD$ 145[\/vc_column_text][\/vc_column][\/vc_row]<\/p>\n<\/div>","protected":false},"excerpt":{"rendered":"<p>[vc_row][vc_column][vc_column_text css=&#8220;&#8220;] PADI Nachttauchen Spezialkurs Koh Tao Habt ihr euch jemals gewundert, was so faszinierend am Tauchen bei Nacht ist? Wo gehen alle Fische schlafen? Was passiert unter Wasser, nachdem es dunkel wird? Was auch immer der Grund, Tauchen bei Nacht \u00f6ffnet eine komplett neue Faszination mit der Unterwasserwelt und ist ein sehr popul\u00e4rer PADI [&hellip;]<\/p>\n","protected":false},"author":1,"featured_media":5095,"parent":7935,"menu_order":0,"comment_status":"closed","ping_status":"closed","template":"","meta":{"_acf_changed":false,"footnotes":""},"class_list":["post-1897","page","type-page","status-publish","has-post-thumbnail","hentry"],"acf":[],"yoast_head":"<!-- This site is optimized with the Yoast SEO Premium plugin v27.5 (Yoast SEO v27.5) - https:\/\/yoast.com\/product\/yoast-seo-premium-wordpress\/ -->\n<title>IDC Koh Tao | PADI Nachttauchen Spezialist Instructor Kurs<\/title>\n<meta name=\"description\" content=\"Der PADI Nachttauchen Spezialist Tauchlehrerkurs auf Koh Tao zertifiziert dich als ein Nachttauch Spezialist Instructor der seinen Sch\u00fclern beibringt, wie sie sicher bei Nacht tauchen\" \/>\n<meta name=\"robots\" content=\"index, follow, max-snippet:-1, max-image-preview:large, max-video-preview:-1\" \/>\n<link rel=\"canonical\" href=\"https:\/\/idckohtao.com\/de\/pro-level-courses\/night-diver-instructor-specialty\/\" \/>\n<meta property=\"og:locale\" content=\"de_DE\" \/>\n<meta property=\"og:type\" content=\"article\" \/>\n<meta property=\"og:title\" content=\"IDC Koh Tao | PADI Nachttauchen Spezialist Instructor Kurs\" \/>\n<meta property=\"og:description\" content=\"Der PADI Nachttauchen Spezialist Tauchlehrerkurs auf Koh Tao zertifiziert dich als ein Nachttauch Spezialist Instructor der seinen Sch\u00fclern beibringt, wie sie sicher bei Nacht tauchen\" \/>\n<meta property=\"og:url\" content=\"https:\/\/idckohtao.com\/de\/pro-level-courses\/night-diver-instructor-specialty\/\" \/>\n<meta property=\"og:site_name\" content=\"IDC Koh Tao\" \/>\n<meta property=\"article:publisher\" content=\"https:\/\/www.facebook.com\/GoProIDCKohTao\" \/>\n<meta property=\"article:modified_time\" content=\"2026-01-01T09:02:30+00:00\" \/>\n<meta property=\"og:image\" content=\"https:\/\/idckohtao.com\/wp-content\/uploads\/2023\/09\/idckohtao.com-night-diver-instructor-specialty-courses-in-koh-tao.jpg\" \/>\n\t<meta property=\"og:image:width\" content=\"1200\" \/>\n\t<meta property=\"og:image:height\" content=\"800\" \/>\n\t<meta property=\"og:image:type\" content=\"image\/jpeg\" \/>\n<meta name=\"twitter:card\" content=\"summary_large_image\" \/>\n<meta name=\"twitter:title\" content=\"IDC Koh Tao | PADI Nachttauchen Spezialist Instructor Kurs\" \/>\n<meta name=\"twitter:description\" content=\"Der PADI Nachttauchen Spezialist Tauchlehrerkurs auf Koh Tao zertifiziert dich als ein Nachttauch Spezialist Instructor der seinen Sch\u00fclern beibringt, wie sie sicher bei Nacht tauchen\" \/>\n<meta name=\"twitter:site\" content=\"@GoProIDCKohTao\" \/>\n<!-- \/ Yoast SEO Premium plugin. -->","yoast_head_json":{"title":"IDC Koh Tao | PADI Nachttauchen Spezialist Instructor Kurs","description":"Der PADI Nachttauchen Spezialist Tauchlehrerkurs auf Koh Tao zertifiziert dich als ein Nachttauch Spezialist Instructor der seinen Sch\u00fclern beibringt, wie sie sicher bei Nacht tauchen","robots":{"index":"index","follow":"follow","max-snippet":"max-snippet:-1","max-image-preview":"max-image-preview:large","max-video-preview":"max-video-preview:-1"},"canonical":"https:\/\/idckohtao.com\/de\/pro-level-courses\/night-diver-instructor-specialty\/","og_locale":"de_DE","og_type":"article","og_title":"IDC Koh Tao | PADI Nachttauchen Spezialist Instructor Kurs","og_description":"Der PADI Nachttauchen Spezialist Tauchlehrerkurs auf Koh Tao zertifiziert dich als ein Nachttauch Spezialist Instructor der seinen Sch\u00fclern beibringt, wie sie sicher bei Nacht tauchen","og_url":"https:\/\/idckohtao.com\/de\/pro-level-courses\/night-diver-instructor-specialty\/","og_site_name":"IDC Koh Tao","article_publisher":"https:\/\/www.facebook.com\/GoProIDCKohTao","article_modified_time":"2026-01-01T09:02:30+00:00","og_image":[{"width":1200,"height":800,"url":"https:\/\/idckohtao.com\/wp-content\/uploads\/2023\/09\/idckohtao.com-night-diver-instructor-specialty-courses-in-koh-tao.jpg","type":"image\/jpeg"}],"twitter_card":"summary_large_image","twitter_title":"IDC Koh Tao | PADI Nachttauchen Spezialist Instructor Kurs","twitter_description":"Der PADI Nachttauchen Spezialist Tauchlehrerkurs auf Koh Tao zertifiziert dich als ein Nachttauch Spezialist Instructor der seinen Sch\u00fclern beibringt, wie sie sicher bei Nacht tauchen","twitter_site":"@GoProIDCKohTao","schema":{"@context":"https:\/\/schema.org","@graph":[{"@type":"NewsArticle","@id":"https:\/\/idckohtao.com\/de\/pro-level-courses\/night-diver-instructor-specialty\/#article","isPartOf":{"@id":"https:\/\/idckohtao.com\/de\/pro-level-courses\/night-diver-instructor-specialty\/"},"author":{"name":"ojasya","@id":"https:\/\/idckohtao.com\/de\/#\/schema\/person\/d08d557cbfdbc171f824052dae697b02"},"headline":"Nachttauchen Spezialist Instructor","datePublished":"2023-08-11T09:27:06+00:00","dateModified":"2026-01-01T09:02:30+00:00","mainEntityOfPage":{"@id":"https:\/\/idckohtao.com\/de\/pro-level-courses\/night-diver-instructor-specialty\/"},"wordCount":442,"publisher":{"@id":"https:\/\/idckohtao.com\/de\/#organization"},"image":{"@id":"https:\/\/idckohtao.com\/de\/pro-level-courses\/night-diver-instructor-specialty\/#primaryimage"},"thumbnailUrl":"https:\/\/idckohtao.com\/wp-content\/uploads\/2023\/09\/idckohtao.com-night-diver-instructor-specialty-courses-in-koh-tao.jpg","inLanguage":"de"},{"@type":"WebPage","@id":"https:\/\/idckohtao.com\/de\/pro-level-courses\/night-diver-instructor-specialty\/","url":"https:\/\/idckohtao.com\/de\/pro-level-courses\/night-diver-instructor-specialty\/","name":"IDC Koh Tao | PADI Nachttauchen Spezialist Instructor Kurs","isPartOf":{"@id":"https:\/\/idckohtao.com\/de\/#website"},"primaryImageOfPage":{"@id":"https:\/\/idckohtao.com\/de\/pro-level-courses\/night-diver-instructor-specialty\/#primaryimage"},"image":{"@id":"https:\/\/idckohtao.com\/de\/pro-level-courses\/night-diver-instructor-specialty\/#primaryimage"},"thumbnailUrl":"https:\/\/idckohtao.com\/wp-content\/uploads\/2023\/09\/idckohtao.com-night-diver-instructor-specialty-courses-in-koh-tao.jpg","datePublished":"2023-08-11T09:27:06+00:00","dateModified":"2026-01-01T09:02:30+00:00","description":"Der PADI Nachttauchen Spezialist Tauchlehrerkurs auf Koh Tao zertifiziert dich als ein Nachttauch Spezialist Instructor der seinen Sch\u00fclern beibringt, wie sie sicher bei Nacht tauchen","breadcrumb":{"@id":"https:\/\/idckohtao.com\/de\/pro-level-courses\/night-diver-instructor-specialty\/#breadcrumb"},"inLanguage":"de","potentialAction":[{"@type":"ReadAction","target":["https:\/\/idckohtao.com\/de\/pro-level-courses\/night-diver-instructor-specialty\/"]}]},{"@type":"ImageObject","inLanguage":"de","@id":"https:\/\/idckohtao.com\/de\/pro-level-courses\/night-diver-instructor-specialty\/#primaryimage","url":"https:\/\/idckohtao.com\/wp-content\/uploads\/2023\/09\/idckohtao.com-night-diver-instructor-specialty-courses-in-koh-tao.jpg","contentUrl":"https:\/\/idckohtao.com\/wp-content\/uploads\/2023\/09\/idckohtao.com-night-diver-instructor-specialty-courses-in-koh-tao.jpg","width":1200,"height":800,"caption":"Night Diver Instructor Specialty Course in Koh Tao"},{"@type":"BreadcrumbList","@id":"https:\/\/idckohtao.com\/de\/pro-level-courses\/night-diver-instructor-specialty\/#breadcrumb","itemListElement":[{"@type":"ListItem","position":1,"name":"Home","item":"https:\/\/idckohtao.com\/de\/"},{"@type":"ListItem","position":2,"name":"Pro level","item":"https:\/\/idckohtao.com\/de\/pro-level-courses\/"},{"@type":"ListItem","position":3,"name":"Nachttauchen Spezialist Instructor"}]},{"@type":"WebSite","@id":"https:\/\/idckohtao.com\/de\/#website","url":"https:\/\/idckohtao.com\/de\/","name":"IDC Koh Tao","description":"PADI IDC 5 Star Diving Center in Koh Tao - Thailand","publisher":{"@id":"https:\/\/idckohtao.com\/de\/#organization"},"alternateName":"IDC Koh Tao in Thailand","potentialAction":[{"@type":"SearchAction","target":{"@type":"EntryPoint","urlTemplate":"https:\/\/idckohtao.com\/de\/?s={search_term_string}"},"query-input":{"@type":"PropertyValueSpecification","valueRequired":true,"valueName":"search_term_string"}}],"inLanguage":"de"},{"@type":"Organization","@id":"https:\/\/idckohtao.com\/de\/#organization","name":"IDC Koh Tao","alternateName":"IDC Koh Tao | Divemaster & Diving Instructor","url":"https:\/\/idckohtao.com\/de\/","logo":{"@type":"ImageObject","inLanguage":"de","@id":"https:\/\/idckohtao.com\/de\/#\/schema\/logo\/image\/","url":"https:\/\/idckohtao.com\/wp-content\/uploads\/2023\/09\/idckohtao.com-padi-diving-center-in-koh-tao-thailand.png","contentUrl":"https:\/\/idckohtao.com\/wp-content\/uploads\/2023\/09\/idckohtao.com-padi-diving-center-in-koh-tao-thailand.png","width":400,"height":300,"caption":"IDC Koh Tao"},"image":{"@id":"https:\/\/idckohtao.com\/de\/#\/schema\/logo\/image\/"},"sameAs":["https:\/\/www.facebook.com\/GoProIDCKohTao","https:\/\/x.com\/GoProIDCKohTao","https:\/\/www.youtube.com\/idckohtao","https:\/\/www.instagram.com\/idc.kohtao\/"],"description":"IDC Koh Tao is a part of the Black Turtle Dive pro level training team with three PADI Course Directors being led by Award Winning PADI Course Director Matt Bolton. Our full range of pro and recreational PADI Diving Courses provides aspiring scuba divers with education, fun, excitement, adventure, and a change of lifestyle or an opportunity to pursue a new career.","email":"info@idckohtao.com","legalName":"IDC Koh Tao","foundingDate":"2004-01-04","numberOfEmployees":{"@type":"QuantitativeValue","minValue":"1","maxValue":"10"},"correctionsPolicy":"https:\/\/idckohtao.com\/privacy-policy\/","ethicsPolicy":"https:\/\/idckohtao.com\/terms\/"},{"@type":"Person","@id":"https:\/\/idckohtao.com\/de\/#\/schema\/person\/d08d557cbfdbc171f824052dae697b02","name":"ojasya","image":{"@type":"ImageObject","inLanguage":"de","@id":"https:\/\/secure.gravatar.com\/avatar\/6fb34e36d09053a6545fc21d344613321bb1933f185132488f38052166f5a001?s=96&d=mm&r=g","url":"https:\/\/secure.gravatar.com\/avatar\/6fb34e36d09053a6545fc21d344613321bb1933f185132488f38052166f5a001?s=96&d=mm&r=g","contentUrl":"https:\/\/secure.gravatar.com\/avatar\/6fb34e36d09053a6545fc21d344613321bb1933f185132488f38052166f5a001?s=96&d=mm&r=g","caption":"ojasya"},"sameAs":["https:\/\/idckohtao.com"],"url":"https:\/\/idckohtao.com\/de\/blog\/author\/ojasya\/"}]}},"_links":{"self":[{"href":"https:\/\/idckohtao.com\/de\/wp-json\/wp\/v2\/pages\/1897","targetHints":{"allow":["GET"]}}],"collection":[{"href":"https:\/\/idckohtao.com\/de\/wp-json\/wp\/v2\/pages"}],"about":[{"href":"https:\/\/idckohtao.com\/de\/wp-json\/wp\/v2\/types\/page"}],"author":[{"embeddable":true,"href":"https:\/\/idckohtao.com\/de\/wp-json\/wp\/v2\/users\/1"}],"replies":[{"embeddable":true,"href":"https:\/\/idckohtao.com\/de\/wp-json\/wp\/v2\/comments?post=1897"}],"version-history":[{"count":2,"href":"https:\/\/idckohtao.com\/de\/wp-json\/wp\/v2\/pages\/1897\/revisions"}],"predecessor-version":[{"id":7559,"href":"https:\/\/idckohtao.com\/de\/wp-json\/wp\/v2\/pages\/1897\/revisions\/7559"}],"up":[{"embeddable":true,"href":"https:\/\/idckohtao.com\/de\/wp-json\/wp\/v2\/pages\/7935"}],"wp:featuredmedia":[{"embeddable":true,"href":"https:\/\/idckohtao.com\/de\/wp-json\/wp\/v2\/media\/5095"}],"wp:attachment":[{"href":"https:\/\/idckohtao.com\/de\/wp-json\/wp\/v2\/media?parent=1897"}],"curies":[{"name":"wp","href":"https:\/\/api.w.org\/{rel}","templated":true}]}}