{"id":1900,"date":"2023-08-10T13:37:15","date_gmt":"2023-08-10T13:37:15","guid":{"rendered":"https:\/\/idckohtao.com\/nitrox-instructor-specialty\/"},"modified":"2026-01-01T09:16:23","modified_gmt":"2026-01-01T09:16:23","slug":"nitrox-instructor-specialty","status":"publish","type":"page","link":"https:\/\/idckohtao.com\/de\/pro-level-courses\/nitrox-instructor-specialty\/","title":{"rendered":"Nitrox Spezialist Instructorkurs"},"content":{"rendered":"<div class=\"wpb-content-wrapper\"><p>[vc_row][vc_column][vc_column_text]<\/p>\n<div class=\"et_pb_module et_pb_text et_pb_text_10 et_pb_bg_layout_light et_pb_text_align_center\">\n<div class=\"et_pb_text_inner\">\n<h2>MSDT \u2022 PADI Spezialist Instructorkurs, Koh Tao, Thailand<\/h2>\n<\/div>\n<\/div>\n<p>Der PADI Enriched Air (Nitrox) Tauchkurs ist der popul\u00e4rste PADI Spezialkurs in der Welt und eine Zertifizierung, die jeder Tauchlehrer haben \u201cmu\u00df\u201d. Nitrox Spezialkurs Tauchlehrer k\u00f6nnen ihren Tauchsch\u00fclern maximale Optionen und dadurch gro\u00dfartigen Kundenservice anbieten.<\/p>\n<p>Zum Zeitpunkt, an dem jeder neue Taucher seinen Einsteigerkurs beendet hat, werden sie alle vom Tauchen mit sauerstoffangereicherter Luft oder \u201cNitrox\u201d, wie es allgemein genannt wird, geh\u00f6rt haben. Sie werden die extra Flexibilit\u00e4t von l\u00e4ngeren Grundzeiten und k\u00fcrzeren Oberfl\u00e4chenpausen wollen, was Nitrox liefert.<\/p>\n<p><b>Bleib l\u00e4nger unter Wasser auf deinen Tauchg\u00e4ngen rund um Koh Tao<\/b><\/p>\n<p>Einer der Hauptgr\u00fcnde, den PADI Enriched Air Nitrox Spezialkurs zu besuchen ist es, in der Lage zu sein, l\u00e4nger unter Wasser zu bleiben und Koh Tao bietet eine gro\u00dfartige Auswahl von Tauchpl\u00e4tzen, geeignet f\u00fcr ihre Taucher, um ihre Grenzen zu erweitern! Chumphon Pinnacle, Southwest, Hin Wong Pinnacle, Green Rock, White Rock und Sail Rock sind alle ideal f\u00fcr Nitrox Enriched Air Trainingstauchg\u00e4nge.<\/p>\n<p>Dies wird dir erlauben, deine Tauchsch\u00fcler auf ihren ersten Tauchg\u00e4ngen mit sauerstoffangereicherter Luft zu leiten, w\u00e4hrend sie den Tauchplatz \u00fcber einen l\u00e4ngeren Zeitraum beim Nutzen von Nitrox erkunden.<\/p>\n<p><b>Wer kann sich f\u00fcr den PADI Nitrox Spezialist Intructorkurs anmelden?<\/b><\/p>\n<p>Ein\u00a0<a href=\"https:\/\/idckohtao.com\/de\/pro-level-courses\/padi-instructor-development-course\/\">PADI Open Water Scuba Instructor (OWSI)<\/a>\u00a0im aktiven Status.<\/p>\n<p>PADI Enriched Air Spezialist (Taucherstufe) oder \u00e4quivalent.<\/p>\n<p>Anmerkung: IDC \/ OWSI Kandidaten k\u00f6nnen an einem PADI Nitrox Spezialist Instructorkurs teilnehmen, k\u00f6nnen sich f\u00fcr die Zertifizierung als Spezialist-Tauchlehrer jedoch erst nach erfolgreicher Tauchlehrerpr\u00fcfung (IE) anmelden.<\/p>\n<p>Nitrox-Tauchlehrer ben\u00f6tigen mindestens 10 Nitrox-Tauchg\u00e4nge vor Zertifizierung. Dies ist Voraussetzung f\u00fcr die Zertifizierung und kann nach dem Spezialist-Instructorkurs erfolgen.<\/p>\n<p><img decoding=\"async\" class=\"alignnone wp-image-903 size-large\" src=\"https:\/\/idckohtao.com\/wp-content\/uploads\/2023\/08\/idckohtao.com-padi-nitrox-instructor-specialties-1024x640.jpg\" alt=\"\" width=\"1024\" height=\"640\" srcset=\"https:\/\/idckohtao.com\/wp-content\/uploads\/2023\/08\/idckohtao.com-padi-nitrox-instructor-specialties-1024x640.jpg 1024w, https:\/\/idckohtao.com\/wp-content\/uploads\/2023\/08\/idckohtao.com-padi-nitrox-instructor-specialties-300x188.jpg 300w, https:\/\/idckohtao.com\/wp-content\/uploads\/2023\/08\/idckohtao.com-padi-nitrox-instructor-specialties-768x480.jpg 768w, https:\/\/idckohtao.com\/wp-content\/uploads\/2023\/08\/idckohtao.com-padi-nitrox-instructor-specialties.jpg 1080w\" sizes=\"(max-width: 1024px) 100vw, 1024px\" \/><\/p>\n<h2><b>Was wirst du lernen?<\/b><\/h2>\n<p>Du wirst an den folgenden Einheiten teilnehmen:<\/p>\n<ul>\n<li>Eine Klassenzimmerpr\u00e4sentation \u00fcber die Wiederholungsfragen des Nitrox-Spezialkurses geben<\/li>\n<li>Standards, Prozeduren und Ablauf des Nitrox-Spezialkurses<\/li>\n<li>Organisation und Durchf\u00fchrung des PADI Nitrox-Spezialkurs<\/li>\n<li>Freiwasserausbildung \u2013 Demonstration, Durchf\u00fchrung und Bewertung von Tauchsch\u00fcler-Fertigkeiten des Nitrox-Spezialkurses.<\/li>\n<\/ul>\n<p>Du wirst die Freiwassertauchg\u00e4nge an einem der zahlreichen geeigneten lokalen Tauchpl\u00e4tze machen.<\/p>\n<p>Als PADI Nitrox Instructor bist du zertifiziert, um den <strong>PADI Nitrox Spezialkurs<\/strong> selbst\u00e4ndig zu unterrichten.[\/vc_column_text]<div class=\"text-left\"><div class=\"bt-course-price\"><h4>Kurspreis: 4,000 THB<\/h4><a href=\"https:\/\/idckohtao.com\/de\/packages-prices\" class=\"button\">ONLINE BUCHEN<\/a><\/div><\/div>[vc_column_text css=&#8220;&#8220;]<b>PADI Materialien:<\/b><\/p>\n<p><i>Bitte bringe die folgenden Materialien mit. Du hast diese als Teil deines IDC Crewpack erhalten.- PADI Spezialkurs Instructor Manual (CD-Rom)<\/i><\/p>\n<p>Zus\u00e4tzlich ben\u00f6tigst du ein Exemplar des PADI Instructor Manual. Seit 2010 steht dieses f\u00fcr PADI Mitglieder im aktiven Status als kostenloser Download unter diesem Link zur Verf\u00fcgung:<a href=\"https:\/\/www.padi.com\/mypadi\/\" target=\"_blank\" rel=\"noopener\"> www.padi.com\/mypadi\/<\/a><\/p>\n<p><b>PADI Geb\u00fchren<\/b><\/p>\n<p>PADI Nitrox Instructor Anmeldung:\u00a0<b>AUD$ 145<\/b><\/p>\n<p>[\/vc_column_text][\/vc_column][\/vc_row]<\/p>\n<\/div>","protected":false},"excerpt":{"rendered":"<p>[vc_row][vc_column][vc_column_text] MSDT \u2022 PADI Spezialist Instructorkurs, Koh Tao, Thailand Der PADI Enriched Air (Nitrox) Tauchkurs ist der popul\u00e4rste PADI Spezialkurs in der Welt und eine Zertifizierung, die jeder Tauchlehrer haben \u201cmu\u00df\u201d. Nitrox Spezialkurs Tauchlehrer k\u00f6nnen ihren Tauchsch\u00fclern maximale Optionen und dadurch gro\u00dfartigen Kundenservice anbieten. Zum Zeitpunkt, an dem jeder neue Taucher seinen Einsteigerkurs beendet hat, [&hellip;]<\/p>\n","protected":false},"author":1,"featured_media":4619,"parent":7935,"menu_order":0,"comment_status":"closed","ping_status":"closed","template":"","meta":{"_acf_changed":false,"footnotes":""},"class_list":["post-1900","page","type-page","status-publish","has-post-thumbnail","hentry"],"acf":[],"yoast_head":"<!-- This site is optimized with the Yoast SEO Premium plugin v27.5 (Yoast SEO v27.5) - https:\/\/yoast.com\/product\/yoast-seo-premium-wordpress\/ -->\n<title>IDC Koh Tao | MSDT PADI Nitrox Spezialist Instructor Kurs<\/title>\n<meta name=\"description\" content=\"Unser MSDT PADI Nitrox Spezialist Instructor Kurs auf Koh Tao zertifiziert dich als Nitrox-Spezialkurs-Tauchlehrer, um Tauchsch\u00fcler zu unterrichten, sicher ihre Grenzen zu erweitern!\" \/>\n<meta name=\"robots\" content=\"index, follow, max-snippet:-1, max-image-preview:large, max-video-preview:-1\" \/>\n<link rel=\"canonical\" href=\"https:\/\/idckohtao.com\/de\/pro-level-courses\/nitrox-instructor-specialty\/\" \/>\n<meta property=\"og:locale\" content=\"de_DE\" \/>\n<meta property=\"og:type\" content=\"article\" \/>\n<meta property=\"og:title\" content=\"IDC Koh Tao | MSDT PADI Nitrox Spezialist Instructor Kurs\" \/>\n<meta property=\"og:description\" content=\"Unser MSDT PADI Nitrox Spezialist Instructor Kurs auf Koh Tao zertifiziert dich als Nitrox-Spezialkurs-Tauchlehrer, um Tauchsch\u00fcler zu unterrichten, sicher ihre Grenzen zu erweitern!\" \/>\n<meta property=\"og:url\" content=\"https:\/\/idckohtao.com\/de\/pro-level-courses\/nitrox-instructor-specialty\/\" \/>\n<meta property=\"og:site_name\" content=\"IDC Koh Tao\" \/>\n<meta property=\"article:publisher\" content=\"https:\/\/www.facebook.com\/GoProIDCKohTao\" \/>\n<meta property=\"article:modified_time\" content=\"2026-01-01T09:16:23+00:00\" \/>\n<meta property=\"og:image\" content=\"https:\/\/idckohtao.com\/wp-content\/uploads\/2023\/09\/idckohtao.com-best-padi-enriched-air-nitrox-diver-specialty-course-koh-tao.jpeg\" \/>\n\t<meta property=\"og:image:width\" content=\"1000\" \/>\n\t<meta property=\"og:image:height\" content=\"564\" \/>\n\t<meta property=\"og:image:type\" content=\"image\/jpeg\" \/>\n<meta name=\"twitter:card\" content=\"summary_large_image\" \/>\n<meta name=\"twitter:title\" content=\"IDC Koh Tao | MSDT PADI Nitrox Spezialist Instructor Kurs\" \/>\n<meta name=\"twitter:description\" content=\"Unser MSDT PADI Nitrox Spezialist Instructor Kurs auf Koh Tao zertifiziert dich als Nitrox-Spezialkurs-Tauchlehrer, um Tauchsch\u00fcler zu unterrichten, sicher ihre Grenzen zu erweitern!\" \/>\n<meta name=\"twitter:site\" content=\"@GoProIDCKohTao\" \/>\n<!-- \/ Yoast SEO Premium plugin. -->","yoast_head_json":{"title":"IDC Koh Tao | MSDT PADI Nitrox Spezialist Instructor Kurs","description":"Unser MSDT PADI Nitrox Spezialist Instructor Kurs auf Koh Tao zertifiziert dich als Nitrox-Spezialkurs-Tauchlehrer, um Tauchsch\u00fcler zu unterrichten, sicher ihre Grenzen zu erweitern!","robots":{"index":"index","follow":"follow","max-snippet":"max-snippet:-1","max-image-preview":"max-image-preview:large","max-video-preview":"max-video-preview:-1"},"canonical":"https:\/\/idckohtao.com\/de\/pro-level-courses\/nitrox-instructor-specialty\/","og_locale":"de_DE","og_type":"article","og_title":"IDC Koh Tao | MSDT PADI Nitrox Spezialist Instructor Kurs","og_description":"Unser MSDT PADI Nitrox Spezialist Instructor Kurs auf Koh Tao zertifiziert dich als Nitrox-Spezialkurs-Tauchlehrer, um Tauchsch\u00fcler zu unterrichten, sicher ihre Grenzen zu erweitern!","og_url":"https:\/\/idckohtao.com\/de\/pro-level-courses\/nitrox-instructor-specialty\/","og_site_name":"IDC Koh Tao","article_publisher":"https:\/\/www.facebook.com\/GoProIDCKohTao","article_modified_time":"2026-01-01T09:16:23+00:00","og_image":[{"width":1000,"height":564,"url":"https:\/\/idckohtao.com\/wp-content\/uploads\/2023\/09\/idckohtao.com-best-padi-enriched-air-nitrox-diver-specialty-course-koh-tao.jpeg","type":"image\/jpeg"}],"twitter_card":"summary_large_image","twitter_title":"IDC Koh Tao | MSDT PADI Nitrox Spezialist Instructor Kurs","twitter_description":"Unser MSDT PADI Nitrox Spezialist Instructor Kurs auf Koh Tao zertifiziert dich als Nitrox-Spezialkurs-Tauchlehrer, um Tauchsch\u00fcler zu unterrichten, sicher ihre Grenzen zu erweitern!","twitter_site":"@GoProIDCKohTao","schema":{"@context":"https:\/\/schema.org","@graph":[{"@type":"NewsArticle","@id":"https:\/\/idckohtao.com\/de\/pro-level-courses\/nitrox-instructor-specialty\/#article","isPartOf":{"@id":"https:\/\/idckohtao.com\/de\/pro-level-courses\/nitrox-instructor-specialty\/"},"author":{"name":"ojasya","@id":"https:\/\/idckohtao.com\/de\/#\/schema\/person\/d08d557cbfdbc171f824052dae697b02"},"headline":"Nitrox Spezialist Instructorkurs","datePublished":"2023-08-10T13:37:15+00:00","dateModified":"2026-01-01T09:16:23+00:00","mainEntityOfPage":{"@id":"https:\/\/idckohtao.com\/de\/pro-level-courses\/nitrox-instructor-specialty\/"},"wordCount":457,"publisher":{"@id":"https:\/\/idckohtao.com\/de\/#organization"},"image":{"@id":"https:\/\/idckohtao.com\/de\/pro-level-courses\/nitrox-instructor-specialty\/#primaryimage"},"thumbnailUrl":"https:\/\/idckohtao.com\/wp-content\/uploads\/2023\/09\/idckohtao.com-best-padi-enriched-air-nitrox-diver-specialty-course-koh-tao.jpeg","inLanguage":"de"},{"@type":"WebPage","@id":"https:\/\/idckohtao.com\/de\/pro-level-courses\/nitrox-instructor-specialty\/","url":"https:\/\/idckohtao.com\/de\/pro-level-courses\/nitrox-instructor-specialty\/","name":"IDC Koh Tao | MSDT PADI Nitrox Spezialist Instructor Kurs","isPartOf":{"@id":"https:\/\/idckohtao.com\/de\/#website"},"primaryImageOfPage":{"@id":"https:\/\/idckohtao.com\/de\/pro-level-courses\/nitrox-instructor-specialty\/#primaryimage"},"image":{"@id":"https:\/\/idckohtao.com\/de\/pro-level-courses\/nitrox-instructor-specialty\/#primaryimage"},"thumbnailUrl":"https:\/\/idckohtao.com\/wp-content\/uploads\/2023\/09\/idckohtao.com-best-padi-enriched-air-nitrox-diver-specialty-course-koh-tao.jpeg","datePublished":"2023-08-10T13:37:15+00:00","dateModified":"2026-01-01T09:16:23+00:00","description":"Unser MSDT PADI Nitrox Spezialist Instructor Kurs auf Koh Tao zertifiziert dich als Nitrox-Spezialkurs-Tauchlehrer, um Tauchsch\u00fcler zu unterrichten, sicher ihre Grenzen zu erweitern!","breadcrumb":{"@id":"https:\/\/idckohtao.com\/de\/pro-level-courses\/nitrox-instructor-specialty\/#breadcrumb"},"inLanguage":"de","potentialAction":[{"@type":"ReadAction","target":["https:\/\/idckohtao.com\/de\/pro-level-courses\/nitrox-instructor-specialty\/"]}]},{"@type":"ImageObject","inLanguage":"de","@id":"https:\/\/idckohtao.com\/de\/pro-level-courses\/nitrox-instructor-specialty\/#primaryimage","url":"https:\/\/idckohtao.com\/wp-content\/uploads\/2023\/09\/idckohtao.com-best-padi-enriched-air-nitrox-diver-specialty-course-koh-tao.jpeg","contentUrl":"https:\/\/idckohtao.com\/wp-content\/uploads\/2023\/09\/idckohtao.com-best-padi-enriched-air-nitrox-diver-specialty-course-koh-tao.jpeg","width":1000,"height":564,"caption":"Scuba Diver Using A Nitrox Gas Blend"},{"@type":"BreadcrumbList","@id":"https:\/\/idckohtao.com\/de\/pro-level-courses\/nitrox-instructor-specialty\/#breadcrumb","itemListElement":[{"@type":"ListItem","position":1,"name":"Home","item":"https:\/\/idckohtao.com\/de\/"},{"@type":"ListItem","position":2,"name":"Pro level","item":"https:\/\/idckohtao.com\/de\/pro-level-courses\/"},{"@type":"ListItem","position":3,"name":"Nitrox Spezialist Instructorkurs"}]},{"@type":"WebSite","@id":"https:\/\/idckohtao.com\/de\/#website","url":"https:\/\/idckohtao.com\/de\/","name":"IDC Koh Tao","description":"PADI IDC 5 Star Diving Center in Koh Tao - Thailand","publisher":{"@id":"https:\/\/idckohtao.com\/de\/#organization"},"alternateName":"IDC Koh Tao in Thailand","potentialAction":[{"@type":"SearchAction","target":{"@type":"EntryPoint","urlTemplate":"https:\/\/idckohtao.com\/de\/?s={search_term_string}"},"query-input":{"@type":"PropertyValueSpecification","valueRequired":true,"valueName":"search_term_string"}}],"inLanguage":"de"},{"@type":"Organization","@id":"https:\/\/idckohtao.com\/de\/#organization","name":"IDC Koh Tao","alternateName":"IDC Koh Tao | Divemaster & Diving Instructor","url":"https:\/\/idckohtao.com\/de\/","logo":{"@type":"ImageObject","inLanguage":"de","@id":"https:\/\/idckohtao.com\/de\/#\/schema\/logo\/image\/","url":"https:\/\/idckohtao.com\/wp-content\/uploads\/2023\/09\/idckohtao.com-padi-diving-center-in-koh-tao-thailand.png","contentUrl":"https:\/\/idckohtao.com\/wp-content\/uploads\/2023\/09\/idckohtao.com-padi-diving-center-in-koh-tao-thailand.png","width":400,"height":300,"caption":"IDC Koh Tao"},"image":{"@id":"https:\/\/idckohtao.com\/de\/#\/schema\/logo\/image\/"},"sameAs":["https:\/\/www.facebook.com\/GoProIDCKohTao","https:\/\/x.com\/GoProIDCKohTao","https:\/\/www.youtube.com\/idckohtao","https:\/\/www.instagram.com\/idc.kohtao\/"],"description":"IDC Koh Tao is a part of the Black Turtle Dive pro level training team with three PADI Course Directors being led by Award Winning PADI Course Director Matt Bolton. Our full range of pro and recreational PADI Diving Courses provides aspiring scuba divers with education, fun, excitement, adventure, and a change of lifestyle or an opportunity to pursue a new career.","email":"info@idckohtao.com","legalName":"IDC Koh Tao","foundingDate":"2004-01-04","numberOfEmployees":{"@type":"QuantitativeValue","minValue":"1","maxValue":"10"},"correctionsPolicy":"https:\/\/idckohtao.com\/privacy-policy\/","ethicsPolicy":"https:\/\/idckohtao.com\/terms\/"},{"@type":"Person","@id":"https:\/\/idckohtao.com\/de\/#\/schema\/person\/d08d557cbfdbc171f824052dae697b02","name":"ojasya","image":{"@type":"ImageObject","inLanguage":"de","@id":"https:\/\/secure.gravatar.com\/avatar\/6fb34e36d09053a6545fc21d344613321bb1933f185132488f38052166f5a001?s=96&d=mm&r=g","url":"https:\/\/secure.gravatar.com\/avatar\/6fb34e36d09053a6545fc21d344613321bb1933f185132488f38052166f5a001?s=96&d=mm&r=g","contentUrl":"https:\/\/secure.gravatar.com\/avatar\/6fb34e36d09053a6545fc21d344613321bb1933f185132488f38052166f5a001?s=96&d=mm&r=g","caption":"ojasya"},"sameAs":["https:\/\/idckohtao.com"],"url":"https:\/\/idckohtao.com\/de\/blog\/author\/ojasya\/"}]}},"_links":{"self":[{"href":"https:\/\/idckohtao.com\/de\/wp-json\/wp\/v2\/pages\/1900","targetHints":{"allow":["GET"]}}],"collection":[{"href":"https:\/\/idckohtao.com\/de\/wp-json\/wp\/v2\/pages"}],"about":[{"href":"https:\/\/idckohtao.com\/de\/wp-json\/wp\/v2\/types\/page"}],"author":[{"embeddable":true,"href":"https:\/\/idckohtao.com\/de\/wp-json\/wp\/v2\/users\/1"}],"replies":[{"embeddable":true,"href":"https:\/\/idckohtao.com\/de\/wp-json\/wp\/v2\/comments?post=1900"}],"version-history":[{"count":2,"href":"https:\/\/idckohtao.com\/de\/wp-json\/wp\/v2\/pages\/1900\/revisions"}],"predecessor-version":[{"id":7565,"href":"https:\/\/idckohtao.com\/de\/wp-json\/wp\/v2\/pages\/1900\/revisions\/7565"}],"up":[{"embeddable":true,"href":"https:\/\/idckohtao.com\/de\/wp-json\/wp\/v2\/pages\/7935"}],"wp:featuredmedia":[{"embeddable":true,"href":"https:\/\/idckohtao.com\/de\/wp-json\/wp\/v2\/media\/4619"}],"wp:attachment":[{"href":"https:\/\/idckohtao.com\/de\/wp-json\/wp\/v2\/media?parent=1900"}],"curies":[{"name":"wp","href":"https:\/\/api.w.org\/{rel}","templated":true}]}}