{"id":1903,"date":"2023-08-06T15:30:53","date_gmt":"2023-08-06T15:30:53","guid":{"rendered":"https:\/\/idckohtao.com\/open-water-course\/"},"modified":"2026-04-22T04:57:49","modified_gmt":"2026-04-22T04:57:49","slug":"open-water-course","status":"publish","type":"page","link":"https:\/\/idckohtao.com\/de\/open-water-course\/","title":{"rendered":"Open Water Kurs"},"content":{"rendered":"<div class=\"wpb-content-wrapper\"><p>[vc_row][vc_column][vc_column_text]<\/p>\n<h2>PADI Open Water Course \u2013 Einstiegskurs f\u00fcr Anf\u00e4nger<\/h2>\n<p>IDC Koh Tao befindet sich im\u00a0<a href=\"https:\/\/www.blackturtledive.com\/\">Black Turtle Dive<\/a> Center\u00a0und ist in der Branche f\u00fcr die Qualit\u00e4t und die Trainingsstandards ihrer Einstiegs- und Pro-Level-<a href=\"https:\/\/idckohtao.com\/padi-diving-courses\/\">Tauchkurse<\/a> hoch anerkannt.<\/p>\n<p>Der PADI Open Water Kurs ist ein idealer Einstieg f\u00fcr Taucher, die lernen m\u00f6chten, wie man taucht und die erstaunliche Unterwasserumgebung erleben m\u00f6chten.<\/p>\n<p>Unser PADI Open Water Kurs wird sicherstellen, dass du ein kompetenter Taucher, ein Besch\u00fctzer der Meere und ein zuk\u00fcnftiger Vertreter des Ozeans wirst.<\/p>\n<p>Erlerne, wie du sicher tauchst und erhalte deine PADI \u201eOpen Water\u201c Lizenz, f\u00fcr das\u00a0<a href=\"https:\/\/idckohtao.com\/de\/why-choose-koh-tao\/\">tropische Koh Tao<\/a>, mit der du weltweit bis zu einer maximalen Tiefe von 18 Metern tauchen kannst.<\/p>\n<p><img decoding=\"async\" class=\"alignnone wp-image-252 size-large\" src=\"https:\/\/idckohtao.com\/wp-content\/uploads\/2023\/08\/idckohtao.com-divemaster-skills-circuit-koh-tao-1-1024x576.jpg\" alt=\"idckohtao.com-divemaster-skills-circuit-koh-tao\" width=\"1024\" height=\"576\" srcset=\"https:\/\/idckohtao.com\/wp-content\/uploads\/2023\/08\/idckohtao.com-divemaster-skills-circuit-koh-tao-1-1024x576.jpg 1024w, https:\/\/idckohtao.com\/wp-content\/uploads\/2023\/08\/idckohtao.com-divemaster-skills-circuit-koh-tao-1-300x169.jpg 300w, https:\/\/idckohtao.com\/wp-content\/uploads\/2023\/08\/idckohtao.com-divemaster-skills-circuit-koh-tao-1-768x432.jpg 768w, https:\/\/idckohtao.com\/wp-content\/uploads\/2023\/08\/idckohtao.com-divemaster-skills-circuit-koh-tao-1.jpg 1280w\" sizes=\"(max-width: 1024px) 100vw, 1024px\" \/><\/p>\n<h3>Hol dir deinen PADI Schein!<\/h3>\n<p>Koh Tao ist das beliebteste Reiseziel der Welt, um Tauchen zu lernen und die\u00a0<a href=\"https:\/\/www.thefunkyturtle.com\/de\/diving-courses\/open-water-course\/\" target=\"_blank\" rel=\"noopener\">PADI \u201eOpen Water\u201c Zertifizierung<\/a>\u00a0zu erhalten. Die weltweit beliebteste und international anerkannte Tauchlizenz.<\/p>\n<p>Der PADI Open Water Kurs ist in drei Abschnitte eingeteilt; die Wissensentwicklung, Training im begrenzten Wasser und die Tauchg\u04d3nge im offenen Wasser.<\/p>\n<h3>\u201eOpen Water\u201c Kurs Theorieteil<\/h3>\n<p>Du erh\u04d3lst ein online Handbuch f\u00fcr den PADI \u201eOpen Water\u201c Taucher und dieses musst du als Referenz verwenden, um den Theorieteil erolgreich auszuf\u00fchren. Dieser ist in 5 Module unterteilt.<\/p>\n<p>In diesem Kursabschnitt, wirst du 5 Videos anschauen und im Anschluss wirst du durch kleine Wiederholungsfrageb\u04e7gen zusammen mit deinem Tauchlehrer durchgehen. Das Handbuch ent\u04d3lt eine Reihe von kurzen Quiz, mit denen du dein Wissen testen kannst.<\/p>\n<p>Dein\u00a0<a href=\"https:\/\/idckohtao.com\/de\/pro-level-courses\/padi-instructor-development-course\/\">Kursleiter<\/a>\u00a0\u00fcberpr\u00fcft alle Wiederholungsfragen und erl\u04d3utert dir alle Informationen, die du nicht verstehst, bevor du nach den ersten vier Abschnitten ein Quiz mit 10 Fragen durchf\u00fchrst.<\/p>\n<p>Sobald du eine Anzahlung gemacht hast, senden wird dir dein online Handbuch f\u00fcr den PADI \u201eOpen Water\u201c Taucher und du kannst HEUTE loslegen.<\/p>\n<p>Um Zeit zu sparen, kannst du auch die Option \u201eE-Learning\u201c in Betracht ziehen, mit dieser kannst du alle Theorie schon vor deiner Ankunft abhaken.<\/p>\n<p>Alles was du dann bei deiner Ankunft machen musst, ist das Ausf\u00fcllen eines Wiederholungsfragebogens mit 20 Fragen, um sicherzustellen, dass du das \u201eE-Learning\u201c Programm tats\u04d3chlich selbst durchgef\u00fchrt hast und du bereit bist mit den Wasserfertigkeiten zu beginnen.<\/p>\n<p><img decoding=\"async\" class=\"alignnone wp-image-254 size-large\" src=\"https:\/\/idckohtao.com\/wp-content\/uploads\/2023\/08\/idckohtao.com-best-instructor-courses-koh-tao-thailand-1024x576.jpg\" alt=\"idckohtao.com-best-instructor-courses-koh-tao-thailand\" width=\"1024\" height=\"576\" srcset=\"https:\/\/idckohtao.com\/wp-content\/uploads\/2023\/08\/idckohtao.com-best-instructor-courses-koh-tao-thailand-1024x576.jpg 1024w, https:\/\/idckohtao.com\/wp-content\/uploads\/2023\/08\/idckohtao.com-best-instructor-courses-koh-tao-thailand-300x169.jpg 300w, https:\/\/idckohtao.com\/wp-content\/uploads\/2023\/08\/idckohtao.com-best-instructor-courses-koh-tao-thailand-768x432.jpg 768w, https:\/\/idckohtao.com\/wp-content\/uploads\/2023\/08\/idckohtao.com-best-instructor-courses-koh-tao-thailand-1536x864.jpg 1536w, https:\/\/idckohtao.com\/wp-content\/uploads\/2023\/08\/idckohtao.com-best-instructor-courses-koh-tao-thailand.jpg 1920w\" sizes=\"(max-width: 1024px) 100vw, 1024px\" \/><\/p>\n<h3>Die \u201eOpen Water\u201c Kurs Tauchg\u04d3nge im begrenzten Wasser<\/h3>\n<p>Jetzt ist es an der Zeit, mit dem Spass zu beginnen.<\/p>\n<p>In Wasser, dass tief genug ist um stehen zu k\u04e7nnen, werden wir dir langsam die grundlegenden Wasserfertigkeiten vorstellen, die du ben\u04e7tigst um sicher zu tauchen.<\/p>\n<p>Die Tauchg\u04d3nge im begrenzten Wasser umfassen F\u04d3higkeiten wie das Ausblasen deiner Taucherbrille, das Ausblasen deines Atemreglers, verschiedene F\u04d3higkeit unter Wasser zu schwimmen und deinen richtigen Auftrieb zu bestimmen.<\/p>\n<p>Wenn du die grundlegenden F\u04d3hgkeiten in seichtem Wasser erlernst, kannst du dein K\u04e7nnen, das Vertrauen und die Kontrolle in einer vertrauten Umgebung ohne Ablenkung bequem erlernen und auch leicht steigern.<\/p>\n<p>Die Tauchg\u04d3nge im begrenzten Wasser dauern 3- 6 Stunden, abh\u04d3ngig von der Klassengr\u04e7sse, dein eigenes Gef\u00fchl f\u00fcr die Erlernung der F\u04d3higkeiten und dein Wohlbefinden im Wasser.<\/p>\n<p>Bedenke, dass es sich um einen leistungsorientierten Kurs handelt, sodass wir immer sicherstellen k\u04e7nnen, dass wir in deinem Tempo vorangehen k\u04e7nnen.<\/p>\n<p>Um diesen Abschnitt zu vervollst\u04d3ndigen, kann es auch mehrere Sitzungen ben\u04e7tigen. Also kein Stress!<\/p>\n<h3>Trainingstauchg\u04d3nge im offenen Wasser Das Beste heben wir uns bis zum Schluss auf!<\/h3>\n<p>Die vier \u201eOpen-Water\u201c Trainingstauchg\u04d3nge, die an vier gro\u00dfartigen Tauchpl\u04d3tzen rund um Koh Tao durchgef\u00fchrt werden, sind auf zwei Tage aufgeteilt.<\/p>\n<p>Du hast die M\u04e7glichkeit, all deine erlernten F\u04d3higkeiten nun zusammenzubringen. Einige der Fertigkeiten, die du bereits im begrenzten Wasser erlernt hast, wirst du nochmal im Meer \u00fcben, um sie an eine Umgebung im offenen Wasser anzupassen.<\/p>\n<p>Der Rest der Tauchg\u04d3nge ist genau daf\u00fcr da, wof\u00fcr du dich angemeldet hast\u2026 das Tauchen!<\/p>\n<p>Erkunde das Unterwasserkorallenriff, umgeben von einem Kaleidoskop atemberaubender Farben und einer F\u00fclle an\u00a0<a href=\"https:\/\/idckohtao.com\/de\/marine-conservation\/\">verschiedenen Meereslebewesen<\/a>.<\/p>\n<p>Wir garantieren dir, ein Gef\u00fchl, dass du nicht m\u04e7chtest das der Tauchgang endet!<\/p>\n<p>Nach dem Abschluss aller Kursanforderungen bist du als PADI \u201eOpen Water\u201c Taucher zertifiziert und kannst mit einem Tauchpartner, unabh\u04d3ngig von einem\u00a0<a href=\"https:\/\/idckohtao.com\/de\/pro-level-courses\/padi-divemaster-course\/\">PADI Tauchprofessionellen<\/a>\u00a0bis zu 18 m tauchen gehen.<\/p>\n<h3>\u201cE-Learning Open Water\u201d Kursablauf<\/h3>\n<p><strong>Tag 1:<\/strong>\u00a0\u00dcberpr\u00fcfe die E-Learning Wiederholungsfragen<\/p>\n<p>Tauchg\u04d3nge im begrenztem Wasser 1-5<\/p>\n<p><strong>Tag 2:<\/strong><\/p>\n<p>Trainingstauchg\u04d3nge im offenem Wasser 1&amp;2<\/p>\n<p><strong>Tag 3:<\/strong><\/p>\n<p>Trainingstauchg\u04d3nge im offenem Wasser 3&amp;4<\/p>\n<h3>Der PADI Open Water Kurs beinhaltet:<\/h3>\n<ul>\n<li>E-Learning online PADI Open Water Taucherhandbuch &amp; PADI Zertifizierung<\/li>\n<li>PADI Tauchlehrer Geb\u00fchren<\/li>\n<li>Versicherung<\/li>\n<li>Logbuch<\/li>\n<li>Austr\u00fcstungsverleih<\/li>\n<li>Tauchcomputer<\/li>\n<\/ul>\n<p>[\/vc_column_text]<div class=\"text-left\"><h3 class=\"section-title\">Hol dir deinen PADI hier bei uns!<\/h3><div class=\"bt-course-price\"><h4>12,950<\/h4><a href=\"https:\/\/idckohtao.com\/de\/packages-prices\/\" class=\"button\">ONLINE BUCHEN<\/a><\/div><\/div>[\/vc_column][\/vc_row]<\/p>\n<\/div>","protected":false},"excerpt":{"rendered":"<p>[vc_row][vc_column][vc_column_text] PADI Open Water Course \u2013 Einstiegskurs f\u00fcr Anf\u00e4nger IDC Koh Tao befindet sich im\u00a0Black Turtle Dive Center\u00a0und ist in der Branche f\u00fcr die Qualit\u00e4t und die Trainingsstandards ihrer Einstiegs- und Pro-Level-Tauchkurse hoch anerkannt. Der PADI Open Water Kurs ist ein idealer Einstieg f\u00fcr Taucher, die lernen m\u00f6chten, wie man taucht und die erstaunliche Unterwasserumgebung [&hellip;]<\/p>\n","protected":false},"author":1,"featured_media":5028,"parent":0,"menu_order":0,"comment_status":"closed","ping_status":"closed","template":"","meta":{"_acf_changed":false,"footnotes":""},"class_list":["post-1903","page","type-page","status-publish","has-post-thumbnail","hentry"],"acf":[],"yoast_head":"<!-- This site is optimized with the Yoast SEO Premium plugin v27.5 (Yoast SEO v27.5) - https:\/\/yoast.com\/product\/yoast-seo-premium-wordpress\/ -->\n<title>PADI Open Water Kurs Koh Tao \/ IDC Koh Tao<\/title>\n<meta name=\"description\" content=\"Erlerne wie du sicher tauchst und erhalte deine PADI Open water Lizenz in Koh Tao, mit der du weltweit bis zu 18 Metern tauchen kannst\" \/>\n<meta name=\"robots\" content=\"index, follow, max-snippet:-1, max-image-preview:large, max-video-preview:-1\" \/>\n<link rel=\"canonical\" href=\"https:\/\/idckohtao.com\/de\/open-water-course\/\" \/>\n<meta property=\"og:locale\" content=\"de_DE\" \/>\n<meta property=\"og:type\" content=\"article\" \/>\n<meta property=\"og:title\" content=\"PADI Open Water Kurs Koh Tao \/ IDC Koh Tao\" \/>\n<meta property=\"og:description\" content=\"Erlerne wie du sicher tauchst und erhalte deine PADI Open water Lizenz in Koh Tao, mit der du weltweit bis zu 18 Metern tauchen kannst\" \/>\n<meta property=\"og:url\" content=\"https:\/\/idckohtao.com\/de\/open-water-course\/\" \/>\n<meta property=\"og:site_name\" content=\"IDC Koh Tao\" \/>\n<meta property=\"article:publisher\" content=\"https:\/\/www.facebook.com\/GoProIDCKohTao\" \/>\n<meta property=\"article:modified_time\" content=\"2026-04-22T04:57:49+00:00\" \/>\n<meta property=\"og:image\" content=\"https:\/\/idckohtao.com\/wp-content\/uploads\/2023\/08\/idckohtao.com-padi-instructor-development-course-at-crystal-dive-kohtao.jpg\" \/>\n\t<meta property=\"og:image:width\" content=\"2000\" \/>\n\t<meta property=\"og:image:height\" content=\"1125\" \/>\n\t<meta property=\"og:image:type\" content=\"image\/jpeg\" \/>\n<meta name=\"twitter:card\" content=\"summary_large_image\" \/>\n<meta name=\"twitter:title\" content=\"PADI Open Water Kurs Koh Tao \/ IDC Koh Tao\" \/>\n<meta name=\"twitter:description\" content=\"Erlerne wie du sicher tauchst und erhalte deine PADI Open water Lizenz in Koh Tao, mit der du weltweit bis zu 18 Metern tauchen kannst\" \/>\n<meta name=\"twitter:image\" content=\"https:\/\/idckohtao.com\/wp-content\/uploads\/2023\/08\/idckohtao.com-padi-instructor-development-course-at-crystal-dive-kohtao.jpg\" \/>\n<meta name=\"twitter:site\" content=\"@GoProIDCKohTao\" \/>\n<!-- \/ Yoast SEO Premium plugin. -->","yoast_head_json":{"title":"PADI Open Water Kurs Koh Tao \/ IDC Koh Tao","description":"Erlerne wie du sicher tauchst und erhalte deine PADI Open water Lizenz in Koh Tao, mit der du weltweit bis zu 18 Metern tauchen kannst","robots":{"index":"index","follow":"follow","max-snippet":"max-snippet:-1","max-image-preview":"max-image-preview:large","max-video-preview":"max-video-preview:-1"},"canonical":"https:\/\/idckohtao.com\/de\/open-water-course\/","og_locale":"de_DE","og_type":"article","og_title":"PADI Open Water Kurs Koh Tao \/ IDC Koh Tao","og_description":"Erlerne wie du sicher tauchst und erhalte deine PADI Open water Lizenz in Koh Tao, mit der du weltweit bis zu 18 Metern tauchen kannst","og_url":"https:\/\/idckohtao.com\/de\/open-water-course\/","og_site_name":"IDC Koh Tao","article_publisher":"https:\/\/www.facebook.com\/GoProIDCKohTao","article_modified_time":"2026-04-22T04:57:49+00:00","og_image":[{"width":2000,"height":1125,"url":"https:\/\/idckohtao.com\/wp-content\/uploads\/2023\/08\/idckohtao.com-padi-instructor-development-course-at-crystal-dive-kohtao.jpg","type":"image\/jpeg"}],"twitter_card":"summary_large_image","twitter_title":"PADI Open Water Kurs Koh Tao \/ IDC Koh Tao","twitter_description":"Erlerne wie du sicher tauchst und erhalte deine PADI Open water Lizenz in Koh Tao, mit der du weltweit bis zu 18 Metern tauchen kannst","twitter_image":"https:\/\/idckohtao.com\/wp-content\/uploads\/2023\/08\/idckohtao.com-padi-instructor-development-course-at-crystal-dive-kohtao.jpg","twitter_site":"@GoProIDCKohTao","schema":{"@context":"https:\/\/schema.org","@graph":[{"@type":"NewsArticle","@id":"https:\/\/idckohtao.com\/de\/open-water-course\/#article","isPartOf":{"@id":"https:\/\/idckohtao.com\/de\/open-water-course\/"},"author":{"name":"ojasya","@id":"https:\/\/idckohtao.com\/de\/#\/schema\/person\/d08d557cbfdbc171f824052dae697b02"},"headline":"Open Water Kurs","datePublished":"2023-08-06T15:30:53+00:00","dateModified":"2026-04-22T04:57:49+00:00","mainEntityOfPage":{"@id":"https:\/\/idckohtao.com\/de\/open-water-course\/"},"wordCount":798,"publisher":{"@id":"https:\/\/idckohtao.com\/de\/#organization"},"image":{"@id":"https:\/\/idckohtao.com\/de\/open-water-course\/#primaryimage"},"thumbnailUrl":"https:\/\/idckohtao.com\/wp-content\/uploads\/2023\/09\/idckohtao.com-fun-diving-trips-on-koh-tao-island.jpeg","inLanguage":"de"},{"@type":"WebPage","@id":"https:\/\/idckohtao.com\/de\/open-water-course\/","url":"https:\/\/idckohtao.com\/de\/open-water-course\/","name":"PADI Open Water Kurs Koh Tao \/ IDC Koh Tao","isPartOf":{"@id":"https:\/\/idckohtao.com\/de\/#website"},"primaryImageOfPage":{"@id":"https:\/\/idckohtao.com\/de\/open-water-course\/#primaryimage"},"image":{"@id":"https:\/\/idckohtao.com\/de\/open-water-course\/#primaryimage"},"thumbnailUrl":"https:\/\/idckohtao.com\/wp-content\/uploads\/2023\/09\/idckohtao.com-fun-diving-trips-on-koh-tao-island.jpeg","datePublished":"2023-08-06T15:30:53+00:00","dateModified":"2026-04-22T04:57:49+00:00","description":"Erlerne wie du sicher tauchst und erhalte deine PADI Open water Lizenz in Koh Tao, mit der du weltweit bis zu 18 Metern tauchen kannst","breadcrumb":{"@id":"https:\/\/idckohtao.com\/de\/open-water-course\/#breadcrumb"},"inLanguage":"de","potentialAction":[{"@type":"ReadAction","target":["https:\/\/idckohtao.com\/de\/open-water-course\/"]}]},{"@type":"ImageObject","inLanguage":"de","@id":"https:\/\/idckohtao.com\/de\/open-water-course\/#primaryimage","url":"https:\/\/idckohtao.com\/wp-content\/uploads\/2023\/09\/idckohtao.com-fun-diving-trips-on-koh-tao-island.jpeg","contentUrl":"https:\/\/idckohtao.com\/wp-content\/uploads\/2023\/09\/idckohtao.com-fun-diving-trips-on-koh-tao-island.jpeg","width":1200,"height":770,"caption":"PADI Open Water course certification in Thailand"},{"@type":"BreadcrumbList","@id":"https:\/\/idckohtao.com\/de\/open-water-course\/#breadcrumb","itemListElement":[{"@type":"ListItem","position":1,"name":"Home","item":"https:\/\/idckohtao.com\/de\/"},{"@type":"ListItem","position":2,"name":"Open Water Kurs"}]},{"@type":"WebSite","@id":"https:\/\/idckohtao.com\/de\/#website","url":"https:\/\/idckohtao.com\/de\/","name":"IDC Koh Tao","description":"PADI IDC 5 Star Diving Center in Koh Tao - Thailand","publisher":{"@id":"https:\/\/idckohtao.com\/de\/#organization"},"alternateName":"IDC Koh Tao in Thailand","potentialAction":[{"@type":"SearchAction","target":{"@type":"EntryPoint","urlTemplate":"https:\/\/idckohtao.com\/de\/?s={search_term_string}"},"query-input":{"@type":"PropertyValueSpecification","valueRequired":true,"valueName":"search_term_string"}}],"inLanguage":"de"},{"@type":"Organization","@id":"https:\/\/idckohtao.com\/de\/#organization","name":"IDC Koh Tao","alternateName":"IDC Koh Tao | Divemaster & Diving Instructor","url":"https:\/\/idckohtao.com\/de\/","logo":{"@type":"ImageObject","inLanguage":"de","@id":"https:\/\/idckohtao.com\/de\/#\/schema\/logo\/image\/","url":"https:\/\/idckohtao.com\/wp-content\/uploads\/2023\/09\/idckohtao.com-padi-diving-center-in-koh-tao-thailand.png","contentUrl":"https:\/\/idckohtao.com\/wp-content\/uploads\/2023\/09\/idckohtao.com-padi-diving-center-in-koh-tao-thailand.png","width":400,"height":300,"caption":"IDC Koh Tao"},"image":{"@id":"https:\/\/idckohtao.com\/de\/#\/schema\/logo\/image\/"},"sameAs":["https:\/\/www.facebook.com\/GoProIDCKohTao","https:\/\/x.com\/GoProIDCKohTao","https:\/\/www.youtube.com\/idckohtao","https:\/\/www.instagram.com\/idc.kohtao\/"],"description":"IDC Koh Tao is a part of the Black Turtle Dive pro level training team with three PADI Course Directors being led by Award Winning PADI Course Director Matt Bolton. Our full range of pro and recreational PADI Diving Courses provides aspiring scuba divers with education, fun, excitement, adventure, and a change of lifestyle or an opportunity to pursue a new career.","email":"info@idckohtao.com","legalName":"IDC Koh Tao","foundingDate":"2004-01-04","numberOfEmployees":{"@type":"QuantitativeValue","minValue":"1","maxValue":"10"},"correctionsPolicy":"https:\/\/idckohtao.com\/privacy-policy\/","ethicsPolicy":"https:\/\/idckohtao.com\/terms\/"},{"@type":"Person","@id":"https:\/\/idckohtao.com\/de\/#\/schema\/person\/d08d557cbfdbc171f824052dae697b02","name":"ojasya","image":{"@type":"ImageObject","inLanguage":"de","@id":"https:\/\/secure.gravatar.com\/avatar\/6fb34e36d09053a6545fc21d344613321bb1933f185132488f38052166f5a001?s=96&d=mm&r=g","url":"https:\/\/secure.gravatar.com\/avatar\/6fb34e36d09053a6545fc21d344613321bb1933f185132488f38052166f5a001?s=96&d=mm&r=g","contentUrl":"https:\/\/secure.gravatar.com\/avatar\/6fb34e36d09053a6545fc21d344613321bb1933f185132488f38052166f5a001?s=96&d=mm&r=g","caption":"ojasya"},"sameAs":["https:\/\/idckohtao.com"],"url":"https:\/\/idckohtao.com\/de\/blog\/author\/ojasya\/"}]}},"_links":{"self":[{"href":"https:\/\/idckohtao.com\/de\/wp-json\/wp\/v2\/pages\/1903","targetHints":{"allow":["GET"]}}],"collection":[{"href":"https:\/\/idckohtao.com\/de\/wp-json\/wp\/v2\/pages"}],"about":[{"href":"https:\/\/idckohtao.com\/de\/wp-json\/wp\/v2\/types\/page"}],"author":[{"embeddable":true,"href":"https:\/\/idckohtao.com\/de\/wp-json\/wp\/v2\/users\/1"}],"replies":[{"embeddable":true,"href":"https:\/\/idckohtao.com\/de\/wp-json\/wp\/v2\/comments?post=1903"}],"version-history":[{"count":1,"href":"https:\/\/idckohtao.com\/de\/wp-json\/wp\/v2\/pages\/1903\/revisions"}],"predecessor-version":[{"id":7707,"href":"https:\/\/idckohtao.com\/de\/wp-json\/wp\/v2\/pages\/1903\/revisions\/7707"}],"wp:featuredmedia":[{"embeddable":true,"href":"https:\/\/idckohtao.com\/de\/wp-json\/wp\/v2\/media\/5028"}],"wp:attachment":[{"href":"https:\/\/idckohtao.com\/de\/wp-json\/wp\/v2\/media?parent=1903"}],"curies":[{"name":"wp","href":"https:\/\/api.w.org\/{rel}","templated":true}]}}