{"id":1915,"date":"2023-08-09T17:14:39","date_gmt":"2023-08-09T17:14:39","guid":{"rendered":"https:\/\/idckohtao.com\/assistant-instructor\/"},"modified":"2026-01-02T06:19:52","modified_gmt":"2026-01-02T06:19:52","slug":"assistant-instructor","status":"publish","type":"page","link":"https:\/\/idckohtao.com\/de\/pro-level-courses\/assistant-instructor\/","title":{"rendered":"PADI Assistant Instructor Kurs (AI)"},"content":{"rendered":"<div class=\"wpb-content-wrapper\"><p>[vc_row][vc_column][vc_column_text css=&#8220;&#8220;]<\/p>\n<h2>Der erste Teil des PADI Instructor Development Kurses (IDC)<\/h2>\n<p>Der PADI Assistamt Instructor Kurs bietet PADI Divemastern und Tauchprofis anderer Trainingsorganisationen die Gelegenheit, ihre Ausbildung als Tauchlehrer\/Assistenten und Tauchausbilder fortzuf\u00fchren.<\/p>\n<ul>\n<li>6-Tages-Programm auf Koh Tao<\/li>\n<li>Optionaler zweit\u00e4giger Vorbereitungskurs (Auffrischung von Theorie und Fertigkeiten)<\/li>\n<\/ul>\n<p>Der PADI Assistant Instructor Kurs ist der erste Teil des\u00a0<a href=\"https:\/\/idckohtao.com\/de\/pro-level-courses\/padi-instructor-development-course\/\">PADI Instructor Development Kurses (IDC)<\/a>. Erfolgreicher Abschlu\u00df erlaubt dem Kandidaten, mit Teil zwei, dem PADI Open Water Scuba Instructor Kurs (OWSI) zu starten.<\/p>\n<h3>Was wirst du lernen?<\/h3>\n<p>Aufbauend auf Fertigkeiten und F\u00e4higkeiten, um Tauchaktivit\u00e4ten zu organisieren und zu \u00fcberwachen, fokussieren wir uns im Assistant Instructor Kurs darauf, didaktische Fertigkeiten zu entwickeln.<\/p>\n<p>Einige Punkte, die wir bearbeiten werden:<\/p>\n<ul>\n<li>Tauchtheorie auf Tauchlehrerniveau<\/li>\n<li>Demonstrationsfertigkeiten auf Instructorniveau<\/li>\n<li>Unterrichten und das PADI System<\/li>\n<li>Unterrichten im Klassenzimmer, Swimming Pool und Freiwasser<\/li>\n<li>Allgemeine Standards &amp; Verfahren f\u00fcr die Programme, welche ein PADI Assistant Instructor unterrichten kann<\/li>\n<\/ul>\n<p><img decoding=\"async\" class=\"alignnone wp-image-765 size-large\" src=\"https:\/\/idckohtao.com\/wp-content\/uploads\/2023\/08\/idc-koh-tao-confined-water-sessions-candidates-1024x579.jpg\" alt=\"idc-koh-tao-confined-water-sessions-candidates\" width=\"1024\" height=\"579\" srcset=\"https:\/\/idckohtao.com\/wp-content\/uploads\/2023\/08\/idc-koh-tao-confined-water-sessions-candidates-1024x579.jpg 1024w, https:\/\/idckohtao.com\/wp-content\/uploads\/2023\/08\/idc-koh-tao-confined-water-sessions-candidates-300x170.jpg 300w, https:\/\/idckohtao.com\/wp-content\/uploads\/2023\/08\/idc-koh-tao-confined-water-sessions-candidates-768x434.jpg 768w, https:\/\/idckohtao.com\/wp-content\/uploads\/2023\/08\/idc-koh-tao-confined-water-sessions-candidates.jpg 1080w\" sizes=\"(max-width: 1024px) 100vw, 1024px\" \/><\/p>\n<h3>Was kannst du unterrichten?<\/h3>\n<p>Zus\u00e4tzlich zu den Verantwortlichkeiten und Pflichten, welche du bereits als\u00a0<a href=\"https:\/\/idckohtao.com\/de\/pro-level-courses\/padi-divemaster-course\/\">PADI Divemaster<\/a>\u00a0erf\u00fcllst, kannst du als zertifizierter PADI Assistant Instructor:<\/p>\n<ul>\n<li>Klassenzimmerpr\u00e4sentationen (unter indirekter Supervision eines PADI Tauchlehrers) geben<\/li>\n<li>Das initiale Training im begrenzten Freiwasser pr\u00e4sentieren (unter direkter Supervision eines PADI Tauchlehrers)<\/li>\n<li>Die Oberfl\u00e4chen\u00fcbungen des Open Water Diver Kurses bewerten (unter der indirekten Supervision eines PADI Tauchlehrers)<\/li>\n<li>Den PADI Tarierung in Perfektion Spezialkurs unterrichten und zertifizieren (unter der F\u00fchrung eines PADI Tauchlehrers)<\/li>\n<li>AWARE Coral Reef Conservation Kurse unterrichten<\/li>\n<li>PADI Discover Scuba Diving in einem Pool oder im begrenzten Freiwasser durchf\u00fchren<\/li>\n<li>PADI Seal Team Aqua Missions durchf\u00fchren<\/li>\n<li>Den Spezialkurs PADI Digitale Unterwasser Fotografie unterrichten (unter der F\u00fchrung eines PADI Tauchlehrers), sobald du die Instructorstufe als PADI Digital Underwater Photographer erreicht hast<\/li>\n<\/ul>\n<p><img decoding=\"async\" class=\"alignnone wp-image-766 size-large\" src=\"https:\/\/idckohtao.com\/wp-content\/uploads\/2023\/08\/padi-idc-koh-tao-open-water-presentation-course-director-1024x683.jpg\" alt=\"padi-idc-koh-tao-open-water-presentation-course-director\" width=\"1024\" height=\"683\" srcset=\"https:\/\/idckohtao.com\/wp-content\/uploads\/2023\/08\/padi-idc-koh-tao-open-water-presentation-course-director-1024x683.jpg 1024w, https:\/\/idckohtao.com\/wp-content\/uploads\/2023\/08\/padi-idc-koh-tao-open-water-presentation-course-director-300x200.jpg 300w, https:\/\/idckohtao.com\/wp-content\/uploads\/2023\/08\/padi-idc-koh-tao-open-water-presentation-course-director-768x512.jpg 768w, https:\/\/idckohtao.com\/wp-content\/uploads\/2023\/08\/padi-idc-koh-tao-open-water-presentation-course-director.jpg 1080w\" sizes=\"(max-width: 1024px) 100vw, 1024px\" \/><\/p>\n<h3>PADI Geb\u00fchren<\/h3>\n<p>Die PADI Anmeldegeb\u00fchr f\u00fcr den PADI Assistant Instructor Kurs betr\u00e4gt <strong>152 AUS$<\/strong>. Diese wird vom Kandidaten direkt via Kreditkarte an PADI entrichtet.<\/p>\n<h3>PADI Materialien<\/h3>\n<p>F\u00fcr dein eigenes Set erforderlicher PADI Tauchlehrer-B\u00fccher &amp; Materialien kannst du unser IDC \u201cCrew Pack\u201d kaufen.<\/p>\n<p><strong>Preis: 25,000 THB (Inc EFR materials)<\/strong><\/p>\n<p>Das PADI IDC Crew Pack beinhaltet:<\/p>\n<ul>\n<li>PADI Rucksack<\/li>\n<li>PADI Guide to Teaching (Papierversion &amp; CD-Rom)<\/li>\n<li>PADI Diving Knowledge Workbook<\/li>\n<li>PADI Quiz- &amp; Exam-Hefte (Open Water, Rescue Diver, Divemaster)<\/li>\n<li>PADI Spezialkurs-Instructor Manual (CD-Rom)<\/li>\n<li>\u201cTarierung in Perfektion\u201d Spezialkurs Instructor Outline<\/li>\n<li>PADI Open Water Prescriptive Lesson Guides (CD-Rom)<\/li>\n<li>Positive Approach Selling (DVD)<\/li>\n<li>Dive Lesson Planning Schreibtafeln (Pool &amp; Freiwasser)<\/li>\n<li>Open Water, Advanced, Rescue Diver, Divemaster Kurs Instructor Tafeln<\/li>\n<li>PADI Skill Practice &amp; Dive Planning Unterwassertafel<\/li>\n<li>Hologram Sticker (f\u00fcr die Anmeldung)<\/li>\n<li>Informationen f\u00fcr den Tauchlehrer-Kandidaten<\/li>\n<\/ul>\n<p>[\/vc_column_text][\/vc_column][\/vc_row]<\/p>\n<\/div>","protected":false},"excerpt":{"rendered":"<p>[vc_row][vc_column][vc_column_text css=&#8220;&#8220;] Der erste Teil des PADI Instructor Development Kurses (IDC) Der PADI Assistamt Instructor Kurs bietet PADI Divemastern und Tauchprofis anderer Trainingsorganisationen die Gelegenheit, ihre Ausbildung als Tauchlehrer\/Assistenten und Tauchausbilder fortzuf\u00fchren. 6-Tages-Programm auf Koh Tao Optionaler zweit\u00e4giger Vorbereitungskurs (Auffrischung von Theorie und Fertigkeiten) Der PADI Assistant Instructor Kurs ist der erste Teil des\u00a0PADI Instructor [&hellip;]<\/p>\n","protected":false},"author":1,"featured_media":1386,"parent":7935,"menu_order":0,"comment_status":"closed","ping_status":"closed","template":"","meta":{"_acf_changed":false,"footnotes":""},"class_list":["post-1915","page","type-page","status-publish","has-post-thumbnail","hentry"],"acf":[],"yoast_head":"<!-- This site is optimized with the Yoast SEO Premium plugin v27.5 (Yoast SEO v27.5) - https:\/\/yoast.com\/product\/yoast-seo-premium-wordpress\/ -->\n<title>IDC Koh Tao \u2022 PADI Assistant Instructor Kurs Koh Tao<\/title>\n<meta name=\"description\" content=\"Der PADI Assistant Instructor Kurs ist der erste Teil des PADI Instructor Development Kurses -IDC - Tauchlehrerkurs\" \/>\n<meta name=\"robots\" content=\"index, follow, max-snippet:-1, max-image-preview:large, max-video-preview:-1\" \/>\n<link rel=\"canonical\" href=\"https:\/\/idckohtao.com\/de\/pro-level-courses\/assistant-instructor\/\" \/>\n<meta property=\"og:locale\" content=\"de_DE\" \/>\n<meta property=\"og:type\" content=\"article\" \/>\n<meta property=\"og:title\" content=\"IDC Koh Tao \u2022 PADI Assistant Instructor Kurs Koh Tao\" \/>\n<meta property=\"og:description\" content=\"Der PADI Assistant Instructor Kurs ist der erste Teil des PADI Instructor Development Kurses -IDC - Tauchlehrerkurs\" \/>\n<meta property=\"og:url\" content=\"https:\/\/idckohtao.com\/de\/pro-level-courses\/assistant-instructor\/\" \/>\n<meta property=\"og:site_name\" content=\"IDC Koh Tao\" \/>\n<meta property=\"article:publisher\" content=\"https:\/\/www.facebook.com\/GoProIDCKohTao\" \/>\n<meta property=\"article:modified_time\" content=\"2026-01-02T06:19:52+00:00\" \/>\n<meta property=\"og:image\" content=\"https:\/\/idckohtao.com\/wp-content\/uploads\/2023\/08\/idc-koh-tao-confined-water-presentations-at-regal-pool.jpg\" \/>\n\t<meta property=\"og:image:width\" content=\"1080\" \/>\n\t<meta property=\"og:image:height\" content=\"810\" \/>\n\t<meta property=\"og:image:type\" content=\"image\/jpeg\" \/>\n<meta name=\"twitter:card\" content=\"summary_large_image\" \/>\n<meta name=\"twitter:title\" content=\"IDC Koh Tao \u2022 PADI Assistant Instructor Kurs Koh Tao\" \/>\n<meta name=\"twitter:description\" content=\"Der PADI Assistant Instructor Kurs ist der erste Teil des PADI Instructor Development Kurses - IDC - Tauchlehrerkurs\" \/>\n<meta name=\"twitter:site\" content=\"@GoProIDCKohTao\" \/>\n<!-- \/ Yoast SEO Premium plugin. -->","yoast_head_json":{"title":"IDC Koh Tao \u2022 PADI Assistant Instructor Kurs Koh Tao","description":"Der PADI Assistant Instructor Kurs ist der erste Teil des PADI Instructor Development Kurses -IDC - Tauchlehrerkurs","robots":{"index":"index","follow":"follow","max-snippet":"max-snippet:-1","max-image-preview":"max-image-preview:large","max-video-preview":"max-video-preview:-1"},"canonical":"https:\/\/idckohtao.com\/de\/pro-level-courses\/assistant-instructor\/","og_locale":"de_DE","og_type":"article","og_title":"IDC Koh Tao \u2022 PADI Assistant Instructor Kurs Koh Tao","og_description":"Der PADI Assistant Instructor Kurs ist der erste Teil des PADI Instructor Development Kurses -IDC - Tauchlehrerkurs","og_url":"https:\/\/idckohtao.com\/de\/pro-level-courses\/assistant-instructor\/","og_site_name":"IDC Koh Tao","article_publisher":"https:\/\/www.facebook.com\/GoProIDCKohTao","article_modified_time":"2026-01-02T06:19:52+00:00","og_image":[{"width":1080,"height":810,"url":"https:\/\/idckohtao.com\/wp-content\/uploads\/2023\/08\/idc-koh-tao-confined-water-presentations-at-regal-pool.jpg","type":"image\/jpeg"}],"twitter_card":"summary_large_image","twitter_title":"IDC Koh Tao \u2022 PADI Assistant Instructor Kurs Koh Tao","twitter_description":"Der PADI Assistant Instructor Kurs ist der erste Teil des PADI Instructor Development Kurses - IDC - Tauchlehrerkurs","twitter_site":"@GoProIDCKohTao","schema":{"@context":"https:\/\/schema.org","@graph":[{"@type":"NewsArticle","@id":"https:\/\/idckohtao.com\/de\/pro-level-courses\/assistant-instructor\/#article","isPartOf":{"@id":"https:\/\/idckohtao.com\/de\/pro-level-courses\/assistant-instructor\/"},"author":{"name":"ojasya","@id":"https:\/\/idckohtao.com\/de\/#\/schema\/person\/d08d557cbfdbc171f824052dae697b02"},"headline":"PADI Assistant Instructor Kurs (AI)","datePublished":"2023-08-09T17:14:39+00:00","dateModified":"2026-01-02T06:19:52+00:00","mainEntityOfPage":{"@id":"https:\/\/idckohtao.com\/de\/pro-level-courses\/assistant-instructor\/"},"wordCount":435,"publisher":{"@id":"https:\/\/idckohtao.com\/de\/#organization"},"image":{"@id":"https:\/\/idckohtao.com\/de\/pro-level-courses\/assistant-instructor\/#primaryimage"},"thumbnailUrl":"https:\/\/idckohtao.com\/wp-content\/uploads\/2023\/08\/idc-koh-tao-confined-water-presentations-at-regal-pool.jpg","inLanguage":"de"},{"@type":"WebPage","@id":"https:\/\/idckohtao.com\/de\/pro-level-courses\/assistant-instructor\/","url":"https:\/\/idckohtao.com\/de\/pro-level-courses\/assistant-instructor\/","name":"IDC Koh Tao \u2022 PADI Assistant Instructor Kurs Koh Tao","isPartOf":{"@id":"https:\/\/idckohtao.com\/de\/#website"},"primaryImageOfPage":{"@id":"https:\/\/idckohtao.com\/de\/pro-level-courses\/assistant-instructor\/#primaryimage"},"image":{"@id":"https:\/\/idckohtao.com\/de\/pro-level-courses\/assistant-instructor\/#primaryimage"},"thumbnailUrl":"https:\/\/idckohtao.com\/wp-content\/uploads\/2023\/08\/idc-koh-tao-confined-water-presentations-at-regal-pool.jpg","datePublished":"2023-08-09T17:14:39+00:00","dateModified":"2026-01-02T06:19:52+00:00","description":"Der PADI Assistant Instructor Kurs ist der erste Teil des PADI Instructor Development Kurses -IDC - Tauchlehrerkurs","breadcrumb":{"@id":"https:\/\/idckohtao.com\/de\/pro-level-courses\/assistant-instructor\/#breadcrumb"},"inLanguage":"de","potentialAction":[{"@type":"ReadAction","target":["https:\/\/idckohtao.com\/de\/pro-level-courses\/assistant-instructor\/"]}]},{"@type":"ImageObject","inLanguage":"de","@id":"https:\/\/idckohtao.com\/de\/pro-level-courses\/assistant-instructor\/#primaryimage","url":"https:\/\/idckohtao.com\/wp-content\/uploads\/2023\/08\/idc-koh-tao-confined-water-presentations-at-regal-pool.jpg","contentUrl":"https:\/\/idckohtao.com\/wp-content\/uploads\/2023\/08\/idc-koh-tao-confined-water-presentations-at-regal-pool.jpg","width":1080,"height":810},{"@type":"BreadcrumbList","@id":"https:\/\/idckohtao.com\/de\/pro-level-courses\/assistant-instructor\/#breadcrumb","itemListElement":[{"@type":"ListItem","position":1,"name":"Home","item":"https:\/\/idckohtao.com\/de\/"},{"@type":"ListItem","position":2,"name":"Pro level","item":"https:\/\/idckohtao.com\/de\/pro-level-courses\/"},{"@type":"ListItem","position":3,"name":"PADI Assistant Instructor Kurs (AI)"}]},{"@type":"WebSite","@id":"https:\/\/idckohtao.com\/de\/#website","url":"https:\/\/idckohtao.com\/de\/","name":"IDC Koh Tao","description":"PADI IDC 5 Star Diving Center in Koh Tao - Thailand","publisher":{"@id":"https:\/\/idckohtao.com\/de\/#organization"},"alternateName":"IDC Koh Tao in Thailand","potentialAction":[{"@type":"SearchAction","target":{"@type":"EntryPoint","urlTemplate":"https:\/\/idckohtao.com\/de\/?s={search_term_string}"},"query-input":{"@type":"PropertyValueSpecification","valueRequired":true,"valueName":"search_term_string"}}],"inLanguage":"de"},{"@type":"Organization","@id":"https:\/\/idckohtao.com\/de\/#organization","name":"IDC Koh Tao","alternateName":"IDC Koh Tao | Divemaster & Diving Instructor","url":"https:\/\/idckohtao.com\/de\/","logo":{"@type":"ImageObject","inLanguage":"de","@id":"https:\/\/idckohtao.com\/de\/#\/schema\/logo\/image\/","url":"https:\/\/idckohtao.com\/wp-content\/uploads\/2023\/09\/idckohtao.com-padi-diving-center-in-koh-tao-thailand.png","contentUrl":"https:\/\/idckohtao.com\/wp-content\/uploads\/2023\/09\/idckohtao.com-padi-diving-center-in-koh-tao-thailand.png","width":400,"height":300,"caption":"IDC Koh Tao"},"image":{"@id":"https:\/\/idckohtao.com\/de\/#\/schema\/logo\/image\/"},"sameAs":["https:\/\/www.facebook.com\/GoProIDCKohTao","https:\/\/x.com\/GoProIDCKohTao","https:\/\/www.youtube.com\/idckohtao","https:\/\/www.instagram.com\/idc.kohtao\/"],"description":"IDC Koh Tao is a part of the Black Turtle Dive pro level training team with three PADI Course Directors being led by Award Winning PADI Course Director Matt Bolton. Our full range of pro and recreational PADI Diving Courses provides aspiring scuba divers with education, fun, excitement, adventure, and a change of lifestyle or an opportunity to pursue a new career.","email":"info@idckohtao.com","legalName":"IDC Koh Tao","foundingDate":"2004-01-04","numberOfEmployees":{"@type":"QuantitativeValue","minValue":"1","maxValue":"10"},"correctionsPolicy":"https:\/\/idckohtao.com\/privacy-policy\/","ethicsPolicy":"https:\/\/idckohtao.com\/terms\/"},{"@type":"Person","@id":"https:\/\/idckohtao.com\/de\/#\/schema\/person\/d08d557cbfdbc171f824052dae697b02","name":"ojasya","image":{"@type":"ImageObject","inLanguage":"de","@id":"https:\/\/secure.gravatar.com\/avatar\/6fb34e36d09053a6545fc21d344613321bb1933f185132488f38052166f5a001?s=96&d=mm&r=g","url":"https:\/\/secure.gravatar.com\/avatar\/6fb34e36d09053a6545fc21d344613321bb1933f185132488f38052166f5a001?s=96&d=mm&r=g","contentUrl":"https:\/\/secure.gravatar.com\/avatar\/6fb34e36d09053a6545fc21d344613321bb1933f185132488f38052166f5a001?s=96&d=mm&r=g","caption":"ojasya"},"sameAs":["https:\/\/idckohtao.com"],"url":"https:\/\/idckohtao.com\/de\/blog\/author\/ojasya\/"}]}},"_links":{"self":[{"href":"https:\/\/idckohtao.com\/de\/wp-json\/wp\/v2\/pages\/1915","targetHints":{"allow":["GET"]}}],"collection":[{"href":"https:\/\/idckohtao.com\/de\/wp-json\/wp\/v2\/pages"}],"about":[{"href":"https:\/\/idckohtao.com\/de\/wp-json\/wp\/v2\/types\/page"}],"author":[{"embeddable":true,"href":"https:\/\/idckohtao.com\/de\/wp-json\/wp\/v2\/users\/1"}],"replies":[{"embeddable":true,"href":"https:\/\/idckohtao.com\/de\/wp-json\/wp\/v2\/comments?post=1915"}],"version-history":[{"count":1,"href":"https:\/\/idckohtao.com\/de\/wp-json\/wp\/v2\/pages\/1915\/revisions"}],"predecessor-version":[{"id":7599,"href":"https:\/\/idckohtao.com\/de\/wp-json\/wp\/v2\/pages\/1915\/revisions\/7599"}],"up":[{"embeddable":true,"href":"https:\/\/idckohtao.com\/de\/wp-json\/wp\/v2\/pages\/7935"}],"wp:featuredmedia":[{"embeddable":true,"href":"https:\/\/idckohtao.com\/de\/wp-json\/wp\/v2\/media\/1386"}],"wp:attachment":[{"href":"https:\/\/idckohtao.com\/de\/wp-json\/wp\/v2\/media?parent=1915"}],"curies":[{"name":"wp","href":"https:\/\/api.w.org\/{rel}","templated":true}]}}