{"id":1919,"date":"2023-08-05T08:27:22","date_gmt":"2023-08-05T08:27:22","guid":{"rendered":"https:\/\/idckohtao.com\/padi-course-director-andrea-warren\/"},"modified":"2023-09-16T22:09:56","modified_gmt":"2023-09-16T22:09:56","slug":"padi-course-director-andrea-warren","status":"publish","type":"page","link":"https:\/\/idckohtao.com\/de\/padi-course-director-andrea-warren\/","title":{"rendered":"PADI Course Director Andrea Warren"},"content":{"rendered":"<div class=\"wpb-content-wrapper\"><p>[vc_row][vc_column][vc_column_text]<\/p>\n<h2>Koh Tao Multi Platinum PADI Course Director Andrea Warren<\/h2>\n<h2>Andrea Warren<\/h2>\n<h4>PADI Course Director #<strong>339920<\/strong><\/h4>\n<p>Andrea buchte einen Tauchkurs, der nicht nur das Ergebnis ihres Urlaubs, sondern auch ihrer\u00a0<a href=\"https:\/\/idckohtao.com\/de\/lifestyle-packages\/\">gesamten Zukunft<\/a>\u00a0ver\u00e4ndern w\u00fcrde.<\/p>\n<p>Nach Abschluss ihres PADI\u00a0<a href=\"https:\/\/idckohtao.com\/de\/open-water-course\/\">Open Water Kurses<\/a>\u00a0war sie sofort einer ganz neuen Welt ausgesetzt.<\/p>\n<p>Nicht nur die Unterwasserwelt, sondern auch das Reich, ein professioneller Taucher zu werden und was es wirklich zu bieten hat.<\/p>\n<p>Sie begann sofort, auf ein\u00a0<a href=\"https:\/\/idckohtao.com\/de\/padi-divemaster-course\/\">professionelles<\/a>\u00a0Niveau hinzuarbeiten und genoss die Herausforderungen und Lektionen, die damit einhergingen.<\/p>\n<p>Andrea arbeitet seit \u00fcber 7 Jahren auf professioneller Ebene mit Tauchern. Viele ihrer Sch\u00fcler arbeiten auf der ganzen Welt als Tauchlehrer.<\/p>\n<p>Sie ist auch im technischen Tauchen ausgebildet, bildet sich st\u00e4ndig und w\u00e4chst als Taucherin weiter.<\/p>\n<p>Bevor sie PADI Course Director wurde, war Andrea professionell ausgebildete T\u00e4nzerin und Tanzlehrerin bei der British Association of Dance.<\/p>\n<p>Sie glaubt, dass ihr Tanzhintergrund ihr die Disziplin gab, hart zu arbeiten und die Grundlagen, um erfolgreich zu sein.<\/p>\n<p><em>\u201eJetzt kann ich in einem ganz neuen Klassenzimmer unterrichten, das mich jeden Tag aufs Neue inspiriert. Einer meiner Sch\u00fclerinnen wurde gesagt, dass \u201cihre Demonstrationen so klar und \u00fcberdeutlich waren, dass es so war, als h\u00e4tte sie auf der B\u00fchne gestanden.\u201d<\/em><\/p>\n<p><em>\u201eIch glaube, ich habe einen Weg gefunden, meine beiden Leidenschaften in einer zu vereinen. Ich wei\u00df, dass ich als PADI Course Director alles tun werde, um sicherzustellen, dass meine Kandidaten zu hundert Prozent vorbereitet sind. Nicht nur f\u00fcr die Tauchlehrer-Pr\u00fcfung, sondern f\u00fcr alles, was danach kommt. \u201c<\/em><\/p>\n<p><img decoding=\"async\" class=\"alignnone wp-image-172 size-large\" src=\"https:\/\/idckohtao.com\/wp-content\/uploads\/2023\/08\/idckohtao.com-andrea-warren-padi-course-director-neutral-buoyancy-1024x650.jpg\" alt=\"idckohtao.com-andrea-warren-padi-course-director-neutral-buoyancy\" width=\"1024\" height=\"650\" srcset=\"https:\/\/idckohtao.com\/wp-content\/uploads\/2023\/08\/idckohtao.com-andrea-warren-padi-course-director-neutral-buoyancy-1024x650.jpg 1024w, https:\/\/idckohtao.com\/wp-content\/uploads\/2023\/08\/idckohtao.com-andrea-warren-padi-course-director-neutral-buoyancy-300x191.jpg 300w, https:\/\/idckohtao.com\/wp-content\/uploads\/2023\/08\/idckohtao.com-andrea-warren-padi-course-director-neutral-buoyancy-768x488.jpg 768w, https:\/\/idckohtao.com\/wp-content\/uploads\/2023\/08\/idckohtao.com-andrea-warren-padi-course-director-neutral-buoyancy.jpg 1200w\" sizes=\"(max-width: 1024px) 100vw, 1024px\" \/><\/p>\n<p>Andrea arbeitet seit fast vier Jahren als Course Director. Sie ist stark in die Profi-Ausbildung involviert und arbeitet direkt mit Platinum\u00a0<a href=\"https:\/\/idckohtao.com\/de\/padi-course-director-matt-bolton\/\">Course Director Matt Bolton<\/a>\u00a0zusammen.<\/p>\n<p>Andreas derzeitiges Hauptaugenmerk liegt auf dem PADI\u00a0<a href=\"https:\/\/idckohtao.com\/de\/padi-instructor-development-course\/\">Instructor Development-Kurs<\/a>\u00a0und den Kandidaten des\u00a0<a href=\"https:\/\/idckohtao.com\/de\/blog\/divemaster-to-a-scuba-diving-instructor\/\">Divemasterkurses<\/a>.<\/p>\n<p>Andrea hat das Ziel, die L\u00fccke zwischen professionellen Trainingsprogrammen zu schlie\u00dfen und die bestm\u00f6glichen Tauchprofis hervorzubringen.<\/p>\n<p>Sie widmet sich der Ausbildung ihrer Profikandidaten nach besten Kr\u00e4ften und ist eine gro\u00dfe Verfechterin des Trainings mit neutraler Tarierung.<\/p>\n<p>Ihr oberstes Ziel ist es, ihre Kandidaten auf den Erfolg in der Tauchbranche vorzubereiten und alle Ziele zu erreichen, die sie sich selbst gesetzt haben.<\/p>\n<p>Wenn sie keine Instructor Development-Kurse unterrichtet, konzentriert sich Andrea auf Instructor Specialty-Kurse.<\/p>\n<p><img decoding=\"async\" class=\"alignnone wp-image-170 size-large\" src=\"https:\/\/idckohtao.com\/wp-content\/uploads\/2023\/08\/idckohtao.com-andrea-warren-padi-course-director-1024x1024.jpg\" alt=\"idckohtao.com-andrea-warren-padi-course-director\" width=\"1024\" height=\"1024\" srcset=\"https:\/\/idckohtao.com\/wp-content\/uploads\/2023\/08\/idckohtao.com-andrea-warren-padi-course-director-1024x1024.jpg 1024w, https:\/\/idckohtao.com\/wp-content\/uploads\/2023\/08\/idckohtao.com-andrea-warren-padi-course-director-150x150.jpg 150w, https:\/\/idckohtao.com\/wp-content\/uploads\/2023\/08\/idckohtao.com-andrea-warren-padi-course-director-300x300.jpg 300w, https:\/\/idckohtao.com\/wp-content\/uploads\/2023\/08\/idckohtao.com-andrea-warren-padi-course-director-768x768.jpg 768w, https:\/\/idckohtao.com\/wp-content\/uploads\/2023\/08\/idckohtao.com-andrea-warren-padi-course-director.jpg 1080w\" sizes=\"(max-width: 1024px) 100vw, 1024px\" \/><\/p>\n<h3>Teaching Sidemount &amp; Tec40 Diving Courses Koh Tao<\/h3>\n<p>In ihrer Freizeit\u00a0<a href=\"https:\/\/idckohtao.com\/de\/sidemount-instructor-specialty\/\">unterrichtet sie gerne Sidemount<\/a>\u00a0&amp; Tec40 Kurse. Sie arbeitet daran, ihre F\u00e4higkeiten weiterzuentwickeln und schlie\u00dflich eine vollwertige Tec Deep Tauchlehrerin zu werden.<\/p>\n<p>Andrea liebt es zu unterrichten, aber sie liebt es auch, Sch\u00fclerin zu sein. Ihre Liebe zum Lernen ist sicherlich ansteckend und wird euch als Ausbilder-Trainer auf Trab halten.<\/p>\n<p>Andrea konzentriert sich darauf, die weibliche Bev\u00f6lkerungsgruppe zu erreichen, in der Hoffnung, dass Frauen zu ihren Leistungen aufschauen und sagen k\u00f6nnen: \u201eIch kann das auch.\u201c<\/p>\n<p>Sie m\u00f6chte inspirieren, ermutigen und hat eine Leidenschaft f\u00fcr mehr weibliche Repr\u00e4sentation in der Welt des\u00a0<a href=\"https:\/\/idckohtao.com\/de\/\">Tauchens<\/a>.<\/p>\n<p>Eine F\u00fchrungsposition als PADI Course Director zu haben, ist f\u00fcr sie die perfekte M\u00f6glichkeit, Taucherinnen bis hin zum professionellen Niveau zu erreichen und zu entwickeln.<\/p>\n<p>Andrea ist ein Vorbild, das mit gutem Beispiel vorangeht und mehr Frauen ermutigen m\u00f6chte, sich mit Sidemount und Technical Diving zu besch\u00e4ftigen.<\/p>\n<p>Sie glaubt, dass wenn andere Frauen sehen, dass sie die Aufgaben \u00fcbernimmt, die TEC-Tauchen mit sich bringt, sie ermutigt werden, ihre Komfortzonen zu verlassen und sich neuen Herausforderungen zu stellen.<\/p>\n<p><img decoding=\"async\" class=\"alignnone wp-image-173 size-large\" src=\"https:\/\/idckohtao.com\/wp-content\/uploads\/2023\/08\/idckohtao.com-andrea-warren-padi-course-director-sidemount-819x1024.jpg\" alt=\"idckohtao.com-andrea-warren-padi-course-director-sidemount\" width=\"819\" height=\"1024\" srcset=\"https:\/\/idckohtao.com\/wp-content\/uploads\/2023\/08\/idckohtao.com-andrea-warren-padi-course-director-sidemount-819x1024.jpg 819w, https:\/\/idckohtao.com\/wp-content\/uploads\/2023\/08\/idckohtao.com-andrea-warren-padi-course-director-sidemount-240x300.jpg 240w, https:\/\/idckohtao.com\/wp-content\/uploads\/2023\/08\/idckohtao.com-andrea-warren-padi-course-director-sidemount-768x960.jpg 768w, https:\/\/idckohtao.com\/wp-content\/uploads\/2023\/08\/idckohtao.com-andrea-warren-padi-course-director-sidemount.jpg 850w\" sizes=\"(max-width: 819px) 100vw, 819px\" \/><\/p>\n<p>Sie hofft, ihre Reichweite in den sozialen Medien nutzen zu k\u00f6nnen, um eine st\u00e4rkere Pr\u00e4senz von Frauen in den PADI TecRec-Programmen zu f\u00f6rdern.<\/p>\n<p>Andrea wurde im Go Beyond with PADI TecRec-Video pr\u00e4sentiert, das 2019 ver\u00f6ffentlicht wurde und das ihr auf YouTube oder auf Andrea\u2019s Instagram-Account finden k\u00f6nnt.<\/p>\n<p><em>\u201cMein Vater sagte einmal:\u201d Wenn du einen Job findest, den du liebst, wirst du nie einen Tag in deinem Leben arbeiten. \u201c<br \/>\n<\/em><\/p>\n<p><em>Ich denke, dies war der beste Rat, den ich jemals bekommen konnte, und ich nutzte ihn als Katalysator, um meinen Traumjob als\u00a0<a href=\"https:\/\/idckohtao.com\/de\/why-choose-koh-tao\/\">Course Director im Paradies<\/a>\u00a0zu finden.<br \/>\n<\/em><\/p>\n<p><em>Jetzt ist es mein Ziel, diese Weisheit zu teilen und andere zu ermutigen, dasselbe zu tun. Ich muss noch so viel lernen, wenn es um diese Branche geht.<br \/>\n<\/em><\/p>\n<p><em>Ich denke, das ist der beste Teil. Zu wissen, dass ich so viel mehr Raum habe, um zu wachsen und mich zu entwickeln.\u201c<\/em><\/p>\n<p><strong>ANDREA QUALIFICATIONS<br \/>\n<\/strong><\/p>\n<p>PADI Course Director<br \/>\nEFR Primary, Secondary and Care for Children Instructor Trainer<br \/>\nTEC INSTRUCTOR<br \/>\nProfessional Equipment Advisor \u2013 Scubapro<\/p>\n<p><strong>INSTRUCTOR TRAINER RATINGS<\/strong><\/p>\n<p><a href=\"https:\/\/idckohtao.com\/de\/sidemount-instructor-specialty\/\">Sidemount<\/a><br \/>\nSelf-Reliant<br \/>\nEnriched Air Nitrox<br \/>\nDeep Diver<br \/>\nSearch &amp; Recovery<br \/>\nNavigation<br \/>\nNight<br \/>\nEquipment Specialist<br \/>\nWreck Diver<br \/>\nDiver Propulsion Vehicle<br \/>\nUnderwater Naturalist<br \/>\nEmergency Oxygen Provider<br \/>\nAdaptive Techniques<\/p>\n<p><strong>AWARDS<\/strong><\/p>\n<p>Platinum\u00a0<a href=\"https:\/\/idckohtao.com\/de\/why-choose-padi\/\">PADI Course Director<\/a>\u00a02019-2020<\/p>\n<p>Platinum PADI Course Director 2018-2019[\/vc_column_text][\/vc_column][\/vc_row]<\/p>\n<\/div>","protected":false},"excerpt":{"rendered":"<p>[vc_row][vc_column][vc_column_text] Koh Tao Multi Platinum PADI Course Director Andrea Warren Andrea Warren PADI Course Director #339920 Andrea buchte einen Tauchkurs, der nicht nur das Ergebnis ihres Urlaubs, sondern auch ihrer\u00a0gesamten Zukunft\u00a0ver\u00e4ndern w\u00fcrde. Nach Abschluss ihres PADI\u00a0Open Water Kurses\u00a0war sie sofort einer ganz neuen Welt ausgesetzt. Nicht nur die Unterwasserwelt, sondern auch das Reich, ein professioneller [&hellip;]<\/p>\n","protected":false},"author":1,"featured_media":1121,"parent":0,"menu_order":0,"comment_status":"closed","ping_status":"closed","template":"","meta":{"_acf_changed":false,"footnotes":""},"class_list":["post-1919","page","type-page","status-publish","has-post-thumbnail","hentry"],"acf":[],"yoast_head":"<!-- This site is optimized with the Yoast SEO Premium plugin v27.5 (Yoast SEO v27.5) - https:\/\/yoast.com\/product\/yoast-seo-premium-wordpress\/ -->\n<title>PADI Platinum Kursleiterin Andrea Warren \/ IDC Koh Tao<\/title>\n<meta name=\"description\" content=\"Andrea arbeitet seit \u0178ber 6 Jahren auf professioneller Ebene mit Tauchern zusammen. Viele ihrer Sch\u0178ler arbeiten weltweit als Tauchlehrer\" \/>\n<meta name=\"robots\" content=\"index, follow, max-snippet:-1, max-image-preview:large, max-video-preview:-1\" \/>\n<link rel=\"canonical\" href=\"https:\/\/idckohtao.com\/de\/padi-course-director-andrea-warren\/\" \/>\n<meta property=\"og:locale\" content=\"de_DE\" \/>\n<meta property=\"og:type\" content=\"article\" \/>\n<meta property=\"og:title\" content=\"PADI Platinum Kursleiterin Andrea Warren \/ IDC Koh Tao\" \/>\n<meta property=\"og:description\" content=\"Andrea arbeitet seit \u0178ber 6 Jahren auf professioneller Ebene mit Tauchern zusammen. Viele ihrer Sch\u0178ler arbeiten weltweit als Tauchlehrer\" \/>\n<meta property=\"og:url\" content=\"https:\/\/idckohtao.com\/de\/padi-course-director-andrea-warren\/\" \/>\n<meta property=\"og:site_name\" content=\"IDC Koh Tao\" \/>\n<meta property=\"article:publisher\" content=\"https:\/\/www.facebook.com\/GoProIDCKohTao\" \/>\n<meta property=\"article:modified_time\" content=\"2023-09-16T22:09:56+00:00\" \/>\n<meta property=\"og:image\" content=\"https:\/\/idckohtao.com\/wp-content\/uploads\/2023\/08\/idckohtao.com-womens-day-andrea-warren-course-director.jpg\" \/>\n\t<meta property=\"og:image:width\" content=\"1500\" \/>\n\t<meta property=\"og:image:height\" content=\"1200\" \/>\n\t<meta property=\"og:image:type\" content=\"image\/jpeg\" \/>\n<meta name=\"twitter:card\" content=\"summary_large_image\" \/>\n<meta name=\"twitter:title\" content=\"PADI Platinum Kursleiterin Andrea Warren \/ IDC Koh Tao\" \/>\n<meta name=\"twitter:description\" content=\"Andrea arbeitet seit \u0178ber 6 Jahren auf professioneller Ebene mit Tauchern zusammen. Viele ihrer Sch\u0178ler arbeiten weltweit als Tauchlehrer\" \/>\n<meta name=\"twitter:image\" content=\"https:\/\/idckohtao.com\/wp-content\/uploads\/2023\/08\/idckohtao.com-womens-day-andrea-warren-course-director.jpg\" \/>\n<meta name=\"twitter:site\" content=\"@GoProIDCKohTao\" \/>\n<!-- \/ Yoast SEO Premium plugin. -->","yoast_head_json":{"title":"PADI Platinum Kursleiterin Andrea Warren \/ IDC Koh Tao","description":"Andrea arbeitet seit \u0178ber 6 Jahren auf professioneller Ebene mit Tauchern zusammen. Viele ihrer Sch\u0178ler arbeiten weltweit als Tauchlehrer","robots":{"index":"index","follow":"follow","max-snippet":"max-snippet:-1","max-image-preview":"max-image-preview:large","max-video-preview":"max-video-preview:-1"},"canonical":"https:\/\/idckohtao.com\/de\/padi-course-director-andrea-warren\/","og_locale":"de_DE","og_type":"article","og_title":"PADI Platinum Kursleiterin Andrea Warren \/ IDC Koh Tao","og_description":"Andrea arbeitet seit \u0178ber 6 Jahren auf professioneller Ebene mit Tauchern zusammen. Viele ihrer Sch\u0178ler arbeiten weltweit als Tauchlehrer","og_url":"https:\/\/idckohtao.com\/de\/padi-course-director-andrea-warren\/","og_site_name":"IDC Koh Tao","article_publisher":"https:\/\/www.facebook.com\/GoProIDCKohTao","article_modified_time":"2023-09-16T22:09:56+00:00","og_image":[{"width":1500,"height":1200,"url":"https:\/\/idckohtao.com\/wp-content\/uploads\/2023\/08\/idckohtao.com-womens-day-andrea-warren-course-director.jpg","type":"image\/jpeg"}],"twitter_card":"summary_large_image","twitter_title":"PADI Platinum Kursleiterin Andrea Warren \/ IDC Koh Tao","twitter_description":"Andrea arbeitet seit \u0178ber 6 Jahren auf professioneller Ebene mit Tauchern zusammen. Viele ihrer Sch\u0178ler arbeiten weltweit als Tauchlehrer","twitter_image":"https:\/\/idckohtao.com\/wp-content\/uploads\/2023\/08\/idckohtao.com-womens-day-andrea-warren-course-director.jpg","twitter_site":"@GoProIDCKohTao","schema":{"@context":"https:\/\/schema.org","@graph":[{"@type":"NewsArticle","@id":"https:\/\/idckohtao.com\/de\/padi-course-director-andrea-warren\/#article","isPartOf":{"@id":"https:\/\/idckohtao.com\/de\/padi-course-director-andrea-warren\/"},"author":{"name":"ojasya","@id":"https:\/\/idckohtao.com\/de\/#\/schema\/person\/d08d557cbfdbc171f824052dae697b02"},"headline":"PADI Course Director Andrea Warren","datePublished":"2023-08-05T08:27:22+00:00","dateModified":"2023-09-16T22:09:56+00:00","mainEntityOfPage":{"@id":"https:\/\/idckohtao.com\/de\/padi-course-director-andrea-warren\/"},"wordCount":799,"publisher":{"@id":"https:\/\/idckohtao.com\/de\/#organization"},"image":{"@id":"https:\/\/idckohtao.com\/de\/padi-course-director-andrea-warren\/#primaryimage"},"thumbnailUrl":"https:\/\/idckohtao.com\/wp-content\/uploads\/2023\/08\/idckohtao.com-andrea-warren-padi-course-director-sidemount-instructor.jpg","inLanguage":"de"},{"@type":"WebPage","@id":"https:\/\/idckohtao.com\/de\/padi-course-director-andrea-warren\/","url":"https:\/\/idckohtao.com\/de\/padi-course-director-andrea-warren\/","name":"PADI Platinum Kursleiterin Andrea Warren \/ IDC Koh Tao","isPartOf":{"@id":"https:\/\/idckohtao.com\/de\/#website"},"primaryImageOfPage":{"@id":"https:\/\/idckohtao.com\/de\/padi-course-director-andrea-warren\/#primaryimage"},"image":{"@id":"https:\/\/idckohtao.com\/de\/padi-course-director-andrea-warren\/#primaryimage"},"thumbnailUrl":"https:\/\/idckohtao.com\/wp-content\/uploads\/2023\/08\/idckohtao.com-andrea-warren-padi-course-director-sidemount-instructor.jpg","datePublished":"2023-08-05T08:27:22+00:00","dateModified":"2023-09-16T22:09:56+00:00","description":"Andrea arbeitet seit \u0178ber 6 Jahren auf professioneller Ebene mit Tauchern zusammen. Viele ihrer Sch\u0178ler arbeiten weltweit als Tauchlehrer","breadcrumb":{"@id":"https:\/\/idckohtao.com\/de\/padi-course-director-andrea-warren\/#breadcrumb"},"inLanguage":"de","potentialAction":[{"@type":"ReadAction","target":["https:\/\/idckohtao.com\/de\/padi-course-director-andrea-warren\/"]}]},{"@type":"ImageObject","inLanguage":"de","@id":"https:\/\/idckohtao.com\/de\/padi-course-director-andrea-warren\/#primaryimage","url":"https:\/\/idckohtao.com\/wp-content\/uploads\/2023\/08\/idckohtao.com-andrea-warren-padi-course-director-sidemount-instructor.jpg","contentUrl":"https:\/\/idckohtao.com\/wp-content\/uploads\/2023\/08\/idckohtao.com-andrea-warren-padi-course-director-sidemount-instructor.jpg","width":1200,"height":960},{"@type":"BreadcrumbList","@id":"https:\/\/idckohtao.com\/de\/padi-course-director-andrea-warren\/#breadcrumb","itemListElement":[{"@type":"ListItem","position":1,"name":"Home","item":"https:\/\/idckohtao.com\/de\/"},{"@type":"ListItem","position":2,"name":"PADI Course Director Andrea Warren"}]},{"@type":"WebSite","@id":"https:\/\/idckohtao.com\/de\/#website","url":"https:\/\/idckohtao.com\/de\/","name":"IDC Koh Tao","description":"PADI IDC 5 Star Diving Center in Koh Tao - Thailand","publisher":{"@id":"https:\/\/idckohtao.com\/de\/#organization"},"alternateName":"IDC Koh Tao in Thailand","potentialAction":[{"@type":"SearchAction","target":{"@type":"EntryPoint","urlTemplate":"https:\/\/idckohtao.com\/de\/?s={search_term_string}"},"query-input":{"@type":"PropertyValueSpecification","valueRequired":true,"valueName":"search_term_string"}}],"inLanguage":"de"},{"@type":"Organization","@id":"https:\/\/idckohtao.com\/de\/#organization","name":"IDC Koh Tao","alternateName":"IDC Koh Tao | Divemaster & Diving Instructor","url":"https:\/\/idckohtao.com\/de\/","logo":{"@type":"ImageObject","inLanguage":"de","@id":"https:\/\/idckohtao.com\/de\/#\/schema\/logo\/image\/","url":"https:\/\/idckohtao.com\/wp-content\/uploads\/2023\/09\/idckohtao.com-padi-diving-center-in-koh-tao-thailand.png","contentUrl":"https:\/\/idckohtao.com\/wp-content\/uploads\/2023\/09\/idckohtao.com-padi-diving-center-in-koh-tao-thailand.png","width":400,"height":300,"caption":"IDC Koh Tao"},"image":{"@id":"https:\/\/idckohtao.com\/de\/#\/schema\/logo\/image\/"},"sameAs":["https:\/\/www.facebook.com\/GoProIDCKohTao","https:\/\/x.com\/GoProIDCKohTao","https:\/\/www.youtube.com\/idckohtao","https:\/\/www.instagram.com\/idc.kohtao\/"],"description":"IDC Koh Tao is a part of the Black Turtle Dive pro level training team with three PADI Course Directors being led by Award Winning PADI Course Director Matt Bolton. Our full range of pro and recreational PADI Diving Courses provides aspiring scuba divers with education, fun, excitement, adventure, and a change of lifestyle or an opportunity to pursue a new career.","email":"info@idckohtao.com","legalName":"IDC Koh Tao","foundingDate":"2004-01-04","numberOfEmployees":{"@type":"QuantitativeValue","minValue":"1","maxValue":"10"},"correctionsPolicy":"https:\/\/idckohtao.com\/privacy-policy\/","ethicsPolicy":"https:\/\/idckohtao.com\/terms\/"},{"@type":"Person","@id":"https:\/\/idckohtao.com\/de\/#\/schema\/person\/d08d557cbfdbc171f824052dae697b02","name":"ojasya","image":{"@type":"ImageObject","inLanguage":"de","@id":"https:\/\/secure.gravatar.com\/avatar\/6fb34e36d09053a6545fc21d344613321bb1933f185132488f38052166f5a001?s=96&d=mm&r=g","url":"https:\/\/secure.gravatar.com\/avatar\/6fb34e36d09053a6545fc21d344613321bb1933f185132488f38052166f5a001?s=96&d=mm&r=g","contentUrl":"https:\/\/secure.gravatar.com\/avatar\/6fb34e36d09053a6545fc21d344613321bb1933f185132488f38052166f5a001?s=96&d=mm&r=g","caption":"ojasya"},"sameAs":["https:\/\/idckohtao.com"],"url":"https:\/\/idckohtao.com\/de\/blog\/author\/ojasya\/"}]}},"_links":{"self":[{"href":"https:\/\/idckohtao.com\/de\/wp-json\/wp\/v2\/pages\/1919","targetHints":{"allow":["GET"]}}],"collection":[{"href":"https:\/\/idckohtao.com\/de\/wp-json\/wp\/v2\/pages"}],"about":[{"href":"https:\/\/idckohtao.com\/de\/wp-json\/wp\/v2\/types\/page"}],"author":[{"embeddable":true,"href":"https:\/\/idckohtao.com\/de\/wp-json\/wp\/v2\/users\/1"}],"replies":[{"embeddable":true,"href":"https:\/\/idckohtao.com\/de\/wp-json\/wp\/v2\/comments?post=1919"}],"version-history":[{"count":0,"href":"https:\/\/idckohtao.com\/de\/wp-json\/wp\/v2\/pages\/1919\/revisions"}],"wp:featuredmedia":[{"embeddable":true,"href":"https:\/\/idckohtao.com\/de\/wp-json\/wp\/v2\/media\/1121"}],"wp:attachment":[{"href":"https:\/\/idckohtao.com\/de\/wp-json\/wp\/v2\/media?parent=1919"}],"curies":[{"name":"wp","href":"https:\/\/api.w.org\/{rel}","templated":true}]}}