{"id":1935,"date":"2023-08-07T11:47:56","date_gmt":"2023-08-07T11:47:56","guid":{"rendered":"https:\/\/idckohtao.com\/padi-emergency-o2-provider-specialty-instructor-course\/"},"modified":"2024-12-21T09:17:34","modified_gmt":"2024-12-21T09:17:34","slug":"padi-emergency-o2-provider-specialty-instructor-course","status":"publish","type":"page","link":"https:\/\/idckohtao.com\/de\/pro-level-courses\/padi-emergency-o2-provider-specialty-instructor-course\/","title":{"rendered":"PADI Emergency O2 Provider\u2019 Spezialist Instructorkurs"},"content":{"rendered":"<div class=\"wpb-content-wrapper\"><p>[vc_row][vc_column][vc_column_text css=&#8220;&#8220;]<\/p>\n<h2>PADI \u2018Emergency O2 Provider\u2019 Spezialist Instructorkurs, Koh Tao, Thailand<\/h2>\n<p><b>Lerne, deine Taucher zu unterrichten wie sie einfacher atmen k\u00f6nnen bei einem Notfall.<\/b><\/p>\n<p>Als Ger\u00e4tetaucher \u2013 und speziell als Taucher ab Rescue Diver-Level oder h\u00f6her ist es unerl\u00e4\u00dflich, im Gebrauch von Notfallsauerstoff unterrichtet zu sein.<\/p>\n<p>Als ein Emergency Oxygen Provider Tauchlehrer wirst du in der Lage sein, deinen Tauchern beizubringen, wie sie Notf\u00e4lle erkennen und behandeln, welche Sauerstoffgabe erfordern, was sie zu den besten Tauchpartnern im Falle eines Unfalls macht.<\/p>\n<p><b>Als Emergency O2 Instructor beinhalten einige Dinge welche du deinen Sch\u00fclern beibringst:<\/b><\/p>\n<ul>\n<li>Wie Taucherkrankungen erkannt werden, welche mit Sauerstoff behandelt werden<\/li>\n<li>Auf- &amp; Abbau der Sauerstoffausr\u00fcstung<\/li>\n<li>Nutzen einer Taschenmaske f\u00fcr einen nicht atmenden Taucher<\/li>\n<li>Verabreichung von Sauerstoff f\u00fcr einen atmenden Taucher durch freistr\u00f6mendes und atmungsabh\u00e4ngiges Ventil<\/li>\n<li>Die Gefahren bei der Nutzung von Sauerstoff<\/li>\n<\/ul>\n<p><img decoding=\"async\" class=\"alignnone wp-image-302 size-large\" src=\"https:\/\/idckohtao.com\/wp-content\/uploads\/2023\/08\/idckohtao.com-emergency-o2-provider-instructor-specialty-1024x835.jpg\" alt=\"idckohtao.com-emergency-o2-provider-instructor-specialty\" width=\"1024\" height=\"835\" srcset=\"https:\/\/idckohtao.com\/wp-content\/uploads\/2023\/08\/idckohtao.com-emergency-o2-provider-instructor-specialty-1024x835.jpg 1024w, https:\/\/idckohtao.com\/wp-content\/uploads\/2023\/08\/idckohtao.com-emergency-o2-provider-instructor-specialty-300x245.jpg 300w, https:\/\/idckohtao.com\/wp-content\/uploads\/2023\/08\/idckohtao.com-emergency-o2-provider-instructor-specialty-768x626.jpg 768w, https:\/\/idckohtao.com\/wp-content\/uploads\/2023\/08\/idckohtao.com-emergency-o2-provider-instructor-specialty.jpg 1080w\" sizes=\"(max-width: 1024px) 100vw, 1024px\" \/><\/p>\n<p>Neben den Tauchern und Divemastern, die du ausbildest, werden sich Bootskapit\u00e4ne &amp; -crew, Rettungsschwimmer und andere Mitarbeiter in deinem Tauchcenter an dich wenden, um ihre Fertigkeiten in Erster Hilfe, HLW und Sauerstoffgabe frisch zu halten. Und mit dem extra Bonus, da\u00df es f\u00fcr diesen Kurs keine Voraussetzungen, Mindestalter oder Wassereinheiten gibt, \u00f6ffnet sich dir eine komplett neue Welt von Ausbildungsm\u00f6glichkeiten.<\/p>\n<p><b>Wer kann sich f\u00fcr den PADI Emergency O2 Spezialist Instructor Kurs anmelden?<\/b><\/p>\n<p>Ein PADI Divemaster, Assistant Instructor oder\u00a0<a href=\"https:\/\/idckohtao.com\/de\/pro-level-courses\/padi-instructor-development-course\/\">Open Water Scuba Instructor (OWSI)<\/a>\u00a0im aktiven Status.<\/p>\n<p><b>Was wirst du lernen?<\/b><\/p>\n<p>Du wirst an den folgenden Einheiten teilnehmen:<\/p>\n<ul>\n<li>Eine Klassenzimmerpr\u00e4sentation \u00fcber die Wiederholungsfragen des Emergency Oxygen Provider-Spezialkurses geben<\/li>\n<li>Standards, Prozeduren und Ablauf des Emergency O2 Provider-Spezialkurses<\/li>\n<li>Organisation und Durchf\u00fchrung des PADI Emergency O2 Provider-Spezialkurs<\/li>\n<li>Praktische Einheit \u2013 Demonstration, Durchf\u00fchrung und Bewertung von Tauchsch\u00fcler-Fertigkeiten des Emergency O2 Provider-Spezialkurses.<\/li>\n<\/ul>\n<p>Als PADI Emergency O2 Provider Instructor bist du zertifiziert, um den PADI Emergency O2 Provider Spezialkurs selbst\u00e4ndig zu unterrichten.<\/p>\n<p><b>PADI Materialien<\/b><\/p>\n<p><i>Bitte bringe die folgenden Materialien mit. Du hast diese als Teil deines IDC Crewpack erhalten.- PADI Spezialkurs Instructor Manual (CD-Rom)<\/i><\/p>\n<p>Zus\u00e4tzlich ben\u00f6tigst du ein Exemplar des PADI Instructor Manual. Seit 2010 steht dieses f\u00fcr PADI Mitglieder im aktiven Status als kostenloser Download unter diesem Link zur Verf\u00fcgung:<a href=\"https:\/\/www.padi.com\/mypadi\/\" target=\"_blank\" rel=\"noopener\"> www.padi.com\/mypadi<\/a><\/p>\n<p><b>PADI Geb\u00fchren \u00a0<\/b><\/p>\n<p>PADI Emergency O2 Provider Instructor Anmeldung:\u00a0<strong>AUS $ 139<\/strong>[\/vc_column_text]<div class=\"text-left\"><div class=\"bt-course-price\"><h4>Kurspreis: 3.000 THB<\/h4><a href=\"https:\/\/idckohtao.com\/de\/packages-prices\/\" class=\"button\">ONLINE BUCHEN<\/a><\/div><\/div>[\/vc_column][\/vc_row]<\/p>\n<\/div>","protected":false},"excerpt":{"rendered":"<p>[vc_row][vc_column][vc_column_text css=&#8220;&#8220;] PADI \u2018Emergency O2 Provider\u2019 Spezialist Instructorkurs, Koh Tao, Thailand Lerne, deine Taucher zu unterrichten wie sie einfacher atmen k\u00f6nnen bei einem Notfall. Als Ger\u00e4tetaucher \u2013 und speziell als Taucher ab Rescue Diver-Level oder h\u00f6her ist es unerl\u00e4\u00dflich, im Gebrauch von Notfallsauerstoff unterrichtet zu sein. Als ein Emergency Oxygen Provider Tauchlehrer wirst du in [&hellip;]<\/p>\n","protected":false},"author":1,"featured_media":4740,"parent":7935,"menu_order":0,"comment_status":"closed","ping_status":"closed","template":"","meta":{"_acf_changed":false,"footnotes":""},"class_list":["post-1935","page","type-page","status-publish","has-post-thumbnail","hentry"],"acf":[],"yoast_head":"<!-- This site is optimized with the Yoast SEO Premium plugin v27.5 (Yoast SEO v27.5) - https:\/\/yoast.com\/product\/yoast-seo-premium-wordpress\/ -->\n<title>IDC Koh Tao | PADI Emergency O2 Provider Instructor Kurs<\/title>\n<meta name=\"description\" content=\"Unser PADI Emergency O2 Provider Spezialist Instructor Kurs auf Koh Tao zertifiziert dich als Spezialkurs-Tauchlehrer und \u00f6ffnet dir eine neue Welt der Ausbildungsm\u00f6glichkeiten\" \/>\n<meta name=\"robots\" content=\"index, follow, max-snippet:-1, max-image-preview:large, max-video-preview:-1\" \/>\n<link rel=\"canonical\" href=\"https:\/\/idckohtao.com\/de\/pro-level-courses\/padi-emergency-o2-provider-specialty-instructor-course\/\" \/>\n<meta property=\"og:locale\" content=\"de_DE\" \/>\n<meta property=\"og:type\" content=\"article\" \/>\n<meta property=\"og:title\" content=\"IDC Koh Tao | PADI Emergency O2 Provider Instructor Kurs\" \/>\n<meta property=\"og:description\" content=\"Unser PADI Emergency O2 Provider Spezialist Instructor Kurs auf Koh Tao zertifiziert dich als Spezialkurs-Tauchlehrer und \u00f6ffnet dir eine neue Welt der Ausbildungsm\u00f6glichkeiten\" \/>\n<meta property=\"og:url\" content=\"https:\/\/idckohtao.com\/de\/pro-level-courses\/padi-emergency-o2-provider-specialty-instructor-course\/\" \/>\n<meta property=\"og:site_name\" content=\"IDC Koh Tao\" \/>\n<meta property=\"article:publisher\" content=\"https:\/\/www.facebook.com\/GoProIDCKohTao\" \/>\n<meta property=\"article:modified_time\" content=\"2024-12-21T09:17:34+00:00\" \/>\n<meta property=\"og:image\" content=\"https:\/\/idckohtao.com\/wp-content\/uploads\/2023\/09\/idckohtao.com-emergency-o2-provider-course-for-diving-instructors-in-thailand.jpeg\" \/>\n\t<meta property=\"og:image:width\" content=\"1200\" \/>\n\t<meta property=\"og:image:height\" content=\"900\" \/>\n\t<meta property=\"og:image:type\" content=\"image\/jpeg\" \/>\n<meta name=\"twitter:card\" content=\"summary_large_image\" \/>\n<meta name=\"twitter:title\" content=\"IDC Koh Tao | PADI Emergency O2 Provider Instructor Kurs\" \/>\n<meta name=\"twitter:description\" content=\"Unser PADI Emergency O2 Provider Spezialist Instructor Kurs auf Koh Tao zertifiziert dich als Spezialkurs-Tauchlehrer und \u00f6ffnet dir eine neue Welt der Ausbildungsm\u00f6glichkeiten\" \/>\n<meta name=\"twitter:site\" content=\"@GoProIDCKohTao\" \/>\n<!-- \/ Yoast SEO Premium plugin. -->","yoast_head_json":{"title":"IDC Koh Tao | PADI Emergency O2 Provider Instructor Kurs","description":"Unser PADI Emergency O2 Provider Spezialist Instructor Kurs auf Koh Tao zertifiziert dich als Spezialkurs-Tauchlehrer und \u00f6ffnet dir eine neue Welt der Ausbildungsm\u00f6glichkeiten","robots":{"index":"index","follow":"follow","max-snippet":"max-snippet:-1","max-image-preview":"max-image-preview:large","max-video-preview":"max-video-preview:-1"},"canonical":"https:\/\/idckohtao.com\/de\/pro-level-courses\/padi-emergency-o2-provider-specialty-instructor-course\/","og_locale":"de_DE","og_type":"article","og_title":"IDC Koh Tao | PADI Emergency O2 Provider Instructor Kurs","og_description":"Unser PADI Emergency O2 Provider Spezialist Instructor Kurs auf Koh Tao zertifiziert dich als Spezialkurs-Tauchlehrer und \u00f6ffnet dir eine neue Welt der Ausbildungsm\u00f6glichkeiten","og_url":"https:\/\/idckohtao.com\/de\/pro-level-courses\/padi-emergency-o2-provider-specialty-instructor-course\/","og_site_name":"IDC Koh Tao","article_publisher":"https:\/\/www.facebook.com\/GoProIDCKohTao","article_modified_time":"2024-12-21T09:17:34+00:00","og_image":[{"width":1200,"height":900,"url":"https:\/\/idckohtao.com\/wp-content\/uploads\/2023\/09\/idckohtao.com-emergency-o2-provider-course-for-diving-instructors-in-thailand.jpeg","type":"image\/jpeg"}],"twitter_card":"summary_large_image","twitter_title":"IDC Koh Tao | PADI Emergency O2 Provider Instructor Kurs","twitter_description":"Unser PADI Emergency O2 Provider Spezialist Instructor Kurs auf Koh Tao zertifiziert dich als Spezialkurs-Tauchlehrer und \u00f6ffnet dir eine neue Welt der Ausbildungsm\u00f6glichkeiten","twitter_site":"@GoProIDCKohTao","schema":{"@context":"https:\/\/schema.org","@graph":[{"@type":"NewsArticle","@id":"https:\/\/idckohtao.com\/de\/pro-level-courses\/padi-emergency-o2-provider-specialty-instructor-course\/#article","isPartOf":{"@id":"https:\/\/idckohtao.com\/de\/pro-level-courses\/padi-emergency-o2-provider-specialty-instructor-course\/"},"author":{"name":"ojasya","@id":"https:\/\/idckohtao.com\/de\/#\/schema\/person\/d08d557cbfdbc171f824052dae697b02"},"headline":"PADI Emergency O2 Provider\u2019 Spezialist Instructorkurs","datePublished":"2023-08-07T11:47:56+00:00","dateModified":"2024-12-21T09:17:34+00:00","mainEntityOfPage":{"@id":"https:\/\/idckohtao.com\/de\/pro-level-courses\/padi-emergency-o2-provider-specialty-instructor-course\/"},"wordCount":400,"publisher":{"@id":"https:\/\/idckohtao.com\/de\/#organization"},"image":{"@id":"https:\/\/idckohtao.com\/de\/pro-level-courses\/padi-emergency-o2-provider-specialty-instructor-course\/#primaryimage"},"thumbnailUrl":"https:\/\/idckohtao.com\/wp-content\/uploads\/2023\/09\/idckohtao.com-emergency-o2-provider-course-for-diving-instructors-in-thailand.jpeg","inLanguage":"de"},{"@type":"WebPage","@id":"https:\/\/idckohtao.com\/de\/pro-level-courses\/padi-emergency-o2-provider-specialty-instructor-course\/","url":"https:\/\/idckohtao.com\/de\/pro-level-courses\/padi-emergency-o2-provider-specialty-instructor-course\/","name":"IDC Koh Tao | PADI Emergency O2 Provider Instructor Kurs","isPartOf":{"@id":"https:\/\/idckohtao.com\/de\/#website"},"primaryImageOfPage":{"@id":"https:\/\/idckohtao.com\/de\/pro-level-courses\/padi-emergency-o2-provider-specialty-instructor-course\/#primaryimage"},"image":{"@id":"https:\/\/idckohtao.com\/de\/pro-level-courses\/padi-emergency-o2-provider-specialty-instructor-course\/#primaryimage"},"thumbnailUrl":"https:\/\/idckohtao.com\/wp-content\/uploads\/2023\/09\/idckohtao.com-emergency-o2-provider-course-for-diving-instructors-in-thailand.jpeg","datePublished":"2023-08-07T11:47:56+00:00","dateModified":"2024-12-21T09:17:34+00:00","description":"Unser PADI Emergency O2 Provider Spezialist Instructor Kurs auf Koh Tao zertifiziert dich als Spezialkurs-Tauchlehrer und \u00f6ffnet dir eine neue Welt der Ausbildungsm\u00f6glichkeiten","breadcrumb":{"@id":"https:\/\/idckohtao.com\/de\/pro-level-courses\/padi-emergency-o2-provider-specialty-instructor-course\/#breadcrumb"},"inLanguage":"de","potentialAction":[{"@type":"ReadAction","target":["https:\/\/idckohtao.com\/de\/pro-level-courses\/padi-emergency-o2-provider-specialty-instructor-course\/"]}]},{"@type":"ImageObject","inLanguage":"de","@id":"https:\/\/idckohtao.com\/de\/pro-level-courses\/padi-emergency-o2-provider-specialty-instructor-course\/#primaryimage","url":"https:\/\/idckohtao.com\/wp-content\/uploads\/2023\/09\/idckohtao.com-emergency-o2-provider-course-for-diving-instructors-in-thailand.jpeg","contentUrl":"https:\/\/idckohtao.com\/wp-content\/uploads\/2023\/09\/idckohtao.com-emergency-o2-provider-course-for-diving-instructors-in-thailand.jpeg","width":1200,"height":900,"caption":"Emergency O2 Provider Instructor Demonstration"},{"@type":"BreadcrumbList","@id":"https:\/\/idckohtao.com\/de\/pro-level-courses\/padi-emergency-o2-provider-specialty-instructor-course\/#breadcrumb","itemListElement":[{"@type":"ListItem","position":1,"name":"Home","item":"https:\/\/idckohtao.com\/de\/"},{"@type":"ListItem","position":2,"name":"Pro level","item":"https:\/\/idckohtao.com\/de\/pro-level-courses\/"},{"@type":"ListItem","position":3,"name":"PADI Emergency O2 Provider\u2019 Spezialist Instructorkurs"}]},{"@type":"WebSite","@id":"https:\/\/idckohtao.com\/de\/#website","url":"https:\/\/idckohtao.com\/de\/","name":"IDC Koh Tao","description":"PADI IDC 5 Star Diving Center in Koh Tao - Thailand","publisher":{"@id":"https:\/\/idckohtao.com\/de\/#organization"},"alternateName":"IDC Koh Tao in Thailand","potentialAction":[{"@type":"SearchAction","target":{"@type":"EntryPoint","urlTemplate":"https:\/\/idckohtao.com\/de\/?s={search_term_string}"},"query-input":{"@type":"PropertyValueSpecification","valueRequired":true,"valueName":"search_term_string"}}],"inLanguage":"de"},{"@type":"Organization","@id":"https:\/\/idckohtao.com\/de\/#organization","name":"IDC Koh Tao","alternateName":"IDC Koh Tao | Divemaster & Diving Instructor","url":"https:\/\/idckohtao.com\/de\/","logo":{"@type":"ImageObject","inLanguage":"de","@id":"https:\/\/idckohtao.com\/de\/#\/schema\/logo\/image\/","url":"https:\/\/idckohtao.com\/wp-content\/uploads\/2023\/09\/idckohtao.com-padi-diving-center-in-koh-tao-thailand.png","contentUrl":"https:\/\/idckohtao.com\/wp-content\/uploads\/2023\/09\/idckohtao.com-padi-diving-center-in-koh-tao-thailand.png","width":400,"height":300,"caption":"IDC Koh Tao"},"image":{"@id":"https:\/\/idckohtao.com\/de\/#\/schema\/logo\/image\/"},"sameAs":["https:\/\/www.facebook.com\/GoProIDCKohTao","https:\/\/x.com\/GoProIDCKohTao","https:\/\/www.youtube.com\/idckohtao","https:\/\/www.instagram.com\/idc.kohtao\/"],"description":"IDC Koh Tao is a part of the Black Turtle Dive pro level training team with three PADI Course Directors being led by Award Winning PADI Course Director Matt Bolton. Our full range of pro and recreational PADI Diving Courses provides aspiring scuba divers with education, fun, excitement, adventure, and a change of lifestyle or an opportunity to pursue a new career.","email":"info@idckohtao.com","legalName":"IDC Koh Tao","foundingDate":"2004-01-04","numberOfEmployees":{"@type":"QuantitativeValue","minValue":"1","maxValue":"10"},"correctionsPolicy":"https:\/\/idckohtao.com\/privacy-policy\/","ethicsPolicy":"https:\/\/idckohtao.com\/terms\/"},{"@type":"Person","@id":"https:\/\/idckohtao.com\/de\/#\/schema\/person\/d08d557cbfdbc171f824052dae697b02","name":"ojasya","image":{"@type":"ImageObject","inLanguage":"de","@id":"https:\/\/secure.gravatar.com\/avatar\/6fb34e36d09053a6545fc21d344613321bb1933f185132488f38052166f5a001?s=96&d=mm&r=g","url":"https:\/\/secure.gravatar.com\/avatar\/6fb34e36d09053a6545fc21d344613321bb1933f185132488f38052166f5a001?s=96&d=mm&r=g","contentUrl":"https:\/\/secure.gravatar.com\/avatar\/6fb34e36d09053a6545fc21d344613321bb1933f185132488f38052166f5a001?s=96&d=mm&r=g","caption":"ojasya"},"sameAs":["https:\/\/idckohtao.com"],"url":"https:\/\/idckohtao.com\/de\/blog\/author\/ojasya\/"}]}},"_links":{"self":[{"href":"https:\/\/idckohtao.com\/de\/wp-json\/wp\/v2\/pages\/1935","targetHints":{"allow":["GET"]}}],"collection":[{"href":"https:\/\/idckohtao.com\/de\/wp-json\/wp\/v2\/pages"}],"about":[{"href":"https:\/\/idckohtao.com\/de\/wp-json\/wp\/v2\/types\/page"}],"author":[{"embeddable":true,"href":"https:\/\/idckohtao.com\/de\/wp-json\/wp\/v2\/users\/1"}],"replies":[{"embeddable":true,"href":"https:\/\/idckohtao.com\/de\/wp-json\/wp\/v2\/comments?post=1935"}],"version-history":[{"count":1,"href":"https:\/\/idckohtao.com\/de\/wp-json\/wp\/v2\/pages\/1935\/revisions"}],"predecessor-version":[{"id":7014,"href":"https:\/\/idckohtao.com\/de\/wp-json\/wp\/v2\/pages\/1935\/revisions\/7014"}],"up":[{"embeddable":true,"href":"https:\/\/idckohtao.com\/de\/wp-json\/wp\/v2\/pages\/7935"}],"wp:featuredmedia":[{"embeddable":true,"href":"https:\/\/idckohtao.com\/de\/wp-json\/wp\/v2\/media\/4740"}],"wp:attachment":[{"href":"https:\/\/idckohtao.com\/de\/wp-json\/wp\/v2\/media?parent=1935"}],"curies":[{"name":"wp","href":"https:\/\/api.w.org\/{rel}","templated":true}]}}