{"id":1945,"date":"2023-08-10T10:41:02","date_gmt":"2023-08-10T10:41:02","guid":{"rendered":"https:\/\/idckohtao.com\/padi-ie\/"},"modified":"2023-09-16T22:10:02","modified_gmt":"2023-09-16T22:10:02","slug":"padi-ie","status":"publish","type":"page","link":"https:\/\/idckohtao.com\/de\/pro-level-courses\/padi-ie\/","title":{"rendered":"PADI Instructor Examinations"},"content":{"rendered":"<h2>IDC Koh Tao \u2022 PADI IE (Instructor Examinations)<\/h2>\n<p>Nach erfolgreichem Abschlu\u00df aller Leistungsanforderungen des PAD Instructor Development Kurses bist du fast am Ziel. Es fehlt nur ein wichtiger letzter Schritt\u2026.<\/p>\n<p>Die<strong>\u00a0PADI Tauchlehrerpr\u00fcfung<\/strong>\u00a0oder \u201cIE\u201d wie es genannt wird.<\/p>\n<p>Die PADI IE werden auf Koh Tao von Pr\u00fcfern aus PADI S\u00fcdostasiens Hauptquartier in Australien durchgef\u00fchrt. Es sind j\u00e4hrlich 12 IE auf Koh Tao eingeplant, welche direkt nach Abschlu\u00df des IDC stattfinden.<\/p>\n<p>Dies hei\u00dft, da\u00df nach unserem 14-t\u00e4gigen IDC die Tauchlehrerpr\u00fcfung am 15. Tag startet.<\/p>\n<p>Der Ablauf sieht wie folgt aus:<\/p>\n<p><strong>Tag 1<\/strong><\/p>\n<p>AM: Orientierung f\u00fcr die PADI Instructor Examination<br \/>\nAM: Allgemeine Standards &amp; Verfahren Pr\u00fcfung (90 Minuten)<br \/>\nAM: Tauchtheorie Pr\u00fcfung (90 Minuten)<\/p>\n<p>AM: Mittagspause<\/p>\n<p>PM: Unterrichtspr\u00e4sentationen im Swimming Pool<\/p>\n<p><strong>Tag 2<\/strong><\/p>\n<p>AM: Unterrichtspr\u00e4sentationen im Klassenzimmer<\/p>\n<p>AM: Mittagspause<\/p>\n<p>PM: Freiwasser-Unterrichtspr\u00e4sentationen<br \/>\nPM: PADI IE Abschlu\u00dfzeremonie und -pr\u00e4sentation<\/p>\n<p>Dann \u2013 nat\u00fcrlich \u2013 nach der Abschlu\u00dfzeremonie und -pr\u00e4sentation ist es Zeit zum Feiern und f\u00fcr die IE Party!<\/p>\n<p><img decoding=\"async\" class=\"alignnone wp-image-883 size-large\" src=\"https:\/\/idckohtao.com\/wp-content\/uploads\/2023\/08\/idc-koh-tao-instructor-examinations-padi-ie-crystal-dive-koh-tao-1024x768.jpg\" alt=\"idc-koh-tao-instructor-examinations-padi-ie-crystal-dive-koh-tao\" width=\"1024\" height=\"768\" srcset=\"https:\/\/idckohtao.com\/wp-content\/uploads\/2023\/08\/idc-koh-tao-instructor-examinations-padi-ie-crystal-dive-koh-tao-1024x768.jpg 1024w, https:\/\/idckohtao.com\/wp-content\/uploads\/2023\/08\/idc-koh-tao-instructor-examinations-padi-ie-crystal-dive-koh-tao-300x225.jpg 300w, https:\/\/idckohtao.com\/wp-content\/uploads\/2023\/08\/idc-koh-tao-instructor-examinations-padi-ie-crystal-dive-koh-tao-768x576.jpg 768w, https:\/\/idckohtao.com\/wp-content\/uploads\/2023\/08\/idc-koh-tao-instructor-examinations-padi-ie-crystal-dive-koh-tao.jpg 1080w\" sizes=\"(max-width: 1024px) 100vw, 1024px\" \/><\/p>\n","protected":false},"excerpt":{"rendered":"<p>IDC Koh Tao \u2022 PADI IE (Instructor Examinations) Nach erfolgreichem Abschlu\u00df aller Leistungsanforderungen des PAD Instructor Development Kurses bist du fast am Ziel. Es fehlt nur ein wichtiger letzter Schritt\u2026. Die\u00a0PADI Tauchlehrerpr\u00fcfung\u00a0oder \u201cIE\u201d wie es genannt wird. Die PADI IE werden auf Koh Tao von Pr\u00fcfern aus PADI S\u00fcdostasiens Hauptquartier in Australien durchgef\u00fchrt. Es sind [&hellip;]<\/p>\n","protected":false},"author":1,"featured_media":4699,"parent":7935,"menu_order":0,"comment_status":"closed","ping_status":"closed","template":"","meta":{"_acf_changed":false,"footnotes":""},"class_list":["post-1945","page","type-page","status-publish","has-post-thumbnail","hentry"],"acf":[],"yoast_head":"<!-- This site is optimized with the Yoast SEO Premium plugin v27.5 (Yoast SEO v27.5) - https:\/\/yoast.com\/product\/yoast-seo-premium-wordpress\/ -->\n<title>IDC Koh Tao | PADI IE Tauchlehrerpr\u00fcfung | Crystal Dive<\/title>\n<meta name=\"description\" content=\"Lade den kompletten PADI Ablauf und IE Termine bei IDC Koh Tao Thailand herunter. Jeden Monat veranstalten wir bei Crystal Dive den PADI IE f\u00fcr aufstrebende Tauchprofis\" \/>\n<meta name=\"robots\" content=\"index, follow, max-snippet:-1, max-image-preview:large, max-video-preview:-1\" \/>\n<link rel=\"canonical\" href=\"https:\/\/idckohtao.com\/de\/pro-level-courses\/padi-ie\/\" \/>\n<meta property=\"og:locale\" content=\"de_DE\" \/>\n<meta property=\"og:type\" content=\"article\" \/>\n<meta property=\"og:title\" content=\"IDC Koh Tao | PADI IE Tauchlehrerpr\u00fcfung | Crystal Dive\" \/>\n<meta property=\"og:description\" content=\"Lade den kompletten PADI Ablauf und IE Termine bei IDC Koh Tao Thailand herunter. Jeden Monat veranstalten wir bei Crystal Dive den PADI IE f\u00fcr aufstrebende Tauchprofis\" \/>\n<meta property=\"og:url\" content=\"https:\/\/idckohtao.com\/de\/pro-level-courses\/padi-ie\/\" \/>\n<meta property=\"og:site_name\" content=\"IDC Koh Tao\" \/>\n<meta property=\"article:publisher\" content=\"https:\/\/www.facebook.com\/GoProIDCKohTao\" \/>\n<meta property=\"article:modified_time\" content=\"2023-09-16T22:10:02+00:00\" \/>\n<meta property=\"og:image\" content=\"https:\/\/idckohtao.com\/wp-content\/uploads\/2023\/09\/idckohtao.com-padi-idc-instructor-examinations-in-thailand.jpeg\" \/>\n\t<meta property=\"og:image:width\" content=\"1200\" \/>\n\t<meta property=\"og:image:height\" content=\"900\" \/>\n\t<meta property=\"og:image:type\" content=\"image\/jpeg\" \/>\n<meta name=\"twitter:card\" content=\"summary_large_image\" \/>\n<meta name=\"twitter:title\" content=\"IDC Koh Tao | PADI IE Tauchlehrerpr\u00fcfung | Crystal Dive\" \/>\n<meta name=\"twitter:description\" content=\"Lade den kompletten PADI Ablauf und IE Termine bei IDC Koh Tao Thailand herunter. Jeden Monat veranstalten wir bei Crystal Dive den PADI IE f\u00fcr aufstrebende Tauchprofis\" \/>\n<meta name=\"twitter:site\" content=\"@GoProIDCKohTao\" \/>\n<!-- \/ Yoast SEO Premium plugin. -->","yoast_head_json":{"title":"IDC Koh Tao | PADI IE Tauchlehrerpr\u00fcfung | Crystal Dive","description":"Lade den kompletten PADI Ablauf und IE Termine bei IDC Koh Tao Thailand herunter. Jeden Monat veranstalten wir bei Crystal Dive den PADI IE f\u00fcr aufstrebende Tauchprofis","robots":{"index":"index","follow":"follow","max-snippet":"max-snippet:-1","max-image-preview":"max-image-preview:large","max-video-preview":"max-video-preview:-1"},"canonical":"https:\/\/idckohtao.com\/de\/pro-level-courses\/padi-ie\/","og_locale":"de_DE","og_type":"article","og_title":"IDC Koh Tao | PADI IE Tauchlehrerpr\u00fcfung | Crystal Dive","og_description":"Lade den kompletten PADI Ablauf und IE Termine bei IDC Koh Tao Thailand herunter. Jeden Monat veranstalten wir bei Crystal Dive den PADI IE f\u00fcr aufstrebende Tauchprofis","og_url":"https:\/\/idckohtao.com\/de\/pro-level-courses\/padi-ie\/","og_site_name":"IDC Koh Tao","article_publisher":"https:\/\/www.facebook.com\/GoProIDCKohTao","article_modified_time":"2023-09-16T22:10:02+00:00","og_image":[{"width":1200,"height":900,"url":"https:\/\/idckohtao.com\/wp-content\/uploads\/2023\/09\/idckohtao.com-padi-idc-instructor-examinations-in-thailand.jpeg","type":"image\/jpeg"}],"twitter_card":"summary_large_image","twitter_title":"IDC Koh Tao | PADI IE Tauchlehrerpr\u00fcfung | Crystal Dive","twitter_description":"Lade den kompletten PADI Ablauf und IE Termine bei IDC Koh Tao Thailand herunter. Jeden Monat veranstalten wir bei Crystal Dive den PADI IE f\u00fcr aufstrebende Tauchprofis","twitter_site":"@GoProIDCKohTao","schema":{"@context":"https:\/\/schema.org","@graph":[{"@type":"NewsArticle","@id":"https:\/\/idckohtao.com\/de\/pro-level-courses\/padi-ie\/#article","isPartOf":{"@id":"https:\/\/idckohtao.com\/de\/pro-level-courses\/padi-ie\/"},"author":{"name":"ojasya","@id":"https:\/\/idckohtao.com\/de\/#\/schema\/person\/d08d557cbfdbc171f824052dae697b02"},"headline":"PADI Instructor Examinations","datePublished":"2023-08-10T10:41:02+00:00","dateModified":"2023-09-16T22:10:02+00:00","mainEntityOfPage":{"@id":"https:\/\/idckohtao.com\/de\/pro-level-courses\/padi-ie\/"},"wordCount":168,"publisher":{"@id":"https:\/\/idckohtao.com\/de\/#organization"},"image":{"@id":"https:\/\/idckohtao.com\/de\/pro-level-courses\/padi-ie\/#primaryimage"},"thumbnailUrl":"https:\/\/idckohtao.com\/wp-content\/uploads\/2023\/09\/idckohtao.com-padi-idc-instructor-examinations-in-thailand.jpeg","inLanguage":"de"},{"@type":"WebPage","@id":"https:\/\/idckohtao.com\/de\/pro-level-courses\/padi-ie\/","url":"https:\/\/idckohtao.com\/de\/pro-level-courses\/padi-ie\/","name":"IDC Koh Tao | PADI IE Tauchlehrerpr\u00fcfung | Crystal Dive","isPartOf":{"@id":"https:\/\/idckohtao.com\/de\/#website"},"primaryImageOfPage":{"@id":"https:\/\/idckohtao.com\/de\/pro-level-courses\/padi-ie\/#primaryimage"},"image":{"@id":"https:\/\/idckohtao.com\/de\/pro-level-courses\/padi-ie\/#primaryimage"},"thumbnailUrl":"https:\/\/idckohtao.com\/wp-content\/uploads\/2023\/09\/idckohtao.com-padi-idc-instructor-examinations-in-thailand.jpeg","datePublished":"2023-08-10T10:41:02+00:00","dateModified":"2023-09-16T22:10:02+00:00","description":"Lade den kompletten PADI Ablauf und IE Termine bei IDC Koh Tao Thailand herunter. Jeden Monat veranstalten wir bei Crystal Dive den PADI IE f\u00fcr aufstrebende Tauchprofis","breadcrumb":{"@id":"https:\/\/idckohtao.com\/de\/pro-level-courses\/padi-ie\/#breadcrumb"},"inLanguage":"de","potentialAction":[{"@type":"ReadAction","target":["https:\/\/idckohtao.com\/de\/pro-level-courses\/padi-ie\/"]}]},{"@type":"ImageObject","inLanguage":"de","@id":"https:\/\/idckohtao.com\/de\/pro-level-courses\/padi-ie\/#primaryimage","url":"https:\/\/idckohtao.com\/wp-content\/uploads\/2023\/09\/idckohtao.com-padi-idc-instructor-examinations-in-thailand.jpeg","contentUrl":"https:\/\/idckohtao.com\/wp-content\/uploads\/2023\/09\/idckohtao.com-padi-idc-instructor-examinations-in-thailand.jpeg","width":1200,"height":900,"caption":"padi ie - diving instructor examinations on koh tao in thailand"},{"@type":"BreadcrumbList","@id":"https:\/\/idckohtao.com\/de\/pro-level-courses\/padi-ie\/#breadcrumb","itemListElement":[{"@type":"ListItem","position":1,"name":"Home","item":"https:\/\/idckohtao.com\/de\/"},{"@type":"ListItem","position":2,"name":"Pro level","item":"https:\/\/idckohtao.com\/de\/pro-level-courses\/"},{"@type":"ListItem","position":3,"name":"PADI Instructor Examinations"}]},{"@type":"WebSite","@id":"https:\/\/idckohtao.com\/de\/#website","url":"https:\/\/idckohtao.com\/de\/","name":"IDC Koh Tao","description":"PADI IDC 5 Star Diving Center in Koh Tao - Thailand","publisher":{"@id":"https:\/\/idckohtao.com\/de\/#organization"},"alternateName":"IDC Koh Tao in Thailand","potentialAction":[{"@type":"SearchAction","target":{"@type":"EntryPoint","urlTemplate":"https:\/\/idckohtao.com\/de\/?s={search_term_string}"},"query-input":{"@type":"PropertyValueSpecification","valueRequired":true,"valueName":"search_term_string"}}],"inLanguage":"de"},{"@type":"Organization","@id":"https:\/\/idckohtao.com\/de\/#organization","name":"IDC Koh Tao","alternateName":"IDC Koh Tao | Divemaster & Diving Instructor","url":"https:\/\/idckohtao.com\/de\/","logo":{"@type":"ImageObject","inLanguage":"de","@id":"https:\/\/idckohtao.com\/de\/#\/schema\/logo\/image\/","url":"https:\/\/idckohtao.com\/wp-content\/uploads\/2023\/09\/idckohtao.com-padi-diving-center-in-koh-tao-thailand.png","contentUrl":"https:\/\/idckohtao.com\/wp-content\/uploads\/2023\/09\/idckohtao.com-padi-diving-center-in-koh-tao-thailand.png","width":400,"height":300,"caption":"IDC Koh Tao"},"image":{"@id":"https:\/\/idckohtao.com\/de\/#\/schema\/logo\/image\/"},"sameAs":["https:\/\/www.facebook.com\/GoProIDCKohTao","https:\/\/x.com\/GoProIDCKohTao","https:\/\/www.youtube.com\/idckohtao","https:\/\/www.instagram.com\/idc.kohtao\/"],"description":"IDC Koh Tao is a part of the Black Turtle Dive pro level training team with three PADI Course Directors being led by Award Winning PADI Course Director Matt Bolton. Our full range of pro and recreational PADI Diving Courses provides aspiring scuba divers with education, fun, excitement, adventure, and a change of lifestyle or an opportunity to pursue a new career.","email":"info@idckohtao.com","legalName":"IDC Koh Tao","foundingDate":"2004-01-04","numberOfEmployees":{"@type":"QuantitativeValue","minValue":"1","maxValue":"10"},"correctionsPolicy":"https:\/\/idckohtao.com\/privacy-policy\/","ethicsPolicy":"https:\/\/idckohtao.com\/terms\/"},{"@type":"Person","@id":"https:\/\/idckohtao.com\/de\/#\/schema\/person\/d08d557cbfdbc171f824052dae697b02","name":"ojasya","image":{"@type":"ImageObject","inLanguage":"de","@id":"https:\/\/secure.gravatar.com\/avatar\/6fb34e36d09053a6545fc21d344613321bb1933f185132488f38052166f5a001?s=96&d=mm&r=g","url":"https:\/\/secure.gravatar.com\/avatar\/6fb34e36d09053a6545fc21d344613321bb1933f185132488f38052166f5a001?s=96&d=mm&r=g","contentUrl":"https:\/\/secure.gravatar.com\/avatar\/6fb34e36d09053a6545fc21d344613321bb1933f185132488f38052166f5a001?s=96&d=mm&r=g","caption":"ojasya"},"sameAs":["https:\/\/idckohtao.com"],"url":"https:\/\/idckohtao.com\/de\/blog\/author\/ojasya\/"}]}},"_links":{"self":[{"href":"https:\/\/idckohtao.com\/de\/wp-json\/wp\/v2\/pages\/1945","targetHints":{"allow":["GET"]}}],"collection":[{"href":"https:\/\/idckohtao.com\/de\/wp-json\/wp\/v2\/pages"}],"about":[{"href":"https:\/\/idckohtao.com\/de\/wp-json\/wp\/v2\/types\/page"}],"author":[{"embeddable":true,"href":"https:\/\/idckohtao.com\/de\/wp-json\/wp\/v2\/users\/1"}],"replies":[{"embeddable":true,"href":"https:\/\/idckohtao.com\/de\/wp-json\/wp\/v2\/comments?post=1945"}],"version-history":[{"count":0,"href":"https:\/\/idckohtao.com\/de\/wp-json\/wp\/v2\/pages\/1945\/revisions"}],"up":[{"embeddable":true,"href":"https:\/\/idckohtao.com\/de\/wp-json\/wp\/v2\/pages\/7935"}],"wp:featuredmedia":[{"embeddable":true,"href":"https:\/\/idckohtao.com\/de\/wp-json\/wp\/v2\/media\/4699"}],"wp:attachment":[{"href":"https:\/\/idckohtao.com\/de\/wp-json\/wp\/v2\/media?parent=1945"}],"curies":[{"name":"wp","href":"https:\/\/api.w.org\/{rel}","templated":true}]}}