{"id":1953,"date":"2023-08-05T17:20:18","date_gmt":"2023-08-05T17:20:18","guid":{"rendered":"https:\/\/idckohtao.com\/rescue-diver-course\/"},"modified":"2026-04-22T05:44:47","modified_gmt":"2026-04-22T05:44:47","slug":"rescue-diver-course","status":"publish","type":"page","link":"https:\/\/idckohtao.com\/de\/rescue-diver-course\/","title":{"rendered":"Rescue Diver Course"},"content":{"rendered":"<div class=\"wpb-content-wrapper\"><p>[vc_row][vc_column][vc_column_text]<\/p>\n<h2>Werden Sie ein PADI Rescue Diver auf Koh Tao \u2013 Sind Sie rettungsbereit?<\/h2>\n<p>Bei diesem Kurs erlernst du Probleme beim Tauchen zu identifizieren, zu vermeiden und sie handzuhaben. Hiermit wirst du selbstbewusster und kompetenter im Wasser.<\/p>\n<p>IEs ist ein herausfordernder Kurs, aber das ist es Wert!<\/p>\n<h3>Bist du bereit um Leben zu retten?<\/h3>\n<p>Der PADI Rettungstaucher Kurs bereitet dich darauf vor Probleme zu antizipieren, Tauchern in Not zu helfen und Unfallszenarios zu bew\u04d3ltigen.<\/p>\n<p>Der Kurs besteht aus einer Reihe von Wissensentwicklungen und Schulungen im begrenzten und offenen Wasser.<\/p>\n<h3>Rettungstaucher Kurs Theorie-Teil<\/h3>\n<p>Der Abschnitt zur Theorie besteht aus 5 Bereichen und deckt eine breite Palette von Themen ab, darunter:<\/p>\n<ul>\n<li>Stress von Tauchern erkennen<\/li>\n<li>Unfallmanagement<\/li>\n<li>uf einen Tauchnotfall vorbereitet sein<\/li>\n<li>H\u04d3ufig aufkommende Probleme mit deiner Ausr\u00fcstung<\/li>\n<li>Reaktion bei Tauchernotf\u04d3llen<\/li>\n<li>as Suchen und Bergen von vermissten Tauchern<\/li>\n<li>Die Psychologie der Tauchrettung<\/li>\n<\/ul>\n<p>Beginne jetzt und melde dich f\u00fcr das E-Learning Programm an und vervollst\u04d3ndige den Kurs bei deiner Ankunft nur noch mit allen Wasssert\u04d3tigkeiten.<\/p>\n<p>Sobald du ankommst, werden wir mit dir das Rettungstaucher Schnell-Quiz durchf\u00fchren und dich im Anschluss direkt mit ins Wasser nehmen.<\/p>\n<p>Du musst einen Notfallplan (EAP) f\u00fcr den ausgew\u04d3hlten Tauchplatz erstellen, an dem wir das letzte Szenario des Rettungstauch Kurses durchf\u00fchren.<\/p>\n<p><img decoding=\"async\" class=\"alignnone wp-image-223 size-large\" src=\"https:\/\/idckohtao.com\/wp-content\/uploads\/2023\/08\/idc-koh-tao-day-2-pool-candidates-rescue-6-1024x768.jpg\" alt=\"idc-koh-tao-day-2-pool-candidates-rescue-6\" width=\"1024\" height=\"768\" srcset=\"https:\/\/idckohtao.com\/wp-content\/uploads\/2023\/08\/idc-koh-tao-day-2-pool-candidates-rescue-6-1024x768.jpg 1024w, https:\/\/idckohtao.com\/wp-content\/uploads\/2023\/08\/idc-koh-tao-day-2-pool-candidates-rescue-6-300x225.jpg 300w, https:\/\/idckohtao.com\/wp-content\/uploads\/2023\/08\/idc-koh-tao-day-2-pool-candidates-rescue-6-768x576.jpg 768w, https:\/\/idckohtao.com\/wp-content\/uploads\/2023\/08\/idc-koh-tao-day-2-pool-candidates-rescue-6.jpg 1080w\" sizes=\"(max-width: 1024px) 100vw, 1024px\" \/><\/p>\n<h3>Rettungstaucher Training im begrenzten und offenen Wasser<\/h3>\n<p>Bevor wir dir die 10 wichtigsten Rettungs\u00fcbungen vorstellen, m\u00fcssen alle Rettungstauchsch\u00fcler eine \u00dcberpr\u00fcfung der Selbstrettungsf\u04d3higkeiten durchf\u00fchren.<\/p>\n<p><a href=\"https:\/\/idckohtao.com\/de\/pro-level-courses\/padi-instructor-development-course\/\">Dein Tauchlehrer<\/a>\u00a0wird dir jede Fertigkeit zeigen, dich alles \u00fcben lassen und dann die Beherrschung der Fertigkeiten bewerten.<\/p>\n<p>Wir werden diese Wasserfertigkeiten im begrenzten Wasser einf\u00fchren, sobald du dich wohlf\u00fchlst werden wir die Fertigkeiten in Wasser zu tief zum stehen wiederholen.[\/vc_column_text]<div class=\"text-left\"><div class=\"bt-course-price\"><h4>Kurspreis: 18,000 THB (EFR & Rescue)<\/h4><a href=\"https:\/\/www.paypal.com\/cgi-bin\/webscr?cmd=_s-xclick&hosted_button_id=9KF6SUE4P87KN\" class=\"button\">BOOK ONLINE<\/a><\/div><\/div>[vc_column_text]<\/p>\n<h3>Die Fertigkeiten, die du beim Rettungstaucher Kurs erlernst, sind:<\/h3>\n<p><strong>\u00dcbung 1<\/strong>\u00a0\u2014\u00a0M\u00fcder Taucher<\/p>\n<p><strong>\u00dcbung 2<\/strong>\u00a0\u2014 Panischer Taucher<\/p>\n<p><strong>\u00dcbung 3<\/strong>\u00a0\u2014 Unterst\u00fctze einen reaktionsschnellen Taucher in Not vom Ufer, Boot oder Dock aus.<\/p>\n<p><strong>\u00dcbung 4<\/strong>\u00a0\u2014 Unterwasser\u00fcbungen mit einem gestressten Taucher, einschliesslich \u00dcberanstrengung, Panik und keine Luft Situationen<\/p>\n<p><strong>\u00dcbung 5<\/strong>\u00a0\u2014 Vermisster Taucher \u2013 Suche und lokalisiere einen Taucher schnell und effizient, mithilfe eines Unterwassersuchmusters<\/p>\n<p><strong>\u00dcbung 6<\/strong>\u00a0\u2014 einen bewusstlosen Taucher an die Wasseroberfl\u04d3che bringen<\/p>\n<p><strong>\u00dcbung 7<\/strong>\u00a0\u2014 einen bewusstlosen Taucher an der Oberfl\u04d3che behandeln, einschliesslich Mund zu Mund Beatmung oder auch durch eine Beatmungsmaske. Demonstration der Entfernung der Ausr\u00fcstung (Opfer und Retter), w\u04d3hrend der Taucher zu einem Ausgang gezogen wird<\/p>\n<p><strong>\u00dcbung 8<\/strong>\u00a0\u2014 den bewusstlosen Taucher aus dem Wasser bergen<\/p>\n<p><strong>\u00dcbung 9<\/strong>\u00a0\u2014 Erste Hilfe bei druckbedingten Verletzungen und Sauerstoffverabreichung<\/p>\n<p><strong>\u00dcbung 10<\/strong>\u00a0\u2014Reagiere auf einen Tauchernotfall, bei dem ein nicht atmender, bewusstloser Taucher an der Oberfl\u04d3che behandelt werden muss. Demonstriere die Beatmungstechniken im Wasser, wie man den Taucher aus dem Wasser bringt und eine\u00a0<a href=\"https:\/\/idckohtao.com\/de\/emergency-first-response-course\/\">HLW durchf\u00fchrt<\/a>.<\/p>\n<p><img decoding=\"async\" class=\"alignnone wp-image-224 size-large\" src=\"https:\/\/idckohtao.com\/wp-content\/uploads\/2023\/08\/idckohtao.com-padi-instructor-internships-rescue-exercise-kohtao-1024x768.jpg\" alt=\"idckohtao.com-padi-instructor-internships-rescue-exercise-kohtao\" width=\"1024\" height=\"768\" srcset=\"https:\/\/idckohtao.com\/wp-content\/uploads\/2023\/08\/idckohtao.com-padi-instructor-internships-rescue-exercise-kohtao-1024x768.jpg 1024w, https:\/\/idckohtao.com\/wp-content\/uploads\/2023\/08\/idckohtao.com-padi-instructor-internships-rescue-exercise-kohtao-300x225.jpg 300w, https:\/\/idckohtao.com\/wp-content\/uploads\/2023\/08\/idckohtao.com-padi-instructor-internships-rescue-exercise-kohtao-768x576.jpg 768w, https:\/\/idckohtao.com\/wp-content\/uploads\/2023\/08\/idckohtao.com-padi-instructor-internships-rescue-exercise-kohtao.jpg 1080w\" sizes=\"(max-width: 1024px) 100vw, 1024px\" \/><\/p>\n<h3>Das Training und die Abschlussszenarien im offenen Wasser<\/h3>\n<p>Deine finale Pr\u00fcfung werden die Szenarien im Meer sein. Du musst zwei Voraussetzungen erf\u00fcllen, um ein zertifizierter Rettungstaucher zu werden.<\/p>\n<p><strong>Szenario 1<\/strong>\u00a0\u2014 bewusstloser Taucher unter Wasser.<\/p>\n<p><em>Suchen und lokalisiere einen vermissten Taucher w\u04d3hrend einer Unfallsimulation<\/em><\/p>\n<p><strong>Scenario 2<\/strong>\u00a0\u2014 bewusstloser Taucher an der Wasseroberfl\u04d3che.<\/p>\n<p><em>Reagiere effektiv auf einen nicht ansprechbaren, nicht atmenden Taucher w\u04d3hrend einer Unfallsimulation und ziehe den Taucher zur\u00fcck zum Boot, w\u04d3hrend du die Beatmungstechniken anwendest.<\/em><\/p>\n<h3>Beispielplan f\u00fcr den E-Learning Rettungstaucher Kurs:<\/h3>\n<p><strong>Tag 1:<\/strong>\u00a0\u00dcberpr\u00fcfung das Online Kurz-Quiz<\/p>\n<p>Trainings\u00fcbungen zur Rettung in begrenzten Wasser 1-10<\/p>\n<p><strong>Tag 2:<\/strong><\/p>\n<p>Rettungs\u00fcbungen in offenen Wasser 1-10<\/p>\n<p><strong>Tag 3:<\/strong><\/p>\n<p>Open Water training.<\/p>\n<h3>Training im offenen Wasser und die finalen Szenarien<\/h3>\n<p>Der Rettungstaucher Kurs beinhaltet:<\/p>\n<ul>\n<li>E-Learning online PADI Rettungstaucherhandbuch &amp; PADI Zertifizierung<\/li>\n<li>PADI Tauchlehrer Geb\u00fchren<\/li>\n<li>Versicherung<\/li>\n<li>Logbuch<\/li>\n<li>Ausr\u00fcstungsverleih<\/li>\n<li>Tauchcomputer<\/li>\n<\/ul>\n<p>Sei bereit um Leben zu retten![\/vc_column_text][\/vc_column][\/vc_row][vc_row][vc_column]<div class=\"text-left\"><h3 class=\"section-title\">BOOK NOW<\/h3><div class=\"bt-course-price\"><h4>18,000 THB (EFR &amp; Rescue)<\/h4><a href=\"https:\/\/idckohtao.com\/de\/packages-prices\/\" class=\"button\">BOOK ONLINE<\/a><\/div><\/div>[\/vc_column][\/vc_row]<\/p>\n<\/div>","protected":false},"excerpt":{"rendered":"<p>[vc_row][vc_column][vc_column_text] Werden Sie ein PADI Rescue Diver auf Koh Tao \u2013 Sind Sie rettungsbereit? Bei diesem Kurs erlernst du Probleme beim Tauchen zu identifizieren, zu vermeiden und sie handzuhaben. Hiermit wirst du selbstbewusster und kompetenter im Wasser. IEs ist ein herausfordernder Kurs, aber das ist es Wert! Bist du bereit um Leben zu retten? Der [&hellip;]<\/p>\n","protected":false},"author":1,"featured_media":5056,"parent":0,"menu_order":0,"comment_status":"closed","ping_status":"closed","template":"","meta":{"_acf_changed":false,"footnotes":""},"class_list":["post-1953","page","type-page","status-publish","has-post-thumbnail","hentry"],"acf":[],"yoast_head":"<!-- This site is optimized with the Yoast SEO Premium plugin v27.5 (Yoast SEO v27.5) - https:\/\/yoast.com\/product\/yoast-seo-premium-wordpress\/ -->\n<title>PADI Rettungstaucher Kurs Koh Tao \/ IDC Koh Tao<\/title>\n<meta name=\"description\" content=\"Der PADI Rettungstaucher Kurs bereitet dich darauf vor, Probleme zu antiziperen, in Not geratenen Tauchern zu helfen und mit Unfallszenarien umzugehen. Es ist eine Herausforderung, doch es lohnt sich!\" \/>\n<meta name=\"robots\" content=\"index, follow, max-snippet:-1, max-image-preview:large, max-video-preview:-1\" \/>\n<link rel=\"canonical\" href=\"https:\/\/idckohtao.com\/de\/rescue-diver-course\/\" \/>\n<meta property=\"og:locale\" content=\"de_DE\" \/>\n<meta property=\"og:type\" content=\"article\" \/>\n<meta property=\"og:title\" content=\"PADI Rettungstaucher Kurs Koh Tao \/ IDC Koh Tao\" \/>\n<meta property=\"og:description\" content=\"Der PADI Rettungstaucher Kurs bereitet dich darauf vor, Probleme zu antiziperen, in Not geratenen Tauchern zu helfen und mit Unfallszenarien umzugehen. Es ist eine Herausforderung, doch es lohnt sich!\" \/>\n<meta property=\"og:url\" content=\"https:\/\/idckohtao.com\/de\/rescue-diver-course\/\" \/>\n<meta property=\"og:site_name\" content=\"IDC Koh Tao\" \/>\n<meta property=\"article:publisher\" content=\"https:\/\/www.facebook.com\/GoProIDCKohTao\" \/>\n<meta property=\"article:modified_time\" content=\"2026-04-22T05:44:47+00:00\" \/>\n<meta property=\"og:image\" content=\"https:\/\/idckohtao.com\/wp-content\/uploads\/2023\/08\/idckohtao.com-koh-tao-diving-confined-water-presentations-rescue.jpg\" \/>\n\t<meta property=\"og:image:width\" content=\"1536\" \/>\n\t<meta property=\"og:image:height\" content=\"1024\" \/>\n\t<meta property=\"og:image:type\" content=\"image\/jpeg\" \/>\n<meta name=\"twitter:card\" content=\"summary_large_image\" \/>\n<meta name=\"twitter:title\" content=\"PADI Rettungstaucher Kurs Koh Tao \/ IDC Koh Tao\" \/>\n<meta name=\"twitter:description\" content=\"Der PADI Rettungstaucher Kurs bereitet dich darauf vor, Probleme zu antiziperen, in Not geratenen Tauchern zu helfen und mit Unfallszenarien umzugehen. Es ist eine Herausforderung, doch es lohnt sich!\" \/>\n<meta name=\"twitter:image\" content=\"https:\/\/idckohtao.com\/wp-content\/uploads\/2023\/08\/idckohtao.com-koh-tao-diving-confined-water-presentations-rescue.jpg\" \/>\n<meta name=\"twitter:site\" content=\"@GoProIDCKohTao\" \/>\n<!-- \/ Yoast SEO Premium plugin. -->","yoast_head_json":{"title":"PADI Rettungstaucher Kurs Koh Tao \/ IDC Koh Tao","description":"Der PADI Rettungstaucher Kurs bereitet dich darauf vor, Probleme zu antiziperen, in Not geratenen Tauchern zu helfen und mit Unfallszenarien umzugehen. Es ist eine Herausforderung, doch es lohnt sich!","robots":{"index":"index","follow":"follow","max-snippet":"max-snippet:-1","max-image-preview":"max-image-preview:large","max-video-preview":"max-video-preview:-1"},"canonical":"https:\/\/idckohtao.com\/de\/rescue-diver-course\/","og_locale":"de_DE","og_type":"article","og_title":"PADI Rettungstaucher Kurs Koh Tao \/ IDC Koh Tao","og_description":"Der PADI Rettungstaucher Kurs bereitet dich darauf vor, Probleme zu antiziperen, in Not geratenen Tauchern zu helfen und mit Unfallszenarien umzugehen. Es ist eine Herausforderung, doch es lohnt sich!","og_url":"https:\/\/idckohtao.com\/de\/rescue-diver-course\/","og_site_name":"IDC Koh Tao","article_publisher":"https:\/\/www.facebook.com\/GoProIDCKohTao","article_modified_time":"2026-04-22T05:44:47+00:00","og_image":[{"width":1536,"height":1024,"url":"https:\/\/idckohtao.com\/wp-content\/uploads\/2023\/08\/idckohtao.com-koh-tao-diving-confined-water-presentations-rescue.jpg","type":"image\/jpeg"}],"twitter_card":"summary_large_image","twitter_title":"PADI Rettungstaucher Kurs Koh Tao \/ IDC Koh Tao","twitter_description":"Der PADI Rettungstaucher Kurs bereitet dich darauf vor, Probleme zu antiziperen, in Not geratenen Tauchern zu helfen und mit Unfallszenarien umzugehen. Es ist eine Herausforderung, doch es lohnt sich!","twitter_image":"https:\/\/idckohtao.com\/wp-content\/uploads\/2023\/08\/idckohtao.com-koh-tao-diving-confined-water-presentations-rescue.jpg","twitter_site":"@GoProIDCKohTao","schema":{"@context":"https:\/\/schema.org","@graph":[{"@type":"NewsArticle","@id":"https:\/\/idckohtao.com\/de\/rescue-diver-course\/#article","isPartOf":{"@id":"https:\/\/idckohtao.com\/de\/rescue-diver-course\/"},"author":{"name":"ojasya","@id":"https:\/\/idckohtao.com\/de\/#\/schema\/person\/d08d557cbfdbc171f824052dae697b02"},"headline":"Rescue Diver Course","datePublished":"2023-08-05T17:20:18+00:00","dateModified":"2026-04-22T05:44:47+00:00","mainEntityOfPage":{"@id":"https:\/\/idckohtao.com\/de\/rescue-diver-course\/"},"wordCount":646,"publisher":{"@id":"https:\/\/idckohtao.com\/de\/#organization"},"image":{"@id":"https:\/\/idckohtao.com\/de\/rescue-diver-course\/#primaryimage"},"thumbnailUrl":"https:\/\/idckohtao.com\/wp-content\/uploads\/2023\/09\/idckohtao.com-padi-rescue-diver-course-in-koh-tao-in-thailand.jpeg","inLanguage":"de"},{"@type":"WebPage","@id":"https:\/\/idckohtao.com\/de\/rescue-diver-course\/","url":"https:\/\/idckohtao.com\/de\/rescue-diver-course\/","name":"PADI Rettungstaucher Kurs Koh Tao \/ IDC Koh Tao","isPartOf":{"@id":"https:\/\/idckohtao.com\/de\/#website"},"primaryImageOfPage":{"@id":"https:\/\/idckohtao.com\/de\/rescue-diver-course\/#primaryimage"},"image":{"@id":"https:\/\/idckohtao.com\/de\/rescue-diver-course\/#primaryimage"},"thumbnailUrl":"https:\/\/idckohtao.com\/wp-content\/uploads\/2023\/09\/idckohtao.com-padi-rescue-diver-course-in-koh-tao-in-thailand.jpeg","datePublished":"2023-08-05T17:20:18+00:00","dateModified":"2026-04-22T05:44:47+00:00","description":"Der PADI Rettungstaucher Kurs bereitet dich darauf vor, Probleme zu antiziperen, in Not geratenen Tauchern zu helfen und mit Unfallszenarien umzugehen. Es ist eine Herausforderung, doch es lohnt sich!","breadcrumb":{"@id":"https:\/\/idckohtao.com\/de\/rescue-diver-course\/#breadcrumb"},"inLanguage":"de","potentialAction":[{"@type":"ReadAction","target":["https:\/\/idckohtao.com\/de\/rescue-diver-course\/"]}]},{"@type":"ImageObject","inLanguage":"de","@id":"https:\/\/idckohtao.com\/de\/rescue-diver-course\/#primaryimage","url":"https:\/\/idckohtao.com\/wp-content\/uploads\/2023\/09\/idckohtao.com-padi-rescue-diver-course-in-koh-tao-in-thailand.jpeg","contentUrl":"https:\/\/idckohtao.com\/wp-content\/uploads\/2023\/09\/idckohtao.com-padi-rescue-diver-course-in-koh-tao-in-thailand.jpeg","width":1200,"height":900,"caption":"PADI Rescue Diver course in Koh Tao, Thailand"},{"@type":"BreadcrumbList","@id":"https:\/\/idckohtao.com\/de\/rescue-diver-course\/#breadcrumb","itemListElement":[{"@type":"ListItem","position":1,"name":"Home","item":"https:\/\/idckohtao.com\/de\/"},{"@type":"ListItem","position":2,"name":"Rescue Diver Course"}]},{"@type":"WebSite","@id":"https:\/\/idckohtao.com\/de\/#website","url":"https:\/\/idckohtao.com\/de\/","name":"IDC Koh Tao","description":"PADI IDC 5 Star Diving Center in Koh Tao - Thailand","publisher":{"@id":"https:\/\/idckohtao.com\/de\/#organization"},"alternateName":"IDC Koh Tao in Thailand","potentialAction":[{"@type":"SearchAction","target":{"@type":"EntryPoint","urlTemplate":"https:\/\/idckohtao.com\/de\/?s={search_term_string}"},"query-input":{"@type":"PropertyValueSpecification","valueRequired":true,"valueName":"search_term_string"}}],"inLanguage":"de"},{"@type":"Organization","@id":"https:\/\/idckohtao.com\/de\/#organization","name":"IDC Koh Tao","alternateName":"IDC Koh Tao | Divemaster & Diving Instructor","url":"https:\/\/idckohtao.com\/de\/","logo":{"@type":"ImageObject","inLanguage":"de","@id":"https:\/\/idckohtao.com\/de\/#\/schema\/logo\/image\/","url":"https:\/\/idckohtao.com\/wp-content\/uploads\/2023\/09\/idckohtao.com-padi-diving-center-in-koh-tao-thailand.png","contentUrl":"https:\/\/idckohtao.com\/wp-content\/uploads\/2023\/09\/idckohtao.com-padi-diving-center-in-koh-tao-thailand.png","width":400,"height":300,"caption":"IDC Koh Tao"},"image":{"@id":"https:\/\/idckohtao.com\/de\/#\/schema\/logo\/image\/"},"sameAs":["https:\/\/www.facebook.com\/GoProIDCKohTao","https:\/\/x.com\/GoProIDCKohTao","https:\/\/www.youtube.com\/idckohtao","https:\/\/www.instagram.com\/idc.kohtao\/"],"description":"IDC Koh Tao is a part of the Black Turtle Dive pro level training team with three PADI Course Directors being led by Award Winning PADI Course Director Matt Bolton. Our full range of pro and recreational PADI Diving Courses provides aspiring scuba divers with education, fun, excitement, adventure, and a change of lifestyle or an opportunity to pursue a new career.","email":"info@idckohtao.com","legalName":"IDC Koh Tao","foundingDate":"2004-01-04","numberOfEmployees":{"@type":"QuantitativeValue","minValue":"1","maxValue":"10"},"correctionsPolicy":"https:\/\/idckohtao.com\/privacy-policy\/","ethicsPolicy":"https:\/\/idckohtao.com\/terms\/"},{"@type":"Person","@id":"https:\/\/idckohtao.com\/de\/#\/schema\/person\/d08d557cbfdbc171f824052dae697b02","name":"ojasya","image":{"@type":"ImageObject","inLanguage":"de","@id":"https:\/\/secure.gravatar.com\/avatar\/6fb34e36d09053a6545fc21d344613321bb1933f185132488f38052166f5a001?s=96&d=mm&r=g","url":"https:\/\/secure.gravatar.com\/avatar\/6fb34e36d09053a6545fc21d344613321bb1933f185132488f38052166f5a001?s=96&d=mm&r=g","contentUrl":"https:\/\/secure.gravatar.com\/avatar\/6fb34e36d09053a6545fc21d344613321bb1933f185132488f38052166f5a001?s=96&d=mm&r=g","caption":"ojasya"},"sameAs":["https:\/\/idckohtao.com"],"url":"https:\/\/idckohtao.com\/de\/blog\/author\/ojasya\/"}]}},"_links":{"self":[{"href":"https:\/\/idckohtao.com\/de\/wp-json\/wp\/v2\/pages\/1953","targetHints":{"allow":["GET"]}}],"collection":[{"href":"https:\/\/idckohtao.com\/de\/wp-json\/wp\/v2\/pages"}],"about":[{"href":"https:\/\/idckohtao.com\/de\/wp-json\/wp\/v2\/types\/page"}],"author":[{"embeddable":true,"href":"https:\/\/idckohtao.com\/de\/wp-json\/wp\/v2\/users\/1"}],"replies":[{"embeddable":true,"href":"https:\/\/idckohtao.com\/de\/wp-json\/wp\/v2\/comments?post=1953"}],"version-history":[{"count":1,"href":"https:\/\/idckohtao.com\/de\/wp-json\/wp\/v2\/pages\/1953\/revisions"}],"predecessor-version":[{"id":7719,"href":"https:\/\/idckohtao.com\/de\/wp-json\/wp\/v2\/pages\/1953\/revisions\/7719"}],"wp:featuredmedia":[{"embeddable":true,"href":"https:\/\/idckohtao.com\/de\/wp-json\/wp\/v2\/media\/5056"}],"wp:attachment":[{"href":"https:\/\/idckohtao.com\/de\/wp-json\/wp\/v2\/media?parent=1953"}],"curies":[{"name":"wp","href":"https:\/\/api.w.org\/{rel}","templated":true}]}}