{"id":1958,"date":"2023-08-09T07:58:41","date_gmt":"2023-08-09T07:58:41","guid":{"rendered":"https:\/\/idckohtao.com\/scuba-diving-internships\/"},"modified":"2023-09-16T22:10:04","modified_gmt":"2023-09-16T22:10:04","slug":"scuba-diving-internships","status":"publish","type":"page","link":"https:\/\/idckohtao.com\/de\/pro-level-courses\/scuba-diving-internships\/","title":{"rendered":"Tauch-Internships"},"content":{"rendered":"<div class=\"wpb-content-wrapper\"><p>[vc_row][vc_column][vc_column_text]<\/p>\n<h2>Unsere PADI Tauch-Internships geben dir reale Welterfahrung<\/h2>\n<h2>Moderne und flexible Tauch-Internships<\/h2>\n<p>IDC Koh Tao befindet sich im\u00a0Black Turtle Dive Center\u00a0und bietet flexible Tauchpraktika f\u00fcr diejenigen an, die \u00fcber einen l\u00e4ngeren Zeitraum das Tauchen lernen m\u00f6chten.<\/p>\n<p>Wir bieten das gesamte Spektrum an Praktika und k\u00f6nnen dein\u00a0<a href=\"https:\/\/idckohtao.com\/de\/padi-diving-courses\/\">Tauchausbildungsprogramm<\/a>\u00a0an deine Bed\u00fcrfnisse und deinen Zeitrahmen anpassen.<\/p>\n<p>Wir bieten Anf\u00e4ngern und Fortgeschrittenen die M\u00f6glichkeit, mit unserem professionellen Tauchtrainingsteam zusammenzuarbeiten, um dich zu einem selbstbewussteren und kompetenteren Taucher auszubilden.<\/p>\n<p>Gelegen am Strand an der Westk\u00fcste von Koh Tao bietet IDC Koh Tao die perfekte Umgebung f\u00fcr Tauchausbildung und zum Genu\u00df von Koh Taos weltbekannten Sonnenunterg\u00e4ngen.<\/p>\n<p>Was auch immer deine momentane Zertifizierungsstufe sein sollte, wir bieten ma\u00dfgeschneiderte \u201eAll-Inclusive\u201c <a href=\"https:\/\/idckohtao.com\/de\/pro-level-courses\/padi-instructor-development-course\/\">PADI Tauchlehrer<\/a>&#8211; und <a href=\"https:\/\/www.blackturtledive.com\/scuba-diving-internship\/divemaster-internship\/\">Divemaster-Internship-Programme<\/a> an. Diese sind ideal, wenn du nach einem Wechsel deines <a href=\"https:\/\/idckohtao.com\/de\/lifestyle-packages\/\">Lebensstils<\/a>, einem Karrierewechsel oder einer Auszeit in Thailand suchst.<\/p>\n<p>Wenn du nach Abenteuer, Spa\u00df, Aufregung, einer neuen Herausforderung, einem Erfolgserlebnis mit gro\u00dfer pers\u00f6nlicher Befriedigung suchst, dann sind unsere Tauch-Internships f\u00fcr dich genau richtig.<\/p>\n<p>Wenn du ein <a href=\"https:\/\/idckohtao.com\/de\/pro-level-courses\/padi-divemaster-course\/\">aufstrebender Tauchprofi bist<\/a>, wird dich unsere preisgekr\u00f6nte Tauchausbildung auf den richtigen Weg bringen, mit reeller Unterrichtserfahrung unterst\u00fctzt von einem Team erfahrener <a href=\"https:\/\/idckohtao.com\/de\/pro-level-courses\/padi-master-instructor\/\">Master Instructors<\/a> &amp; <a href=\"https:\/\/idckohtao.com\/padi-course-director-matt-bolton\/\">Course Directors<\/a>.<\/p>\n<h2>Hochqualifizierte &amp; arbeitsf\u00e4hige PADI Profis<\/h2>\n<p>Unsere \u2018All-Inclusive\u2019 Tauch-Internships bieten weit mehr als das Abhaken von Boxen f\u00fcr Zertifizierungen. Zus\u00e4tzlich zu den Standard-Ausbildungsanforderungen bist du als ein Intern ein wertvolles Mitglied des Teams.<\/p>\n<p>Bei der Arbeit an der Seite unserer erfahrenen Mitarbeiter kannst du Erfahrung in der realen Welt erwarten, welche dir hilft, dich zu dem hochqualifizierten und anstellf\u00e4higen Tauchprofi zu formen, nach dem du strebst.<\/p>\n<p>Es gibt viele Tauchcenter-Eigent\u00fcmer, PADI Course Directors inklusive PADI Mitarbeiter, welche ihre professionelle Ausbildung bei <a href=\"https:\/\/idckohtao.com\/why-choose-idc-koh-tao\/\">IDC Koh Tao<\/a> absolviert haben. Sobald ein potentieller Arbeitgeber auf deinem Lebenslauf sieht, da\u00df du bei IDC Koh Tao ausgebildet wurdest, k\u00f6nnen sie versichert sein, da\u00df deine Ausbildung nach den h\u00f6chsten Standards erfolgte.<\/p>\n<h2><img decoding=\"async\" class=\"alignnone wp-image-686 size-large\" src=\"https:\/\/idckohtao.com\/wp-content\/uploads\/2023\/08\/idckohtao.com-padi-instructor-development-course-and-instructor-internship-on-kohtao-sunset-mae-haad-beach-1024x683.jpg\" alt=\"idckohtao.com-padi-instructor-development-course-and-instructor-internship-on-kohtao-sunset-mae-haad-beach\" width=\"1024\" height=\"683\" srcset=\"https:\/\/idckohtao.com\/wp-content\/uploads\/2023\/08\/idckohtao.com-padi-instructor-development-course-and-instructor-internship-on-kohtao-sunset-mae-haad-beach-1024x683.jpg 1024w, https:\/\/idckohtao.com\/wp-content\/uploads\/2023\/08\/idckohtao.com-padi-instructor-development-course-and-instructor-internship-on-kohtao-sunset-mae-haad-beach-300x200.jpg 300w, https:\/\/idckohtao.com\/wp-content\/uploads\/2023\/08\/idckohtao.com-padi-instructor-development-course-and-instructor-internship-on-kohtao-sunset-mae-haad-beach-768x512.jpg 768w, https:\/\/idckohtao.com\/wp-content\/uploads\/2023\/08\/idckohtao.com-padi-instructor-development-course-and-instructor-internship-on-kohtao-sunset-mae-haad-beach.jpg 1080w\" sizes=\"(max-width: 1024px) 100vw, 1024px\" \/><\/h2>\n<h2>Meeresnaturschutz-Initiativen<\/h2>\n<p>Unser hausinternes <a href=\"https:\/\/idckohtao.com\/de\/marine-conservation\/\">Eco Naturschutzteam<\/a> \u2018Eco Koh Tao\u2019 ist eine f\u00fchrende Organisation im Bereich des <a href=\"https:\/\/www.thefunkyturtle.com\/de\/conservation\/marine-conservation\/\">Meeres-Naturschutzes<\/a> in S\u00fcdostasien und f\u00fchrt jederzeit eine Vielzahl von Projekten durch.<\/p>\n<p>Als verantwortliche Tauchprofis glauben wir, da\u00df es essentiell ist, da\u00df Taucher ein gutes Verst\u00e4ndnis davon haben, wie wir die Umwelt beeinflussen und ihre nat\u00fcrlichen Ressourcen bewahren k\u00f6nnen. Wir integrieren ein <a href=\"https:\/\/www.blackturtledive.com\/scuba-diving-internship\/marine-conservation-internship\/\">Meeres-Naturschutzprogramm<\/a> in allen unseren Tauch-Internships.<\/p>\n<h2>Flexible PADI Tauch-Internships<\/h2>\n<p>Mit 20 Jahren Erfahrung in der Tauchindustrie und <a href=\"https:\/\/idckohtao.com\/why-choose-koh-tao\/\">gelegen auf Koh Tao<\/a>, der weltweiten Nummer Eins in der Tauchausbildung, wissen wir, da\u00df jeder Kandidat individuelle Anspr\u00fcche hat.<\/p>\n<p>Wir betreiben ein \u201cFlexi-Schedule\u201d System um dir zu helfen, deine Zeit bei uns deinen Anforderungen entsprechend zu planen. Unsere Internships sind ma\u00dfgeschneidert auf eine Weise, die deinem Terminkalender und deinen Pl\u00e4nen entspricht.<\/p>\n<p>Nat\u00fcrlich m\u00fcssen innerhalb dieses Zeitrahmens alle Leistungsanforderungen f\u00fcr die Zertifizierung erf\u00fcllt werden und wir k\u00f6nnen uns auf die genauen Details und das komplette Programm vor <a href=\"https:\/\/idckohtao.com\/why-choose-koh-tao\/\">deiner Anreise verst\u00e4ndigen<\/a>.<\/p>\n<p><img decoding=\"async\" class=\"alignnone wp-image-312 size-large\" src=\"https:\/\/idckohtao.com\/wp-content\/uploads\/2023\/08\/idckohtao.com-padi-instructor-development-course-and-scuba-diving-internship-lifestyle-packages-on-kohtao-crystal-dive-pools-1024x683.jpg\" alt=\"idckohtao.com-padi-instructor-development-course-and-scuba-diving-internship-lifestyle-packages-on-kohtao-crystal-dive-pools\" width=\"1024\" height=\"683\" srcset=\"https:\/\/idckohtao.com\/wp-content\/uploads\/2023\/08\/idckohtao.com-padi-instructor-development-course-and-scuba-diving-internship-lifestyle-packages-on-kohtao-crystal-dive-pools-1024x683.jpg 1024w, https:\/\/idckohtao.com\/wp-content\/uploads\/2023\/08\/idckohtao.com-padi-instructor-development-course-and-scuba-diving-internship-lifestyle-packages-on-kohtao-crystal-dive-pools-300x200.jpg 300w, https:\/\/idckohtao.com\/wp-content\/uploads\/2023\/08\/idckohtao.com-padi-instructor-development-course-and-scuba-diving-internship-lifestyle-packages-on-kohtao-crystal-dive-pools-768x512.jpg 768w, https:\/\/idckohtao.com\/wp-content\/uploads\/2023\/08\/idckohtao.com-padi-instructor-development-course-and-scuba-diving-internship-lifestyle-packages-on-kohtao-crystal-dive-pools.jpg 1080w\" sizes=\"(max-width: 1024px) 100vw, 1024px\" \/><\/p>\n<h2>Warum IDC Koh Tao w\u00e4hlen?<\/h2>\n<ul>\n<li>Multi Award Winning PADI Course Directors<\/li>\n<li>Meistausgezeichnetes PADI-Tauchcenter auf Koh Tao<br \/>\nTauchversicherung auf Profi-Level<\/li>\n<li>Real Life Working Internship Programm<\/li>\n<li>Ma\u00dfgeschneiderter &amp; flexibler Ablauf<\/li>\n<li>Dedizierte Programmkoordinatoren<\/li>\n<li>F\u00fchrend in Meeres-Naturschutz<\/li>\n<li>Alle Anlagen befinden sich direkt im Center<\/li>\n<li>Unterwasser Videografiekurse<\/li>\n<li>PADI Freediving Kurse<\/li>\n<li>5 Sterne preisgekr\u00f6ntes Career Development Center (CDC)<\/li>\n<\/ul>\n<p>IDC Koh Tao ist einem 5 Sterne preisgekr\u00f6nten Career Development Center (CDC). Was auch immer dein professionelles Streben sein sollte, wir k\u00f6nnen dir ein ma\u00dfgeschneidertes und einzigartiges Internship Paket bieten. F\u00fcr weitere Details schaue bitte auf unserer FAQ-Seite nach oder sende uns eine Nachricht.[\/vc_column_text]<div class=\"text-left\"><div class=\"bt-course-price\"><a href=\"https:\/\/idckohtao.com\/de\/packages-prices\/#internship\" class=\"button\">ONLINE BUCHEN<\/a><\/div><\/div>[\/vc_column][\/vc_row]<\/p>\n<\/div>","protected":false},"excerpt":{"rendered":"<p>[vc_row][vc_column][vc_column_text] Unsere PADI Tauch-Internships geben dir reale Welterfahrung Moderne und flexible Tauch-Internships IDC Koh Tao befindet sich im\u00a0Black Turtle Dive Center\u00a0und bietet flexible Tauchpraktika f\u00fcr diejenigen an, die \u00fcber einen l\u00e4ngeren Zeitraum das Tauchen lernen m\u00f6chten. Wir bieten das gesamte Spektrum an Praktika und k\u00f6nnen dein\u00a0Tauchausbildungsprogramm\u00a0an deine Bed\u00fcrfnisse und deinen Zeitrahmen anpassen. Wir bieten Anf\u00e4ngern [&hellip;]<\/p>\n","protected":false},"author":1,"featured_media":5214,"parent":7935,"menu_order":0,"comment_status":"closed","ping_status":"closed","template":"","meta":{"_acf_changed":false,"footnotes":""},"class_list":["post-1958","page","type-page","status-publish","has-post-thumbnail","hentry"],"acf":[],"yoast_head":"<!-- This site is optimized with the Yoast SEO Premium plugin v27.5 (Yoast SEO v27.5) - https:\/\/yoast.com\/product\/yoast-seo-premium-wordpress\/ -->\n<title>IDC Koh Tao | PADI Tauch-Internships Thailand<\/title>\n<meta name=\"description\" content=\"PADI Scuba Tauch Internships auf Koh Tao, Thailand. Komplette Tauch Internship Kurse bis PADI Divemaster und PADI Instructor in Koh Tao, Thailand\" \/>\n<meta name=\"robots\" content=\"index, follow, max-snippet:-1, max-image-preview:large, max-video-preview:-1\" \/>\n<link rel=\"canonical\" href=\"https:\/\/idckohtao.com\/de\/pro-level-courses\/scuba-diving-internships\/\" \/>\n<meta property=\"og:locale\" content=\"de_DE\" \/>\n<meta property=\"og:type\" content=\"article\" \/>\n<meta property=\"og:title\" content=\"IDC Koh Tao | PADI Tauch-Internships Thailand\" \/>\n<meta property=\"og:description\" content=\"PADI Scuba Tauch Internships auf Koh Tao, Thailand. Komplette Tauch Internship Kurse bis PADI Divemaster und PADI Instructor in Koh Tao, Thailand\" \/>\n<meta property=\"og:url\" content=\"https:\/\/idckohtao.com\/de\/pro-level-courses\/scuba-diving-internships\/\" \/>\n<meta property=\"og:site_name\" content=\"IDC Koh Tao\" \/>\n<meta property=\"article:publisher\" content=\"https:\/\/www.facebook.com\/GoProIDCKohTao\" \/>\n<meta property=\"article:modified_time\" content=\"2023-09-16T22:10:04+00:00\" \/>\n<meta property=\"og:image\" content=\"https:\/\/idckohtao.com\/wp-content\/uploads\/2023\/08\/padi-idc-koh-tao-idc-pool-training-course-director-lifestyle-packages.jpg\" \/>\n\t<meta property=\"og:image:width\" content=\"1042\" \/>\n\t<meta property=\"og:image:height\" content=\"630\" \/>\n\t<meta property=\"og:image:type\" content=\"image\/jpeg\" \/>\n<meta name=\"twitter:card\" content=\"summary_large_image\" \/>\n<meta name=\"twitter:title\" content=\"IDC Koh Tao | PADI Tauch-Internships Thailand\" \/>\n<meta name=\"twitter:description\" content=\"PADI Scuba Tauch Internships auf Koh Tao, Thailand. Komplette Tauch Internship Kurse bis PADI Divemaster und PADI Instructor in Koh Tao, Thailand\" \/>\n<meta name=\"twitter:image\" content=\"https:\/\/idckohtao.com\/wp-content\/uploads\/2023\/08\/padi-idc-koh-tao-idc-pool-training-course-director-lifestyle-packages.jpg\" \/>\n<meta name=\"twitter:site\" content=\"@GoProIDCKohTao\" \/>\n<!-- \/ Yoast SEO Premium plugin. -->","yoast_head_json":{"title":"IDC Koh Tao | PADI Tauch-Internships Thailand","description":"PADI Scuba Tauch Internships auf Koh Tao, Thailand. Komplette Tauch Internship Kurse bis PADI Divemaster und PADI Instructor in Koh Tao, Thailand","robots":{"index":"index","follow":"follow","max-snippet":"max-snippet:-1","max-image-preview":"max-image-preview:large","max-video-preview":"max-video-preview:-1"},"canonical":"https:\/\/idckohtao.com\/de\/pro-level-courses\/scuba-diving-internships\/","og_locale":"de_DE","og_type":"article","og_title":"IDC Koh Tao | PADI Tauch-Internships Thailand","og_description":"PADI Scuba Tauch Internships auf Koh Tao, Thailand. Komplette Tauch Internship Kurse bis PADI Divemaster und PADI Instructor in Koh Tao, Thailand","og_url":"https:\/\/idckohtao.com\/de\/pro-level-courses\/scuba-diving-internships\/","og_site_name":"IDC Koh Tao","article_publisher":"https:\/\/www.facebook.com\/GoProIDCKohTao","article_modified_time":"2023-09-16T22:10:04+00:00","og_image":[{"width":1042,"height":630,"url":"https:\/\/idckohtao.com\/wp-content\/uploads\/2023\/08\/padi-idc-koh-tao-idc-pool-training-course-director-lifestyle-packages.jpg","type":"image\/jpeg"}],"twitter_card":"summary_large_image","twitter_title":"IDC Koh Tao | PADI Tauch-Internships Thailand","twitter_description":"PADI Scuba Tauch Internships auf Koh Tao, Thailand. Komplette Tauch Internship Kurse bis PADI Divemaster und PADI Instructor in Koh Tao, Thailand","twitter_image":"https:\/\/idckohtao.com\/wp-content\/uploads\/2023\/08\/padi-idc-koh-tao-idc-pool-training-course-director-lifestyle-packages.jpg","twitter_site":"@GoProIDCKohTao","schema":{"@context":"https:\/\/schema.org","@graph":[{"@type":"NewsArticle","@id":"https:\/\/idckohtao.com\/de\/pro-level-courses\/scuba-diving-internships\/#article","isPartOf":{"@id":"https:\/\/idckohtao.com\/de\/pro-level-courses\/scuba-diving-internships\/"},"author":{"name":"ojasya","@id":"https:\/\/idckohtao.com\/de\/#\/schema\/person\/d08d557cbfdbc171f824052dae697b02"},"headline":"Tauch-Internships","datePublished":"2023-08-09T07:58:41+00:00","dateModified":"2023-09-16T22:10:04+00:00","mainEntityOfPage":{"@id":"https:\/\/idckohtao.com\/de\/pro-level-courses\/scuba-diving-internships\/"},"wordCount":615,"publisher":{"@id":"https:\/\/idckohtao.com\/de\/#organization"},"image":{"@id":"https:\/\/idckohtao.com\/de\/pro-level-courses\/scuba-diving-internships\/#primaryimage"},"thumbnailUrl":"https:\/\/idckohtao.com\/wp-content\/uploads\/2023\/09\/idckohtao.com-scuba-internships-in-thailand.jpg","inLanguage":"de"},{"@type":"WebPage","@id":"https:\/\/idckohtao.com\/de\/pro-level-courses\/scuba-diving-internships\/","url":"https:\/\/idckohtao.com\/de\/pro-level-courses\/scuba-diving-internships\/","name":"IDC Koh Tao | PADI Tauch-Internships Thailand","isPartOf":{"@id":"https:\/\/idckohtao.com\/de\/#website"},"primaryImageOfPage":{"@id":"https:\/\/idckohtao.com\/de\/pro-level-courses\/scuba-diving-internships\/#primaryimage"},"image":{"@id":"https:\/\/idckohtao.com\/de\/pro-level-courses\/scuba-diving-internships\/#primaryimage"},"thumbnailUrl":"https:\/\/idckohtao.com\/wp-content\/uploads\/2023\/09\/idckohtao.com-scuba-internships-in-thailand.jpg","datePublished":"2023-08-09T07:58:41+00:00","dateModified":"2023-09-16T22:10:04+00:00","description":"PADI Scuba Tauch Internships auf Koh Tao, Thailand. Komplette Tauch Internship Kurse bis PADI Divemaster und PADI Instructor in Koh Tao, Thailand","breadcrumb":{"@id":"https:\/\/idckohtao.com\/de\/pro-level-courses\/scuba-diving-internships\/#breadcrumb"},"inLanguage":"de","potentialAction":[{"@type":"ReadAction","target":["https:\/\/idckohtao.com\/de\/pro-level-courses\/scuba-diving-internships\/"]}]},{"@type":"ImageObject","inLanguage":"de","@id":"https:\/\/idckohtao.com\/de\/pro-level-courses\/scuba-diving-internships\/#primaryimage","url":"https:\/\/idckohtao.com\/wp-content\/uploads\/2023\/09\/idckohtao.com-scuba-internships-in-thailand.jpg","contentUrl":"https:\/\/idckohtao.com\/wp-content\/uploads\/2023\/09\/idckohtao.com-scuba-internships-in-thailand.jpg","width":1200,"height":900,"caption":"Scuba Internships in Thailand"},{"@type":"BreadcrumbList","@id":"https:\/\/idckohtao.com\/de\/pro-level-courses\/scuba-diving-internships\/#breadcrumb","itemListElement":[{"@type":"ListItem","position":1,"name":"Home","item":"https:\/\/idckohtao.com\/de\/"},{"@type":"ListItem","position":2,"name":"Pro level","item":"https:\/\/idckohtao.com\/de\/pro-level-courses\/"},{"@type":"ListItem","position":3,"name":"Tauch-Internships"}]},{"@type":"WebSite","@id":"https:\/\/idckohtao.com\/de\/#website","url":"https:\/\/idckohtao.com\/de\/","name":"IDC Koh Tao","description":"PADI IDC 5 Star Diving Center in Koh Tao - Thailand","publisher":{"@id":"https:\/\/idckohtao.com\/de\/#organization"},"alternateName":"IDC Koh Tao in Thailand","potentialAction":[{"@type":"SearchAction","target":{"@type":"EntryPoint","urlTemplate":"https:\/\/idckohtao.com\/de\/?s={search_term_string}"},"query-input":{"@type":"PropertyValueSpecification","valueRequired":true,"valueName":"search_term_string"}}],"inLanguage":"de"},{"@type":"Organization","@id":"https:\/\/idckohtao.com\/de\/#organization","name":"IDC Koh Tao","alternateName":"IDC Koh Tao | Divemaster & Diving Instructor","url":"https:\/\/idckohtao.com\/de\/","logo":{"@type":"ImageObject","inLanguage":"de","@id":"https:\/\/idckohtao.com\/de\/#\/schema\/logo\/image\/","url":"https:\/\/idckohtao.com\/wp-content\/uploads\/2023\/09\/idckohtao.com-padi-diving-center-in-koh-tao-thailand.png","contentUrl":"https:\/\/idckohtao.com\/wp-content\/uploads\/2023\/09\/idckohtao.com-padi-diving-center-in-koh-tao-thailand.png","width":400,"height":300,"caption":"IDC Koh Tao"},"image":{"@id":"https:\/\/idckohtao.com\/de\/#\/schema\/logo\/image\/"},"sameAs":["https:\/\/www.facebook.com\/GoProIDCKohTao","https:\/\/x.com\/GoProIDCKohTao","https:\/\/www.youtube.com\/idckohtao","https:\/\/www.instagram.com\/idc.kohtao\/"],"description":"IDC Koh Tao is a part of the Black Turtle Dive pro level training team with three PADI Course Directors being led by Award Winning PADI Course Director Matt Bolton. Our full range of pro and recreational PADI Diving Courses provides aspiring scuba divers with education, fun, excitement, adventure, and a change of lifestyle or an opportunity to pursue a new career.","email":"info@idckohtao.com","legalName":"IDC Koh Tao","foundingDate":"2004-01-04","numberOfEmployees":{"@type":"QuantitativeValue","minValue":"1","maxValue":"10"},"correctionsPolicy":"https:\/\/idckohtao.com\/privacy-policy\/","ethicsPolicy":"https:\/\/idckohtao.com\/terms\/"},{"@type":"Person","@id":"https:\/\/idckohtao.com\/de\/#\/schema\/person\/d08d557cbfdbc171f824052dae697b02","name":"ojasya","image":{"@type":"ImageObject","inLanguage":"de","@id":"https:\/\/secure.gravatar.com\/avatar\/6fb34e36d09053a6545fc21d344613321bb1933f185132488f38052166f5a001?s=96&d=mm&r=g","url":"https:\/\/secure.gravatar.com\/avatar\/6fb34e36d09053a6545fc21d344613321bb1933f185132488f38052166f5a001?s=96&d=mm&r=g","contentUrl":"https:\/\/secure.gravatar.com\/avatar\/6fb34e36d09053a6545fc21d344613321bb1933f185132488f38052166f5a001?s=96&d=mm&r=g","caption":"ojasya"},"sameAs":["https:\/\/idckohtao.com"],"url":"https:\/\/idckohtao.com\/de\/blog\/author\/ojasya\/"}]}},"_links":{"self":[{"href":"https:\/\/idckohtao.com\/de\/wp-json\/wp\/v2\/pages\/1958","targetHints":{"allow":["GET"]}}],"collection":[{"href":"https:\/\/idckohtao.com\/de\/wp-json\/wp\/v2\/pages"}],"about":[{"href":"https:\/\/idckohtao.com\/de\/wp-json\/wp\/v2\/types\/page"}],"author":[{"embeddable":true,"href":"https:\/\/idckohtao.com\/de\/wp-json\/wp\/v2\/users\/1"}],"replies":[{"embeddable":true,"href":"https:\/\/idckohtao.com\/de\/wp-json\/wp\/v2\/comments?post=1958"}],"version-history":[{"count":0,"href":"https:\/\/idckohtao.com\/de\/wp-json\/wp\/v2\/pages\/1958\/revisions"}],"up":[{"embeddable":true,"href":"https:\/\/idckohtao.com\/de\/wp-json\/wp\/v2\/pages\/7935"}],"wp:featuredmedia":[{"embeddable":true,"href":"https:\/\/idckohtao.com\/de\/wp-json\/wp\/v2\/media\/5214"}],"wp:attachment":[{"href":"https:\/\/idckohtao.com\/de\/wp-json\/wp\/v2\/media?parent=1958"}],"curies":[{"name":"wp","href":"https:\/\/api.w.org\/{rel}","templated":true}]}}