{"id":1961,"date":"2023-08-11T08:01:01","date_gmt":"2023-08-11T08:01:01","guid":{"rendered":"https:\/\/idckohtao.com\/search-recovery-instructor-specialty\/"},"modified":"2026-01-01T09:24:53","modified_gmt":"2026-01-01T09:24:53","slug":"search-recovery-instructor-specialty","status":"publish","type":"page","link":"https:\/\/idckohtao.com\/de\/pro-level-courses\/search-recovery-instructor-specialty\/","title":{"rendered":"Suchen &#038; Bergen Spezialist Instructorkurs"},"content":{"rendered":"<div class=\"wpb-content-wrapper\"><p>[vc_row][vc_column][vc_column_text css=&#8220;&#8220;]<\/p>\n<h2>PADI Spezialist Instructorkurs in Koh Tao<\/h2>\n<p>Falls ihr jemals etwas von einem Boot oder w\u00e4hrend eines Tauchgangs verloren habt und es wiederfinden wollt, m\u00fc\u00dft ihr verstehen, wie eine pr\u00e4zise Such- und Bergungsaktion organisiert, geplant und durchgef\u00fchrt wird.<\/p>\n<p>Es gibt einen gro\u00dfen Unterschied zwischen einem Haufen von Tauchern, welche willk\u00fcrlich nach etwas unter Wasser schauen und einer organisierten Suche unter Nutzung der richtigen Techniken f\u00fcr Suchen und Bergen. Wie du zu Werke gehst, wird den Unterschied zwischen Erfolg und Mi\u00dferfolg ausmachen.<\/p>\n<p>Als ein PADI Suchen &amp; Bergen Spezialkurs Instructor wirst du deinen Tauchsch\u00fclern effektive Wege f\u00fcr die Suche nach Objekten unter Wasser beibringen und ihre Erfolgschance erh\u00f6hen, diese zu finden.<\/p>\n<p>Du wirst ebenso die verschiedenen Hebetechniken unterrichten, welche genutzt werden, um Objekte verschiedener Gr\u00f6\u00dfe und Form sicher an die Oberfl\u00e4che zu bringen. Suchen &amp; Bergen kann anspruchsvoll sein, aber ist auch eine Menge Spa\u00df.<\/p>\n<p><img decoding=\"async\" class=\"alignnone wp-image-966 size-large\" src=\"https:\/\/idckohtao.com\/wp-content\/uploads\/2023\/08\/crystal-dive-koh-tao-divemaster-open-water-workshops-rig-and-lift-1024x768.jpg\" alt=\"crystal-dive-koh-tao-divemaster-open-water-workshops-rig-and-lift\" width=\"1024\" height=\"768\" srcset=\"https:\/\/idckohtao.com\/wp-content\/uploads\/2023\/08\/crystal-dive-koh-tao-divemaster-open-water-workshops-rig-and-lift-1024x768.jpg 1024w, https:\/\/idckohtao.com\/wp-content\/uploads\/2023\/08\/crystal-dive-koh-tao-divemaster-open-water-workshops-rig-and-lift-300x225.jpg 300w, https:\/\/idckohtao.com\/wp-content\/uploads\/2023\/08\/crystal-dive-koh-tao-divemaster-open-water-workshops-rig-and-lift-768x576.jpg 768w, https:\/\/idckohtao.com\/wp-content\/uploads\/2023\/08\/crystal-dive-koh-tao-divemaster-open-water-workshops-rig-and-lift.jpg 1080w\" sizes=\"(max-width: 1024px) 100vw, 1024px\" \/><\/p>\n<p><strong>Suchen &amp; Bergen rund um Koh Tao<\/strong><\/p>\n<p>Die verschiedenen Topografien, Tiefen und Bedingungen der Tauchpl\u00e4tze rund um Koh Tao machen es zu einem perfekten Platz f\u00fcr Suchen &amp; Bergen Tauchg\u00e4nge. Als ein PADI Suchen &amp; Bergen Spezialkurs Tauchlehrer wirst du \u00dcbungen mit deinen Tauchsch\u00fclern durchf\u00fchren, welche Probleme, Gefahren und Techniken identifizieren, die in Suche, Navigation und Hebeverfahren angewendet werden.<\/p>\n<p>An einem f\u00fcr diese Ausbildungsart geeigneten Tauchplatz wirst du Unterwasser-Suchmuster mit Kompass und nat\u00fcrlicher Navigation durchf\u00fchren. Zus\u00e4tzlich wirst du Hebes\u00e4cke und andere Bergungsmethoden nutzen, die sich f\u00fcr die sichere Bergung von Objekten verschiedener Gr\u00f6\u00dfe und Form eignen. Nach Abschlu\u00df dieses Kurses wirst du der Spezialkurs-Tauchlehrer sein, mit dem jedermann tauchen will.<\/p>\n<p><strong>Wer kann sich f\u00fcr den PADI Suchen &amp; Bergen Spezialist Instructor Kurs anmelden?<\/strong><\/p>\n<p>Ein\u00a0<a href=\"https:\/\/idckohtao.com\/de\/pro-level-courses\/padi-instructor-development-course\/\">PADI Open Water Scuba Instructor (OWSI)<\/a>\u00a0im aktiven Status.<\/p>\n<p>Anmerkung: IDC \/ OWSI Kandidaten k\u00f6nnen an einem PADI Suchen &amp; Bergen Spezialist Instructorkurs teilnehmen, k\u00f6nnen sich f\u00fcr die Zertifizierung als Spezialist-Tauchlehrer jedoch erst nach erfolgreicher Tauchlehrerpr\u00fcfung (IE) anmelden.<\/p>\n<p>Suchen &amp; Bergen-Spezialkurs Tauchlehrer m\u00fcssen eine Ausbildung bei einem PADI Course Director belegt haben und vor Zertifizierung nachweisen.<\/p>\n<h2>Was wirst du lernen?<\/h2>\n<p>Du wirst an den folgenden Einheiten teilnehmen:<\/p>\n<ul>\n<li>Eine Klassenzimmerpr\u00e4sentation \u00fcber die Wiederholungsfragen des Suchen &amp; Bergen-Spezialkurses geben<\/li>\n<li>Standards, Prozeduren und Ablauf des Suchen &amp; Bergen -Spezialkurses<\/li>\n<li>Organisation und Durchf\u00fchrung des PADI Suchen &amp; Bergen -Spezialkurs<\/li>\n<li>Freiwasserausbildung \u2013 Demonstration, Durchf\u00fchrung und Bewertung von Tauchsch\u00fcler-Fertigkeiten des Suchen &amp; Bergen-Spezialkurses.<\/li>\n<\/ul>\n<p>Du wirst die Freiwassertauchg\u00e4nge an einem der zahlreichen geeigneten lokalen Tauchpl\u00e4tze machen. ou will complete the open water training dives at one or more of the many local dive sites suitable for this type of training.<\/p>\n<p>Als PADI Suchen &amp; Bergen Instructor bist du zertifiziert, um den PADI Suchen &amp; Bergen Spezialkurs selbst\u00e4ndig zu unterrichten.<\/p>\n<p><img decoding=\"async\" class=\"alignnone wp-image-965 size-large\" src=\"https:\/\/idckohtao.com\/wp-content\/uploads\/2023\/08\/crystal-dive-koh-tao-tying-knots-inflate-lift-bag-1024x768.jpg\" alt=\"crystal-dive-koh-tao-tying-knots-inflate-lift-bag\" width=\"1024\" height=\"768\" srcset=\"https:\/\/idckohtao.com\/wp-content\/uploads\/2023\/08\/crystal-dive-koh-tao-tying-knots-inflate-lift-bag-1024x768.jpg 1024w, https:\/\/idckohtao.com\/wp-content\/uploads\/2023\/08\/crystal-dive-koh-tao-tying-knots-inflate-lift-bag-300x225.jpg 300w, https:\/\/idckohtao.com\/wp-content\/uploads\/2023\/08\/crystal-dive-koh-tao-tying-knots-inflate-lift-bag-768x576.jpg 768w, https:\/\/idckohtao.com\/wp-content\/uploads\/2023\/08\/crystal-dive-koh-tao-tying-knots-inflate-lift-bag.jpg 1080w\" sizes=\"(max-width: 1024px) 100vw, 1024px\" \/>[\/vc_column_text]<div class=\"text-left\"><div class=\"bt-course-price\"><h4>Kurspreis: 4,000 THB<\/h4><a href=\"https:\/\/idckohtao.com\/de\/packages-prices\" class=\"button\">ONLINE BUCHEN<\/a><\/div><\/div>[vc_column_text]<\/p>\n<h3>PADI Materialien<\/h3>\n<p><i>Bitte bringe die folgenden Materialien mit. Du hast diese als Teil deines IDC Crewpack erhalten. \u2013 PADI Spezialkurs Instructor Manual (CD-Rom)<\/i><\/p>\n<p>Zus\u00e4tzlich ben\u00f6tigst du ein Exemplar des PADI Instructor Manual. Seit 2010 steht dieses f\u00fcr PADI Mitglieder im aktiven Status als kostenloser Download unter diesem Link zur Verf\u00fcgung:<a href=\"https:\/\/www.padi.com\/mypadi\/\" target=\"_blank\" rel=\"noopener\"> www.padi.com\/mypadi<\/a><\/p>\n<h3>PADI Geb\u00fchren<\/h3>\n<p>PADI Suchen &amp; Bergen Instructor Anmeldung: AUD$ 145[\/vc_column_text][\/vc_column][\/vc_row]<\/p>\n<\/div>","protected":false},"excerpt":{"rendered":"<p>[vc_row][vc_column][vc_column_text css=&#8220;&#8220;] PADI Spezialist Instructorkurs in Koh Tao Falls ihr jemals etwas von einem Boot oder w\u00e4hrend eines Tauchgangs verloren habt und es wiederfinden wollt, m\u00fc\u00dft ihr verstehen, wie eine pr\u00e4zise Such- und Bergungsaktion organisiert, geplant und durchgef\u00fchrt wird. Es gibt einen gro\u00dfen Unterschied zwischen einem Haufen von Tauchern, welche willk\u00fcrlich nach etwas unter Wasser [&hellip;]<\/p>\n","protected":false},"author":1,"featured_media":5110,"parent":7935,"menu_order":0,"comment_status":"closed","ping_status":"closed","template":"","meta":{"_acf_changed":false,"footnotes":""},"class_list":["post-1961","page","type-page","status-publish","has-post-thumbnail","hentry"],"acf":[],"yoast_head":"<!-- This site is optimized with the Yoast SEO Premium plugin v27.5 (Yoast SEO v27.5) - https:\/\/yoast.com\/product\/yoast-seo-premium-wordpress\/ -->\n<title>IDC Koh Tao | PADI Suchen und Bergen Spezialist Kurs<\/title>\n<meta name=\"description\" content=\"Unser PADI Suchen und Bergen Spezialist Instructor Kurs auf Koh Tao zertifiziert dich, Tauchsch\u00fclern effektive Wege f\u00fcr Scuh- und Bergungsaktionen unter Wasser zu zeigen\" \/>\n<meta name=\"robots\" content=\"index, follow, max-snippet:-1, max-image-preview:large, max-video-preview:-1\" \/>\n<link rel=\"canonical\" href=\"https:\/\/idckohtao.com\/de\/pro-level-courses\/search-recovery-instructor-specialty\/\" \/>\n<meta property=\"og:locale\" content=\"de_DE\" \/>\n<meta property=\"og:type\" content=\"article\" \/>\n<meta property=\"og:title\" content=\"IDC Koh Tao | PADI Suchen und Bergen Spezialist Kurs\" \/>\n<meta property=\"og:description\" content=\"Unser PADI Suchen und Bergen Spezialist Instructor Kurs auf Koh Tao zertifiziert dich, Tauchsch\u00fclern effektive Wege f\u00fcr Scuh- und Bergungsaktionen unter Wasser zu zeigen\" \/>\n<meta property=\"og:url\" content=\"https:\/\/idckohtao.com\/de\/pro-level-courses\/search-recovery-instructor-specialty\/\" \/>\n<meta property=\"og:site_name\" content=\"IDC Koh Tao\" \/>\n<meta property=\"article:publisher\" content=\"https:\/\/www.facebook.com\/GoProIDCKohTao\" \/>\n<meta property=\"article:modified_time\" content=\"2026-01-01T09:24:53+00:00\" \/>\n<meta property=\"og:image\" content=\"https:\/\/idckohtao.com\/wp-content\/uploads\/2023\/09\/idckohtao.com-search-and-recovery-specialty-instructor-koh-tao.jpeg\" \/>\n\t<meta property=\"og:image:width\" content=\"1200\" \/>\n\t<meta property=\"og:image:height\" content=\"900\" \/>\n\t<meta property=\"og:image:type\" content=\"image\/jpeg\" \/>\n<meta name=\"twitter:card\" content=\"summary_large_image\" \/>\n<meta name=\"twitter:title\" content=\"IDC Koh Tao | PADI Suchen und Bergen Spezialist Kurs\" \/>\n<meta name=\"twitter:description\" content=\"Unser PADI Suchen und Bergen Spezialist Instructor Kurs auf Koh Tao zertifiziert dich, Tauchsch\u00fclern effektive Wege f\u00fcr Scuh- und Bergungsaktionen unter Wasser zu zeigen\" \/>\n<meta name=\"twitter:site\" content=\"@GoProIDCKohTao\" \/>\n<!-- \/ Yoast SEO Premium plugin. -->","yoast_head_json":{"title":"IDC Koh Tao | PADI Suchen und Bergen Spezialist Kurs","description":"Unser PADI Suchen und Bergen Spezialist Instructor Kurs auf Koh Tao zertifiziert dich, Tauchsch\u00fclern effektive Wege f\u00fcr Scuh- und Bergungsaktionen unter Wasser zu zeigen","robots":{"index":"index","follow":"follow","max-snippet":"max-snippet:-1","max-image-preview":"max-image-preview:large","max-video-preview":"max-video-preview:-1"},"canonical":"https:\/\/idckohtao.com\/de\/pro-level-courses\/search-recovery-instructor-specialty\/","og_locale":"de_DE","og_type":"article","og_title":"IDC Koh Tao | PADI Suchen und Bergen Spezialist Kurs","og_description":"Unser PADI Suchen und Bergen Spezialist Instructor Kurs auf Koh Tao zertifiziert dich, Tauchsch\u00fclern effektive Wege f\u00fcr Scuh- und Bergungsaktionen unter Wasser zu zeigen","og_url":"https:\/\/idckohtao.com\/de\/pro-level-courses\/search-recovery-instructor-specialty\/","og_site_name":"IDC Koh Tao","article_publisher":"https:\/\/www.facebook.com\/GoProIDCKohTao","article_modified_time":"2026-01-01T09:24:53+00:00","og_image":[{"width":1200,"height":900,"url":"https:\/\/idckohtao.com\/wp-content\/uploads\/2023\/09\/idckohtao.com-search-and-recovery-specialty-instructor-koh-tao.jpeg","type":"image\/jpeg"}],"twitter_card":"summary_large_image","twitter_title":"IDC Koh Tao | PADI Suchen und Bergen Spezialist Kurs","twitter_description":"Unser PADI Suchen und Bergen Spezialist Instructor Kurs auf Koh Tao zertifiziert dich, Tauchsch\u00fclern effektive Wege f\u00fcr Scuh- und Bergungsaktionen unter Wasser zu zeigen","twitter_site":"@GoProIDCKohTao","schema":{"@context":"https:\/\/schema.org","@graph":[{"@type":"NewsArticle","@id":"https:\/\/idckohtao.com\/de\/pro-level-courses\/search-recovery-instructor-specialty\/#article","isPartOf":{"@id":"https:\/\/idckohtao.com\/de\/pro-level-courses\/search-recovery-instructor-specialty\/"},"author":{"name":"ojasya","@id":"https:\/\/idckohtao.com\/de\/#\/schema\/person\/d08d557cbfdbc171f824052dae697b02"},"headline":"Suchen &#038; Bergen Spezialist Instructorkurs","datePublished":"2023-08-11T08:01:01+00:00","dateModified":"2026-01-01T09:24:53+00:00","mainEntityOfPage":{"@id":"https:\/\/idckohtao.com\/de\/pro-level-courses\/search-recovery-instructor-specialty\/"},"wordCount":563,"publisher":{"@id":"https:\/\/idckohtao.com\/de\/#organization"},"image":{"@id":"https:\/\/idckohtao.com\/de\/pro-level-courses\/search-recovery-instructor-specialty\/#primaryimage"},"thumbnailUrl":"https:\/\/idckohtao.com\/wp-content\/uploads\/2023\/09\/idckohtao.com-search-and-recovery-specialty-instructor-koh-tao.jpeg","inLanguage":"de"},{"@type":"WebPage","@id":"https:\/\/idckohtao.com\/de\/pro-level-courses\/search-recovery-instructor-specialty\/","url":"https:\/\/idckohtao.com\/de\/pro-level-courses\/search-recovery-instructor-specialty\/","name":"IDC Koh Tao | PADI Suchen und Bergen Spezialist Kurs","isPartOf":{"@id":"https:\/\/idckohtao.com\/de\/#website"},"primaryImageOfPage":{"@id":"https:\/\/idckohtao.com\/de\/pro-level-courses\/search-recovery-instructor-specialty\/#primaryimage"},"image":{"@id":"https:\/\/idckohtao.com\/de\/pro-level-courses\/search-recovery-instructor-specialty\/#primaryimage"},"thumbnailUrl":"https:\/\/idckohtao.com\/wp-content\/uploads\/2023\/09\/idckohtao.com-search-and-recovery-specialty-instructor-koh-tao.jpeg","datePublished":"2023-08-11T08:01:01+00:00","dateModified":"2026-01-01T09:24:53+00:00","description":"Unser PADI Suchen und Bergen Spezialist Instructor Kurs auf Koh Tao zertifiziert dich, Tauchsch\u00fclern effektive Wege f\u00fcr Scuh- und Bergungsaktionen unter Wasser zu zeigen","breadcrumb":{"@id":"https:\/\/idckohtao.com\/de\/pro-level-courses\/search-recovery-instructor-specialty\/#breadcrumb"},"inLanguage":"de","potentialAction":[{"@type":"ReadAction","target":["https:\/\/idckohtao.com\/de\/pro-level-courses\/search-recovery-instructor-specialty\/"]}]},{"@type":"ImageObject","inLanguage":"de","@id":"https:\/\/idckohtao.com\/de\/pro-level-courses\/search-recovery-instructor-specialty\/#primaryimage","url":"https:\/\/idckohtao.com\/wp-content\/uploads\/2023\/09\/idckohtao.com-search-and-recovery-specialty-instructor-koh-tao.jpeg","contentUrl":"https:\/\/idckohtao.com\/wp-content\/uploads\/2023\/09\/idckohtao.com-search-and-recovery-specialty-instructor-koh-tao.jpeg","width":1200,"height":900,"caption":"Search & Recovery Instructor Specialty course in Thailand"},{"@type":"BreadcrumbList","@id":"https:\/\/idckohtao.com\/de\/pro-level-courses\/search-recovery-instructor-specialty\/#breadcrumb","itemListElement":[{"@type":"ListItem","position":1,"name":"Home","item":"https:\/\/idckohtao.com\/de\/"},{"@type":"ListItem","position":2,"name":"Pro level","item":"https:\/\/idckohtao.com\/de\/pro-level-courses\/"},{"@type":"ListItem","position":3,"name":"Suchen &#038; Bergen Spezialist Instructorkurs"}]},{"@type":"WebSite","@id":"https:\/\/idckohtao.com\/de\/#website","url":"https:\/\/idckohtao.com\/de\/","name":"IDC Koh Tao","description":"PADI IDC 5 Star Diving Center in Koh Tao - Thailand","publisher":{"@id":"https:\/\/idckohtao.com\/de\/#organization"},"alternateName":"IDC Koh Tao in Thailand","potentialAction":[{"@type":"SearchAction","target":{"@type":"EntryPoint","urlTemplate":"https:\/\/idckohtao.com\/de\/?s={search_term_string}"},"query-input":{"@type":"PropertyValueSpecification","valueRequired":true,"valueName":"search_term_string"}}],"inLanguage":"de"},{"@type":"Organization","@id":"https:\/\/idckohtao.com\/de\/#organization","name":"IDC Koh Tao","alternateName":"IDC Koh Tao | Divemaster & Diving Instructor","url":"https:\/\/idckohtao.com\/de\/","logo":{"@type":"ImageObject","inLanguage":"de","@id":"https:\/\/idckohtao.com\/de\/#\/schema\/logo\/image\/","url":"https:\/\/idckohtao.com\/wp-content\/uploads\/2023\/09\/idckohtao.com-padi-diving-center-in-koh-tao-thailand.png","contentUrl":"https:\/\/idckohtao.com\/wp-content\/uploads\/2023\/09\/idckohtao.com-padi-diving-center-in-koh-tao-thailand.png","width":400,"height":300,"caption":"IDC Koh Tao"},"image":{"@id":"https:\/\/idckohtao.com\/de\/#\/schema\/logo\/image\/"},"sameAs":["https:\/\/www.facebook.com\/GoProIDCKohTao","https:\/\/x.com\/GoProIDCKohTao","https:\/\/www.youtube.com\/idckohtao","https:\/\/www.instagram.com\/idc.kohtao\/"],"description":"IDC Koh Tao is a part of the Black Turtle Dive pro level training team with three PADI Course Directors being led by Award Winning PADI Course Director Matt Bolton. Our full range of pro and recreational PADI Diving Courses provides aspiring scuba divers with education, fun, excitement, adventure, and a change of lifestyle or an opportunity to pursue a new career.","email":"info@idckohtao.com","legalName":"IDC Koh Tao","foundingDate":"2004-01-04","numberOfEmployees":{"@type":"QuantitativeValue","minValue":"1","maxValue":"10"},"correctionsPolicy":"https:\/\/idckohtao.com\/privacy-policy\/","ethicsPolicy":"https:\/\/idckohtao.com\/terms\/"},{"@type":"Person","@id":"https:\/\/idckohtao.com\/de\/#\/schema\/person\/d08d557cbfdbc171f824052dae697b02","name":"ojasya","image":{"@type":"ImageObject","inLanguage":"de","@id":"https:\/\/secure.gravatar.com\/avatar\/6fb34e36d09053a6545fc21d344613321bb1933f185132488f38052166f5a001?s=96&d=mm&r=g","url":"https:\/\/secure.gravatar.com\/avatar\/6fb34e36d09053a6545fc21d344613321bb1933f185132488f38052166f5a001?s=96&d=mm&r=g","contentUrl":"https:\/\/secure.gravatar.com\/avatar\/6fb34e36d09053a6545fc21d344613321bb1933f185132488f38052166f5a001?s=96&d=mm&r=g","caption":"ojasya"},"sameAs":["https:\/\/idckohtao.com"],"url":"https:\/\/idckohtao.com\/de\/blog\/author\/ojasya\/"}]}},"_links":{"self":[{"href":"https:\/\/idckohtao.com\/de\/wp-json\/wp\/v2\/pages\/1961","targetHints":{"allow":["GET"]}}],"collection":[{"href":"https:\/\/idckohtao.com\/de\/wp-json\/wp\/v2\/pages"}],"about":[{"href":"https:\/\/idckohtao.com\/de\/wp-json\/wp\/v2\/types\/page"}],"author":[{"embeddable":true,"href":"https:\/\/idckohtao.com\/de\/wp-json\/wp\/v2\/users\/1"}],"replies":[{"embeddable":true,"href":"https:\/\/idckohtao.com\/de\/wp-json\/wp\/v2\/comments?post=1961"}],"version-history":[{"count":2,"href":"https:\/\/idckohtao.com\/de\/wp-json\/wp\/v2\/pages\/1961\/revisions"}],"predecessor-version":[{"id":7569,"href":"https:\/\/idckohtao.com\/de\/wp-json\/wp\/v2\/pages\/1961\/revisions\/7569"}],"up":[{"embeddable":true,"href":"https:\/\/idckohtao.com\/de\/wp-json\/wp\/v2\/pages\/7935"}],"wp:featuredmedia":[{"embeddable":true,"href":"https:\/\/idckohtao.com\/de\/wp-json\/wp\/v2\/media\/5110"}],"wp:attachment":[{"href":"https:\/\/idckohtao.com\/de\/wp-json\/wp\/v2\/media?parent=1961"}],"curies":[{"name":"wp","href":"https:\/\/api.w.org\/{rel}","templated":true}]}}