{"id":1964,"date":"2023-08-10T08:39:18","date_gmt":"2023-08-10T08:39:18","guid":{"rendered":"https:\/\/idckohtao.com\/sidemount-instructor-specialty\/"},"modified":"2026-01-01T09:33:47","modified_gmt":"2026-01-01T09:33:47","slug":"sidemount-instructor-specialty","status":"publish","type":"page","link":"https:\/\/idckohtao.com\/de\/pro-level-courses\/sidemount-instructor-specialty\/","title":{"rendered":"Sidemount Spezialkurs Ausbilder"},"content":{"rendered":"<div class=\"wpb-content-wrapper\"><p>[vc_row][vc_column][vc_column_text css=&#8220;&#8220;]<\/p>\n<h2>PADI Sidemount Diver Speziallehrerkurs Koh Tao<\/h2>\n<p>Verdoppel deine Tanks, verdoppel deine Luft, verdoppel deine Tauchzeit! Das Tauchen mit einer Sidemount-Konfiguration (seitlich angebracht) war noch nie so gefragt.<\/p>\n<p>Es gibt viele\u00a0<a href=\"https:\/\/idckohtao.com\/de\/\">Taucher<\/a>, die aufgrund des Luftverbrauchs nicht in der Lage sind, den gesamten Tauchplatz zu entdecken. Oder eben, wie wir alle einfach gerne l\u04d3nger unter Wasser bleiben w\u00fcrden.<\/p>\n<p>Mit einer Sidemount Konfiguration kannst du nicht nur deine Tauchzeit maximieren, sondern auch sicherer tauchen.<\/p>\n<p>Hast du mehr Luft f\u00fcr den Tauchgang, kannst du auch deinen Tauchgang so planen, dass du im unwahrscheinlichen Fall eines<\/p>\n<p>Ausr\u00fcstungsmangels oder eines Tauchproblems eine gr\u04e7\u00dfere Reserve f\u00fcr dich, oder auch deinen Tauchpartner zur Verf\u00fcgung hast.<\/p>\n<p>Der Kurs zeigt dir, wie du Probleme unter Wasser effizienter bew\u04d3ltigen und dich unter Wasser sicherer f\u00fchlen kannst.<\/p>\n<p>F\u00fcr andere Taucher mag es ein gesundheitlicher Vorteil sein. Da sich die Konfiguration an der Seite des Tauchers befindet, wird das Gewicht vom R\u00fccken genommen. Dies kann eine Schmerzlinderungsoption f\u00fcr viele Menschen, die unter R\u00fcckenproblemen leiden sein.<\/p>\n<p>Als Ausbilder f\u00fcr PADI Sidemount Spezialkurse bringst du deinen Tauchsch\u00fclern bei, wie sie sich mehr auf ihren Trimm, eine besssere Effizienz des Kick-Styles und vor allem auf ihre neutrale Tarrierung konzentrieren k\u04e7nnen.<\/p>\n<p>Die F\u04d3higkeit neutralen\u00a0<a href=\"https:\/\/idckohtao.com\/de\/blog\/the-importance-of-neutral-buoyancy-as-a-dive-professional\/\">Auftrieb vollst\u04d3ndig zu beherrschen<\/a>, ist nicht nur eine Kernkompetenz f\u00fcr jeden Taucher, sondern f\u04e7rdert auch ein positives Bewusstsein deiner Umgebung unter Wasser.<\/p>\n<h3>Sidemount Tauchen auf Koh Tao<\/h3>\n<p>Mit \u00fcber\u00a0<a href=\"https:\/\/idckohtao.com\/de\/fun-diving-koh-tao\/\">26 Tauchpl\u04d3tzen<\/a>, aus denen du das ganze Jahr \u00fcber ausw\u04d3hlen kannst, bietet Koh Tao eine riesen Anzahl an Topografien und Tiefen und eignet sich perfekt f\u00fcr eine Sidemount-Konfiguration.<\/p>\n<p>Es gibt eine riesige Liste von Optionen beim\u00a0<a href=\"https:\/\/idckohtao.com\/de\/why-choose-koh-tao\/\">Tauchen in den Gew\u04d3ssern um Koh Tao<\/a>, wie: perfekte flache Standorte f\u00fcr Trainingsworkshops, tiefe Standorte f\u00fcr ein entspanntes Tauchen und ein Wrack, um das hineinschwimmen mit einer neutraler Tarrierung zu perfektionieren.<\/p>\n<p>Als PADI Sidemount Spezialkurs Ausbilder wird jeder Kurs, den du unterrichtest, mit der Freiheit, die Sidemount dir gibt, v\u04e7llig anders sein.<\/p>\n<p><img decoding=\"async\" class=\"alignnone wp-image-860 size-large\" src=\"https:\/\/idckohtao.com\/wp-content\/uploads\/2023\/08\/idckohtao.com-padi-course-director-1-1-1024x819.jpg\" alt=\"idckohtao.com-padi-course-director \" width=\"1024\" height=\"819\" srcset=\"https:\/\/idckohtao.com\/wp-content\/uploads\/2023\/08\/idckohtao.com-padi-course-director-1-1-1024x819.jpg 1024w, https:\/\/idckohtao.com\/wp-content\/uploads\/2023\/08\/idckohtao.com-padi-course-director-1-1-300x240.jpg 300w, https:\/\/idckohtao.com\/wp-content\/uploads\/2023\/08\/idckohtao.com-padi-course-director-1-1-768x614.jpg 768w, https:\/\/idckohtao.com\/wp-content\/uploads\/2023\/08\/idckohtao.com-padi-course-director-1-1.jpg 1500w\" sizes=\"(max-width: 1024px) 100vw, 1024px\" \/><\/p>\n<h3>Ausbilder zum PADI Sidemount Spezialkurs \u2013 Wer kann sich anmelden?<b><br \/>\n<\/b><\/h3>\n<p>Ein angemeldeter\u00a0<a href=\"https:\/\/idckohtao.com\/de\/pro-level-courses\/padi-instructor-development-course\/\">PADI Open Water Scuba Instructor (OWSI)<\/a><\/p>\n<p><strong>Hinweis:<\/strong>\u00a0IDC \/ OWSI \u2013 Teilnehmer (Tauchlehrerkurs Teilnehmer) k\u04e7nnen am Schulungskurs f\u00fcr Ausbilder zum PADI Sidemount Spezialkurs teilnehmen, sich jedoch erst nach Bestehen der Abschlusspr\u00fcfung f\u00fcr die Spezialausbilder Zertifizierung anmelden.<\/p>\n<p>PADI Sidemount Taucher, oder einen gleichwertigen Abschluss einer anderen Organisation, mit mindestens 10 Sidemount Tauchg\u04d3ngen.<\/p>\n<p><strong>Hinweis:<\/strong>\u00a0Dies ist eine Voraussetzung f\u00fcr den Abschluss des Kurses. Die Tauchg\u04d3nge k\u04e7nnen auch nach dem Ausbildertraining abgeschlossen werden.<\/p>\n<h3>PADI Sidemount Ausbilderkurs \u2013 Was du lernst?<b><br \/>\n<\/b><\/h3>\n<p>Du wirst an folgenden Sitzungen teilnehmen:<\/p>\n<ul>\n<li>Zweck und Ziele des PADI Sidemount Kurses<\/li>\n<li>PADI Sidemount Diver Kursstandards und Verfahren, einschlie\u00dflich Voraussetzungen f\u00fcr Ausbilder und Sch\u00fcler, Aufsicht, Verh\u04d3ltnisse, Standorttiefen und Stunden<\/li>\n<li>\u00dcberlegungen zum PADI Sidemount Taucher Training im offenen Wasser<\/li>\n<li>Anforderungen an die Ausr\u00fcstung von PADI Sidemount Taucher Ausbilder &amp; Sch\u00fcler<\/li>\n<li>Wie man PADI Sidemount Taucher Spezialkurse durchf\u00fchrt, damit Sch\u00fcler alle Leistungsanforderungen erf\u00fcllen k\u04e7nnen<\/li>\n<\/ul>\n<p>Du absolvierst die\u00a0<a href=\"https:\/\/idckohtao.com\/de\/pro-level-courses\/master-scuba-diver-trainer-program\/\">Trainingstauchg\u04d3nge im offenen Wasser<\/a>\u00a0an einem von mehreren lokalen Tauchpl\u04d3tzen, die f\u00fcr dieses Training perfekt geeignet sind.<\/p>\n<p>Als Ausbilder f\u00fcr den PADI Sidemount Taucher Spezialkurs bist du zertifiziert, den PADI Sidemount Taucher Spezialkurs unabh\u04d3ngig zu unterrichten.<\/p>\n<h3>PADI Materialien<\/h3>\n<p><i>Bitte bringe die folgenden Materialien, inklusive deines PADI Spezialkurs-Ausbilder Handbuchs mit. Du hast diese w\u04d3hrend deines Tauchlehrerkurses in deinem \u201eCrew Pack\u201c erhalten.<br \/>\n<\/i><\/p>\n<p>Dar\u00fcber hinaus ben\u04e7tigst du eine Kopie des PADI Ausbilder Handbuchs. Ab 2010 steht das Ausbilder Handbuch allen angemeldeten PADI Mitgliedern, unter\u00a0<a href=\"https:\/\/www.padi.com\/mypadi\/\" target=\"_blank\" rel=\"noopener\">www.padi.com\/mypadi<\/a>, als kostenloser Download zur Verf\u00fcgung.<\/p>\n<p><b>PADI Geb\u00fchren<br \/>\n<\/b><\/p>\n<p>Die Anmeldege\u00fchr f\u00fcr den Ausbilder zum PADI Sidemount Spezialkurs:\u00a0<strong>$ AUD 145<\/strong>[\/vc_column_text]<div class=\"text-left\"><div class=\"bt-course-price\"><h4>Preis auf Anfrage<\/h4><a href=\"https:\/\/idckohtao.com\/de\/contact\" class=\"button\">NACHRICHT AN UNS<\/a><\/div><\/div>[\/vc_column][\/vc_row]<\/p>\n<\/div>","protected":false},"excerpt":{"rendered":"<p>[vc_row][vc_column][vc_column_text css=&#8220;&#8220;] PADI Sidemount Diver Speziallehrerkurs Koh Tao Verdoppel deine Tanks, verdoppel deine Luft, verdoppel deine Tauchzeit! Das Tauchen mit einer Sidemount-Konfiguration (seitlich angebracht) war noch nie so gefragt. Es gibt viele\u00a0Taucher, die aufgrund des Luftverbrauchs nicht in der Lage sind, den gesamten Tauchplatz zu entdecken. Oder eben, wie wir alle einfach gerne l\u04d3nger unter [&hellip;]<\/p>\n","protected":false},"author":1,"featured_media":4613,"parent":7935,"menu_order":0,"comment_status":"closed","ping_status":"closed","template":"","meta":{"_acf_changed":false,"footnotes":""},"class_list":["post-1964","page","type-page","status-publish","has-post-thumbnail","hentry"],"acf":[],"yoast_head":"<!-- This site is optimized with the Yoast SEO Premium plugin v27.5 (Yoast SEO v27.5) - https:\/\/yoast.com\/product\/yoast-seo-premium-wordpress\/ -->\n<title>PADI Sidemount Spezialkurs Ausbilder \/ IDC Koh Tao<\/title>\n<meta name=\"description\" content=\"Als PADI Sidemount Spezialkurs Ausbilder bringst du deinen Tauchsch\u0178lern bei, wie sie einen perfekten Trimm, ihre Effizienz im Flossenschlag und eine ausgezeichnete Tarrierungskontrolle erlernen k\u0161nnen\" \/>\n<meta name=\"robots\" content=\"index, follow, max-snippet:-1, max-image-preview:large, max-video-preview:-1\" \/>\n<link rel=\"canonical\" href=\"https:\/\/idckohtao.com\/de\/pro-level-courses\/sidemount-instructor-specialty\/\" \/>\n<meta property=\"og:locale\" content=\"de_DE\" \/>\n<meta property=\"og:type\" content=\"article\" \/>\n<meta property=\"og:title\" content=\"PADI Sidemount Spezialkurs Ausbilder \/ IDC Koh Tao\" \/>\n<meta property=\"og:description\" content=\"Als PADI Sidemount Spezialkurs Ausbilder bringst du deinen Tauchsch\u0178lern bei, wie sie einen perfekten Trimm, ihre Effizienz im Flossenschlag und eine ausgezeichnete Tarrierungskontrolle erlernen k\u0161nnen\" \/>\n<meta property=\"og:url\" content=\"https:\/\/idckohtao.com\/de\/pro-level-courses\/sidemount-instructor-specialty\/\" \/>\n<meta property=\"og:site_name\" content=\"IDC Koh Tao\" \/>\n<meta property=\"article:publisher\" content=\"https:\/\/www.facebook.com\/GoProIDCKohTao\" \/>\n<meta property=\"article:modified_time\" content=\"2026-01-01T09:33:47+00:00\" \/>\n<meta property=\"og:image\" content=\"https:\/\/idckohtao.com\/wp-content\/uploads\/2023\/09\/idckohtao.com-sidemount-diving-courses-in-thailand.jpeg\" \/>\n\t<meta property=\"og:image:width\" content=\"1200\" \/>\n\t<meta property=\"og:image:height\" content=\"900\" \/>\n\t<meta property=\"og:image:type\" content=\"image\/jpeg\" \/>\n<meta name=\"twitter:card\" content=\"summary_large_image\" \/>\n<meta name=\"twitter:title\" content=\"PADI Sidemount Spezialkurs Ausbilder \/ IDC Koh Tao\" \/>\n<meta name=\"twitter:description\" content=\"Als PADI Sidemount Spezialkurs Ausbilder bringst du deinen Tauchsch\u0178lern bei, wie sie einen perfekten Trimm, ihre Effizienz im Flossenschlag und eine ausgezeichnete Tarrierungskontrolle erlernen k\u0161nnen\" \/>\n<meta name=\"twitter:site\" content=\"@GoProIDCKohTao\" \/>\n<!-- \/ Yoast SEO Premium plugin. -->","yoast_head_json":{"title":"PADI Sidemount Spezialkurs Ausbilder \/ IDC Koh Tao","description":"Als PADI Sidemount Spezialkurs Ausbilder bringst du deinen Tauchsch\u0178lern bei, wie sie einen perfekten Trimm, ihre Effizienz im Flossenschlag und eine ausgezeichnete Tarrierungskontrolle erlernen k\u0161nnen","robots":{"index":"index","follow":"follow","max-snippet":"max-snippet:-1","max-image-preview":"max-image-preview:large","max-video-preview":"max-video-preview:-1"},"canonical":"https:\/\/idckohtao.com\/de\/pro-level-courses\/sidemount-instructor-specialty\/","og_locale":"de_DE","og_type":"article","og_title":"PADI Sidemount Spezialkurs Ausbilder \/ IDC Koh Tao","og_description":"Als PADI Sidemount Spezialkurs Ausbilder bringst du deinen Tauchsch\u0178lern bei, wie sie einen perfekten Trimm, ihre Effizienz im Flossenschlag und eine ausgezeichnete Tarrierungskontrolle erlernen k\u0161nnen","og_url":"https:\/\/idckohtao.com\/de\/pro-level-courses\/sidemount-instructor-specialty\/","og_site_name":"IDC Koh Tao","article_publisher":"https:\/\/www.facebook.com\/GoProIDCKohTao","article_modified_time":"2026-01-01T09:33:47+00:00","og_image":[{"width":1200,"height":900,"url":"https:\/\/idckohtao.com\/wp-content\/uploads\/2023\/09\/idckohtao.com-sidemount-diving-courses-in-thailand.jpeg","type":"image\/jpeg"}],"twitter_card":"summary_large_image","twitter_title":"PADI Sidemount Spezialkurs Ausbilder \/ IDC Koh Tao","twitter_description":"Als PADI Sidemount Spezialkurs Ausbilder bringst du deinen Tauchsch\u0178lern bei, wie sie einen perfekten Trimm, ihre Effizienz im Flossenschlag und eine ausgezeichnete Tarrierungskontrolle erlernen k\u0161nnen","twitter_site":"@GoProIDCKohTao","schema":{"@context":"https:\/\/schema.org","@graph":[{"@type":"NewsArticle","@id":"https:\/\/idckohtao.com\/de\/pro-level-courses\/sidemount-instructor-specialty\/#article","isPartOf":{"@id":"https:\/\/idckohtao.com\/de\/pro-level-courses\/sidemount-instructor-specialty\/"},"author":{"name":"ojasya","@id":"https:\/\/idckohtao.com\/de\/#\/schema\/person\/d08d557cbfdbc171f824052dae697b02"},"headline":"Sidemount Spezialkurs Ausbilder","datePublished":"2023-08-10T08:39:18+00:00","dateModified":"2026-01-01T09:33:47+00:00","mainEntityOfPage":{"@id":"https:\/\/idckohtao.com\/de\/pro-level-courses\/sidemount-instructor-specialty\/"},"wordCount":647,"publisher":{"@id":"https:\/\/idckohtao.com\/de\/#organization"},"image":{"@id":"https:\/\/idckohtao.com\/de\/pro-level-courses\/sidemount-instructor-specialty\/#primaryimage"},"thumbnailUrl":"https:\/\/idckohtao.com\/wp-content\/uploads\/2023\/09\/idckohtao.com-sidemount-diving-courses-in-thailand.jpeg","inLanguage":"de"},{"@type":"WebPage","@id":"https:\/\/idckohtao.com\/de\/pro-level-courses\/sidemount-instructor-specialty\/","url":"https:\/\/idckohtao.com\/de\/pro-level-courses\/sidemount-instructor-specialty\/","name":"PADI Sidemount Spezialkurs Ausbilder \/ IDC Koh Tao","isPartOf":{"@id":"https:\/\/idckohtao.com\/de\/#website"},"primaryImageOfPage":{"@id":"https:\/\/idckohtao.com\/de\/pro-level-courses\/sidemount-instructor-specialty\/#primaryimage"},"image":{"@id":"https:\/\/idckohtao.com\/de\/pro-level-courses\/sidemount-instructor-specialty\/#primaryimage"},"thumbnailUrl":"https:\/\/idckohtao.com\/wp-content\/uploads\/2023\/09\/idckohtao.com-sidemount-diving-courses-in-thailand.jpeg","datePublished":"2023-08-10T08:39:18+00:00","dateModified":"2026-01-01T09:33:47+00:00","description":"Als PADI Sidemount Spezialkurs Ausbilder bringst du deinen Tauchsch\u0178lern bei, wie sie einen perfekten Trimm, ihre Effizienz im Flossenschlag und eine ausgezeichnete Tarrierungskontrolle erlernen k\u0161nnen","breadcrumb":{"@id":"https:\/\/idckohtao.com\/de\/pro-level-courses\/sidemount-instructor-specialty\/#breadcrumb"},"inLanguage":"de","potentialAction":[{"@type":"ReadAction","target":["https:\/\/idckohtao.com\/de\/pro-level-courses\/sidemount-instructor-specialty\/"]}]},{"@type":"ImageObject","inLanguage":"de","@id":"https:\/\/idckohtao.com\/de\/pro-level-courses\/sidemount-instructor-specialty\/#primaryimage","url":"https:\/\/idckohtao.com\/wp-content\/uploads\/2023\/09\/idckohtao.com-sidemount-diving-courses-in-thailand.jpeg","contentUrl":"https:\/\/idckohtao.com\/wp-content\/uploads\/2023\/09\/idckohtao.com-sidemount-diving-courses-in-thailand.jpeg","width":1200,"height":900,"caption":"PADI Sidemount Specialty Instructor Course in Thailand"},{"@type":"BreadcrumbList","@id":"https:\/\/idckohtao.com\/de\/pro-level-courses\/sidemount-instructor-specialty\/#breadcrumb","itemListElement":[{"@type":"ListItem","position":1,"name":"Home","item":"https:\/\/idckohtao.com\/de\/"},{"@type":"ListItem","position":2,"name":"Pro level","item":"https:\/\/idckohtao.com\/de\/pro-level-courses\/"},{"@type":"ListItem","position":3,"name":"Sidemount Spezialkurs Ausbilder"}]},{"@type":"WebSite","@id":"https:\/\/idckohtao.com\/de\/#website","url":"https:\/\/idckohtao.com\/de\/","name":"IDC Koh Tao","description":"PADI IDC 5 Star Diving Center in Koh Tao - Thailand","publisher":{"@id":"https:\/\/idckohtao.com\/de\/#organization"},"alternateName":"IDC Koh Tao in Thailand","potentialAction":[{"@type":"SearchAction","target":{"@type":"EntryPoint","urlTemplate":"https:\/\/idckohtao.com\/de\/?s={search_term_string}"},"query-input":{"@type":"PropertyValueSpecification","valueRequired":true,"valueName":"search_term_string"}}],"inLanguage":"de"},{"@type":"Organization","@id":"https:\/\/idckohtao.com\/de\/#organization","name":"IDC Koh Tao","alternateName":"IDC Koh Tao | Divemaster & Diving Instructor","url":"https:\/\/idckohtao.com\/de\/","logo":{"@type":"ImageObject","inLanguage":"de","@id":"https:\/\/idckohtao.com\/de\/#\/schema\/logo\/image\/","url":"https:\/\/idckohtao.com\/wp-content\/uploads\/2023\/09\/idckohtao.com-padi-diving-center-in-koh-tao-thailand.png","contentUrl":"https:\/\/idckohtao.com\/wp-content\/uploads\/2023\/09\/idckohtao.com-padi-diving-center-in-koh-tao-thailand.png","width":400,"height":300,"caption":"IDC Koh Tao"},"image":{"@id":"https:\/\/idckohtao.com\/de\/#\/schema\/logo\/image\/"},"sameAs":["https:\/\/www.facebook.com\/GoProIDCKohTao","https:\/\/x.com\/GoProIDCKohTao","https:\/\/www.youtube.com\/idckohtao","https:\/\/www.instagram.com\/idc.kohtao\/"],"description":"IDC Koh Tao is a part of the Black Turtle Dive pro level training team with three PADI Course Directors being led by Award Winning PADI Course Director Matt Bolton. Our full range of pro and recreational PADI Diving Courses provides aspiring scuba divers with education, fun, excitement, adventure, and a change of lifestyle or an opportunity to pursue a new career.","email":"info@idckohtao.com","legalName":"IDC Koh Tao","foundingDate":"2004-01-04","numberOfEmployees":{"@type":"QuantitativeValue","minValue":"1","maxValue":"10"},"correctionsPolicy":"https:\/\/idckohtao.com\/privacy-policy\/","ethicsPolicy":"https:\/\/idckohtao.com\/terms\/"},{"@type":"Person","@id":"https:\/\/idckohtao.com\/de\/#\/schema\/person\/d08d557cbfdbc171f824052dae697b02","name":"ojasya","image":{"@type":"ImageObject","inLanguage":"de","@id":"https:\/\/secure.gravatar.com\/avatar\/6fb34e36d09053a6545fc21d344613321bb1933f185132488f38052166f5a001?s=96&d=mm&r=g","url":"https:\/\/secure.gravatar.com\/avatar\/6fb34e36d09053a6545fc21d344613321bb1933f185132488f38052166f5a001?s=96&d=mm&r=g","contentUrl":"https:\/\/secure.gravatar.com\/avatar\/6fb34e36d09053a6545fc21d344613321bb1933f185132488f38052166f5a001?s=96&d=mm&r=g","caption":"ojasya"},"sameAs":["https:\/\/idckohtao.com"],"url":"https:\/\/idckohtao.com\/de\/blog\/author\/ojasya\/"}]}},"_links":{"self":[{"href":"https:\/\/idckohtao.com\/de\/wp-json\/wp\/v2\/pages\/1964","targetHints":{"allow":["GET"]}}],"collection":[{"href":"https:\/\/idckohtao.com\/de\/wp-json\/wp\/v2\/pages"}],"about":[{"href":"https:\/\/idckohtao.com\/de\/wp-json\/wp\/v2\/types\/page"}],"author":[{"embeddable":true,"href":"https:\/\/idckohtao.com\/de\/wp-json\/wp\/v2\/users\/1"}],"replies":[{"embeddable":true,"href":"https:\/\/idckohtao.com\/de\/wp-json\/wp\/v2\/comments?post=1964"}],"version-history":[{"count":2,"href":"https:\/\/idckohtao.com\/de\/wp-json\/wp\/v2\/pages\/1964\/revisions"}],"predecessor-version":[{"id":7574,"href":"https:\/\/idckohtao.com\/de\/wp-json\/wp\/v2\/pages\/1964\/revisions\/7574"}],"up":[{"embeddable":true,"href":"https:\/\/idckohtao.com\/de\/wp-json\/wp\/v2\/pages\/7935"}],"wp:featuredmedia":[{"embeddable":true,"href":"https:\/\/idckohtao.com\/de\/wp-json\/wp\/v2\/media\/4613"}],"wp:attachment":[{"href":"https:\/\/idckohtao.com\/de\/wp-json\/wp\/v2\/media?parent=1964"}],"curies":[{"name":"wp","href":"https:\/\/api.w.org\/{rel}","templated":true}]}}