{"id":1967,"date":"2023-08-11T08:48:34","date_gmt":"2023-08-11T08:48:34","guid":{"rendered":"https:\/\/idckohtao.com\/underwater-naturalist-instructor-specialty\/"},"modified":"2026-01-01T09:46:57","modified_gmt":"2026-01-01T09:46:57","slug":"underwater-naturalist-instructor-specialty","status":"publish","type":"page","link":"https:\/\/idckohtao.com\/de\/pro-level-courses\/underwater-naturalist-instructor-specialty\/","title":{"rendered":"Unterwasser Naturalist Spezialist Instructorkurs"},"content":{"rendered":"<div class=\"wpb-content-wrapper\"><p>[vc_row][vc_column][vc_column_text]<\/p>\n<h2>MSDT \u2022 PADI Spezialist Instructorkurs, Koh Tao, Thailand<\/h2>\n<p>W\u00fcrdest du gerne deinen Tauchsch\u00fclern mehr \u00fcber das Meeres-\u00d6kosystem beibringen und sicherstellen, da\u00df du alle ihre Fragen zu Themen wie verschiedenen aquatischen Lebensgruppierungen und deren Interaktion beantworten kannst?<\/p>\n<p>W\u00fcrdest du gerne die Kenntnisse haben, um sicherzustellen, da\u00df deine Tauchsch\u00fcler wirklich verstehen, was sie in der Unterwasserwelt beobachten?<\/p>\n<p><b>Vielfalt von Leben rund um Koh Tao<\/b><\/p>\n<p>Koh Tao bietet eine Vielfalt von verschiedensten Unterwasserlebewesen und Tauchpl\u00e4tzen von flachen Riffen bis zu tiefen Granitfelsen unter Wasser. Es gibt eine Menge von idealen Tauchpl\u00e4tzen, um diesen popul\u00e4ren Spezialkurs durchzuf\u00fchren.<\/p>\n<p>Der PADI Unterwasser Naturalist Spezialkurs kann \u00fcber einen Tag durchgef\u00fchrt werden. Du wirst deine Tauchsch\u00fcler unterrichten, wie sie aquatische \u00d6kosysteme objektiv betrachten und ihnen helfen, die verschachtelten Interkationen und Beziehungen zwischen Wasserorganismen zu verstehen.<\/p>\n<p>Der PADI Unterwasser Naturalist Spezialkurs verlangt, da\u00df deine Tauchsch\u00fcler zwei Arten von Unterwasserpflanzen, vier Arten von Wirbeltieren und vier Arten von wirbellosen Tieren identifizieren und dar\u00fcber hinaus eine Reihe von Wechselbeziehungen zur Symbiose finden und identifizieren.<\/p>\n<p><img decoding=\"async\" class=\"alignnone wp-image-994 size-large\" src=\"https:\/\/idckohtao.com\/wp-content\/uploads\/2023\/08\/idckohtao.com-padi-underwater-naturalist-instructor-specialty-kohtao-1-1-1024x640.jpg\" alt=\"idckohtao.com-padi-underwater-naturalist-instructor-specialty-kohtao-1\" width=\"1024\" height=\"640\" srcset=\"https:\/\/idckohtao.com\/wp-content\/uploads\/2023\/08\/idckohtao.com-padi-underwater-naturalist-instructor-specialty-kohtao-1-1-1024x640.jpg 1024w, https:\/\/idckohtao.com\/wp-content\/uploads\/2023\/08\/idckohtao.com-padi-underwater-naturalist-instructor-specialty-kohtao-1-1-300x188.jpg 300w, https:\/\/idckohtao.com\/wp-content\/uploads\/2023\/08\/idckohtao.com-padi-underwater-naturalist-instructor-specialty-kohtao-1-1-768x480.jpg 768w, https:\/\/idckohtao.com\/wp-content\/uploads\/2023\/08\/idckohtao.com-padi-underwater-naturalist-instructor-specialty-kohtao-1-1.jpg 1080w\" sizes=\"(max-width: 1024px) 100vw, 1024px\" \/><\/p>\n<p>W\u00e4hrend des Kurses wirst du Anzeichen von menschlichen Einfl\u00fcssen auf die Umwelt diskutieren und deinen Tauchsch\u00fclern beibringen, wie sie minimale passive und verantwortliche Interaktionen zeigen und die notwendigen Tauchtechniken anwenden, die ihnen dies erm\u00f6glicht.<\/p>\n<p><b>Wer kann sich f\u00fcr den PADI Unterwasser-Naturalist Spezialist Instructor Kurs anmelden?<\/b><\/p>\n<p>Ein PADI\u00a0<a href=\"https:\/\/idckohtao.com\/de\/pro-level-courses\/padi-instructor-development-course\/\"><strong>Open Water Scuba Instructor (OWSI)<\/strong><\/a>\u00a0im aktiven Status.<b><\/b><\/p>\n<p>Anmerkung: IDC \/ OWSI Kandidaten k\u00f6nnen an einem PADI Unterwasser Naturalist Spezialist Instructorkurs teilnehmen, k\u00f6nnen sich f\u00fcr die Zertifizierung als Spezialist-Tauchlehrer jedoch erst nach erfolgreicher Tauchlehrerpr\u00fcfung (IE) anmelden.<\/p>\n<p>Unterwasser Naturalist-Tauchlehrer ben\u00f6tigen mindestens 10 Naturalist-Tauchg\u00e4nge bevor Zertifizierung. Dies ist Voraussetzung f\u00fcr die Zertifizierung und kann nach dem Spezialist-Instructorkurs erfolgen.<\/p>\n<p><b>Was wirst du lernen?<\/b><\/p>\n<p>Du wirst an den folgenden Einheiten teilnehmen:<\/p>\n<ul>\n<li>Eine Klassenzimmerpr\u00e4sentation \u00fcber die Wiederholungsfragen des Unterwasser Naturalist-Spezialkurses geben<\/li>\n<li>Standards, Prozeduren und Ablauf des Unterwasser Naturalist-Spezialkurses<\/li>\n<li>Organisation und Durchf\u00fchrung des PADI Unterwasser Naturalist-Spezialkurses<\/li>\n<li>Freiwasserausbildung \u2013 Demonstration, Durchf\u00fchrung und Bewertung von Tauchsch\u00fcler-Fertigkeiten des Unterwasser Naturalist-Spezialkurses.<\/li>\n<\/ul>\n<p><img decoding=\"async\" class=\"alignnone wp-image-995 size-large\" src=\"https:\/\/idckohtao.com\/wp-content\/uploads\/2023\/08\/idckohtao.com-padi-underwater-naturalist-instructor-specialty-1024x688.jpg\" alt=\"idckohtao.com-padi-underwater-naturalist-instructor-specialty\" width=\"1024\" height=\"688\" srcset=\"https:\/\/idckohtao.com\/wp-content\/uploads\/2023\/08\/idckohtao.com-padi-underwater-naturalist-instructor-specialty-1024x688.jpg 1024w, https:\/\/idckohtao.com\/wp-content\/uploads\/2023\/08\/idckohtao.com-padi-underwater-naturalist-instructor-specialty-300x202.jpg 300w, https:\/\/idckohtao.com\/wp-content\/uploads\/2023\/08\/idckohtao.com-padi-underwater-naturalist-instructor-specialty-768x516.jpg 768w, https:\/\/idckohtao.com\/wp-content\/uploads\/2023\/08\/idckohtao.com-padi-underwater-naturalist-instructor-specialty.jpg 1080w\" sizes=\"(max-width: 1024px) 100vw, 1024px\" \/><\/p>\n<p>Du wirst die Freiwassertauchg\u00e4nge an einem der zahlreichen geeigneten lokalen Tauchpl\u00e4tze machen.<\/p>\n<p>Als PADI Unterwasser Naturalist Instructor bist du zertifiziert, um den <strong>PADI Unterwasser Naturalist Spezialkurs<\/strong> selbst\u00e4ndig zu unterrichten.[\/vc_column_text]<div class=\"text-left\"><div class=\"bt-course-price\"><h4>Kurspreis: 4,000 THB<\/h4><a href=\"https:\/\/idckohtao.com\/de\/packages-prices\" class=\"button\">ONLINE BUCHEN<\/a><\/div><\/div>[vc_column_text css=&#8220;&#8220;]<b>PADI Materialien<\/b><\/p>\n<p><i>Bitte bringe die folgenden Materialien mit. Du hast diese als Teil deines IDC Crewpack erhalten.- PADI Spezialkurs Instructor Manual (CD-Rom)<\/i><\/p>\n<p>Zus\u00e4tzlich ben\u00f6tigst du ein Exemplar des PADI Instructor Manual. Seit 2010 steht dieses f\u00fcr PADI Mitglieder im aktiven Status als kostenloser Download unter diesem Link zur Verf\u00fcgung:<br \/>\n<a href=\"https:\/\/www.padi.com\/mypadi\/\" target=\"_blank\" rel=\"noopener\">www.padi.com\/mypadi<\/a><\/p>\n<p>&nbsp;<\/p>\n<p><b>PADI Geb\u00fchren<\/b><\/p>\n<p>PADI Unterwasser Naturalist Instructor Anmeldung:\u00a0<b>AUD$ 145<\/b>[\/vc_column_text][\/vc_column][\/vc_row]<\/p>\n<\/div>","protected":false},"excerpt":{"rendered":"<p>[vc_row][vc_column][vc_column_text] MSDT \u2022 PADI Spezialist Instructorkurs, Koh Tao, Thailand W\u00fcrdest du gerne deinen Tauchsch\u00fclern mehr \u00fcber das Meeres-\u00d6kosystem beibringen und sicherstellen, da\u00df du alle ihre Fragen zu Themen wie verschiedenen aquatischen Lebensgruppierungen und deren Interaktion beantworten kannst? W\u00fcrdest du gerne die Kenntnisse haben, um sicherzustellen, da\u00df deine Tauchsch\u00fcler wirklich verstehen, was sie in der Unterwasserwelt [&hellip;]<\/p>\n","protected":false},"author":1,"featured_media":5230,"parent":7935,"menu_order":0,"comment_status":"closed","ping_status":"closed","template":"","meta":{"_acf_changed":false,"footnotes":""},"class_list":["post-1967","page","type-page","status-publish","has-post-thumbnail","hentry"],"acf":[],"yoast_head":"<!-- This site is optimized with the Yoast SEO Premium plugin v27.5 (Yoast SEO v27.5) - https:\/\/yoast.com\/product\/yoast-seo-premium-wordpress\/ -->\n<title>IDC Koh Tao | PADI Unterwasser Naturalist Instructor Kurs<\/title>\n<meta name=\"description\" content=\"Unser PADI Unterwasser Naturalist Spezialist Instructor Kurs auf Koh Tao zertifiziert dich als ein Sezialkurs-Tauchlehrer, um Tauchsch\u00fclern alles \u00fcber die Unterwasserumgebung beizubringen\" \/>\n<meta name=\"robots\" content=\"index, follow, max-snippet:-1, max-image-preview:large, max-video-preview:-1\" \/>\n<link rel=\"canonical\" href=\"https:\/\/idckohtao.com\/de\/pro-level-courses\/underwater-naturalist-instructor-specialty\/\" \/>\n<meta property=\"og:locale\" content=\"de_DE\" \/>\n<meta property=\"og:type\" content=\"article\" \/>\n<meta property=\"og:title\" content=\"IDC Koh Tao | PADI Unterwasser Naturalist Instructor Kurs\" \/>\n<meta property=\"og:description\" content=\"Unser PADI Unterwasser Naturalist Spezialist Instructor Kurs auf Koh Tao zertifiziert dich als ein Sezialkurs-Tauchlehrer, um Tauchsch\u00fclern alles \u00fcber die Unterwasserumgebung beizubringen\" \/>\n<meta property=\"og:url\" content=\"https:\/\/idckohtao.com\/de\/pro-level-courses\/underwater-naturalist-instructor-specialty\/\" \/>\n<meta property=\"og:site_name\" content=\"IDC Koh Tao\" \/>\n<meta property=\"article:publisher\" content=\"https:\/\/www.facebook.com\/GoProIDCKohTao\" \/>\n<meta property=\"article:modified_time\" content=\"2026-01-01T09:46:57+00:00\" \/>\n<meta property=\"og:image\" content=\"https:\/\/idckohtao.com\/wp-content\/uploads\/2023\/09\/idckohtao.com-underwater-naturalist-instructor-course-in-koh-tao-thailand.jpeg\" \/>\n\t<meta property=\"og:image:width\" content=\"1200\" \/>\n\t<meta property=\"og:image:height\" content=\"774\" \/>\n\t<meta property=\"og:image:type\" content=\"image\/jpeg\" \/>\n<meta name=\"twitter:card\" content=\"summary_large_image\" \/>\n<meta name=\"twitter:title\" content=\"IDC Koh Tao | PADI Unterwasser Naturalist Instructor Kurs\" \/>\n<meta name=\"twitter:description\" content=\"Unser PADI Unterwasser Naturalist Spezialist Instructor Kurs auf Koh Tao zertifiziert dich als ein Sezialkurs-Tauchlehrer, um Tauchsch\u00fclern alles \u00fcber die Unterwasserumgebung beizubringen\" \/>\n<meta name=\"twitter:site\" content=\"@GoProIDCKohTao\" \/>\n<!-- \/ Yoast SEO Premium plugin. -->","yoast_head_json":{"title":"IDC Koh Tao | PADI Unterwasser Naturalist Instructor Kurs","description":"Unser PADI Unterwasser Naturalist Spezialist Instructor Kurs auf Koh Tao zertifiziert dich als ein Sezialkurs-Tauchlehrer, um Tauchsch\u00fclern alles \u00fcber die Unterwasserumgebung beizubringen","robots":{"index":"index","follow":"follow","max-snippet":"max-snippet:-1","max-image-preview":"max-image-preview:large","max-video-preview":"max-video-preview:-1"},"canonical":"https:\/\/idckohtao.com\/de\/pro-level-courses\/underwater-naturalist-instructor-specialty\/","og_locale":"de_DE","og_type":"article","og_title":"IDC Koh Tao | PADI Unterwasser Naturalist Instructor Kurs","og_description":"Unser PADI Unterwasser Naturalist Spezialist Instructor Kurs auf Koh Tao zertifiziert dich als ein Sezialkurs-Tauchlehrer, um Tauchsch\u00fclern alles \u00fcber die Unterwasserumgebung beizubringen","og_url":"https:\/\/idckohtao.com\/de\/pro-level-courses\/underwater-naturalist-instructor-specialty\/","og_site_name":"IDC Koh Tao","article_publisher":"https:\/\/www.facebook.com\/GoProIDCKohTao","article_modified_time":"2026-01-01T09:46:57+00:00","og_image":[{"width":1200,"height":774,"url":"https:\/\/idckohtao.com\/wp-content\/uploads\/2023\/09\/idckohtao.com-underwater-naturalist-instructor-course-in-koh-tao-thailand.jpeg","type":"image\/jpeg"}],"twitter_card":"summary_large_image","twitter_title":"IDC Koh Tao | PADI Unterwasser Naturalist Instructor Kurs","twitter_description":"Unser PADI Unterwasser Naturalist Spezialist Instructor Kurs auf Koh Tao zertifiziert dich als ein Sezialkurs-Tauchlehrer, um Tauchsch\u00fclern alles \u00fcber die Unterwasserumgebung beizubringen","twitter_site":"@GoProIDCKohTao","schema":{"@context":"https:\/\/schema.org","@graph":[{"@type":"NewsArticle","@id":"https:\/\/idckohtao.com\/de\/pro-level-courses\/underwater-naturalist-instructor-specialty\/#article","isPartOf":{"@id":"https:\/\/idckohtao.com\/de\/pro-level-courses\/underwater-naturalist-instructor-specialty\/"},"author":{"name":"ojasya","@id":"https:\/\/idckohtao.com\/de\/#\/schema\/person\/d08d557cbfdbc171f824052dae697b02"},"headline":"Unterwasser Naturalist Spezialist Instructorkurs","datePublished":"2023-08-11T08:48:34+00:00","dateModified":"2026-01-01T09:46:57+00:00","mainEntityOfPage":{"@id":"https:\/\/idckohtao.com\/de\/pro-level-courses\/underwater-naturalist-instructor-specialty\/"},"wordCount":467,"publisher":{"@id":"https:\/\/idckohtao.com\/de\/#organization"},"image":{"@id":"https:\/\/idckohtao.com\/de\/pro-level-courses\/underwater-naturalist-instructor-specialty\/#primaryimage"},"thumbnailUrl":"https:\/\/idckohtao.com\/wp-content\/uploads\/2023\/09\/idckohtao.com-underwater-naturalist-instructor-course-in-koh-tao-thailand.jpeg","inLanguage":"de"},{"@type":"WebPage","@id":"https:\/\/idckohtao.com\/de\/pro-level-courses\/underwater-naturalist-instructor-specialty\/","url":"https:\/\/idckohtao.com\/de\/pro-level-courses\/underwater-naturalist-instructor-specialty\/","name":"IDC Koh Tao | PADI Unterwasser Naturalist Instructor Kurs","isPartOf":{"@id":"https:\/\/idckohtao.com\/de\/#website"},"primaryImageOfPage":{"@id":"https:\/\/idckohtao.com\/de\/pro-level-courses\/underwater-naturalist-instructor-specialty\/#primaryimage"},"image":{"@id":"https:\/\/idckohtao.com\/de\/pro-level-courses\/underwater-naturalist-instructor-specialty\/#primaryimage"},"thumbnailUrl":"https:\/\/idckohtao.com\/wp-content\/uploads\/2023\/09\/idckohtao.com-underwater-naturalist-instructor-course-in-koh-tao-thailand.jpeg","datePublished":"2023-08-11T08:48:34+00:00","dateModified":"2026-01-01T09:46:57+00:00","description":"Unser PADI Unterwasser Naturalist Spezialist Instructor Kurs auf Koh Tao zertifiziert dich als ein Sezialkurs-Tauchlehrer, um Tauchsch\u00fclern alles \u00fcber die Unterwasserumgebung beizubringen","breadcrumb":{"@id":"https:\/\/idckohtao.com\/de\/pro-level-courses\/underwater-naturalist-instructor-specialty\/#breadcrumb"},"inLanguage":"de","potentialAction":[{"@type":"ReadAction","target":["https:\/\/idckohtao.com\/de\/pro-level-courses\/underwater-naturalist-instructor-specialty\/"]}]},{"@type":"ImageObject","inLanguage":"de","@id":"https:\/\/idckohtao.com\/de\/pro-level-courses\/underwater-naturalist-instructor-specialty\/#primaryimage","url":"https:\/\/idckohtao.com\/wp-content\/uploads\/2023\/09\/idckohtao.com-underwater-naturalist-instructor-course-in-koh-tao-thailand.jpeg","contentUrl":"https:\/\/idckohtao.com\/wp-content\/uploads\/2023\/09\/idckohtao.com-underwater-naturalist-instructor-course-in-koh-tao-thailand.jpeg","width":1200,"height":774,"caption":"Underwater Naturalist Instructor course in Koh Tao Thailand"},{"@type":"BreadcrumbList","@id":"https:\/\/idckohtao.com\/de\/pro-level-courses\/underwater-naturalist-instructor-specialty\/#breadcrumb","itemListElement":[{"@type":"ListItem","position":1,"name":"Home","item":"https:\/\/idckohtao.com\/de\/"},{"@type":"ListItem","position":2,"name":"Pro level","item":"https:\/\/idckohtao.com\/de\/pro-level-courses\/"},{"@type":"ListItem","position":3,"name":"Unterwasser Naturalist Spezialist Instructorkurs"}]},{"@type":"WebSite","@id":"https:\/\/idckohtao.com\/de\/#website","url":"https:\/\/idckohtao.com\/de\/","name":"IDC Koh Tao","description":"PADI IDC 5 Star Diving Center in Koh Tao - Thailand","publisher":{"@id":"https:\/\/idckohtao.com\/de\/#organization"},"alternateName":"IDC Koh Tao in Thailand","potentialAction":[{"@type":"SearchAction","target":{"@type":"EntryPoint","urlTemplate":"https:\/\/idckohtao.com\/de\/?s={search_term_string}"},"query-input":{"@type":"PropertyValueSpecification","valueRequired":true,"valueName":"search_term_string"}}],"inLanguage":"de"},{"@type":"Organization","@id":"https:\/\/idckohtao.com\/de\/#organization","name":"IDC Koh Tao","alternateName":"IDC Koh Tao | Divemaster & Diving Instructor","url":"https:\/\/idckohtao.com\/de\/","logo":{"@type":"ImageObject","inLanguage":"de","@id":"https:\/\/idckohtao.com\/de\/#\/schema\/logo\/image\/","url":"https:\/\/idckohtao.com\/wp-content\/uploads\/2023\/09\/idckohtao.com-padi-diving-center-in-koh-tao-thailand.png","contentUrl":"https:\/\/idckohtao.com\/wp-content\/uploads\/2023\/09\/idckohtao.com-padi-diving-center-in-koh-tao-thailand.png","width":400,"height":300,"caption":"IDC Koh Tao"},"image":{"@id":"https:\/\/idckohtao.com\/de\/#\/schema\/logo\/image\/"},"sameAs":["https:\/\/www.facebook.com\/GoProIDCKohTao","https:\/\/x.com\/GoProIDCKohTao","https:\/\/www.youtube.com\/idckohtao","https:\/\/www.instagram.com\/idc.kohtao\/"],"description":"IDC Koh Tao is a part of the Black Turtle Dive pro level training team with three PADI Course Directors being led by Award Winning PADI Course Director Matt Bolton. Our full range of pro and recreational PADI Diving Courses provides aspiring scuba divers with education, fun, excitement, adventure, and a change of lifestyle or an opportunity to pursue a new career.","email":"info@idckohtao.com","legalName":"IDC Koh Tao","foundingDate":"2004-01-04","numberOfEmployees":{"@type":"QuantitativeValue","minValue":"1","maxValue":"10"},"correctionsPolicy":"https:\/\/idckohtao.com\/privacy-policy\/","ethicsPolicy":"https:\/\/idckohtao.com\/terms\/"},{"@type":"Person","@id":"https:\/\/idckohtao.com\/de\/#\/schema\/person\/d08d557cbfdbc171f824052dae697b02","name":"ojasya","image":{"@type":"ImageObject","inLanguage":"de","@id":"https:\/\/secure.gravatar.com\/avatar\/6fb34e36d09053a6545fc21d344613321bb1933f185132488f38052166f5a001?s=96&d=mm&r=g","url":"https:\/\/secure.gravatar.com\/avatar\/6fb34e36d09053a6545fc21d344613321bb1933f185132488f38052166f5a001?s=96&d=mm&r=g","contentUrl":"https:\/\/secure.gravatar.com\/avatar\/6fb34e36d09053a6545fc21d344613321bb1933f185132488f38052166f5a001?s=96&d=mm&r=g","caption":"ojasya"},"sameAs":["https:\/\/idckohtao.com"],"url":"https:\/\/idckohtao.com\/de\/blog\/author\/ojasya\/"}]}},"_links":{"self":[{"href":"https:\/\/idckohtao.com\/de\/wp-json\/wp\/v2\/pages\/1967","targetHints":{"allow":["GET"]}}],"collection":[{"href":"https:\/\/idckohtao.com\/de\/wp-json\/wp\/v2\/pages"}],"about":[{"href":"https:\/\/idckohtao.com\/de\/wp-json\/wp\/v2\/types\/page"}],"author":[{"embeddable":true,"href":"https:\/\/idckohtao.com\/de\/wp-json\/wp\/v2\/users\/1"}],"replies":[{"embeddable":true,"href":"https:\/\/idckohtao.com\/de\/wp-json\/wp\/v2\/comments?post=1967"}],"version-history":[{"count":2,"href":"https:\/\/idckohtao.com\/de\/wp-json\/wp\/v2\/pages\/1967\/revisions"}],"predecessor-version":[{"id":7583,"href":"https:\/\/idckohtao.com\/de\/wp-json\/wp\/v2\/pages\/1967\/revisions\/7583"}],"up":[{"embeddable":true,"href":"https:\/\/idckohtao.com\/de\/wp-json\/wp\/v2\/pages\/7935"}],"wp:featuredmedia":[{"embeddable":true,"href":"https:\/\/idckohtao.com\/de\/wp-json\/wp\/v2\/media\/5230"}],"wp:attachment":[{"href":"https:\/\/idckohtao.com\/de\/wp-json\/wp\/v2\/media?parent=1967"}],"curies":[{"name":"wp","href":"https:\/\/api.w.org\/{rel}","templated":true}]}}