{"id":1972,"date":"2023-08-11T06:22:21","date_gmt":"2023-08-11T06:22:21","guid":{"rendered":"https:\/\/idckohtao.com\/underwater-navigation-instructor-specialty\/"},"modified":"2024-12-21T17:44:27","modified_gmt":"2024-12-21T17:44:27","slug":"underwater-navigation-instructor-specialty","status":"publish","type":"page","link":"https:\/\/idckohtao.com\/de\/pro-level-courses\/underwater-navigation-instructor-specialty\/","title":{"rendered":"Unterwasser Navigation Spezialist Instructorkurs"},"content":{"rendered":"<div class=\"wpb-content-wrapper\"><p>[vc_row][vc_column][vc_column_text]<\/p>\n<h2>MSDT \u2022 PADI Spezialist Instructorkurs, Koh Tao, Thailand<\/h2>\n<p>Es gibt zwei Dinge, mit denen sich enthusiastische und unerfahrene Taucher mehr als mit allem anderen besch\u00e4ftigen. Wieviel Luft sie verbrauchen und verloren zu gehen \u2013 oder besser \u2013 ihren Weg unter Wasser zu finden.<\/p>\n<p>Als ein OWSI, welcher erfolgreich den IDC \/ IE abgeschlossen hat, bist du bereits zertifiziert, um den Spezialkurs f\u00fcr Tarierung in Perfektion zu unterrichten, was eines der h\u00e4ufigsten Anliegen angeht, nach denen dich deine Taucher in ihrer Ausbildung fragen werden: Luftverbrauch.<\/p>\n<p>Warum nicht auch Unterwasser-Navigation unterrichten? Auf diesem Weg kannst du deinen Tauchsch\u00fclern beibringen, den richtigen Weg zu finden, ihre Beobachtungsfertigkeiten zu verfeinern und ihren Kompass unter Wasser genauer zu nutzen.<\/p>\n<p>Als ein Unterwasser Navigation Spezialist Instructor wirst du in der Lage sein, deine Tauchsch\u00fcler zu unterrichten, wie sie Distanzen unter Wasser messen, nat\u00fcrliche Referenzen nutzen, um ihren Weg um einen Tauchplatz zu finden, Muster mit mehreren Wendungen zu navigieren und ihnen zeigen, wie sie einen Tauchplatz kartografieren.<\/p>\n<p><b>Navigieren rund um Koh Tao<\/b><\/p>\n<p>Koh Tao bietet eine Vielzahl flacher Tauchpl\u00e4tze, ideal f\u00fcr die Ausbildung von Tauchern in Unterwasser-Navigation. Eine Reihe von Tauchpl\u00e4tzen bietet sandigen Grund, Riffe mit vielen nat\u00fcrlichen Referenzpunkten wie auch Pl\u00e4tze mit einer milden Str\u00f6mung. Dies macht Koh Tao zum perfekten Platz f\u00fcr einen Taucher, um Unterwasser-Navigationsfertigkeiten zu lernen und zu verfeinern.<\/p>\n<p><img decoding=\"async\" class=\"alignnone wp-image-935 size-large\" src=\"https:\/\/idckohtao.com\/wp-content\/uploads\/2023\/08\/idc-koh-tao-padi-specialties-navigation-msdt-skills-1-1024x768.jpg\" alt=\"idc-koh-tao-padi-specialties-navigation-msdt-skills\" width=\"1024\" height=\"768\" srcset=\"https:\/\/idckohtao.com\/wp-content\/uploads\/2023\/08\/idc-koh-tao-padi-specialties-navigation-msdt-skills-1-1024x768.jpg 1024w, https:\/\/idckohtao.com\/wp-content\/uploads\/2023\/08\/idc-koh-tao-padi-specialties-navigation-msdt-skills-1-300x225.jpg 300w, https:\/\/idckohtao.com\/wp-content\/uploads\/2023\/08\/idc-koh-tao-padi-specialties-navigation-msdt-skills-1-768x576.jpg 768w, https:\/\/idckohtao.com\/wp-content\/uploads\/2023\/08\/idc-koh-tao-padi-specialties-navigation-msdt-skills-1.jpg 1080w\" sizes=\"(max-width: 1024px) 100vw, 1024px\" \/><\/p>\n<p><b>Wer kann sich f\u00fcr den PADI Unterwasser-Naturalist Spezialist Instructor Kurs anmelden?<\/b><\/p>\n<p>Ein\u00a0<strong><a href=\"https:\/\/idckohtao.com\/de\/pro-level-courses\/padi-instructor-development-course\/\">PADI Open Water Scuba Instructor (OWSI)<\/a><\/strong>\u00a0im aktiven Status.<\/p>\n<p>Anmerkung: IDC \/ OWSI Kandidaten k\u00f6nnen an einem PADI Unterwasser Navigation Spezialist Instructorkurs teilnehmen, k\u00f6nnen sich f\u00fcr die Zertifizierung als Spezialist-Tauchlehrer jedoch erst nach erfolgreicher Tauchlehrerpr\u00fcfung (IE) anmelden.<\/p>\n<p>Unterwasser Navigation-Tauchlehrer ben\u00f6tigen mindestens 10 Navigationstauchg\u00e4nge bevor Zertifizierung. Dies ist Voraussetzung f\u00fcr die Zertifizierung und kann nach dem Spezialist-Instructorkurs erfolgen.<\/p>\n<h2><b>Was wirst du lernen?<\/b><\/h2>\n<p>Du wirst an den folgenden Einheiten teilnehmen:<\/p>\n<ul>\n<li>Eine Klassenzimmerpr\u00e4sentation \u00fcber die Wiederholungsfragen des Unterwasser Navigation -Spezialkurses geben<\/li>\n<li>Standards, Prozeduren und Ablauf des Unterwasser Navigation-Spezialkurses<\/li>\n<li>Organisation und Durchf\u00fchrung des PADI Unterwasser Navigation-Spezialkurses<\/li>\n<li>Freiwasserausbildung \u2013 Demonstration, Durchf\u00fchrung und Bewertung von Tauchsch\u00fcler-Fertigkeiten des Unterwasser Navigation-Spezialkurses.<\/li>\n<\/ul>\n<p>Du wirst die Freiwassertauchg\u00e4nge an einem der zahlreichen geeigneten lokalen Tauchpl\u00e4tze machen.<\/p>\n<p>Als PADI Unterwasser Navigation Instructor bist du zertifiziert, um den<strong> PADI Unterwasser Navigation Spezialkurs<\/strong> selbst\u00e4ndig zu unterrichten.<\/p>\n<p><img decoding=\"async\" class=\"alignnone wp-image-934 size-large\" src=\"https:\/\/idckohtao.com\/wp-content\/uploads\/2023\/08\/idckohtao.com-open-water-presentations-navigation-1024x768.jpg\" alt=\"idckohtao.com-open-water-presentations-navigation\" width=\"1024\" height=\"768\" srcset=\"https:\/\/idckohtao.com\/wp-content\/uploads\/2023\/08\/idckohtao.com-open-water-presentations-navigation-1024x768.jpg 1024w, https:\/\/idckohtao.com\/wp-content\/uploads\/2023\/08\/idckohtao.com-open-water-presentations-navigation-300x225.jpg 300w, https:\/\/idckohtao.com\/wp-content\/uploads\/2023\/08\/idckohtao.com-open-water-presentations-navigation-768x576.jpg 768w, https:\/\/idckohtao.com\/wp-content\/uploads\/2023\/08\/idckohtao.com-open-water-presentations-navigation.jpg 1080w\" sizes=\"(max-width: 1024px) 100vw, 1024px\" \/><\/p>\n<p><b>PADI Materialien<\/b><\/p>\n<p><i>Bitte bringe die folgenden Materialien mit. Du hast diese als Teil deines IDC Crewpack erhalten. \u2013 PADI Spezialkurs Instructor Manual (CD-Rom)<\/i><\/p>\n<p>Zus\u00e4tzlich ben\u00f6tigst du ein Exemplar des PADI Instructor Manual. Seit 2010 steht dieses f\u00fcr PADI Mitglieder im aktiven Status als kostenloser Download unter diesem Link zur Verf\u00fcgung:<a href=\"https:\/\/www.padi.com\/mypadi\/\" target=\"_blank\" rel=\"noopener\"> www.padi.com\/mypadi<\/a><\/p>\n<p><b>PADI Geb\u00fchren<\/b><\/p>\n<p>PADI Unterwasser Navigation Instructor Anmeldung:\u00a0<b>AUD$ 145<\/b>[\/vc_column_text]<div class=\"text-left\"><div class=\"bt-course-price\"><h4>Kurspreis: 4,000 THB<\/h4><a href=\"https:\/\/idckohtao.com\/de\/packages-prices\" class=\"button\">ONLINE BUCHEN<\/a><\/div><\/div>[\/vc_column][\/vc_row]<\/p>\n<\/div>","protected":false},"excerpt":{"rendered":"<p>[vc_row][vc_column][vc_column_text] MSDT \u2022 PADI Spezialist Instructorkurs, Koh Tao, Thailand Es gibt zwei Dinge, mit denen sich enthusiastische und unerfahrene Taucher mehr als mit allem anderen besch\u00e4ftigen. Wieviel Luft sie verbrauchen und verloren zu gehen \u2013 oder besser \u2013 ihren Weg unter Wasser zu finden. Als ein OWSI, welcher erfolgreich den IDC \/ IE abgeschlossen hat, [&hellip;]<\/p>\n","protected":false},"author":1,"featured_media":5238,"parent":7935,"menu_order":0,"comment_status":"closed","ping_status":"closed","template":"","meta":{"_acf_changed":false,"footnotes":""},"class_list":["post-1972","page","type-page","status-publish","has-post-thumbnail","hentry"],"acf":[],"yoast_head":"<!-- This site is optimized with the Yoast SEO Premium plugin v27.5 (Yoast SEO v27.5) - https:\/\/yoast.com\/product\/yoast-seo-premium-wordpress\/ -->\n<title>IDC Koh Tao | PADI Unterwasser Navigation Instructor Kurs<\/title>\n<meta name=\"description\" content=\"Unser PADI Unterwasser Navigation Spezialist Instructor Kurs auf Koh Tao zertifiziert dich als Spezialkurs-Tauchlehrer, der Tauchsch\u00fclern Navigationstechniken unter Wasser beibringt\" \/>\n<meta name=\"robots\" content=\"index, follow, max-snippet:-1, max-image-preview:large, max-video-preview:-1\" \/>\n<link rel=\"canonical\" href=\"https:\/\/idckohtao.com\/de\/pro-level-courses\/underwater-navigation-instructor-specialty\/\" \/>\n<meta property=\"og:locale\" content=\"de_DE\" \/>\n<meta property=\"og:type\" content=\"article\" \/>\n<meta property=\"og:title\" content=\"IDC Koh Tao | PADI Unterwasser Navigation Instructor Kurs\" \/>\n<meta property=\"og:description\" content=\"Unser PADI Unterwasser Navigation Spezialist Instructor Kurs auf Koh Tao zertifiziert dich als Spezialkurs-Tauchlehrer, der Tauchsch\u00fclern Navigationstechniken unter Wasser beibringt\" \/>\n<meta property=\"og:url\" content=\"https:\/\/idckohtao.com\/de\/pro-level-courses\/underwater-navigation-instructor-specialty\/\" \/>\n<meta property=\"og:site_name\" content=\"IDC Koh Tao\" \/>\n<meta property=\"article:publisher\" content=\"https:\/\/www.facebook.com\/GoProIDCKohTao\" \/>\n<meta property=\"article:modified_time\" content=\"2024-12-21T17:44:27+00:00\" \/>\n<meta property=\"og:image\" content=\"https:\/\/idckohtao.com\/wp-content\/uploads\/2023\/09\/idckohtao.com-underwater-navigation-instructor-courses-in-thailand.jpeg\" \/>\n\t<meta property=\"og:image:width\" content=\"1200\" \/>\n\t<meta property=\"og:image:height\" content=\"863\" \/>\n\t<meta property=\"og:image:type\" content=\"image\/jpeg\" \/>\n<meta name=\"twitter:card\" content=\"summary_large_image\" \/>\n<meta name=\"twitter:title\" content=\"IDC Koh Tao | PADI Unterwasser Navigation Instructor Kurs\" \/>\n<meta name=\"twitter:description\" content=\"Unser PADI Unterwasser Navigation Spezialist Instructor Kurs auf Koh Tao zertifiziert dich als Spezialkurs-Tauchlehrer, der Tauchsch\u00fclern Navigationstechniken unter Wasser beibringt\" \/>\n<meta name=\"twitter:site\" content=\"@GoProIDCKohTao\" \/>\n<!-- \/ Yoast SEO Premium plugin. -->","yoast_head_json":{"title":"IDC Koh Tao | PADI Unterwasser Navigation Instructor Kurs","description":"Unser PADI Unterwasser Navigation Spezialist Instructor Kurs auf Koh Tao zertifiziert dich als Spezialkurs-Tauchlehrer, der Tauchsch\u00fclern Navigationstechniken unter Wasser beibringt","robots":{"index":"index","follow":"follow","max-snippet":"max-snippet:-1","max-image-preview":"max-image-preview:large","max-video-preview":"max-video-preview:-1"},"canonical":"https:\/\/idckohtao.com\/de\/pro-level-courses\/underwater-navigation-instructor-specialty\/","og_locale":"de_DE","og_type":"article","og_title":"IDC Koh Tao | PADI Unterwasser Navigation Instructor Kurs","og_description":"Unser PADI Unterwasser Navigation Spezialist Instructor Kurs auf Koh Tao zertifiziert dich als Spezialkurs-Tauchlehrer, der Tauchsch\u00fclern Navigationstechniken unter Wasser beibringt","og_url":"https:\/\/idckohtao.com\/de\/pro-level-courses\/underwater-navigation-instructor-specialty\/","og_site_name":"IDC Koh Tao","article_publisher":"https:\/\/www.facebook.com\/GoProIDCKohTao","article_modified_time":"2024-12-21T17:44:27+00:00","og_image":[{"width":1200,"height":863,"url":"https:\/\/idckohtao.com\/wp-content\/uploads\/2023\/09\/idckohtao.com-underwater-navigation-instructor-courses-in-thailand.jpeg","type":"image\/jpeg"}],"twitter_card":"summary_large_image","twitter_title":"IDC Koh Tao | PADI Unterwasser Navigation Instructor Kurs","twitter_description":"Unser PADI Unterwasser Navigation Spezialist Instructor Kurs auf Koh Tao zertifiziert dich als Spezialkurs-Tauchlehrer, der Tauchsch\u00fclern Navigationstechniken unter Wasser beibringt","twitter_site":"@GoProIDCKohTao","schema":{"@context":"https:\/\/schema.org","@graph":[{"@type":"NewsArticle","@id":"https:\/\/idckohtao.com\/de\/pro-level-courses\/underwater-navigation-instructor-specialty\/#article","isPartOf":{"@id":"https:\/\/idckohtao.com\/de\/pro-level-courses\/underwater-navigation-instructor-specialty\/"},"author":{"name":"ojasya","@id":"https:\/\/idckohtao.com\/de\/#\/schema\/person\/d08d557cbfdbc171f824052dae697b02"},"headline":"Unterwasser Navigation Spezialist Instructorkurs","datePublished":"2023-08-11T06:22:21+00:00","dateModified":"2024-12-21T17:44:27+00:00","mainEntityOfPage":{"@id":"https:\/\/idckohtao.com\/de\/pro-level-courses\/underwater-navigation-instructor-specialty\/"},"wordCount":472,"publisher":{"@id":"https:\/\/idckohtao.com\/de\/#organization"},"image":{"@id":"https:\/\/idckohtao.com\/de\/pro-level-courses\/underwater-navigation-instructor-specialty\/#primaryimage"},"thumbnailUrl":"https:\/\/idckohtao.com\/wp-content\/uploads\/2023\/09\/idckohtao.com-underwater-navigation-instructor-courses-in-thailand.jpeg","inLanguage":"de"},{"@type":"WebPage","@id":"https:\/\/idckohtao.com\/de\/pro-level-courses\/underwater-navigation-instructor-specialty\/","url":"https:\/\/idckohtao.com\/de\/pro-level-courses\/underwater-navigation-instructor-specialty\/","name":"IDC Koh Tao | PADI Unterwasser Navigation Instructor Kurs","isPartOf":{"@id":"https:\/\/idckohtao.com\/de\/#website"},"primaryImageOfPage":{"@id":"https:\/\/idckohtao.com\/de\/pro-level-courses\/underwater-navigation-instructor-specialty\/#primaryimage"},"image":{"@id":"https:\/\/idckohtao.com\/de\/pro-level-courses\/underwater-navigation-instructor-specialty\/#primaryimage"},"thumbnailUrl":"https:\/\/idckohtao.com\/wp-content\/uploads\/2023\/09\/idckohtao.com-underwater-navigation-instructor-courses-in-thailand.jpeg","datePublished":"2023-08-11T06:22:21+00:00","dateModified":"2024-12-21T17:44:27+00:00","description":"Unser PADI Unterwasser Navigation Spezialist Instructor Kurs auf Koh Tao zertifiziert dich als Spezialkurs-Tauchlehrer, der Tauchsch\u00fclern Navigationstechniken unter Wasser beibringt","breadcrumb":{"@id":"https:\/\/idckohtao.com\/de\/pro-level-courses\/underwater-navigation-instructor-specialty\/#breadcrumb"},"inLanguage":"de","potentialAction":[{"@type":"ReadAction","target":["https:\/\/idckohtao.com\/de\/pro-level-courses\/underwater-navigation-instructor-specialty\/"]}]},{"@type":"ImageObject","inLanguage":"de","@id":"https:\/\/idckohtao.com\/de\/pro-level-courses\/underwater-navigation-instructor-specialty\/#primaryimage","url":"https:\/\/idckohtao.com\/wp-content\/uploads\/2023\/09\/idckohtao.com-underwater-navigation-instructor-courses-in-thailand.jpeg","contentUrl":"https:\/\/idckohtao.com\/wp-content\/uploads\/2023\/09\/idckohtao.com-underwater-navigation-instructor-courses-in-thailand.jpeg","width":1200,"height":863,"caption":"Underwater Navigation Instructor Course on Koh Tao, Thailand"},{"@type":"BreadcrumbList","@id":"https:\/\/idckohtao.com\/de\/pro-level-courses\/underwater-navigation-instructor-specialty\/#breadcrumb","itemListElement":[{"@type":"ListItem","position":1,"name":"Home","item":"https:\/\/idckohtao.com\/de\/"},{"@type":"ListItem","position":2,"name":"Pro level","item":"https:\/\/idckohtao.com\/de\/pro-level-courses\/"},{"@type":"ListItem","position":3,"name":"Unterwasser Navigation Spezialist Instructorkurs"}]},{"@type":"WebSite","@id":"https:\/\/idckohtao.com\/de\/#website","url":"https:\/\/idckohtao.com\/de\/","name":"IDC Koh Tao","description":"PADI IDC 5 Star Diving Center in Koh Tao - Thailand","publisher":{"@id":"https:\/\/idckohtao.com\/de\/#organization"},"alternateName":"IDC Koh Tao in Thailand","potentialAction":[{"@type":"SearchAction","target":{"@type":"EntryPoint","urlTemplate":"https:\/\/idckohtao.com\/de\/?s={search_term_string}"},"query-input":{"@type":"PropertyValueSpecification","valueRequired":true,"valueName":"search_term_string"}}],"inLanguage":"de"},{"@type":"Organization","@id":"https:\/\/idckohtao.com\/de\/#organization","name":"IDC Koh Tao","alternateName":"IDC Koh Tao | Divemaster & Diving Instructor","url":"https:\/\/idckohtao.com\/de\/","logo":{"@type":"ImageObject","inLanguage":"de","@id":"https:\/\/idckohtao.com\/de\/#\/schema\/logo\/image\/","url":"https:\/\/idckohtao.com\/wp-content\/uploads\/2023\/09\/idckohtao.com-padi-diving-center-in-koh-tao-thailand.png","contentUrl":"https:\/\/idckohtao.com\/wp-content\/uploads\/2023\/09\/idckohtao.com-padi-diving-center-in-koh-tao-thailand.png","width":400,"height":300,"caption":"IDC Koh Tao"},"image":{"@id":"https:\/\/idckohtao.com\/de\/#\/schema\/logo\/image\/"},"sameAs":["https:\/\/www.facebook.com\/GoProIDCKohTao","https:\/\/x.com\/GoProIDCKohTao","https:\/\/www.youtube.com\/idckohtao","https:\/\/www.instagram.com\/idc.kohtao\/"],"description":"IDC Koh Tao is a part of the Black Turtle Dive pro level training team with three PADI Course Directors being led by Award Winning PADI Course Director Matt Bolton. Our full range of pro and recreational PADI Diving Courses provides aspiring scuba divers with education, fun, excitement, adventure, and a change of lifestyle or an opportunity to pursue a new career.","email":"info@idckohtao.com","legalName":"IDC Koh Tao","foundingDate":"2004-01-04","numberOfEmployees":{"@type":"QuantitativeValue","minValue":"1","maxValue":"10"},"correctionsPolicy":"https:\/\/idckohtao.com\/privacy-policy\/","ethicsPolicy":"https:\/\/idckohtao.com\/terms\/"},{"@type":"Person","@id":"https:\/\/idckohtao.com\/de\/#\/schema\/person\/d08d557cbfdbc171f824052dae697b02","name":"ojasya","image":{"@type":"ImageObject","inLanguage":"de","@id":"https:\/\/secure.gravatar.com\/avatar\/6fb34e36d09053a6545fc21d344613321bb1933f185132488f38052166f5a001?s=96&d=mm&r=g","url":"https:\/\/secure.gravatar.com\/avatar\/6fb34e36d09053a6545fc21d344613321bb1933f185132488f38052166f5a001?s=96&d=mm&r=g","contentUrl":"https:\/\/secure.gravatar.com\/avatar\/6fb34e36d09053a6545fc21d344613321bb1933f185132488f38052166f5a001?s=96&d=mm&r=g","caption":"ojasya"},"sameAs":["https:\/\/idckohtao.com"],"url":"https:\/\/idckohtao.com\/de\/blog\/author\/ojasya\/"}]}},"_links":{"self":[{"href":"https:\/\/idckohtao.com\/de\/wp-json\/wp\/v2\/pages\/1972","targetHints":{"allow":["GET"]}}],"collection":[{"href":"https:\/\/idckohtao.com\/de\/wp-json\/wp\/v2\/pages"}],"about":[{"href":"https:\/\/idckohtao.com\/de\/wp-json\/wp\/v2\/types\/page"}],"author":[{"embeddable":true,"href":"https:\/\/idckohtao.com\/de\/wp-json\/wp\/v2\/users\/1"}],"replies":[{"embeddable":true,"href":"https:\/\/idckohtao.com\/de\/wp-json\/wp\/v2\/comments?post=1972"}],"version-history":[{"count":1,"href":"https:\/\/idckohtao.com\/de\/wp-json\/wp\/v2\/pages\/1972\/revisions"}],"predecessor-version":[{"id":7037,"href":"https:\/\/idckohtao.com\/de\/wp-json\/wp\/v2\/pages\/1972\/revisions\/7037"}],"up":[{"embeddable":true,"href":"https:\/\/idckohtao.com\/de\/wp-json\/wp\/v2\/pages\/7935"}],"wp:featuredmedia":[{"embeddable":true,"href":"https:\/\/idckohtao.com\/de\/wp-json\/wp\/v2\/media\/5238"}],"wp:attachment":[{"href":"https:\/\/idckohtao.com\/de\/wp-json\/wp\/v2\/media?parent=1972"}],"curies":[{"name":"wp","href":"https:\/\/api.w.org\/{rel}","templated":true}]}}