{"id":1975,"date":"2023-08-10T07:16:51","date_gmt":"2023-08-10T07:16:51","guid":{"rendered":"https:\/\/idckohtao.com\/why-choose-idc-koh-tao\/"},"modified":"2023-09-16T22:10:06","modified_gmt":"2023-09-16T22:10:06","slug":"why-choose-idc-koh-tao","status":"publish","type":"page","link":"https:\/\/idckohtao.com\/de\/why-choose-idc-koh-tao\/","title":{"rendered":"Warum IDC Koh Tao W\u00e4hlen"},"content":{"rendered":"<div class=\"wpb-content-wrapper\"><p>[vc_row][vc_column][vc_column_text]<\/p>\n<h2>5 Sterne PADI Instructor Development Kurs<\/h2>\n<p>Unser IDC Koh Tao Taucher-Trainerteam im\u00a0<a href=\"https:\/\/www.blackturtledive.com\/\">Black Turtle Dive<\/a> Tauchcenter\u00a0bietet Anf\u00e4ngern und Profikandidaten ein Expertentraining mit einem Fokus auf Taucherf\u00e4higkeiten, Kompetenz und Selbstvertrauen.<\/p>\n<p>Wir bieten umfassende\u00a0<a href=\"https:\/\/idckohtao.com\/de\/padi-diving-courses\/\">Tauchausbildungsprogramme<\/a>\u00a0an, die von einem erstklassigen Team hochrangiger Tauchlehrertrainern entwickelt, implementiert und geleitet werden.<\/p>\n<p>Als eines der etabliertesten und fortschrittlichsten Tauchcenter in Thailand hat sich IDC Koh Tao einen unvergleichbaren Ruf von Professionalit\u00e4t und Hingabe aufgebaut.<\/p>\n<p>Wir sind in der Industrie anerkannt als eines von nur einer Handvoll von Resorts im ganzen Land, welches die angesehene Career Development Center (CDC) und eine 5-Sterne-Auszeichnung von PADI bekommen hat.<\/p>\n<p>Unser speziell gebautes IDC Center versichert eine entspannte und stressfreie Umgebung, f\u00f6rderlich f\u00fcr deine Lernerfahrung. Unsere A\/C-Klassenzimmer sind der perfekte Platz f\u00fcr deinen IDC um deinen <a href=\"https:\/\/idckohtao.com\/de\/pro-level-courses\/padi-instructor-development-course\/\">Instructor Development Kurs<\/a> zu einer entspannten und stressfreien Erfahrung zu machen.<\/p>\n<p><img decoding=\"async\" class=\"alignnone wp-image-817 size-large\" src=\"https:\/\/idckohtao.com\/wp-content\/uploads\/2023\/08\/idckohtao.com-divemaster-skills-in-neutrally-buoyant-Controlled-Emergency-Swimming-Ascent-1-1024x576.jpeg\" alt=\"idckohtao.com-divemaster-skills-in-neutrally-buoyant-Controlled-Emergency-Swimming-Ascent\" width=\"1024\" height=\"576\" srcset=\"https:\/\/idckohtao.com\/wp-content\/uploads\/2023\/08\/idckohtao.com-divemaster-skills-in-neutrally-buoyant-Controlled-Emergency-Swimming-Ascent-1-1024x576.jpeg 1024w, https:\/\/idckohtao.com\/wp-content\/uploads\/2023\/08\/idckohtao.com-divemaster-skills-in-neutrally-buoyant-Controlled-Emergency-Swimming-Ascent-1-300x169.jpeg 300w, https:\/\/idckohtao.com\/wp-content\/uploads\/2023\/08\/idckohtao.com-divemaster-skills-in-neutrally-buoyant-Controlled-Emergency-Swimming-Ascent-1-768x432.jpeg 768w, https:\/\/idckohtao.com\/wp-content\/uploads\/2023\/08\/idckohtao.com-divemaster-skills-in-neutrally-buoyant-Controlled-Emergency-Swimming-Ascent-1.jpeg 1280w\" sizes=\"(max-width: 1024px) 100vw, 1024px\" \/><\/p>\n<h3>PADI Instructor Development Kurs Koh Tao<\/h3>\n<p>IDC Koh Tao am Strand nur 300 Meter vom Hauptpier in Mae Haad entfernt und bietet unseren Kandidaten einfachen Zugriff auf alle Teile unserer Operation.Umgeben zu sein von einem Tauchermilieu ist ein gro\u00dfer Vorteil f\u00fcr alle Kandidaten und bietet dar\u00fcber hinaus Anregung f\u00fcr\u00a0<a href=\"https:\/\/idckohtao.com\/de\/padi-diving-courses\/\">Tauchsch\u00fcler<\/a>\u00a0und zuk\u00fcnftige Profis!<\/p>\n<p>F\u00fcge dem noch <a href=\"https:\/\/www.breezekohtao.com\/\">unser Restaurant<\/a> und unsere Bar mit Meeresblick hinzu und es wird schwer, sich einen besseren Platz vorzustellen, um Tauchprofi zu werden.<\/p>\n<ul>\n<li>Alle Tauchlehrer- und <a href=\"https:\/\/idckohtao.com\/de\/pro-level-courses\/divemaster-internship\/\">Divemaster Internship<\/a> Programme werden von einer der erfahrensten Tauchcrew in Thailand durchgef\u00fchrt.<\/li>\n<li>Koh Tao\u2019s preisgekr\u00f6ntem Tauchcenter und einer der weltweit erfolgreichsten PADI Tauchoperationen<\/li>\n<li>Die Insel Koh Tao \u2013 ein \u201cMust see\u201d Reiseziel und einer der besten Pl\u00e4tze weltweit f\u00fcr Pro-Level\u00a0<a href=\"https:\/\/idckohtao.com\/de\/padi-divemaster-course\/\">Divemaster<\/a>\u00a0und\u00a0<a href=\"https:\/\/idckohtao.com\/de\/padi-instructor-development-course\/\">Instructor Ausbildung<\/a><\/li>\n<li>Alle Internships beinhalten\u00a0<a href=\"https:\/\/idckohtao.com\/de\/marine-conservation\/\">Coral Reef\/Environmental Awareness<\/a>\u00a0&amp; Action Seminare und Workshops.<\/li>\n<li>1 Jahr DiveAssist ScubaMedic Classic (IDEC) International Diving Cover Insurance beinhaltet in allen Internship-Programmen<\/li>\n<li>Matts einzigartige \u201cPass-Garantie\u201d f\u00fcr die <a href=\"https:\/\/idckohtao.com\/de\/pro-level-courses\/padi-ie\/\">Tauchlehrerpr\u00fcfung<\/a>!<br \/>\nIm unwahrscheinlichen Fall, da\u00df du bei deinem IE nicht bestehst, werden wir f\u00fcr deinen zweiten IDC &amp; IE bei uns bezahlen.<\/li>\n<li>Assistenz f\u00fcr die Anstellungssuche und Workshop f\u00fcr deine Bewerbung.<\/li>\n<\/ul>\n<p>[\/vc_column_text][\/vc_column][\/vc_row]<\/p>\n<\/div>","protected":false},"excerpt":{"rendered":"<p>[vc_row][vc_column][vc_column_text] 5 Sterne PADI Instructor Development Kurs Unser IDC Koh Tao Taucher-Trainerteam im\u00a0Black Turtle Dive Tauchcenter\u00a0bietet Anf\u00e4ngern und Profikandidaten ein Expertentraining mit einem Fokus auf Taucherf\u00e4higkeiten, Kompetenz und Selbstvertrauen. Wir bieten umfassende\u00a0Tauchausbildungsprogramme\u00a0an, die von einem erstklassigen Team hochrangiger Tauchlehrertrainern entwickelt, implementiert und geleitet werden. Als eines der etabliertesten und fortschrittlichsten Tauchcenter in Thailand hat sich [&hellip;]<\/p>\n","protected":false},"author":1,"featured_media":5195,"parent":0,"menu_order":0,"comment_status":"closed","ping_status":"closed","template":"","meta":{"_acf_changed":false,"footnotes":""},"class_list":["post-1975","page","type-page","status-publish","has-post-thumbnail","hentry"],"acf":[],"yoast_head":"<!-- This site is optimized with the Yoast SEO Premium plugin v27.5 (Yoast SEO v27.5) - https:\/\/yoast.com\/product\/yoast-seo-premium-wordpress\/ -->\n<title>IDC Koh Tao | PADI Tauchlehrerkurs - Koh Tao<\/title>\n<meta name=\"description\" content=\"W\u00e4hle IDC Koh Tao Thailand f\u00fcr deinen PADI Instructor Development Kurs. Komplette Ressortanlagen, Unterkunftsoptionen. Preisgekr\u00f6nte Tauchanlage\" \/>\n<meta name=\"robots\" content=\"index, follow, max-snippet:-1, max-image-preview:large, max-video-preview:-1\" \/>\n<link rel=\"canonical\" href=\"https:\/\/idckohtao.com\/de\/why-choose-idc-koh-tao\/\" \/>\n<meta property=\"og:locale\" content=\"de_DE\" \/>\n<meta property=\"og:type\" content=\"article\" \/>\n<meta property=\"og:title\" content=\"IDC Koh Tao | PADI Tauchlehrerkurs - Koh Tao\" \/>\n<meta property=\"og:description\" content=\"W\u00e4hle IDC Koh Tao Thailand f\u00fcr deinen PADI Instructor Development Kurs. Komplette Ressortanlagen, Unterkunftsoptionen. Preisgekr\u00f6nte Tauchanlage\" \/>\n<meta property=\"og:url\" content=\"https:\/\/idckohtao.com\/de\/why-choose-idc-koh-tao\/\" \/>\n<meta property=\"og:site_name\" content=\"IDC Koh Tao\" \/>\n<meta property=\"article:publisher\" content=\"https:\/\/www.facebook.com\/GoProIDCKohTao\" \/>\n<meta property=\"article:modified_time\" content=\"2023-09-16T22:10:06+00:00\" \/>\n<meta property=\"og:image\" content=\"https:\/\/idckohtao.com\/wp-content\/uploads\/2023\/08\/idckohtao.com-mask-clear-pro-dive-courses-1.jpg\" \/>\n\t<meta property=\"og:image:width\" content=\"1920\" \/>\n\t<meta property=\"og:image:height\" content=\"1080\" \/>\n\t<meta property=\"og:image:type\" content=\"image\/jpeg\" \/>\n<meta name=\"twitter:card\" content=\"summary_large_image\" \/>\n<meta name=\"twitter:title\" content=\"IDC Koh Tao | PADI Tauchlehrerkurs - Koh Tao\" \/>\n<meta name=\"twitter:description\" content=\"W\u00e4hle IDC Koh Tao Thailand f\u00fcr deinen PADI Instructor Development Kurs. Komplette Ressortanlagen, Unterkunftsoptionen. Preisgekr\u00f6nte Tauchanlage\" \/>\n<meta name=\"twitter:site\" content=\"@GoProIDCKohTao\" \/>\n<!-- \/ Yoast SEO Premium plugin. -->","yoast_head_json":{"title":"IDC Koh Tao | PADI Tauchlehrerkurs - Koh Tao","description":"W\u00e4hle IDC Koh Tao Thailand f\u00fcr deinen PADI Instructor Development Kurs. Komplette Ressortanlagen, Unterkunftsoptionen. Preisgekr\u00f6nte Tauchanlage","robots":{"index":"index","follow":"follow","max-snippet":"max-snippet:-1","max-image-preview":"max-image-preview:large","max-video-preview":"max-video-preview:-1"},"canonical":"https:\/\/idckohtao.com\/de\/why-choose-idc-koh-tao\/","og_locale":"de_DE","og_type":"article","og_title":"IDC Koh Tao | PADI Tauchlehrerkurs - Koh Tao","og_description":"W\u00e4hle IDC Koh Tao Thailand f\u00fcr deinen PADI Instructor Development Kurs. Komplette Ressortanlagen, Unterkunftsoptionen. Preisgekr\u00f6nte Tauchanlage","og_url":"https:\/\/idckohtao.com\/de\/why-choose-idc-koh-tao\/","og_site_name":"IDC Koh Tao","article_publisher":"https:\/\/www.facebook.com\/GoProIDCKohTao","article_modified_time":"2023-09-16T22:10:06+00:00","og_image":[{"width":1920,"height":1080,"url":"https:\/\/idckohtao.com\/wp-content\/uploads\/2023\/08\/idckohtao.com-mask-clear-pro-dive-courses-1.jpg","type":"image\/jpeg"}],"twitter_card":"summary_large_image","twitter_title":"IDC Koh Tao | PADI Tauchlehrerkurs - Koh Tao","twitter_description":"W\u00e4hle IDC Koh Tao Thailand f\u00fcr deinen PADI Instructor Development Kurs. Komplette Ressortanlagen, Unterkunftsoptionen. Preisgekr\u00f6nte Tauchanlage","twitter_site":"@GoProIDCKohTao","schema":{"@context":"https:\/\/schema.org","@graph":[{"@type":"NewsArticle","@id":"https:\/\/idckohtao.com\/de\/why-choose-idc-koh-tao\/#article","isPartOf":{"@id":"https:\/\/idckohtao.com\/de\/why-choose-idc-koh-tao\/"},"author":{"name":"ojasya","@id":"https:\/\/idckohtao.com\/de\/#\/schema\/person\/d08d557cbfdbc171f824052dae697b02"},"headline":"Warum IDC Koh Tao W\u00e4hlen","datePublished":"2023-08-10T07:16:51+00:00","dateModified":"2023-09-16T22:10:06+00:00","mainEntityOfPage":{"@id":"https:\/\/idckohtao.com\/de\/why-choose-idc-koh-tao\/"},"wordCount":364,"publisher":{"@id":"https:\/\/idckohtao.com\/de\/#organization"},"image":{"@id":"https:\/\/idckohtao.com\/de\/why-choose-idc-koh-tao\/#primaryimage"},"thumbnailUrl":"https:\/\/idckohtao.com\/wp-content\/uploads\/2023\/09\/idckohtao.com-diving-instructor-course-in-thailand.jpg","inLanguage":"de"},{"@type":"WebPage","@id":"https:\/\/idckohtao.com\/de\/why-choose-idc-koh-tao\/","url":"https:\/\/idckohtao.com\/de\/why-choose-idc-koh-tao\/","name":"IDC Koh Tao | PADI Tauchlehrerkurs - Koh Tao","isPartOf":{"@id":"https:\/\/idckohtao.com\/de\/#website"},"primaryImageOfPage":{"@id":"https:\/\/idckohtao.com\/de\/why-choose-idc-koh-tao\/#primaryimage"},"image":{"@id":"https:\/\/idckohtao.com\/de\/why-choose-idc-koh-tao\/#primaryimage"},"thumbnailUrl":"https:\/\/idckohtao.com\/wp-content\/uploads\/2023\/09\/idckohtao.com-diving-instructor-course-in-thailand.jpg","datePublished":"2023-08-10T07:16:51+00:00","dateModified":"2023-09-16T22:10:06+00:00","description":"W\u00e4hle IDC Koh Tao Thailand f\u00fcr deinen PADI Instructor Development Kurs. Komplette Ressortanlagen, Unterkunftsoptionen. Preisgekr\u00f6nte Tauchanlage","breadcrumb":{"@id":"https:\/\/idckohtao.com\/de\/why-choose-idc-koh-tao\/#breadcrumb"},"inLanguage":"de","potentialAction":[{"@type":"ReadAction","target":["https:\/\/idckohtao.com\/de\/why-choose-idc-koh-tao\/"]}]},{"@type":"ImageObject","inLanguage":"de","@id":"https:\/\/idckohtao.com\/de\/why-choose-idc-koh-tao\/#primaryimage","url":"https:\/\/idckohtao.com\/wp-content\/uploads\/2023\/09\/idckohtao.com-diving-instructor-course-in-thailand.jpg","contentUrl":"https:\/\/idckohtao.com\/wp-content\/uploads\/2023\/09\/idckohtao.com-diving-instructor-course-in-thailand.jpg","width":1200,"height":900,"caption":"Diving Instructor Course in Thailand"},{"@type":"BreadcrumbList","@id":"https:\/\/idckohtao.com\/de\/why-choose-idc-koh-tao\/#breadcrumb","itemListElement":[{"@type":"ListItem","position":1,"name":"Home","item":"https:\/\/idckohtao.com\/de\/"},{"@type":"ListItem","position":2,"name":"Warum IDC Koh Tao W\u00e4hlen"}]},{"@type":"WebSite","@id":"https:\/\/idckohtao.com\/de\/#website","url":"https:\/\/idckohtao.com\/de\/","name":"IDC Koh Tao","description":"PADI IDC 5 Star Diving Center in Koh Tao - Thailand","publisher":{"@id":"https:\/\/idckohtao.com\/de\/#organization"},"alternateName":"IDC Koh Tao in Thailand","potentialAction":[{"@type":"SearchAction","target":{"@type":"EntryPoint","urlTemplate":"https:\/\/idckohtao.com\/de\/?s={search_term_string}"},"query-input":{"@type":"PropertyValueSpecification","valueRequired":true,"valueName":"search_term_string"}}],"inLanguage":"de"},{"@type":"Organization","@id":"https:\/\/idckohtao.com\/de\/#organization","name":"IDC Koh Tao","alternateName":"IDC Koh Tao | Divemaster & Diving Instructor","url":"https:\/\/idckohtao.com\/de\/","logo":{"@type":"ImageObject","inLanguage":"de","@id":"https:\/\/idckohtao.com\/de\/#\/schema\/logo\/image\/","url":"https:\/\/idckohtao.com\/wp-content\/uploads\/2023\/09\/idckohtao.com-padi-diving-center-in-koh-tao-thailand.png","contentUrl":"https:\/\/idckohtao.com\/wp-content\/uploads\/2023\/09\/idckohtao.com-padi-diving-center-in-koh-tao-thailand.png","width":400,"height":300,"caption":"IDC Koh Tao"},"image":{"@id":"https:\/\/idckohtao.com\/de\/#\/schema\/logo\/image\/"},"sameAs":["https:\/\/www.facebook.com\/GoProIDCKohTao","https:\/\/x.com\/GoProIDCKohTao","https:\/\/www.youtube.com\/idckohtao","https:\/\/www.instagram.com\/idc.kohtao\/"],"description":"IDC Koh Tao is a part of the Black Turtle Dive pro level training team with three PADI Course Directors being led by Award Winning PADI Course Director Matt Bolton. Our full range of pro and recreational PADI Diving Courses provides aspiring scuba divers with education, fun, excitement, adventure, and a change of lifestyle or an opportunity to pursue a new career.","email":"info@idckohtao.com","legalName":"IDC Koh Tao","foundingDate":"2004-01-04","numberOfEmployees":{"@type":"QuantitativeValue","minValue":"1","maxValue":"10"},"correctionsPolicy":"https:\/\/idckohtao.com\/privacy-policy\/","ethicsPolicy":"https:\/\/idckohtao.com\/terms\/"},{"@type":"Person","@id":"https:\/\/idckohtao.com\/de\/#\/schema\/person\/d08d557cbfdbc171f824052dae697b02","name":"ojasya","image":{"@type":"ImageObject","inLanguage":"de","@id":"https:\/\/secure.gravatar.com\/avatar\/6fb34e36d09053a6545fc21d344613321bb1933f185132488f38052166f5a001?s=96&d=mm&r=g","url":"https:\/\/secure.gravatar.com\/avatar\/6fb34e36d09053a6545fc21d344613321bb1933f185132488f38052166f5a001?s=96&d=mm&r=g","contentUrl":"https:\/\/secure.gravatar.com\/avatar\/6fb34e36d09053a6545fc21d344613321bb1933f185132488f38052166f5a001?s=96&d=mm&r=g","caption":"ojasya"},"sameAs":["https:\/\/idckohtao.com"],"url":"https:\/\/idckohtao.com\/de\/blog\/author\/ojasya\/"}]}},"_links":{"self":[{"href":"https:\/\/idckohtao.com\/de\/wp-json\/wp\/v2\/pages\/1975","targetHints":{"allow":["GET"]}}],"collection":[{"href":"https:\/\/idckohtao.com\/de\/wp-json\/wp\/v2\/pages"}],"about":[{"href":"https:\/\/idckohtao.com\/de\/wp-json\/wp\/v2\/types\/page"}],"author":[{"embeddable":true,"href":"https:\/\/idckohtao.com\/de\/wp-json\/wp\/v2\/users\/1"}],"replies":[{"embeddable":true,"href":"https:\/\/idckohtao.com\/de\/wp-json\/wp\/v2\/comments?post=1975"}],"version-history":[{"count":0,"href":"https:\/\/idckohtao.com\/de\/wp-json\/wp\/v2\/pages\/1975\/revisions"}],"wp:featuredmedia":[{"embeddable":true,"href":"https:\/\/idckohtao.com\/de\/wp-json\/wp\/v2\/media\/5195"}],"wp:attachment":[{"href":"https:\/\/idckohtao.com\/de\/wp-json\/wp\/v2\/media?parent=1975"}],"curies":[{"name":"wp","href":"https:\/\/api.w.org\/{rel}","templated":true}]}}