{"id":1978,"date":"2023-08-10T08:54:07","date_gmt":"2023-08-10T08:54:07","guid":{"rendered":"https:\/\/idckohtao.com\/why-choose-koh-tao\/"},"modified":"2023-09-28T06:37:20","modified_gmt":"2023-09-28T06:37:20","slug":"why-choose-koh-tao","status":"publish","type":"page","link":"https:\/\/idckohtao.com\/de\/why-choose-koh-tao\/","title":{"rendered":"Warum Koh Tao W\u00e4hlen"},"content":{"rendered":"<div class=\"wpb-content-wrapper\"><p>[vc_row][vc_column][vc_column_text]<\/p>\n<h2>Koh Tao \u2022 Das weltweit popul\u00e4rste Ziel f\u00fcr Tauchausbildung<\/h2>\n<p><a href=\"https:\/\/www.blackturtledive.com\/de\/koh-tao\/\">Koh Tao<\/a>, \u00fcbersetzt als Schildkr\u00f6teninsel ist eine kleine tropische Insel an der Ostk\u00fcste von Thailand. Zusammen mit Koh Phangan und Koh Samui bildet Koh Tao einen Teil des Chumphon Archipels.<\/p>\n<p>An ihrem breitesten Punkt mi\u00dft die Insel 3,4 km und ihre L\u00e4nge betr\u00e4gt 7,6 km. Dies macht Koh Tao super einfach zum Entdecken und Kennenlernen. Die K\u00fcstenlinie, welche haupts\u00e4chlich mit steilen Felsen umzogen ist, besteht aus elf Buchten und 10 Kaps mit einem umliegenden Korallenriff, welches sich \u00fcber 8 km spannt.<\/p>\n<p>Im Gegensatz zu anderen Inseln in\u00a0<a href=\"https:\/\/en.wikipedia.org\/wiki\/Ko_Tao\" target=\"_blank\" rel=\"noopener\">Thailand kann Koh Tao<\/a>\u00a0rund ums Jahr besucht werden. Wir haben extremes Gl\u00fcck, typischerweise mit klarem <a href=\"https:\/\/www.blackturtledive.com\/de\/koh-tao\/weather\/\">Himmel und Sonnenschein gesegnet<\/a> zu sein. Die k\u00fchle Meeresbrise h\u00e4lt die Temperaturen ertr\u00e4glich. Sollte es einmal windiger werden, gibt es immer einen Platz mit ruhiger See, der uns t\u00e4glich tauchen l\u00e4\u00dft.<\/p>\n<p><b>Tauchausbildung vom Feinsten<\/b><\/p>\n<p>Die Insel bietet nat\u00fcrliche Sch\u00f6nheit sowohl \u00fcber als auch unter Wasser \u2013 jedoch ist, was unter dem Wasser liegt, wof\u00fcr Koh Tao bekannt ist. Ihre fantastischen Korallenriffe und <a href=\"https:\/\/www.blackturtledive.com\/koh-tao-marine-life\/\">Unterwasserleben in H\u00fclle<\/a> und F\u00fclle haben seit \u00fcber 35 Jahren Taucher in diese Gegend gelockt.<\/p>\n<p>Mit der bl\u00fchenden Tauchindustrie wurde Koh Tao zu einem der f\u00fchrenden tropischen Ziele f\u00fcr<a href=\"https:\/\/idckohtao.com\/de\/padi-diving-courses\/\"> Tauchausbildung<\/a>. Es ist klar, warum Koh Tao Jahr f\u00fcr Jahr mehr Taucher zertifiziert, als jeder andere Platz in der Welt. Mit einer perfekten Balance zwischen Tauchpl\u00e4tzen f\u00fcr Anf\u00e4nger und Fortgeschrittene scheint es fast so, als w\u00e4re die Insel f\u00fcr den Tauchunterricht erschaffen worden.<\/p>\n<p>Unsere flachen Tauchpl\u00e4tze und wenig bis nichtexistierende Str\u00f6mungen hei\u00dfen, da\u00df du in fast perfekten Bedingungen zu Unterrichten lernen wirst. Dies wird dir erlauben, ein starkes Fundament f\u00fcr deinen Unterricht aufzubauen, auf welches du sp\u00e4ter in mehr herausfordernden Bedingungen aufbauen kannst. Wenn es um fortgeschrittene Ausbildung geht, bietet Koh Tao viele geeignete Pl\u00e4tze, um die W\u00fcnsche deiner Taucher zu erf\u00fcllen.<\/p>\n<p>Mit \u00fcber <a href=\"https:\/\/www.blackturtledive.com\/koh-tao-dive-sites\/\">26 Tauchpl\u00e4tzen<\/a> rund um Koh Tao versteht es sich wie von selbst, warum jedes Jahr Menschen hierhin str\u00f6men, um zu tauchen. Von tiefen Unterwasserfelsen bis zu flachen, sandigen Buchten, Wracks und H\u00f6hlen ist dies eine echte Taucher-Spielwiese.<\/p>\n<p><b>Eine gro\u00dfe Auswahl an Inselaktivit\u00e4ten<\/b><\/p>\n<p>OK \u2026 wir wissen, das du denkst: Ist Tauchen alles, was die Insel zu bieten hat? Auch wenn die Insel ein Synonym f\u00fcrs Tauchen ist, gibt es so viel mehr zu tun auf unserem kleinen Teil vom Paradies. An Tagen, an denen du nicht tauchst, kannst du dennoch die Unterwasserwelt erkunden, auf Schnorcheltrips, Kajak- oder Paddle Board-Touren.<\/p>\n<p>F\u00fcr Wanderer gibt es Dschungel an der K\u00fcste zu erkunden und Aussichtspunkte zu besteigen.<a href=\"https:\/\/www.thefunkyturtle.com\/koh-tao\/\"> Koh Tao zu Fu\u00df zu entdecken<\/a>, erlaubt dir, die Insel in einem ganz neuen Licht zu sehen.<\/p>\n<p>Wenn du ein Fitness-Junkie bist, gibt es eine Reihe von Fitnessstudios, welche eine Reihe von Kursen und Training bieten. Nimm teil an Yoga, CrossFit, Muay Thai oder was auch immer dein Herz begehrt. Dies wird dir erlauben, Lifestyle-Anspr\u00fcche zu wahren w\u00e4hrend du deinen Tauchtraum lebst.<\/p>\n<p><b>Restaurants und Nachtleben auf Koh Tao<\/b><\/p>\n<p>Essen zu gehen bietet endlose M\u00f6glichkeiten, mit Restaurants, die alle Geschm\u00e4cker treffen. Mit Gerichten aus allen Ecken der Welt werden deine Begierden nicht unbeantwortet bleiben. Du wirst entdecken, da\u00df Koh Tao f\u00fcr alle Anspr\u00fcche liefert mit veganen, glutenfreien und vegetarischen Optionen. Falls du ein bi\u00dfchen Zeit brauchst, um deine Ern\u00e4hrung von Western auf Thai Food umzustellen und gerne Live Sport schaust, gibt es ebenso eine Reihe von Optionen f\u00fcr dich..<\/p>\n<p>Nat\u00fcrlich empfehlen wir \u00fcber allem anderen, dir die Zeit zu nehmen und die traditionelle Thai K\u00fcche zu genie\u00dfen. Thai Essen ist extrem geschmackvoll und Koh Tao bietet viele Optionen zur Auswahl.<\/p>\n<p>Nach einem guten Abendessen genie\u00dfe eine Nacht in der Stadt \u2026 oder sollen wir sagen: Insel. Bars und Pubs sind einfach zu finden, egal, was deine bevorzugte Art von Nachtleben ist. Sitze mit deinen F\u00fc\u00dfen im Sand und schaue dir den Sonnenuntergang an, w\u00e4hrend du einen erfrischenden Drink genie\u00dft. Wenn du nach etwas mehr Action suchst, schau dir eine Fire Show oder Live Music in einer der vielen Strandbars an.<\/p>\n<p>Wenn es zum Shoppen kommt, wirst du einen perfekten Mix von traditionellen Thai M\u00e4rkten und Western Shops finden. Es gibt drei Haupteinkaufszentren auf der Insel und du wirst sehen, da\u00df jedes einen individuellen und einzigartigen Stil hat.<\/p>\n<p>Vergi\u00df nicht, abzuschalten und verbring einige Zeit in einem der vielen traditionell Thai oder Western Spas. Wir k\u00f6nnen an keinen besseren Weg denken, um den Tag ausklingen zu lassen, als mit einer entspannten Massage am Strand.<\/p>\n<p>Koh Tao ist wirklich das tropische Inselparadies das alles hat, es gibt keinen besseren Platz f\u00fcr einen Besuch und um ein\u00a0<a href=\"https:\/\/idckohtao.com\/de\/padi-instructor-development-course\/\">PADI Tauchlehrer zu werden<\/a>.<\/p>\n<p><strong>Wie komme ich nach Koh Tao<\/strong><\/p>\n<p>Leben auf einem so sch\u00f6nen abgelegenen Platz kann seine Nachteile haben, die Anreise nach oder <a href=\"https:\/\/www.blackturtledive.com\/de\/koh-tao\/how-to-get-here\/\">Abreise von Koh Tao<\/a> ist jedoch keiner.<\/p>\n<p>Reise zu einem Flughafen mit Hochgeschwindigkeitsf\u00e4hren, die eine einfache und komfortable Reise bieten. Mit Flugh\u00e4fen in Koh Samui,\u00a0<a href=\"https:\/\/en.wikipedia.org\/wiki\/Surat_Thani_Province\" target=\"_blank\" rel=\"noopener\">Surat Thani &amp; Chumphon<\/a>\u00a0wirst du sehen, da\u00df eine Reise zu einem Flughafen nur eine zweist\u00fcndige Sache ist.<\/p>\n<p>Die Lomprayah Company bietet die schnellste Verbindung von und zum Festland mit ihren Hochgeschwindigkeits-Katamaranen. Leiste dir die VIP-Abteilung f\u00fcr ein paar extra Baht und entspanne nach einem Reisetag.<\/p>\n<p>Wenn du uns wissen l\u00e4\u00dft, aus welchem Teil Thailands du anreisen wirst, kann unser Reisepartner Island Travel Koh Tao dir direkte Assistenz f\u00fcr alle ankommenden Routen nach Koh Tao bieten. La\u00df uns die Arbeit f\u00fcr dich machen, soda\u00df du dich darauf konzentrieren kannst, dich auf deine neue Karriere als PADI Profi vorzubereiten.<\/p>\n<p><strong>Sendet uns bitte eine Nachricht mit euren Fragen zur Anreise.<\/strong>[\/vc_column_text][\/vc_column][\/vc_row][vc_row][vc_column][vc_custom_heading text=&#8220;Abfahrtzeiten popul\u00e4rer F\u00e4hren&#8220; font_container=&#8220;tag:h4|text_align:left&#8220; use_theme_fonts=&#8220;yes&#8220;][\/vc_column][\/vc_row][vc_row][vc_column width=&#8220;1\/2&#8243;][vc_column_text]<strong><span class=\"s1\">Von Koh Samui<\/span><\/strong><br \/>\n08:00 11:15 12:30 &amp; 17:00 Lomprayah<br \/>\n08:00 13:00 &amp; 16:30 Seatran[\/vc_column_text][vc_column_text]<strong>Von Chumphon<\/strong><br \/>\n07:30 13:00 Lomprayah[\/vc_column_text][\/vc_column][vc_column width=&#8220;1\/2&#8243;][vc_column_text]<strong> <span class=\"s1\">Von Koh Phangan<\/span><\/strong><br \/>\n08:30 13:00 17:30 Lomprayah<br \/>\n08:30 13:30 17:00 Seatran[\/vc_column_text][vc_column_text]<strong>Von Suratthani (Donsak Pier)<\/strong><br \/>\n10:10 16:00 Lomprayah<br \/>\n11:00 14:30 Seatran[\/vc_column_text][\/vc_column][\/vc_row]<\/p>\n<\/div>","protected":false},"excerpt":{"rendered":"<p>[vc_row][vc_column][vc_column_text] Koh Tao \u2022 Das weltweit popul\u00e4rste Ziel f\u00fcr Tauchausbildung Koh Tao, \u00fcbersetzt als Schildkr\u00f6teninsel ist eine kleine tropische Insel an der Ostk\u00fcste von Thailand. Zusammen mit Koh Phangan und Koh Samui bildet Koh Tao einen Teil des Chumphon Archipels. An ihrem breitesten Punkt mi\u00dft die Insel 3,4 km und ihre L\u00e4nge betr\u00e4gt 7,6 km. [&hellip;]<\/p>\n","protected":false},"author":1,"featured_media":5190,"parent":0,"menu_order":0,"comment_status":"closed","ping_status":"closed","template":"","meta":{"_acf_changed":false,"footnotes":""},"class_list":["post-1978","page","type-page","status-publish","has-post-thumbnail","hentry"],"acf":[],"yoast_head":"<!-- This site is optimized with the Yoast SEO Premium plugin v27.5 (Yoast SEO v27.6) - https:\/\/yoast.com\/product\/yoast-seo-premium-wordpress\/ -->\n<title>IDC Koh Tao | Ein tropisches Inselparadies f\u00fcrs Tauchen<\/title>\n<meta name=\"description\" content=\"PADI IDC Koh Tao in Thailand liegt auf einem wundersch\u00f6nen tropischen Inselparadies mit Tauchen rund ums Jahr. Die No. 1 Adresse f\u00fcr Tauchausbildung weltweit mit Crystal Dives Ausbildungseinrichtungen f\u00fcr aufstrebende Tauchprofis.\" \/>\n<meta name=\"robots\" content=\"index, follow, max-snippet:-1, max-image-preview:large, max-video-preview:-1\" \/>\n<link rel=\"canonical\" href=\"https:\/\/idckohtao.com\/de\/why-choose-koh-tao\/\" \/>\n<meta property=\"og:locale\" content=\"de_DE\" \/>\n<meta property=\"og:type\" content=\"article\" \/>\n<meta property=\"og:title\" content=\"IDC Koh Tao | Ein tropisches Inselparadies f\u00fcrs Tauchen\" \/>\n<meta property=\"og:description\" content=\"PADI IDC Koh Tao in Thailand liegt auf einem wundersch\u00f6nen tropischen Inselparadies mit Tauchen rund ums Jahr. Die No. 1 Adresse f\u00fcr Tauchausbildung weltweit mit Crystal Dives Ausbildungseinrichtungen f\u00fcr aufstrebende Tauchprofis.\" \/>\n<meta property=\"og:url\" content=\"https:\/\/idckohtao.com\/de\/why-choose-koh-tao\/\" \/>\n<meta property=\"og:site_name\" content=\"IDC Koh Tao\" \/>\n<meta property=\"article:publisher\" content=\"https:\/\/www.facebook.com\/GoProIDCKohTao\" \/>\n<meta property=\"article:modified_time\" content=\"2023-09-28T06:37:20+00:00\" \/>\n<meta property=\"og:image\" content=\"https:\/\/idckohtao.com\/wp-content\/uploads\/2023\/08\/crystaldive.com-koh-tao-koh-nangyuan-island-dive-sites-1-1024x458.png\" \/>\n\t<meta property=\"og:image:width\" content=\"1024\" \/>\n\t<meta property=\"og:image:height\" content=\"458\" \/>\n\t<meta property=\"og:image:type\" content=\"image\/png\" \/>\n<meta name=\"twitter:card\" content=\"summary_large_image\" \/>\n<meta name=\"twitter:title\" content=\"IDC Koh Tao | Ein tropisches Inselparadies f\u00fcrs Tauchen\" \/>\n<meta name=\"twitter:description\" content=\"PADI IDC Koh Tao in Thailand liegt auf einem wundersch\u00f6nen tropischen Inselparadies mit Tauchen rund ums Jahr. Die No. 1 Adresse f\u00fcr Tauchausbildung weltweit mit Crystal Dives Ausbildungseinrichtungen f\u00fcr aufstrebende Tauchprofis.\" \/>\n<meta name=\"twitter:site\" content=\"@GoProIDCKohTao\" \/>\n<!-- \/ Yoast SEO Premium plugin. -->","yoast_head_json":{"title":"IDC Koh Tao | Ein tropisches Inselparadies f\u00fcrs Tauchen","description":"PADI IDC Koh Tao in Thailand liegt auf einem wundersch\u00f6nen tropischen Inselparadies mit Tauchen rund ums Jahr. Die No. 1 Adresse f\u00fcr Tauchausbildung weltweit mit Crystal Dives Ausbildungseinrichtungen f\u00fcr aufstrebende Tauchprofis.","robots":{"index":"index","follow":"follow","max-snippet":"max-snippet:-1","max-image-preview":"max-image-preview:large","max-video-preview":"max-video-preview:-1"},"canonical":"https:\/\/idckohtao.com\/de\/why-choose-koh-tao\/","og_locale":"de_DE","og_type":"article","og_title":"IDC Koh Tao | Ein tropisches Inselparadies f\u00fcrs Tauchen","og_description":"PADI IDC Koh Tao in Thailand liegt auf einem wundersch\u00f6nen tropischen Inselparadies mit Tauchen rund ums Jahr. Die No. 1 Adresse f\u00fcr Tauchausbildung weltweit mit Crystal Dives Ausbildungseinrichtungen f\u00fcr aufstrebende Tauchprofis.","og_url":"https:\/\/idckohtao.com\/de\/why-choose-koh-tao\/","og_site_name":"IDC Koh Tao","article_publisher":"https:\/\/www.facebook.com\/GoProIDCKohTao","article_modified_time":"2023-09-28T06:37:20+00:00","og_image":[{"width":1024,"height":458,"url":"https:\/\/idckohtao.com\/wp-content\/uploads\/2023\/08\/crystaldive.com-koh-tao-koh-nangyuan-island-dive-sites-1-1024x458.png","type":"image\/png"}],"twitter_card":"summary_large_image","twitter_title":"IDC Koh Tao | Ein tropisches Inselparadies f\u00fcrs Tauchen","twitter_description":"PADI IDC Koh Tao in Thailand liegt auf einem wundersch\u00f6nen tropischen Inselparadies mit Tauchen rund ums Jahr. Die No. 1 Adresse f\u00fcr Tauchausbildung weltweit mit Crystal Dives Ausbildungseinrichtungen f\u00fcr aufstrebende Tauchprofis.","twitter_site":"@GoProIDCKohTao","schema":{"@context":"https:\/\/schema.org","@graph":[{"@type":"NewsArticle","@id":"https:\/\/idckohtao.com\/de\/why-choose-koh-tao\/#article","isPartOf":{"@id":"https:\/\/idckohtao.com\/de\/why-choose-koh-tao\/"},"author":{"name":"ojasya","@id":"https:\/\/idckohtao.com\/de\/#\/schema\/person\/d08d557cbfdbc171f824052dae697b02"},"headline":"Warum Koh Tao W\u00e4hlen","datePublished":"2023-08-10T08:54:07+00:00","dateModified":"2023-09-28T06:37:20+00:00","mainEntityOfPage":{"@id":"https:\/\/idckohtao.com\/de\/why-choose-koh-tao\/"},"wordCount":1079,"publisher":{"@id":"https:\/\/idckohtao.com\/de\/#organization"},"image":{"@id":"https:\/\/idckohtao.com\/de\/why-choose-koh-tao\/#primaryimage"},"thumbnailUrl":"https:\/\/idckohtao.com\/wp-content\/uploads\/2023\/09\/idckohtao.com-koh-tao-best-location-in-the-world-for-learning-to-scuba-dive.jpeg","inLanguage":"de"},{"@type":"WebPage","@id":"https:\/\/idckohtao.com\/de\/why-choose-koh-tao\/","url":"https:\/\/idckohtao.com\/de\/why-choose-koh-tao\/","name":"IDC Koh Tao | Ein tropisches Inselparadies f\u00fcrs Tauchen","isPartOf":{"@id":"https:\/\/idckohtao.com\/de\/#website"},"primaryImageOfPage":{"@id":"https:\/\/idckohtao.com\/de\/why-choose-koh-tao\/#primaryimage"},"image":{"@id":"https:\/\/idckohtao.com\/de\/why-choose-koh-tao\/#primaryimage"},"thumbnailUrl":"https:\/\/idckohtao.com\/wp-content\/uploads\/2023\/09\/idckohtao.com-koh-tao-best-location-in-the-world-for-learning-to-scuba-dive.jpeg","datePublished":"2023-08-10T08:54:07+00:00","dateModified":"2023-09-28T06:37:20+00:00","description":"PADI IDC Koh Tao in Thailand liegt auf einem wundersch\u00f6nen tropischen Inselparadies mit Tauchen rund ums Jahr. Die No. 1 Adresse f\u00fcr Tauchausbildung weltweit mit Crystal Dives Ausbildungseinrichtungen f\u00fcr aufstrebende Tauchprofis.","breadcrumb":{"@id":"https:\/\/idckohtao.com\/de\/why-choose-koh-tao\/#breadcrumb"},"inLanguage":"de","potentialAction":[{"@type":"ReadAction","target":["https:\/\/idckohtao.com\/de\/why-choose-koh-tao\/"]}]},{"@type":"ImageObject","inLanguage":"de","@id":"https:\/\/idckohtao.com\/de\/why-choose-koh-tao\/#primaryimage","url":"https:\/\/idckohtao.com\/wp-content\/uploads\/2023\/09\/idckohtao.com-koh-tao-best-location-in-the-world-for-learning-to-scuba-dive.jpeg","contentUrl":"https:\/\/idckohtao.com\/wp-content\/uploads\/2023\/09\/idckohtao.com-koh-tao-best-location-in-the-world-for-learning-to-scuba-dive.jpeg","width":1300,"height":731,"caption":"Aerial view of Beautiful Koh Tao island in Surat Thani, Thailand."},{"@type":"BreadcrumbList","@id":"https:\/\/idckohtao.com\/de\/why-choose-koh-tao\/#breadcrumb","itemListElement":[{"@type":"ListItem","position":1,"name":"Home","item":"https:\/\/idckohtao.com\/de\/"},{"@type":"ListItem","position":2,"name":"Warum Koh Tao W\u00e4hlen"}]},{"@type":"WebSite","@id":"https:\/\/idckohtao.com\/de\/#website","url":"https:\/\/idckohtao.com\/de\/","name":"IDC Koh Tao","description":"PADI IDC 5 Star Diving Center in Koh Tao - Thailand","publisher":{"@id":"https:\/\/idckohtao.com\/de\/#organization"},"alternateName":"IDC Koh Tao in Thailand","potentialAction":[{"@type":"SearchAction","target":{"@type":"EntryPoint","urlTemplate":"https:\/\/idckohtao.com\/de\/?s={search_term_string}"},"query-input":{"@type":"PropertyValueSpecification","valueRequired":true,"valueName":"search_term_string"}}],"inLanguage":"de"},{"@type":"Organization","@id":"https:\/\/idckohtao.com\/de\/#organization","name":"IDC Koh Tao","alternateName":"IDC Koh Tao | Divemaster & Diving Instructor","url":"https:\/\/idckohtao.com\/de\/","logo":{"@type":"ImageObject","inLanguage":"de","@id":"https:\/\/idckohtao.com\/de\/#\/schema\/logo\/image\/","url":"https:\/\/idckohtao.com\/wp-content\/uploads\/2023\/09\/idckohtao.com-padi-diving-center-in-koh-tao-thailand.png","contentUrl":"https:\/\/idckohtao.com\/wp-content\/uploads\/2023\/09\/idckohtao.com-padi-diving-center-in-koh-tao-thailand.png","width":400,"height":300,"caption":"IDC Koh Tao"},"image":{"@id":"https:\/\/idckohtao.com\/de\/#\/schema\/logo\/image\/"},"sameAs":["https:\/\/www.facebook.com\/GoProIDCKohTao","https:\/\/x.com\/GoProIDCKohTao","https:\/\/www.youtube.com\/idckohtao","https:\/\/www.instagram.com\/idc.kohtao\/"],"description":"IDC Koh Tao is a part of the Black Turtle Dive pro level training team with three PADI Course Directors being led by Award Winning PADI Course Director Matt Bolton. Our full range of pro and recreational PADI Diving Courses provides aspiring scuba divers with education, fun, excitement, adventure, and a change of lifestyle or an opportunity to pursue a new career.","email":"info@idckohtao.com","legalName":"IDC Koh Tao","foundingDate":"2004-01-04","numberOfEmployees":{"@type":"QuantitativeValue","minValue":"1","maxValue":"10"},"correctionsPolicy":"https:\/\/idckohtao.com\/privacy-policy\/","ethicsPolicy":"https:\/\/idckohtao.com\/terms\/"},{"@type":"Person","@id":"https:\/\/idckohtao.com\/de\/#\/schema\/person\/d08d557cbfdbc171f824052dae697b02","name":"ojasya","image":{"@type":"ImageObject","inLanguage":"de","@id":"https:\/\/secure.gravatar.com\/avatar\/6fb34e36d09053a6545fc21d344613321bb1933f185132488f38052166f5a001?s=96&d=mm&r=g","url":"https:\/\/secure.gravatar.com\/avatar\/6fb34e36d09053a6545fc21d344613321bb1933f185132488f38052166f5a001?s=96&d=mm&r=g","contentUrl":"https:\/\/secure.gravatar.com\/avatar\/6fb34e36d09053a6545fc21d344613321bb1933f185132488f38052166f5a001?s=96&d=mm&r=g","caption":"ojasya"},"sameAs":["https:\/\/idckohtao.com"],"url":"https:\/\/idckohtao.com\/de\/blog\/author\/ojasya\/"}]}},"_links":{"self":[{"href":"https:\/\/idckohtao.com\/de\/wp-json\/wp\/v2\/pages\/1978","targetHints":{"allow":["GET"]}}],"collection":[{"href":"https:\/\/idckohtao.com\/de\/wp-json\/wp\/v2\/pages"}],"about":[{"href":"https:\/\/idckohtao.com\/de\/wp-json\/wp\/v2\/types\/page"}],"author":[{"embeddable":true,"href":"https:\/\/idckohtao.com\/de\/wp-json\/wp\/v2\/users\/1"}],"replies":[{"embeddable":true,"href":"https:\/\/idckohtao.com\/de\/wp-json\/wp\/v2\/comments?post=1978"}],"version-history":[{"count":0,"href":"https:\/\/idckohtao.com\/de\/wp-json\/wp\/v2\/pages\/1978\/revisions"}],"wp:featuredmedia":[{"embeddable":true,"href":"https:\/\/idckohtao.com\/de\/wp-json\/wp\/v2\/media\/5190"}],"wp:attachment":[{"href":"https:\/\/idckohtao.com\/de\/wp-json\/wp\/v2\/media?parent=1978"}],"curies":[{"name":"wp","href":"https:\/\/api.w.org\/{rel}","templated":true}]}}