{"id":1983,"date":"2023-08-10T07:33:16","date_gmt":"2023-08-10T07:33:16","guid":{"rendered":"https:\/\/idckohtao.com\/why-choose-padi\/"},"modified":"2023-09-16T22:10:07","modified_gmt":"2023-09-16T22:10:07","slug":"why-choose-padi","status":"publish","type":"page","link":"https:\/\/idckohtao.com\/de\/why-choose-padi\/","title":{"rendered":"Warum PADI W\u00e4hlen"},"content":{"rendered":"<h2>PADI \u2022 Weltmarktf\u00fchrer in der Tauchausbildung seit mehr als 50 Jahren<\/h2>\n<p><b>Weltweite Markenwiedererkennung<\/b><\/p>\n<p>Die PADI Marke und das Logo sind weltweit \u00fcberall als die Repr\u00e4sentation von Tauchern anerkannt. PADI Profis,\u00a0<a href=\"https:\/\/www.padi.com\/courses\" target=\"_blank\" rel=\"noopener\">PADI Kurse<\/a>\u00a0und PADI Ausbildungsmaterialien sind die meistgefragten G\u00fcter in der Tauchindustrie.<\/p>\n<p>Menschen rund um die Welt assoziieren Tauchausbildung mit \u201c<a href=\"https:\/\/www.padi.com\/courses\/open-water-diver\" target=\"_blank\" rel=\"noopener\">meinen PADI machen<\/a>\u201d. Wenn es wie ein wahrgewordener Traum klingt, als Tauchprofi um die Welt zu reisen, macht es nur Sinn, da\u00df du das Beste w\u00e4hlst. Wo auch immer dich deine Reise hin verschl\u00e4gt, du wirst immer eine Familie mit PADI haben.<\/p>\n<p><b>Leistungsbasierte Ausbildung<\/b><\/p>\n<p>Das PADI System der Tauchausbildung ist das solideste Ausbildungssystem in der Tauchindustrie. Es kreiert Tauchausbildung, die sowohl angenehm wie auch lohnenswert f\u00fcr alle Taucherstufen ist.<\/p>\n<p>Als ein PADI Tauchlehrer kannst du dir sicher sein, da\u00df dein Ausbildungsniveau allerh\u00f6chsten Standards der Tauchbranche entspricht, best\u00e4tigt durch ein solides, proaktives Qualit\u00e4tsmanagement-System. Hochmoderne Technologie und Ausbildungsmodelle wurden eingesetzt, um eine gro\u00dfe Palette von PADI Materialien zu entwickeln.<\/p>\n<p>Du kannst dich als Instructor sicher f\u00fchlen in dem Wissen, da\u00df diese Materialien immer mit dem Tauchsch\u00fcler im Hinterkopf entwickelt wurden. Es stehen Materialien zum unabh\u00e4ngigen Studium zur Verf\u00fcgung, mit einer Vielfalt von Medien, welche Sch\u00fclern erlauben, auf eine Weise zu lernen, die ihnen am Besten liegt.<\/p>\n<p>Ob dies hei\u00dft, \u00fcber Wracktauchen im Komfort des eigenen Zimmers zu lesen oder das\u00a0<a href=\"https:\/\/apps.padi.com\/scuba-diving\/elearning\/\" target=\"_blank\" rel=\"noopener\">Open Water eLearning<\/a>\u00a0im Flugzeug nach Thailand zu absolvieren \u2026 Was auch immer die Anspr\u00fcche, der Kurs kann pers\u00f6nlich auf jeden individuellen Kunden angepasst werden.<\/p>\n<p>Aber PADI hat neben den Tauchsch\u00fclern auch nicht die Anspr\u00fcche derer vergessen, welche unterrichten. Materialien zur Unterrichtsunterst\u00fctzung werden dir helfen, wichtige Konzepte n\u00e4her zu erkl\u00e4ren und das Verstehen dieser zu best\u00e4tigen.<\/p>\n<p>W\u00e4hrend deiner\u00a0<a href=\"https:\/\/idckohtao.com\/de\/padi-instructor-development-course\/\">professionellen Tauchlehrerausbildung<\/a>\u00a0wirst du lernen, wie du diese Materialien effizient einsetzt und in deinem pers\u00f6nlichen Unterrichtsstil anwendest. Ein solch gro\u00dfartiges Fundament, auf dem du deine Kurse aufbauen kannst wird dir erlauben, mehr Zeit au\u00dferhalb des Klassenzimmers zu verbringen.<\/p>\n<p>Der beste Teil, wenn es um die Struktur aller PADI Kurse geht ist Flexibilit\u00e4t. Du wirst sehen, da\u00df Programme leistungsorientiert und sch\u00fclerzentriert sind. Dies erlaubt dir, dich sicher zu f\u00fchlen in dem Wissen, da\u00df du und deine Sch\u00fcler das bestm\u00f6gliche Training erhalten.<\/p>\n<p>Jeder Einzelne kann etwas Anderes aus dem Kurs mitnehmen und wissen, da\u00df sie mit einem Zertifikat abschlie\u00dfen, welches \u00fcberall auf der Welt anerkannt wird.<\/p>\n<p><b>Beste Ausbildungsstandards<\/b><\/p>\n<p>Alle PADI Programme, vom Einsteigerniveau bis zum professionellen Training, fallen unter strikte Ausbildungsstandards. Dieses Kriterium wird konstant \u00fcberwacht, um weltweite Best\u00e4ndigkeit und Qualit\u00e4t zu sichern.<\/p>\n<p>PADI hat einen proaktiven Ansatz beim Qualit\u00e4tsmanagement und befragt willk\u00fcrlich PADI Taucher unabh\u00e4ngig davon, welchen Kurs diese besucht haben. Die Fragen sollen best\u00e4tigen, da\u00df die Kurse nach PADI Standards durchgef\u00fchrt und ebenso die Erwartungen und Anspr\u00fcche des Tauchsch\u00fclers erf\u00fcllt wurden.<\/p>\n<p>Dadurch versichert sich PADI, da\u00df sich seine Mitglieder an die gesetzten Standards halten. Tauchlehrer k\u00f6nnen auf ihre Kurse stolz sein, w\u00e4hrend Tauchsch\u00fcler Vertrauen haben, in was sie gelernt haben. Keine andere Tauchausbildungsorganisation arbeitet h\u00e4rter daran, dieses Niveau von professioneller Verl\u00e4\u00dflichkeit und Integrit\u00e4t zu erhalten.<\/p>\n<p><b>International Organization for Standardization (ISO) konform<\/b><\/p>\n<p>PADI Kurse sind zertifiziert als konform mit ISO Standards f\u00fcr Sporttauch-Angebote. Dies wird durch einen unabh\u00e4ngigen Gutachter ermittelt, der \u2018European Underwater Federation\u2019 und dem \u2018Austrian Standards Institute\u2019.<\/p>\n<p>Teil einer solch globalen Organisation zu sein, zeigt die Absichten des PADI Namens und alles, wof\u00fcr dieser steht.<\/p>\n<p><b>Kundenservice und Gesch\u00e4ftsunterst\u00fctzung<\/b><\/p>\n<p>Als PADI Profi wirst du ein unvergleichbares Niveau von Unterst\u00fctzung erfahren. Wenn es um Kundenservice und Gesch\u00e4ftsberatung geht, kann keine andere Trainingsorganisation mithalten. Mit dem gr\u00f6\u00dften Angestelltenkreis von regionalen Managern und spezialisierten Beratern wirst du Eins-zu-Eins Aufmerksamkeit von den Feinsten der Industrie genie\u00dfen.<\/p>\n<p>Es gibt dedizierte\u00a0<a href=\"https:\/\/www.padi.com\/help\/faq\" target=\"_blank\" rel=\"noopener\">Kundenservice-Teams<\/a>\u00a0in den PADI regionalen Hauptquartieren, darauf konzentriert, dich mit Beratung, Empfehlungen und Hilfe zu versorgen. Alle PADI Regional Manager (RM) haben selbst in der Industrie f\u00fcr Jahre gearbeitet. Sie verf\u00fcgen \u00fcber die Sachkenntnis in PADI Ausbildungsprogrammen und -produkten und einige haben selbst in der Vergangenheit Tauchcenter geleitet oder besessen. Dieses Expertenteam zur Verf\u00fcgung zu haben ist eine wertvolle Ressource.<\/p>\n<p><img decoding=\"async\" class=\"alignnone wp-image-794 size-large\" src=\"https:\/\/idckohtao.com\/wp-content\/uploads\/2023\/08\/padi-idc-koh-tao-confined-water-presentation-1024x576.jpg\" alt=\"padi-idc-koh-tao-confined-water-presentation\" width=\"1024\" height=\"576\" srcset=\"https:\/\/idckohtao.com\/wp-content\/uploads\/2023\/08\/padi-idc-koh-tao-confined-water-presentation-1024x576.jpg 1024w, https:\/\/idckohtao.com\/wp-content\/uploads\/2023\/08\/padi-idc-koh-tao-confined-water-presentation-300x169.jpg 300w, https:\/\/idckohtao.com\/wp-content\/uploads\/2023\/08\/padi-idc-koh-tao-confined-water-presentation-768x432.jpg 768w, https:\/\/idckohtao.com\/wp-content\/uploads\/2023\/08\/padi-idc-koh-tao-confined-water-presentation.jpg 1080w\" sizes=\"(max-width: 1024px) 100vw, 1024px\" \/><\/p>\n<p><b>Risikomanagement und Versicherungisk management and insurance<\/b><\/p>\n<p>PADI ist die einzige Organisation, welche ein Vollzeit Inhouse Team f\u00fcr Risikomanagement anbietet. Die Mitarbeiter sind da, um dir bei der Beurteilung deiner Gesch\u00e4ftspraktiken, Unterrichtstechniken wie auch umsichtiger Entscheidungsfindung zu assistieren.<\/p>\n<p>Dies wird dir helfen, die Sicherheit deiner Kunden zu erh\u00f6hen und dein eigenes Risiko zu verringern. Ob Hilfe bei der Entwicklung von Risikoausschlu\u00dfformularen oder der Assistenz, sollte ein Vorfall passieren \u2013 das Risikomangement-Team ist immer verf\u00fcgbar.<\/p>\n<p>Als ein professionelles PADI Mitglied hast du Zugriff auf die\u00a0<a href=\"https:\/\/www.diversalertnetwork.org\/insurance\/\" target=\"_blank\" rel=\"noopener\">umfangreichsten Versicherungsprogramme<\/a>\u00a0in der Tauchindustrie. Diese Programme bieten spezialisierte Deckung f\u00fcr Tauchshops, Resort, Tauchboote und Tauchlehrer.<\/p>\n<p>Die Sicherheit, das in der Industrie st\u00e4rkste und erfolgreichste juristische Verteidigerteam in deinem R\u00fccken zu haben ist unbezahlbar. PADI mit ihrer Gr\u00f6\u00dfe hat die Kraft, die Interessen des Tauchens und der Umgebung im Angesicht von Legislation und Regulation zu repr\u00e4sentieren.<\/p>\n<p>Wir wissen, da\u00df, auch wenn Tauchen bereits sehr sicher sein kann, immer ein Risiko besteht. Sch\u00fctze dich selbst mit dem Besten und begn\u00fcge dich nicht mit weniger.<\/p>\n<p><b>Umwelt-Verpflichtung<\/b><\/p>\n<p>Als weltweiter Marktf\u00fchrer in der Tauchausbildung nimmt die PADI Organisation ihre Rolle in der Verpflichtung zum Umweltschutz ernst. Zusammen mit\u00a0<a href=\"http:\/\/www.projectaware.org\/\" target=\"_blank\" rel=\"noopener\">Project AWARE<\/a>\u00a0spenden PADI B\u00fcros, Mitglieder und PADI Taucher Zeit und Ressourcen, um zu helfen, die Unterwasserwelt zu sch\u00fctzen. Taucher werden ausgebildet, um auf unsere Meeres-Ressourcen zu achten und einen nachhaltigen Wandel einzuleiten.<\/p>\n<p>Ohne ein solch gro\u00dfes Podium ist es wesentlich schwerer, geh\u00f6rt zu werden. Project AWARE bietet eine globale Plattform, auf der man stehen und das Wort verbreiten kann. Sie haben Ausbildungsmaterialien, Spezialkurse und eine Marke entwickelt, zu helfen, Unterwasser-Botschafter zu schaffen. Es ist schwer genug, einen Unterschied zu machen, aber mit PADI an deiner Seite sind die M\u00f6glichkeiten unbegrenzt.<\/p>\n<p>Ein\u00a0<a href=\"https:\/\/www.msc.org\/what-we-are-doing\/oceans-at-risk\" target=\"_blank\" rel=\"noopener\">gesunder Ozean<\/a>\u00a0ist nicht nur f\u00fcr unser \u00dcberleben wichtig, aber ebenso f\u00fcr das Leben zuk\u00fcnftiger Generationen. Nutze den PADI Namen, um dich selbst und deine zuk\u00fcnftigen Taucher zu informieren. Lebe den Traum und ermutige andere, das Gleiche zu tun. Gemeinsam k\u00f6nnen wir einen Unterschied machen.<\/p>\n","protected":false},"excerpt":{"rendered":"<p>PADI \u2022 Weltmarktf\u00fchrer in der Tauchausbildung seit mehr als 50 Jahren Weltweite Markenwiedererkennung Die PADI Marke und das Logo sind weltweit \u00fcberall als die Repr\u00e4sentation von Tauchern anerkannt. PADI Profis,\u00a0PADI Kurse\u00a0und PADI Ausbildungsmaterialien sind die meistgefragten G\u00fcter in der Tauchindustrie. Menschen rund um die Welt assoziieren Tauchausbildung mit \u201cmeinen PADI machen\u201d. Wenn es wie ein [&hellip;]<\/p>\n","protected":false},"author":1,"featured_media":5221,"parent":0,"menu_order":0,"comment_status":"closed","ping_status":"closed","template":"","meta":{"_acf_changed":false,"footnotes":""},"class_list":["post-1983","page","type-page","status-publish","has-post-thumbnail","hentry"],"acf":[],"yoast_head":"<!-- This site is optimized with the Yoast SEO Premium plugin v27.5 (Yoast SEO v27.5) - https:\/\/yoast.com\/product\/yoast-seo-premium-wordpress\/ -->\n<title>IDC Koh Tao | W\u00e4hle PADI f\u00fcr deinen Tauchlehrerkurs<\/title>\n<meta name=\"description\" content=\"IDC Koh Tao ist eines von S\u00fcdostasiens f\u00fchrenden Pro-Level PADI Tauchcentern. Ein mehrfach ausgezeichnetes 5-Sterne Career Development Center, welches die h\u00f6chsten Standards in der Tauchausbildung liefert. PADI ist weltweit f\u00fchrend in Tauchausbildung und seit mehr als 50 Jahren etabliert.\" \/>\n<meta name=\"robots\" content=\"index, follow, max-snippet:-1, max-image-preview:large, max-video-preview:-1\" \/>\n<link rel=\"canonical\" href=\"https:\/\/idckohtao.com\/de\/why-choose-padi\/\" \/>\n<meta property=\"og:locale\" content=\"de_DE\" \/>\n<meta property=\"og:type\" content=\"article\" \/>\n<meta property=\"og:title\" content=\"IDC Koh Tao | W\u00e4hle PADI f\u00fcr deinen Tauchlehrerkurs\" \/>\n<meta property=\"og:description\" content=\"IDC Koh Tao ist eines von S\u00fcdostasiens f\u00fchrenden Pro-Level PADI Tauchcentern. Ein mehrfach ausgezeichnetes 5-Sterne Career Development Center, welches die h\u00f6chsten Standards in der Tauchausbildung liefert. PADI ist weltweit f\u00fchrend in Tauchausbildung und seit mehr als 50 Jahren etabliert.\" \/>\n<meta property=\"og:url\" content=\"https:\/\/idckohtao.com\/de\/why-choose-padi\/\" \/>\n<meta property=\"og:site_name\" content=\"IDC Koh Tao\" \/>\n<meta property=\"article:publisher\" content=\"https:\/\/www.facebook.com\/GoProIDCKohTao\" \/>\n<meta property=\"article:modified_time\" content=\"2023-09-16T22:10:07+00:00\" \/>\n<meta property=\"og:image\" content=\"https:\/\/idckohtao.com\/wp-content\/uploads\/2023\/09\/idckohtao.com-diver-instructor-course-in-thailand.jpeg\" \/>\n\t<meta property=\"og:image:width\" content=\"1200\" \/>\n\t<meta property=\"og:image:height\" content=\"900\" \/>\n\t<meta property=\"og:image:type\" content=\"image\/jpeg\" \/>\n<meta name=\"twitter:card\" content=\"summary_large_image\" \/>\n<meta name=\"twitter:title\" content=\"IDC Koh Tao | W\u00e4hle PADI f\u00fcr deinen Tauchlehrerkurs\" \/>\n<meta name=\"twitter:description\" content=\"IDC Koh Tao ist eines von S\u00fcdostasiens f\u00fchrenden Pro-Level PADI Tauchcentern. Ein mehrfach ausgezeichnetes 5-Sterne Career Development Center, welches die h\u00f6chsten Standards in der Tauchausbildung liefert. PADI ist weltweit f\u00fchrend in Tauchausbildung und seit mehr als 50 Jahren etabliert.\" \/>\n<meta name=\"twitter:site\" content=\"@GoProIDCKohTao\" \/>\n<!-- \/ Yoast SEO Premium plugin. -->","yoast_head_json":{"title":"IDC Koh Tao | W\u00e4hle PADI f\u00fcr deinen Tauchlehrerkurs","description":"IDC Koh Tao ist eines von S\u00fcdostasiens f\u00fchrenden Pro-Level PADI Tauchcentern. Ein mehrfach ausgezeichnetes 5-Sterne Career Development Center, welches die h\u00f6chsten Standards in der Tauchausbildung liefert. PADI ist weltweit f\u00fchrend in Tauchausbildung und seit mehr als 50 Jahren etabliert.","robots":{"index":"index","follow":"follow","max-snippet":"max-snippet:-1","max-image-preview":"max-image-preview:large","max-video-preview":"max-video-preview:-1"},"canonical":"https:\/\/idckohtao.com\/de\/why-choose-padi\/","og_locale":"de_DE","og_type":"article","og_title":"IDC Koh Tao | W\u00e4hle PADI f\u00fcr deinen Tauchlehrerkurs","og_description":"IDC Koh Tao ist eines von S\u00fcdostasiens f\u00fchrenden Pro-Level PADI Tauchcentern. Ein mehrfach ausgezeichnetes 5-Sterne Career Development Center, welches die h\u00f6chsten Standards in der Tauchausbildung liefert. PADI ist weltweit f\u00fchrend in Tauchausbildung und seit mehr als 50 Jahren etabliert.","og_url":"https:\/\/idckohtao.com\/de\/why-choose-padi\/","og_site_name":"IDC Koh Tao","article_publisher":"https:\/\/www.facebook.com\/GoProIDCKohTao","article_modified_time":"2023-09-16T22:10:07+00:00","og_image":[{"width":1200,"height":900,"url":"https:\/\/idckohtao.com\/wp-content\/uploads\/2023\/09\/idckohtao.com-diver-instructor-course-in-thailand.jpeg","type":"image\/jpeg"}],"twitter_card":"summary_large_image","twitter_title":"IDC Koh Tao | W\u00e4hle PADI f\u00fcr deinen Tauchlehrerkurs","twitter_description":"IDC Koh Tao ist eines von S\u00fcdostasiens f\u00fchrenden Pro-Level PADI Tauchcentern. Ein mehrfach ausgezeichnetes 5-Sterne Career Development Center, welches die h\u00f6chsten Standards in der Tauchausbildung liefert. PADI ist weltweit f\u00fchrend in Tauchausbildung und seit mehr als 50 Jahren etabliert.","twitter_site":"@GoProIDCKohTao","schema":{"@context":"https:\/\/schema.org","@graph":[{"@type":"NewsArticle","@id":"https:\/\/idckohtao.com\/de\/why-choose-padi\/#article","isPartOf":{"@id":"https:\/\/idckohtao.com\/de\/why-choose-padi\/"},"author":{"name":"ojasya","@id":"https:\/\/idckohtao.com\/de\/#\/schema\/person\/d08d557cbfdbc171f824052dae697b02"},"headline":"Warum PADI W\u00e4hlen","datePublished":"2023-08-10T07:33:16+00:00","dateModified":"2023-09-16T22:10:07+00:00","mainEntityOfPage":{"@id":"https:\/\/idckohtao.com\/de\/why-choose-padi\/"},"wordCount":1060,"publisher":{"@id":"https:\/\/idckohtao.com\/de\/#organization"},"image":{"@id":"https:\/\/idckohtao.com\/de\/why-choose-padi\/#primaryimage"},"thumbnailUrl":"https:\/\/idckohtao.com\/wp-content\/uploads\/2023\/09\/idckohtao.com-diver-instructor-course-in-thailand.jpeg","inLanguage":"de"},{"@type":"WebPage","@id":"https:\/\/idckohtao.com\/de\/why-choose-padi\/","url":"https:\/\/idckohtao.com\/de\/why-choose-padi\/","name":"IDC Koh Tao | W\u00e4hle PADI f\u00fcr deinen Tauchlehrerkurs","isPartOf":{"@id":"https:\/\/idckohtao.com\/de\/#website"},"primaryImageOfPage":{"@id":"https:\/\/idckohtao.com\/de\/why-choose-padi\/#primaryimage"},"image":{"@id":"https:\/\/idckohtao.com\/de\/why-choose-padi\/#primaryimage"},"thumbnailUrl":"https:\/\/idckohtao.com\/wp-content\/uploads\/2023\/09\/idckohtao.com-diver-instructor-course-in-thailand.jpeg","datePublished":"2023-08-10T07:33:16+00:00","dateModified":"2023-09-16T22:10:07+00:00","description":"IDC Koh Tao ist eines von S\u00fcdostasiens f\u00fchrenden Pro-Level PADI Tauchcentern. Ein mehrfach ausgezeichnetes 5-Sterne Career Development Center, welches die h\u00f6chsten Standards in der Tauchausbildung liefert. PADI ist weltweit f\u00fchrend in Tauchausbildung und seit mehr als 50 Jahren etabliert.","breadcrumb":{"@id":"https:\/\/idckohtao.com\/de\/why-choose-padi\/#breadcrumb"},"inLanguage":"de","potentialAction":[{"@type":"ReadAction","target":["https:\/\/idckohtao.com\/de\/why-choose-padi\/"]}]},{"@type":"ImageObject","inLanguage":"de","@id":"https:\/\/idckohtao.com\/de\/why-choose-padi\/#primaryimage","url":"https:\/\/idckohtao.com\/wp-content\/uploads\/2023\/09\/idckohtao.com-diver-instructor-course-in-thailand.jpeg","contentUrl":"https:\/\/idckohtao.com\/wp-content\/uploads\/2023\/09\/idckohtao.com-diver-instructor-course-in-thailand.jpeg","width":1200,"height":900,"caption":"PADI IDC Confined Water"},{"@type":"BreadcrumbList","@id":"https:\/\/idckohtao.com\/de\/why-choose-padi\/#breadcrumb","itemListElement":[{"@type":"ListItem","position":1,"name":"Home","item":"https:\/\/idckohtao.com\/de\/"},{"@type":"ListItem","position":2,"name":"Warum PADI W\u00e4hlen"}]},{"@type":"WebSite","@id":"https:\/\/idckohtao.com\/de\/#website","url":"https:\/\/idckohtao.com\/de\/","name":"IDC Koh Tao","description":"PADI IDC 5 Star Diving Center in Koh Tao - Thailand","publisher":{"@id":"https:\/\/idckohtao.com\/de\/#organization"},"alternateName":"IDC Koh Tao in Thailand","potentialAction":[{"@type":"SearchAction","target":{"@type":"EntryPoint","urlTemplate":"https:\/\/idckohtao.com\/de\/?s={search_term_string}"},"query-input":{"@type":"PropertyValueSpecification","valueRequired":true,"valueName":"search_term_string"}}],"inLanguage":"de"},{"@type":"Organization","@id":"https:\/\/idckohtao.com\/de\/#organization","name":"IDC Koh Tao","alternateName":"IDC Koh Tao | Divemaster & Diving Instructor","url":"https:\/\/idckohtao.com\/de\/","logo":{"@type":"ImageObject","inLanguage":"de","@id":"https:\/\/idckohtao.com\/de\/#\/schema\/logo\/image\/","url":"https:\/\/idckohtao.com\/wp-content\/uploads\/2023\/09\/idckohtao.com-padi-diving-center-in-koh-tao-thailand.png","contentUrl":"https:\/\/idckohtao.com\/wp-content\/uploads\/2023\/09\/idckohtao.com-padi-diving-center-in-koh-tao-thailand.png","width":400,"height":300,"caption":"IDC Koh Tao"},"image":{"@id":"https:\/\/idckohtao.com\/de\/#\/schema\/logo\/image\/"},"sameAs":["https:\/\/www.facebook.com\/GoProIDCKohTao","https:\/\/x.com\/GoProIDCKohTao","https:\/\/www.youtube.com\/idckohtao","https:\/\/www.instagram.com\/idc.kohtao\/"],"description":"IDC Koh Tao is a part of the Black Turtle Dive pro level training team with three PADI Course Directors being led by Award Winning PADI Course Director Matt Bolton. Our full range of pro and recreational PADI Diving Courses provides aspiring scuba divers with education, fun, excitement, adventure, and a change of lifestyle or an opportunity to pursue a new career.","email":"info@idckohtao.com","legalName":"IDC Koh Tao","foundingDate":"2004-01-04","numberOfEmployees":{"@type":"QuantitativeValue","minValue":"1","maxValue":"10"},"correctionsPolicy":"https:\/\/idckohtao.com\/privacy-policy\/","ethicsPolicy":"https:\/\/idckohtao.com\/terms\/"},{"@type":"Person","@id":"https:\/\/idckohtao.com\/de\/#\/schema\/person\/d08d557cbfdbc171f824052dae697b02","name":"ojasya","image":{"@type":"ImageObject","inLanguage":"de","@id":"https:\/\/secure.gravatar.com\/avatar\/6fb34e36d09053a6545fc21d344613321bb1933f185132488f38052166f5a001?s=96&d=mm&r=g","url":"https:\/\/secure.gravatar.com\/avatar\/6fb34e36d09053a6545fc21d344613321bb1933f185132488f38052166f5a001?s=96&d=mm&r=g","contentUrl":"https:\/\/secure.gravatar.com\/avatar\/6fb34e36d09053a6545fc21d344613321bb1933f185132488f38052166f5a001?s=96&d=mm&r=g","caption":"ojasya"},"sameAs":["https:\/\/idckohtao.com"],"url":"https:\/\/idckohtao.com\/de\/blog\/author\/ojasya\/"}]}},"_links":{"self":[{"href":"https:\/\/idckohtao.com\/de\/wp-json\/wp\/v2\/pages\/1983","targetHints":{"allow":["GET"]}}],"collection":[{"href":"https:\/\/idckohtao.com\/de\/wp-json\/wp\/v2\/pages"}],"about":[{"href":"https:\/\/idckohtao.com\/de\/wp-json\/wp\/v2\/types\/page"}],"author":[{"embeddable":true,"href":"https:\/\/idckohtao.com\/de\/wp-json\/wp\/v2\/users\/1"}],"replies":[{"embeddable":true,"href":"https:\/\/idckohtao.com\/de\/wp-json\/wp\/v2\/comments?post=1983"}],"version-history":[{"count":0,"href":"https:\/\/idckohtao.com\/de\/wp-json\/wp\/v2\/pages\/1983\/revisions"}],"wp:featuredmedia":[{"embeddable":true,"href":"https:\/\/idckohtao.com\/de\/wp-json\/wp\/v2\/media\/5221"}],"wp:attachment":[{"href":"https:\/\/idckohtao.com\/de\/wp-json\/wp\/v2\/media?parent=1983"}],"curies":[{"name":"wp","href":"https:\/\/api.w.org\/{rel}","templated":true}]}}