{"id":1986,"date":"2023-08-10T10:25:26","date_gmt":"2023-08-10T10:25:26","guid":{"rendered":"https:\/\/idckohtao.com\/wreck-instructor-specialty\/"},"modified":"2026-01-01T10:04:20","modified_gmt":"2026-01-01T10:04:20","slug":"wreck-instructor-specialty","status":"publish","type":"page","link":"https:\/\/idckohtao.com\/de\/pro-level-courses\/wreck-instructor-specialty\/","title":{"rendered":"Wrackspezialist Instructorkurs"},"content":{"rendered":"<div class=\"wpb-content-wrapper\"><p>[vc_row][vc_column][vc_column_text css=&#8220;&#8220;]<\/p>\n<h2>PADI Spezialist Instructorkurs in Koh Tao<\/h2>\n<p>Tauchen hei\u00dft nicht nur schwimmen rund um sch\u00f6ne Korallenriffe. Schiffe, Flugzeuge und selbst Autos liegen auf dem Meeresgrund und warten darauf, erkundet zu werden. Als ein PADI Wracktauch-Spezialkurs Tauchlehrer wirst du in der Lage sein, deinen Tauchsch\u00fclern beizubringen, wie sie sicher Wracks navigieren und entdecken k\u00f6nnen, inklusive der Nutzung von Seilen, um hinein zu tauchen.<\/p>\n<p><b>Wracktauchen rund um Koh Tao<\/b><\/p>\n<p>Das Ex-US-Navy Schiff HTMS Sattakut wurde Koh Tao in 2011 gespendet und versenkt. Es liegt aufrecht bei 30 Metern Tiefe und ist das perfekte Wrack f\u00fcr Ausbildungstauchg\u00e4nge. Mit Kanonen an Bug und Heck und einer Vielfalt von Unterwasserlebewesen innen und au\u00dfen bietet die HTMS Sattakut eine gro\u00dfartige Ausbildungserfahrung f\u00fcr Anf\u00e4nger wie auch fortgeschrittene Taucher.<\/p>\n<p><b>Wer kann sich f\u00fcr den PADI Wracktauchen Spezialist Instructor Kurs anmelden?<\/b><\/p>\n<p>Ein\u00a0<strong><a href=\"https:\/\/idckohtao.com\/de\/pro-level-courses\/padi-instructor-development-course\/\">PADI Open Water Scuba Instructor (OWSI)<\/a>\u00a0<\/strong>im aktiven Status.<\/p>\n<p>Anmerkung: IDC \/ OWSI Kandidaten k\u00f6nnen an einem PADI Wracktauchen Spezialist Instructorkurs teilnehmen, k\u00f6nnen sich f\u00fcr die Zertifizierung als Spezialist-Tauchlehrer jedoch erst nach erfolgreicher Tauchlehrerpr\u00fcfung (IE) anmelden.<\/p>\n<p>Wracktauchen-Tauchlehrer ben\u00f6tigen mindestens 10 Wracktauchg\u00e4nge bevor Zertifizierung. Dies ist Voraussetzung f\u00fcr die Zertifizierung und kann nach dem Spezialist-Instructorkurs erfolgen.<\/p>\n<p><img decoding=\"async\" class=\"alignnone wp-image-877 size-large\" src=\"https:\/\/idckohtao.com\/wp-content\/uploads\/2023\/08\/idc-ko-tao-wreck-specialty-msdt-training-1024x768.jpg\" alt=\"idc-ko-tao-wreck-specialty-msdt-training\" width=\"1024\" height=\"768\" srcset=\"https:\/\/idckohtao.com\/wp-content\/uploads\/2023\/08\/idc-ko-tao-wreck-specialty-msdt-training-1024x768.jpg 1024w, https:\/\/idckohtao.com\/wp-content\/uploads\/2023\/08\/idc-ko-tao-wreck-specialty-msdt-training-300x225.jpg 300w, https:\/\/idckohtao.com\/wp-content\/uploads\/2023\/08\/idc-ko-tao-wreck-specialty-msdt-training-768x576.jpg 768w, https:\/\/idckohtao.com\/wp-content\/uploads\/2023\/08\/idc-ko-tao-wreck-specialty-msdt-training.jpg 1080w\" sizes=\"(max-width: 1024px) 100vw, 1024px\" \/><\/p>\n<p><b>Was wirst du lernen?<\/b><\/p>\n<p>Du wirst an den folgenden Einheiten teilnehmen:<\/p>\n<ul>\n<li>Eine Klassenzimmerpr\u00e4sentation \u00fcber die Wiederholungsfragen des Wracktauchen-Spezialkurses geben<\/li>\n<li>Standards, Prozeduren und Ablauf des Unterwasser Wracktauchen-Spezialkurses<\/li>\n<li>Organisation und Durchf\u00fchrung des PADI Unterwasser Wracktauchen-Spezialkurses<\/li>\n<li>Freiwasserausbildung \u2013 Demonstration, Durchf\u00fchrung und Bewertung von Tauchsch\u00fcler-Fertigkeiten des Wracktauchen-Spezialkurses.<\/li>\n<\/ul>\n<p>Du wirst die Freiwassertauchg\u00e4nge am HTMS Sattakut Wrack machen.<\/p>\n<p>Als PADI Unterwasser Wracktauchen Instructor bist du zertifiziert, um den <strong>PADI Wracktauchen Spezialkurs<\/strong> selbst\u00e4ndig zu unterrichten.[\/vc_column_text]<div class=\"text-left\"><div class=\"bt-course-price\"><h4>Kurspreis: 4.000 THB<\/h4><a href=\"https:\/\/idckohtao.com.de\/packages-prices\" class=\"button\">ONLINE BUCHEN<\/a><\/div><\/div>[vc_column_text]<b>PADI Materialien<\/b><\/p>\n<p><i>Bitte bringe die folgenden Materialien mit. Du hast diese als Teil deines IDC Crewpack erhalten.- PADI Spezialkurs Instructor Manual (CD-Rom)<\/i><\/p>\n<p>Zus\u00e4tzlich ben\u00f6tigst du ein Exemplar des PADI Instructor Manual. Seit 2010 steht dieses f\u00fcr PADI Mitglieder im aktiven Status als kostenloser Download unter diesem Link zur Verf\u00fcgung:<a href=\"https:\/\/www.padi.com\/mypadi\/\" target=\"_blank\" rel=\"noopener\"> www.padi.com\/mypadi<\/a><\/p>\n<p><b>PADI Geb\u00fchren<\/b><\/p>\n<p>PADI Wracktauchen Instructor Anmeldung:\u00a0<b>AUD$ 145<\/b>[\/vc_column_text][\/vc_column][\/vc_row]<\/p>\n<\/div>","protected":false},"excerpt":{"rendered":"<p>[vc_row][vc_column][vc_column_text css=&#8220;&#8220;] PADI Spezialist Instructorkurs in Koh Tao Tauchen hei\u00dft nicht nur schwimmen rund um sch\u00f6ne Korallenriffe. Schiffe, Flugzeuge und selbst Autos liegen auf dem Meeresgrund und warten darauf, erkundet zu werden. Als ein PADI Wracktauch-Spezialkurs Tauchlehrer wirst du in der Lage sein, deinen Tauchsch\u00fclern beizubringen, wie sie sicher Wracks navigieren und entdecken k\u00f6nnen, inklusive [&hellip;]<\/p>\n","protected":false},"author":1,"featured_media":4605,"parent":7935,"menu_order":0,"comment_status":"closed","ping_status":"closed","template":"","meta":{"_acf_changed":false,"footnotes":""},"class_list":["post-1986","page","type-page","status-publish","has-post-thumbnail","hentry"],"acf":[],"yoast_head":"<!-- This site is optimized with the Yoast SEO Premium plugin v27.5 (Yoast SEO v27.5) - https:\/\/yoast.com\/product\/yoast-seo-premium-wordpress\/ -->\n<title>MSDT PADI Wracktauchen Spezialist Instructor Kurs<\/title>\n<meta name=\"description\" content=\"Unser PADI Wrack Spezialist Instructor Kurs auf Koh Tao zertifiziert dich als ein Wrack Spezialkurs-Tauchlehrer der Sch\u00fclern beibringen kann, wie sie sicher Schiffswracks erkunden k\u00f6nnen\" \/>\n<meta name=\"robots\" content=\"index, follow, max-snippet:-1, max-image-preview:large, max-video-preview:-1\" \/>\n<link rel=\"canonical\" href=\"https:\/\/idckohtao.com\/de\/pro-level-courses\/wreck-instructor-specialty\/\" \/>\n<meta property=\"og:locale\" content=\"de_DE\" \/>\n<meta property=\"og:type\" content=\"article\" \/>\n<meta property=\"og:title\" content=\"IDC Koh Tao | MSDT PADI Wracktauchen Spezialist Instructor Kurs\" \/>\n<meta property=\"og:description\" content=\"Unser PADI Wrack Spezialist Instructor Kurs auf Koh Tao zertifiziert dich als ein Wrack Spezialkurs-Tauchlehrer der Sch\u00fclern beibringen kann, wie sie sicher Schiffswracks erkunden k\u00f6nnen\" \/>\n<meta property=\"og:url\" content=\"https:\/\/idckohtao.com\/de\/pro-level-courses\/wreck-instructor-specialty\/\" \/>\n<meta property=\"og:site_name\" content=\"IDC Koh Tao\" \/>\n<meta property=\"article:publisher\" content=\"https:\/\/www.facebook.com\/GoProIDCKohTao\" \/>\n<meta property=\"article:modified_time\" content=\"2026-01-01T10:04:20+00:00\" \/>\n<meta property=\"og:image\" content=\"https:\/\/idckohtao.com\/wp-content\/uploads\/2023\/09\/idckohtao.com-wreck-diving-on-koh-tao-in-thailand.jpeg\" \/>\n\t<meta property=\"og:image:width\" content=\"1200\" \/>\n\t<meta property=\"og:image:height\" content=\"802\" \/>\n\t<meta property=\"og:image:type\" content=\"image\/jpeg\" \/>\n<meta name=\"twitter:card\" content=\"summary_large_image\" \/>\n<meta name=\"twitter:title\" content=\"IDC Koh Tao | MSDT PADI Wracktauchen Spezialist Instructor Kurs\" \/>\n<meta name=\"twitter:description\" content=\"Unser PADI Wrack Spezialist Instructor Kurs auf Koh Tao zertifiziert dich als ein Wrack Spezialkurs-Tauchlehrer der Sch\u00fclern beibringen kann, wie sie sicher Schiffswracks erkunden k\u00f6nnen\" \/>\n<meta name=\"twitter:site\" content=\"@GoProIDCKohTao\" \/>\n<!-- \/ Yoast SEO Premium plugin. -->","yoast_head_json":{"title":"MSDT PADI Wracktauchen Spezialist Instructor Kurs","description":"Unser PADI Wrack Spezialist Instructor Kurs auf Koh Tao zertifiziert dich als ein Wrack Spezialkurs-Tauchlehrer der Sch\u00fclern beibringen kann, wie sie sicher Schiffswracks erkunden k\u00f6nnen","robots":{"index":"index","follow":"follow","max-snippet":"max-snippet:-1","max-image-preview":"max-image-preview:large","max-video-preview":"max-video-preview:-1"},"canonical":"https:\/\/idckohtao.com\/de\/pro-level-courses\/wreck-instructor-specialty\/","og_locale":"de_DE","og_type":"article","og_title":"IDC Koh Tao | MSDT PADI Wracktauchen Spezialist Instructor Kurs","og_description":"Unser PADI Wrack Spezialist Instructor Kurs auf Koh Tao zertifiziert dich als ein Wrack Spezialkurs-Tauchlehrer der Sch\u00fclern beibringen kann, wie sie sicher Schiffswracks erkunden k\u00f6nnen","og_url":"https:\/\/idckohtao.com\/de\/pro-level-courses\/wreck-instructor-specialty\/","og_site_name":"IDC Koh Tao","article_publisher":"https:\/\/www.facebook.com\/GoProIDCKohTao","article_modified_time":"2026-01-01T10:04:20+00:00","og_image":[{"width":1200,"height":802,"url":"https:\/\/idckohtao.com\/wp-content\/uploads\/2023\/09\/idckohtao.com-wreck-diving-on-koh-tao-in-thailand.jpeg","type":"image\/jpeg"}],"twitter_card":"summary_large_image","twitter_title":"IDC Koh Tao | MSDT PADI Wracktauchen Spezialist Instructor Kurs","twitter_description":"Unser PADI Wrack Spezialist Instructor Kurs auf Koh Tao zertifiziert dich als ein Wrack Spezialkurs-Tauchlehrer der Sch\u00fclern beibringen kann, wie sie sicher Schiffswracks erkunden k\u00f6nnen","twitter_site":"@GoProIDCKohTao","schema":{"@context":"https:\/\/schema.org","@graph":[{"@type":"NewsArticle","@id":"https:\/\/idckohtao.com\/de\/pro-level-courses\/wreck-instructor-specialty\/#article","isPartOf":{"@id":"https:\/\/idckohtao.com\/de\/pro-level-courses\/wreck-instructor-specialty\/"},"author":{"name":"ojasya","@id":"https:\/\/idckohtao.com\/de\/#\/schema\/person\/d08d557cbfdbc171f824052dae697b02"},"headline":"Wrackspezialist Instructorkurs","datePublished":"2023-08-10T10:25:26+00:00","dateModified":"2026-01-01T10:04:20+00:00","mainEntityOfPage":{"@id":"https:\/\/idckohtao.com\/de\/pro-level-courses\/wreck-instructor-specialty\/"},"wordCount":369,"publisher":{"@id":"https:\/\/idckohtao.com\/de\/#organization"},"image":{"@id":"https:\/\/idckohtao.com\/de\/pro-level-courses\/wreck-instructor-specialty\/#primaryimage"},"thumbnailUrl":"https:\/\/idckohtao.com\/wp-content\/uploads\/2023\/09\/idckohtao.com-wreck-diving-on-koh-tao-in-thailand.jpeg","inLanguage":"de"},{"@type":"WebPage","@id":"https:\/\/idckohtao.com\/de\/pro-level-courses\/wreck-instructor-specialty\/","url":"https:\/\/idckohtao.com\/de\/pro-level-courses\/wreck-instructor-specialty\/","name":"MSDT PADI Wracktauchen Spezialist Instructor Kurs","isPartOf":{"@id":"https:\/\/idckohtao.com\/de\/#website"},"primaryImageOfPage":{"@id":"https:\/\/idckohtao.com\/de\/pro-level-courses\/wreck-instructor-specialty\/#primaryimage"},"image":{"@id":"https:\/\/idckohtao.com\/de\/pro-level-courses\/wreck-instructor-specialty\/#primaryimage"},"thumbnailUrl":"https:\/\/idckohtao.com\/wp-content\/uploads\/2023\/09\/idckohtao.com-wreck-diving-on-koh-tao-in-thailand.jpeg","datePublished":"2023-08-10T10:25:26+00:00","dateModified":"2026-01-01T10:04:20+00:00","description":"Unser PADI Wrack Spezialist Instructor Kurs auf Koh Tao zertifiziert dich als ein Wrack Spezialkurs-Tauchlehrer der Sch\u00fclern beibringen kann, wie sie sicher Schiffswracks erkunden k\u00f6nnen","breadcrumb":{"@id":"https:\/\/idckohtao.com\/de\/pro-level-courses\/wreck-instructor-specialty\/#breadcrumb"},"inLanguage":"de","potentialAction":[{"@type":"ReadAction","target":["https:\/\/idckohtao.com\/de\/pro-level-courses\/wreck-instructor-specialty\/"]}]},{"@type":"ImageObject","inLanguage":"de","@id":"https:\/\/idckohtao.com\/de\/pro-level-courses\/wreck-instructor-specialty\/#primaryimage","url":"https:\/\/idckohtao.com\/wp-content\/uploads\/2023\/09\/idckohtao.com-wreck-diving-on-koh-tao-in-thailand.jpeg","contentUrl":"https:\/\/idckohtao.com\/wp-content\/uploads\/2023\/09\/idckohtao.com-wreck-diving-on-koh-tao-in-thailand.jpeg","width":1200,"height":802,"caption":"expliring wrecks on koh tao in thaoland"},{"@type":"BreadcrumbList","@id":"https:\/\/idckohtao.com\/de\/pro-level-courses\/wreck-instructor-specialty\/#breadcrumb","itemListElement":[{"@type":"ListItem","position":1,"name":"Home","item":"https:\/\/idckohtao.com\/de\/"},{"@type":"ListItem","position":2,"name":"Pro level","item":"https:\/\/idckohtao.com\/de\/pro-level-courses\/"},{"@type":"ListItem","position":3,"name":"Wrackspezialist Instructorkurs"}]},{"@type":"WebSite","@id":"https:\/\/idckohtao.com\/de\/#website","url":"https:\/\/idckohtao.com\/de\/","name":"IDC Koh Tao","description":"PADI IDC 5 Star Diving Center in Koh Tao - Thailand","publisher":{"@id":"https:\/\/idckohtao.com\/de\/#organization"},"alternateName":"IDC Koh Tao in Thailand","potentialAction":[{"@type":"SearchAction","target":{"@type":"EntryPoint","urlTemplate":"https:\/\/idckohtao.com\/de\/?s={search_term_string}"},"query-input":{"@type":"PropertyValueSpecification","valueRequired":true,"valueName":"search_term_string"}}],"inLanguage":"de"},{"@type":"Organization","@id":"https:\/\/idckohtao.com\/de\/#organization","name":"IDC Koh Tao","alternateName":"IDC Koh Tao | Divemaster & Diving Instructor","url":"https:\/\/idckohtao.com\/de\/","logo":{"@type":"ImageObject","inLanguage":"de","@id":"https:\/\/idckohtao.com\/de\/#\/schema\/logo\/image\/","url":"https:\/\/idckohtao.com\/wp-content\/uploads\/2023\/09\/idckohtao.com-padi-diving-center-in-koh-tao-thailand.png","contentUrl":"https:\/\/idckohtao.com\/wp-content\/uploads\/2023\/09\/idckohtao.com-padi-diving-center-in-koh-tao-thailand.png","width":400,"height":300,"caption":"IDC Koh Tao"},"image":{"@id":"https:\/\/idckohtao.com\/de\/#\/schema\/logo\/image\/"},"sameAs":["https:\/\/www.facebook.com\/GoProIDCKohTao","https:\/\/x.com\/GoProIDCKohTao","https:\/\/www.youtube.com\/idckohtao","https:\/\/www.instagram.com\/idc.kohtao\/"],"description":"IDC Koh Tao is a part of the Black Turtle Dive pro level training team with three PADI Course Directors being led by Award Winning PADI Course Director Matt Bolton. Our full range of pro and recreational PADI Diving Courses provides aspiring scuba divers with education, fun, excitement, adventure, and a change of lifestyle or an opportunity to pursue a new career.","email":"info@idckohtao.com","legalName":"IDC Koh Tao","foundingDate":"2004-01-04","numberOfEmployees":{"@type":"QuantitativeValue","minValue":"1","maxValue":"10"},"correctionsPolicy":"https:\/\/idckohtao.com\/privacy-policy\/","ethicsPolicy":"https:\/\/idckohtao.com\/terms\/"},{"@type":"Person","@id":"https:\/\/idckohtao.com\/de\/#\/schema\/person\/d08d557cbfdbc171f824052dae697b02","name":"ojasya","image":{"@type":"ImageObject","inLanguage":"de","@id":"https:\/\/secure.gravatar.com\/avatar\/6fb34e36d09053a6545fc21d344613321bb1933f185132488f38052166f5a001?s=96&d=mm&r=g","url":"https:\/\/secure.gravatar.com\/avatar\/6fb34e36d09053a6545fc21d344613321bb1933f185132488f38052166f5a001?s=96&d=mm&r=g","contentUrl":"https:\/\/secure.gravatar.com\/avatar\/6fb34e36d09053a6545fc21d344613321bb1933f185132488f38052166f5a001?s=96&d=mm&r=g","caption":"ojasya"},"sameAs":["https:\/\/idckohtao.com"],"url":"https:\/\/idckohtao.com\/de\/blog\/author\/ojasya\/"}]}},"_links":{"self":[{"href":"https:\/\/idckohtao.com\/de\/wp-json\/wp\/v2\/pages\/1986","targetHints":{"allow":["GET"]}}],"collection":[{"href":"https:\/\/idckohtao.com\/de\/wp-json\/wp\/v2\/pages"}],"about":[{"href":"https:\/\/idckohtao.com\/de\/wp-json\/wp\/v2\/types\/page"}],"author":[{"embeddable":true,"href":"https:\/\/idckohtao.com\/de\/wp-json\/wp\/v2\/users\/1"}],"replies":[{"embeddable":true,"href":"https:\/\/idckohtao.com\/de\/wp-json\/wp\/v2\/comments?post=1986"}],"version-history":[{"count":2,"href":"https:\/\/idckohtao.com\/de\/wp-json\/wp\/v2\/pages\/1986\/revisions"}],"predecessor-version":[{"id":7593,"href":"https:\/\/idckohtao.com\/de\/wp-json\/wp\/v2\/pages\/1986\/revisions\/7593"}],"up":[{"embeddable":true,"href":"https:\/\/idckohtao.com\/de\/wp-json\/wp\/v2\/pages\/7935"}],"wp:featuredmedia":[{"embeddable":true,"href":"https:\/\/idckohtao.com\/de\/wp-json\/wp\/v2\/media\/4605"}],"wp:attachment":[{"href":"https:\/\/idckohtao.com\/de\/wp-json\/wp\/v2\/media?parent=1986"}],"curies":[{"name":"wp","href":"https:\/\/api.w.org\/{rel}","templated":true}]}}