{"id":3212,"date":"2023-08-05T15:07:52","date_gmt":"2023-08-05T15:07:52","guid":{"rendered":"https:\/\/idckohtao.com\/emergency-first-response-course\/"},"modified":"2026-04-22T07:34:13","modified_gmt":"2026-04-22T07:34:13","slug":"emergency-first-response-course","status":"publish","type":"page","link":"https:\/\/idckohtao.com\/de\/emergency-first-response-course\/","title":{"rendered":"Erste Hilfe im Notfall Kurs"},"content":{"rendered":"<div class=\"wpb-content-wrapper\"><p>[vc_row][vc_column][vc_column_text]<\/p>\n<h2>Absolvieren Sie einen EFR-Erste-Hilfe- und CPR-Kurs auf Koh Tao<\/h2>\n<p>Ob am Arbeitsplatz oder zu Hause, dieser Kurs kann dir in jeder Situation helfen, denn man wei\u00df nie, wann jemand deine Hilfe ben\u04e7tigt. F\u00fchlst du dich bereit?<\/p>\n<p>Melde dich an, um einen Erste Hilfe &amp; HLW Kurs zu absolvieren, und sei bereit anderen in medizinischen Notf\u04d3llen zu helfen.<\/p>\n<p>Der Kurs verschafft dir das Selbstvertrauen und die F\u04d3higkeiten, die du ben\u04e7tigst, um jemanden in Not zu helfen.<\/p>\n<p><img decoding=\"async\" class=\"alignnone wp-image-215 size-large\" src=\"https:\/\/idckohtao.com\/wp-content\/uploads\/2023\/08\/crystal-dive-koh-tao-efr-instructor-training-annie-1024x768.jpg\" alt=\"crystal-dive-koh-tao-efr-instructor-training-annie\" width=\"1024\" height=\"768\" srcset=\"https:\/\/idckohtao.com\/wp-content\/uploads\/2023\/08\/crystal-dive-koh-tao-efr-instructor-training-annie-1024x768.jpg 1024w, https:\/\/idckohtao.com\/wp-content\/uploads\/2023\/08\/crystal-dive-koh-tao-efr-instructor-training-annie-300x225.jpg 300w, https:\/\/idckohtao.com\/wp-content\/uploads\/2023\/08\/crystal-dive-koh-tao-efr-instructor-training-annie-768x576.jpg 768w, https:\/\/idckohtao.com\/wp-content\/uploads\/2023\/08\/crystal-dive-koh-tao-efr-instructor-training-annie.jpg 1080w\" sizes=\"(max-width: 1024px) 100vw, 1024px\" \/><\/p>\n<h3>Was du beim Erste Hilfe &amp; HLW Kurs lernst<\/h3>\n<ul>\n<li>Erfahre, wie du einen medizinischen Notfall identifizieren kannst und Hilfe rufen kannst<\/li>\n<li>Erkenne die Anzeichen und Symptome eines Schlaganfalls, Herzinfarkts und Herzstillstands<\/li>\n<li>Erlerne, wie eine Erstversorgung eines Patienten mit dem \u201eAB-CABS\u201c Kreislauf durchgef\u00fchrt wird<\/li>\n<li>Lerne die richtigen Anwendungen und du hast die M\u04e7glichkeit, HLW an einer Puppe zu \u00fcben. Sowie schwere Blutungen, Schock, Ersticken und eine Wirbels\u04d3ulenverletzung zu behandeln<\/li>\n<li>Lerne wie man eine Krankheitsbewertung macht, mit Verletzungen umgeht, Bandagen anlegt, Schienenverletzungen und Immobilisierungstechniken durchf\u00fchrt<\/li>\n<\/ul>\n<p>Der Erste Hilfe Kurs befolgt international anerkannten \u201eILCOR\u201c Richtlinien und Protokollen und ist sowohl f\u00fcr\u00a0<a href=\"https:\/\/idckohtao.com\/de\/fun-diving-koh-tao\/\">Taucher<\/a>\u00a0und Nicht- Taucher hilfreich.<\/p>\n<div class=\"et_pb_module et_pb_text et_pb_text_9 et_pb_bg_layout_light et_pb_text_align_center\">\n<div class=\"et_pb_text_inner\">\n<h3>Erste Hilfe Kurs Wissensentwicklung<\/h3>\n<\/div>\n<\/div>\n<p>Zuerst schaust du dir ein Video an und arbeitest durch das Erste Hilfe Teilnehmerhandbuch, dass einen unabh\u04d3ngigen Studienabschnitt und ein Workbook f\u00fcr Anwendungs\u00fcbungen enth\u04d3lt.<\/p>\n<p>Am Ende des Kurses musst du eine Abschlusspr\u00fcfung abschliessen und bestehen.<\/p>\n<p>Der Erste Hilfe Kurs soll dir die richtigen Techniken f\u00fcr das Managment lebensbedrohlicher Notf\u04d3lle, sowie die Priorisierung von Notfallmassnahmen und die \u00dcberwachung des Plegezyklus eines Patienten vermitteln.[\/vc_column_text]<div class=\"text-left\"><h3 class=\"section-title\">Erste Hilfe und HLW Kompetenzentwicklung<\/h3><div class=\"bt-course-price\"><h4>Kurspreis: 5,000 THB<\/h4><a href=\"https:\/\/idckohtao.com\/de\/contact\" class=\"button\">RESERVALO AHORA<\/a><\/div><\/div>[vc_column_text]Der Erste Hilfe Kurs besteht aus 9 Fertigkeiten, der Grundversorgung und 4 Fertigkeiten der Sekund\u04d3rversorgung oder Erste Hilfe.Der Kurs beinhaltet auch die\u00a0<a href=\"https:\/\/idckohtao.com\/de\/pro-level-courses\/padi-emergency-o2-provider-specialty-instructor-course\/\">Verabreichung von Notfallsauerstoff<\/a>\u00a0und die Verwendung eines Defibrilators.<\/p>\n<p>Nachdem du dir das Video angeschaut hast, demonstriert dein\u00a0<a href=\"https:\/\/idckohtao.com\/de\/pro-level-courses\/padi-instructor-development-course\/\">Erste Hilfe Lehrer<\/a>\u00a0jede der Anwendungen und wird dich auch zum \u00fcben auffordern.<\/p>\n<p>Die \u00dcbungen werden in einfachen Schritten durchgef\u00fchrt, dies hilft dir, dir jede \u00dcbung leicht einzupr\u04d3gen und anwenden zu k\u04e7nnen, solltest du mit jemandem in Not konfrontiert werden.<\/p>\n<p>Die prim\u04d3ren und sekund\u04d3ren Fertigkeiten, die du erlernen wirst umfassen:<\/p>\n<ul>\n<li>Die Beurteilung der Grundvoraussetzungen und gef\u04d3hrlicher Siruationen<\/li>\n<li>Barrierenutzung und Schutz vor \u00fcbertragbaren Krankheiten (durch Blut \u00fcbertragene Krankheitserreger)<\/li>\n<li>Prim\u04d3re Beurteilung, stabile Seitenlage, und Atemwegskontrolle<\/li>\n<li>HLW bei Erwachsenen (nur Brustmassage)<\/li>\n<li>HLW bei Erwachsenen Brustmassage mit Notfallbeatmung<\/li>\n<li>Verarzten schwerer Blutungen<\/li>\n<li>Schockbehandlung<\/li>\n<li>Behandlung von Wibels\u04d3ulenverletzungen<\/li>\n<li>Durchf\u00fchrung der Anwendung zur Hilfe von Ersticken bei Erwachsenen<\/li>\n<li>Beurteilung von Krankheiten und Verletzungen in der Sekund\u04d3rversorgung<\/li>\n<li>Bandagierung &amp; Schienung, Verrenkungen &amp; Frakturen<\/li>\n<\/ul>\n<p>Nach\u00a0<a href=\"https:\/\/idckohtao.com\/de\/\">erfolgreichen Abschluss<\/a>\u00a0aller Leisungsanforderungen und der Abschlusspr\u00fcfung, muss dieser Abschluss nach 24 Monaten wiederholt werden.<\/p>\n<h3>Der Kurs beinhaltet:<\/h3>\n<ul>\n<li>Erste Hilfe Teilnehmer-Handbuch und Zertifizierung<\/li>\n<li>Erste Hilfe Ausbilder Geb\u00fchren<\/li>\n<\/ul>\n<p><strong>Mach dein Erste Hilfe Training mit uns!<\/strong><\/p>\n<p><img decoding=\"async\" class=\"alignnone wp-image-216 size-large\" src=\"https:\/\/idckohtao.com\/wp-content\/uploads\/2023\/08\/idckohtao.com-padi-instructor-development-course-and-scuba-diving-internship-on-kohtao-instructor-efr-course-1024x683.jpg\" alt=\"idckohtao.com-padi-instructor-development-course-and-scuba-diving-internship-on-kohtao-instructor-efr-course\" width=\"1024\" height=\"683\" srcset=\"https:\/\/idckohtao.com\/wp-content\/uploads\/2023\/08\/idckohtao.com-padi-instructor-development-course-and-scuba-diving-internship-on-kohtao-instructor-efr-course-1024x683.jpg 1024w, https:\/\/idckohtao.com\/wp-content\/uploads\/2023\/08\/idckohtao.com-padi-instructor-development-course-and-scuba-diving-internship-on-kohtao-instructor-efr-course-300x200.jpg 300w, https:\/\/idckohtao.com\/wp-content\/uploads\/2023\/08\/idckohtao.com-padi-instructor-development-course-and-scuba-diving-internship-on-kohtao-instructor-efr-course-768x512.jpg 768w, https:\/\/idckohtao.com\/wp-content\/uploads\/2023\/08\/idckohtao.com-padi-instructor-development-course-and-scuba-diving-internship-on-kohtao-instructor-efr-course.jpg 1080w\" sizes=\"(max-width: 1024px) 100vw, 1024px\" \/>[\/vc_column_text][\/vc_column][\/vc_row]<\/p>\n<\/div>","protected":false},"excerpt":{"rendered":"<p>[vc_row][vc_column][vc_column_text] Absolvieren Sie einen EFR-Erste-Hilfe- und CPR-Kurs auf Koh Tao Ob am Arbeitsplatz oder zu Hause, dieser Kurs kann dir in jeder Situation helfen, denn man wei\u00df nie, wann jemand deine Hilfe ben\u04e7tigt. F\u00fchlst du dich bereit? Melde dich an, um einen Erste Hilfe &amp; HLW Kurs zu absolvieren, und sei bereit anderen in medizinischen [&hellip;]<\/p>\n","protected":false},"author":1,"featured_media":4772,"parent":0,"menu_order":0,"comment_status":"closed","ping_status":"closed","template":"","meta":{"_acf_changed":false,"footnotes":""},"class_list":["post-3212","page","type-page","status-publish","has-post-thumbnail","hentry"],"acf":[],"yoast_head":"<!-- This site is optimized with the Yoast SEO Premium plugin v27.5 (Yoast SEO v27.5) - https:\/\/yoast.com\/product\/yoast-seo-premium-wordpress\/ -->\n<title>Erste Hilfe &amp; HLW \/ IDC Koh Tao<\/title>\n<meta name=\"description\" content=\"Absolviere einen Erste Hilfe &amp; HLW Kurs und erlerne, wie du in medizinischen Notf\u0160llen helfen kannst um deine F\u0160higkeiten zu erweitern und etwas zu bewirken\" \/>\n<meta name=\"robots\" content=\"index, follow, max-snippet:-1, max-image-preview:large, max-video-preview:-1\" \/>\n<link rel=\"canonical\" href=\"https:\/\/idckohtao.com\/de\/emergency-first-response-course\/\" \/>\n<meta property=\"og:locale\" content=\"de_DE\" \/>\n<meta property=\"og:type\" content=\"article\" \/>\n<meta property=\"og:title\" content=\"Erste Hilfe &amp; HLW \/ IDC Koh Tao\" \/>\n<meta property=\"og:description\" content=\"Absolviere einen Erste Hilfe &amp; HLW Kurs und erlerne, wie du in medizinischen Notf\u0160llen helfen kannst um deine F\u0160higkeiten zu erweitern und etwas zu bewirken\" \/>\n<meta property=\"og:url\" content=\"https:\/\/idckohtao.com\/de\/emergency-first-response-course\/\" \/>\n<meta property=\"og:site_name\" content=\"IDC Koh Tao\" \/>\n<meta property=\"article:publisher\" content=\"https:\/\/www.facebook.com\/GoProIDCKohTao\" \/>\n<meta property=\"article:modified_time\" content=\"2026-04-22T07:34:13+00:00\" \/>\n<meta property=\"og:image\" content=\"https:\/\/idckohtao.com\/wp-content\/uploads\/2023\/08\/crystal-dive-koh-tao-efr-training-mask.jpg\" \/>\n\t<meta property=\"og:image:width\" content=\"1080\" \/>\n\t<meta property=\"og:image:height\" content=\"720\" \/>\n\t<meta property=\"og:image:type\" content=\"image\/jpeg\" \/>\n<meta name=\"twitter:card\" content=\"summary_large_image\" \/>\n<meta name=\"twitter:title\" content=\"Erste Hilfe &amp; HLW \/ IDC Koh Tao\" \/>\n<meta name=\"twitter:description\" content=\"Absolviere einen Erste Hilfe &amp; HLW Kurs und erlerne, wie du in medizinischen Notf\u0160llen helfen kannst um deine F\u0160higkeiten zu erweitern und etwas zu bewirken\" \/>\n<meta name=\"twitter:image\" content=\"https:\/\/idckohtao.com\/wp-content\/uploads\/2023\/08\/crystal-dive-koh-tao-efr-training-mask.jpg\" \/>\n<meta name=\"twitter:site\" content=\"@GoProIDCKohTao\" \/>\n<!-- \/ Yoast SEO Premium plugin. -->","yoast_head_json":{"title":"Erste Hilfe & HLW \/ IDC Koh Tao","description":"Absolviere einen Erste Hilfe & HLW Kurs und erlerne, wie du in medizinischen Notf\u0160llen helfen kannst um deine F\u0160higkeiten zu erweitern und etwas zu bewirken","robots":{"index":"index","follow":"follow","max-snippet":"max-snippet:-1","max-image-preview":"max-image-preview:large","max-video-preview":"max-video-preview:-1"},"canonical":"https:\/\/idckohtao.com\/de\/emergency-first-response-course\/","og_locale":"de_DE","og_type":"article","og_title":"Erste Hilfe & HLW \/ IDC Koh Tao","og_description":"Absolviere einen Erste Hilfe & HLW Kurs und erlerne, wie du in medizinischen Notf\u0160llen helfen kannst um deine F\u0160higkeiten zu erweitern und etwas zu bewirken","og_url":"https:\/\/idckohtao.com\/de\/emergency-first-response-course\/","og_site_name":"IDC Koh Tao","article_publisher":"https:\/\/www.facebook.com\/GoProIDCKohTao","article_modified_time":"2026-04-22T07:34:13+00:00","og_image":[{"width":1080,"height":720,"url":"https:\/\/idckohtao.com\/wp-content\/uploads\/2023\/08\/crystal-dive-koh-tao-efr-training-mask.jpg","type":"image\/jpeg"}],"twitter_card":"summary_large_image","twitter_title":"Erste Hilfe & HLW \/ IDC Koh Tao","twitter_description":"Absolviere einen Erste Hilfe & HLW Kurs und erlerne, wie du in medizinischen Notf\u0160llen helfen kannst um deine F\u0160higkeiten zu erweitern und etwas zu bewirken","twitter_image":"https:\/\/idckohtao.com\/wp-content\/uploads\/2023\/08\/crystal-dive-koh-tao-efr-training-mask.jpg","twitter_site":"@GoProIDCKohTao","schema":{"@context":"https:\/\/schema.org","@graph":[{"@type":"NewsArticle","@id":"https:\/\/idckohtao.com\/de\/emergency-first-response-course\/#article","isPartOf":{"@id":"https:\/\/idckohtao.com\/de\/emergency-first-response-course\/"},"author":{"name":"ojasya","@id":"https:\/\/idckohtao.com\/de\/#\/schema\/person\/d08d557cbfdbc171f824052dae697b02"},"headline":"Erste Hilfe im Notfall Kurs","datePublished":"2023-08-05T15:07:52+00:00","dateModified":"2026-04-22T07:34:13+00:00","mainEntityOfPage":{"@id":"https:\/\/idckohtao.com\/de\/emergency-first-response-course\/"},"wordCount":501,"publisher":{"@id":"https:\/\/idckohtao.com\/de\/#organization"},"image":{"@id":"https:\/\/idckohtao.com\/de\/emergency-first-response-course\/#primaryimage"},"thumbnailUrl":"https:\/\/idckohtao.com\/wp-content\/uploads\/2023\/09\/idckohtao.com-emergency-first-response-dive-instructor-course-in-thailand.jpeg","inLanguage":"de"},{"@type":"WebPage","@id":"https:\/\/idckohtao.com\/de\/emergency-first-response-course\/","url":"https:\/\/idckohtao.com\/de\/emergency-first-response-course\/","name":"Erste Hilfe & HLW \/ IDC Koh Tao","isPartOf":{"@id":"https:\/\/idckohtao.com\/de\/#website"},"primaryImageOfPage":{"@id":"https:\/\/idckohtao.com\/de\/emergency-first-response-course\/#primaryimage"},"image":{"@id":"https:\/\/idckohtao.com\/de\/emergency-first-response-course\/#primaryimage"},"thumbnailUrl":"https:\/\/idckohtao.com\/wp-content\/uploads\/2023\/09\/idckohtao.com-emergency-first-response-dive-instructor-course-in-thailand.jpeg","datePublished":"2023-08-05T15:07:52+00:00","dateModified":"2026-04-22T07:34:13+00:00","description":"Absolviere einen Erste Hilfe & HLW Kurs und erlerne, wie du in medizinischen Notf\u0160llen helfen kannst um deine F\u0160higkeiten zu erweitern und etwas zu bewirken","breadcrumb":{"@id":"https:\/\/idckohtao.com\/de\/emergency-first-response-course\/#breadcrumb"},"inLanguage":"de","potentialAction":[{"@type":"ReadAction","target":["https:\/\/idckohtao.com\/de\/emergency-first-response-course\/"]}]},{"@type":"ImageObject","inLanguage":"de","@id":"https:\/\/idckohtao.com\/de\/emergency-first-response-course\/#primaryimage","url":"https:\/\/idckohtao.com\/wp-content\/uploads\/2023\/09\/idckohtao.com-emergency-first-response-dive-instructor-course-in-thailand.jpeg","contentUrl":"https:\/\/idckohtao.com\/wp-content\/uploads\/2023\/09\/idckohtao.com-emergency-first-response-dive-instructor-course-in-thailand.jpeg","width":1200,"height":900,"caption":"EFR First Aid & CPR course on Koh Tao"},{"@type":"BreadcrumbList","@id":"https:\/\/idckohtao.com\/de\/emergency-first-response-course\/#breadcrumb","itemListElement":[{"@type":"ListItem","position":1,"name":"Home","item":"https:\/\/idckohtao.com\/de\/"},{"@type":"ListItem","position":2,"name":"Erste Hilfe im Notfall Kurs"}]},{"@type":"WebSite","@id":"https:\/\/idckohtao.com\/de\/#website","url":"https:\/\/idckohtao.com\/de\/","name":"IDC Koh Tao","description":"PADI IDC 5 Star Diving Center in Koh Tao - Thailand","publisher":{"@id":"https:\/\/idckohtao.com\/de\/#organization"},"alternateName":"IDC Koh Tao in Thailand","potentialAction":[{"@type":"SearchAction","target":{"@type":"EntryPoint","urlTemplate":"https:\/\/idckohtao.com\/de\/?s={search_term_string}"},"query-input":{"@type":"PropertyValueSpecification","valueRequired":true,"valueName":"search_term_string"}}],"inLanguage":"de"},{"@type":"Organization","@id":"https:\/\/idckohtao.com\/de\/#organization","name":"IDC Koh Tao","alternateName":"IDC Koh Tao | Divemaster & Diving Instructor","url":"https:\/\/idckohtao.com\/de\/","logo":{"@type":"ImageObject","inLanguage":"de","@id":"https:\/\/idckohtao.com\/de\/#\/schema\/logo\/image\/","url":"https:\/\/idckohtao.com\/wp-content\/uploads\/2023\/09\/idckohtao.com-padi-diving-center-in-koh-tao-thailand.png","contentUrl":"https:\/\/idckohtao.com\/wp-content\/uploads\/2023\/09\/idckohtao.com-padi-diving-center-in-koh-tao-thailand.png","width":400,"height":300,"caption":"IDC Koh Tao"},"image":{"@id":"https:\/\/idckohtao.com\/de\/#\/schema\/logo\/image\/"},"sameAs":["https:\/\/www.facebook.com\/GoProIDCKohTao","https:\/\/x.com\/GoProIDCKohTao","https:\/\/www.youtube.com\/idckohtao","https:\/\/www.instagram.com\/idc.kohtao\/"],"description":"IDC Koh Tao is a part of the Black Turtle Dive pro level training team with three PADI Course Directors being led by Award Winning PADI Course Director Matt Bolton. Our full range of pro and recreational PADI Diving Courses provides aspiring scuba divers with education, fun, excitement, adventure, and a change of lifestyle or an opportunity to pursue a new career.","email":"info@idckohtao.com","legalName":"IDC Koh Tao","foundingDate":"2004-01-04","numberOfEmployees":{"@type":"QuantitativeValue","minValue":"1","maxValue":"10"},"correctionsPolicy":"https:\/\/idckohtao.com\/privacy-policy\/","ethicsPolicy":"https:\/\/idckohtao.com\/terms\/"},{"@type":"Person","@id":"https:\/\/idckohtao.com\/de\/#\/schema\/person\/d08d557cbfdbc171f824052dae697b02","name":"ojasya","image":{"@type":"ImageObject","inLanguage":"de","@id":"https:\/\/secure.gravatar.com\/avatar\/6fb34e36d09053a6545fc21d344613321bb1933f185132488f38052166f5a001?s=96&d=mm&r=g","url":"https:\/\/secure.gravatar.com\/avatar\/6fb34e36d09053a6545fc21d344613321bb1933f185132488f38052166f5a001?s=96&d=mm&r=g","contentUrl":"https:\/\/secure.gravatar.com\/avatar\/6fb34e36d09053a6545fc21d344613321bb1933f185132488f38052166f5a001?s=96&d=mm&r=g","caption":"ojasya"},"sameAs":["https:\/\/idckohtao.com"],"url":"https:\/\/idckohtao.com\/de\/blog\/author\/ojasya\/"}]}},"_links":{"self":[{"href":"https:\/\/idckohtao.com\/de\/wp-json\/wp\/v2\/pages\/3212","targetHints":{"allow":["GET"]}}],"collection":[{"href":"https:\/\/idckohtao.com\/de\/wp-json\/wp\/v2\/pages"}],"about":[{"href":"https:\/\/idckohtao.com\/de\/wp-json\/wp\/v2\/types\/page"}],"author":[{"embeddable":true,"href":"https:\/\/idckohtao.com\/de\/wp-json\/wp\/v2\/users\/1"}],"replies":[{"embeddable":true,"href":"https:\/\/idckohtao.com\/de\/wp-json\/wp\/v2\/comments?post=3212"}],"version-history":[{"count":1,"href":"https:\/\/idckohtao.com\/de\/wp-json\/wp\/v2\/pages\/3212\/revisions"}],"predecessor-version":[{"id":7750,"href":"https:\/\/idckohtao.com\/de\/wp-json\/wp\/v2\/pages\/3212\/revisions\/7750"}],"wp:featuredmedia":[{"embeddable":true,"href":"https:\/\/idckohtao.com\/de\/wp-json\/wp\/v2\/media\/4772"}],"wp:attachment":[{"href":"https:\/\/idckohtao.com\/de\/wp-json\/wp\/v2\/media?parent=3212"}],"curies":[{"name":"wp","href":"https:\/\/api.w.org\/{rel}","templated":true}]}}