{"id":3436,"date":"2023-08-11T07:23:00","date_gmt":"2023-08-11T07:23:00","guid":{"rendered":"https:\/\/idckohtao.com\/padi-course-director-matt-bolton\/"},"modified":"2026-04-23T05:02:41","modified_gmt":"2026-04-23T05:02:41","slug":"padi-course-director-matt-bolton","status":"publish","type":"page","link":"https:\/\/idckohtao.com\/de\/padi-course-director-matt-bolton\/","title":{"rendered":"PADI Course Director Matt Bolton"},"content":{"rendered":"<div class=\"wpb-content-wrapper\"><p>[vc_row][vc_column][vc_column_text css=&#8220;&#8220;]<\/p>\n<h2>Preisgekr\u00f6nter Platinum PADI Course Director Matt Bolton<\/h2>\n<h2>MATT BOLTON<\/h2>\n<h4>PADI Course Director #<strong>463559<\/strong><\/h4>\n<p><a class=\"fasc-button fasc-size-medium fasc-type-flat\" style=\"background-color: #33809e; color: #ffffff;\" target=\"_blank\" rel=\"noopener\" href=\"https:\/\/idckohtao.com\/wp-content\/uploads\/2023\/08\/Matt-Bolton-Open-Letter.pdf\">MATT&#8217;S OPEN LETTER<\/a><\/p>\n<p>Matt ist seit \u00fcber 28 Jahren in <a href=\"https:\/\/idckohtao.com\/de\/blog\/why-choose-koh-tao-for-a-padi-dive-instructor-course\/\">der Tauchbranche t\u00e4tig<\/a>&nbsp;und unterrichtet seit 20 Jahren&nbsp;<a href=\"https:\/\/idckohtao.com\/de\/pro-level-courses\/padi-instructor-development-course\/\">Tauchlehrer Ausbildungs-Kurse<\/a>&nbsp;(IDCs) auf <a href=\"https:\/\/idckohtao.com\/de\/why-choose-koh-tao\/\">Koh Tao<\/a>.<\/p>\n<p>Matt ist f\u00fcr die Ausbildung vieler erfolgreicher Tauchschulen Besitzer, Manager und Kursleiter von heute verantwortlich. Viele von Matts ehemaligen Kandidaten und Mitarbeitern arbeiten jetzt f\u00fcr PADI.<\/p>\n<p>Matt Bolton, Platinum PADI Kursleiter, ist einer der wenigen in Asien ans\u00e4ssigen Kursleiter, die f\u00fcr die Teilnahme am prestigetr\u00e4chtigen Kursleiter Training Kurs im PADI-Hauptquartier in Kalifornien ausgew\u00e4hlt wurden.<\/p>\n<p>Er genie\u00dft in der Tauchbranche auf der ganzen Welt hohes Ansehen und Matt wurde eingeladen, die allerersten IDCs in Indien, Osttimor und Oman zu unterrichten.<\/p>\n<p>Matt wurde au\u00dferdem ausgew\u00e4hlt, um in Penang, Malaysia, im Rahmen einer Yayasan Peneraju-Initiative der malaysischen Regierung zu unterrichten, um die Zahl der lokalen Tauchprofis, die in der Tauchbranche arbeiten zu erh\u00f6hen.<\/p>\n<p>Einer von Matts Hauptschwerpunkten ist das Tauchgesch\u00e4ft, was sich in seinem Erfolg in der Branche auf der F\u00fchrungsebene zeigt.<\/p>\n<p>Er baute \u201eCrystal Dive\u201c von einem kleinen unabh\u00e4ngigen Tauchzentrum zu einer der beliebtesten und erfolgreichsten Tauchmarken der Welt auf.<\/p>\n<p>Im Jahr 2017 war Matt Mitbegr\u00fcnder einer der beliebtesten lateinamerikanischen Tauchmarken auf Koh Tao, \u201eIsla Tortuga\u201c, bevor er w\u00e4hrend Corona seine neueste Marke \u201e<a href=\"https:\/\/www.blackturtledive.com\/\">Black Turtle Dive<\/a>\u201c gr\u00fcndete.&nbsp;Wenn er nicht gerade als IDC-Kursleiter unterrichtet, konzentriert sich Matt auf die Entwicklung neuer Marketingstrategien, insbesondere im Online-Bereich, und die Entwicklung neuer Bildungs- und&nbsp;<a href=\"https:\/\/idckohtao.com\/de\/marine-conservation\/\">Naturschutzinitiativen<\/a>.<\/p>\n<p>Eine dieser Bildungsinitiativen ist die Einf\u00fchrung des REACT-Programms \u2013 \u201eReef Ecology and Conservation Training\u201c Program, das er 2022 bei Black Turtle Dive in Zusammenarbeit mit der gemeinn\u00fctzigen Organisation \u201eConservation Diver\u201c einf\u00fchrte.<\/p>\n<p>&nbsp;<\/p>\n<p><img decoding=\"async\" class=\"alignnone wp-image-944 size-full\" src=\"https:\/\/idckohtao.com\/wp-content\/uploads\/2023\/08\/padi-idc-koh-tao-confined-water-presentations.jpg\" alt=\"padi-idc-koh-tao-confined-water-presentations\" width=\"1000\" height=\"608\" srcset=\"https:\/\/idckohtao.com\/wp-content\/uploads\/2023\/08\/padi-idc-koh-tao-confined-water-presentations.jpg 1000w, https:\/\/idckohtao.com\/wp-content\/uploads\/2023\/08\/padi-idc-koh-tao-confined-water-presentations-300x182.jpg 300w, https:\/\/idckohtao.com\/wp-content\/uploads\/2023\/08\/padi-idc-koh-tao-confined-water-presentations-768x467.jpg 768w\" sizes=\"(max-width: 1000px) 100vw, 1000px\" \/><\/p>\n<p>Im Jahr 2007 war Matt Mitbegr\u00fcnder von \u201eEco Koh Tao\u201c, einer gemeinn\u00fctzigen Naturschutzgruppe, die sich auf die Wiederherstellung von Riffen und die Entwicklung des \u201eJunkyard Reef\u201c \u2013 eines k\u00fcnstlich angelegten Riffs auf der Westseite von Koh Tao \u2013 spezialisiert hat.<\/p>\n<p>Matts neuestes Projekt in Zusammenarbeit mit dem DMCR \u2013 \u201eDepartment of Marine &amp; Coastal Resources\u201c (Thail\u00e4ndische Regierung) \u2013 ist ein neues k\u00fcnstliches Riff \u2013 \u201eBlack Turtle Reef\u201c.<\/p>\n<p>Matt geh\u00f6rt zu einer kleinen Gruppe von Tauchprofis und Meereswissenschaftlern in Koh Tao, die vom DMCR zertifiziert sind, um Techniken zur Korallenvermehrung und Riffwiederherstellung zu unterrichten.<\/p>\n<p>Matts Arbeit in den Bereichen Tauchlehrerentwicklung, Tauchausbildung, <a href=\"https:\/\/idckohtao.com\/de\/marine-conservation\/\">Meeresschutz<\/a> und Tauchgesch\u00e4ft wurde unz\u00e4hlige Male mit Branchenpreisen gew\u00fcrdigt.<\/p>\n<p><strong>MATT\u2019S QUALIFIKATIONEN<\/strong><\/p>\n<p>PADI-Kursleiter<br \/>\nDMCR- Ausbilder f\u00fcr Korallenrestaurierung<br \/>\nMeeres-Ressourcenmanagement (MRM)<br \/>\n\u201eReef Check\u201c Ausbilder<br \/>\nAusbilder f\u00fcr Naturschutztaucher<\/p>\n<p>Conservation Diver Instructor<br \/>\nAusbilder f\u00fcr Erste-Hilfe-Kurse und Erste Hilfe f\u00fcr Kinder<br \/>\nBSAC Fortgeschrittener Taucher<br \/>\nSelbstst\u00e4ndiger Taucher<\/p>\n<p><img decoding=\"async\" class=\"alignnone wp-image-945 size-large\" src=\"https:\/\/idckohtao.com\/wp-content\/uploads\/2023\/08\/padi-idc-koh-tao-open-water-presentation-matt-bolton-briefing-1024x683.jpg\" alt=\"padi-idc-koh-tao-open-water-presentation-matt-bolton-briefing\" width=\"1024\" height=\"683\" srcset=\"https:\/\/idckohtao.com\/wp-content\/uploads\/2023\/08\/padi-idc-koh-tao-open-water-presentation-matt-bolton-briefing-1024x683.jpg 1024w, https:\/\/idckohtao.com\/wp-content\/uploads\/2023\/08\/padi-idc-koh-tao-open-water-presentation-matt-bolton-briefing-300x200.jpg 300w, https:\/\/idckohtao.com\/wp-content\/uploads\/2023\/08\/padi-idc-koh-tao-open-water-presentation-matt-bolton-briefing-768x512.jpg 768w, https:\/\/idckohtao.com\/wp-content\/uploads\/2023\/08\/padi-idc-koh-tao-open-water-presentation-matt-bolton-briefing.jpg 1080w\" sizes=\"(max-width: 1024px) 100vw, 1024px\" \/><\/p>\n<p><strong>PADI Ausbilder f\u00fcr folgende Kurse<\/strong><\/p>\n<p>Angereicherte Luft \u2013 Atemgemisch Nitrox<br \/>\nTieftaucher<br \/>\nSuche und Bergen<br \/>\nNavigation<br \/>\nNachttauchen<br \/>\nUnterwasservideografie<br \/>\nUnterwasserfotografie<br \/>\nDigitale Unterwasserfotografie<br \/>\nAusr\u00fcstungsspezialist<br \/>\nWracktaucher<br \/>\nMehrstufiges Tauchen<br \/>\nTaucherantriebsfahrzeug<br \/>\nAWARE Fisch Identifikation<br \/>\nUnterwasser-Naturforscher<br \/>\nSpezialist f\u00fcr Wal Hai Bewusstsein<br \/>\nAWARE Spezialist f\u00fcr Meeresschildkr\u00f6ten<br \/>\nNotfall-Sauerstoffversorger<br \/>\nPADI Sauerstoffversorgung<br \/>\nMitarbeiter eines Tauchzentrums<br \/>\n\u201eCoral Watch\u201c Kurs zur Darstellung von Korallengesundheit und Korallenbleiche<br \/>\nAWARE Schutz der Haie Kurs<br \/>\nWal Hai Aufkl\u00e4rungstaucher<br \/>\nTauchen f\u00fcr den Umweltschutz<br \/>\nSide-Mount Taucher<\/p>\n<p>AUSZEICHNUNGEN, DIPLOME &amp; Erfolge<\/p>\n<p>PADI Platinum Kursleiter Auszeichnung in den Jahren 2006, 07, 08, 09, 10, 11, 12, 13, 14, 15, 2016, 2017, 2018, 2019, 2020, 2021, 2022, 2023, 2024 &amp; 2025 (20 times) \u2013 seit seiner Einf\u00fchrung<\/p>\n<p>2021 \u2013 Zum zweiten Mal mit der Auszeichnung \u201eHerausragender Beitrag zur Lehrerentwicklung\u201c ausgezeichnet<\/p>\n<p>2017 \u2013 Auszeichnung f\u00fcr den \u201eHerausragenden Beitrag zur Taucherausbildung\u201c<\/p>\n<p>2015 \u2013 Zum dritten Mal f\u00fcr den \u201eHerausragenden Beitrag zur Tauchbranche\u201c<\/p>\n<p>2013 \u2013 Auszeichnung f\u00fcr den \u201eHerausragenden Beitrag zur Lehrerentwicklung\u201c<\/p>\n<p>2012 \u201eHerausragender Beitrag zur Tauchindustrie\u201c<\/p>\n<p>2010 Auszeichnung f\u00fcr den \u201eHerausragenden Beitrag zur Tauchindustrie\u201c<\/p>\n<p>2010 PADI Auszeichnung zum Tauchlehrer-Ausbilder im asiatisch-pazifischen Raum<\/p>\n<p>2009 PADI Auszeichnung zur Tauchlehrer-Erhaltung im asiatisch-pazifischen Raum<\/p>\n<p>2008 \u201eProject AWARE\u201c Auszeichnung f\u00fcr Umweltleistungen<\/p>\n<p>2010 PADI Preis f\u00fcr den Meereschutz im asiatisch-pazifischen Raum<\/p>\n<p>2009 PADI Auszeichnung zur \u201eHervorragenden Leistung im Tauchbusiness\u201c im asiatisch-pazifischen Raum<\/p>\n<p>2009 PADI Meeresumwelt-Auszeichnung im asiatisch-pazifischen Raum<\/p>\n<p>2008 PADI Auszeichnung zum Tauchlehrer Ausbilder im asiatisch-pazifischen Raum<\/p>\n<p>2008 PADI Meeresumwelt-Auszeichnung im asiatisch-pazifischen Raum<\/p>\n<p><img decoding=\"async\" class=\"alignnone wp-image-946 size-large\" src=\"https:\/\/idckohtao.com\/wp-content\/uploads\/2023\/08\/crystal-dive-koh-tao-100000-reasons-to-dive-with-ceo-padi-award-1-1024x682.jpg\" alt=\"crystal-dive-koh-tao-100000-reasons-to-dive-with-ceo-padi-award\" width=\"1024\" height=\"682\" srcset=\"https:\/\/idckohtao.com\/wp-content\/uploads\/2023\/08\/crystal-dive-koh-tao-100000-reasons-to-dive-with-ceo-padi-award-1-1024x682.jpg 1024w, https:\/\/idckohtao.com\/wp-content\/uploads\/2023\/08\/crystal-dive-koh-tao-100000-reasons-to-dive-with-ceo-padi-award-1-300x200.jpg 300w, https:\/\/idckohtao.com\/wp-content\/uploads\/2023\/08\/crystal-dive-koh-tao-100000-reasons-to-dive-with-ceo-padi-award-1-768x512.jpg 768w, https:\/\/idckohtao.com\/wp-content\/uploads\/2023\/08\/crystal-dive-koh-tao-100000-reasons-to-dive-with-ceo-padi-award-1-1536x1024.jpg 1536w, https:\/\/idckohtao.com\/wp-content\/uploads\/2023\/08\/crystal-dive-koh-tao-100000-reasons-to-dive-with-ceo-padi-award-1.jpg 2000w\" sizes=\"(max-width: 1024px) 100vw, 1024px\" \/>[\/vc_column_text][\/vc_column][\/vc_row]<\/p>\n<\/div>","protected":false},"excerpt":{"rendered":"<p>[vc_row][vc_column][vc_column_text css=&#8220;&#8220;] Preisgekr\u00f6nter Platinum PADI Course Director Matt Bolton MATT BOLTON PADI Course Director #463559 MATT&#8217;S OPEN LETTER Matt ist seit \u00fcber 28 Jahren in der Tauchbranche t\u00e4tig&nbsp;und unterrichtet seit 20 Jahren&nbsp;Tauchlehrer Ausbildungs-Kurse&nbsp;(IDCs) auf Koh Tao. Matt ist f\u00fcr die Ausbildung vieler erfolgreicher Tauchschulen Besitzer, Manager und Kursleiter von heute verantwortlich. Viele von Matts ehemaligen [&hellip;]<\/p>\n","protected":false},"author":1,"featured_media":8143,"parent":0,"menu_order":0,"comment_status":"closed","ping_status":"closed","template":"","meta":{"_acf_changed":false,"footnotes":""},"class_list":["post-3436","page","type-page","status-publish","has-post-thumbnail","hentry"],"acf":[],"yoast_head":"<!-- This site is optimized with the Yoast SEO Premium plugin v27.5 (Yoast SEO v27.5) - https:\/\/yoast.com\/product\/yoast-seo-premium-wordpress\/ -->\n<title>IDC Koh Tao Thailand | PADI Course Director Matt Bolton<\/title>\n<meta name=\"description\" content=\"Mache deinen IDC auf Koh Tao mit dem preisgekr\u00f6nten PADI Course Director Matt Bolton und gebe deiner Tauchkarriere den bestm\u00f6glichen Start. Schlie\u00df dich uns an!\" \/>\n<meta name=\"robots\" content=\"index, follow, max-snippet:-1, max-image-preview:large, max-video-preview:-1\" \/>\n<link rel=\"canonical\" href=\"https:\/\/idckohtao.com\/de\/padi-course-director-matt-bolton\/\" \/>\n<meta property=\"og:locale\" content=\"de_DE\" \/>\n<meta property=\"og:type\" content=\"article\" \/>\n<meta property=\"og:title\" content=\"IDC Koh Tao Thailand | PADI Course Director Matt Bolton\" \/>\n<meta property=\"og:description\" content=\"Mache deinen IDC auf Koh Tao mit dem preisgekr\u00f6nten PADI Course Director Matt Bolton und gebe deiner Tauchkarriere den bestm\u00f6glichen Start. Schlie\u00df dich uns an!\" \/>\n<meta property=\"og:url\" content=\"https:\/\/idckohtao.com\/de\/padi-course-director-matt-bolton\/\" \/>\n<meta property=\"og:site_name\" content=\"IDC Koh Tao\" \/>\n<meta property=\"article:publisher\" content=\"https:\/\/www.facebook.com\/GoProIDCKohTao\" \/>\n<meta property=\"article:modified_time\" content=\"2026-04-23T05:02:41+00:00\" \/>\n<meta property=\"og:image\" content=\"https:\/\/idckohtao.com\/wp-content\/uploads\/2023\/08\/crystal-dive-koh-tao-100000-reasons-to-dive-with-padi-president.jpg\" \/>\n\t<meta property=\"og:image:width\" content=\"1080\" \/>\n\t<meta property=\"og:image:height\" content=\"720\" \/>\n\t<meta property=\"og:image:type\" content=\"image\/jpeg\" \/>\n<meta name=\"twitter:card\" content=\"summary_large_image\" \/>\n<meta name=\"twitter:title\" content=\"IDC Koh Tao Thailand | PADI Course Director Matt Bolton\" \/>\n<meta name=\"twitter:description\" content=\"Mache deinen IDC auf Koh Tao mit dem preisgekr\u00f6nten PADI Course Director Matt Bolton und gebe deiner Tauchkarriere den bestm\u00f6glichen Start. Schlie\u00df dich uns an!\" \/>\n<meta name=\"twitter:site\" content=\"@GoProIDCKohTao\" \/>\n<!-- \/ Yoast SEO Premium plugin. -->","yoast_head_json":{"title":"IDC Koh Tao Thailand | PADI Course Director Matt Bolton","description":"Mache deinen IDC auf Koh Tao mit dem preisgekr\u00f6nten PADI Course Director Matt Bolton und gebe deiner Tauchkarriere den bestm\u00f6glichen Start. Schlie\u00df dich uns an!","robots":{"index":"index","follow":"follow","max-snippet":"max-snippet:-1","max-image-preview":"max-image-preview:large","max-video-preview":"max-video-preview:-1"},"canonical":"https:\/\/idckohtao.com\/de\/padi-course-director-matt-bolton\/","og_locale":"de_DE","og_type":"article","og_title":"IDC Koh Tao Thailand | PADI Course Director Matt Bolton","og_description":"Mache deinen IDC auf Koh Tao mit dem preisgekr\u00f6nten PADI Course Director Matt Bolton und gebe deiner Tauchkarriere den bestm\u00f6glichen Start. Schlie\u00df dich uns an!","og_url":"https:\/\/idckohtao.com\/de\/padi-course-director-matt-bolton\/","og_site_name":"IDC Koh Tao","article_publisher":"https:\/\/www.facebook.com\/GoProIDCKohTao","article_modified_time":"2026-04-23T05:02:41+00:00","og_image":[{"width":1080,"height":720,"url":"https:\/\/idckohtao.com\/wp-content\/uploads\/2023\/08\/crystal-dive-koh-tao-100000-reasons-to-dive-with-padi-president.jpg","type":"image\/jpeg"}],"twitter_card":"summary_large_image","twitter_title":"IDC Koh Tao Thailand | PADI Course Director Matt Bolton","twitter_description":"Mache deinen IDC auf Koh Tao mit dem preisgekr\u00f6nten PADI Course Director Matt Bolton und gebe deiner Tauchkarriere den bestm\u00f6glichen Start. Schlie\u00df dich uns an!","twitter_site":"@GoProIDCKohTao","schema":{"@context":"https:\/\/schema.org","@graph":[{"@type":"NewsArticle","@id":"https:\/\/idckohtao.com\/de\/padi-course-director-matt-bolton\/#article","isPartOf":{"@id":"https:\/\/idckohtao.com\/de\/padi-course-director-matt-bolton\/"},"author":{"name":"ojasya","@id":"https:\/\/idckohtao.com\/de\/#\/schema\/person\/d08d557cbfdbc171f824052dae697b02"},"headline":"PADI Course Director Matt Bolton","datePublished":"2023-08-11T07:23:00+00:00","dateModified":"2026-04-23T05:02:41+00:00","mainEntityOfPage":{"@id":"https:\/\/idckohtao.com\/de\/padi-course-director-matt-bolton\/"},"wordCount":655,"publisher":{"@id":"https:\/\/idckohtao.com\/de\/#organization"},"image":{"@id":"https:\/\/idckohtao.com\/de\/padi-course-director-matt-bolton\/#primaryimage"},"thumbnailUrl":"https:\/\/idckohtao.com\/wp-content\/uploads\/2026\/05\/idckohtao.com-padi-instructors.jpeg","inLanguage":"de"},{"@type":"WebPage","@id":"https:\/\/idckohtao.com\/de\/padi-course-director-matt-bolton\/","url":"https:\/\/idckohtao.com\/de\/padi-course-director-matt-bolton\/","name":"IDC Koh Tao Thailand | PADI Course Director Matt Bolton","isPartOf":{"@id":"https:\/\/idckohtao.com\/de\/#website"},"primaryImageOfPage":{"@id":"https:\/\/idckohtao.com\/de\/padi-course-director-matt-bolton\/#primaryimage"},"image":{"@id":"https:\/\/idckohtao.com\/de\/padi-course-director-matt-bolton\/#primaryimage"},"thumbnailUrl":"https:\/\/idckohtao.com\/wp-content\/uploads\/2026\/05\/idckohtao.com-padi-instructors.jpeg","datePublished":"2023-08-11T07:23:00+00:00","dateModified":"2026-04-23T05:02:41+00:00","description":"Mache deinen IDC auf Koh Tao mit dem preisgekr\u00f6nten PADI Course Director Matt Bolton und gebe deiner Tauchkarriere den bestm\u00f6glichen Start. Schlie\u00df dich uns an!","breadcrumb":{"@id":"https:\/\/idckohtao.com\/de\/padi-course-director-matt-bolton\/#breadcrumb"},"inLanguage":"de","potentialAction":[{"@type":"ReadAction","target":["https:\/\/idckohtao.com\/de\/padi-course-director-matt-bolton\/"]}]},{"@type":"ImageObject","inLanguage":"de","@id":"https:\/\/idckohtao.com\/de\/padi-course-director-matt-bolton\/#primaryimage","url":"https:\/\/idckohtao.com\/wp-content\/uploads\/2026\/05\/idckohtao.com-padi-instructors.jpeg","contentUrl":"https:\/\/idckohtao.com\/wp-content\/uploads\/2026\/05\/idckohtao.com-padi-instructors.jpeg","width":1200,"height":916,"caption":"Matt Bolton Receiving an Award from the PADI President"},{"@type":"BreadcrumbList","@id":"https:\/\/idckohtao.com\/de\/padi-course-director-matt-bolton\/#breadcrumb","itemListElement":[{"@type":"ListItem","position":1,"name":"Home","item":"https:\/\/idckohtao.com\/de\/"},{"@type":"ListItem","position":2,"name":"PADI Course Director Matt Bolton"}]},{"@type":"WebSite","@id":"https:\/\/idckohtao.com\/de\/#website","url":"https:\/\/idckohtao.com\/de\/","name":"IDC Koh Tao","description":"PADI IDC 5 Star Diving Center in Koh Tao - Thailand","publisher":{"@id":"https:\/\/idckohtao.com\/de\/#organization"},"alternateName":"IDC Koh Tao in Thailand","potentialAction":[{"@type":"SearchAction","target":{"@type":"EntryPoint","urlTemplate":"https:\/\/idckohtao.com\/de\/?s={search_term_string}"},"query-input":{"@type":"PropertyValueSpecification","valueRequired":true,"valueName":"search_term_string"}}],"inLanguage":"de"},{"@type":"Organization","@id":"https:\/\/idckohtao.com\/de\/#organization","name":"IDC Koh Tao","alternateName":"IDC Koh Tao | Divemaster & Diving Instructor","url":"https:\/\/idckohtao.com\/de\/","logo":{"@type":"ImageObject","inLanguage":"de","@id":"https:\/\/idckohtao.com\/de\/#\/schema\/logo\/image\/","url":"https:\/\/idckohtao.com\/wp-content\/uploads\/2023\/09\/idckohtao.com-padi-diving-center-in-koh-tao-thailand.png","contentUrl":"https:\/\/idckohtao.com\/wp-content\/uploads\/2023\/09\/idckohtao.com-padi-diving-center-in-koh-tao-thailand.png","width":400,"height":300,"caption":"IDC Koh Tao"},"image":{"@id":"https:\/\/idckohtao.com\/de\/#\/schema\/logo\/image\/"},"sameAs":["https:\/\/www.facebook.com\/GoProIDCKohTao","https:\/\/x.com\/GoProIDCKohTao","https:\/\/www.youtube.com\/idckohtao","https:\/\/www.instagram.com\/idc.kohtao\/"],"description":"IDC Koh Tao is a part of the Black Turtle Dive pro level training team with three PADI Course Directors being led by Award Winning PADI Course Director Matt Bolton. Our full range of pro and recreational PADI Diving Courses provides aspiring scuba divers with education, fun, excitement, adventure, and a change of lifestyle or an opportunity to pursue a new career.","email":"info@idckohtao.com","legalName":"IDC Koh Tao","foundingDate":"2004-01-04","numberOfEmployees":{"@type":"QuantitativeValue","minValue":"1","maxValue":"10"},"correctionsPolicy":"https:\/\/idckohtao.com\/privacy-policy\/","ethicsPolicy":"https:\/\/idckohtao.com\/terms\/"},{"@type":"Person","@id":"https:\/\/idckohtao.com\/de\/#\/schema\/person\/d08d557cbfdbc171f824052dae697b02","name":"ojasya","image":{"@type":"ImageObject","inLanguage":"de","@id":"https:\/\/secure.gravatar.com\/avatar\/6fb34e36d09053a6545fc21d344613321bb1933f185132488f38052166f5a001?s=96&d=mm&r=g","url":"https:\/\/secure.gravatar.com\/avatar\/6fb34e36d09053a6545fc21d344613321bb1933f185132488f38052166f5a001?s=96&d=mm&r=g","contentUrl":"https:\/\/secure.gravatar.com\/avatar\/6fb34e36d09053a6545fc21d344613321bb1933f185132488f38052166f5a001?s=96&d=mm&r=g","caption":"ojasya"},"sameAs":["https:\/\/idckohtao.com"],"url":"https:\/\/idckohtao.com\/de\/blog\/author\/ojasya\/"}]}},"_links":{"self":[{"href":"https:\/\/idckohtao.com\/de\/wp-json\/wp\/v2\/pages\/3436","targetHints":{"allow":["GET"]}}],"collection":[{"href":"https:\/\/idckohtao.com\/de\/wp-json\/wp\/v2\/pages"}],"about":[{"href":"https:\/\/idckohtao.com\/de\/wp-json\/wp\/v2\/types\/page"}],"author":[{"embeddable":true,"href":"https:\/\/idckohtao.com\/de\/wp-json\/wp\/v2\/users\/1"}],"replies":[{"embeddable":true,"href":"https:\/\/idckohtao.com\/de\/wp-json\/wp\/v2\/comments?post=3436"}],"version-history":[{"count":1,"href":"https:\/\/idckohtao.com\/de\/wp-json\/wp\/v2\/pages\/3436\/revisions"}],"predecessor-version":[{"id":7761,"href":"https:\/\/idckohtao.com\/de\/wp-json\/wp\/v2\/pages\/3436\/revisions\/7761"}],"wp:featuredmedia":[{"embeddable":true,"href":"https:\/\/idckohtao.com\/de\/wp-json\/wp\/v2\/media\/8143"}],"wp:attachment":[{"href":"https:\/\/idckohtao.com\/de\/wp-json\/wp\/v2\/media?parent=3436"}],"curies":[{"name":"wp","href":"https:\/\/api.w.org\/{rel}","templated":true}]}}