{"id":2851,"date":"2023-08-10T11:29:48","date_gmt":"2023-08-10T11:29:48","guid":{"rendered":"https:\/\/idckohtao.com\/about-idc\/"},"modified":"2023-09-16T22:10:14","modified_gmt":"2023-09-16T22:10:14","slug":"about-idc","status":"publish","type":"page","link":"https:\/\/idckohtao.com\/es\/about-idc\/","title":{"rendered":"About IDC"},"content":{"rendered":"<h2>IDC Koh Tao \u2022 \u00a0Toda la Gama completa de cursos de buceo PADI<\/h2>\n<h3>Instalaciones de primera clase mundial<\/h3>\n<p>IDC Koh Tao es parte de\u00a0<a href=\"https:\/\/www.blackturtledive.com\/\" target=\"_blank\" rel=\"noopener noreferrer\">Black Turtle Dive<\/a>\u00a0y est\u00e1 situado en la playa, justo al norte del muelle principal de Koh Tao.<\/p>\n<p>El complejo cuenta con dos restaurantes, bungalows y habitaciones superiores con aire acondicionado y vistas al mar, donde nuestros clientes pueden relajarse mientras no bucean y maravaillarse con los espectaculares atardeceres de Koh Tao mientras disfrutan de un refrigerio.<\/p>\n<p>Con el t\u00edtulo de \u00e9lite PADI 5 Star Career Development Center (CDC), IDC\u00a0Koh Tao es una de las escuelas de buceo m\u00e1s establecidas y profesionales ubicadas en Koh Tao.<\/p>\n<p>Puede comenzar su entrenamiento de buceo de la mejor manera posible mediante el estudio de su desarrollo de conocimientos con comodidad de nuestras aulas con aire acondicionado y con Internet de alta velocidad.<\/p>\n<p>Si\u00e9ntete como en casa en nuestro aula especializada para todos nuestros entrenamientos de nivel de\u00a0<a href=\"https:\/\/idckohtao.com\/es\/padi-instructor-development-course\/\">PADI Diving Instructor<\/a>. \u00bfHemos mencionado antes \u2026que disponemos de servicio a domicilio de el mejor caf\u00e9 en Koh Tao!<\/p>\n<p>Cuando se trata de trabajo acu\u00e1tico, ofrecemos en una de nuestras 3 piscinaste dara muchas oportunidades para practicar tod lo que necesites. Trabajar en aguas confinadas como las que nostros poseemos le ayudar\u00e1 a desarrollar las habilidades fundamentales y necesarias como buzo profesional.<\/p>\n<p>Como dice el refr\u00e1n, \u00abla pr\u00e1ctica hace al maestro\u00bb, y qu\u00e9 mejor manera de practicar tu entrenamiento de buzo que en la piscina de entrenamiento de Koh Tao m\u00e1s grande y de \u00faltima generaci\u00f3n.<\/p>\n<p>Para el entrenamiento de buceo en aguas abiertas, le complacer\u00e1 saber que IDC\u00a0Koh Tao se encuentra a tres minutos a pie de nuestro muelle personal. Tome un relajante paseo por la playa para abordar uno de nuestros uno barcos de buceo..<\/p>\n<p>Tener botes de buceo de prop\u00f3sito m\u00faltiple nos permite elegir el mejor sitio de buceo para acomodar nuestros cursos de buceo y nivel de entrenamiento de nuestros estudiantes. Administramos grupos seg\u00fan sea necesario para asegurarnos de que todos est\u00e9n bien atendidos.<\/p>\n<p>Una vez que est\u00e9 a bordo, notar\u00e1 que la seguridad es una gran prioridad en todos los barcos de IDC\u00a0Koh Tao. Los equipos de emergencia y primeros auxilios se revisan a diario, mientras que el personal monitorea y supervisa a todos los buzos que entran y salen del agua. Cada estudiante e instructor es revisado personalmente a bordo por nuestro equipo de seguridad en la superficie.<\/p>\n<p>Tambi\u00e9n podemos proporcionar de un equipo de buceo si a\u00fan no tiene suyo propio personal. Tendr\u00e1s acceso completo a la sala de equipamiento de IDC\u00a0Koh Tao. Nos enorgullece mantener nuestro equipo a los m\u00e1s altos est\u00e1ndares. Si est\u00e1 buscando comprar tu propio equipo, nuestro tienda de equipo y accesorios se encuentra en el mismo\u00a0<a href=\"https:\/\/idckohtao.com\/es\/padi-diving-courses\/\">centro de buceo<\/a>, donde puede beneficiarse de un descuento del 20% en todos los equipos y accesorios.<\/p>\n<p><b>Una concurrida escuela de buceo<\/b><\/p>\n<p>La mejor manera de aprender y tener \u00e9xito en el mundo profesional del buceo es la pr\u00e1ctica. Como IDC\u00a0Koh Tao ofrece la gama completa de cursos de buceo PADI , tendr\u00e1 muchas mas oportunidades para participar una amplia variedad de curso de entrenamientos.<\/p>\n<p>Ya sea Discover Scuba Diving ( bautizos ) o\u00a0<a href=\"https:\/\/www.blackturtledive.com\/padi-pro-level\/\" target=\"_blank\" rel=\"noopener noreferrer\">Cursos de nivel Pro<\/a>, no hay nada que IDC\u00a0Koh Tao no ofrezca. Adem\u00e1s, ofrecemos la gama completa de\u00a0<a href=\"https:\/\/www.blackturtledive.com\/padi-freediving-courses\/\" target=\"_blank\" rel=\"noopener noreferrer\">cursos de apnea<\/a>\u00a0y ofrecemos buceo t\u00e9cnico.<\/p>\n<p>Como tenemos clientes que vienen de todo el mundo, tenemos un grupo diverso de instructores multiling\u00fces. Esto le permite aprender a ense\u00f1ar y a escribir en su propio idioma, as\u00ed como en ingl\u00e9s. Tener la capacidad de trabajar en la industria con m\u00faltiples idiomas es una gran ventaja, y estamos m\u00e1s que felices de ayudarlo a desarrollar sus habilidades.<\/p>\n<p>Si se inscribe en una de nuestros entrenamientos para PADI Instructor \u2018Internado de buceo o paquetes de estilo de vida\u2019, estar\u00e1 \u2018ense\u00f1ando en equipo\u2019 junto con instructores experimentados, que estar\u00e1n all\u00ed para guiarlo y orientarlo en su nueva carrera. Esto se har\u00e1 con todo los cursos PADI que usted pueda ense\u00f1ar. Le da la confianza para eventualmente salir por tu cuenta y tener \u00e9xito como profesional en la industria.<\/p>\n<p><img decoding=\"async\" class=\"alignnone wp-image-894 size-large\" src=\"https:\/\/idckohtao.com\/wp-content\/uploads\/2023\/08\/idckohtao.com-thailand-crystal-dive-koh-tao-diving-courses-1-1024x581.jpg\" alt=\"idckohtao.com-thailand-crystal-dive-koh-tao-diving-courses\" width=\"1024\" height=\"581\" srcset=\"https:\/\/idckohtao.com\/wp-content\/uploads\/2023\/08\/idckohtao.com-thailand-crystal-dive-koh-tao-diving-courses-1-1024x581.jpg 1024w, https:\/\/idckohtao.com\/wp-content\/uploads\/2023\/08\/idckohtao.com-thailand-crystal-dive-koh-tao-diving-courses-1-300x170.jpg 300w, https:\/\/idckohtao.com\/wp-content\/uploads\/2023\/08\/idckohtao.com-thailand-crystal-dive-koh-tao-diving-courses-1-768x436.jpg 768w, https:\/\/idckohtao.com\/wp-content\/uploads\/2023\/08\/idckohtao.com-thailand-crystal-dive-koh-tao-diving-courses-1.jpg 1255w\" sizes=\"(max-width: 1024px) 100vw, 1024px\" \/><\/p>\n<p><b>Galardonado Al mejor personal del A\u00f1o<\/b><\/p>\n<p>Bajo la direccion del 14 veces galardonado Platinum\u00a0<a href=\"https:\/\/idckohtao.com\/es\/padi-course-director-matt-bolton\/\">PADI Course Director, Matt Bolton<\/a>, tiene una gran experiencia y conocimiento a su alcance.<\/p>\n<p>Esto es especialmente importante si est\u00e1 considerando un \u00abcambio de carrera\u00bb, ya que Matt ha estado en la industria desde 1999 y tiene una enorme cantidad de sabidur\u00eda y experiencia que gu\u00edan y han guiado las aspiraciones de miles de candidatos durante muchos a\u00f1os.<\/p>\n<p>Trabajando junto a Matt Bolton hay una veintena de instructores PADI senior galardonados con el ELITE Instructor de PADI que esperan compartir su conocimiento y experiencia con usted.<\/p>\n<p><b>Liderando el camino en la conservaci\u00f3n marina<\/b><\/p>\n<p>Si la participaci\u00f3n en proyectos de Conservaci\u00f3n Marina es un \u00e1rea de especializaci\u00f3n que le apasiona y en la que desea participar, nuestro equipo de conservaci\u00f3n ofrece una amplia gama de cursos ecol\u00f3gicos y internados.<\/p>\n<p>Construimos y mantenemos uno de los arrecifes artificiales m\u00e1s populares de Koh Tao, que ayuda a preservar las aguas y la vida marina en los alrededores de Koh Tao y ofrece una amplia gama de cursos y programas de buceo de\u00a0<a href=\"https:\/\/idckohtao.com\/es\/marine-conservation\/\">conservaci\u00f3n marina<\/a>.<\/p>\n<p>Una de las organizaciones medioambientales m\u00e1s proactivas en el sudeste asi\u00e1tico y tiene programas de iniciativas diarias y semanales basadas en Ecologia.<\/p>\n<p><b>Una ubicaci\u00f3n paradis\u00edaca<\/b><\/p>\n<p>Situado en la playa en el\u00a0<a href=\"https:\/\/en.wikipedia.org\/wiki\/Ko_Tao\" target=\"_blank\" rel=\"noopener\">lado oeste de la tropical isla de Koh Tao<\/a>, IDC\u00a0Koh Tao es el lugar perfecto para aprender a bucear tanto recreativamente como a nivel profesional.<\/p>\n<p>Con un restaurante y un bar en la playa, hay un ambiente divertido y social en todo el lugar. No hay mejor sitio para sentarse, relajarse y mirar el atardecer despu\u00e9s de un d\u00eda de buceo.<\/p>\n","protected":false},"excerpt":{"rendered":"<p>IDC Koh Tao \u2022 \u00a0Toda la Gama completa de cursos de buceo PADI Instalaciones de primera clase mundial IDC Koh Tao es parte de\u00a0Black Turtle Dive\u00a0y est\u00e1 situado en la playa, justo al norte del muelle principal de Koh Tao. El complejo cuenta con dos restaurantes, bungalows y habitaciones superiores con aire acondicionado y vistas [&hellip;]<\/p>\n","protected":false},"author":1,"featured_media":5186,"parent":0,"menu_order":0,"comment_status":"closed","ping_status":"closed","template":"","meta":{"_acf_changed":false,"footnotes":""},"class_list":["post-2851","page","type-page","status-publish","has-post-thumbnail","hentry"],"acf":[],"yoast_head":"<!-- This site is optimized with the Yoast SEO Premium plugin v27.5 (Yoast SEO v27.5) - https:\/\/yoast.com\/product\/yoast-seo-premium-wordpress\/ -->\n<title>IDC Koh Tao | Elige Crystal Dive Cursos De Buceo PADI<\/title>\n<meta name=\"description\" content=\"IDC Koh Tao se encuentra en Crystal Dive Koh Tao, un centro de desarrollo profesional PADI y un centro de entrenamiento de buceo galardonado con 5 estrellas en Koh Tao. Lleve sus habilidades de buceo al siguiente nivel profesional y comience a trabajar como profesional de buceo en la hermosa Koh Tao\" \/>\n<meta name=\"robots\" content=\"index, follow, max-snippet:-1, max-image-preview:large, max-video-preview:-1\" \/>\n<link rel=\"canonical\" href=\"https:\/\/idckohtao.com\/es\/about-idc\/\" \/>\n<meta property=\"og:locale\" content=\"es_ES\" \/>\n<meta property=\"og:type\" content=\"article\" \/>\n<meta property=\"og:title\" content=\"IDC Koh Tao | Elige Crystal Dive Cursos De Buceo PADI\" \/>\n<meta property=\"og:description\" content=\"IDC Koh Tao se encuentra en Crystal Dive Koh Tao, un centro de desarrollo profesional PADI y un centro de entrenamiento de buceo galardonado con 5 estrellas en Koh Tao. Lleve sus habilidades de buceo al siguiente nivel profesional y comience a trabajar como profesional de buceo en la hermosa Koh Tao\" \/>\n<meta property=\"og:url\" content=\"https:\/\/idckohtao.com\/es\/about-idc\/\" \/>\n<meta property=\"og:site_name\" content=\"IDC Koh Tao\" \/>\n<meta property=\"article:publisher\" content=\"https:\/\/www.facebook.com\/GoProIDCKohTao\" \/>\n<meta property=\"article:modified_time\" content=\"2023-09-16T22:10:14+00:00\" \/>\n<meta property=\"og:image\" content=\"https:\/\/idckohtao.com\/wp-content\/uploads\/2023\/08\/crystaldive.com-koh-tao-koh-nangyuan-island-dive-sites-1-1024x458.png\" \/>\n\t<meta property=\"og:image:width\" content=\"1024\" \/>\n\t<meta property=\"og:image:height\" content=\"458\" \/>\n\t<meta property=\"og:image:type\" content=\"image\/png\" \/>\n<meta name=\"twitter:card\" content=\"summary_large_image\" \/>\n<meta name=\"twitter:title\" content=\"IDC Koh Tao | Elige Crystal Dive Cursos De Buceo PADI\" \/>\n<meta name=\"twitter:description\" content=\"IDC Koh Tao se encuentra en Crystal Dive Koh Tao, un centro de desarrollo profesional PADI y un centro de entrenamiento de buceo galardonado con 5 estrellas en Koh Tao. Lleve sus habilidades de buceo al siguiente nivel profesional y comience a trabajar como profesional de buceo en la hermosa Koh Tao\" \/>\n<meta name=\"twitter:image\" content=\"https:\/\/idckohtao.com\/wp-content\/uploads\/2023\/08\/crystaldive.com-koh-tao-koh-nangyuan-island-dive-sites-1.png\" \/>\n<meta name=\"twitter:site\" content=\"@GoProIDCKohTao\" \/>\n<!-- \/ Yoast SEO Premium plugin. -->","yoast_head_json":{"title":"IDC Koh Tao | Elige Crystal Dive Cursos De Buceo PADI","description":"IDC Koh Tao se encuentra en Crystal Dive Koh Tao, un centro de desarrollo profesional PADI y un centro de entrenamiento de buceo galardonado con 5 estrellas en Koh Tao. Lleve sus habilidades de buceo al siguiente nivel profesional y comience a trabajar como profesional de buceo en la hermosa Koh Tao","robots":{"index":"index","follow":"follow","max-snippet":"max-snippet:-1","max-image-preview":"max-image-preview:large","max-video-preview":"max-video-preview:-1"},"canonical":"https:\/\/idckohtao.com\/es\/about-idc\/","og_locale":"es_ES","og_type":"article","og_title":"IDC Koh Tao | Elige Crystal Dive Cursos De Buceo PADI","og_description":"IDC Koh Tao se encuentra en Crystal Dive Koh Tao, un centro de desarrollo profesional PADI y un centro de entrenamiento de buceo galardonado con 5 estrellas en Koh Tao. Lleve sus habilidades de buceo al siguiente nivel profesional y comience a trabajar como profesional de buceo en la hermosa Koh Tao","og_url":"https:\/\/idckohtao.com\/es\/about-idc\/","og_site_name":"IDC Koh Tao","article_publisher":"https:\/\/www.facebook.com\/GoProIDCKohTao","article_modified_time":"2023-09-16T22:10:14+00:00","og_image":[{"width":1024,"height":458,"url":"https:\/\/idckohtao.com\/wp-content\/uploads\/2023\/08\/crystaldive.com-koh-tao-koh-nangyuan-island-dive-sites-1-1024x458.png","type":"image\/png"}],"twitter_card":"summary_large_image","twitter_title":"IDC Koh Tao | Elige Crystal Dive Cursos De Buceo PADI","twitter_description":"IDC Koh Tao se encuentra en Crystal Dive Koh Tao, un centro de desarrollo profesional PADI y un centro de entrenamiento de buceo galardonado con 5 estrellas en Koh Tao. Lleve sus habilidades de buceo al siguiente nivel profesional y comience a trabajar como profesional de buceo en la hermosa Koh Tao","twitter_image":"https:\/\/idckohtao.com\/wp-content\/uploads\/2023\/08\/crystaldive.com-koh-tao-koh-nangyuan-island-dive-sites-1.png","twitter_site":"@GoProIDCKohTao","schema":{"@context":"https:\/\/schema.org","@graph":[{"@type":"NewsArticle","@id":"https:\/\/idckohtao.com\/es\/about-idc\/#article","isPartOf":{"@id":"https:\/\/idckohtao.com\/es\/about-idc\/"},"author":{"name":"ojasya","@id":"https:\/\/idckohtao.com\/es\/#\/schema\/person\/d08d557cbfdbc171f824052dae697b02"},"headline":"About IDC","datePublished":"2023-08-10T11:29:48+00:00","dateModified":"2023-09-16T22:10:14+00:00","mainEntityOfPage":{"@id":"https:\/\/idckohtao.com\/es\/about-idc\/"},"wordCount":1006,"publisher":{"@id":"https:\/\/idckohtao.com\/es\/#organization"},"image":{"@id":"https:\/\/idckohtao.com\/es\/about-idc\/#primaryimage"},"thumbnailUrl":"https:\/\/idckohtao.com\/wp-content\/uploads\/2023\/09\/idckohtao.com-best-scuba-diving-boat-in-thailand.jpg","inLanguage":"es"},{"@type":"WebPage","@id":"https:\/\/idckohtao.com\/es\/about-idc\/","url":"https:\/\/idckohtao.com\/es\/about-idc\/","name":"IDC Koh Tao | Elige Crystal Dive Cursos De Buceo PADI","isPartOf":{"@id":"https:\/\/idckohtao.com\/es\/#website"},"primaryImageOfPage":{"@id":"https:\/\/idckohtao.com\/es\/about-idc\/#primaryimage"},"image":{"@id":"https:\/\/idckohtao.com\/es\/about-idc\/#primaryimage"},"thumbnailUrl":"https:\/\/idckohtao.com\/wp-content\/uploads\/2023\/09\/idckohtao.com-best-scuba-diving-boat-in-thailand.jpg","datePublished":"2023-08-10T11:29:48+00:00","dateModified":"2023-09-16T22:10:14+00:00","description":"IDC Koh Tao se encuentra en Crystal Dive Koh Tao, un centro de desarrollo profesional PADI y un centro de entrenamiento de buceo galardonado con 5 estrellas en Koh Tao. Lleve sus habilidades de buceo al siguiente nivel profesional y comience a trabajar como profesional de buceo en la hermosa Koh Tao","breadcrumb":{"@id":"https:\/\/idckohtao.com\/es\/about-idc\/#breadcrumb"},"inLanguage":"es","potentialAction":[{"@type":"ReadAction","target":["https:\/\/idckohtao.com\/es\/about-idc\/"]}]},{"@type":"ImageObject","inLanguage":"es","@id":"https:\/\/idckohtao.com\/es\/about-idc\/#primaryimage","url":"https:\/\/idckohtao.com\/wp-content\/uploads\/2023\/09\/idckohtao.com-best-scuba-diving-boat-in-thailand.jpg","contentUrl":"https:\/\/idckohtao.com\/wp-content\/uploads\/2023\/09\/idckohtao.com-best-scuba-diving-boat-in-thailand.jpg","width":1200,"height":867,"caption":"Best Scuba Diving Boat in Thailand"},{"@type":"BreadcrumbList","@id":"https:\/\/idckohtao.com\/es\/about-idc\/#breadcrumb","itemListElement":[{"@type":"ListItem","position":1,"name":"Home","item":"https:\/\/idckohtao.com\/es\/"},{"@type":"ListItem","position":2,"name":"About IDC"}]},{"@type":"WebSite","@id":"https:\/\/idckohtao.com\/es\/#website","url":"https:\/\/idckohtao.com\/es\/","name":"IDC Koh Tao","description":"PADI IDC 5 Star Diving Center in Koh Tao - Thailand","publisher":{"@id":"https:\/\/idckohtao.com\/es\/#organization"},"alternateName":"IDC Koh Tao in Thailand","potentialAction":[{"@type":"SearchAction","target":{"@type":"EntryPoint","urlTemplate":"https:\/\/idckohtao.com\/es\/?s={search_term_string}"},"query-input":{"@type":"PropertyValueSpecification","valueRequired":true,"valueName":"search_term_string"}}],"inLanguage":"es"},{"@type":"Organization","@id":"https:\/\/idckohtao.com\/es\/#organization","name":"IDC Koh Tao","alternateName":"IDC Koh Tao | Divemaster & Diving Instructor","url":"https:\/\/idckohtao.com\/es\/","logo":{"@type":"ImageObject","inLanguage":"es","@id":"https:\/\/idckohtao.com\/es\/#\/schema\/logo\/image\/","url":"https:\/\/idckohtao.com\/wp-content\/uploads\/2023\/09\/idckohtao.com-padi-diving-center-in-koh-tao-thailand.png","contentUrl":"https:\/\/idckohtao.com\/wp-content\/uploads\/2023\/09\/idckohtao.com-padi-diving-center-in-koh-tao-thailand.png","width":400,"height":300,"caption":"IDC Koh Tao"},"image":{"@id":"https:\/\/idckohtao.com\/es\/#\/schema\/logo\/image\/"},"sameAs":["https:\/\/www.facebook.com\/GoProIDCKohTao","https:\/\/x.com\/GoProIDCKohTao","https:\/\/www.youtube.com\/idckohtao","https:\/\/www.instagram.com\/idc.kohtao\/"],"description":"IDC Koh Tao is a part of the Black Turtle Dive pro level training team with three PADI Course Directors being led by Award Winning PADI Course Director Matt Bolton. Our full range of pro and recreational PADI Diving Courses provides aspiring scuba divers with education, fun, excitement, adventure, and a change of lifestyle or an opportunity to pursue a new career.","email":"info@idckohtao.com","legalName":"IDC Koh Tao","foundingDate":"2004-01-04","numberOfEmployees":{"@type":"QuantitativeValue","minValue":"1","maxValue":"10"},"correctionsPolicy":"https:\/\/idckohtao.com\/privacy-policy\/","ethicsPolicy":"https:\/\/idckohtao.com\/terms\/"},{"@type":"Person","@id":"https:\/\/idckohtao.com\/es\/#\/schema\/person\/d08d557cbfdbc171f824052dae697b02","name":"ojasya","image":{"@type":"ImageObject","inLanguage":"es","@id":"https:\/\/secure.gravatar.com\/avatar\/6fb34e36d09053a6545fc21d344613321bb1933f185132488f38052166f5a001?s=96&d=mm&r=g","url":"https:\/\/secure.gravatar.com\/avatar\/6fb34e36d09053a6545fc21d344613321bb1933f185132488f38052166f5a001?s=96&d=mm&r=g","contentUrl":"https:\/\/secure.gravatar.com\/avatar\/6fb34e36d09053a6545fc21d344613321bb1933f185132488f38052166f5a001?s=96&d=mm&r=g","caption":"ojasya"},"sameAs":["https:\/\/idckohtao.com"],"url":"https:\/\/idckohtao.com\/es\/blog\/author\/ojasya\/"}]}},"_links":{"self":[{"href":"https:\/\/idckohtao.com\/es\/wp-json\/wp\/v2\/pages\/2851","targetHints":{"allow":["GET"]}}],"collection":[{"href":"https:\/\/idckohtao.com\/es\/wp-json\/wp\/v2\/pages"}],"about":[{"href":"https:\/\/idckohtao.com\/es\/wp-json\/wp\/v2\/types\/page"}],"author":[{"embeddable":true,"href":"https:\/\/idckohtao.com\/es\/wp-json\/wp\/v2\/users\/1"}],"replies":[{"embeddable":true,"href":"https:\/\/idckohtao.com\/es\/wp-json\/wp\/v2\/comments?post=2851"}],"version-history":[{"count":0,"href":"https:\/\/idckohtao.com\/es\/wp-json\/wp\/v2\/pages\/2851\/revisions"}],"wp:featuredmedia":[{"embeddable":true,"href":"https:\/\/idckohtao.com\/es\/wp-json\/wp\/v2\/media\/5186"}],"wp:attachment":[{"href":"https:\/\/idckohtao.com\/es\/wp-json\/wp\/v2\/media?parent=2851"}],"curies":[{"name":"wp","href":"https:\/\/api.w.org\/{rel}","templated":true}]}}