{"id":3189,"date":"2023-08-14T09:14:05","date_gmt":"2023-08-14T09:14:05","guid":{"rendered":"https:\/\/idckohtao.com\/contact\/"},"modified":"2023-12-17T06:48:26","modified_gmt":"2023-12-17T06:48:26","slug":"contact","status":"publish","type":"page","link":"https:\/\/idckohtao.com\/es\/contact\/","title":{"rendered":"Contact"},"content":{"rendered":"<div class=\"wpb-content-wrapper\"><p>[vc_row css=\u00bb.vc_custom_1692034036106{margin-top: 20px !important;}\u00bb][vc_column][vc_custom_heading text=\u00bbGracias por su visita\u00bb use_theme_fonts=\u00bbyes\u00bb][vc_column_text]Nos complace anunciar que tanto el equipo administrativo como de instructores de IDC Koh Tao han finalizado su fusi\u00f3n de todos los cursos de entrenamiento y contin\u00faan ofreciendo la gama completa de cursos PADI de la mano de Black Turtle Dive.<\/p>\n<p>Estas son grandes noticias para nuestros clientes, ya que nuestro equipo de profesionales con m\u00e1s de 50 a\u00f1os combinados de experiencia continuar\u00e1n proporcionando tanto una excelente atenci\u00f3n al cliente como un curr\u00edculum de cursos mejorado y ampliado.<\/p>\n<p>Contacta con nosotros para m\u00e1s informaci\u00f3n sobre esta emocionante nueva empresa o lee\u00a0<a href=\"https:\/\/www.blackturtledive.com\/\" target=\"_blank\" rel=\"noopener noreferrer\">m\u00e1s acerca de Black Turtle Dive<\/a>.<\/p>\n<p>Por favor, proporcione toda la informaci\u00f3n en los cuadros a continuaci\u00f3n, incluyendo la calificaci\u00f3n actual de buzo y seleccionando los cuadros para los cursos que le interesan. Esto nos ayudar\u00e1 a brindarle la informaci\u00f3n m\u00e1s precisa y actualizada. Para preguntas espec\u00edficas del curso no cubiertas en nuestra p\u00e1gina de preguntas frecuentes, env\u00ede un correo electr\u00f3nico a la direcci\u00f3n de este sitio web.[\/vc_column_text][\/vc_column][\/vc_row][vc_row][vc_column width=\u00bb1\/2&#8243; el_class=\u00bbpr-lg\u00bb]\n<div class=\"wpcf7 no-js\" id=\"wpcf7-f5377-o1\" lang=\"es-ES\" dir=\"ltr\" data-wpcf7-id=\"5377\">\n<div class=\"screen-reader-response\"><p role=\"status\" aria-live=\"polite\" aria-atomic=\"true\"><\/p> <ul><\/ul><\/div>\n<form action=\"\/es\/wp-json\/wp\/v2\/pages\/3189#wpcf7-f5377-o1\" method=\"post\" class=\"wpcf7-form init\" aria-label=\"Formulario de contacto\" novalidate=\"novalidate\" data-status=\"init\">\n<fieldset class=\"hidden-fields-container\"><input type=\"hidden\" name=\"_wpcf7\" value=\"5377\" \/><input type=\"hidden\" name=\"_wpcf7_version\" value=\"6.1.5\" \/><input type=\"hidden\" name=\"_wpcf7_locale\" value=\"es_ES\" \/><input type=\"hidden\" name=\"_wpcf7_unit_tag\" value=\"wpcf7-f5377-o1\" \/><input type=\"hidden\" name=\"_wpcf7_container_post\" value=\"0\" \/><input type=\"hidden\" name=\"_wpcf7_posted_data_hash\" value=\"\" \/><input type=\"hidden\" name=\"_wpcf7_recaptcha_response\" value=\"\" \/>\n<\/fieldset>\n<label>Nombre \n<span class=\"wpcf7-form-control-wrap\" data-name=\"Name\"><input size=\"40\" maxlength=\"400\" class=\"wpcf7-form-control wpcf7-text wpcf7-validates-as-required\" aria-required=\"true\" aria-invalid=\"false\" placeholder=\"\" value=\"\" type=\"text\" name=\"Name\" \/><\/span><\/label>\n<label>Email\n<span class=\"wpcf7-form-control-wrap\" data-name=\"Email\"><input size=\"40\" maxlength=\"400\" class=\"wpcf7-form-control wpcf7-email wpcf7-validates-as-required wpcf7-text wpcf7-validates-as-email\" aria-required=\"true\" aria-invalid=\"false\" placeholder=\"\" value=\"\" type=\"email\" name=\"Email\" \/><\/span><\/label>\n<span id=\"wpcf7-69ff85743aefb-wrapper\" class=\"wpcf7-form-control-wrap message-us-wrap\" style=\"display:none !important; visibility:hidden !important;\"><label for=\"wpcf7-69ff85743aefb-field\" class=\"hp-message\">Por favor, deja este campo vac\u00edo.<\/label><input id=\"wpcf7-69ff85743aefb-field\"  class=\"wpcf7-form-control wpcf7-text\" type=\"text\" name=\"message-us\" value=\"\" size=\"40\" tabindex=\"-1\" autocomplete=\"new-password\" \/><\/span>\n<label>NACIONALIDAD\n<span class=\"wpcf7-form-control-wrap\" data-name=\"Nationality\"><input size=\"40\" maxlength=\"400\" class=\"wpcf7-form-control wpcf7-text wpcf7-validates-as-required\" aria-required=\"true\" aria-invalid=\"false\" placeholder=\"\" value=\"\" type=\"text\" name=\"Nationality\" \/><\/span><\/label>\n<label>Nivel De Buceador Actual<\/label>\n<span class=\"wpcf7-form-control-wrap\" data-name=\"dive-level\"><select class=\"wpcf7-form-control wpcf7-select wpcf7-validates-as-required\" aria-required=\"true\" aria-invalid=\"false\" multiple=\"multiple\" name=\"dive-level[]\"><option value=\"Beginner\">Beginner<\/option><option value=\"Open Water\">Open Water<\/option><option value=\"Advanced Open Water\">Advanced Open Water<\/option><option value=\"Rescue Diver\">Rescue Diver<\/option><option value=\"Divemaster\">Divemaster<\/option><option value=\"Instructor (OWSI)\">Instructor (OWSI)<\/option><\/select><\/span>\n<label>CURSO<\/label>\n<span class=\"wpcf7-form-control-wrap\" data-name=\"course-checkbox\"><span class=\"wpcf7-form-control wpcf7-checkbox\"><span class=\"wpcf7-list-item first\"><input type=\"checkbox\" name=\"course-checkbox[]\" value=\"Discover Scuba Diving\" \/><span class=\"wpcf7-list-item-label\">Discover Scuba Diving<\/span><\/span><span class=\"wpcf7-list-item\"><input type=\"checkbox\" name=\"course-checkbox[]\" value=\"Open Water Course\" \/><span class=\"wpcf7-list-item-label\">Open Water Course<\/span><\/span><span class=\"wpcf7-list-item\"><input type=\"checkbox\" name=\"course-checkbox[]\" value=\"Advanced Open Water Course\" \/><span class=\"wpcf7-list-item-label\">Advanced Open Water Course<\/span><\/span><span class=\"wpcf7-list-item\"><input type=\"checkbox\" name=\"course-checkbox[]\" value=\"Rescue Diver Course\" \/><span class=\"wpcf7-list-item-label\">Rescue Diver Course<\/span><\/span><span class=\"wpcf7-list-item\"><input type=\"checkbox\" name=\"course-checkbox[]\" value=\"EFR Course\" \/><span class=\"wpcf7-list-item-label\">EFR Course<\/span><\/span><span class=\"wpcf7-list-item\"><input type=\"checkbox\" name=\"course-checkbox[]\" value=\"Divemaster Course\" \/><span class=\"wpcf7-list-item-label\">Divemaster Course<\/span><\/span><span class=\"wpcf7-list-item\"><input type=\"checkbox\" name=\"course-checkbox[]\" value=\"Fun Diving\" \/><span class=\"wpcf7-list-item-label\">Fun Diving<\/span><\/span><span class=\"wpcf7-list-item\"><input type=\"checkbox\" name=\"course-checkbox[]\" value=\"IDC Standard\" \/><span class=\"wpcf7-list-item-label\">IDC Standard<\/span><\/span><span class=\"wpcf7-list-item\"><input type=\"checkbox\" name=\"course-checkbox[]\" value=\"IDC Deluxe\" \/><span class=\"wpcf7-list-item-label\">IDC Deluxe<\/span><\/span><span class=\"wpcf7-list-item\"><input type=\"checkbox\" name=\"course-checkbox[]\" value=\"IDC Premier\" \/><span class=\"wpcf7-list-item-label\">IDC Premier<\/span><\/span><span class=\"wpcf7-list-item\"><input type=\"checkbox\" name=\"course-checkbox[]\" value=\"IDC &quot;Full Monty&quot;\" \/><span class=\"wpcf7-list-item-label\">IDC &quot;Full Monty&quot;<\/span><\/span><span class=\"wpcf7-list-item\"><input type=\"checkbox\" name=\"course-checkbox[]\" value=\"INSTRUCTOR INTERNSHIP\" \/><span class=\"wpcf7-list-item-label\">INSTRUCTOR INTERNSHIP<\/span><\/span><span class=\"wpcf7-list-item\"><input type=\"checkbox\" name=\"course-checkbox[]\" value=\"DIVEMASTER INTERNSHIP\" \/><span class=\"wpcf7-list-item-label\">DIVEMASTER INTERNSHIP<\/span><\/span><span class=\"wpcf7-list-item\"><input type=\"checkbox\" name=\"course-checkbox[]\" value=\"Assistant Instructor\" \/><span class=\"wpcf7-list-item-label\">Assistant Instructor<\/span><\/span><span class=\"wpcf7-list-item\"><input type=\"checkbox\" name=\"course-checkbox[]\" value=\"OWSI \/ Crossover\" \/><span class=\"wpcf7-list-item-label\">OWSI \/ Crossover<\/span><\/span><span class=\"wpcf7-list-item\"><input type=\"checkbox\" name=\"course-checkbox[]\" value=\"EFRI\" \/><span class=\"wpcf7-list-item-label\">EFRI<\/span><\/span><span class=\"wpcf7-list-item\"><input type=\"checkbox\" name=\"course-checkbox[]\" value=\"MSDT Prep &amp; Internship\" \/><span class=\"wpcf7-list-item-label\">MSDT Prep &amp; Internship<\/span><\/span><span class=\"wpcf7-list-item last\"><input type=\"checkbox\" name=\"course-checkbox[]\" value=\"IDC Staff Instructor\" \/><span class=\"wpcf7-list-item-label\">IDC Staff Instructor<\/span><\/span><\/span><\/span>\n<label>DIA DE LLEGADA\n<span class=\"wpcf7-form-control-wrap\" data-name=\"date\"><input class=\"wpcf7-form-control wpcf7-date wpcf7-validates-as-required wpcf7-validates-as-date\" aria-required=\"true\" aria-invalid=\"false\" value=\"\" type=\"date\" name=\"date\" \/><\/span><\/label>\n<span id=\"wpcf7-69ff85743b387-wrapper\" class=\"wpcf7-form-control-wrap commentbox-wrap\" style=\"display:none !important; visibility:hidden !important;\"><label for=\"wpcf7-69ff85743b387-field\" class=\"hp-message\">Por favor, deja este campo vac\u00edo.<\/label><input id=\"wpcf7-69ff85743b387-field\"  class=\"wpcf7-form-control wpcf7-text\" type=\"text\" name=\"commentbox\" value=\"\" size=\"40\" tabindex=\"-1\" autocomplete=\"new-password\" \/><\/span>\n<label>Comentarios\n<span class=\"wpcf7-form-control-wrap\" data-name=\"Comments\"><textarea cols=\"40\" rows=\"10\" maxlength=\"2000\" class=\"wpcf7-form-control wpcf7-textarea wpcf7-validates-as-required\" aria-required=\"true\" aria-invalid=\"false\" placeholder=\"\" name=\"Comments\"><\/textarea><\/span><\/label>\n<span class=\"wpcf7-form-control-wrap recaptcha\" data-name=\"recaptcha\"><span data-sitekey=\"6Lexs4YoAAAAABN7QUXXW06WLxL63bhlb4FrGphE\" class=\"wpcf7-form-control wpcf7-recaptcha g-recaptcha\"><\/span>\r\n<noscript>\r\n\t<div class=\"grecaptcha-noscript\">\r\n\t\t<iframe src=\"https:\/\/www.google.com\/recaptcha\/api\/fallback?k=6Lexs4YoAAAAABN7QUXXW06WLxL63bhlb4FrGphE\" frameborder=\"0\" scrolling=\"no\" width=\"310\" height=\"430\">\r\n\t\t<\/iframe>\r\n\t\t<textarea name=\"g-recaptcha-response\" rows=\"3\" cols=\"40\" placeholder=\"Aqu\u00ed la respuesta de reCAPTCHA\">\r\n\t\t<\/textarea>\r\n\t<\/div>\r\n<\/noscript>\r\n<\/span>\n<input class=\"wpcf7-form-control wpcf7-submit has-spinner\" type=\"submit\" value=\"Enviar\" \/><div class=\"wpcf7-response-output\" aria-hidden=\"true\"><\/div>\n<\/form>\n<\/div>\n[\/vc_column][vc_column width=\u00bb1\/2&#8243; el_class=\u00bbpl-lg\u00bb][vc_single_image image=\u00bb3690&#8243; img_size=\u00bb\u00bb][vc_row_inner][vc_column_inner el_class=\u00bbcontact-box\u00bb][vc_custom_heading text=\u00bbConnect\u00bb font_container=\u00bbtag:h3|font_size:30px|text_align:left|color:%23d5ab06&#8243; use_theme_fonts=\u00bbyes\u00bb][vc_message message_box_color=\u00bbwhite\u00bb icon_fontawesome=\u00bbfas fa-phone-alt\u00bb el_class=\u00bbcontact-info-box\u00bb]<a href=\"tel:+66(0)895922134\">+66(0)895922134<\/a>[\/vc_message][vc_message message_box_color=\u00bbwhite\u00bb icon_fontawesome=\u00bbfas fa-envelope\u00bb el_class=\u00bbcontact-info-box\u00bb]<a href=\"mailto:info@idckohtao.com\">info@idckohtao.com<\/a>[\/vc_message][vc_message message_box_color=\u00bbwhite\u00bb icon_fontawesome=\u00bbfas fa-map-marker\u00bb el_class=\u00bbcontact-info-box\u00bb]9\/94 Moo 2,<br \/>\nMae Haad,<br \/>\nKoh Tao, Surat Thani<br \/>\n84360 Thailand[\/vc_message][\/vc_column_inner][\/vc_row_inner][vc_gmaps link=\u00bb#E-8_JTNDaWZyYW1lJTIwc3JjJTNEJTIyaHR0cHMlM0ElMkYlMkZ3d3cuZ29vZ2xlLmNvbSUyRm1hcHMlMkZlbWJlZCUzRnBiJTNEJTIxMW0xOCUyMTFtMTIlMjExbTMlMjExZDIwNTUuOTcxMDYzOTA4MDg2JTIxMmQ5OS44MjMzMjI1MTUxMjc4NyUyMTNkMTAuMDg1OTc1Nzk4MDE5ODY4JTIxMm0zJTIxMWYwJTIxMmYwJTIxM2YwJTIxM20yJTIxMWkxMDI0JTIxMmk3NjglMjE0ZjEzLjElMjEzbTMlMjExbTIlMjExczB4MzA1NWExOTIxYzcxNjljNyUyNTNBMHhiMDljNDdjNTZjMTk0NjclMjEyc0lEQyUyNTIwS29oJTI1MjBUYW8lMjUyMCUyNTdDJTI1MjBEaXZlbWFzdGVyJTI1MjAlMjUyNiUyNTIwSW5zdHJ1Y3RvciUyMTVlMCUyMTNtMiUyMTFzZW4lMjEyc2luJTIxNHYxNjkyMDgwNzQ0MzA0JTIxNW0yJTIxMXNlbiUyMTJzaW4lMjIlMjB3aWR0aCUzRCUyMjYwMCUyMiUyMGhlaWdodCUzRCUyMjQ1MCUyMiUyMHN0eWxlJTNEJTIyYm9yZGVyJTNBMCUzQiUyMiUyMGFsbG93ZnVsbHNjcmVlbiUzRCUyMiUyMiUyMGxvYWRpbmclM0QlMjJsYXp5JTIyJTIwcmVmZXJyZXJwb2xpY3klM0QlMjJuby1yZWZlcnJlci13aGVuLWRvd25ncmFkZSUyMiUzRSUzQyUyRmlmcmFtZSUzRQ==\u00bb][\/vc_column][\/vc_row]<\/p>\n<\/div>","protected":false},"excerpt":{"rendered":"<p>[vc_row css=\u00bb.vc_custom_1692034036106{margin-top: 20px !important;}\u00bb][vc_column][vc_custom_heading text=\u00bbGracias por su visita\u00bb use_theme_fonts=\u00bbyes\u00bb][vc_column_text]Nos complace anunciar que tanto el equipo administrativo como de instructores de IDC Koh Tao han finalizado su fusi\u00f3n de todos los cursos de entrenamiento y contin\u00faan ofreciendo la gama completa de cursos PADI de la mano de Black Turtle Dive. Estas son grandes noticias para nuestros [&hellip;]<\/p>\n","protected":false},"author":1,"featured_media":0,"parent":0,"menu_order":0,"comment_status":"closed","ping_status":"closed","template":"page-simple.php","meta":{"_acf_changed":false,"footnotes":""},"class_list":["post-3189","page","type-page","status-publish","hentry"],"acf":[],"yoast_head":"<!-- This site is optimized with the Yoast SEO Premium plugin v27.5 (Yoast SEO v27.5) - https:\/\/yoast.com\/product\/yoast-seo-premium-wordpress\/ -->\n<title>IDC Koh Tao \u2022 Contacte con nosotros para obtener informaci\u00f3n sobre cursos de buceo<\/title>\n<meta name=\"description\" content=\"Para obtener m\u00e1s informaci\u00f3n sobre todos los cursos de buceo en IDC Koh Tao PADI y las practicas de buceo, complete el formulario y proporcione todos los detalles.\" \/>\n<meta name=\"robots\" content=\"index, follow, max-snippet:-1, max-image-preview:large, max-video-preview:-1\" \/>\n<link rel=\"canonical\" href=\"https:\/\/idckohtao.com\/es\/contact\/\" \/>\n<meta property=\"og:locale\" content=\"es_ES\" \/>\n<meta property=\"og:type\" content=\"article\" \/>\n<meta property=\"og:title\" content=\"IDC Koh Tao \u2022 Contacte con nosotros para obtener informaci\u00f3n sobre cursos de buceo\" \/>\n<meta property=\"og:description\" content=\"Para obtener m\u00e1s informaci\u00f3n sobre todos los cursos de buceo en IDC Koh Tao PADI y las practicas de buceo, complete el formulario y proporcione todos los detalles.\" \/>\n<meta property=\"og:url\" content=\"https:\/\/idckohtao.com\/es\/contact\/\" \/>\n<meta property=\"og:site_name\" content=\"IDC Koh Tao\" \/>\n<meta property=\"article:publisher\" content=\"https:\/\/www.facebook.com\/GoProIDCKohTao\" \/>\n<meta property=\"article:modified_time\" content=\"2023-12-17T06:48:26+00:00\" \/>\n<meta property=\"og:image\" content=\"https:\/\/idckohtao.com\/wp-content\/uploads\/2023\/09\/idckohtao.com-best-diving-instructor-courses-in-thailand.jpeg\" \/>\n\t<meta property=\"og:image:width\" content=\"1200\" \/>\n\t<meta property=\"og:image:height\" content=\"900\" \/>\n\t<meta property=\"og:image:type\" content=\"image\/jpeg\" \/>\n<meta name=\"twitter:card\" content=\"summary_large_image\" \/>\n<meta name=\"twitter:title\" content=\"IDC Koh Tao \u2022 Contacte con nosotros para obtener informaci\u00f3n sobre cursos de buceo\" \/>\n<meta name=\"twitter:description\" content=\"Para obtener m\u00e1s informaci\u00f3n sobre todos los cursos de buceo en IDC Koh Tao PADI y las practicas de buceo, complete el formulario y proporcione todos los detalles.\" \/>\n<meta name=\"twitter:site\" content=\"@GoProIDCKohTao\" \/>\n<!-- \/ Yoast SEO Premium plugin. -->","yoast_head_json":{"title":"IDC Koh Tao \u2022 Contacte con nosotros para obtener informaci\u00f3n sobre cursos de buceo","description":"Para obtener m\u00e1s informaci\u00f3n sobre todos los cursos de buceo en IDC Koh Tao PADI y las practicas de buceo, complete el formulario y proporcione todos los detalles.","robots":{"index":"index","follow":"follow","max-snippet":"max-snippet:-1","max-image-preview":"max-image-preview:large","max-video-preview":"max-video-preview:-1"},"canonical":"https:\/\/idckohtao.com\/es\/contact\/","og_locale":"es_ES","og_type":"article","og_title":"IDC Koh Tao \u2022 Contacte con nosotros para obtener informaci\u00f3n sobre cursos de buceo","og_description":"Para obtener m\u00e1s informaci\u00f3n sobre todos los cursos de buceo en IDC Koh Tao PADI y las practicas de buceo, complete el formulario y proporcione todos los detalles.","og_url":"https:\/\/idckohtao.com\/es\/contact\/","og_site_name":"IDC Koh Tao","article_publisher":"https:\/\/www.facebook.com\/GoProIDCKohTao","article_modified_time":"2023-12-17T06:48:26+00:00","og_image":[{"width":1200,"height":900,"url":"https:\/\/idckohtao.com\/wp-content\/uploads\/2023\/09\/idckohtao.com-best-diving-instructor-courses-in-thailand.jpeg","type":"image\/jpeg"}],"twitter_card":"summary_large_image","twitter_title":"IDC Koh Tao \u2022 Contacte con nosotros para obtener informaci\u00f3n sobre cursos de buceo","twitter_description":"Para obtener m\u00e1s informaci\u00f3n sobre todos los cursos de buceo en IDC Koh Tao PADI y las practicas de buceo, complete el formulario y proporcione todos los detalles.","twitter_site":"@GoProIDCKohTao","schema":{"@context":"https:\/\/schema.org","@graph":[{"@type":"NewsArticle","@id":"https:\/\/idckohtao.com\/es\/contact\/#article","isPartOf":{"@id":"https:\/\/idckohtao.com\/es\/contact\/"},"author":{"name":"ojasya","@id":"https:\/\/idckohtao.com\/es\/#\/schema\/person\/d08d557cbfdbc171f824052dae697b02"},"headline":"Contact","datePublished":"2023-08-14T09:14:05+00:00","dateModified":"2023-12-17T06:48:26+00:00","mainEntityOfPage":{"@id":"https:\/\/idckohtao.com\/es\/contact\/"},"wordCount":396,"publisher":{"@id":"https:\/\/idckohtao.com\/es\/#organization"},"inLanguage":"es"},{"@type":"WebPage","@id":"https:\/\/idckohtao.com\/es\/contact\/","url":"https:\/\/idckohtao.com\/es\/contact\/","name":"IDC Koh Tao \u2022 Contacte con nosotros para obtener informaci\u00f3n sobre cursos de buceo","isPartOf":{"@id":"https:\/\/idckohtao.com\/es\/#website"},"datePublished":"2023-08-14T09:14:05+00:00","dateModified":"2023-12-17T06:48:26+00:00","description":"Para obtener m\u00e1s informaci\u00f3n sobre todos los cursos de buceo en IDC Koh Tao PADI y las practicas de buceo, complete el formulario y proporcione todos los detalles.","breadcrumb":{"@id":"https:\/\/idckohtao.com\/es\/contact\/#breadcrumb"},"inLanguage":"es","potentialAction":[{"@type":"ReadAction","target":["https:\/\/idckohtao.com\/es\/contact\/"]}]},{"@type":"BreadcrumbList","@id":"https:\/\/idckohtao.com\/es\/contact\/#breadcrumb","itemListElement":[{"@type":"ListItem","position":1,"name":"Home","item":"https:\/\/idckohtao.com\/es\/"},{"@type":"ListItem","position":2,"name":"Contact"}]},{"@type":"WebSite","@id":"https:\/\/idckohtao.com\/es\/#website","url":"https:\/\/idckohtao.com\/es\/","name":"IDC Koh Tao","description":"PADI IDC 5 Star Diving Center in Koh Tao - Thailand","publisher":{"@id":"https:\/\/idckohtao.com\/es\/#organization"},"alternateName":"IDC Koh Tao in Thailand","potentialAction":[{"@type":"SearchAction","target":{"@type":"EntryPoint","urlTemplate":"https:\/\/idckohtao.com\/es\/?s={search_term_string}"},"query-input":{"@type":"PropertyValueSpecification","valueRequired":true,"valueName":"search_term_string"}}],"inLanguage":"es"},{"@type":"Organization","@id":"https:\/\/idckohtao.com\/es\/#organization","name":"IDC Koh Tao","alternateName":"IDC Koh Tao | Divemaster & Diving Instructor","url":"https:\/\/idckohtao.com\/es\/","logo":{"@type":"ImageObject","inLanguage":"es","@id":"https:\/\/idckohtao.com\/es\/#\/schema\/logo\/image\/","url":"https:\/\/idckohtao.com\/wp-content\/uploads\/2023\/09\/idckohtao.com-padi-diving-center-in-koh-tao-thailand.png","contentUrl":"https:\/\/idckohtao.com\/wp-content\/uploads\/2023\/09\/idckohtao.com-padi-diving-center-in-koh-tao-thailand.png","width":400,"height":300,"caption":"IDC Koh Tao"},"image":{"@id":"https:\/\/idckohtao.com\/es\/#\/schema\/logo\/image\/"},"sameAs":["https:\/\/www.facebook.com\/GoProIDCKohTao","https:\/\/x.com\/GoProIDCKohTao","https:\/\/www.youtube.com\/idckohtao","https:\/\/www.instagram.com\/idc.kohtao\/"],"description":"IDC Koh Tao is a part of the Black Turtle Dive pro level training team with three PADI Course Directors being led by Award Winning PADI Course Director Matt Bolton. Our full range of pro and recreational PADI Diving Courses provides aspiring scuba divers with education, fun, excitement, adventure, and a change of lifestyle or an opportunity to pursue a new career.","email":"info@idckohtao.com","legalName":"IDC Koh Tao","foundingDate":"2004-01-04","numberOfEmployees":{"@type":"QuantitativeValue","minValue":"1","maxValue":"10"},"correctionsPolicy":"https:\/\/idckohtao.com\/privacy-policy\/","ethicsPolicy":"https:\/\/idckohtao.com\/terms\/"},{"@type":"Person","@id":"https:\/\/idckohtao.com\/es\/#\/schema\/person\/d08d557cbfdbc171f824052dae697b02","name":"ojasya","image":{"@type":"ImageObject","inLanguage":"es","@id":"https:\/\/secure.gravatar.com\/avatar\/6fb34e36d09053a6545fc21d344613321bb1933f185132488f38052166f5a001?s=96&d=mm&r=g","url":"https:\/\/secure.gravatar.com\/avatar\/6fb34e36d09053a6545fc21d344613321bb1933f185132488f38052166f5a001?s=96&d=mm&r=g","contentUrl":"https:\/\/secure.gravatar.com\/avatar\/6fb34e36d09053a6545fc21d344613321bb1933f185132488f38052166f5a001?s=96&d=mm&r=g","caption":"ojasya"},"sameAs":["https:\/\/idckohtao.com"],"url":"https:\/\/idckohtao.com\/es\/blog\/author\/ojasya\/"}]}},"_links":{"self":[{"href":"https:\/\/idckohtao.com\/es\/wp-json\/wp\/v2\/pages\/3189","targetHints":{"allow":["GET"]}}],"collection":[{"href":"https:\/\/idckohtao.com\/es\/wp-json\/wp\/v2\/pages"}],"about":[{"href":"https:\/\/idckohtao.com\/es\/wp-json\/wp\/v2\/types\/page"}],"author":[{"embeddable":true,"href":"https:\/\/idckohtao.com\/es\/wp-json\/wp\/v2\/users\/1"}],"replies":[{"embeddable":true,"href":"https:\/\/idckohtao.com\/es\/wp-json\/wp\/v2\/comments?post=3189"}],"version-history":[{"count":0,"href":"https:\/\/idckohtao.com\/es\/wp-json\/wp\/v2\/pages\/3189\/revisions"}],"wp:attachment":[{"href":"https:\/\/idckohtao.com\/es\/wp-json\/wp\/v2\/media?parent=3189"}],"curies":[{"name":"wp","href":"https:\/\/api.w.org\/{rel}","templated":true}]}}