{"id":3192,"date":"2023-08-10T08:08:24","date_gmt":"2023-08-10T08:08:24","guid":{"rendered":"https:\/\/idckohtao.com\/deep-instructor-specialty\/"},"modified":"2026-01-01T07:03:46","modified_gmt":"2026-01-01T07:03:46","slug":"deep-instructor-specialty","status":"publish","type":"page","link":"https:\/\/idckohtao.com\/es\/pro-level-courses\/deep-instructor-specialty\/","title":{"rendered":"Deep Specialty Instructor"},"content":{"rendered":"<div class=\"wpb-content-wrapper\"><p>[vc_row][vc_column][vc_column_text]<\/p>\n<h2>MSDT \u2022 Curso de Instructor PADI de Especialidad BUCEO PROFUNDO Koh Tao, Thailand<\/h2>\n<p>Todos sabemos que el buceo profundo suena emocionante para todos nuestros estudiantes de buceo. Al igual que usted, los buceadores sienten curiosidad por las cosas misteriosas que pueden esconderse en las profundidades. \u00bfTal vez quieren visitar un barco hundido en la profundidad?<\/p>\n<p>Hay muchas razones por las que los buceadores pueden querer viajar m\u00e1s profundo de lo que han buceado antes y como instructor de especialidad PADI Deep Diver podr\u00e1 ense\u00f1ar estas habilidades, conocimientos y t\u00e9cnicas para permitir a sus alumnos realizar inmersiones seguras sin descompresi\u00f3n hasta el l\u00edmite de buceo recreativo de 40 m.<\/p>\n<p>Como instructor de especialidad profunda, podr\u00e1 ense\u00f1ar a sus alumnos a planificar sus inmersiones profundas, gestionar su aire y narcosis de nitr\u00f3geno en profundidad, as\u00ed como utilizar equipos especializados de buceo profundo.<\/p>\n<p><b>Buceo profundo alrededor de Koh Tao<\/b><\/p>\n<p>Una de las principales razones para tomar la especialidad PADI Deep Diver es poder acceder a los sitios de buceo que no podr\u00edas sin ella. Koh Tao cuenta con una gran selecci\u00f3n de sitios perfectos para el buceo profundo, ideal para realizar entrenamiento Deep Diver, ir ,as profundo y explorar nuevas zonas que no habias podido conocer, adem\u00e1s de contar con una fant\u00e1stica variedad de vida marina. Con sitios de buceo como Chumphon pinnacle, Southwest, Green Rock y Sail Rock, ense\u00f1ar\u00e1s a tus alumnos c\u00f3mo acceder a nuevas y emocionantes \u00e1reas de los sitios de buceo. \u00a1Prep\u00e1rate para una experiencia totalmente nueva!<\/p>\n<p><b>\u00bfQui\u00e9n puede inscribirse en el curso PADI Deep Specialty Instructor?<\/b><\/p>\n<p>Ser un Instructor\u00a0<strong><a href=\"https:\/\/idckohtao.com\/es\/pro-level-courses\/padi-instructor-development-course\/\">PADI Open Water Scuba que este em estado activo para la ense\u00f1anza (OWSI)<\/a><\/strong><\/p>\n<p>Nota: Los candidatos de IDC \/ OWSI pueden participar en el curso de capacitaci\u00f3n de PADI Deep Specialty Instructor, pero solo pueden solicitar la certificaci\u00f3n de Specialty Instructor luego de aprobar un IE.<\/p>\n<p>Los instructores de profundidad deben tener un m\u00ednimo de 10 inmersiones profundas antes de la certificaci\u00f3n. Este es un requisito de salida del curso y las inmersiones se pueden completar siguiendo el curso de capacitaci\u00f3n del instructor.<\/p>\n<p><img decoding=\"async\" class=\"alignnone wp-image-846 size-full\" src=\"https:\/\/idckohtao.com\/wp-content\/uploads\/2023\/08\/crystal-dive-koh-tao-deep-specialty-msdt-training-drop-tank.jpg\" alt=\"crystal-dive-koh-tao-deep-specialty-msdt-training-drop-tank\" width=\"944\" height=\"634\" srcset=\"https:\/\/idckohtao.com\/wp-content\/uploads\/2023\/08\/crystal-dive-koh-tao-deep-specialty-msdt-training-drop-tank.jpg 944w, https:\/\/idckohtao.com\/wp-content\/uploads\/2023\/08\/crystal-dive-koh-tao-deep-specialty-msdt-training-drop-tank-300x201.jpg 300w, https:\/\/idckohtao.com\/wp-content\/uploads\/2023\/08\/crystal-dive-koh-tao-deep-specialty-msdt-training-drop-tank-768x516.jpg 768w\" sizes=\"(max-width: 944px) 100vw, 944px\" \/><\/p>\n<h2><b>\u00bfQue aprender\u00e1s?<\/b><\/h2>\n<p>Participar\u00e1s en las siguientes sesiones:<\/p>\n<ul>\n<li>Presentar y ser evaluado en una presentaci\u00f3n prescriptiva de la revisi\u00f3n de conocimiento Deep Specialty, Explicar una pregunta del manual y ser evaluado.<\/li>\n<li>Est\u00e1ndares, procedimientos y el plan de estudios de PADI Deep Specialty<\/li>\n<li>C\u00f3mo organizar y conducir el curso PADI Deep Specialty Sesiones de Desarrollo de habilidades en mar abierto- donde aprender\u00e1 a demostrar, ejecutar y evaluar las habilidades de nivel de estudiante del curso de especialidad profunda de PADI.<\/li>\n<li>Completar\u00e1 las inmersiones de entrenamiento de aguas abiertas en uno de los sitios de buceo locales adecuados para esta especialidad de buceo.<\/li>\n<\/ul>\n<p>Completar\u00e1 las inmersiones de entrenamiento en aguas abiertas en uno de los varios sitios de buceo locales adecuados para esta capacitaci\u00f3n.<\/p>\n<p>Como un Instructor PADI de Especialidades Profundas, est\u00e1 certificado para ense\u00f1ar de forma independiente el Curso de Especialidad Profunda PADI.[\/vc_column_text]<div class=\"text-left\"><div class=\"bt-course-price\"><h4>Precio del curso: 4,000 THB<\/h4><a href=\"https:\/\/idckohtao.com\/es\/packages-prices\" class=\"button\">RESERVA AHORA<\/a><\/div><\/div>[vc_column_text css=\u00bb\u00bb]<b>Materiales PADI:<\/b><\/p>\n<p><i>Por favor traiga los siguientes materiales con su Manual PADI Specialty Course Instructor. Recibi\u00f3 estos como parte del paquete IDC Crew Pack durante su IDC.<\/i><\/p>\n<p>Adem\u00e1s, necesitar\u00e1 una copia del Manual del instructor PADI. 2010, el manual del Instructor est\u00e1 disponible como descarga gratuita para todos los miembros PADI que se renueven desde\u00a0<a href=\"https:\/\/www.padi.com\/mypadi\/\" target=\"_blank\" rel=\"noopener\">www.padi.com\/mypadi<\/a><\/p>\n<p><b>PADI TAXAS<\/b><\/p>\n<p>PADI Deep Specialty Instructor Application fee:\u00a0<b>AUD$ 145<\/b>[\/vc_column_text][\/vc_column][\/vc_row]<\/p>\n<\/div>","protected":false},"excerpt":{"rendered":"<p>[vc_row][vc_column][vc_column_text] MSDT \u2022 Curso de Instructor PADI de Especialidad BUCEO PROFUNDO Koh Tao, Thailand Todos sabemos que el buceo profundo suena emocionante para todos nuestros estudiantes de buceo. Al igual que usted, los buceadores sienten curiosidad por las cosas misteriosas que pueden esconderse en las profundidades. \u00bfTal vez quieren visitar un barco hundido en la [&hellip;]<\/p>\n","protected":false},"author":1,"featured_media":4788,"parent":7936,"menu_order":0,"comment_status":"closed","ping_status":"closed","template":"","meta":{"_acf_changed":false,"footnotes":""},"class_list":["post-3192","page","type-page","status-publish","has-post-thumbnail","hentry"],"acf":[],"yoast_head":"<!-- This site is optimized with the Yoast SEO Premium plugin v27.5 (Yoast SEO v27.5) - https:\/\/yoast.com\/product\/yoast-seo-premium-wordpress\/ -->\n<title>MSDT PADI Instructor Especializado En Buceo Profundo<\/title>\n<meta name=\"description\" content=\"El curso de instructor de especialidad en buceo profundo de PADI en Koh Tao lo certifica como instructor de especialidad en buceo profundao para ense\u00f1ar a los estudiantes a bucear de manera segura hasta 40 m de l\u00edmites\" \/>\n<meta name=\"robots\" content=\"index, follow, max-snippet:-1, max-image-preview:large, max-video-preview:-1\" \/>\n<link rel=\"canonical\" href=\"https:\/\/idckohtao.com\/es\/pro-level-courses\/deep-instructor-specialty\/\" \/>\n<meta property=\"og:locale\" content=\"es_ES\" \/>\n<meta property=\"og:type\" content=\"article\" \/>\n<meta property=\"og:title\" content=\"IDC Koh Tao | MSDT PADI Instructor Especializado En Buceo Profundo\" \/>\n<meta property=\"og:description\" content=\"El curso de instructor de especialidad en buceo profundo de PADI en Koh Tao lo certifica como instructor de especialidad en buceo profundao para ense\u00f1ar a los estudiantes a bucear de manera segura hasta 40 m de l\u00edmites\" \/>\n<meta property=\"og:url\" content=\"https:\/\/idckohtao.com\/es\/pro-level-courses\/deep-instructor-specialty\/\" \/>\n<meta property=\"og:site_name\" content=\"IDC Koh Tao\" \/>\n<meta property=\"article:publisher\" content=\"https:\/\/www.facebook.com\/GoProIDCKohTao\" \/>\n<meta property=\"article:modified_time\" content=\"2026-01-01T07:03:46+00:00\" \/>\n<meta property=\"og:image\" content=\"https:\/\/idckohtao.com\/wp-content\/uploads\/2023\/09\/idckohtao.com-pro-level-deep-specialty-course-in-thailand.jpeg\" \/>\n\t<meta property=\"og:image:width\" content=\"1200\" \/>\n\t<meta property=\"og:image:height\" content=\"900\" \/>\n\t<meta property=\"og:image:type\" content=\"image\/jpeg\" \/>\n<meta name=\"twitter:card\" content=\"summary_large_image\" \/>\n<meta name=\"twitter:title\" content=\"IDC Koh Tao | MSDT PADI Instructor Especializado En Buceo Profundo\" \/>\n<meta name=\"twitter:description\" content=\"El curso de instructor de especialidad en buceo profundo de PADI en Koh Tao lo certifica como instructor de especialidad en buceo profundao para ense\u00f1ar a los estudiantes a bucear de manera segura hasta 40 m de l\u00edmites\" \/>\n<meta name=\"twitter:site\" content=\"@GoProIDCKohTao\" \/>\n<!-- \/ Yoast SEO Premium plugin. -->","yoast_head_json":{"title":"MSDT PADI Instructor Especializado En Buceo Profundo","description":"El curso de instructor de especialidad en buceo profundo de PADI en Koh Tao lo certifica como instructor de especialidad en buceo profundao para ense\u00f1ar a los estudiantes a bucear de manera segura hasta 40 m de l\u00edmites","robots":{"index":"index","follow":"follow","max-snippet":"max-snippet:-1","max-image-preview":"max-image-preview:large","max-video-preview":"max-video-preview:-1"},"canonical":"https:\/\/idckohtao.com\/es\/pro-level-courses\/deep-instructor-specialty\/","og_locale":"es_ES","og_type":"article","og_title":"IDC Koh Tao | MSDT PADI Instructor Especializado En Buceo Profundo","og_description":"El curso de instructor de especialidad en buceo profundo de PADI en Koh Tao lo certifica como instructor de especialidad en buceo profundao para ense\u00f1ar a los estudiantes a bucear de manera segura hasta 40 m de l\u00edmites","og_url":"https:\/\/idckohtao.com\/es\/pro-level-courses\/deep-instructor-specialty\/","og_site_name":"IDC Koh Tao","article_publisher":"https:\/\/www.facebook.com\/GoProIDCKohTao","article_modified_time":"2026-01-01T07:03:46+00:00","og_image":[{"width":1200,"height":900,"url":"https:\/\/idckohtao.com\/wp-content\/uploads\/2023\/09\/idckohtao.com-pro-level-deep-specialty-course-in-thailand.jpeg","type":"image\/jpeg"}],"twitter_card":"summary_large_image","twitter_title":"IDC Koh Tao | MSDT PADI Instructor Especializado En Buceo Profundo","twitter_description":"El curso de instructor de especialidad en buceo profundo de PADI en Koh Tao lo certifica como instructor de especialidad en buceo profundao para ense\u00f1ar a los estudiantes a bucear de manera segura hasta 40 m de l\u00edmites","twitter_site":"@GoProIDCKohTao","schema":{"@context":"https:\/\/schema.org","@graph":[{"@type":"NewsArticle","@id":"https:\/\/idckohtao.com\/es\/pro-level-courses\/deep-instructor-specialty\/#article","isPartOf":{"@id":"https:\/\/idckohtao.com\/es\/pro-level-courses\/deep-instructor-specialty\/"},"author":{"name":"ojasya","@id":"https:\/\/idckohtao.com\/es\/#\/schema\/person\/d08d557cbfdbc171f824052dae697b02"},"headline":"Deep Specialty Instructor","datePublished":"2023-08-10T08:08:24+00:00","dateModified":"2026-01-01T07:03:46+00:00","mainEntityOfPage":{"@id":"https:\/\/idckohtao.com\/es\/pro-level-courses\/deep-instructor-specialty\/"},"wordCount":610,"publisher":{"@id":"https:\/\/idckohtao.com\/es\/#organization"},"image":{"@id":"https:\/\/idckohtao.com\/es\/pro-level-courses\/deep-instructor-specialty\/#primaryimage"},"thumbnailUrl":"https:\/\/idckohtao.com\/wp-content\/uploads\/2023\/09\/idckohtao.com-pro-level-deep-specialty-course-in-thailand.jpeg","inLanguage":"es"},{"@type":"WebPage","@id":"https:\/\/idckohtao.com\/es\/pro-level-courses\/deep-instructor-specialty\/","url":"https:\/\/idckohtao.com\/es\/pro-level-courses\/deep-instructor-specialty\/","name":"MSDT PADI Instructor Especializado En Buceo Profundo","isPartOf":{"@id":"https:\/\/idckohtao.com\/es\/#website"},"primaryImageOfPage":{"@id":"https:\/\/idckohtao.com\/es\/pro-level-courses\/deep-instructor-specialty\/#primaryimage"},"image":{"@id":"https:\/\/idckohtao.com\/es\/pro-level-courses\/deep-instructor-specialty\/#primaryimage"},"thumbnailUrl":"https:\/\/idckohtao.com\/wp-content\/uploads\/2023\/09\/idckohtao.com-pro-level-deep-specialty-course-in-thailand.jpeg","datePublished":"2023-08-10T08:08:24+00:00","dateModified":"2026-01-01T07:03:46+00:00","description":"El curso de instructor de especialidad en buceo profundo de PADI en Koh Tao lo certifica como instructor de especialidad en buceo profundao para ense\u00f1ar a los estudiantes a bucear de manera segura hasta 40 m de l\u00edmites","breadcrumb":{"@id":"https:\/\/idckohtao.com\/es\/pro-level-courses\/deep-instructor-specialty\/#breadcrumb"},"inLanguage":"es","potentialAction":[{"@type":"ReadAction","target":["https:\/\/idckohtao.com\/es\/pro-level-courses\/deep-instructor-specialty\/"]}]},{"@type":"ImageObject","inLanguage":"es","@id":"https:\/\/idckohtao.com\/es\/pro-level-courses\/deep-instructor-specialty\/#primaryimage","url":"https:\/\/idckohtao.com\/wp-content\/uploads\/2023\/09\/idckohtao.com-pro-level-deep-specialty-course-in-thailand.jpeg","contentUrl":"https:\/\/idckohtao.com\/wp-content\/uploads\/2023\/09\/idckohtao.com-pro-level-deep-specialty-course-in-thailand.jpeg","width":1200,"height":900,"caption":"DCIM100GOPROGOPR4621.JPG"},{"@type":"BreadcrumbList","@id":"https:\/\/idckohtao.com\/es\/pro-level-courses\/deep-instructor-specialty\/#breadcrumb","itemListElement":[{"@type":"ListItem","position":1,"name":"Home","item":"https:\/\/idckohtao.com\/es\/"},{"@type":"ListItem","position":2,"name":"Pro level","item":"https:\/\/idckohtao.com\/es\/pro-level-courses\/"},{"@type":"ListItem","position":3,"name":"Deep Specialty Instructor"}]},{"@type":"WebSite","@id":"https:\/\/idckohtao.com\/es\/#website","url":"https:\/\/idckohtao.com\/es\/","name":"IDC Koh Tao","description":"PADI IDC 5 Star Diving Center in Koh Tao - Thailand","publisher":{"@id":"https:\/\/idckohtao.com\/es\/#organization"},"alternateName":"IDC Koh Tao in Thailand","potentialAction":[{"@type":"SearchAction","target":{"@type":"EntryPoint","urlTemplate":"https:\/\/idckohtao.com\/es\/?s={search_term_string}"},"query-input":{"@type":"PropertyValueSpecification","valueRequired":true,"valueName":"search_term_string"}}],"inLanguage":"es"},{"@type":"Organization","@id":"https:\/\/idckohtao.com\/es\/#organization","name":"IDC Koh Tao","alternateName":"IDC Koh Tao | Divemaster & Diving Instructor","url":"https:\/\/idckohtao.com\/es\/","logo":{"@type":"ImageObject","inLanguage":"es","@id":"https:\/\/idckohtao.com\/es\/#\/schema\/logo\/image\/","url":"https:\/\/idckohtao.com\/wp-content\/uploads\/2023\/09\/idckohtao.com-padi-diving-center-in-koh-tao-thailand.png","contentUrl":"https:\/\/idckohtao.com\/wp-content\/uploads\/2023\/09\/idckohtao.com-padi-diving-center-in-koh-tao-thailand.png","width":400,"height":300,"caption":"IDC Koh Tao"},"image":{"@id":"https:\/\/idckohtao.com\/es\/#\/schema\/logo\/image\/"},"sameAs":["https:\/\/www.facebook.com\/GoProIDCKohTao","https:\/\/x.com\/GoProIDCKohTao","https:\/\/www.youtube.com\/idckohtao","https:\/\/www.instagram.com\/idc.kohtao\/"],"description":"IDC Koh Tao is a part of the Black Turtle Dive pro level training team with three PADI Course Directors being led by Award Winning PADI Course Director Matt Bolton. Our full range of pro and recreational PADI Diving Courses provides aspiring scuba divers with education, fun, excitement, adventure, and a change of lifestyle or an opportunity to pursue a new career.","email":"info@idckohtao.com","legalName":"IDC Koh Tao","foundingDate":"2004-01-04","numberOfEmployees":{"@type":"QuantitativeValue","minValue":"1","maxValue":"10"},"correctionsPolicy":"https:\/\/idckohtao.com\/privacy-policy\/","ethicsPolicy":"https:\/\/idckohtao.com\/terms\/"},{"@type":"Person","@id":"https:\/\/idckohtao.com\/es\/#\/schema\/person\/d08d557cbfdbc171f824052dae697b02","name":"ojasya","image":{"@type":"ImageObject","inLanguage":"es","@id":"https:\/\/secure.gravatar.com\/avatar\/6fb34e36d09053a6545fc21d344613321bb1933f185132488f38052166f5a001?s=96&d=mm&r=g","url":"https:\/\/secure.gravatar.com\/avatar\/6fb34e36d09053a6545fc21d344613321bb1933f185132488f38052166f5a001?s=96&d=mm&r=g","contentUrl":"https:\/\/secure.gravatar.com\/avatar\/6fb34e36d09053a6545fc21d344613321bb1933f185132488f38052166f5a001?s=96&d=mm&r=g","caption":"ojasya"},"sameAs":["https:\/\/idckohtao.com"],"url":"https:\/\/idckohtao.com\/es\/blog\/author\/ojasya\/"}]}},"_links":{"self":[{"href":"https:\/\/idckohtao.com\/es\/wp-json\/wp\/v2\/pages\/3192","targetHints":{"allow":["GET"]}}],"collection":[{"href":"https:\/\/idckohtao.com\/es\/wp-json\/wp\/v2\/pages"}],"about":[{"href":"https:\/\/idckohtao.com\/es\/wp-json\/wp\/v2\/types\/page"}],"author":[{"embeddable":true,"href":"https:\/\/idckohtao.com\/es\/wp-json\/wp\/v2\/users\/1"}],"replies":[{"embeddable":true,"href":"https:\/\/idckohtao.com\/es\/wp-json\/wp\/v2\/comments?post=3192"}],"version-history":[{"count":2,"href":"https:\/\/idckohtao.com\/es\/wp-json\/wp\/v2\/pages\/3192\/revisions"}],"predecessor-version":[{"id":7541,"href":"https:\/\/idckohtao.com\/es\/wp-json\/wp\/v2\/pages\/3192\/revisions\/7541"}],"up":[{"embeddable":true,"href":"https:\/\/idckohtao.com\/es\/wp-json\/wp\/v2\/pages\/7936"}],"wp:featuredmedia":[{"embeddable":true,"href":"https:\/\/idckohtao.com\/es\/wp-json\/wp\/v2\/media\/4788"}],"wp:attachment":[{"href":"https:\/\/idckohtao.com\/es\/wp-json\/wp\/v2\/media?parent=3192"}],"curies":[{"name":"wp","href":"https:\/\/api.w.org\/{rel}","templated":true}]}}