{"id":3196,"date":"2023-08-11T07:39:37","date_gmt":"2023-08-11T07:39:37","guid":{"rendered":"https:\/\/idckohtao.com\/digital-underwater-photographer-instructor-specialty\/"},"modified":"2026-01-01T09:58:02","modified_gmt":"2026-01-01T09:58:02","slug":"digital-underwater-photographer-instructor-specialty","status":"publish","type":"page","link":"https:\/\/idckohtao.com\/es\/pro-level-courses\/digital-underwater-photographer-instructor-specialty\/","title":{"rendered":"Digital Underwater Photographer Instructor Specialty"},"content":{"rendered":"<div class=\"wpb-content-wrapper\"><p>[vc_row][vc_column][vc_column_text css=\u00bb\u00bb]<\/p>\n<h2>Curso de Instructor PADI de especialidad in Koh Tao<\/h2>\n<p>La Fotograf\u00eda Digital Subacu\u00e1tica ha tomado al mundo por sorpresa. Para todos los buceadores, aprender c\u00f3mo sacar excelentes fotos submarinas tiene un gran atractivo para que puedan mostrarles a sus amigos y familiares, compartir en las redes sociales o publicar en revistas y libros.<\/p>\n<p>Hay muchas razones por las cuales los buzos quieren tomar excelentes fotograf\u00edas submarinas. Como instructor de especialidad de PADI Digital Underwater Photography, puede ense\u00f1arles a sus alumnos c\u00f3mo utilizar el m\u00e9todo PADI DEA (Disparar, Examinar y Ajustar), una t\u00e9cnica que aprovecha al m\u00e1ximo la \u00faltima tecnolog\u00eda digital.<\/p>\n<p>Los alumnos no solo aprender\u00e1n a tomar fotograf\u00edas submarinas excelentes, sino que tambi\u00e9n aprender\u00e1n c\u00f3mo optimizar su trabajo en una computadora, para el almacenamiento y la impresi\u00f3n, incluso en su primera inmersi\u00f3n.<\/p>\n<h3>Fotograf\u00eda submarina buceando alrededor de Koh Tao<\/h3>\n<p>Una de las razones m\u00e1s importantes por las que los buzos toman este curso es para crear recuerdos duraderos e invaluables de sus aventuras de buceo. Koh Tao ofrece una diversidad marina a diferencia de muchos otros lugares del mundo y proporciona un entorno rico en color, topograf\u00eda y especies para tomar fotograf\u00edas memorables.<\/p>\n<p>Con m\u00e1s de 26 sitios de buceo para elegir, Koh Tao es un excelente lugar de entrenamiento para aprender a componer y tomar excelentes fotograf\u00edas. Como instructor de especialidad de PADI Digital Underwater Photography, aprender\u00e1 c\u00f3mo conducir el curso de forma efectiva a buceadores estudiantes y obtendr\u00e1 excelentes tomas r\u00e1pidamente, preservando al mismo tiempo el h\u00e1bitat marino natural.<\/p>\n<p><img decoding=\"async\" class=\"alignnone wp-image-957 size-large\" src=\"https:\/\/idckohtao.com\/wp-content\/uploads\/2023\/08\/idckohtao.com-padi-digital-underwater-photography-instructor-specialty-scuba-diving-1024x640.jpg\" alt=\"idckohtao.com-padi-digital-underwater-photography-instructor-specialty-scuba-diving\" width=\"1024\" height=\"640\" srcset=\"https:\/\/idckohtao.com\/wp-content\/uploads\/2023\/08\/idckohtao.com-padi-digital-underwater-photography-instructor-specialty-scuba-diving-1024x640.jpg 1024w, https:\/\/idckohtao.com\/wp-content\/uploads\/2023\/08\/idckohtao.com-padi-digital-underwater-photography-instructor-specialty-scuba-diving-300x188.jpg 300w, https:\/\/idckohtao.com\/wp-content\/uploads\/2023\/08\/idckohtao.com-padi-digital-underwater-photography-instructor-specialty-scuba-diving-768x480.jpg 768w, https:\/\/idckohtao.com\/wp-content\/uploads\/2023\/08\/idckohtao.com-padi-digital-underwater-photography-instructor-specialty-scuba-diving.jpg 1080w\" sizes=\"(max-width: 1024px) 100vw, 1024px\" \/><\/p>\n<h3>\u00bfQui\u00e9n puede inscribirse en el curso PADI de instructor de especialidad de fotograf\u00eda submarina digital?<\/h3>\n<p>Un\u00a0<strong><a href=\"https:\/\/idckohtao.com\/es\/pro-level-courses\/padi-instructor-development-course\/\">PADI Open Water Scuba Instructor activo para la ense\u00f1anza (OWSI)<\/a><\/strong><\/p>\n<p>Nota: Los candidatos de IDC \/ OWSI pueden participar en el curso de capacitaci\u00f3n de PADI Digital Underwater Photography Specialty Instructor, pero solo pueden solicitar la certificaci\u00f3n de Specialty Instructor despues de aprobar un IE.<\/p>\n<p>Los instructores especializados en fotograf\u00eda digital subacu\u00e1tica deben haber registrado al menos 10 inmersiones de fotograf\u00eda subacu\u00e1tica digital antes de la certificaci\u00f3n. Este es un requisito de salida del curso y las inmersiones se pueden completar siguiendo el curso de capacitaci\u00f3n del instructor.<\/p>\n<h2>Que aprenderas ?<\/h2>\n<p>Usted participar\u00e1 en las siguientes sesiones:<\/p>\n<ul>\n<li>Presentar y ser evaluado en una presentaci\u00f3n prescriptiva de la revisi\u00f3n de conocimiento de la Especialidad de Fotograf\u00eda Digital Subacu\u00e1tica<\/li>\n<li>PADI Digital Underwater Photography est\u00e1ndares especiales , procedimientos y el plan de estudios<\/li>\n<li>C\u00f3mo organizar y dirigir el curso de Especialidad en Fotograf\u00eda Digital Subacu\u00e1tica PADI<\/li>\n<li>Sesiones de capacitaci\u00f3n de Open Water \u2013 donde aprender\u00e1 a demostrar, ejecutar y evaluar las habilidades de nivel de su estudiante del curso de Especialidad de Fotograf\u00eda Digital Subacu\u00e1tica PADI.<\/li>\n<\/ul>\n<p><img decoding=\"async\" class=\"alignnone wp-image-958 size-large\" src=\"https:\/\/idckohtao.com\/wp-content\/uploads\/2023\/08\/idckohtao.com-padi-digital-underwater-photography-instructor-specialty-nudibranch-1024x768.jpg\" alt=\"idckohtao.com-padi-digital-underwater-photography-instructor-specialty-nudibranch\" width=\"1024\" height=\"768\" srcset=\"https:\/\/idckohtao.com\/wp-content\/uploads\/2023\/08\/idckohtao.com-padi-digital-underwater-photography-instructor-specialty-nudibranch-1024x768.jpg 1024w, https:\/\/idckohtao.com\/wp-content\/uploads\/2023\/08\/idckohtao.com-padi-digital-underwater-photography-instructor-specialty-nudibranch-300x225.jpg 300w, https:\/\/idckohtao.com\/wp-content\/uploads\/2023\/08\/idckohtao.com-padi-digital-underwater-photography-instructor-specialty-nudibranch-768x576.jpg 768w, https:\/\/idckohtao.com\/wp-content\/uploads\/2023\/08\/idckohtao.com-padi-digital-underwater-photography-instructor-specialty-nudibranch.jpg 1080w\" sizes=\"(max-width: 1024px) 100vw, 1024px\" \/><\/p>\n<p>Completar\u00e1 las inmersiones de entrenamiento de aguas abiertas en uno de los sitios de buceo locales adecuados para esta capacitaci\u00f3n.<\/p>\n<p>Como instructor de fotograf\u00eda digital subacu\u00e1tica PADI, est\u00e1 certificado para ense\u00f1ar de forma independiente el <strong>curso de especialidad de Fotograf\u00eda digital subacu\u00e1tica PADI<\/strong>[\/vc_column_text]<div class=\"text-left\"><div class=\"bt-course-price\"><h4>Precio del curso: 4,000 THB<\/h4><a href=\"https:\/\/idckohtao.com\/es\/packages-prices\" class=\"button\">RESERVA AHORA<\/a><\/div><\/div>[vc_column_text css=\u00bb\u00bb]<\/p>\n<h3>Materiales PADI<\/h3>\n<p>Por favor, trae los siguientes materiales junto con tu Manual del Instructor del Curso de Especialidad PADI. Los recibiste como parte del Paquete de Tripulaci\u00f3n del IDC durante tu IDC.<\/p>\n<p>Adem\u00e1s, necesitar\u00e1s una copia del Manual del Instructor PADI. Desde 2010, el Manual del Instructor est\u00e1 disponible como descarga gratuita para todos los miembros PADI que renueven su membres\u00eda. <a style=\"font-size: 16px;\" href=\"https:\/\/www.padi.com\/mypadi\/\" target=\"_blank\" rel=\"noopener\">www.padi.com\/mypadi<\/a><\/p>\n<h3>Tarifas PADI<\/h3>\n<p>Costo de solicitud para el Curso de Instructor de Especializaci\u00f3n en Fotograf\u00eda Digital Subacu\u00e1tica PADI: <b style=\"font-size: 16px;\">AUD$ 145<\/b><\/p>\n<p><img decoding=\"async\" class=\"alignnone wp-image-956 size-large\" src=\"https:\/\/idckohtao.com\/wp-content\/uploads\/2023\/08\/idckohtao.com-padi-digital-underwater-photography-instructor-specialty-moray-eels-2-1024x768.jpg\" alt=\"idckohtao.com-padi-digital-underwater-photography-instructor-specialty-moray-eels\" width=\"1024\" height=\"768\" srcset=\"https:\/\/idckohtao.com\/wp-content\/uploads\/2023\/08\/idckohtao.com-padi-digital-underwater-photography-instructor-specialty-moray-eels-2-1024x768.jpg 1024w, https:\/\/idckohtao.com\/wp-content\/uploads\/2023\/08\/idckohtao.com-padi-digital-underwater-photography-instructor-specialty-moray-eels-2-300x225.jpg 300w, https:\/\/idckohtao.com\/wp-content\/uploads\/2023\/08\/idckohtao.com-padi-digital-underwater-photography-instructor-specialty-moray-eels-2-768x576.jpg 768w, https:\/\/idckohtao.com\/wp-content\/uploads\/2023\/08\/idckohtao.com-padi-digital-underwater-photography-instructor-specialty-moray-eels-2.jpg 1080w\" sizes=\"(max-width: 1024px) 100vw, 1024px\" \/>[\/vc_column_text][\/vc_column][\/vc_row]<\/p>\n<\/div>","protected":false},"excerpt":{"rendered":"<p>[vc_row][vc_column][vc_column_text css=\u00bb\u00bb] Curso de Instructor PADI de especialidad in Koh Tao La Fotograf\u00eda Digital Subacu\u00e1tica ha tomado al mundo por sorpresa. Para todos los buceadores, aprender c\u00f3mo sacar excelentes fotos submarinas tiene un gran atractivo para que puedan mostrarles a sus amigos y familiares, compartir en las redes sociales o publicar en revistas y libros. [&hellip;]<\/p>\n","protected":false},"author":1,"featured_media":5246,"parent":7936,"menu_order":0,"comment_status":"closed","ping_status":"closed","template":"","meta":{"_acf_changed":false,"footnotes":""},"class_list":["post-3196","page","type-page","status-publish","has-post-thumbnail","hentry"],"acf":[],"yoast_head":"<!-- This site is optimized with the Yoast SEO Premium plugin v27.5 (Yoast SEO v27.5) - https:\/\/yoast.com\/product\/yoast-seo-premium-wordpress\/ -->\n<title>Curso Espezializado De Fotografia Digital Subacuatica<\/title>\n<meta name=\"description\" content=\"El curso de instructor de PADI para fot\u00f3grafos subacu\u00e1ticos digitales en Koh Tao lo certifica para que ense\u00f1e a los estudiantes a tomar excelentes fotograf\u00edas bajo el agua\" \/>\n<meta name=\"robots\" content=\"index, follow, max-snippet:-1, max-image-preview:large, max-video-preview:-1\" \/>\n<link rel=\"canonical\" href=\"https:\/\/idckohtao.com\/es\/pro-level-courses\/digital-underwater-photographer-instructor-specialty\/\" \/>\n<meta property=\"og:locale\" content=\"es_ES\" \/>\n<meta property=\"og:type\" content=\"article\" \/>\n<meta property=\"og:title\" content=\"IDC Koh Tao | Curso Espezializado De Fotografia Digital Subacuatica\" \/>\n<meta property=\"og:description\" content=\"El curso de instructor de PADI para fot\u00f3grafos subacu\u00e1ticos digitales en Koh Tao lo certifica para que ense\u00f1e a los estudiantes a tomar excelentes fotograf\u00edas bajo el agua\" \/>\n<meta property=\"og:url\" content=\"https:\/\/idckohtao.com\/es\/pro-level-courses\/digital-underwater-photographer-instructor-specialty\/\" \/>\n<meta property=\"og:site_name\" content=\"IDC Koh Tao\" \/>\n<meta property=\"article:publisher\" content=\"https:\/\/www.facebook.com\/GoProIDCKohTao\" \/>\n<meta property=\"article:modified_time\" content=\"2026-01-01T09:58:02+00:00\" \/>\n<meta property=\"og:image\" content=\"https:\/\/idckohtao.com\/wp-content\/uploads\/2023\/09\/idckohtao.com-digital-underwater-photography-instrcuctor-course-on-koh-tao.jpeg\" \/>\n\t<meta property=\"og:image:width\" content=\"1200\" \/>\n\t<meta property=\"og:image:height\" content=\"800\" \/>\n\t<meta property=\"og:image:type\" content=\"image\/jpeg\" \/>\n<meta name=\"twitter:card\" content=\"summary_large_image\" \/>\n<meta name=\"twitter:title\" content=\"IDC Koh Tao | Curso Espezializado De Fotografia Digital Subacuatica\" \/>\n<meta name=\"twitter:description\" content=\"El curso de instructor de PADI para fot\u00f3grafos subacu\u00e1ticos digitales en Koh Tao lo certifica para que ense\u00f1e a los estudiantes a tomar excelentes fotograf\u00edas bajo el agua\" \/>\n<meta name=\"twitter:site\" content=\"@GoProIDCKohTao\" \/>\n<!-- \/ Yoast SEO Premium plugin. -->","yoast_head_json":{"title":"Curso Espezializado De Fotografia Digital Subacuatica","description":"El curso de instructor de PADI para fot\u00f3grafos subacu\u00e1ticos digitales en Koh Tao lo certifica para que ense\u00f1e a los estudiantes a tomar excelentes fotograf\u00edas bajo el agua","robots":{"index":"index","follow":"follow","max-snippet":"max-snippet:-1","max-image-preview":"max-image-preview:large","max-video-preview":"max-video-preview:-1"},"canonical":"https:\/\/idckohtao.com\/es\/pro-level-courses\/digital-underwater-photographer-instructor-specialty\/","og_locale":"es_ES","og_type":"article","og_title":"IDC Koh Tao | Curso Espezializado De Fotografia Digital Subacuatica","og_description":"El curso de instructor de PADI para fot\u00f3grafos subacu\u00e1ticos digitales en Koh Tao lo certifica para que ense\u00f1e a los estudiantes a tomar excelentes fotograf\u00edas bajo el agua","og_url":"https:\/\/idckohtao.com\/es\/pro-level-courses\/digital-underwater-photographer-instructor-specialty\/","og_site_name":"IDC Koh Tao","article_publisher":"https:\/\/www.facebook.com\/GoProIDCKohTao","article_modified_time":"2026-01-01T09:58:02+00:00","og_image":[{"width":1200,"height":800,"url":"https:\/\/idckohtao.com\/wp-content\/uploads\/2023\/09\/idckohtao.com-digital-underwater-photography-instrcuctor-course-on-koh-tao.jpeg","type":"image\/jpeg"}],"twitter_card":"summary_large_image","twitter_title":"IDC Koh Tao | Curso Espezializado De Fotografia Digital Subacuatica","twitter_description":"El curso de instructor de PADI para fot\u00f3grafos subacu\u00e1ticos digitales en Koh Tao lo certifica para que ense\u00f1e a los estudiantes a tomar excelentes fotograf\u00edas bajo el agua","twitter_site":"@GoProIDCKohTao","schema":{"@context":"https:\/\/schema.org","@graph":[{"@type":"NewsArticle","@id":"https:\/\/idckohtao.com\/es\/pro-level-courses\/digital-underwater-photographer-instructor-specialty\/#article","isPartOf":{"@id":"https:\/\/idckohtao.com\/es\/pro-level-courses\/digital-underwater-photographer-instructor-specialty\/"},"author":{"name":"ojasya","@id":"https:\/\/idckohtao.com\/es\/#\/schema\/person\/d08d557cbfdbc171f824052dae697b02"},"headline":"Digital Underwater Photographer Instructor Specialty","datePublished":"2023-08-11T07:39:37+00:00","dateModified":"2026-01-01T09:58:02+00:00","mainEntityOfPage":{"@id":"https:\/\/idckohtao.com\/es\/pro-level-courses\/digital-underwater-photographer-instructor-specialty\/"},"wordCount":654,"publisher":{"@id":"https:\/\/idckohtao.com\/es\/#organization"},"image":{"@id":"https:\/\/idckohtao.com\/es\/pro-level-courses\/digital-underwater-photographer-instructor-specialty\/#primaryimage"},"thumbnailUrl":"https:\/\/idckohtao.com\/wp-content\/uploads\/2023\/09\/idckohtao.com-digital-underwater-photography-instrcuctor-course-on-koh-tao.jpeg","inLanguage":"es"},{"@type":"WebPage","@id":"https:\/\/idckohtao.com\/es\/pro-level-courses\/digital-underwater-photographer-instructor-specialty\/","url":"https:\/\/idckohtao.com\/es\/pro-level-courses\/digital-underwater-photographer-instructor-specialty\/","name":"Curso Espezializado De Fotografia Digital Subacuatica","isPartOf":{"@id":"https:\/\/idckohtao.com\/es\/#website"},"primaryImageOfPage":{"@id":"https:\/\/idckohtao.com\/es\/pro-level-courses\/digital-underwater-photographer-instructor-specialty\/#primaryimage"},"image":{"@id":"https:\/\/idckohtao.com\/es\/pro-level-courses\/digital-underwater-photographer-instructor-specialty\/#primaryimage"},"thumbnailUrl":"https:\/\/idckohtao.com\/wp-content\/uploads\/2023\/09\/idckohtao.com-digital-underwater-photography-instrcuctor-course-on-koh-tao.jpeg","datePublished":"2023-08-11T07:39:37+00:00","dateModified":"2026-01-01T09:58:02+00:00","description":"El curso de instructor de PADI para fot\u00f3grafos subacu\u00e1ticos digitales en Koh Tao lo certifica para que ense\u00f1e a los estudiantes a tomar excelentes fotograf\u00edas bajo el agua","breadcrumb":{"@id":"https:\/\/idckohtao.com\/es\/pro-level-courses\/digital-underwater-photographer-instructor-specialty\/#breadcrumb"},"inLanguage":"es","potentialAction":[{"@type":"ReadAction","target":["https:\/\/idckohtao.com\/es\/pro-level-courses\/digital-underwater-photographer-instructor-specialty\/"]}]},{"@type":"ImageObject","inLanguage":"es","@id":"https:\/\/idckohtao.com\/es\/pro-level-courses\/digital-underwater-photographer-instructor-specialty\/#primaryimage","url":"https:\/\/idckohtao.com\/wp-content\/uploads\/2023\/09\/idckohtao.com-digital-underwater-photography-instrcuctor-course-on-koh-tao.jpeg","contentUrl":"https:\/\/idckohtao.com\/wp-content\/uploads\/2023\/09\/idckohtao.com-digital-underwater-photography-instrcuctor-course-on-koh-tao.jpeg","width":1200,"height":800,"caption":"Digital Underwater Photography Instructor course on Koh Tao"},{"@type":"BreadcrumbList","@id":"https:\/\/idckohtao.com\/es\/pro-level-courses\/digital-underwater-photographer-instructor-specialty\/#breadcrumb","itemListElement":[{"@type":"ListItem","position":1,"name":"Home","item":"https:\/\/idckohtao.com\/es\/"},{"@type":"ListItem","position":2,"name":"Pro level","item":"https:\/\/idckohtao.com\/es\/pro-level-courses\/"},{"@type":"ListItem","position":3,"name":"Digital Underwater Photographer Instructor Specialty"}]},{"@type":"WebSite","@id":"https:\/\/idckohtao.com\/es\/#website","url":"https:\/\/idckohtao.com\/es\/","name":"IDC Koh Tao","description":"PADI IDC 5 Star Diving Center in Koh Tao - Thailand","publisher":{"@id":"https:\/\/idckohtao.com\/es\/#organization"},"alternateName":"IDC Koh Tao in Thailand","potentialAction":[{"@type":"SearchAction","target":{"@type":"EntryPoint","urlTemplate":"https:\/\/idckohtao.com\/es\/?s={search_term_string}"},"query-input":{"@type":"PropertyValueSpecification","valueRequired":true,"valueName":"search_term_string"}}],"inLanguage":"es"},{"@type":"Organization","@id":"https:\/\/idckohtao.com\/es\/#organization","name":"IDC Koh Tao","alternateName":"IDC Koh Tao | Divemaster & Diving Instructor","url":"https:\/\/idckohtao.com\/es\/","logo":{"@type":"ImageObject","inLanguage":"es","@id":"https:\/\/idckohtao.com\/es\/#\/schema\/logo\/image\/","url":"https:\/\/idckohtao.com\/wp-content\/uploads\/2023\/09\/idckohtao.com-padi-diving-center-in-koh-tao-thailand.png","contentUrl":"https:\/\/idckohtao.com\/wp-content\/uploads\/2023\/09\/idckohtao.com-padi-diving-center-in-koh-tao-thailand.png","width":400,"height":300,"caption":"IDC Koh Tao"},"image":{"@id":"https:\/\/idckohtao.com\/es\/#\/schema\/logo\/image\/"},"sameAs":["https:\/\/www.facebook.com\/GoProIDCKohTao","https:\/\/x.com\/GoProIDCKohTao","https:\/\/www.youtube.com\/idckohtao","https:\/\/www.instagram.com\/idc.kohtao\/"],"description":"IDC Koh Tao is a part of the Black Turtle Dive pro level training team with three PADI Course Directors being led by Award Winning PADI Course Director Matt Bolton. Our full range of pro and recreational PADI Diving Courses provides aspiring scuba divers with education, fun, excitement, adventure, and a change of lifestyle or an opportunity to pursue a new career.","email":"info@idckohtao.com","legalName":"IDC Koh Tao","foundingDate":"2004-01-04","numberOfEmployees":{"@type":"QuantitativeValue","minValue":"1","maxValue":"10"},"correctionsPolicy":"https:\/\/idckohtao.com\/privacy-policy\/","ethicsPolicy":"https:\/\/idckohtao.com\/terms\/"},{"@type":"Person","@id":"https:\/\/idckohtao.com\/es\/#\/schema\/person\/d08d557cbfdbc171f824052dae697b02","name":"ojasya","image":{"@type":"ImageObject","inLanguage":"es","@id":"https:\/\/secure.gravatar.com\/avatar\/6fb34e36d09053a6545fc21d344613321bb1933f185132488f38052166f5a001?s=96&d=mm&r=g","url":"https:\/\/secure.gravatar.com\/avatar\/6fb34e36d09053a6545fc21d344613321bb1933f185132488f38052166f5a001?s=96&d=mm&r=g","contentUrl":"https:\/\/secure.gravatar.com\/avatar\/6fb34e36d09053a6545fc21d344613321bb1933f185132488f38052166f5a001?s=96&d=mm&r=g","caption":"ojasya"},"sameAs":["https:\/\/idckohtao.com"],"url":"https:\/\/idckohtao.com\/es\/blog\/author\/ojasya\/"}]}},"_links":{"self":[{"href":"https:\/\/idckohtao.com\/es\/wp-json\/wp\/v2\/pages\/3196","targetHints":{"allow":["GET"]}}],"collection":[{"href":"https:\/\/idckohtao.com\/es\/wp-json\/wp\/v2\/pages"}],"about":[{"href":"https:\/\/idckohtao.com\/es\/wp-json\/wp\/v2\/types\/page"}],"author":[{"embeddable":true,"href":"https:\/\/idckohtao.com\/es\/wp-json\/wp\/v2\/users\/1"}],"replies":[{"embeddable":true,"href":"https:\/\/idckohtao.com\/es\/wp-json\/wp\/v2\/comments?post=3196"}],"version-history":[{"count":3,"href":"https:\/\/idckohtao.com\/es\/wp-json\/wp\/v2\/pages\/3196\/revisions"}],"predecessor-version":[{"id":7589,"href":"https:\/\/idckohtao.com\/es\/wp-json\/wp\/v2\/pages\/3196\/revisions\/7589"}],"up":[{"embeddable":true,"href":"https:\/\/idckohtao.com\/es\/wp-json\/wp\/v2\/pages\/7936"}],"wp:featuredmedia":[{"embeddable":true,"href":"https:\/\/idckohtao.com\/es\/wp-json\/wp\/v2\/media\/5246"}],"wp:attachment":[{"href":"https:\/\/idckohtao.com\/es\/wp-json\/wp\/v2\/media?parent=3196"}],"curies":[{"name":"wp","href":"https:\/\/api.w.org\/{rel}","templated":true}]}}