{"id":3198,"date":"2023-08-07T07:26:09","date_gmt":"2023-08-07T07:26:09","guid":{"rendered":"https:\/\/idckohtao.com\/discover-scuba-diving\/"},"modified":"2026-04-22T04:46:09","modified_gmt":"2026-04-22T04:46:09","slug":"discover-scuba-diving","status":"publish","type":"page","link":"https:\/\/idckohtao.com\/es\/discover-scuba-diving\/","title":{"rendered":"Discover Scuba Diving"},"content":{"rendered":"<div class=\"wpb-content-wrapper\"><p>[vc_row][vc_column][vc_column_text]<\/p>\n<h2>Descubre el buceo y explora el mundo submarino en Koh Tao<\/h2>\n<p>\u00bfEst\u00e1s visitando Koh Tao y tienes curiosidad sobre el buceo pero no tienes el tiempo ni el dinero para comprometerte a un <a href=\"https:\/\/idckohtao.com\/es\/open-water-course\/\">curso completo PADI Open Water<\/a>?<\/p>\n<p>La experiencia Discover Scuba Diving o Bautismo es una gran oportunidad para que pruebes el buceo en tan solo medio d\u00eda de experiencia bajo la supervisi\u00f3n directa de un Instructor\u00a0<a href=\"https:\/\/idckohtao.com\/es\/pro-level-courses\/padi-instructor-development-course\/\">PADI experimentado<\/a>.<\/p>\n<p><img decoding=\"async\" class=\"alignnone wp-image-265 size-large\" src=\"https:\/\/idckohtao.com\/wp-content\/uploads\/2023\/08\/idckohtao.com-discover-scuba-diving-on-koh-tao-1024x577.jpg\" alt=\"idckohtao.com-discover-scuba-diving-on-koh-tao\" width=\"1024\" height=\"577\" srcset=\"https:\/\/idckohtao.com\/wp-content\/uploads\/2023\/08\/idckohtao.com-discover-scuba-diving-on-koh-tao-1024x577.jpg 1024w, https:\/\/idckohtao.com\/wp-content\/uploads\/2023\/08\/idckohtao.com-discover-scuba-diving-on-koh-tao-300x169.jpg 300w, https:\/\/idckohtao.com\/wp-content\/uploads\/2023\/08\/idckohtao.com-discover-scuba-diving-on-koh-tao-768x433.jpg 768w, https:\/\/idckohtao.com\/wp-content\/uploads\/2023\/08\/idckohtao.com-discover-scuba-diving-on-koh-tao.jpg 1300w\" sizes=\"(max-width: 1024px) 100vw, 1024px\" \/><\/p>\n<h3>Desarrollo del conocimiento e introducci\u00f3n<\/h3>\n<p>Su instructor lo guiar\u00e1 a trav\u00e9s de algunos conocimientos b\u00e1sicos utilizando la gu\u00eda PADI Discover Scuba Diving para discutir los efectos de la presi\u00f3n bajo el agua, c\u00f3mo ecualizar tus espacios de aire y tu respiraci\u00f3n.<\/p>\n<p>Luego completar\u00e1s un breve cuestionario de opci\u00f3n m\u00faltiple de 9 preguntas para estar garantizar que has comprendido.<\/p>\n<h3>Entrenamiento y habilidades en aguas confinadas<\/h3>\n<p>Para comenzar, comenzamos en aguas poco profundas, ya sea en una piscina o justo al lado de la playa en una de las<a href=\"https:\/\/www.thefunkyturtle.com\/koh-tao\/bays\/\" target=\"_blank\" rel=\"noopener\">\u00a0muchas bah\u00edas poco profundas de Koh Tao<\/a>, que son ideales para este tipo de buceo y f\u00e1ciles para que te pongas de pie.<\/p>\n<p>Le ense\u00f1aremos algunas habilidades simples, como la forma de ecualizar sus o\u00eddos, limpiar una m\u00e1scara y un regulador, t\u00e9cnicas de respiraci\u00f3n correctas, adem\u00e1s de c\u00f3mo usar el\u00a0<a href=\"https:\/\/idckohtao.com\/es\/pro-level-courses\/equipment-specialist-instructor-specialty\/\">equipo de buceo<\/a>.<\/p>\n<h3>Buceo en aguas abiertas en el oc\u00e9ano<strong><br \/>\n<\/strong><\/h3>\n<p>Una vez que haya dominado las habilidades y se sienta c\u00f3modo con la respiraci\u00f3n, podemos llevarte un poco m\u00e1s profundo alrededor de la bah\u00eda para un verdadero buceo.<\/p>\n<p>En aguas claras y c\u00e1lidas, puedes ver una\u00a0<a href=\"https:\/\/idckohtao.com\/es\/marine-conservation\/\">abundante vida marina<\/a>\u00a0colorida mientras nadamos sobre la arena cerca del arrecife, mientras disfruta de unas vacaciones inolvidables.<\/p>\n<p>Reg\u00e1lese una experiencia de buceo de 1 d\u00eda con el Bautismo (Discover SCuba Diving) y sea testigo del espectacular mundo submarino.<\/p>\n<p><img decoding=\"async\" class=\"alignnone wp-image-266 size-large\" src=\"https:\/\/idckohtao.com\/wp-content\/uploads\/2023\/08\/idckohtao.com-discover-scuba-diving-with-padi-1024x577.jpg\" alt=\"idckohtao.com-discover-scuba-diving-with-padi\" width=\"1024\" height=\"577\" srcset=\"https:\/\/idckohtao.com\/wp-content\/uploads\/2023\/08\/idckohtao.com-discover-scuba-diving-with-padi-1024x577.jpg 1024w, https:\/\/idckohtao.com\/wp-content\/uploads\/2023\/08\/idckohtao.com-discover-scuba-diving-with-padi-300x169.jpg 300w, https:\/\/idckohtao.com\/wp-content\/uploads\/2023\/08\/idckohtao.com-discover-scuba-diving-with-padi-768x433.jpg 768w, https:\/\/idckohtao.com\/wp-content\/uploads\/2023\/08\/idckohtao.com-discover-scuba-diving-with-padi.jpg 1300w\" sizes=\"(max-width: 1024px) 100vw, 1024px\" \/><\/p>\n<p><strong>\u00a1ADVERTENCIA!<\/strong>\u00a0Es adictivo y la mayor\u00eda de las personas que\u00a0<a href=\"https:\/\/idckohtao.com\/\">prueban el buceo<\/a>\u00a0no pueden parar y quieren m\u00e1s.<\/p>\n<h3>Cronograma de la experiencia del Bautismo o Discover Scuba Diving<strong><br \/>\n<\/strong><\/h3>\n<p>Medio d\u00eda ya sea ma\u00f1ana o tarde<\/p>\n<p>La experiencia de Bautismo o Discover Scuba Diving incluye:<\/p>\n<ul>\n<li>Gu\u00eda de participante del Bautismo o Discover Scuba Diving<\/li>\n<li>Honorarios del PADI Instructor<\/li>\n<li>Seguro<\/li>\n<li>Alquiler de equipos<\/li>\n<li>Computador de buceo<\/li>\n<\/ul>\n<p><strong>\u00a1PRUEBA EL BUCEO AQU\u00cd!<\/strong>[\/vc_column_text]<div class=\"text-left\"><div class=\"bt-course-price\"><a href=\"https:\/\/www.paypal.com\/cgi-bin\/webscr?cmd=_s-xclick&hosted_button_id=Z4385VSMMN38G\" class=\"button\">RESERVALO AHORA<\/a><\/div><\/div>[\/vc_column][\/vc_row]<\/p>\n<\/div>","protected":false},"excerpt":{"rendered":"<p>[vc_row][vc_column][vc_column_text] Descubre el buceo y explora el mundo submarino en Koh Tao \u00bfEst\u00e1s visitando Koh Tao y tienes curiosidad sobre el buceo pero no tienes el tiempo ni el dinero para comprometerte a un curso completo PADI Open Water? La experiencia Discover Scuba Diving o Bautismo es una gran oportunidad para que pruebes el buceo [&hellip;]<\/p>\n","protected":false},"author":1,"featured_media":4845,"parent":0,"menu_order":0,"comment_status":"closed","ping_status":"closed","template":"","meta":{"_acf_changed":false,"footnotes":""},"class_list":["post-3198","page","type-page","status-publish","has-post-thumbnail","hentry"],"acf":[],"yoast_head":"<!-- This site is optimized with the Yoast SEO Premium plugin v27.5 (Yoast SEO v27.5) - https:\/\/yoast.com\/product\/yoast-seo-premium-wordpress\/ -->\n<title>Bautismo en Koh Tao | IDC Koh Tao<\/title>\n<meta name=\"description\" content=\"El Bautismo es una gran oportunidad para que pruebes el buceo bajo la supervisi\u2014n directa de un instructor PADI experimentado.\" \/>\n<meta name=\"robots\" content=\"index, follow, max-snippet:-1, max-image-preview:large, max-video-preview:-1\" \/>\n<link rel=\"canonical\" href=\"https:\/\/idckohtao.com\/es\/discover-scuba-diving\/\" \/>\n<meta property=\"og:locale\" content=\"es_ES\" \/>\n<meta property=\"og:type\" content=\"article\" \/>\n<meta property=\"og:title\" content=\"Bautismo en Koh Tao | IDC Koh Tao\" \/>\n<meta property=\"og:description\" content=\"El Bautismo es una gran oportunidad para que pruebes el buceo bajo la supervisi\u2014n directa de un instructor PADI experimentado.\" \/>\n<meta property=\"og:url\" content=\"https:\/\/idckohtao.com\/es\/discover-scuba-diving\/\" \/>\n<meta property=\"og:site_name\" content=\"IDC Koh Tao\" \/>\n<meta property=\"article:publisher\" content=\"https:\/\/www.facebook.com\/GoProIDCKohTao\" \/>\n<meta property=\"article:modified_time\" content=\"2026-04-22T04:46:09+00:00\" \/>\n<meta property=\"og:image\" content=\"https:\/\/idckohtao.com\/wp-content\/uploads\/2023\/08\/idckohtao.com-discover-scuba-diving.jpg\" \/>\n\t<meta property=\"og:image:width\" content=\"1300\" \/>\n\t<meta property=\"og:image:height\" content=\"733\" \/>\n\t<meta property=\"og:image:type\" content=\"image\/jpeg\" \/>\n<meta name=\"twitter:card\" content=\"summary_large_image\" \/>\n<meta name=\"twitter:title\" content=\"Bautismo en Koh Tao | IDC Koh Tao\" \/>\n<meta name=\"twitter:description\" content=\"El Bautismo es una gran oportunidad para que pruebes el buceo bajo la supervisi\u2014n directa de un instructor PADI experimentado.\" \/>\n<meta name=\"twitter:image\" content=\"https:\/\/idckohtao.com\/wp-content\/uploads\/2023\/08\/idckohtao.com-discover-scuba-diving.jpg\" \/>\n<meta name=\"twitter:site\" content=\"@GoProIDCKohTao\" \/>\n<!-- \/ Yoast SEO Premium plugin. -->","yoast_head_json":{"title":"Bautismo en Koh Tao | IDC Koh Tao","description":"El Bautismo es una gran oportunidad para que pruebes el buceo bajo la supervisi\u2014n directa de un instructor PADI experimentado.","robots":{"index":"index","follow":"follow","max-snippet":"max-snippet:-1","max-image-preview":"max-image-preview:large","max-video-preview":"max-video-preview:-1"},"canonical":"https:\/\/idckohtao.com\/es\/discover-scuba-diving\/","og_locale":"es_ES","og_type":"article","og_title":"Bautismo en Koh Tao | IDC Koh Tao","og_description":"El Bautismo es una gran oportunidad para que pruebes el buceo bajo la supervisi\u2014n directa de un instructor PADI experimentado.","og_url":"https:\/\/idckohtao.com\/es\/discover-scuba-diving\/","og_site_name":"IDC Koh Tao","article_publisher":"https:\/\/www.facebook.com\/GoProIDCKohTao","article_modified_time":"2026-04-22T04:46:09+00:00","og_image":[{"width":1300,"height":733,"url":"https:\/\/idckohtao.com\/wp-content\/uploads\/2023\/08\/idckohtao.com-discover-scuba-diving.jpg","type":"image\/jpeg"}],"twitter_card":"summary_large_image","twitter_title":"Bautismo en Koh Tao | IDC Koh Tao","twitter_description":"El Bautismo es una gran oportunidad para que pruebes el buceo bajo la supervisi\u2014n directa de un instructor PADI experimentado.","twitter_image":"https:\/\/idckohtao.com\/wp-content\/uploads\/2023\/08\/idckohtao.com-discover-scuba-diving.jpg","twitter_site":"@GoProIDCKohTao","schema":{"@context":"https:\/\/schema.org","@graph":[{"@type":"NewsArticle","@id":"https:\/\/idckohtao.com\/es\/discover-scuba-diving\/#article","isPartOf":{"@id":"https:\/\/idckohtao.com\/es\/discover-scuba-diving\/"},"author":{"name":"ojasya","@id":"https:\/\/idckohtao.com\/es\/#\/schema\/person\/d08d557cbfdbc171f824052dae697b02"},"headline":"Discover Scuba Diving","datePublished":"2023-08-07T07:26:09+00:00","dateModified":"2026-04-22T04:46:09+00:00","mainEntityOfPage":{"@id":"https:\/\/idckohtao.com\/es\/discover-scuba-diving\/"},"wordCount":418,"publisher":{"@id":"https:\/\/idckohtao.com\/es\/#organization"},"image":{"@id":"https:\/\/idckohtao.com\/es\/discover-scuba-diving\/#primaryimage"},"thumbnailUrl":"https:\/\/idckohtao.com\/wp-content\/uploads\/2023\/09\/idckohtao.com-discover-scuba-dive-in-koh-tao-thailand.jpeg","inLanguage":"es"},{"@type":"WebPage","@id":"https:\/\/idckohtao.com\/es\/discover-scuba-diving\/","url":"https:\/\/idckohtao.com\/es\/discover-scuba-diving\/","name":"Bautismo en Koh Tao | IDC Koh Tao","isPartOf":{"@id":"https:\/\/idckohtao.com\/es\/#website"},"primaryImageOfPage":{"@id":"https:\/\/idckohtao.com\/es\/discover-scuba-diving\/#primaryimage"},"image":{"@id":"https:\/\/idckohtao.com\/es\/discover-scuba-diving\/#primaryimage"},"thumbnailUrl":"https:\/\/idckohtao.com\/wp-content\/uploads\/2023\/09\/idckohtao.com-discover-scuba-dive-in-koh-tao-thailand.jpeg","datePublished":"2023-08-07T07:26:09+00:00","dateModified":"2026-04-22T04:46:09+00:00","description":"El Bautismo es una gran oportunidad para que pruebes el buceo bajo la supervisi\u2014n directa de un instructor PADI experimentado.","breadcrumb":{"@id":"https:\/\/idckohtao.com\/es\/discover-scuba-diving\/#breadcrumb"},"inLanguage":"es","potentialAction":[{"@type":"ReadAction","target":["https:\/\/idckohtao.com\/es\/discover-scuba-diving\/"]}]},{"@type":"ImageObject","inLanguage":"es","@id":"https:\/\/idckohtao.com\/es\/discover-scuba-diving\/#primaryimage","url":"https:\/\/idckohtao.com\/wp-content\/uploads\/2023\/09\/idckohtao.com-discover-scuba-dive-in-koh-tao-thailand.jpeg","contentUrl":"https:\/\/idckohtao.com\/wp-content\/uploads\/2023\/09\/idckohtao.com-discover-scuba-dive-in-koh-tao-thailand.jpeg","width":1200,"height":800,"caption":"Discover Scuba Diving on Koh Tao in Thailand"},{"@type":"BreadcrumbList","@id":"https:\/\/idckohtao.com\/es\/discover-scuba-diving\/#breadcrumb","itemListElement":[{"@type":"ListItem","position":1,"name":"Home","item":"https:\/\/idckohtao.com\/es\/"},{"@type":"ListItem","position":2,"name":"Discover Scuba Diving"}]},{"@type":"WebSite","@id":"https:\/\/idckohtao.com\/es\/#website","url":"https:\/\/idckohtao.com\/es\/","name":"IDC Koh Tao","description":"PADI IDC 5 Star Diving Center in Koh Tao - Thailand","publisher":{"@id":"https:\/\/idckohtao.com\/es\/#organization"},"alternateName":"IDC Koh Tao in Thailand","potentialAction":[{"@type":"SearchAction","target":{"@type":"EntryPoint","urlTemplate":"https:\/\/idckohtao.com\/es\/?s={search_term_string}"},"query-input":{"@type":"PropertyValueSpecification","valueRequired":true,"valueName":"search_term_string"}}],"inLanguage":"es"},{"@type":"Organization","@id":"https:\/\/idckohtao.com\/es\/#organization","name":"IDC Koh Tao","alternateName":"IDC Koh Tao | Divemaster & Diving Instructor","url":"https:\/\/idckohtao.com\/es\/","logo":{"@type":"ImageObject","inLanguage":"es","@id":"https:\/\/idckohtao.com\/es\/#\/schema\/logo\/image\/","url":"https:\/\/idckohtao.com\/wp-content\/uploads\/2023\/09\/idckohtao.com-padi-diving-center-in-koh-tao-thailand.png","contentUrl":"https:\/\/idckohtao.com\/wp-content\/uploads\/2023\/09\/idckohtao.com-padi-diving-center-in-koh-tao-thailand.png","width":400,"height":300,"caption":"IDC Koh Tao"},"image":{"@id":"https:\/\/idckohtao.com\/es\/#\/schema\/logo\/image\/"},"sameAs":["https:\/\/www.facebook.com\/GoProIDCKohTao","https:\/\/x.com\/GoProIDCKohTao","https:\/\/www.youtube.com\/idckohtao","https:\/\/www.instagram.com\/idc.kohtao\/"],"description":"IDC Koh Tao is a part of the Black Turtle Dive pro level training team with three PADI Course Directors being led by Award Winning PADI Course Director Matt Bolton. Our full range of pro and recreational PADI Diving Courses provides aspiring scuba divers with education, fun, excitement, adventure, and a change of lifestyle or an opportunity to pursue a new career.","email":"info@idckohtao.com","legalName":"IDC Koh Tao","foundingDate":"2004-01-04","numberOfEmployees":{"@type":"QuantitativeValue","minValue":"1","maxValue":"10"},"correctionsPolicy":"https:\/\/idckohtao.com\/privacy-policy\/","ethicsPolicy":"https:\/\/idckohtao.com\/terms\/"},{"@type":"Person","@id":"https:\/\/idckohtao.com\/es\/#\/schema\/person\/d08d557cbfdbc171f824052dae697b02","name":"ojasya","image":{"@type":"ImageObject","inLanguage":"es","@id":"https:\/\/secure.gravatar.com\/avatar\/6fb34e36d09053a6545fc21d344613321bb1933f185132488f38052166f5a001?s=96&d=mm&r=g","url":"https:\/\/secure.gravatar.com\/avatar\/6fb34e36d09053a6545fc21d344613321bb1933f185132488f38052166f5a001?s=96&d=mm&r=g","contentUrl":"https:\/\/secure.gravatar.com\/avatar\/6fb34e36d09053a6545fc21d344613321bb1933f185132488f38052166f5a001?s=96&d=mm&r=g","caption":"ojasya"},"sameAs":["https:\/\/idckohtao.com"],"url":"https:\/\/idckohtao.com\/es\/blog\/author\/ojasya\/"}]}},"_links":{"self":[{"href":"https:\/\/idckohtao.com\/es\/wp-json\/wp\/v2\/pages\/3198","targetHints":{"allow":["GET"]}}],"collection":[{"href":"https:\/\/idckohtao.com\/es\/wp-json\/wp\/v2\/pages"}],"about":[{"href":"https:\/\/idckohtao.com\/es\/wp-json\/wp\/v2\/types\/page"}],"author":[{"embeddable":true,"href":"https:\/\/idckohtao.com\/es\/wp-json\/wp\/v2\/users\/1"}],"replies":[{"embeddable":true,"href":"https:\/\/idckohtao.com\/es\/wp-json\/wp\/v2\/comments?post=3198"}],"version-history":[{"count":1,"href":"https:\/\/idckohtao.com\/es\/wp-json\/wp\/v2\/pages\/3198\/revisions"}],"predecessor-version":[{"id":7702,"href":"https:\/\/idckohtao.com\/es\/wp-json\/wp\/v2\/pages\/3198\/revisions\/7702"}],"wp:featuredmedia":[{"embeddable":true,"href":"https:\/\/idckohtao.com\/es\/wp-json\/wp\/v2\/media\/4845"}],"wp:attachment":[{"href":"https:\/\/idckohtao.com\/es\/wp-json\/wp\/v2\/media?parent=3198"}],"curies":[{"name":"wp","href":"https:\/\/api.w.org\/{rel}","templated":true}]}}