{"id":3202,"date":"2023-08-08T11:18:38","date_gmt":"2023-08-08T11:18:38","guid":{"rendered":"https:\/\/idckohtao.com\/divemaster-internship\/"},"modified":"2026-04-22T07:19:07","modified_gmt":"2026-04-22T07:19:07","slug":"divemaster-internship","status":"publish","type":"page","link":"https:\/\/idckohtao.com\/es\/pro-level-courses\/divemaster-internship\/","title":{"rendered":"Divemaster Internship"},"content":{"rendered":"<div class=\"wpb-content-wrapper\"><p>[vc_row][vc_column][vc_column_text]<\/p>\n<h2>Pr\u00e1ctica ganadora del premio PADI Divemaster en Tropical Koh Tao<\/h2>\n<h3>PADI Divemaster Internship en Tailandia<\/h3>\n<p>Ubicado en el\u00a0<a href=\"https:\/\/www.blackturtledive.com\/\" target=\"_blank\" rel=\"noopener noreferrer\">centro de buceo Black Turtle Dive<\/a>, el equipo de nivel profesional de IDC Koh Tao imparte el programa de Divemaster Intenship que ha capacitado con \u00e9xito a aspirantes a buceadores profesionales durante los \u00faltimos 20 a\u00f1os.<\/p>\n<p>Nuestro programa de formaci\u00f3n de pr\u00e1cticas de Divemaster est\u00e1 dise\u00f1ado seg\u00fan las necesidades de cada candidato para desarrollar sus conocimientos, habilidades y competencias como buceador y crear as\u00ed un Divemaster PADI m\u00e1s confiado y ejemplar.<\/p>\n<p>Nuestro programa de capacitaci\u00f3n Divemaster est\u00e1 supervisado por nuestro galardonado director\u00a0<a href=\"https:\/\/idckohtao.com\/es\/padi-course-director-matt-bolton\/\">de curso PADI Platinum, Matt Bolton<\/a>.<br \/>\nMatt trabaja con dos Instructores <a href=\"https:\/\/idckohtao.com\/pro-level-courses\/padi-master-instructor\/\">Maestros PADI<\/a>: Manu Valdes y Tina Major exclusivamente para administrar el Programa Crystal \u201cDivemaster Trainee\u201d.<\/p>\n<p>Las pasant\u00edas de buceo est\u00e1n dise\u00f1adas para permitir que todos los niveles de buceadores, as\u00ed como los no buceadores entrenen para convertirse en profesionales del buceo a un ritmo que se adapte a usted.<\/p>\n<p>Con una duraci\u00f3n de 3 a 4 semanas a 8 meses, nuestros programas \u201c<a href=\"https:\/\/idckohtao.com\/lifestyle-packages\/\">Estilo de vida de buceo<\/a>\u201d son perfectos para cualquier profesional de buceo PADI, parte de una experiencia de un a\u00f1o GAP o para cualquiera que busque un programa din\u00e1mico de desarrollo personal.<\/p>\n<p>Ofrecemos los m\u00e1s altos est\u00e1ndares de entrenamiento dentro de la <a href=\"https:\/\/www.thefunkyturtle.com\/scuba-diving\/\">industria del buceo<\/a>, un entorno de entrenamiento din\u00e1mico y multicultural con est\u00e1ndares educativos de clase mundial, un gran ambiente social, una ubicaci\u00f3n fant\u00e1stica en un pa\u00eds con una cultura incre\u00edble y por supuesto \u2026 \u00a1mucha diversi\u00f3n!<\/p>\n<p>\u00bfAlguna vez has so\u00f1ado con vivir en una isla tropical, levantarte para un ba\u00f1o matutino en aguas c\u00e1lidas de color turquesa, como una postal, o columpiarte en una hamaca bajo palmeras?<\/p>\n<p>Bueno, ahora puedes hacerlo con una pasant\u00eda de <a href=\"https:\/\/idckohtao.com\/pro-level-courses\/padi-divemaster-course\/\">Divemaster<\/a> Diving Lifestyle en la hermosa Koh Tao<\/p>\n<p>Our Divemaster Training Program is overseen by our Award Winning Platinum rated\u00a0<a href=\"https:\/\/idckohtao.com\/padi-course-director-matt-bolton\/\">PADI Course Director Matt Bolton<\/a>.<\/p>\n<p><img decoding=\"async\" class=\"alignnone wp-image-352 size-large\" src=\"https:\/\/idckohtao.com\/wp-content\/uploads\/2023\/08\/idckohtao.com-andrea-warren-padi-course-director-koh-tao-beach-1024x768.jpg\" alt=\"idckohtao.com-andrea-warren-padi-course-director-koh-tao-beach\" width=\"1024\" height=\"768\" srcset=\"https:\/\/idckohtao.com\/wp-content\/uploads\/2023\/08\/idckohtao.com-andrea-warren-padi-course-director-koh-tao-beach-1024x768.jpg 1024w, https:\/\/idckohtao.com\/wp-content\/uploads\/2023\/08\/idckohtao.com-andrea-warren-padi-course-director-koh-tao-beach-300x225.jpg 300w, https:\/\/idckohtao.com\/wp-content\/uploads\/2023\/08\/idckohtao.com-andrea-warren-padi-course-director-koh-tao-beach-768x576.jpg 768w, https:\/\/idckohtao.com\/wp-content\/uploads\/2023\/08\/idckohtao.com-andrea-warren-padi-course-director-koh-tao-beach.jpg 1200w\" sizes=\"(max-width: 1024px) 100vw, 1024px\" \/><\/p>\n<h3>Pr\u00e1ctica de buceo PADI Divemaster de Full Diving \u2018Lifestyle\u2019<\/h3>\n<ul>\n<li>Curso\u00a0<a href=\"https:\/\/idckohtao.com\/es\/open-water-course\/\">PADI Open Water Diver<\/a><\/li>\n<li>Curso PADI\u00a0<a href=\"https:\/\/idckohtao.com\/es\/advanced-open-water-course\/\">Advanced Open Water Diver<\/a><\/li>\n<li>Curso EFR de Atenci\u00f3n Primaria y Secundaria<\/li>\n<li>Curso\u00a0<a href=\"https:\/\/idckohtao.com\/es\/rescue-diver-course\/\">PADI Rescue Diver<\/a><\/li>\n<li>Curso de Divemaster PADI<\/li>\n<li>Taller de Flotabilidad\u00a0<em>Mec\u00e1nica de Fluidos<\/em><\/li>\n<li>Programa de\u00a0<a href=\"https:\/\/idckohtao.com\/es\/marine-conservation\/\">Conservaci\u00f3n y Ecolog\u00eda<\/a>\u00a0de Arrecifes que incluye seminario sobre ecolog\u00eda, limpieza de playas, estudio de micropl\u00e1sticos, Dive Agains Debris y estudio de salud del coral.<\/li>\n<li>Todos los buceos necesarios desde principiante a Divemaster.<\/li>\n<li>30 buceos GRATUITOS adicionales a tu discreci\u00f3n durante tu estancia.<\/li>\n<li>Todos los Materiales Educativos PADI y Tasas de Certificaci\u00f3n.<\/li>\n<li>Crewpak Digital PADI Divemaster<\/li>\n<li>Divemaster e-Learning<\/li>\n<li>Enciclopedia de Buceo Recreacional<\/li>\n<li>Planificador Electr\u00f3nico de Buceo (e-RDPML)<\/li>\n<li>ReActivate e-Learning<\/li>\n<li>Crewpak F\u00edsico PADI Divemaster<\/li>\n<li>Bolsa de port\u00e1til PADI Pro<\/li>\n<li>Manual de Instructor PADI con cuaderno de anillas<\/li>\n<li>Slates de Divemaster<\/li>\n<li>DSD Cue Card<\/li>\n<li>Bit\u00e1cora<\/li>\n<li>Equipo de buceo consistente en:<\/li>\n<li>Br\u00fajula de buceo<\/li>\n<li>Pizarra de mu\u00f1eca y lapicero<\/li>\n<li>Boya de marcaci\u00f3n de superficie y bobina<\/li>\n<li>Silbato<\/li>\n<li>M\u00e1scara de Respiraciones de Rescate CPR<\/li>\n<li>Cuchillo cer\u00e1mico de buceo<\/li>\n<li>Camiseta<\/li>\n<li>Primer a\u00f1o de Membres\u00eda PADI<\/li>\n<li>Un a\u00f1o de Seguro de Buceo con cobertura internacional DiveAssist ScubaMedic Classic (IDEC)<\/li>\n<li>Certificado m\u00e9dico<\/li>\n<\/ul>\n<p>[\/vc_column_text]<div class=\"text-left\"><div class=\"bt-course-price\"><h4>Precio: 92,500 THB<\/h4><a href=\"https:\/\/idckohtao.com\/es\/packages-prices\/\" class=\"button\">RESERVALO AHORA<\/a><\/div><\/div>[vc_column_text css=\u00bb\u00bb]<\/p>\n<h3>OPCIONES \/ ADD-ONS<\/h3>\n<p><strong>OPCIONES DE PRECIOS<\/strong>\u00a0(Buzos Calificados)<br \/>\nYa Open Water Diver- <strong>84,500 THB<\/strong><br \/>\nBuceador de aguas abiertas ya avanzado \u2013 <strong>77,500 THB<\/strong><br \/>\nYa Rescue Diver \u2013 <strong>62,500 THB<\/strong>[\/vc_column_text][\/vc_column][\/vc_row]<\/p>\n<\/div>","protected":false},"excerpt":{"rendered":"<p>[vc_row][vc_column][vc_column_text] Pr\u00e1ctica ganadora del premio PADI Divemaster en Tropical Koh Tao PADI Divemaster Internship en Tailandia Ubicado en el\u00a0centro de buceo Black Turtle Dive, el equipo de nivel profesional de IDC Koh Tao imparte el programa de Divemaster Intenship que ha capacitado con \u00e9xito a aspirantes a buceadores profesionales durante los \u00faltimos 20 a\u00f1os. Nuestro [&hellip;]<\/p>\n","protected":false},"author":1,"featured_media":4669,"parent":7936,"menu_order":0,"comment_status":"closed","ping_status":"closed","template":"","meta":{"_acf_changed":false,"footnotes":""},"class_list":["post-3202","page","type-page","status-publish","has-post-thumbnail","hentry"],"acf":[],"yoast_head":"<!-- This site is optimized with the Yoast SEO Premium plugin v27.5 (Yoast SEO v27.5) - https:\/\/yoast.com\/product\/yoast-seo-premium-wordpress\/ -->\n<title>IDC Koh Tao | Curso PADI Divemaster Internship Koh Tao<\/title>\n<meta name=\"description\" content=\"El curso de pr\u00e1cticas PADI Divemaster en IDC Koh Tao en Tailandia. Haga que su carrera de buceo comience de la mejor manera en nuestro centro de formaci\u00f3n para buceadores galardonados\" \/>\n<meta name=\"robots\" content=\"index, follow, max-snippet:-1, max-image-preview:large, max-video-preview:-1\" \/>\n<link rel=\"canonical\" href=\"https:\/\/idckohtao.com\/es\/pro-level-courses\/divemaster-internship\/\" \/>\n<meta property=\"og:locale\" content=\"es_ES\" \/>\n<meta property=\"og:type\" content=\"article\" \/>\n<meta property=\"og:title\" content=\"IDC Koh Tao | Curso PADI Divemaster Internship Koh Tao\" \/>\n<meta property=\"og:description\" content=\"El curso de pr\u00e1cticas PADI Divemaster en IDC Koh Tao en Tailandia. Haga que su carrera de buceo comience de la mejor manera en nuestro centro de formaci\u00f3n para buceadores galardonados\" \/>\n<meta property=\"og:url\" content=\"https:\/\/idckohtao.com\/es\/pro-level-courses\/divemaster-internship\/\" \/>\n<meta property=\"og:site_name\" content=\"IDC Koh Tao\" \/>\n<meta property=\"article:publisher\" content=\"https:\/\/www.facebook.com\/GoProIDCKohTao\" \/>\n<meta property=\"article:modified_time\" content=\"2026-04-22T07:19:07+00:00\" \/>\n<meta property=\"og:image\" content=\"https:\/\/idckohtao.com\/wp-content\/uploads\/2023\/08\/idc-koh-tao-padi-divemaster-course-at-crystal-dive-koh-tao-beach-1.jpg\" \/>\n\t<meta property=\"og:image:width\" content=\"960\" \/>\n\t<meta property=\"og:image:height\" content=\"676\" \/>\n\t<meta property=\"og:image:type\" content=\"image\/jpeg\" \/>\n<meta name=\"twitter:card\" content=\"summary_large_image\" \/>\n<meta name=\"twitter:title\" content=\"IDC Koh Tao | Curso PADI Divemaster Internship Koh Tao\" \/>\n<meta name=\"twitter:description\" content=\"El curso de pr\u00e1cticas PADI Divemaster en IDC Koh Tao en Tailandia. Haga que su carrera de buceo comience de la mejor manera en nuestro centro de formaci\u00f3n para buceadores galardonados\" \/>\n<meta name=\"twitter:site\" content=\"@GoProIDCKohTao\" \/>\n<!-- \/ Yoast SEO Premium plugin. -->","yoast_head_json":{"title":"IDC Koh Tao | Curso PADI Divemaster Internship Koh Tao","description":"El curso de pr\u00e1cticas PADI Divemaster en IDC Koh Tao en Tailandia. Haga que su carrera de buceo comience de la mejor manera en nuestro centro de formaci\u00f3n para buceadores galardonados","robots":{"index":"index","follow":"follow","max-snippet":"max-snippet:-1","max-image-preview":"max-image-preview:large","max-video-preview":"max-video-preview:-1"},"canonical":"https:\/\/idckohtao.com\/es\/pro-level-courses\/divemaster-internship\/","og_locale":"es_ES","og_type":"article","og_title":"IDC Koh Tao | Curso PADI Divemaster Internship Koh Tao","og_description":"El curso de pr\u00e1cticas PADI Divemaster en IDC Koh Tao en Tailandia. Haga que su carrera de buceo comience de la mejor manera en nuestro centro de formaci\u00f3n para buceadores galardonados","og_url":"https:\/\/idckohtao.com\/es\/pro-level-courses\/divemaster-internship\/","og_site_name":"IDC Koh Tao","article_publisher":"https:\/\/www.facebook.com\/GoProIDCKohTao","article_modified_time":"2026-04-22T07:19:07+00:00","og_image":[{"width":960,"height":676,"url":"https:\/\/idckohtao.com\/wp-content\/uploads\/2023\/08\/idc-koh-tao-padi-divemaster-course-at-crystal-dive-koh-tao-beach-1.jpg","type":"image\/jpeg"}],"twitter_card":"summary_large_image","twitter_title":"IDC Koh Tao | Curso PADI Divemaster Internship Koh Tao","twitter_description":"El curso de pr\u00e1cticas PADI Divemaster en IDC Koh Tao en Tailandia. Haga que su carrera de buceo comience de la mejor manera en nuestro centro de formaci\u00f3n para buceadores galardonados","twitter_site":"@GoProIDCKohTao","schema":{"@context":"https:\/\/schema.org","@graph":[{"@type":"NewsArticle","@id":"https:\/\/idckohtao.com\/es\/pro-level-courses\/divemaster-internship\/#article","isPartOf":{"@id":"https:\/\/idckohtao.com\/es\/pro-level-courses\/divemaster-internship\/"},"author":{"name":"ojasya","@id":"https:\/\/idckohtao.com\/es\/#\/schema\/person\/d08d557cbfdbc171f824052dae697b02"},"headline":"Divemaster Internship","datePublished":"2023-08-08T11:18:38+00:00","dateModified":"2026-04-22T07:19:07+00:00","mainEntityOfPage":{"@id":"https:\/\/idckohtao.com\/es\/pro-level-courses\/divemaster-internship\/"},"wordCount":599,"publisher":{"@id":"https:\/\/idckohtao.com\/es\/#organization"},"image":{"@id":"https:\/\/idckohtao.com\/es\/pro-level-courses\/divemaster-internship\/#primaryimage"},"thumbnailUrl":"https:\/\/idckohtao.com\/wp-content\/uploads\/2023\/09\/idckohtao.com-padi-instructor-course-in-thailand-with-a-cesa.jpg","inLanguage":"es"},{"@type":"WebPage","@id":"https:\/\/idckohtao.com\/es\/pro-level-courses\/divemaster-internship\/","url":"https:\/\/idckohtao.com\/es\/pro-level-courses\/divemaster-internship\/","name":"IDC Koh Tao | Curso PADI Divemaster Internship Koh Tao","isPartOf":{"@id":"https:\/\/idckohtao.com\/es\/#website"},"primaryImageOfPage":{"@id":"https:\/\/idckohtao.com\/es\/pro-level-courses\/divemaster-internship\/#primaryimage"},"image":{"@id":"https:\/\/idckohtao.com\/es\/pro-level-courses\/divemaster-internship\/#primaryimage"},"thumbnailUrl":"https:\/\/idckohtao.com\/wp-content\/uploads\/2023\/09\/idckohtao.com-padi-instructor-course-in-thailand-with-a-cesa.jpg","datePublished":"2023-08-08T11:18:38+00:00","dateModified":"2026-04-22T07:19:07+00:00","description":"El curso de pr\u00e1cticas PADI Divemaster en IDC Koh Tao en Tailandia. Haga que su carrera de buceo comience de la mejor manera en nuestro centro de formaci\u00f3n para buceadores galardonados","breadcrumb":{"@id":"https:\/\/idckohtao.com\/es\/pro-level-courses\/divemaster-internship\/#breadcrumb"},"inLanguage":"es","potentialAction":[{"@type":"ReadAction","target":["https:\/\/idckohtao.com\/es\/pro-level-courses\/divemaster-internship\/"]}]},{"@type":"ImageObject","inLanguage":"es","@id":"https:\/\/idckohtao.com\/es\/pro-level-courses\/divemaster-internship\/#primaryimage","url":"https:\/\/idckohtao.com\/wp-content\/uploads\/2023\/09\/idckohtao.com-padi-instructor-course-in-thailand-with-a-cesa.jpg","contentUrl":"https:\/\/idckohtao.com\/wp-content\/uploads\/2023\/09\/idckohtao.com-padi-instructor-course-in-thailand-with-a-cesa.jpg","width":1200,"height":900,"caption":"Divemaster Internship Practicing Skills in the Swimming Pool"},{"@type":"BreadcrumbList","@id":"https:\/\/idckohtao.com\/es\/pro-level-courses\/divemaster-internship\/#breadcrumb","itemListElement":[{"@type":"ListItem","position":1,"name":"Home","item":"https:\/\/idckohtao.com\/es\/"},{"@type":"ListItem","position":2,"name":"Pro level","item":"https:\/\/idckohtao.com\/es\/pro-level-courses\/"},{"@type":"ListItem","position":3,"name":"Divemaster Internship"}]},{"@type":"WebSite","@id":"https:\/\/idckohtao.com\/es\/#website","url":"https:\/\/idckohtao.com\/es\/","name":"IDC Koh Tao","description":"PADI IDC 5 Star Diving Center in Koh Tao - Thailand","publisher":{"@id":"https:\/\/idckohtao.com\/es\/#organization"},"alternateName":"IDC Koh Tao in Thailand","potentialAction":[{"@type":"SearchAction","target":{"@type":"EntryPoint","urlTemplate":"https:\/\/idckohtao.com\/es\/?s={search_term_string}"},"query-input":{"@type":"PropertyValueSpecification","valueRequired":true,"valueName":"search_term_string"}}],"inLanguage":"es"},{"@type":"Organization","@id":"https:\/\/idckohtao.com\/es\/#organization","name":"IDC Koh Tao","alternateName":"IDC Koh Tao | Divemaster & Diving Instructor","url":"https:\/\/idckohtao.com\/es\/","logo":{"@type":"ImageObject","inLanguage":"es","@id":"https:\/\/idckohtao.com\/es\/#\/schema\/logo\/image\/","url":"https:\/\/idckohtao.com\/wp-content\/uploads\/2023\/09\/idckohtao.com-padi-diving-center-in-koh-tao-thailand.png","contentUrl":"https:\/\/idckohtao.com\/wp-content\/uploads\/2023\/09\/idckohtao.com-padi-diving-center-in-koh-tao-thailand.png","width":400,"height":300,"caption":"IDC Koh Tao"},"image":{"@id":"https:\/\/idckohtao.com\/es\/#\/schema\/logo\/image\/"},"sameAs":["https:\/\/www.facebook.com\/GoProIDCKohTao","https:\/\/x.com\/GoProIDCKohTao","https:\/\/www.youtube.com\/idckohtao","https:\/\/www.instagram.com\/idc.kohtao\/"],"description":"IDC Koh Tao is a part of the Black Turtle Dive pro level training team with three PADI Course Directors being led by Award Winning PADI Course Director Matt Bolton. Our full range of pro and recreational PADI Diving Courses provides aspiring scuba divers with education, fun, excitement, adventure, and a change of lifestyle or an opportunity to pursue a new career.","email":"info@idckohtao.com","legalName":"IDC Koh Tao","foundingDate":"2004-01-04","numberOfEmployees":{"@type":"QuantitativeValue","minValue":"1","maxValue":"10"},"correctionsPolicy":"https:\/\/idckohtao.com\/privacy-policy\/","ethicsPolicy":"https:\/\/idckohtao.com\/terms\/"},{"@type":"Person","@id":"https:\/\/idckohtao.com\/es\/#\/schema\/person\/d08d557cbfdbc171f824052dae697b02","name":"ojasya","image":{"@type":"ImageObject","inLanguage":"es","@id":"https:\/\/secure.gravatar.com\/avatar\/6fb34e36d09053a6545fc21d344613321bb1933f185132488f38052166f5a001?s=96&d=mm&r=g","url":"https:\/\/secure.gravatar.com\/avatar\/6fb34e36d09053a6545fc21d344613321bb1933f185132488f38052166f5a001?s=96&d=mm&r=g","contentUrl":"https:\/\/secure.gravatar.com\/avatar\/6fb34e36d09053a6545fc21d344613321bb1933f185132488f38052166f5a001?s=96&d=mm&r=g","caption":"ojasya"},"sameAs":["https:\/\/idckohtao.com"],"url":"https:\/\/idckohtao.com\/es\/blog\/author\/ojasya\/"}]}},"_links":{"self":[{"href":"https:\/\/idckohtao.com\/es\/wp-json\/wp\/v2\/pages\/3202","targetHints":{"allow":["GET"]}}],"collection":[{"href":"https:\/\/idckohtao.com\/es\/wp-json\/wp\/v2\/pages"}],"about":[{"href":"https:\/\/idckohtao.com\/es\/wp-json\/wp\/v2\/types\/page"}],"author":[{"embeddable":true,"href":"https:\/\/idckohtao.com\/es\/wp-json\/wp\/v2\/users\/1"}],"replies":[{"embeddable":true,"href":"https:\/\/idckohtao.com\/es\/wp-json\/wp\/v2\/comments?post=3202"}],"version-history":[{"count":1,"href":"https:\/\/idckohtao.com\/es\/wp-json\/wp\/v2\/pages\/3202\/revisions"}],"predecessor-version":[{"id":7739,"href":"https:\/\/idckohtao.com\/es\/wp-json\/wp\/v2\/pages\/3202\/revisions\/7739"}],"up":[{"embeddable":true,"href":"https:\/\/idckohtao.com\/es\/wp-json\/wp\/v2\/pages\/7936"}],"wp:featuredmedia":[{"embeddable":true,"href":"https:\/\/idckohtao.com\/es\/wp-json\/wp\/v2\/media\/4669"}],"wp:attachment":[{"href":"https:\/\/idckohtao.com\/es\/wp-json\/wp\/v2\/media?parent=3202"}],"curies":[{"name":"wp","href":"https:\/\/api.w.org\/{rel}","templated":true}]}}