{"id":3209,"date":"2023-08-11T09:38:13","date_gmt":"2023-08-11T09:38:13","guid":{"rendered":"https:\/\/idckohtao.com\/dpv-instructor-specialty\/"},"modified":"2026-01-01T07:07:15","modified_gmt":"2026-01-01T07:07:15","slug":"dpv-instructor-specialty","status":"publish","type":"page","link":"https:\/\/idckohtao.com\/es\/pro-level-courses\/dpv-instructor-specialty\/","title":{"rendered":"DPV Instructor Specialty"},"content":{"rendered":"<div class=\"wpb-content-wrapper\"><p>[vc_row][vc_column][vc_column_text]<\/p>\n<h2>MSDT \u2022 Curso de Instructor de Veh\u00edculos de Propulsi\u00f3n de Buceo Koh Tao, Tailandia<\/h2>\n<p>Hay muchos buzos que no pueden cubrir todo el sitio de buceo debido al consumo de aire o solo quieren ver un sitio de buceo m\u00e1s grande y mantenerse dentro de sus l\u00edmites. Si este es usted, entonces se enamorar\u00e1 de los scooters submarinos.<\/p>\n<p>Al igual que en las pel\u00edculas como agente secreto subacu\u00e1tico, una vez que un buceador ha probado uno, \u00a1lo querr\u00e1n cada vez que buceen!<\/p>\n<p>Sin embargo, los veh\u00edculos de propulsi\u00f3n Diver o DPV le permitir\u00e1n ir m\u00e1s r\u00e1pido y cubrir m\u00e1s terreno en un sitio de buceo, ya que la DPV realiza la mayor parte del trabajo, el consumo de aire y el esfuerzo f\u00edsico es mucho menor.<\/p>\n<p>Como instructor especializado en veh\u00edculos de propulsi\u00f3n para buceadores PADI, le ense\u00f1ar\u00e1 a los estudiantes a bucear a cubrir una gran cantidad de territorio submarino en un corto espacio de tiempo y se divertir\u00e1 mucho mientras lo hace.<\/p>\n<p><img decoding=\"async\" class=\"alignnone wp-image-1011 size-large\" src=\"https:\/\/idckohtao.com\/wp-content\/uploads\/2023\/08\/idc-koh-tao-padi-msdt-internship-dpv-specialty-1024x768.jpg\" alt=\"idc-koh-tao-padi-msdt-internship-dpv-specialty\" width=\"1024\" height=\"768\" srcset=\"https:\/\/idckohtao.com\/wp-content\/uploads\/2023\/08\/idc-koh-tao-padi-msdt-internship-dpv-specialty-1024x768.jpg 1024w, https:\/\/idckohtao.com\/wp-content\/uploads\/2023\/08\/idc-koh-tao-padi-msdt-internship-dpv-specialty-300x225.jpg 300w, https:\/\/idckohtao.com\/wp-content\/uploads\/2023\/08\/idc-koh-tao-padi-msdt-internship-dpv-specialty-768x576.jpg 768w, https:\/\/idckohtao.com\/wp-content\/uploads\/2023\/08\/idc-koh-tao-padi-msdt-internship-dpv-specialty.jpg 1080w\" sizes=\"(max-width: 1024px) 100vw, 1024px\" \/><\/p>\n<h3>Veh\u00edculos de propulsi\u00f3n de buzo mientras bucean por Koh Tao.<\/h3>\n<p>La diversa topograf\u00eda submarina que rodea los sitios de buceo de Koh Tao es perfecta para DPV y buceadores. Sus estudiantes buceadores podr\u00e1n deslizarse sobre una gran cantidad de arrecifes, navegar alrededor de grandes pin\u00e1culos de roca en sitios de buceo como Chumphon, South West o zumbar el HTMS Sattakut en un buceo de exploraci\u00f3n de naufragio.<\/p>\n<p>Como Instructor especializado en veh\u00edculos de propulsi\u00f3n para buceadores PADI, ense\u00f1ar\u00e1 a los buceadores a los estudiantes c\u00f3mo desarrollar eficazmente las habilidades relacionadas con el buceo con un DPV dentro de los l\u00edmites recreativos, mientras evita perturbar la vida marina sensible local.<\/p>\n<h3>\u00bfQui\u00e9n puede inscribirse en el curso \u00bfCurso de instructor especializado en veh\u00edculos de propulsi\u00f3n para buceadores (DPV)?<\/h3>\n<p>Un renovado<a href=\"https:\/\/idckohtao.com\/es\/pro-level-courses\/padi-instructor-development-course\/\">\u00a0PADI Open Water Scuba Instructor (OWSI)<\/a><\/p>\n<p>Nota: Los candidatos de IDC \/ OWSI pueden participar en el curso de capacitaci\u00f3n para Instructores Especializados en Veh\u00edculos de Propulsi\u00f3n para Buceadores (DPV) PADI, pero solo pueden solicitar la certificaci\u00f3n de Instructores Especiales despu\u00e9s de aprobar un IE.<\/p>\n<p>Los Instructores Especializados en Veh\u00edculos de Propulsi\u00f3n al Buceador deben haber asistido a un curso de capacitaci\u00f3n realizado por un Director del Curso PADI y haber demostrado una prueba de experiencia antes de la certificaci\u00f3n. Este es un requisito de salida del curso.<\/p>\n<h3>\u00bfQue aprender\u00e1s?<\/h3>\n<p>Participar\u00e1s en las siguientes sesiones:<\/p>\n<ul>\n<li>Presente y sea evaluado en una presentaci\u00f3n prescriptiva de la revisi\u00f3n de conocimientos de la Especialidad en Veh\u00edculos de Propulsi\u00f3n al Diver<\/li>\n<li>PADI Diver Propulsion Vehicle Specialty, los procedimientos y el plan de estudios.<\/li>\n<li>C\u00f3mo organizar y llevar a cabo el curso de especialidad de veh\u00edculos de propulsi\u00f3n para buceadores PADI<\/li>\n<li>Sesiones de entrenamiento en aguas abiertas: en las que aprender\u00e1 a demostrar, ejecutar y evaluar las habilidades a nivel de los estudiantes en el curso de especialidad de veh\u00edculos de propulsi\u00f3n PADI Diver<\/li>\n<\/ul>\n<p>Completar\u00e1 la inmersi\u00f3n de entrenamiento en aguas abiertas en uno de los varios sitios de buceo locales adecuados para esta capacitaci\u00f3n.<\/p>\n<p>Como Instructor especializado en veh\u00edculos de propulsi\u00f3n para buceadores PADI, est\u00e1 certificado para impartir de forma independiente el Curso de <span style=\"text-decoration: underline;\"><strong>especializaci\u00f3n en veh\u00edculos de propulsi\u00f3n para buceadores (DPV) PADI<\/strong><\/span>.<\/p>\n<p><img decoding=\"async\" class=\"alignnone wp-image-1012 size-large\" src=\"https:\/\/idckohtao.com\/wp-content\/uploads\/2023\/08\/idc-koh-tao-thailand-padi-dpv-specialties-msdt-1024x768.jpg\" alt=\"idc-koh-tao-thailand-padi-dpv-specialties-msdt\" width=\"1024\" height=\"768\" srcset=\"https:\/\/idckohtao.com\/wp-content\/uploads\/2023\/08\/idc-koh-tao-thailand-padi-dpv-specialties-msdt-1024x768.jpg 1024w, https:\/\/idckohtao.com\/wp-content\/uploads\/2023\/08\/idc-koh-tao-thailand-padi-dpv-specialties-msdt-300x225.jpg 300w, https:\/\/idckohtao.com\/wp-content\/uploads\/2023\/08\/idc-koh-tao-thailand-padi-dpv-specialties-msdt-768x576.jpg 768w, https:\/\/idckohtao.com\/wp-content\/uploads\/2023\/08\/idc-koh-tao-thailand-padi-dpv-specialties-msdt.jpg 1080w\" sizes=\"(max-width: 1024px) 100vw, 1024px\" \/>[\/vc_column_text][vc_column_text css=\u00bb\u00bb]<\/p>\n<h3>Materiales PADI:<\/h3>\n<p><i>Por favor traiga su Manual PADI Specialty Course Instructor. Que Recibi\u00f3 como parte del paquete IDC Crew Pack durante su IDC.<\/i><\/p>\n<p>Adem\u00e1s, tambi\u00e9n necesitar\u00e1 una copia del Manual del instructor de PADI. A partir de 2010, el manual del instructor est\u00e1 disponible como descarga gratuita para todos los miembros de PADI que se renueven de\u00a0<a href=\"https:\/\/www.padi.com\/mypadi\/\" target=\"_blank\" rel=\"noopener\">www.padi.com\/mypadi<\/a><\/p>\n<h3>TAXAS PADI<\/h3>\n<p>PADI Diver Propulsion Vehicle Specialty Instructor Curso de solicitud:\u00a0<b>AUD$ 145<\/b>[\/vc_column_text]<div class=\"text-left\"><div class=\"bt-course-price\"><h4>Precio del curso: 4,000 THB<\/h4><a href=\"https:\/\/idckohtao.com\/es\/packages-prices\" class=\"button\">RESERVALO AHORA<\/a><\/div><\/div>[\/vc_column][\/vc_row]<\/p>\n<\/div>","protected":false},"excerpt":{"rendered":"<p>[vc_row][vc_column][vc_column_text] MSDT \u2022 Curso de Instructor de Veh\u00edculos de Propulsi\u00f3n de Buceo Koh Tao, Tailandia Hay muchos buzos que no pueden cubrir todo el sitio de buceo debido al consumo de aire o solo quieren ver un sitio de buceo m\u00e1s grande y mantenerse dentro de sus l\u00edmites. Si este es usted, entonces se enamorar\u00e1 [&hellip;]<\/p>\n","protected":false},"author":1,"featured_media":5255,"parent":7936,"menu_order":0,"comment_status":"closed","ping_status":"closed","template":"","meta":{"_acf_changed":false,"footnotes":""},"class_list":["post-3209","page","type-page","status-publish","has-post-thumbnail","hentry"],"acf":[],"yoast_head":"<!-- This site is optimized with the Yoast SEO Premium plugin v27.5 (Yoast SEO v27.5) - https:\/\/yoast.com\/product\/yoast-seo-premium-wordpress\/ -->\n<title>IDC Koh Tao | Buceador Espezializado PADI Con Vehiculos de Propulsion<\/title>\n<meta name=\"description\" content=\"El curso de instructor especializado en veh\u00edculos de propulsi\u00f3n de buceo PADI en Koh Tao le certifica para que ense\u00f1e las habilidades relacionadas con el buceo con un DPV dentro de los l\u00edmites recreativos\" \/>\n<meta name=\"robots\" content=\"index, follow, max-snippet:-1, max-image-preview:large, max-video-preview:-1\" \/>\n<link rel=\"canonical\" href=\"https:\/\/idckohtao.com\/es\/pro-level-courses\/dpv-instructor-specialty\/\" \/>\n<meta property=\"og:locale\" content=\"es_ES\" \/>\n<meta property=\"og:type\" content=\"article\" \/>\n<meta property=\"og:title\" content=\"IDC Koh Tao | Buceador Espezializado PADI Con Vehiculos de Propulsion\" \/>\n<meta property=\"og:description\" content=\"El curso de instructor especializado en veh\u00edculos de propulsi\u00f3n de buceo PADI en Koh Tao le certifica para que ense\u00f1e las habilidades relacionadas con el buceo con un DPV dentro de los l\u00edmites recreativos\" \/>\n<meta property=\"og:url\" content=\"https:\/\/idckohtao.com\/es\/pro-level-courses\/dpv-instructor-specialty\/\" \/>\n<meta property=\"og:site_name\" content=\"IDC Koh Tao\" \/>\n<meta property=\"article:publisher\" content=\"https:\/\/www.facebook.com\/GoProIDCKohTao\" \/>\n<meta property=\"article:modified_time\" content=\"2026-01-01T07:07:15+00:00\" \/>\n<meta property=\"og:image\" content=\"https:\/\/idckohtao.com\/wp-content\/uploads\/2023\/09\/idckohtao.com-dpv-diver-specialty-koh-tao-in-thailand.jpeg\" \/>\n\t<meta property=\"og:image:width\" content=\"1100\" \/>\n\t<meta property=\"og:image:height\" content=\"749\" \/>\n\t<meta property=\"og:image:type\" content=\"image\/jpeg\" \/>\n<meta name=\"twitter:card\" content=\"summary_large_image\" \/>\n<meta name=\"twitter:title\" content=\"IDC Koh Tao | Buceador Espezializado PADI Con Vehiculos de Propulsion\" \/>\n<meta name=\"twitter:description\" content=\"El curso de instructor especializado en veh\u00edculos de propulsi\u00f3n de buceo PADI en Koh Tao le certifica para que ense\u00f1e las habilidades relacionadas con el buceo con un DPV dentro de los l\u00edmites recreativos\" \/>\n<meta name=\"twitter:site\" content=\"@GoProIDCKohTao\" \/>\n<!-- \/ Yoast SEO Premium plugin. -->","yoast_head_json":{"title":"IDC Koh Tao | Buceador Espezializado PADI Con Vehiculos de Propulsion","description":"El curso de instructor especializado en veh\u00edculos de propulsi\u00f3n de buceo PADI en Koh Tao le certifica para que ense\u00f1e las habilidades relacionadas con el buceo con un DPV dentro de los l\u00edmites recreativos","robots":{"index":"index","follow":"follow","max-snippet":"max-snippet:-1","max-image-preview":"max-image-preview:large","max-video-preview":"max-video-preview:-1"},"canonical":"https:\/\/idckohtao.com\/es\/pro-level-courses\/dpv-instructor-specialty\/","og_locale":"es_ES","og_type":"article","og_title":"IDC Koh Tao | Buceador Espezializado PADI Con Vehiculos de Propulsion","og_description":"El curso de instructor especializado en veh\u00edculos de propulsi\u00f3n de buceo PADI en Koh Tao le certifica para que ense\u00f1e las habilidades relacionadas con el buceo con un DPV dentro de los l\u00edmites recreativos","og_url":"https:\/\/idckohtao.com\/es\/pro-level-courses\/dpv-instructor-specialty\/","og_site_name":"IDC Koh Tao","article_publisher":"https:\/\/www.facebook.com\/GoProIDCKohTao","article_modified_time":"2026-01-01T07:07:15+00:00","og_image":[{"width":1100,"height":749,"url":"https:\/\/idckohtao.com\/wp-content\/uploads\/2023\/09\/idckohtao.com-dpv-diver-specialty-koh-tao-in-thailand.jpeg","type":"image\/jpeg"}],"twitter_card":"summary_large_image","twitter_title":"IDC Koh Tao | Buceador Espezializado PADI Con Vehiculos de Propulsion","twitter_description":"El curso de instructor especializado en veh\u00edculos de propulsi\u00f3n de buceo PADI en Koh Tao le certifica para que ense\u00f1e las habilidades relacionadas con el buceo con un DPV dentro de los l\u00edmites recreativos","twitter_site":"@GoProIDCKohTao","schema":{"@context":"https:\/\/schema.org","@graph":[{"@type":"NewsArticle","@id":"https:\/\/idckohtao.com\/es\/pro-level-courses\/dpv-instructor-specialty\/#article","isPartOf":{"@id":"https:\/\/idckohtao.com\/es\/pro-level-courses\/dpv-instructor-specialty\/"},"author":{"name":"ojasya","@id":"https:\/\/idckohtao.com\/es\/#\/schema\/person\/d08d557cbfdbc171f824052dae697b02"},"headline":"DPV Instructor Specialty","datePublished":"2023-08-11T09:38:13+00:00","dateModified":"2026-01-01T07:07:15+00:00","mainEntityOfPage":{"@id":"https:\/\/idckohtao.com\/es\/pro-level-courses\/dpv-instructor-specialty\/"},"wordCount":682,"publisher":{"@id":"https:\/\/idckohtao.com\/es\/#organization"},"image":{"@id":"https:\/\/idckohtao.com\/es\/pro-level-courses\/dpv-instructor-specialty\/#primaryimage"},"thumbnailUrl":"https:\/\/idckohtao.com\/wp-content\/uploads\/2023\/09\/idckohtao.com-dpv-diver-specialty-koh-tao-in-thailand.jpeg","inLanguage":"es"},{"@type":"WebPage","@id":"https:\/\/idckohtao.com\/es\/pro-level-courses\/dpv-instructor-specialty\/","url":"https:\/\/idckohtao.com\/es\/pro-level-courses\/dpv-instructor-specialty\/","name":"IDC Koh Tao | Buceador Espezializado PADI Con Vehiculos de Propulsion","isPartOf":{"@id":"https:\/\/idckohtao.com\/es\/#website"},"primaryImageOfPage":{"@id":"https:\/\/idckohtao.com\/es\/pro-level-courses\/dpv-instructor-specialty\/#primaryimage"},"image":{"@id":"https:\/\/idckohtao.com\/es\/pro-level-courses\/dpv-instructor-specialty\/#primaryimage"},"thumbnailUrl":"https:\/\/idckohtao.com\/wp-content\/uploads\/2023\/09\/idckohtao.com-dpv-diver-specialty-koh-tao-in-thailand.jpeg","datePublished":"2023-08-11T09:38:13+00:00","dateModified":"2026-01-01T07:07:15+00:00","description":"El curso de instructor especializado en veh\u00edculos de propulsi\u00f3n de buceo PADI en Koh Tao le certifica para que ense\u00f1e las habilidades relacionadas con el buceo con un DPV dentro de los l\u00edmites recreativos","breadcrumb":{"@id":"https:\/\/idckohtao.com\/es\/pro-level-courses\/dpv-instructor-specialty\/#breadcrumb"},"inLanguage":"es","potentialAction":[{"@type":"ReadAction","target":["https:\/\/idckohtao.com\/es\/pro-level-courses\/dpv-instructor-specialty\/"]}]},{"@type":"ImageObject","inLanguage":"es","@id":"https:\/\/idckohtao.com\/es\/pro-level-courses\/dpv-instructor-specialty\/#primaryimage","url":"https:\/\/idckohtao.com\/wp-content\/uploads\/2023\/09\/idckohtao.com-dpv-diver-specialty-koh-tao-in-thailand.jpeg","contentUrl":"https:\/\/idckohtao.com\/wp-content\/uploads\/2023\/09\/idckohtao.com-dpv-diver-specialty-koh-tao-in-thailand.jpeg","width":1100,"height":749,"caption":"OLYMPUS DIGITAL CAMERA"},{"@type":"BreadcrumbList","@id":"https:\/\/idckohtao.com\/es\/pro-level-courses\/dpv-instructor-specialty\/#breadcrumb","itemListElement":[{"@type":"ListItem","position":1,"name":"Home","item":"https:\/\/idckohtao.com\/es\/"},{"@type":"ListItem","position":2,"name":"Pro level","item":"https:\/\/idckohtao.com\/es\/pro-level-courses\/"},{"@type":"ListItem","position":3,"name":"DPV Instructor Specialty"}]},{"@type":"WebSite","@id":"https:\/\/idckohtao.com\/es\/#website","url":"https:\/\/idckohtao.com\/es\/","name":"IDC Koh Tao","description":"PADI IDC 5 Star Diving Center in Koh Tao - Thailand","publisher":{"@id":"https:\/\/idckohtao.com\/es\/#organization"},"alternateName":"IDC Koh Tao in Thailand","potentialAction":[{"@type":"SearchAction","target":{"@type":"EntryPoint","urlTemplate":"https:\/\/idckohtao.com\/es\/?s={search_term_string}"},"query-input":{"@type":"PropertyValueSpecification","valueRequired":true,"valueName":"search_term_string"}}],"inLanguage":"es"},{"@type":"Organization","@id":"https:\/\/idckohtao.com\/es\/#organization","name":"IDC Koh Tao","alternateName":"IDC Koh Tao | Divemaster & Diving Instructor","url":"https:\/\/idckohtao.com\/es\/","logo":{"@type":"ImageObject","inLanguage":"es","@id":"https:\/\/idckohtao.com\/es\/#\/schema\/logo\/image\/","url":"https:\/\/idckohtao.com\/wp-content\/uploads\/2023\/09\/idckohtao.com-padi-diving-center-in-koh-tao-thailand.png","contentUrl":"https:\/\/idckohtao.com\/wp-content\/uploads\/2023\/09\/idckohtao.com-padi-diving-center-in-koh-tao-thailand.png","width":400,"height":300,"caption":"IDC Koh Tao"},"image":{"@id":"https:\/\/idckohtao.com\/es\/#\/schema\/logo\/image\/"},"sameAs":["https:\/\/www.facebook.com\/GoProIDCKohTao","https:\/\/x.com\/GoProIDCKohTao","https:\/\/www.youtube.com\/idckohtao","https:\/\/www.instagram.com\/idc.kohtao\/"],"description":"IDC Koh Tao is a part of the Black Turtle Dive pro level training team with three PADI Course Directors being led by Award Winning PADI Course Director Matt Bolton. Our full range of pro and recreational PADI Diving Courses provides aspiring scuba divers with education, fun, excitement, adventure, and a change of lifestyle or an opportunity to pursue a new career.","email":"info@idckohtao.com","legalName":"IDC Koh Tao","foundingDate":"2004-01-04","numberOfEmployees":{"@type":"QuantitativeValue","minValue":"1","maxValue":"10"},"correctionsPolicy":"https:\/\/idckohtao.com\/privacy-policy\/","ethicsPolicy":"https:\/\/idckohtao.com\/terms\/"},{"@type":"Person","@id":"https:\/\/idckohtao.com\/es\/#\/schema\/person\/d08d557cbfdbc171f824052dae697b02","name":"ojasya","image":{"@type":"ImageObject","inLanguage":"es","@id":"https:\/\/secure.gravatar.com\/avatar\/6fb34e36d09053a6545fc21d344613321bb1933f185132488f38052166f5a001?s=96&d=mm&r=g","url":"https:\/\/secure.gravatar.com\/avatar\/6fb34e36d09053a6545fc21d344613321bb1933f185132488f38052166f5a001?s=96&d=mm&r=g","contentUrl":"https:\/\/secure.gravatar.com\/avatar\/6fb34e36d09053a6545fc21d344613321bb1933f185132488f38052166f5a001?s=96&d=mm&r=g","caption":"ojasya"},"sameAs":["https:\/\/idckohtao.com"],"url":"https:\/\/idckohtao.com\/es\/blog\/author\/ojasya\/"}]}},"_links":{"self":[{"href":"https:\/\/idckohtao.com\/es\/wp-json\/wp\/v2\/pages\/3209","targetHints":{"allow":["GET"]}}],"collection":[{"href":"https:\/\/idckohtao.com\/es\/wp-json\/wp\/v2\/pages"}],"about":[{"href":"https:\/\/idckohtao.com\/es\/wp-json\/wp\/v2\/types\/page"}],"author":[{"embeddable":true,"href":"https:\/\/idckohtao.com\/es\/wp-json\/wp\/v2\/users\/1"}],"replies":[{"embeddable":true,"href":"https:\/\/idckohtao.com\/es\/wp-json\/wp\/v2\/comments?post=3209"}],"version-history":[{"count":1,"href":"https:\/\/idckohtao.com\/es\/wp-json\/wp\/v2\/pages\/3209\/revisions"}],"predecessor-version":[{"id":7010,"href":"https:\/\/idckohtao.com\/es\/wp-json\/wp\/v2\/pages\/3209\/revisions\/7010"}],"up":[{"embeddable":true,"href":"https:\/\/idckohtao.com\/es\/wp-json\/wp\/v2\/pages\/7936"}],"wp:featuredmedia":[{"embeddable":true,"href":"https:\/\/idckohtao.com\/es\/wp-json\/wp\/v2\/media\/5255"}],"wp:attachment":[{"href":"https:\/\/idckohtao.com\/es\/wp-json\/wp\/v2\/media?parent=3209"}],"curies":[{"name":"wp","href":"https:\/\/api.w.org\/{rel}","templated":true}]}}