{"id":3213,"date":"2023-08-05T15:07:52","date_gmt":"2023-08-05T15:07:52","guid":{"rendered":"https:\/\/idckohtao.com\/emergency-first-response-course\/"},"modified":"2026-04-22T07:34:51","modified_gmt":"2026-04-22T07:34:51","slug":"emergency-first-response-course","status":"publish","type":"page","link":"https:\/\/idckohtao.com\/es\/emergency-first-response-course\/","title":{"rendered":"Curso De Primeros Auxilios"},"content":{"rendered":"<div class=\"wpb-content-wrapper\"><p>[vc_row][vc_column][vc_column_text]<\/p>\n<h2>Completa un curso de primeros auxilios y RCP de EFR en Koh Tao<\/h2>\n<p>Creando la confianza para cuidar Ya sea en su lugar de trabajo y en su hogar o incluso cuando est\u00e1 socializando, nunca se sabe cu\u00e1ndo alguien puede necesitar su ayuda. Sin embargo, si es necesario, \u00bfestar\u00e1 listo?<\/p>\n<p>Sign up to complete an EFR First Aid &amp; CPR course and be prepared to help others in a time of medical emergency.<\/p>\n<p>El curso crear\u00e1 la confianza y las habilidades que necesitar\u00e1 para marcar la diferencia en un momento de necesidad.<\/p>\n<p><img decoding=\"async\" class=\"alignnone wp-image-215 size-large\" src=\"https:\/\/idckohtao.com\/wp-content\/uploads\/2023\/08\/crystal-dive-koh-tao-efr-instructor-training-annie-1024x768.jpg\" alt=\"crystal-dive-koh-tao-efr-instructor-training-annie\" width=\"1024\" height=\"768\" srcset=\"https:\/\/idckohtao.com\/wp-content\/uploads\/2023\/08\/crystal-dive-koh-tao-efr-instructor-training-annie-1024x768.jpg 1024w, https:\/\/idckohtao.com\/wp-content\/uploads\/2023\/08\/crystal-dive-koh-tao-efr-instructor-training-annie-300x225.jpg 300w, https:\/\/idckohtao.com\/wp-content\/uploads\/2023\/08\/crystal-dive-koh-tao-efr-instructor-training-annie-768x576.jpg 768w, https:\/\/idckohtao.com\/wp-content\/uploads\/2023\/08\/crystal-dive-koh-tao-efr-instructor-training-annie.jpg 1080w\" sizes=\"(max-width: 1024px) 100vw, 1024px\" \/><\/p>\n<h3>Lo que puede esperar en el curso de EFR primeros auxilios y RCP<\/h3>\n<ul>\n<li>Aprenda a identificar una emergencia m\u00e9dica y activar EMS (Servicio Medico de Emergencia)<\/li>\n<li>Reconocer los signos y s\u00edntomas de un derrame cerebral, ataque card\u00edaco y paro card\u00edaco.<\/li>\n<li>Comprender c\u00f3mo realizar una evaluaci\u00f3n primaria en un paciente utilizando el sistema AB-CABS<\/li>\n<li>Aprenda las t\u00e9cnicas correctas y tenga la oportunidad de practicar la RCP en adultos, y c\u00f3mo tratar y controlar el sangrado, el shock, la asfixia y el tratamiento de una lesi\u00f3n en la columna vertebral<\/li>\n<li>Aprender y realizar evaluaciones de lesiones y enfermedades, vendajes, lesiones por entablillado y t\u00e9cnicas de inmovilizaci\u00f3n<\/li>\n<\/ul>\n<p>El curso EFR CPR \/ First Aid sigue consideraciones, directrices y protocolos ILCOR aprobados internacionalmente y est\u00e1 abierto tanto para\u00a0<a href=\"https:\/\/idckohtao.com\/es\/fun-diving-koh-tao\/\">buceadores<\/a>\u00a0como para no buceadores.<\/p>\n<h3>Desarrollo de conocimientos de EFR primeros auxilios y RCP<\/h3>\n<p>Ver\u00e1 un video y trabajar\u00e1 a trav\u00e9s del manual del participante EFR que incluye una secci\u00f3n de estudio independiente y un libro de ejercicios.<\/p>\n<p>Al final del curso, deber\u00e1 completar y aprobar un examen final.<\/p>\n<p>El curso de EFR Primeros Auxilios y RCP se le ense\u00f1ar\u00e1 las t\u00e9cnicas correctas para manejar emergencias que amenazan la vida, y aprender+a c\u00f3mo priorizar los procedimientos de emergencia y monitorear el ciclo de atenci\u00f3n de los pacientes.[\/vc_column_text]<div class=\"text-left\"><h3 class=\"section-title\">Desarrollo de habilidades de primeros auxilios y RCP de EFR<\/h3><div class=\"bt-course-price\"><h4>Precio del Curso: 5,000 THB<\/h4><a href=\"https:\/\/idckohtao.com\/es\/contact\" class=\"button\">RESERVALO AHORA<\/a><\/div><\/div>[vc_column_text]El curso EFR consta de 9 habilidades de atenci\u00f3n primaria y 4 habilidades de atenci\u00f3n secundaria o primeros auxilios.El curso tambi\u00e9n incluye la\u00a0<a href=\"https:\/\/idckohtao.com\/es\/pro-level-courses\/padi-emergency-o2-provider-specialty-instructor-course\/\">administraci\u00f3n de ox\u00edgeno<\/a>\u00a0y el uso de DEA.<\/p>\n<p>Despu\u00e9s de ver las habilidades en el video, su\u00a0<a href=\"https:\/\/idckohtao.com\/es\/pro-level-courses\/padi-instructor-development-course\/\">instructor EFR<\/a>\u00a0demostrar\u00e1 cada una de las habilidades antes de pedirle que practique.<\/p>\n<p>Las habilidades se presentan en pasos simples, lo que significa que encontrar\u00e1 cada habilidad f\u00e1cil de recordar y usar en caso de que se encuentre con alguien que lo necesite.<\/p>\n<p>Las habilidades primarias y secundarias que aprender\u00e1 incluyen:<\/p>\n<ul>\n<li>Evaluaci\u00f3n de la escena de atenci\u00f3n primaria y situaciones peligrosas.<\/li>\n<li>Uso de barreras y protecci\u00f3n contra enfermedades transmisibles (pat\u00f3genos transmitidos por la sangre)<\/li>\n<li>Evaluaci\u00f3n primaria, posici\u00f3n de recuperaci\u00f3n y manejo de la v\u00eda a\u00e9rea.<\/li>\n<li>RCP en adultos: solo compresiones tor\u00e1cicas<\/li>\n<li>RCP en adultos: compresiones tor\u00e1cicas con respiraciones de rescate.<\/li>\n<li>Manejo grave del sangrado.<\/li>\n<li>Manejo de Shock<\/li>\n<li>Manejo de lesiones de columna<\/li>\n<li>T\u00e9cnicas de manoejo de asfixia en adultos conscientes e inconscientes.<\/li>\n<li>Evaluaci\u00f3n de enfermedades y lesiones de atenci\u00f3n secundaria.<\/li>\n<li>Vendajes y f\u00e9rulas, luxaciones y fracturas.<\/li>\n<\/ul>\n<p>Las habilidades opcionales que le mostraremos incluyen la administraci\u00f3n de ox\u00edgeno y el uso de DEA.<\/p>\n<p>Al\u00a0<a href=\"https:\/\/idckohtao.com\/es\/\">completar con \u00e9xito<\/a>\u00a0todos los requisitos de rendimiento y el examen final, se certificar\u00e1 en primeros auxilios y RCP durante 24 meses.<\/p>\n<h3>El curso incluye:<\/h3>\n<ul>\n<li>Manual del participante EFR y certificaci\u00f3n EFR<\/li>\n<li>Instructor EFR<\/li>\n<\/ul>\n<p><strong>OBTENGA EL ENTRENAMIENTO EN PRIMEROS AUXILIOS AQU\u00cd.<\/strong><\/p>\n<p><img decoding=\"async\" class=\"alignnone wp-image-216 size-large\" src=\"https:\/\/idckohtao.com\/wp-content\/uploads\/2023\/08\/idckohtao.com-padi-instructor-development-course-and-scuba-diving-internship-on-kohtao-instructor-efr-course-1024x683.jpg\" alt=\"idckohtao.com-padi-instructor-development-course-and-scuba-diving-internship-on-kohtao-instructor-efr-course\" width=\"1024\" height=\"683\" srcset=\"https:\/\/idckohtao.com\/wp-content\/uploads\/2023\/08\/idckohtao.com-padi-instructor-development-course-and-scuba-diving-internship-on-kohtao-instructor-efr-course-1024x683.jpg 1024w, https:\/\/idckohtao.com\/wp-content\/uploads\/2023\/08\/idckohtao.com-padi-instructor-development-course-and-scuba-diving-internship-on-kohtao-instructor-efr-course-300x200.jpg 300w, https:\/\/idckohtao.com\/wp-content\/uploads\/2023\/08\/idckohtao.com-padi-instructor-development-course-and-scuba-diving-internship-on-kohtao-instructor-efr-course-768x512.jpg 768w, https:\/\/idckohtao.com\/wp-content\/uploads\/2023\/08\/idckohtao.com-padi-instructor-development-course-and-scuba-diving-internship-on-kohtao-instructor-efr-course.jpg 1080w\" sizes=\"(max-width: 1024px) 100vw, 1024px\" \/>[\/vc_column_text][\/vc_column][\/vc_row]<\/p>\n<\/div>","protected":false},"excerpt":{"rendered":"<p>[vc_row][vc_column][vc_column_text] Completa un curso de primeros auxilios y RCP de EFR en Koh Tao Creando la confianza para cuidar Ya sea en su lugar de trabajo y en su hogar o incluso cuando est\u00e1 socializando, nunca se sabe cu\u00e1ndo alguien puede necesitar su ayuda. Sin embargo, si es necesario, \u00bfestar\u00e1 listo? Sign up to complete [&hellip;]<\/p>\n","protected":false},"author":1,"featured_media":4773,"parent":0,"menu_order":0,"comment_status":"closed","ping_status":"closed","template":"","meta":{"_acf_changed":false,"footnotes":""},"class_list":["post-3213","page","type-page","status-publish","has-post-thumbnail","hentry"],"acf":[],"yoast_head":"<!-- This site is optimized with the Yoast SEO Premium plugin v27.5 (Yoast SEO v27.5) - https:\/\/yoast.com\/product\/yoast-seo-premium-wordpress\/ -->\n<title>Primeros auxilios y RCP | IDC Koh Tao<\/title>\n<meta name=\"description\" content=\"Complete un curso de primeros auxilios y reanimaci\u2014n cardiopulmonar y prep\u2021rese para ayudar a otros en un momento de emergencia m\u017ddica y aprenda las habilidades que necesita para marcar la diferencia.\" \/>\n<meta name=\"robots\" content=\"index, follow, max-snippet:-1, max-image-preview:large, max-video-preview:-1\" \/>\n<link rel=\"canonical\" href=\"https:\/\/idckohtao.com\/es\/emergency-first-response-course\/\" \/>\n<meta property=\"og:locale\" content=\"es_ES\" \/>\n<meta property=\"og:type\" content=\"article\" \/>\n<meta property=\"og:title\" content=\"Primeros auxilios y RCP | IDC Koh Tao\" \/>\n<meta property=\"og:description\" content=\"Complete un curso de primeros auxilios y reanimaci\u2014n cardiopulmonar y prep\u2021rese para ayudar a otros en un momento de emergencia m\u017ddica y aprenda las habilidades que necesita para marcar la diferencia.\" \/>\n<meta property=\"og:url\" content=\"https:\/\/idckohtao.com\/es\/emergency-first-response-course\/\" \/>\n<meta property=\"og:site_name\" content=\"IDC Koh Tao\" \/>\n<meta property=\"article:publisher\" content=\"https:\/\/www.facebook.com\/GoProIDCKohTao\" \/>\n<meta property=\"article:modified_time\" content=\"2026-04-22T07:34:51+00:00\" \/>\n<meta property=\"og:image\" content=\"https:\/\/idckohtao.com\/wp-content\/uploads\/2023\/08\/crystal-dive-koh-tao-efr-training-mask.jpg\" \/>\n\t<meta property=\"og:image:width\" content=\"1080\" \/>\n\t<meta property=\"og:image:height\" content=\"720\" \/>\n\t<meta property=\"og:image:type\" content=\"image\/jpeg\" \/>\n<meta name=\"twitter:card\" content=\"summary_large_image\" \/>\n<meta name=\"twitter:title\" content=\"Primeros auxilios y RCP | IDC Koh Tao\" \/>\n<meta name=\"twitter:description\" content=\"Complete un curso de primeros auxilios y reanimaci\u2014n cardiopulmonar y prep\u2021rese para ayudar a otros en un momento de emergencia m\u017ddica y aprenda las habilidades que necesita para marcar la diferencia.\" \/>\n<meta name=\"twitter:image\" content=\"https:\/\/idckohtao.com\/wp-content\/uploads\/2023\/08\/crystal-dive-koh-tao-efr-training-mask.jpg\" \/>\n<meta name=\"twitter:site\" content=\"@GoProIDCKohTao\" \/>\n<!-- \/ Yoast SEO Premium plugin. -->","yoast_head_json":{"title":"Primeros auxilios y RCP | IDC Koh Tao","description":"Complete un curso de primeros auxilios y reanimaci\u2014n cardiopulmonar y prep\u2021rese para ayudar a otros en un momento de emergencia m\u017ddica y aprenda las habilidades que necesita para marcar la diferencia.","robots":{"index":"index","follow":"follow","max-snippet":"max-snippet:-1","max-image-preview":"max-image-preview:large","max-video-preview":"max-video-preview:-1"},"canonical":"https:\/\/idckohtao.com\/es\/emergency-first-response-course\/","og_locale":"es_ES","og_type":"article","og_title":"Primeros auxilios y RCP | IDC Koh Tao","og_description":"Complete un curso de primeros auxilios y reanimaci\u2014n cardiopulmonar y prep\u2021rese para ayudar a otros en un momento de emergencia m\u017ddica y aprenda las habilidades que necesita para marcar la diferencia.","og_url":"https:\/\/idckohtao.com\/es\/emergency-first-response-course\/","og_site_name":"IDC Koh Tao","article_publisher":"https:\/\/www.facebook.com\/GoProIDCKohTao","article_modified_time":"2026-04-22T07:34:51+00:00","og_image":[{"width":1080,"height":720,"url":"https:\/\/idckohtao.com\/wp-content\/uploads\/2023\/08\/crystal-dive-koh-tao-efr-training-mask.jpg","type":"image\/jpeg"}],"twitter_card":"summary_large_image","twitter_title":"Primeros auxilios y RCP | IDC Koh Tao","twitter_description":"Complete un curso de primeros auxilios y reanimaci\u2014n cardiopulmonar y prep\u2021rese para ayudar a otros en un momento de emergencia m\u017ddica y aprenda las habilidades que necesita para marcar la diferencia.","twitter_image":"https:\/\/idckohtao.com\/wp-content\/uploads\/2023\/08\/crystal-dive-koh-tao-efr-training-mask.jpg","twitter_site":"@GoProIDCKohTao","schema":{"@context":"https:\/\/schema.org","@graph":[{"@type":"NewsArticle","@id":"https:\/\/idckohtao.com\/es\/emergency-first-response-course\/#article","isPartOf":{"@id":"https:\/\/idckohtao.com\/es\/emergency-first-response-course\/"},"author":{"name":"ojasya","@id":"https:\/\/idckohtao.com\/es\/#\/schema\/person\/d08d557cbfdbc171f824052dae697b02"},"headline":"Curso De Primeros Auxilios","datePublished":"2023-08-05T15:07:52+00:00","dateModified":"2026-04-22T07:34:51+00:00","mainEntityOfPage":{"@id":"https:\/\/idckohtao.com\/es\/emergency-first-response-course\/"},"wordCount":623,"publisher":{"@id":"https:\/\/idckohtao.com\/es\/#organization"},"image":{"@id":"https:\/\/idckohtao.com\/es\/emergency-first-response-course\/#primaryimage"},"thumbnailUrl":"https:\/\/idckohtao.com\/wp-content\/uploads\/2023\/09\/idckohtao.com-emergency-first-response-dive-instructor-course-in-thailand.jpeg","inLanguage":"es"},{"@type":"WebPage","@id":"https:\/\/idckohtao.com\/es\/emergency-first-response-course\/","url":"https:\/\/idckohtao.com\/es\/emergency-first-response-course\/","name":"Primeros auxilios y RCP | IDC Koh Tao","isPartOf":{"@id":"https:\/\/idckohtao.com\/es\/#website"},"primaryImageOfPage":{"@id":"https:\/\/idckohtao.com\/es\/emergency-first-response-course\/#primaryimage"},"image":{"@id":"https:\/\/idckohtao.com\/es\/emergency-first-response-course\/#primaryimage"},"thumbnailUrl":"https:\/\/idckohtao.com\/wp-content\/uploads\/2023\/09\/idckohtao.com-emergency-first-response-dive-instructor-course-in-thailand.jpeg","datePublished":"2023-08-05T15:07:52+00:00","dateModified":"2026-04-22T07:34:51+00:00","description":"Complete un curso de primeros auxilios y reanimaci\u2014n cardiopulmonar y prep\u2021rese para ayudar a otros en un momento de emergencia m\u017ddica y aprenda las habilidades que necesita para marcar la diferencia.","breadcrumb":{"@id":"https:\/\/idckohtao.com\/es\/emergency-first-response-course\/#breadcrumb"},"inLanguage":"es","potentialAction":[{"@type":"ReadAction","target":["https:\/\/idckohtao.com\/es\/emergency-first-response-course\/"]}]},{"@type":"ImageObject","inLanguage":"es","@id":"https:\/\/idckohtao.com\/es\/emergency-first-response-course\/#primaryimage","url":"https:\/\/idckohtao.com\/wp-content\/uploads\/2023\/09\/idckohtao.com-emergency-first-response-dive-instructor-course-in-thailand.jpeg","contentUrl":"https:\/\/idckohtao.com\/wp-content\/uploads\/2023\/09\/idckohtao.com-emergency-first-response-dive-instructor-course-in-thailand.jpeg","width":1200,"height":900,"caption":"EFR First Aid & CPR course on Koh Tao"},{"@type":"BreadcrumbList","@id":"https:\/\/idckohtao.com\/es\/emergency-first-response-course\/#breadcrumb","itemListElement":[{"@type":"ListItem","position":1,"name":"Home","item":"https:\/\/idckohtao.com\/es\/"},{"@type":"ListItem","position":2,"name":"Curso De Primeros Auxilios"}]},{"@type":"WebSite","@id":"https:\/\/idckohtao.com\/es\/#website","url":"https:\/\/idckohtao.com\/es\/","name":"IDC Koh Tao","description":"PADI IDC 5 Star Diving Center in Koh Tao - Thailand","publisher":{"@id":"https:\/\/idckohtao.com\/es\/#organization"},"alternateName":"IDC Koh Tao in Thailand","potentialAction":[{"@type":"SearchAction","target":{"@type":"EntryPoint","urlTemplate":"https:\/\/idckohtao.com\/es\/?s={search_term_string}"},"query-input":{"@type":"PropertyValueSpecification","valueRequired":true,"valueName":"search_term_string"}}],"inLanguage":"es"},{"@type":"Organization","@id":"https:\/\/idckohtao.com\/es\/#organization","name":"IDC Koh Tao","alternateName":"IDC Koh Tao | Divemaster & Diving Instructor","url":"https:\/\/idckohtao.com\/es\/","logo":{"@type":"ImageObject","inLanguage":"es","@id":"https:\/\/idckohtao.com\/es\/#\/schema\/logo\/image\/","url":"https:\/\/idckohtao.com\/wp-content\/uploads\/2023\/09\/idckohtao.com-padi-diving-center-in-koh-tao-thailand.png","contentUrl":"https:\/\/idckohtao.com\/wp-content\/uploads\/2023\/09\/idckohtao.com-padi-diving-center-in-koh-tao-thailand.png","width":400,"height":300,"caption":"IDC Koh Tao"},"image":{"@id":"https:\/\/idckohtao.com\/es\/#\/schema\/logo\/image\/"},"sameAs":["https:\/\/www.facebook.com\/GoProIDCKohTao","https:\/\/x.com\/GoProIDCKohTao","https:\/\/www.youtube.com\/idckohtao","https:\/\/www.instagram.com\/idc.kohtao\/"],"description":"IDC Koh Tao is a part of the Black Turtle Dive pro level training team with three PADI Course Directors being led by Award Winning PADI Course Director Matt Bolton. Our full range of pro and recreational PADI Diving Courses provides aspiring scuba divers with education, fun, excitement, adventure, and a change of lifestyle or an opportunity to pursue a new career.","email":"info@idckohtao.com","legalName":"IDC Koh Tao","foundingDate":"2004-01-04","numberOfEmployees":{"@type":"QuantitativeValue","minValue":"1","maxValue":"10"},"correctionsPolicy":"https:\/\/idckohtao.com\/privacy-policy\/","ethicsPolicy":"https:\/\/idckohtao.com\/terms\/"},{"@type":"Person","@id":"https:\/\/idckohtao.com\/es\/#\/schema\/person\/d08d557cbfdbc171f824052dae697b02","name":"ojasya","image":{"@type":"ImageObject","inLanguage":"es","@id":"https:\/\/secure.gravatar.com\/avatar\/6fb34e36d09053a6545fc21d344613321bb1933f185132488f38052166f5a001?s=96&d=mm&r=g","url":"https:\/\/secure.gravatar.com\/avatar\/6fb34e36d09053a6545fc21d344613321bb1933f185132488f38052166f5a001?s=96&d=mm&r=g","contentUrl":"https:\/\/secure.gravatar.com\/avatar\/6fb34e36d09053a6545fc21d344613321bb1933f185132488f38052166f5a001?s=96&d=mm&r=g","caption":"ojasya"},"sameAs":["https:\/\/idckohtao.com"],"url":"https:\/\/idckohtao.com\/es\/blog\/author\/ojasya\/"}]}},"_links":{"self":[{"href":"https:\/\/idckohtao.com\/es\/wp-json\/wp\/v2\/pages\/3213","targetHints":{"allow":["GET"]}}],"collection":[{"href":"https:\/\/idckohtao.com\/es\/wp-json\/wp\/v2\/pages"}],"about":[{"href":"https:\/\/idckohtao.com\/es\/wp-json\/wp\/v2\/types\/page"}],"author":[{"embeddable":true,"href":"https:\/\/idckohtao.com\/es\/wp-json\/wp\/v2\/users\/1"}],"replies":[{"embeddable":true,"href":"https:\/\/idckohtao.com\/es\/wp-json\/wp\/v2\/comments?post=3213"}],"version-history":[{"count":1,"href":"https:\/\/idckohtao.com\/es\/wp-json\/wp\/v2\/pages\/3213\/revisions"}],"predecessor-version":[{"id":7751,"href":"https:\/\/idckohtao.com\/es\/wp-json\/wp\/v2\/pages\/3213\/revisions\/7751"}],"wp:featuredmedia":[{"embeddable":true,"href":"https:\/\/idckohtao.com\/es\/wp-json\/wp\/v2\/media\/4773"}],"wp:attachment":[{"href":"https:\/\/idckohtao.com\/es\/wp-json\/wp\/v2\/media?parent=3213"}],"curies":[{"name":"wp","href":"https:\/\/api.w.org\/{rel}","templated":true}]}}