{"id":3220,"date":"2023-08-11T08:20:52","date_gmt":"2023-08-11T08:20:52","guid":{"rendered":"https:\/\/idckohtao.com\/equipment-specialist-instructor-specialty\/"},"modified":"2026-01-01T07:48:30","modified_gmt":"2026-01-01T07:48:30","slug":"equipment-specialist-instructor-specialty","status":"publish","type":"page","link":"https:\/\/idckohtao.com\/es\/pro-level-courses\/equipment-specialist-instructor-specialty\/","title":{"rendered":"Equipment Specialist Instructor Specialty"},"content":{"rendered":"<div class=\"wpb-content-wrapper\"><p>[vc_row][vc_column][vc_column_text]<\/p>\n<h2>MSDT \u2022 Curso de Instructor PADI de especialidad en mantenimento de Equipo , Koh Tao, Thailand<\/h2>\n<p>Le sucede a todos los buceadores en los momentos m\u00e1s inoportunos, normalmente justo antes de una inmersi\u00f3n. La decepci\u00f3n por una junta torica \u201cO\u201d ring rota o faltante, la v\u00e1lvula de descarga BCD atascada abierta o una m\u00e1scara rota o correa de aleta.<\/p>\n<p>Hay muchas razones por las cuales es posible que desee llevar a cabo reparaciones menores o ajustes en el equipo de buceo, incluso si se trata de ayudar a los buceadores o estudiantes a sentirse m\u00e1s c\u00f3modos y de proteger la inversi\u00f3n realizada en costosos equipos de buceo..<\/p>\n<p>Como instructor de especialidad especializado en equipos PADI, ense\u00f1ar\u00e1 a los alumnos sobre la atenci\u00f3n de rutina, el mantenimiento y el almacenamiento adecuado de los equipos de buceo. Les mostrar\u00e1 c\u00f3mo superar problemas comunes de equipos y ofrecer configuraciones de equipos alternativos.<\/p>\n<p><img decoding=\"async\" class=\"alignnone wp-image-976 size-large\" src=\"https:\/\/idckohtao.com\/wp-content\/uploads\/2023\/08\/crystal-dive-koh-tao-idc-open-water-presentations-tanks-and-kit-1024x649.jpg\" alt=\"\" width=\"1024\" height=\"649\" srcset=\"https:\/\/idckohtao.com\/wp-content\/uploads\/2023\/08\/crystal-dive-koh-tao-idc-open-water-presentations-tanks-and-kit-1024x649.jpg 1024w, https:\/\/idckohtao.com\/wp-content\/uploads\/2023\/08\/crystal-dive-koh-tao-idc-open-water-presentations-tanks-and-kit-300x190.jpg 300w, https:\/\/idckohtao.com\/wp-content\/uploads\/2023\/08\/crystal-dive-koh-tao-idc-open-water-presentations-tanks-and-kit-768x487.jpg 768w, https:\/\/idckohtao.com\/wp-content\/uploads\/2023\/08\/crystal-dive-koh-tao-idc-open-water-presentations-tanks-and-kit.jpg 1080w\" sizes=\"(max-width: 1024px) 100vw, 1024px\" \/><\/p>\n<h3>Consideraciones para especialistas de equipos buceando alrededor de Koh Tao<\/h3>\n<p>Koh Tao es el lugar n\u00famero uno de certificaci\u00f3n y entrenamiento de submarinistas del mundo. Esto se suma a muchos estudiantes de buceo que usan mucho su equipo de buceo todos los d\u00edas.<\/p>\n<p>Como Instructor especializado en equipos de PADI que trabaja en un lugar concurrido como Koh Tao, es imprescindible comprender bien c\u00f3mo ayudar a los buceadores a superar problemas en la configuraci\u00f3n de los equipos y en su mantenimiento.<\/p>\n<p>Sin embargo, ser capaz de identificar correctamente y proporcionar soluciones a los problemas del equipo se aplica a todos los profesionales de buceo. En cualquier lugar, si usa equipo de buceo, es esencial que tenga una comprensi\u00f3n s\u00f3lida y segura y un conocimiento de c\u00f3mo funciona.<\/p>\n<p>Nunca m\u00e1s tendr\u00e1 que abortar una inmersi\u00f3n debido a un estallido, fugas de un inflador de baja presi\u00f3n, o un regulador de flujo continuo o una correa rota.<\/p>\n<h3>\u00bfUn PADI Open Water Scuba Instructor activo para la ense\u00f1anza (OWSI)<\/h3>\n<p>Un\u00a0<strong><a href=\"https:\/\/idckohtao.com\/es\/pro-level-courses\/padi-instructor-development-course\/\">PADI Open Water Scuba Instructor activo para la ense\u00f1anza (OWSI)<\/a><\/strong><\/p>\n<p>Nota: los candidatos de IDC \/ OWSI pueden participar en el curso de especializado de habilidades de PADI Equipment Specialist, pero solo pueden solicitar la certificaci\u00f3n de Specialty Instructor despues de de aprobar su IE.<\/p>\n<p>Los Especialistas en Equipos PADI deben haber asistido a un curso de desarrollo de habilidades conducido por un Director de Cursos PADI antes de la certificaci\u00f3n. Este es un requisito de salida del curso.<\/p>\n<p><img decoding=\"async\" class=\"alignnone wp-image-975 size-large\" src=\"https:\/\/idckohtao.com\/wp-content\/uploads\/2023\/08\/crystal-dive-idc-koh-tao-confined-water-kit-1024x687.jpg\" alt=\"crystal-dive-idc-koh-tao-confined-water-kit\" width=\"1024\" height=\"687\" srcset=\"https:\/\/idckohtao.com\/wp-content\/uploads\/2023\/08\/crystal-dive-idc-koh-tao-confined-water-kit-1024x687.jpg 1024w, https:\/\/idckohtao.com\/wp-content\/uploads\/2023\/08\/crystal-dive-idc-koh-tao-confined-water-kit-300x201.jpg 300w, https:\/\/idckohtao.com\/wp-content\/uploads\/2023\/08\/crystal-dive-idc-koh-tao-confined-water-kit-768x516.jpg 768w, https:\/\/idckohtao.com\/wp-content\/uploads\/2023\/08\/crystal-dive-idc-koh-tao-confined-water-kit.jpg 1080w\" sizes=\"(max-width: 1024px) 100vw, 1024px\" \/><\/p>\n<h3>Que aprenderas ?<\/h3>\n<p>Usted participar\u00e1 en las siguientes sesiones:<\/p>\n<ul>\n<li>Presentar y ser evaluado en un taller pr\u00e1ctico especializado de PADI Equipment Specialist<\/li>\n<li>PADI Equipment Specialist, Est\u00e1ndares especiales, procedimientos y el plan de estudios<\/li>\n<li>C\u00f3mo organizar y conducir el curso de especialidad de equipo, PADI Equipment Specialist<\/li>\n<\/ul>\n<p>Como Instructor Especialista en Equipos de PADI, est\u00e1 certificado para ense\u00f1ar de forma independiente el <span style=\"text-decoration: underline;\"><strong>Curso de Especialista en Equipos PADI<\/strong><\/span>.[\/vc_column_text]<div class=\"text-left\"><div class=\"bt-course-price\"><h4>Precio del curso: 4,000 THB<\/h4><a href=\"https:\/\/idckohtao.com\/es\/packages-prices\" class=\"button\">RESERVA AHORA<\/a><\/div><\/div>[vc_column_text css=\u00bb\u00bb]<\/p>\n<h3>Materiales PADI<\/h3>\n<p><i>Por favor traiga los siguientes materiales con su Manual del instructor PADI Specialty Course. Recibi\u00f3 estos como parte del paquete IDC Crew Pack durante su IDC.<\/i><\/p>\n<p>Adem\u00e1s, tambi\u00e9n necesitar\u00e1 una copia del Manual del instructor PADI. del 2010, el manual del Instructor est\u00e1 disponible como descarga gratuita para todos los miembros PADI que se renueven desde\u00a0<a href=\"https:\/\/www.padi.com\/mypadi\/\" target=\"_blank\" rel=\"noopener\">www.padi.com\/mypadi<\/a><\/p>\n<p><img decoding=\"async\" class=\"alignnone wp-image-974 size-full\" src=\"https:\/\/idckohtao.com\/wp-content\/uploads\/2023\/08\/crystaldive.com-equipment-specialty-divemaster.jpg\" alt=\"crystaldive.com-equipment-specialty-divemaster\" width=\"720\" height=\"540\" srcset=\"https:\/\/idckohtao.com\/wp-content\/uploads\/2023\/08\/crystaldive.com-equipment-specialty-divemaster.jpg 720w, https:\/\/idckohtao.com\/wp-content\/uploads\/2023\/08\/crystaldive.com-equipment-specialty-divemaster-300x225.jpg 300w\" sizes=\"(max-width: 720px) 100vw, 720px\" \/><\/p>\n<p><strong>PADI Fees \u00a0<\/strong><\/p>\n<p>Precio de solicitud del curso PADI Equipment Specialist Specialty Instructor:\u00a0<b>AUD$ 145<\/b>[\/vc_column_text][\/vc_column][\/vc_row]<\/p>\n<\/div>","protected":false},"excerpt":{"rendered":"<p>[vc_row][vc_column][vc_column_text] MSDT \u2022 Curso de Instructor PADI de especialidad en mantenimento de Equipo , Koh Tao, Thailand Le sucede a todos los buceadores en los momentos m\u00e1s inoportunos, normalmente justo antes de una inmersi\u00f3n. La decepci\u00f3n por una junta torica \u201cO\u201d ring rota o faltante, la v\u00e1lvula de descarga BCD atascada abierta o una m\u00e1scara [&hellip;]<\/p>\n","protected":false},"author":1,"featured_media":3115,"parent":7936,"menu_order":0,"comment_status":"closed","ping_status":"closed","template":"","meta":{"_acf_changed":false,"footnotes":""},"class_list":["post-3220","page","type-page","status-publish","has-post-thumbnail","hentry"],"acf":[],"yoast_head":"<!-- This site is optimized with the Yoast SEO Premium plugin v27.5 (Yoast SEO v27.5) - https:\/\/yoast.com\/product\/yoast-seo-premium-wordpress\/ -->\n<title>IDC Koh Tao | Curso PADI De Instructor Espezializado en Equipo<\/title>\n<meta name=\"description\" content=\"El curso de instructor especializado en equipo PADI en Koh Tao lo certifica para ense\u00f1ar a los estudiantes sobre el cuidado , mantenimiento y rutina del equipo de buceo\" \/>\n<meta name=\"robots\" content=\"index, follow, max-snippet:-1, max-image-preview:large, max-video-preview:-1\" \/>\n<link rel=\"canonical\" href=\"https:\/\/idckohtao.com\/es\/pro-level-courses\/equipment-specialist-instructor-specialty\/\" \/>\n<meta property=\"og:locale\" content=\"es_ES\" \/>\n<meta property=\"og:type\" content=\"article\" \/>\n<meta property=\"og:title\" content=\"IDC Koh Tao | Curso PADI De Instructor Espezializado en Equipo\" \/>\n<meta property=\"og:description\" content=\"El curso de instructor especializado en equipo PADI en Koh Tao lo certifica para ense\u00f1ar a los estudiantes sobre el cuidado , mantenimiento y rutina del equipo de buceo\" \/>\n<meta property=\"og:url\" content=\"https:\/\/idckohtao.com\/es\/pro-level-courses\/equipment-specialist-instructor-specialty\/\" \/>\n<meta property=\"og:site_name\" content=\"IDC Koh Tao\" \/>\n<meta property=\"article:publisher\" content=\"https:\/\/www.facebook.com\/GoProIDCKohTao\" \/>\n<meta property=\"article:modified_time\" content=\"2026-01-01T07:48:30+00:00\" \/>\n<meta property=\"og:image\" content=\"https:\/\/idckohtao.com\/wp-content\/uploads\/2023\/08\/crystal-dive-koh-tao-idc-open-water-presentations-scuba-kit.jpg\" \/>\n\t<meta property=\"og:image:width\" content=\"1080\" \/>\n\t<meta property=\"og:image:height\" content=\"790\" \/>\n\t<meta property=\"og:image:type\" content=\"image\/jpeg\" \/>\n<meta name=\"twitter:card\" content=\"summary_large_image\" \/>\n<meta name=\"twitter:title\" content=\"IDC Koh Tao | Curso PADI De Instructor Espezializado en Equipo\" \/>\n<meta name=\"twitter:description\" content=\"El curso de instructor especializado en equipo PADI en Koh Tao lo certifica para ense\u00f1ar a los estudiantes sobre el cuidado , mantenimiento y rutina del equipo de buceo\" \/>\n<meta name=\"twitter:site\" content=\"@GoProIDCKohTao\" \/>\n<!-- \/ Yoast SEO Premium plugin. -->","yoast_head_json":{"title":"IDC Koh Tao | Curso PADI De Instructor Espezializado en Equipo","description":"El curso de instructor especializado en equipo PADI en Koh Tao lo certifica para ense\u00f1ar a los estudiantes sobre el cuidado , mantenimiento y rutina del equipo de buceo","robots":{"index":"index","follow":"follow","max-snippet":"max-snippet:-1","max-image-preview":"max-image-preview:large","max-video-preview":"max-video-preview:-1"},"canonical":"https:\/\/idckohtao.com\/es\/pro-level-courses\/equipment-specialist-instructor-specialty\/","og_locale":"es_ES","og_type":"article","og_title":"IDC Koh Tao | Curso PADI De Instructor Espezializado en Equipo","og_description":"El curso de instructor especializado en equipo PADI en Koh Tao lo certifica para ense\u00f1ar a los estudiantes sobre el cuidado , mantenimiento y rutina del equipo de buceo","og_url":"https:\/\/idckohtao.com\/es\/pro-level-courses\/equipment-specialist-instructor-specialty\/","og_site_name":"IDC Koh Tao","article_publisher":"https:\/\/www.facebook.com\/GoProIDCKohTao","article_modified_time":"2026-01-01T07:48:30+00:00","og_image":[{"width":1080,"height":790,"url":"https:\/\/idckohtao.com\/wp-content\/uploads\/2023\/08\/crystal-dive-koh-tao-idc-open-water-presentations-scuba-kit.jpg","type":"image\/jpeg"}],"twitter_card":"summary_large_image","twitter_title":"IDC Koh Tao | Curso PADI De Instructor Espezializado en Equipo","twitter_description":"El curso de instructor especializado en equipo PADI en Koh Tao lo certifica para ense\u00f1ar a los estudiantes sobre el cuidado , mantenimiento y rutina del equipo de buceo","twitter_site":"@GoProIDCKohTao","schema":{"@context":"https:\/\/schema.org","@graph":[{"@type":"NewsArticle","@id":"https:\/\/idckohtao.com\/es\/pro-level-courses\/equipment-specialist-instructor-specialty\/#article","isPartOf":{"@id":"https:\/\/idckohtao.com\/es\/pro-level-courses\/equipment-specialist-instructor-specialty\/"},"author":{"name":"ojasya","@id":"https:\/\/idckohtao.com\/es\/#\/schema\/person\/d08d557cbfdbc171f824052dae697b02"},"headline":"Equipment Specialist Instructor Specialty","datePublished":"2023-08-11T08:20:52+00:00","dateModified":"2026-01-01T07:48:30+00:00","mainEntityOfPage":{"@id":"https:\/\/idckohtao.com\/es\/pro-level-courses\/equipment-specialist-instructor-specialty\/"},"wordCount":596,"publisher":{"@id":"https:\/\/idckohtao.com\/es\/#organization"},"image":{"@id":"https:\/\/idckohtao.com\/es\/pro-level-courses\/equipment-specialist-instructor-specialty\/#primaryimage"},"thumbnailUrl":"https:\/\/idckohtao.com\/wp-content\/uploads\/2023\/08\/crystal-dive-koh-tao-idc-open-water-presentations-scuba-kit.jpg","inLanguage":"es"},{"@type":"WebPage","@id":"https:\/\/idckohtao.com\/es\/pro-level-courses\/equipment-specialist-instructor-specialty\/","url":"https:\/\/idckohtao.com\/es\/pro-level-courses\/equipment-specialist-instructor-specialty\/","name":"IDC Koh Tao | Curso PADI De Instructor Espezializado en Equipo","isPartOf":{"@id":"https:\/\/idckohtao.com\/es\/#website"},"primaryImageOfPage":{"@id":"https:\/\/idckohtao.com\/es\/pro-level-courses\/equipment-specialist-instructor-specialty\/#primaryimage"},"image":{"@id":"https:\/\/idckohtao.com\/es\/pro-level-courses\/equipment-specialist-instructor-specialty\/#primaryimage"},"thumbnailUrl":"https:\/\/idckohtao.com\/wp-content\/uploads\/2023\/08\/crystal-dive-koh-tao-idc-open-water-presentations-scuba-kit.jpg","datePublished":"2023-08-11T08:20:52+00:00","dateModified":"2026-01-01T07:48:30+00:00","description":"El curso de instructor especializado en equipo PADI en Koh Tao lo certifica para ense\u00f1ar a los estudiantes sobre el cuidado , mantenimiento y rutina del equipo de buceo","breadcrumb":{"@id":"https:\/\/idckohtao.com\/es\/pro-level-courses\/equipment-specialist-instructor-specialty\/#breadcrumb"},"inLanguage":"es","potentialAction":[{"@type":"ReadAction","target":["https:\/\/idckohtao.com\/es\/pro-level-courses\/equipment-specialist-instructor-specialty\/"]}]},{"@type":"ImageObject","inLanguage":"es","@id":"https:\/\/idckohtao.com\/es\/pro-level-courses\/equipment-specialist-instructor-specialty\/#primaryimage","url":"https:\/\/idckohtao.com\/wp-content\/uploads\/2023\/08\/crystal-dive-koh-tao-idc-open-water-presentations-scuba-kit.jpg","contentUrl":"https:\/\/idckohtao.com\/wp-content\/uploads\/2023\/08\/crystal-dive-koh-tao-idc-open-water-presentations-scuba-kit.jpg","width":1080,"height":790},{"@type":"BreadcrumbList","@id":"https:\/\/idckohtao.com\/es\/pro-level-courses\/equipment-specialist-instructor-specialty\/#breadcrumb","itemListElement":[{"@type":"ListItem","position":1,"name":"Home","item":"https:\/\/idckohtao.com\/es\/"},{"@type":"ListItem","position":2,"name":"Pro level","item":"https:\/\/idckohtao.com\/es\/pro-level-courses\/"},{"@type":"ListItem","position":3,"name":"Equipment Specialist Instructor Specialty"}]},{"@type":"WebSite","@id":"https:\/\/idckohtao.com\/es\/#website","url":"https:\/\/idckohtao.com\/es\/","name":"IDC Koh Tao","description":"PADI IDC 5 Star Diving Center in Koh Tao - Thailand","publisher":{"@id":"https:\/\/idckohtao.com\/es\/#organization"},"alternateName":"IDC Koh Tao in Thailand","potentialAction":[{"@type":"SearchAction","target":{"@type":"EntryPoint","urlTemplate":"https:\/\/idckohtao.com\/es\/?s={search_term_string}"},"query-input":{"@type":"PropertyValueSpecification","valueRequired":true,"valueName":"search_term_string"}}],"inLanguage":"es"},{"@type":"Organization","@id":"https:\/\/idckohtao.com\/es\/#organization","name":"IDC Koh Tao","alternateName":"IDC Koh Tao | Divemaster & Diving Instructor","url":"https:\/\/idckohtao.com\/es\/","logo":{"@type":"ImageObject","inLanguage":"es","@id":"https:\/\/idckohtao.com\/es\/#\/schema\/logo\/image\/","url":"https:\/\/idckohtao.com\/wp-content\/uploads\/2023\/09\/idckohtao.com-padi-diving-center-in-koh-tao-thailand.png","contentUrl":"https:\/\/idckohtao.com\/wp-content\/uploads\/2023\/09\/idckohtao.com-padi-diving-center-in-koh-tao-thailand.png","width":400,"height":300,"caption":"IDC Koh Tao"},"image":{"@id":"https:\/\/idckohtao.com\/es\/#\/schema\/logo\/image\/"},"sameAs":["https:\/\/www.facebook.com\/GoProIDCKohTao","https:\/\/x.com\/GoProIDCKohTao","https:\/\/www.youtube.com\/idckohtao","https:\/\/www.instagram.com\/idc.kohtao\/"],"description":"IDC Koh Tao is a part of the Black Turtle Dive pro level training team with three PADI Course Directors being led by Award Winning PADI Course Director Matt Bolton. Our full range of pro and recreational PADI Diving Courses provides aspiring scuba divers with education, fun, excitement, adventure, and a change of lifestyle or an opportunity to pursue a new career.","email":"info@idckohtao.com","legalName":"IDC Koh Tao","foundingDate":"2004-01-04","numberOfEmployees":{"@type":"QuantitativeValue","minValue":"1","maxValue":"10"},"correctionsPolicy":"https:\/\/idckohtao.com\/privacy-policy\/","ethicsPolicy":"https:\/\/idckohtao.com\/terms\/"},{"@type":"Person","@id":"https:\/\/idckohtao.com\/es\/#\/schema\/person\/d08d557cbfdbc171f824052dae697b02","name":"ojasya","image":{"@type":"ImageObject","inLanguage":"es","@id":"https:\/\/secure.gravatar.com\/avatar\/6fb34e36d09053a6545fc21d344613321bb1933f185132488f38052166f5a001?s=96&d=mm&r=g","url":"https:\/\/secure.gravatar.com\/avatar\/6fb34e36d09053a6545fc21d344613321bb1933f185132488f38052166f5a001?s=96&d=mm&r=g","contentUrl":"https:\/\/secure.gravatar.com\/avatar\/6fb34e36d09053a6545fc21d344613321bb1933f185132488f38052166f5a001?s=96&d=mm&r=g","caption":"ojasya"},"sameAs":["https:\/\/idckohtao.com"],"url":"https:\/\/idckohtao.com\/es\/blog\/author\/ojasya\/"}]}},"_links":{"self":[{"href":"https:\/\/idckohtao.com\/es\/wp-json\/wp\/v2\/pages\/3220","targetHints":{"allow":["GET"]}}],"collection":[{"href":"https:\/\/idckohtao.com\/es\/wp-json\/wp\/v2\/pages"}],"about":[{"href":"https:\/\/idckohtao.com\/es\/wp-json\/wp\/v2\/types\/page"}],"author":[{"embeddable":true,"href":"https:\/\/idckohtao.com\/es\/wp-json\/wp\/v2\/users\/1"}],"replies":[{"embeddable":true,"href":"https:\/\/idckohtao.com\/es\/wp-json\/wp\/v2\/comments?post=3220"}],"version-history":[{"count":2,"href":"https:\/\/idckohtao.com\/es\/wp-json\/wp\/v2\/pages\/3220\/revisions"}],"predecessor-version":[{"id":7545,"href":"https:\/\/idckohtao.com\/es\/wp-json\/wp\/v2\/pages\/3220\/revisions\/7545"}],"up":[{"embeddable":true,"href":"https:\/\/idckohtao.com\/es\/wp-json\/wp\/v2\/pages\/7936"}],"wp:featuredmedia":[{"embeddable":true,"href":"https:\/\/idckohtao.com\/es\/wp-json\/wp\/v2\/media\/3115"}],"wp:attachment":[{"href":"https:\/\/idckohtao.com\/es\/wp-json\/wp\/v2\/media?parent=3220"}],"curies":[{"name":"wp","href":"https:\/\/api.w.org\/{rel}","templated":true}]}}