{"id":3223,"date":"2023-08-08T13:28:31","date_gmt":"2023-08-08T13:28:31","guid":{"rendered":"https:\/\/idckohtao.com\/faqs\/"},"modified":"2023-09-16T22:10:20","modified_gmt":"2023-09-16T22:10:20","slug":"faqs","status":"publish","type":"page","link":"https:\/\/idckohtao.com\/es\/faqs\/","title":{"rendered":"FAQ\u2019S"},"content":{"rendered":"<div class=\"wpb-content-wrapper\"><p>[vc_row][vc_column][vc_column_text]<\/p>\n<h2>PADI IDC Koh Tao \u2022 Preguntas comunes<\/h2>\n<p>Como con la mayor\u00eda de las cosas en la vida, siempre hay algunas peque\u00f1as cosas que vienen a la mente cuando se lee mucha informaci\u00f3n. A continuaci\u00f3n, se incluyen algunas de las preguntas m\u00e1s frecuentes que recibimos de nuestros posibles candidatos para pasant\u00edas de nivel profesional.<\/p>\n<p>La lista no es de ninguna manera exhaustiva y est\u00e1 destinada solo como una gu\u00eda. Preferimos comunicarnos directamente con nuestros posibles candidatos a trav\u00e9s de nuestros canales sociales activos, correo electr\u00f3nico o chat en vivo. Durante 20 a\u00f1os, hemos establecido una s\u00f3lida reputaci\u00f3n para establecer relaciones duraderas con nuestros candidatos, as\u00ed que env\u00edenos un mensaje con cualquier pregunta.[\/vc_column_text][\/vc_column][\/vc_row][vc_row][vc_column]<div class=\"section-wrap\"><div class=\"faq-wrapper\"><div class=\"accordion-panel active\">\r\n                    <div class=\"panel-heading\">    \r\n                        <h3 class=\"panel-title\">\r\n                            \u00bfC\u00f3mo llego a Koh Tao?\r\n                        <\/h3>\r\n                    <\/div>\r\n                    <div class=\"panel-detail\">\r\n                        <p>Koh Tao es la m\u00e1s peque\u00f1a de las 3 islas principales mas conocidas como el Archipi\u00e9lago de Samui. El viaje consiste en un viaje en ferry de alta velocidad de aproximadamente 90 minutos desde Chumphon que esta en la peninsula o las islas de Koh Samui y Koh Phangan. Hay aeropuertos en Surat Thani, Chumphon y Koh Samui desde los que se puede llegar desde Bangkok en un vuelo de aproximadamente 1 hora.<\/p>\n\r\n                    <\/div>\r\n                <\/div><div class=\"accordion-panel \">\r\n                    <div class=\"panel-heading\">    \r\n                        <h3 class=\"panel-title\">\r\n                            \u00bfSe incluye alojamiento?.\r\n                        <\/h3>\r\n                    <\/div>\r\n                    <div class=\"panel-detail\">\r\n                        <p>Estamos asociados con el galardonado centro de buceo PADI de <a href=\"https:\/\/www.blackturtledive.com\/\">Black Turtle Dive<\/a>\u00a0Koh Tao y tambi\u00e9n con <a href=\"https:\/\/www.anandavilla.com\/\">Ananda Villa<\/a>\u00a0, uno de los complejos m\u00e1s nuevos de la isla. Se ofrece alojamiento a todos los candidatos de IDC Koh Tao a precios reducidos, que cubren todos los presupuestos.<\/p>\n\r\n                    <\/div>\r\n                <\/div><div class=\"accordion-panel \">\r\n                    <div class=\"panel-heading\">    \r\n                        <h3 class=\"panel-title\">\r\n                            \u00bfQu\u00e9 significa su garant\u00eda de pase?\r\n                        <\/h3>\r\n                    <\/div>\r\n                    <div class=\"panel-detail\">\r\n                        <p class=\"p1\"><span class=\"s1\">En el caso altamente improbable de que no tenga \u00e9xito en el IE, pagaremos por su segundo IDC e IE. Esto es exactamente como lo oye. Estamos tan seguros de que nuestro\u00a0m\u00e9todo en el Curso de desarrollo de instructores que te prepararemos para un examen de Instructor exitoso del cual cubriremos el costo de la reincorporaci\u00f3n si hubiera alg\u00fan problema.<\/span><\/p>\n<p>*Hasta ahora, esto no ha sucedido .. !!<\/p>\n\r\n                    <\/div>\r\n                <\/div><div class=\"accordion-panel \">\r\n                    <div class=\"panel-heading\">    \r\n                        <h3 class=\"panel-title\">\r\n                            Que es un Centro CDC\r\n                        <\/h3>\r\n                    <\/div>\r\n                    <div class=\"panel-detail\">\r\n                        <p>CDC significa \u201cCentro de Desarrollo de Carrera\u201d. Este es el premio m\u00e1s alto otorgado por PADI a cualquier centro \/ centro de buceo para reconocer los niveles de primera clase de entrenamiento de nivel profesional. Aqu\u00ed en IDC Koh Tao estamos muy orgullosos de haber alcanzado este nivel.<\/p>\n\r\n                    <\/div>\r\n                <\/div><div class=\"accordion-panel \">\r\n                    <div class=\"panel-heading\">    \r\n                        <h3 class=\"panel-title\">\r\n                            \u00bfC\u00f3mo me convierto en un Instructor PADI?\r\n                        <\/h3>\r\n                    <\/div>\r\n                    <div class=\"panel-detail\">\r\n                        <p>Tenemos\u00a0<a href=\"https:\/\/idckohtao.com\/es\/scuba-diving-internships\/\">internships de\u00a0formaci\u00f3n\u00a0de buceo<\/a>\u00a0que pueden llevarlo de un buzo recreativo a un instructor completamente calificado. Env\u00edenos un mensaje para obtener detalles m\u00e1s espec\u00edficos, ya que la informaci\u00f3n depende de su calificaci\u00f3n o nivel actual de buzo.<\/p>\n\r\n                    <\/div>\r\n                <\/div><div class=\"accordion-panel \">\r\n                    <div class=\"panel-heading\">    \r\n                        <h3 class=\"panel-title\">\r\n                            \u00bfQu\u00e9 hay de hacer el pago de las reservas?\r\n                        <\/h3>\r\n                    <\/div>\r\n                    <div class=\"panel-detail\">\r\n                        <p>En general, aceptamos un dep\u00f3sito del 10% para confirmar las reservas para cualquiera de nuestros cursos IDC mediante el bot\u00f3n de pago en este sitio web. Sin embargo, confirme cualquier reserva por correo electr\u00f3nico, mensaje de sitio web o comunicaci\u00f3n directa con nuestro equipo IDC liderado por Matt Bolton de antemano.<\/p>\n\r\n                    <\/div>\r\n                <\/div><div class=\"accordion-panel \">\r\n                    <div class=\"panel-heading\">    \r\n                        <h3 class=\"panel-title\">\r\n                            \u00bfQu\u00e9 hay de hacer el pago de las reservas?\r\n                        <\/h3>\r\n                    <\/div>\r\n                    <div class=\"panel-detail\">\r\n                        <p>En general, aceptamos un dep\u00f3sito del 10% para confirmar las reservas para cualquiera de nuestros cursos IDC mediante el bot\u00f3n de pago en este sitio web. Sin embargo, confirme cualquier reserva por correo electr\u00f3nico, mensaje de sitio web o comunicaci\u00f3n directa con nuestro equipo IDC liderado por Matt Bolton de antemano.<\/p>\n\r\n                    <\/div>\r\n                <\/div><div class=\"accordion-panel \">\r\n                    <div class=\"panel-heading\">    \r\n                        <h3 class=\"panel-title\">\r\n                            \u00bfCu\u00e1ndo es el IDC PADI en Koh Tao en Black Turtle Dive?\r\n                        <\/h3>\r\n                    <\/div>\r\n                    <div class=\"panel-detail\">\r\n                        <p>Nuestro curso de desarrollo de instructores PADI (IDC) est\u00e1 programado para llevarse a cabo cada mes; descargue el programa del sitio web para obtener m\u00e1s detalles.<\/p>\n\r\n                    <\/div>\r\n                <\/div><div class=\"accordion-panel \">\r\n                    <div class=\"panel-heading\">    \r\n                        <h3 class=\"panel-title\">\r\n                            \u00bfCu\u00e1ndo es la mejor \u00e9poca del a\u00f1o para tomar mi IDC?\r\n                        <\/h3>\r\n                    <\/div>\r\n                    <div class=\"panel-detail\">\r\n                        <p>IDC Koh Tao tiene la suerte de que su ubicaci\u00f3n en el Golfo de Tailandia tiene un clima constante durante todo el a\u00f1o. Noviembre | Diciembre es reconocido como nuestra \u201cestaci\u00f3n lluviosa\u201d, pero esto es lluvia solo para r\u00e1fagas cortas y temperaturas altas. La temperatura del mar bajar\u00e1 un par de grados a alrededor de 26 grados, por lo que disfrutamos del buceo durante todo el a\u00f1o.<\/p>\n\r\n                    <\/div>\r\n                <\/div><div class=\"accordion-panel \">\r\n                    <div class=\"panel-heading\">    \r\n                        <h3 class=\"panel-title\">\r\n                            \u00bfQu\u00e9 es el sistema 'Flexi - Schedule' que usted Programar?\r\n                        <\/h3>\r\n                    <\/div>\r\n                    <div class=\"panel-detail\">\r\n                        <p>En cualquier momento, nuestros buceadores estudiantiles de nivel profesional se encuentran en diferentes etapas de sus cursos o pasant\u00edas. Por lo tanto, proporcionamos un sistema \u201cFlexi \u2013 Schedule\u201d que significa que nuestras pasant\u00edas se adaptan a los requisitos de cada individuo.<\/p>\n<p>Esto le da una mayor flexibilidad con sus fechas de llegada y planificaci\u00f3n y no lo ata a una fecha espec\u00edfica. Le ofrecemos el mejor valor y los m\u00e1s altos est\u00e1ndares en la formaci\u00f3n de buzos en todo el mundo. Nuestros est\u00e1ndares de entrenamiento de buzos son reconocidos en toda la industria y PADI nos ha otorgado muchos Premios \u201cDiver Trainer\u201d.<\/p>\n\r\n                    <\/div>\r\n                <\/div><div class=\"accordion-panel \">\r\n                    <div class=\"panel-heading\">    \r\n                        <h3 class=\"panel-title\">\r\n                            \u00bfCu\u00e1les son las tarifas de PADI y est\u00e1n incluidas en mi reserva?\r\n                        <\/h3>\r\n                    <\/div>\r\n                    <div class=\"panel-detail\">\r\n                        <p>La respuesta corta es que no, las tarifas de PADI que se indican en cualquiera de las p\u00e1ginas de nuestro sitio web se pagan por separado directamente a PADI (normalmente con tarjeta). Las excepciones a esto son nuestras \u201cPasant\u00edas empaquetadas de estilo de vida\u201d que son de gran valor y los precios m\u00e1s competitivos en cualquier lugar de Tailandia.<\/p>\n<p>Comun\u00edquese directamente con nosotros para obtener una aclaraci\u00f3n sobre su elecci\u00f3n de \u201cpaquete\u201d para evitar sorpresas innecesarias a medida que avanza en su capacitaci\u00f3n.<\/p>\n\r\n                    <\/div>\r\n                <\/div><\/div>\r\n                <\/div>[\/vc_column][\/vc_row]<\/p>\n<\/div>","protected":false},"excerpt":{"rendered":"<p>[vc_row][vc_column][vc_column_text] PADI IDC Koh Tao \u2022 Preguntas comunes Como con la mayor\u00eda de las cosas en la vida, siempre hay algunas peque\u00f1as cosas que vienen a la mente cuando se lee mucha informaci\u00f3n. A continuaci\u00f3n, se incluyen algunas de las preguntas m\u00e1s frecuentes que recibimos de nuestros posibles candidatos para pasant\u00edas de nivel profesional. La [&hellip;]<\/p>\n","protected":false},"author":1,"featured_media":2355,"parent":0,"menu_order":0,"comment_status":"closed","ping_status":"closed","template":"","meta":{"_acf_changed":false,"footnotes":""},"class_list":["post-3223","page","type-page","status-publish","has-post-thumbnail","hentry"],"acf":[],"yoast_head":"<!-- This site is optimized with the Yoast SEO Premium plugin v27.5 (Yoast SEO v27.5) - https:\/\/yoast.com\/product\/yoast-seo-premium-wordpress\/ -->\n<title>IDC Koh Tao \u2022 Preguntas frecuentes<\/title>\n<meta name=\"description\" content=\"La p\u00e1gina de preguntas frecuentes de Koh Tao de IDC responde a muchas de las preguntas m\u00e1s populares que tienen los candidatos de IDC. Env\u00edenos un mensaje para m\u00e1s informaci\u00f3n\" \/>\n<meta name=\"robots\" content=\"index, follow, max-snippet:-1, max-image-preview:large, max-video-preview:-1\" \/>\n<link rel=\"canonical\" href=\"https:\/\/idckohtao.com\/es\/faqs\/\" \/>\n<meta property=\"og:locale\" content=\"es_ES\" \/>\n<meta property=\"og:type\" content=\"article\" \/>\n<meta property=\"og:title\" content=\"IDC Koh Tao \u2022 Preguntas frecuentes\" \/>\n<meta property=\"og:description\" content=\"La p\u00e1gina de preguntas frecuentes de Koh Tao de IDC responde a muchas de las preguntas m\u00e1s populares que tienen los candidatos de IDC. Env\u00edenos un mensaje para m\u00e1s informaci\u00f3n\" \/>\n<meta property=\"og:url\" content=\"https:\/\/idckohtao.com\/es\/faqs\/\" \/>\n<meta property=\"og:site_name\" content=\"IDC Koh Tao\" \/>\n<meta property=\"article:publisher\" content=\"https:\/\/www.facebook.com\/GoProIDCKohTao\" \/>\n<meta property=\"article:modified_time\" content=\"2023-09-16T22:10:20+00:00\" \/>\n<meta property=\"og:image\" content=\"https:\/\/idckohtao.com\/wp-content\/uploads\/2023\/08\/idckohtao.com-padi-instructor-development-course-and-scuba-diving-internship-lifestyle-packages-on-kohtao-crystal-dive-pools-1.jpg\" \/>\n\t<meta property=\"og:image:width\" content=\"1080\" \/>\n\t<meta property=\"og:image:height\" content=\"720\" \/>\n\t<meta property=\"og:image:type\" content=\"image\/jpeg\" \/>\n<meta name=\"twitter:card\" content=\"summary_large_image\" \/>\n<meta name=\"twitter:title\" content=\"IDC Koh Tao \u2022 Preguntas frecuentes\" \/>\n<meta name=\"twitter:description\" content=\"La p\u00e1gina de preguntas frecuentes de Koh Tao de IDC responde a muchas de las preguntas m\u00e1s populares que tienen los candidatos de IDC. Env\u00edenos un mensaje para m\u00e1s informaci\u00f3n\" \/>\n<meta name=\"twitter:site\" content=\"@GoProIDCKohTao\" \/>\n<!-- \/ Yoast SEO Premium plugin. -->","yoast_head_json":{"title":"IDC Koh Tao \u2022 Preguntas frecuentes","description":"La p\u00e1gina de preguntas frecuentes de Koh Tao de IDC responde a muchas de las preguntas m\u00e1s populares que tienen los candidatos de IDC. Env\u00edenos un mensaje para m\u00e1s informaci\u00f3n","robots":{"index":"index","follow":"follow","max-snippet":"max-snippet:-1","max-image-preview":"max-image-preview:large","max-video-preview":"max-video-preview:-1"},"canonical":"https:\/\/idckohtao.com\/es\/faqs\/","og_locale":"es_ES","og_type":"article","og_title":"IDC Koh Tao \u2022 Preguntas frecuentes","og_description":"La p\u00e1gina de preguntas frecuentes de Koh Tao de IDC responde a muchas de las preguntas m\u00e1s populares que tienen los candidatos de IDC. Env\u00edenos un mensaje para m\u00e1s informaci\u00f3n","og_url":"https:\/\/idckohtao.com\/es\/faqs\/","og_site_name":"IDC Koh Tao","article_publisher":"https:\/\/www.facebook.com\/GoProIDCKohTao","article_modified_time":"2023-09-16T22:10:20+00:00","og_image":[{"width":1080,"height":720,"url":"https:\/\/idckohtao.com\/wp-content\/uploads\/2023\/08\/idckohtao.com-padi-instructor-development-course-and-scuba-diving-internship-lifestyle-packages-on-kohtao-crystal-dive-pools-1.jpg","type":"image\/jpeg"}],"twitter_card":"summary_large_image","twitter_title":"IDC Koh Tao \u2022 Preguntas frecuentes","twitter_description":"La p\u00e1gina de preguntas frecuentes de Koh Tao de IDC responde a muchas de las preguntas m\u00e1s populares que tienen los candidatos de IDC. Env\u00edenos un mensaje para m\u00e1s informaci\u00f3n","twitter_site":"@GoProIDCKohTao","schema":{"@context":"https:\/\/schema.org","@graph":[{"@type":"NewsArticle","@id":"https:\/\/idckohtao.com\/es\/faqs\/#article","isPartOf":{"@id":"https:\/\/idckohtao.com\/es\/faqs\/"},"author":{"name":"ojasya","@id":"https:\/\/idckohtao.com\/es\/#\/schema\/person\/d08d557cbfdbc171f824052dae697b02"},"headline":"FAQ\u2019S","datePublished":"2023-08-08T13:28:31+00:00","dateModified":"2023-09-16T22:10:20+00:00","mainEntityOfPage":{"@id":"https:\/\/idckohtao.com\/es\/faqs\/"},"wordCount":994,"publisher":{"@id":"https:\/\/idckohtao.com\/es\/#organization"},"image":{"@id":"https:\/\/idckohtao.com\/es\/faqs\/#primaryimage"},"thumbnailUrl":"https:\/\/idckohtao.com\/wp-content\/uploads\/2023\/08\/idckohtao.com-padi-instructor-development-course-and-scuba-diving-internship-lifestyle-packages-on-kohtao-crystal-dive-pools-1.jpg","inLanguage":"es"},{"@type":"WebPage","@id":"https:\/\/idckohtao.com\/es\/faqs\/","url":"https:\/\/idckohtao.com\/es\/faqs\/","name":"IDC Koh Tao \u2022 Preguntas frecuentes","isPartOf":{"@id":"https:\/\/idckohtao.com\/es\/#website"},"primaryImageOfPage":{"@id":"https:\/\/idckohtao.com\/es\/faqs\/#primaryimage"},"image":{"@id":"https:\/\/idckohtao.com\/es\/faqs\/#primaryimage"},"thumbnailUrl":"https:\/\/idckohtao.com\/wp-content\/uploads\/2023\/08\/idckohtao.com-padi-instructor-development-course-and-scuba-diving-internship-lifestyle-packages-on-kohtao-crystal-dive-pools-1.jpg","datePublished":"2023-08-08T13:28:31+00:00","dateModified":"2023-09-16T22:10:20+00:00","description":"La p\u00e1gina de preguntas frecuentes de Koh Tao de IDC responde a muchas de las preguntas m\u00e1s populares que tienen los candidatos de IDC. Env\u00edenos un mensaje para m\u00e1s informaci\u00f3n","breadcrumb":{"@id":"https:\/\/idckohtao.com\/es\/faqs\/#breadcrumb"},"inLanguage":"es","potentialAction":[{"@type":"ReadAction","target":["https:\/\/idckohtao.com\/es\/faqs\/"]}]},{"@type":"ImageObject","inLanguage":"es","@id":"https:\/\/idckohtao.com\/es\/faqs\/#primaryimage","url":"https:\/\/idckohtao.com\/wp-content\/uploads\/2023\/08\/idckohtao.com-padi-instructor-development-course-and-scuba-diving-internship-lifestyle-packages-on-kohtao-crystal-dive-pools-1.jpg","contentUrl":"https:\/\/idckohtao.com\/wp-content\/uploads\/2023\/08\/idckohtao.com-padi-instructor-development-course-and-scuba-diving-internship-lifestyle-packages-on-kohtao-crystal-dive-pools-1.jpg","width":1080,"height":720},{"@type":"BreadcrumbList","@id":"https:\/\/idckohtao.com\/es\/faqs\/#breadcrumb","itemListElement":[{"@type":"ListItem","position":1,"name":"Home","item":"https:\/\/idckohtao.com\/es\/"},{"@type":"ListItem","position":2,"name":"FAQ\u2019S"}]},{"@type":"WebSite","@id":"https:\/\/idckohtao.com\/es\/#website","url":"https:\/\/idckohtao.com\/es\/","name":"IDC Koh Tao","description":"PADI IDC 5 Star Diving Center in Koh Tao - Thailand","publisher":{"@id":"https:\/\/idckohtao.com\/es\/#organization"},"alternateName":"IDC Koh Tao in Thailand","potentialAction":[{"@type":"SearchAction","target":{"@type":"EntryPoint","urlTemplate":"https:\/\/idckohtao.com\/es\/?s={search_term_string}"},"query-input":{"@type":"PropertyValueSpecification","valueRequired":true,"valueName":"search_term_string"}}],"inLanguage":"es"},{"@type":"Organization","@id":"https:\/\/idckohtao.com\/es\/#organization","name":"IDC Koh Tao","alternateName":"IDC Koh Tao | Divemaster & Diving Instructor","url":"https:\/\/idckohtao.com\/es\/","logo":{"@type":"ImageObject","inLanguage":"es","@id":"https:\/\/idckohtao.com\/es\/#\/schema\/logo\/image\/","url":"https:\/\/idckohtao.com\/wp-content\/uploads\/2023\/09\/idckohtao.com-padi-diving-center-in-koh-tao-thailand.png","contentUrl":"https:\/\/idckohtao.com\/wp-content\/uploads\/2023\/09\/idckohtao.com-padi-diving-center-in-koh-tao-thailand.png","width":400,"height":300,"caption":"IDC Koh Tao"},"image":{"@id":"https:\/\/idckohtao.com\/es\/#\/schema\/logo\/image\/"},"sameAs":["https:\/\/www.facebook.com\/GoProIDCKohTao","https:\/\/x.com\/GoProIDCKohTao","https:\/\/www.youtube.com\/idckohtao","https:\/\/www.instagram.com\/idc.kohtao\/"],"description":"IDC Koh Tao is a part of the Black Turtle Dive pro level training team with three PADI Course Directors being led by Award Winning PADI Course Director Matt Bolton. Our full range of pro and recreational PADI Diving Courses provides aspiring scuba divers with education, fun, excitement, adventure, and a change of lifestyle or an opportunity to pursue a new career.","email":"info@idckohtao.com","legalName":"IDC Koh Tao","foundingDate":"2004-01-04","numberOfEmployees":{"@type":"QuantitativeValue","minValue":"1","maxValue":"10"},"correctionsPolicy":"https:\/\/idckohtao.com\/privacy-policy\/","ethicsPolicy":"https:\/\/idckohtao.com\/terms\/"},{"@type":"Person","@id":"https:\/\/idckohtao.com\/es\/#\/schema\/person\/d08d557cbfdbc171f824052dae697b02","name":"ojasya","image":{"@type":"ImageObject","inLanguage":"es","@id":"https:\/\/secure.gravatar.com\/avatar\/6fb34e36d09053a6545fc21d344613321bb1933f185132488f38052166f5a001?s=96&d=mm&r=g","url":"https:\/\/secure.gravatar.com\/avatar\/6fb34e36d09053a6545fc21d344613321bb1933f185132488f38052166f5a001?s=96&d=mm&r=g","contentUrl":"https:\/\/secure.gravatar.com\/avatar\/6fb34e36d09053a6545fc21d344613321bb1933f185132488f38052166f5a001?s=96&d=mm&r=g","caption":"ojasya"},"sameAs":["https:\/\/idckohtao.com"],"url":"https:\/\/idckohtao.com\/es\/blog\/author\/ojasya\/"}]}},"_links":{"self":[{"href":"https:\/\/idckohtao.com\/es\/wp-json\/wp\/v2\/pages\/3223","targetHints":{"allow":["GET"]}}],"collection":[{"href":"https:\/\/idckohtao.com\/es\/wp-json\/wp\/v2\/pages"}],"about":[{"href":"https:\/\/idckohtao.com\/es\/wp-json\/wp\/v2\/types\/page"}],"author":[{"embeddable":true,"href":"https:\/\/idckohtao.com\/es\/wp-json\/wp\/v2\/users\/1"}],"replies":[{"embeddable":true,"href":"https:\/\/idckohtao.com\/es\/wp-json\/wp\/v2\/comments?post=3223"}],"version-history":[{"count":0,"href":"https:\/\/idckohtao.com\/es\/wp-json\/wp\/v2\/pages\/3223\/revisions"}],"wp:featuredmedia":[{"embeddable":true,"href":"https:\/\/idckohtao.com\/es\/wp-json\/wp\/v2\/media\/2355"}],"wp:attachment":[{"href":"https:\/\/idckohtao.com\/es\/wp-json\/wp\/v2\/media?parent=3223"}],"curies":[{"name":"wp","href":"https:\/\/api.w.org\/{rel}","templated":true}]}}