{"id":3226,"date":"2023-08-11T08:38:35","date_gmt":"2023-08-11T08:38:35","guid":{"rendered":"https:\/\/idckohtao.com\/fish-id-instructor-specialty\/"},"modified":"2026-01-01T08:36:51","modified_gmt":"2026-01-01T08:36:51","slug":"fish-id-instructor-specialty","status":"publish","type":"page","link":"https:\/\/idckohtao.com\/es\/pro-level-courses\/fish-id-instructor-specialty\/","title":{"rendered":"Fish ID Instructor Specialty"},"content":{"rendered":"<div class=\"wpb-content-wrapper\"><p>[vc_row][vc_column][vc_column_text css=\u00bb\u00bb]<\/p>\n<h2>Curso de Instructor de especialidad PADI en Koh Tao<\/h2>\n<p>Una de las preguntas m\u00e1s comunes que hacen los estudiantes de buceo es que su instructor de PADI es \u201c<em>qu\u00e9 fue ese pez\u00a0<\/em>\u201c. Entrenar para ser un instructor de identificaci\u00f3n de peces PADI lo ayudar\u00e1 a responder este tipo de preguntas, al aumentar su propia capacidad para identificar correctamente los peces bajo el agua. Tambi\u00e9n puede ofrecer el popular curso Especialidad en Identificaci\u00f3n de Peces a sus estudiantes.<\/p>\n<p>Ense\u00f1ar a sus alumnos c\u00f3mo reconocer qu\u00e9 tipo de peces ven les facilitar\u00e1 encontrar las especies exactas que han visto despu\u00e9s de una inmersi\u00f3n.<\/p>\n<p>Por ejemplo, un mero en el Caribe tendr\u00e1 una forma y caracter\u00edsticas similares a un mero en el sudeste asi\u00e1tico, pero los colores y las marcas pueden ser muy diferentes.<\/p>\n<p><b>Conoces los peces!<\/b><\/p>\n<p>Koh Tao es abundante con una diversidad de vida de peces; desde las escuelas de Trevally, Chevron Barracuda &amp; Snapper, que se ven con m\u00e1s frecuencia en los sitios de buceo m\u00e1s profundos, como Chumphon Pinnacle, y hasta los peces loro y los peces mariposa que se ven m\u00e1s a menudo en los arrecifes menos profundos cercanos a la isla.<\/p>\n<p>El curso PADI Fish Identification Specialty se puede programar a lo largo de 1 d\u00eda.<\/p>\n<p><img decoding=\"async\" class=\"alignnone wp-image-986 size-large\" src=\"https:\/\/idckohtao.com\/wp-content\/uploads\/2023\/08\/idckohtao.com-padi-fish-id-instructor-specialties-1024x663.jpg\" sizes=\"(max-width: 1024px) 100vw, 1024px\" srcset=\"https:\/\/idckohtao.com\/wp-content\/uploads\/2023\/08\/idckohtao.com-padi-fish-id-instructor-specialties-1024x663.jpg 1024w, https:\/\/idckohtao.com\/wp-content\/uploads\/2023\/08\/idckohtao.com-padi-fish-id-instructor-specialties-300x194.jpg 300w, https:\/\/idckohtao.com\/wp-content\/uploads\/2023\/08\/idckohtao.com-padi-fish-id-instructor-specialties-768x497.jpg 768w, https:\/\/idckohtao.com\/wp-content\/uploads\/2023\/08\/idckohtao.com-padi-fish-id-instructor-specialties.jpg 1080w\" alt=\"idckohtao.com-padi-fish-id-instructor-specialties\" width=\"1024\" height=\"663\" \/><\/p>\n<p>Aprender\u00e1 c\u00f3mo ense\u00f1ar a sus estudiantes a identificar las caracter\u00edsticas de las familias y especies de peces locales, t\u00e9cnicas y estrategias de levantamiento de peces que incluyen h\u00e1bitats y poblaciones, as\u00ed como a educarlos sobre las actividades del Proyecto AWARE que pueden ayudar a proteger la vida acu\u00e1tica.<\/p>\n<p>El curso PADI Fish Identification Specialty se centra en las familias de peces y las especies que se encuentran en el entorno de buceo local de Koh Tao.<\/p>\n<p><b>\u00bfQui\u00e9n puede inscribirse en el curso PADI Fish Identification Specialty Instructor?<\/b><\/p>\n<p>Un renovado\u00a0<strong><a href=\"https:\/\/idckohtao.com\/es\/pro-level-courses\/padi-instructor-development-course\/\">PADI Open Water Scuba Instructor (OWSI)<\/a><\/strong><\/p>\n<p>Nota: Los candidatos de IDC \/ OWSI pueden participar en el curso de capacitaci\u00f3n PADI Fish Identification Specialty, pero solo pueden solicitar la certificaci\u00f3n de Instructor de Especialidad despu\u00e9s de aprobar un IE.<\/p>\n<p>Los instructores especializados en identificaci\u00f3n de peces deben tener un m\u00ednimo de 10\u00a0<span lang=\"es\" tabindex=\"0\">identificaci\u00f3n de peces\u00a0<\/span>antes de la certificaci\u00f3n. Este es un requisito para salir del curso y las inmersiones se pueden completar despu\u00e9s del curso de capacitaci\u00f3n para instructores.<\/p>\n<p><img decoding=\"async\" class=\"alignnone wp-image-984 size-large\" src=\"https:\/\/idckohtao.com\/wp-content\/uploads\/2023\/08\/idckohtao.com-padi-fish-id-instructor-specialty-kohtao-islands-1024x576.jpg\" sizes=\"(max-width: 1024px) 100vw, 1024px\" srcset=\"https:\/\/idckohtao.com\/wp-content\/uploads\/2023\/08\/idckohtao.com-padi-fish-id-instructor-specialty-kohtao-islands-1024x576.jpg 1024w, https:\/\/idckohtao.com\/wp-content\/uploads\/2023\/08\/idckohtao.com-padi-fish-id-instructor-specialty-kohtao-islands-300x169.jpg 300w, https:\/\/idckohtao.com\/wp-content\/uploads\/2023\/08\/idckohtao.com-padi-fish-id-instructor-specialty-kohtao-islands-768x432.jpg 768w, https:\/\/idckohtao.com\/wp-content\/uploads\/2023\/08\/idckohtao.com-padi-fish-id-instructor-specialty-kohtao-islands.jpg 1080w\" alt=\"idckohtao.com-padi-fish-id-instructor-specialty-kohtao-islands\" width=\"1024\" height=\"576\" \/><\/p>\n<h2><b>\u00bfQue aprender\u00e1s?<\/b><\/h2>\n<p>Participar\u00e1s en las siguientes sesiones:<\/p>\n<ul>\n<li>Presente y sea evaluado en una presentaci\u00f3n prescriptiva de la revisi\u00f3n del conocimiento del curso PADI Fish Identification Specialty<\/li>\n<li>PADI Fish Identification Specialty normas, procedimientos y el curr\u00edculo<\/li>\n<li>C\u00f3mo organizar, llevar a cabo y comercializar el curso PADI Fish Identification Specialty<\/li>\n<li>Sesi\u00f3n de entrenamiento en aguas abiertas: en la que aprender\u00e1 a demostrar, ejecutar y evaluar las habilidades a nivel de los estudiantes del curso PADI Fish Identification Specialty.<\/li>\n<\/ul>\n<p>Completar\u00e1 la inmersi\u00f3n de entrenamiento en aguas abiertas en uno de los varios sitios de buceo locales adecuados para esta capacitaci\u00f3n.<\/p>\n<p>Como instructor de identificaci\u00f3n de peces PADI, usted est\u00e1 certificado para ense\u00f1ar de forma independiente el curso de especialidad de identificaci\u00f3n de peces PADI[\/vc_column_text]<div class=\"text-left\"><div class=\"bt-course-price\"><h4>Precio del curso: 4,000 THB<\/h4><a href=\"https:\/\/idckohtao.com\/es\/packages-prices\" class=\"button\">RESERVA AHORA<\/a><\/div><\/div>[vc_column_text css=\u00bb\u00bb]<b>Materiales PADI:<\/b><\/p>\n<p><i>Por favor traiga su\u00a0Manual PADI Specialty Course Instructor. Que Recibi\u00f3 como parte del paquete IDC Crew Pack durante su IDC.<\/i><i>.<\/i><\/p>\n<p>Adem\u00e1s, tambi\u00e9n necesitar\u00e1 una copia del Manual del instructor de PADI. A partir de 2010, el manual del instructor est\u00e1 disponible como descarga gratuita para todos los miembros de PADI que se renueven de\u00a0<a href=\"https:\/\/www.padi.com\/mypadi\/\" target=\"_blank\" rel=\"noopener\">www.padi.com\/mypadi<\/a><\/p>\n<p><b>TAXAS PADI<\/b><\/p>\n<p>PADI Fish Identification Specialty Instructor Cargo de solicitud:\u00a0<b>AUD$ 145<\/b>[\/vc_column_text][\/vc_column][\/vc_row]<\/p>\n<\/div>","protected":false},"excerpt":{"rendered":"<p>[vc_row][vc_column][vc_column_text css=\u00bb\u00bb] Curso de Instructor de especialidad PADI en Koh Tao Una de las preguntas m\u00e1s comunes que hacen los estudiantes de buceo es que su instructor de PADI es \u201cqu\u00e9 fue ese pez\u00a0\u201c. Entrenar para ser un instructor de identificaci\u00f3n de peces PADI lo ayudar\u00e1 a responder este tipo de preguntas, al aumentar su [&hellip;]<\/p>\n","protected":false},"author":1,"featured_media":5087,"parent":7936,"menu_order":0,"comment_status":"closed","ping_status":"closed","template":"","meta":{"_acf_changed":false,"footnotes":""},"class_list":["post-3226","page","type-page","status-publish","has-post-thumbnail","hentry"],"acf":[],"yoast_head":"<!-- This site is optimized with the Yoast SEO Premium plugin v27.5 (Yoast SEO v27.5) - https:\/\/yoast.com\/product\/yoast-seo-premium-wordpress\/ -->\n<title>IDC Koh Tao | Curso PADI De Instructor Identificacion De Peces<\/title>\n<meta name=\"description\" content=\"Nuestro curso especial PADI de identificaci\u00f3n de peces en Koh Tao lo certifica como instructor especializado para ense\u00f1ar a los estudiantes c\u00f3mo identificar correctamente los peces\" \/>\n<meta name=\"robots\" content=\"index, follow, max-snippet:-1, max-image-preview:large, max-video-preview:-1\" \/>\n<link rel=\"canonical\" href=\"https:\/\/idckohtao.com\/es\/pro-level-courses\/fish-id-instructor-specialty\/\" \/>\n<meta property=\"og:locale\" content=\"es_ES\" \/>\n<meta property=\"og:type\" content=\"article\" \/>\n<meta property=\"og:title\" content=\"IDC Koh Tao | Curso PADI De Instructor Identificacion De Peces\" \/>\n<meta property=\"og:description\" content=\"Nuestro curso especial PADI de identificaci\u00f3n de peces en Koh Tao lo certifica como instructor especializado para ense\u00f1ar a los estudiantes c\u00f3mo identificar correctamente los peces\" \/>\n<meta property=\"og:url\" content=\"https:\/\/idckohtao.com\/es\/pro-level-courses\/fish-id-instructor-specialty\/\" \/>\n<meta property=\"og:site_name\" content=\"IDC Koh Tao\" \/>\n<meta property=\"article:publisher\" content=\"https:\/\/www.facebook.com\/GoProIDCKohTao\" \/>\n<meta property=\"article:modified_time\" content=\"2026-01-01T08:36:51+00:00\" \/>\n<meta property=\"og:image\" content=\"https:\/\/idckohtao.com\/wp-content\/uploads\/2023\/09\/idckohtao.com-fish-identification-course-in-koh-tao-thailand.jpeg\" \/>\n\t<meta property=\"og:image:width\" content=\"1200\" \/>\n\t<meta property=\"og:image:height\" content=\"765\" \/>\n\t<meta property=\"og:image:type\" content=\"image\/jpeg\" \/>\n<meta name=\"twitter:card\" content=\"summary_large_image\" \/>\n<meta name=\"twitter:title\" content=\"IDC Koh Tao | Curso PADI De Instructor Identificacion De Peces\" \/>\n<meta name=\"twitter:description\" content=\"Nuestro curso especial PADI de identificaci\u00f3n de peces en Koh Tao lo certifica como instructor especializado para ense\u00f1ar a los estudiantes c\u00f3mo identificar correctamente los peces\" \/>\n<meta name=\"twitter:site\" content=\"@GoProIDCKohTao\" \/>\n<!-- \/ Yoast SEO Premium plugin. -->","yoast_head_json":{"title":"IDC Koh Tao | Curso PADI De Instructor Identificacion De Peces","description":"Nuestro curso especial PADI de identificaci\u00f3n de peces en Koh Tao lo certifica como instructor especializado para ense\u00f1ar a los estudiantes c\u00f3mo identificar correctamente los peces","robots":{"index":"index","follow":"follow","max-snippet":"max-snippet:-1","max-image-preview":"max-image-preview:large","max-video-preview":"max-video-preview:-1"},"canonical":"https:\/\/idckohtao.com\/es\/pro-level-courses\/fish-id-instructor-specialty\/","og_locale":"es_ES","og_type":"article","og_title":"IDC Koh Tao | Curso PADI De Instructor Identificacion De Peces","og_description":"Nuestro curso especial PADI de identificaci\u00f3n de peces en Koh Tao lo certifica como instructor especializado para ense\u00f1ar a los estudiantes c\u00f3mo identificar correctamente los peces","og_url":"https:\/\/idckohtao.com\/es\/pro-level-courses\/fish-id-instructor-specialty\/","og_site_name":"IDC Koh Tao","article_publisher":"https:\/\/www.facebook.com\/GoProIDCKohTao","article_modified_time":"2026-01-01T08:36:51+00:00","og_image":[{"width":1200,"height":765,"url":"https:\/\/idckohtao.com\/wp-content\/uploads\/2023\/09\/idckohtao.com-fish-identification-course-in-koh-tao-thailand.jpeg","type":"image\/jpeg"}],"twitter_card":"summary_large_image","twitter_title":"IDC Koh Tao | Curso PADI De Instructor Identificacion De Peces","twitter_description":"Nuestro curso especial PADI de identificaci\u00f3n de peces en Koh Tao lo certifica como instructor especializado para ense\u00f1ar a los estudiantes c\u00f3mo identificar correctamente los peces","twitter_site":"@GoProIDCKohTao","schema":{"@context":"https:\/\/schema.org","@graph":[{"@type":"NewsArticle","@id":"https:\/\/idckohtao.com\/es\/pro-level-courses\/fish-id-instructor-specialty\/#article","isPartOf":{"@id":"https:\/\/idckohtao.com\/es\/pro-level-courses\/fish-id-instructor-specialty\/"},"author":{"name":"ojasya","@id":"https:\/\/idckohtao.com\/es\/#\/schema\/person\/d08d557cbfdbc171f824052dae697b02"},"headline":"Fish ID Instructor Specialty","datePublished":"2023-08-11T08:38:35+00:00","dateModified":"2026-01-01T08:36:51+00:00","mainEntityOfPage":{"@id":"https:\/\/idckohtao.com\/es\/pro-level-courses\/fish-id-instructor-specialty\/"},"wordCount":644,"publisher":{"@id":"https:\/\/idckohtao.com\/es\/#organization"},"image":{"@id":"https:\/\/idckohtao.com\/es\/pro-level-courses\/fish-id-instructor-specialty\/#primaryimage"},"thumbnailUrl":"https:\/\/idckohtao.com\/wp-content\/uploads\/2023\/09\/idckohtao.com-fish-identification-course-in-koh-tao-thailand.jpeg","inLanguage":"es"},{"@type":"WebPage","@id":"https:\/\/idckohtao.com\/es\/pro-level-courses\/fish-id-instructor-specialty\/","url":"https:\/\/idckohtao.com\/es\/pro-level-courses\/fish-id-instructor-specialty\/","name":"IDC Koh Tao | Curso PADI De Instructor Identificacion De Peces","isPartOf":{"@id":"https:\/\/idckohtao.com\/es\/#website"},"primaryImageOfPage":{"@id":"https:\/\/idckohtao.com\/es\/pro-level-courses\/fish-id-instructor-specialty\/#primaryimage"},"image":{"@id":"https:\/\/idckohtao.com\/es\/pro-level-courses\/fish-id-instructor-specialty\/#primaryimage"},"thumbnailUrl":"https:\/\/idckohtao.com\/wp-content\/uploads\/2023\/09\/idckohtao.com-fish-identification-course-in-koh-tao-thailand.jpeg","datePublished":"2023-08-11T08:38:35+00:00","dateModified":"2026-01-01T08:36:51+00:00","description":"Nuestro curso especial PADI de identificaci\u00f3n de peces en Koh Tao lo certifica como instructor especializado para ense\u00f1ar a los estudiantes c\u00f3mo identificar correctamente los peces","breadcrumb":{"@id":"https:\/\/idckohtao.com\/es\/pro-level-courses\/fish-id-instructor-specialty\/#breadcrumb"},"inLanguage":"es","potentialAction":[{"@type":"ReadAction","target":["https:\/\/idckohtao.com\/es\/pro-level-courses\/fish-id-instructor-specialty\/"]}]},{"@type":"ImageObject","inLanguage":"es","@id":"https:\/\/idckohtao.com\/es\/pro-level-courses\/fish-id-instructor-specialty\/#primaryimage","url":"https:\/\/idckohtao.com\/wp-content\/uploads\/2023\/09\/idckohtao.com-fish-identification-course-in-koh-tao-thailand.jpeg","contentUrl":"https:\/\/idckohtao.com\/wp-content\/uploads\/2023\/09\/idckohtao.com-fish-identification-course-in-koh-tao-thailand.jpeg","width":1200,"height":765,"caption":"Fish Identification Instructor Specialty course"},{"@type":"BreadcrumbList","@id":"https:\/\/idckohtao.com\/es\/pro-level-courses\/fish-id-instructor-specialty\/#breadcrumb","itemListElement":[{"@type":"ListItem","position":1,"name":"Home","item":"https:\/\/idckohtao.com\/es\/"},{"@type":"ListItem","position":2,"name":"Pro level","item":"https:\/\/idckohtao.com\/es\/pro-level-courses\/"},{"@type":"ListItem","position":3,"name":"Fish ID Instructor Specialty"}]},{"@type":"WebSite","@id":"https:\/\/idckohtao.com\/es\/#website","url":"https:\/\/idckohtao.com\/es\/","name":"IDC Koh Tao","description":"PADI IDC 5 Star Diving Center in Koh Tao - Thailand","publisher":{"@id":"https:\/\/idckohtao.com\/es\/#organization"},"alternateName":"IDC Koh Tao in Thailand","potentialAction":[{"@type":"SearchAction","target":{"@type":"EntryPoint","urlTemplate":"https:\/\/idckohtao.com\/es\/?s={search_term_string}"},"query-input":{"@type":"PropertyValueSpecification","valueRequired":true,"valueName":"search_term_string"}}],"inLanguage":"es"},{"@type":"Organization","@id":"https:\/\/idckohtao.com\/es\/#organization","name":"IDC Koh Tao","alternateName":"IDC Koh Tao | Divemaster & Diving Instructor","url":"https:\/\/idckohtao.com\/es\/","logo":{"@type":"ImageObject","inLanguage":"es","@id":"https:\/\/idckohtao.com\/es\/#\/schema\/logo\/image\/","url":"https:\/\/idckohtao.com\/wp-content\/uploads\/2023\/09\/idckohtao.com-padi-diving-center-in-koh-tao-thailand.png","contentUrl":"https:\/\/idckohtao.com\/wp-content\/uploads\/2023\/09\/idckohtao.com-padi-diving-center-in-koh-tao-thailand.png","width":400,"height":300,"caption":"IDC Koh Tao"},"image":{"@id":"https:\/\/idckohtao.com\/es\/#\/schema\/logo\/image\/"},"sameAs":["https:\/\/www.facebook.com\/GoProIDCKohTao","https:\/\/x.com\/GoProIDCKohTao","https:\/\/www.youtube.com\/idckohtao","https:\/\/www.instagram.com\/idc.kohtao\/"],"description":"IDC Koh Tao is a part of the Black Turtle Dive pro level training team with three PADI Course Directors being led by Award Winning PADI Course Director Matt Bolton. Our full range of pro and recreational PADI Diving Courses provides aspiring scuba divers with education, fun, excitement, adventure, and a change of lifestyle or an opportunity to pursue a new career.","email":"info@idckohtao.com","legalName":"IDC Koh Tao","foundingDate":"2004-01-04","numberOfEmployees":{"@type":"QuantitativeValue","minValue":"1","maxValue":"10"},"correctionsPolicy":"https:\/\/idckohtao.com\/privacy-policy\/","ethicsPolicy":"https:\/\/idckohtao.com\/terms\/"},{"@type":"Person","@id":"https:\/\/idckohtao.com\/es\/#\/schema\/person\/d08d557cbfdbc171f824052dae697b02","name":"ojasya","image":{"@type":"ImageObject","inLanguage":"es","@id":"https:\/\/secure.gravatar.com\/avatar\/6fb34e36d09053a6545fc21d344613321bb1933f185132488f38052166f5a001?s=96&d=mm&r=g","url":"https:\/\/secure.gravatar.com\/avatar\/6fb34e36d09053a6545fc21d344613321bb1933f185132488f38052166f5a001?s=96&d=mm&r=g","contentUrl":"https:\/\/secure.gravatar.com\/avatar\/6fb34e36d09053a6545fc21d344613321bb1933f185132488f38052166f5a001?s=96&d=mm&r=g","caption":"ojasya"},"sameAs":["https:\/\/idckohtao.com"],"url":"https:\/\/idckohtao.com\/es\/blog\/author\/ojasya\/"}]}},"_links":{"self":[{"href":"https:\/\/idckohtao.com\/es\/wp-json\/wp\/v2\/pages\/3226","targetHints":{"allow":["GET"]}}],"collection":[{"href":"https:\/\/idckohtao.com\/es\/wp-json\/wp\/v2\/pages"}],"about":[{"href":"https:\/\/idckohtao.com\/es\/wp-json\/wp\/v2\/types\/page"}],"author":[{"embeddable":true,"href":"https:\/\/idckohtao.com\/es\/wp-json\/wp\/v2\/users\/1"}],"replies":[{"embeddable":true,"href":"https:\/\/idckohtao.com\/es\/wp-json\/wp\/v2\/comments?post=3226"}],"version-history":[{"count":4,"href":"https:\/\/idckohtao.com\/es\/wp-json\/wp\/v2\/pages\/3226\/revisions"}],"predecessor-version":[{"id":7555,"href":"https:\/\/idckohtao.com\/es\/wp-json\/wp\/v2\/pages\/3226\/revisions\/7555"}],"up":[{"embeddable":true,"href":"https:\/\/idckohtao.com\/es\/wp-json\/wp\/v2\/pages\/7936"}],"wp:featuredmedia":[{"embeddable":true,"href":"https:\/\/idckohtao.com\/es\/wp-json\/wp\/v2\/media\/5087"}],"wp:attachment":[{"href":"https:\/\/idckohtao.com\/es\/wp-json\/wp\/v2\/media?parent=3226"}],"curies":[{"name":"wp","href":"https:\/\/api.w.org\/{rel}","templated":true}]}}