{"id":3238,"date":"2023-08-09T13:41:26","date_gmt":"2023-08-09T13:41:26","guid":{"rendered":"https:\/\/idckohtao.com\/idc-staff-instructor-course\/"},"modified":"2026-01-13T09:21:17","modified_gmt":"2026-01-13T09:21:17","slug":"idc-staff-instructor-course","status":"publish","type":"page","link":"https:\/\/idckohtao.com\/es\/pro-level-courses\/idc-staff-instructor-course\/","title":{"rendered":"Idc Staff Instructor Course"},"content":{"rendered":"<div class=\"wpb-content-wrapper\"><p>[vc_row][vc_column][vc_column_text css=\u00bb\u00bb]<\/p>\n<h2>Our 5 Star PADI Staff Instructor Courses on Koh Tao, Thailand<\/h2>\n<h2>Curso de Instructor PADI IDCS<\/h2>\n<ul>\n<li>Tarjeta con c\u00f3digo para el Manual Digital PADI Course Director<\/li>\n<li>Video de Evaluaci\u00f3n de Entrenamiento IDC<\/li>\n<li>Tablilla de Evaluaci\u00f3n de Aguas Confinadas<\/li>\n<li>Tablilla de Evaluaci\u00f3n de Aguas Abiertas<\/li>\n<li>Tablilla de Evaluaci\u00f3n de Habilidades<\/li>\n<li>Tablilla de Preparaci\u00f3n de Desarrollo de Habilidades<\/li>\n<li>Almuerzos a lo largo de IDC<\/li>\n<li>Preparaci\u00f3n gratuita de 2 d\u00edas<\/li>\n<\/ul>\n<p>Desarrolle las habilidades, el conocimiento y las t\u00e9cnicas de ense\u00f1anza que pro-porcionan la base para sus habilidades como educador de buceo y \u00fanase al proce-so de <a href=\"https:\/\/idckohtao.com\/pro-level-courses\/padi-instructor-development-course\/\">desarrollo del instructor<\/a>.<\/p>\n<p>Al auditar un IDC completo, el curso de PADI IDC Staff Instructor implica ex\u00e1menes te\u00f3ricos y est\u00e1ndares de buceo del Personal de IDC, adem\u00e1s de aprender c\u00f3mo evaluar y criticar a los candidatos de IDC en pre-sentaciones de Desarrollo del conocimiento, <a href=\"https:\/\/idckohtao.com\/open-water-course\/\">Agua confinada y Agua abierta<\/a>.<\/p>\n<p>Le mostraremos c\u00f3mo criticar el desempe\u00f1o de los candidatos, realizar sesiones de consejer\u00eda para los candidatos y asesorar a futuros educadores de buceo a trav\u00e9s de su capacitaci\u00f3n.[\/vc_column_text]<div class=\"text-left\"><div class=\"bt-course-price\"><a href=\"https:\/\/idckohtao.com\/es\/deposit-request-form\" class=\"button\">RESERVA AHORA<\/a><\/div><\/div>[vc_column_text]Aprender\u00e1 de los <a href=\"https:\/\/idckohtao.com\/padi-course-director-matt-bolton\/\">directores de cursos PADI<\/a> con m\u00e1s experiencia y \u00e9xito en Asia Pac\u00edfico. Esto garantiza que tendr\u00e1 una gran cantidad de experiencia y conocimientos para utilizar durante su curso de Instructor de Personal IDC y m\u00e1s all\u00e1.<\/p>\n<p>El curso PADI IDC Staff Instructor es una calificaci\u00f3n extremadamente valiosa de-ntro de la industria. Un instructor de personal de IDC est\u00e1 calificado para ayudar al director del curso PADI en PADI IDC, as\u00ed como para realizar de forma independiente el curso de instructor <a href=\"https:\/\/idckohtao.com\/pro-level-courses\/assistant-instructor\/\">asistente PADI<\/a><\/p>\n<p><img decoding=\"async\" class=\"alignnone wp-image-754 size-large\" src=\"https:\/\/idckohtao.com\/wp-content\/uploads\/2023\/08\/idc-koh-tao-confined-pool-water-presentations-padi-1024x768.jpg\" alt=\"idc-koh-tao-confined-pool-water-presentations-padi\" width=\"1024\" height=\"768\" srcset=\"https:\/\/idckohtao.com\/wp-content\/uploads\/2023\/08\/idc-koh-tao-confined-pool-water-presentations-padi-1024x768.jpg 1024w, https:\/\/idckohtao.com\/wp-content\/uploads\/2023\/08\/idc-koh-tao-confined-pool-water-presentations-padi-300x225.jpg 300w, https:\/\/idckohtao.com\/wp-content\/uploads\/2023\/08\/idc-koh-tao-confined-pool-water-presentations-padi-768x576.jpg 768w, https:\/\/idckohtao.com\/wp-content\/uploads\/2023\/08\/idc-koh-tao-confined-pool-water-presentations-padi.jpg 1080w\" sizes=\"(max-width: 1024px) 100vw, 1024px\" \/><\/p>\n<p>Si se toma en serio una carrera larga y exitosa, el curso de Instructor de Personal de IDC es un paso importante en este proceso y es sumamente beneficioso para sus futuros clientes.<\/p>\n<p>El curso de Instructor de Personal de IDC es el primer paso en el camino para convertirse en Director de Curso PADI. Adem\u00e1s, la mayor\u00eda de los puestos de gesti\u00f3n dentro de la industria del buceo con escafandra hacen de IDC Staff Instructor un requisito previo importante para los solicitantes.<\/p>\n<h3><b>\u00bfQui\u00e9n puede inscribirse en el curso de Instructor de Personal IDC?<\/b><\/h3>\n<p>Un nuevo PADI Master Scuba Diver Trainer (<a href=\"https:\/\/idckohtao.com\/pro-level-courses\/master-scuba-diver-trainer-program\/\">MSDT<\/a>)<\/p>\n<h3><b>\u00bfQue aprender\u00e1s?<\/b><\/h3>\n<p>Una vez que hayamos evaluado previamente su teor\u00eda de buceo a nivel de instruc-tor, habilidades de buceo de calidad de demostraci\u00f3n de nivel profesional y t\u00e9cnicas de presentaci\u00f3n de modelos a seguir, participar\u00e1 en las siguientes sesiones:<\/p>\n<ul>\n<li>Normas de desarrollo del instructor, procedimientos y curr\u00edculo.<\/li>\n<li>C\u00f3mo organizar y dirigir el curso de Instructor Asistente PADI.<\/li>\n<li>La psicolog\u00eda de la evaluaci\u00f3n y el asesoramiento.<\/li>\n<li>Evaluaci\u00f3n del desarrollo del conocimiento, presentaciones en agua confinada y en aguas abiertas.<\/li>\n<\/ul>\n<p>[\/vc_column_text]<div class=\"text-left\"><div class=\"bt-course-price\"><a href=\"https:\/\/idckohtao.com\/es\/deposit-request-form\" class=\"button\">RESERVA AHORA<\/a><\/div><\/div>[vc_column_text css=\u00bb\u00bb]Tambi\u00e9n auditar\u00e1s un IDC completo. Esto implica participar en las 20 presentaciones del curr\u00edculo de IDC y evaluar las presentaciones de los candidatos en el aula, la piscina y en el oc\u00e9ano.<\/p>\n<p>Como PADI IDC Staff Instructor, est\u00e1 certificado para impartir de forma independiente el curso de\u00a0<strong>PADI Assistant Instructor<\/strong>, as\u00ed como para ayudar al Di-rector del curso PADI en el\u00a0<strong>Curso de Desarrollo de Instructores PADI<\/strong>\u00a0y otros cursos de educaci\u00f3n continua a nivel de instructor, como los programas de capacitaci\u00f3n\u00a0<strong>PADI Specialty Instructor<\/strong>.<\/p>\n<p><img decoding=\"async\" class=\"alignnone wp-image-756 size-large\" src=\"https:\/\/idckohtao.com\/wp-content\/uploads\/2023\/08\/idc-koh-tao-crystal-dive-march-course-director-1024x575.jpg\" alt=\"idc-koh-tao-crystal-dive-march-course-director\" width=\"1024\" height=\"575\" srcset=\"https:\/\/idckohtao.com\/wp-content\/uploads\/2023\/08\/idc-koh-tao-crystal-dive-march-course-director-1024x575.jpg 1024w, https:\/\/idckohtao.com\/wp-content\/uploads\/2023\/08\/idc-koh-tao-crystal-dive-march-course-director-300x168.jpg 300w, https:\/\/idckohtao.com\/wp-content\/uploads\/2023\/08\/idc-koh-tao-crystal-dive-march-course-director-768x431.jpg 768w, https:\/\/idckohtao.com\/wp-content\/uploads\/2023\/08\/idc-koh-tao-crystal-dive-march-course-director.jpg 1080w\" sizes=\"(max-width: 1024px) 100vw, 1024px\" \/><\/p>\n<h3><b>Materiales PADI requeridos<\/b><\/h3>\n<p><b>Please bring the following materials with you. You received these as part of the IDC Crew Pack<\/b><\/p>\n<ul>\n<li>PADI Specialty Course Instructor Manual (CD-Rom)<br \/>\nGu\u00eda PADI para la ense\u00f1anza (versi\u00f3n en papel o CD-Rom)<\/li>\n<li>Cuaderno de conocimientos de buceo<\/li>\n<li>Cuestionarios y ex\u00e1menes de examen PADI [Open Water, <a href=\"https:\/\/idckohtao.com\/rescue-diver-course\/\">Rescue Diver<\/a>, Divemaster]<\/li>\n<li><a href=\"https:\/\/idckohtao.com\/es\/advanced-open-water-course\/\">Open Water<\/a>, Advanced, Rescue Diver, <a href=\"https:\/\/idckohtao.com\/pro-level-courses\/padi-divemaster-course\/\">curso Divemaster Instructor<\/a> Cue Cards<\/li>\n<\/ul>\n<p>Adem\u00e1s, tambi\u00e9n necesitar\u00e1 una copia del Manual del instructor PADI. del 2010, el manual del Instructor est\u00e1 disponible como descarga gratuita para todos los miembros PADI que se renueven desde\u00a0<a href=\"https:\/\/www.padi.com\/mypadi\/\" target=\"_blank\" rel=\"noopener\">https:\/\/www.padi.com\/mypadi\/<\/a><\/p>\n<h3><b>TAXAS PADI\u00a0<\/b><\/h3>\n<p>Tarifa de solicitud de instructor de personal de: AUD$ 236[\/vc_column_text][\/vc_column][\/vc_row][vc_row][vc_column]<div class=\"section-wrap\"><h3 class=\"section-title\">Preguntas frecuentes<\/h3><div class=\"faq-wrapper\"><div class=\"accordion-panel active\">\r\n                    <div class=\"panel-heading\">    \r\n                        <h3 class=\"panel-title\">\r\n                            Cu\u00e1l es el mejor momento para realizar tu curso PADI Staff Instructor?\r\n                        <\/h3>\r\n                    <\/div>\r\n                    <div class=\"panel-detail\">\r\n                        <p>No hay un requerimiento de tiempo despu\u00e9s de que termines tu entrenamiento de MSDT.<\/p>\n<p>Mientras seas un Emergency First Response Instructor y MSDT, puedes convertirte en un PADI Staff Instructor.<\/p>\n<p>El curso PADI Staff Instructor es el paso siguiente en tu carrera como profesional del buceo.<\/p>\n<p>En esta industria, tener experiencia es siempre beneficioso a la hora de ense\u00f1ar a futuros profesionales de buceo.<\/p>\n<p>Dicho esto, puedes usar el curso de Staff Instructor como una manera de adquirir m\u00e1s experiencia en la ense\u00f1anza y te permite volver a donde todo comenz\u00f3, tu IDC.<\/p>\n<p>Cualquier instructor puede beneficiarse con un repaso de est\u00e1ndares y un mejor entendimiento del sistema de ense\u00f1anza PADI.<\/p>\n\r\n                    <\/div>\r\n                <\/div><div class=\"accordion-panel \">\r\n                    <div class=\"panel-heading\">    \r\n                        <h3 class=\"panel-title\">\r\n                            Cu\u00e1nto tiempo me tomar\u00eda convertirme en un PADI Staff Instructor?\r\n                        <\/h3>\r\n                    <\/div>\r\n                    <div class=\"panel-detail\">\r\n                        <p>Hay dos maneras de convertirte en un PADI Staff Instructor. La primera es asistiendo a un IDC completo.<\/p>\n<p>Esto significa que participaras en todas las secciones requeridas del curriculum del IDC. Acorde a los est\u00e1ndares de PADI, podr\u00edas completar un IDC en 8 d\u00edas.<\/p>\n<p>Nosotros realizamos un programa de 2 semanas y recomendamos que en lo posible asistas a las dos semanas completas.<\/p>\n<p>Necesitas asistir a las sesiones de desarrollo de conocimientos del curso Staff Instructor. Esto se realiza un d\u00eda antes de empezar el IDC.<\/p>\n<p>Otra forma de completar tu entrenamiento de PADI Staff Instructor es dando una presentaci\u00f3n de todos los componentes del curso Assistant Instructor.<\/p>\n<p>El curso de Assistant Instructor tiene una duraci\u00f3n de entre 3 y 5 d\u00edas, dependiendo del clima y de si los candidatos completaron el E-learning o no.<\/p>\n<p>Nosotros recomendamos asistir un IDC completo, ya que es el m\u00e9todo que m\u00e1s te beneficiara en tu educaci\u00f3n, entendimiento y entrenamiento.<\/p>\n\r\n                    <\/div>\r\n                <\/div><div class=\"accordion-panel \">\r\n                    <div class=\"panel-heading\">    \r\n                        <h3 class=\"panel-title\">\r\n                            C\u00f3mo puedo prepararme para el curso PADI Staff Instructor?\r\n                        <\/h3>\r\n                    <\/div>\r\n                    <div class=\"panel-detail\">\r\n                        <p>Algunos de los requisitos que necesitas cumplir para completar el curso Staff Instructor son:<\/p>\n<ul>\n<li>Obtener un puntaje m\u00ednimo de 80 por ciento en cada examen te\u00f3rico.<\/li>\n<li>Obtener un puntaje m\u00ednimo de 80 por ciento en el examen de est\u00e1ndares y procedimientos<\/li>\n<li>Realizar las 24 habilidades en piscina, y obtener un m\u00ednimo de 96 con ninguna habilidad puntuada por debajo de 3 puntos.<\/li>\n<\/ul>\n<p>Recomendamos que empieces haciendo un repaso de la teor\u00eda del buceo. No solo para poder cumplir con todos los objetivos del curso sino tambi\u00e9n para sentirte seguro al ayudar a los alumnos en sus ex\u00e1menes te\u00f3ricos.<\/p>\n<p>Tambi\u00e9n podemos enviarte ex\u00e1menes de pr\u00e1ctica de teor\u00eda y tambi\u00e9n de est\u00e1ndares y procedimientos.<\/p>\n<p>Esto har\u00e1 que llegues sinti\u00e9ndote m\u00e1s seguro de tus conocimientos.<\/p>\n<p>Si puedes llegar antes del comienzo del curso, te recomendamos que te apuntes a nuestros Divemaster Skill Circuit Workshops.<\/p>\n<p>Esto te permitir\u00e1 refrescar tus habilidades de buceo y a la vez podr\u00e1s trabajar y evaluar profesionales.<\/p>\n\r\n                    <\/div>\r\n                <\/div><div class=\"accordion-panel \">\r\n                    <div class=\"panel-heading\">    \r\n                        <h3 class=\"panel-title\">\r\n                            Qu\u00e9 aprender\u00e9 durante el curso PADI Staff Instructor?\r\n                        <\/h3>\r\n                    <\/div>\r\n                    <div class=\"panel-detail\">\r\n                        <p>El curso PADI Staff Instructor est\u00e1 orientado a prepararte para ense\u00f1ar el curso PADI Assistant Instructor y a asistir el IDC, trabajando conjuntamente con un PADI Course Director.<\/p>\n<p>Durante el curso veremos los est\u00e1ndares del curso Assistant Instructor y del Open Water Scuba Instructor del manual de PADI Course Director.<\/p>\n<p>Tambi\u00e9n repasaremos y evaluaremos como organizar y conducir ambos cursos y la psicolog\u00eda de evaluaci\u00f3n y asesoramiento.<\/p>\n<p>Luego tendr\u00e1s la oportunidad de asistir a un IDC completo. Esto te dar\u00e1 la posibilidad de ver el curso de una perspectiva completamente nueva. Es un gran repaso de est\u00e1ndares y t\u00e9cnicas de ense\u00f1anza.<\/p>\n<p>Durante el IDC nos enfocamos en tu entrenamiento de evaluaci\u00f3n. Te ense\u00f1aremos como evaluar adecuadamente las presentaciones de los candidatos del IDC.<\/p>\n\r\n                    <\/div>\r\n                <\/div><div class=\"accordion-panel \">\r\n                    <div class=\"panel-heading\">    \r\n                        <h3 class=\"panel-title\">\r\n                            Qu\u00e9 puedo hacer una vez que me convierta en un PADI Staff Instructor?\r\n                        <\/h3>\r\n                    <\/div>\r\n                    <div class=\"panel-detail\">\r\n                        <p>Durante cada IDC les preguntamos a nuestros candidatos porque decidieron convertirse en instructores de buceo. Sus respuestas nos ayudan a entender que es lo que est\u00e1n buscando durante su entrenamiento y como ayudarlos a que cumplan sus metas personales.<\/p>\n<p>Esperamos hacer lo mismo por ti y descubrir que es lo que estas queriendo obtener durante tu entrenamiento de Staff Instructor.<\/p>\n<p>Esto determinara cuales ser\u00e1n nuestras recomendaciones para ti una vez que termines el curso.<\/p>\n<p>Algunas de las tareas que puedes realizar como un PADI Staff Instructor son:<\/p>\n<ul>\n<li>Conducir un curso PADI Assistant Instructor independientemente<\/li>\n<li>Ense\u00f1ar segmentos de entrenamiento del IDC con un PADI Course Director<\/li>\n<li>Evaluar y corregir las presentaciones de los candidatos a instructor<\/li>\n<li>Asistir con programas de educaci\u00f3n continua a nivel instructor<\/li>\n<\/ul>\n<p>Tambi\u00e9n querr\u00e1s considerar echarle un vistazo a nuestro Master Instructor Internship, ya que este ser\u00eda el siguiente paso al finalizar este curso.<\/p>\n<p>Esto te har\u00e1 obtener m\u00e1s experiencia como un PADI Staff Instructor y convertirte en un profesional PADI mas complete.<\/p>\n\r\n                    <\/div>\r\n                <\/div><\/div>\r\n                <\/div>[\/vc_column][\/vc_row]<\/p>\n<\/div>","protected":false},"excerpt":{"rendered":"<p>[vc_row][vc_column][vc_column_text css=\u00bb\u00bb] Our 5 Star PADI Staff Instructor Courses on Koh Tao, Thailand Curso de Instructor PADI IDCS Tarjeta con c\u00f3digo para el Manual Digital PADI Course Director Video de Evaluaci\u00f3n de Entrenamiento IDC Tablilla de Evaluaci\u00f3n de Aguas Confinadas Tablilla de Evaluaci\u00f3n de Aguas Abiertas Tablilla de Evaluaci\u00f3n de Habilidades Tablilla de Preparaci\u00f3n de [&hellip;]<\/p>\n","protected":false},"author":1,"featured_media":4652,"parent":7936,"menu_order":0,"comment_status":"closed","ping_status":"closed","template":"","meta":{"_acf_changed":false,"footnotes":""},"class_list":["post-3238","page","type-page","status-publish","has-post-thumbnail","hentry"],"acf":[],"yoast_head":"<!-- This site is optimized with the Yoast SEO Premium plugin v27.5 (Yoast SEO v27.5) - https:\/\/yoast.com\/product\/yoast-seo-premium-wordpress\/ -->\n<title>IDC Koh Tao | Curso PADI IDC Staff Instructor en Koh Tao<\/title>\n<meta name=\"description\" content=\"Nuestro curso PADI IDC Staff Instructor incluye ex\u00e1menes te\u00f3ricos y est\u00e1ndares de buceo de IDC Staff Instructor y aprende a evaluar y criticar a los candidatos de IDC\" \/>\n<meta name=\"robots\" content=\"index, follow, max-snippet:-1, max-image-preview:large, max-video-preview:-1\" \/>\n<link rel=\"canonical\" href=\"https:\/\/idckohtao.com\/es\/pro-level-courses\/idc-staff-instructor-course\/\" \/>\n<meta property=\"og:locale\" content=\"es_ES\" \/>\n<meta property=\"og:type\" content=\"article\" \/>\n<meta property=\"og:title\" content=\"IDC Koh Tao | Curso PADI IDC Staff Instructor en Koh Tao\" \/>\n<meta property=\"og:description\" content=\"Nuestro curso PADI IDC Staff Instructor incluye ex\u00e1menes te\u00f3ricos y est\u00e1ndares de buceo de IDC Staff Instructor y aprende a evaluar y criticar a los candidatos de IDC\" \/>\n<meta property=\"og:url\" content=\"https:\/\/idckohtao.com\/es\/pro-level-courses\/idc-staff-instructor-course\/\" \/>\n<meta property=\"og:site_name\" content=\"IDC Koh Tao\" \/>\n<meta property=\"article:publisher\" content=\"https:\/\/www.facebook.com\/GoProIDCKohTao\" \/>\n<meta property=\"article:modified_time\" content=\"2026-01-13T09:21:17+00:00\" \/>\n<meta property=\"og:image\" content=\"https:\/\/idckohtao.com\/wp-content\/uploads\/2023\/08\/padi-idc-koh-tao-staff-instructor-course-confined-water-skill-train.jpg\" \/>\n\t<meta property=\"og:image:width\" content=\"1080\" \/>\n\t<meta property=\"og:image:height\" content=\"720\" \/>\n\t<meta property=\"og:image:type\" content=\"image\/jpeg\" \/>\n<meta name=\"twitter:card\" content=\"summary_large_image\" \/>\n<meta name=\"twitter:title\" content=\"IDC Koh Tao | Curso PADI IDC Staff Instructor en Koh Tao\" \/>\n<meta name=\"twitter:description\" content=\"Nuestro curso PADI IDC Staff Instructor incluye ex\u00e1menes te\u00f3ricos y est\u00e1ndares de buceo de IDC Staff Instructor y aprende a evaluar y criticar a los candidatos de IDC\" \/>\n<meta name=\"twitter:image\" content=\"https:\/\/idckohtao.com\/wp-content\/uploads\/2023\/08\/padi-idc-koh-tao-staff-instructor-course-confined-water-skill-train.jpg\" \/>\n<meta name=\"twitter:site\" content=\"@GoProIDCKohTao\" \/>\n<!-- \/ Yoast SEO Premium plugin. -->","yoast_head_json":{"title":"IDC Koh Tao | Curso PADI IDC Staff Instructor en Koh Tao","description":"Nuestro curso PADI IDC Staff Instructor incluye ex\u00e1menes te\u00f3ricos y est\u00e1ndares de buceo de IDC Staff Instructor y aprende a evaluar y criticar a los candidatos de IDC","robots":{"index":"index","follow":"follow","max-snippet":"max-snippet:-1","max-image-preview":"max-image-preview:large","max-video-preview":"max-video-preview:-1"},"canonical":"https:\/\/idckohtao.com\/es\/pro-level-courses\/idc-staff-instructor-course\/","og_locale":"es_ES","og_type":"article","og_title":"IDC Koh Tao | Curso PADI IDC Staff Instructor en Koh Tao","og_description":"Nuestro curso PADI IDC Staff Instructor incluye ex\u00e1menes te\u00f3ricos y est\u00e1ndares de buceo de IDC Staff Instructor y aprende a evaluar y criticar a los candidatos de IDC","og_url":"https:\/\/idckohtao.com\/es\/pro-level-courses\/idc-staff-instructor-course\/","og_site_name":"IDC Koh Tao","article_publisher":"https:\/\/www.facebook.com\/GoProIDCKohTao","article_modified_time":"2026-01-13T09:21:17+00:00","og_image":[{"width":1080,"height":720,"url":"https:\/\/idckohtao.com\/wp-content\/uploads\/2023\/08\/padi-idc-koh-tao-staff-instructor-course-confined-water-skill-train.jpg","type":"image\/jpeg"}],"twitter_card":"summary_large_image","twitter_title":"IDC Koh Tao | Curso PADI IDC Staff Instructor en Koh Tao","twitter_description":"Nuestro curso PADI IDC Staff Instructor incluye ex\u00e1menes te\u00f3ricos y est\u00e1ndares de buceo de IDC Staff Instructor y aprende a evaluar y criticar a los candidatos de IDC","twitter_image":"https:\/\/idckohtao.com\/wp-content\/uploads\/2023\/08\/padi-idc-koh-tao-staff-instructor-course-confined-water-skill-train.jpg","twitter_site":"@GoProIDCKohTao","schema":{"@context":"https:\/\/schema.org","@graph":[{"@type":"NewsArticle","@id":"https:\/\/idckohtao.com\/es\/pro-level-courses\/idc-staff-instructor-course\/#article","isPartOf":{"@id":"https:\/\/idckohtao.com\/es\/pro-level-courses\/idc-staff-instructor-course\/"},"author":{"name":"ojasya","@id":"https:\/\/idckohtao.com\/es\/#\/schema\/person\/d08d557cbfdbc171f824052dae697b02"},"headline":"Idc Staff Instructor Course","datePublished":"2023-08-09T13:41:26+00:00","dateModified":"2026-01-13T09:21:17+00:00","mainEntityOfPage":{"@id":"https:\/\/idckohtao.com\/es\/pro-level-courses\/idc-staff-instructor-course\/"},"wordCount":1575,"publisher":{"@id":"https:\/\/idckohtao.com\/es\/#organization"},"image":{"@id":"https:\/\/idckohtao.com\/es\/pro-level-courses\/idc-staff-instructor-course\/#primaryimage"},"thumbnailUrl":"https:\/\/idckohtao.com\/wp-content\/uploads\/2023\/09\/idckohtao.com-idc-staff-instructor-course-in-thailand.jpeg","inLanguage":"es"},{"@type":"WebPage","@id":"https:\/\/idckohtao.com\/es\/pro-level-courses\/idc-staff-instructor-course\/","url":"https:\/\/idckohtao.com\/es\/pro-level-courses\/idc-staff-instructor-course\/","name":"IDC Koh Tao | Curso PADI IDC Staff Instructor en Koh Tao","isPartOf":{"@id":"https:\/\/idckohtao.com\/es\/#website"},"primaryImageOfPage":{"@id":"https:\/\/idckohtao.com\/es\/pro-level-courses\/idc-staff-instructor-course\/#primaryimage"},"image":{"@id":"https:\/\/idckohtao.com\/es\/pro-level-courses\/idc-staff-instructor-course\/#primaryimage"},"thumbnailUrl":"https:\/\/idckohtao.com\/wp-content\/uploads\/2023\/09\/idckohtao.com-idc-staff-instructor-course-in-thailand.jpeg","datePublished":"2023-08-09T13:41:26+00:00","dateModified":"2026-01-13T09:21:17+00:00","description":"Nuestro curso PADI IDC Staff Instructor incluye ex\u00e1menes te\u00f3ricos y est\u00e1ndares de buceo de IDC Staff Instructor y aprende a evaluar y criticar a los candidatos de IDC","breadcrumb":{"@id":"https:\/\/idckohtao.com\/es\/pro-level-courses\/idc-staff-instructor-course\/#breadcrumb"},"inLanguage":"es","potentialAction":[{"@type":"ReadAction","target":["https:\/\/idckohtao.com\/es\/pro-level-courses\/idc-staff-instructor-course\/"]}]},{"@type":"ImageObject","inLanguage":"es","@id":"https:\/\/idckohtao.com\/es\/pro-level-courses\/idc-staff-instructor-course\/#primaryimage","url":"https:\/\/idckohtao.com\/wp-content\/uploads\/2023\/09\/idckohtao.com-idc-staff-instructor-course-in-thailand.jpeg","contentUrl":"https:\/\/idckohtao.com\/wp-content\/uploads\/2023\/09\/idckohtao.com-idc-staff-instructor-course-in-thailand.jpeg","width":1200,"height":900,"caption":"padi idc staff instructor course in thailand"},{"@type":"BreadcrumbList","@id":"https:\/\/idckohtao.com\/es\/pro-level-courses\/idc-staff-instructor-course\/#breadcrumb","itemListElement":[{"@type":"ListItem","position":1,"name":"Home","item":"https:\/\/idckohtao.com\/es\/"},{"@type":"ListItem","position":2,"name":"Pro level","item":"https:\/\/idckohtao.com\/es\/pro-level-courses\/"},{"@type":"ListItem","position":3,"name":"Idc Staff Instructor Course"}]},{"@type":"WebSite","@id":"https:\/\/idckohtao.com\/es\/#website","url":"https:\/\/idckohtao.com\/es\/","name":"IDC Koh Tao","description":"PADI IDC 5 Star Diving Center in Koh Tao - Thailand","publisher":{"@id":"https:\/\/idckohtao.com\/es\/#organization"},"alternateName":"IDC Koh Tao in Thailand","potentialAction":[{"@type":"SearchAction","target":{"@type":"EntryPoint","urlTemplate":"https:\/\/idckohtao.com\/es\/?s={search_term_string}"},"query-input":{"@type":"PropertyValueSpecification","valueRequired":true,"valueName":"search_term_string"}}],"inLanguage":"es"},{"@type":"Organization","@id":"https:\/\/idckohtao.com\/es\/#organization","name":"IDC Koh Tao","alternateName":"IDC Koh Tao | Divemaster & Diving Instructor","url":"https:\/\/idckohtao.com\/es\/","logo":{"@type":"ImageObject","inLanguage":"es","@id":"https:\/\/idckohtao.com\/es\/#\/schema\/logo\/image\/","url":"https:\/\/idckohtao.com\/wp-content\/uploads\/2023\/09\/idckohtao.com-padi-diving-center-in-koh-tao-thailand.png","contentUrl":"https:\/\/idckohtao.com\/wp-content\/uploads\/2023\/09\/idckohtao.com-padi-diving-center-in-koh-tao-thailand.png","width":400,"height":300,"caption":"IDC Koh Tao"},"image":{"@id":"https:\/\/idckohtao.com\/es\/#\/schema\/logo\/image\/"},"sameAs":["https:\/\/www.facebook.com\/GoProIDCKohTao","https:\/\/x.com\/GoProIDCKohTao","https:\/\/www.youtube.com\/idckohtao","https:\/\/www.instagram.com\/idc.kohtao\/"],"description":"IDC Koh Tao is a part of the Black Turtle Dive pro level training team with three PADI Course Directors being led by Award Winning PADI Course Director Matt Bolton. Our full range of pro and recreational PADI Diving Courses provides aspiring scuba divers with education, fun, excitement, adventure, and a change of lifestyle or an opportunity to pursue a new career.","email":"info@idckohtao.com","legalName":"IDC Koh Tao","foundingDate":"2004-01-04","numberOfEmployees":{"@type":"QuantitativeValue","minValue":"1","maxValue":"10"},"correctionsPolicy":"https:\/\/idckohtao.com\/privacy-policy\/","ethicsPolicy":"https:\/\/idckohtao.com\/terms\/"},{"@type":"Person","@id":"https:\/\/idckohtao.com\/es\/#\/schema\/person\/d08d557cbfdbc171f824052dae697b02","name":"ojasya","image":{"@type":"ImageObject","inLanguage":"es","@id":"https:\/\/secure.gravatar.com\/avatar\/6fb34e36d09053a6545fc21d344613321bb1933f185132488f38052166f5a001?s=96&d=mm&r=g","url":"https:\/\/secure.gravatar.com\/avatar\/6fb34e36d09053a6545fc21d344613321bb1933f185132488f38052166f5a001?s=96&d=mm&r=g","contentUrl":"https:\/\/secure.gravatar.com\/avatar\/6fb34e36d09053a6545fc21d344613321bb1933f185132488f38052166f5a001?s=96&d=mm&r=g","caption":"ojasya"},"sameAs":["https:\/\/idckohtao.com"],"url":"https:\/\/idckohtao.com\/es\/blog\/author\/ojasya\/"}]}},"_links":{"self":[{"href":"https:\/\/idckohtao.com\/es\/wp-json\/wp\/v2\/pages\/3238","targetHints":{"allow":["GET"]}}],"collection":[{"href":"https:\/\/idckohtao.com\/es\/wp-json\/wp\/v2\/pages"}],"about":[{"href":"https:\/\/idckohtao.com\/es\/wp-json\/wp\/v2\/types\/page"}],"author":[{"embeddable":true,"href":"https:\/\/idckohtao.com\/es\/wp-json\/wp\/v2\/users\/1"}],"replies":[{"embeddable":true,"href":"https:\/\/idckohtao.com\/es\/wp-json\/wp\/v2\/comments?post=3238"}],"version-history":[{"count":2,"href":"https:\/\/idckohtao.com\/es\/wp-json\/wp\/v2\/pages\/3238\/revisions"}],"predecessor-version":[{"id":7630,"href":"https:\/\/idckohtao.com\/es\/wp-json\/wp\/v2\/pages\/3238\/revisions\/7630"}],"up":[{"embeddable":true,"href":"https:\/\/idckohtao.com\/es\/wp-json\/wp\/v2\/pages\/7936"}],"wp:featuredmedia":[{"embeddable":true,"href":"https:\/\/idckohtao.com\/es\/wp-json\/wp\/v2\/media\/4652"}],"wp:attachment":[{"href":"https:\/\/idckohtao.com\/es\/wp-json\/wp\/v2\/media?parent=3238"}],"curies":[{"name":"wp","href":"https:\/\/api.w.org\/{rel}","templated":true}]}}