{"id":3242,"date":"2023-08-08T08:32:18","date_gmt":"2023-08-08T08:32:18","guid":{"rendered":"https:\/\/idckohtao.com\/instructor-internship\/"},"modified":"2026-04-22T07:25:47","modified_gmt":"2026-04-22T07:25:47","slug":"instructor-internship","status":"publish","type":"page","link":"https:\/\/idckohtao.com\/es\/pro-level-courses\/instructor-internship\/","title":{"rendered":"Instructor Internship"},"content":{"rendered":"<div class=\"wpb-content-wrapper\"><p>[vc_row][vc_column][vc_column_text css=\u00bb\u00bb]<\/p>\n<h2>PADI IDC Work Internship completo \u2022 Experiencia laboral de la vida real<\/h2>\n<h3>PADI Instructor Internship en Tailandia<\/h3>\n<p>Ubicado en el\u00a0<a href=\"https:\/\/www.blackturtledive.com\/\" target=\"_blank\" rel=\"noopener noreferrer\">centro de buceo Black Turtle Dive<\/a>, IDC Koh Tao ofrece programas de pr\u00e1cticas integrales para instructores de buceo PADI, desde no buceadores, buceadores principantes, hasta instructores de buceo certificados.<\/p>\n<p>Nuestros eficaces programas de formaci\u00f3n de buzos est\u00e1n personalizados para satisfacer las necesidades de cada candidato, habiendo entrenado con \u00e9xito a miles de buzos principantes que ahora est\u00e1n impartiendo sus propios\u00a0<a href=\"https:\/\/idckohtao.com\/es\/padi-diving-courses\/\">cursos de buceo<\/a>\u00a0en todo el mundo.<\/p>\n<p>Nos enorgullecemos de la calidad de nuestra metodolog\u00eda de entrenamiento de buceadores y nuestros programas de pr\u00e1cticas de instructor de buceo PADI son perfectos para aquellos que desean comenzar una nueva carrera y cambiar su estilo de vida.<\/p>\n<p>La galardonada pasant\u00eda para instructores PADI de Matt cubre el doble del trabajo de agua requerido por los est\u00e1ndares PADI y mucho m\u00e1s que otros centros IDC.<\/p>\n<p><img decoding=\"async\" class=\"alignnone wp-image-328 size-large\" src=\"https:\/\/idckohtao.com\/wp-content\/uploads\/2023\/08\/idckohtao.com-padi-instructor-internships-kohtao-pool-skills-1024x649.jpg\" alt=\"idckohtao.com-padi-instructor-internships-kohtao-pool-skills\" width=\"1024\" height=\"649\" srcset=\"https:\/\/idckohtao.com\/wp-content\/uploads\/2023\/08\/idckohtao.com-padi-instructor-internships-kohtao-pool-skills-1024x649.jpg 1024w, https:\/\/idckohtao.com\/wp-content\/uploads\/2023\/08\/idckohtao.com-padi-instructor-internships-kohtao-pool-skills-300x190.jpg 300w, https:\/\/idckohtao.com\/wp-content\/uploads\/2023\/08\/idckohtao.com-padi-instructor-internships-kohtao-pool-skills-768x486.jpg 768w, https:\/\/idckohtao.com\/wp-content\/uploads\/2023\/08\/idckohtao.com-padi-instructor-internships-kohtao-pool-skills.jpg 1080w\" sizes=\"(max-width: 1024px) 100vw, 1024px\" \/><\/p>\n<p>Tambi\u00e9n se incluye una extensa revisi\u00f3n de la teor\u00eda de buceo y talleres adicionales de desarrollo de habilidades para mejorar y afinar tus habilidades en el agua<\/p>\n<div class=\"page\" title=\"Page 1\">\n<div class=\"section\">\n<div class=\"layoutArea\">\n<div class=\"column\">\n<p>Como centro de desarrollo profesional de PADI (\u00a1la calificaci\u00f3n m\u00e1s alta de PADI!), IDC Koh Tao se especializa en cursos de capacitaci\u00f3n de nivel profesional PADI dedicados y programas de pasant\u00edas de\u00a0<a href=\"https:\/\/idckohtao.com\/es\/pro-level-courses\/scuba-diving-internships\/\">buceo con todo incluido<\/a>.<\/p>\n<p>Somos uno de los centros de buceo PADI m\u00e1s establecidos y respetados del mundo, y hemos sido reconocidos en numerosas ocasiones por nuestros est\u00e1ndares de capacitaci\u00f3n, niveles de profesionalismo y actividades ambientales, ganando m\u00e1s de 20 premios de la industria del buceo.<\/p>\n<p>Estos incluyen ser la \u00fanica operaci\u00f3n de buceo basada en Tailandia que haya ganado el Premio de Capacitaci\u00f3n de Buceador para la regi\u00f3n de\u00a0<a href=\"https:\/\/en.wikipedia.org\/wiki\/Asia-Pacific\" target=\"_blank\" rel=\"noopener\">Asia Pac\u00edfico<\/a>. Este premio es para \u201clogros sobresalientes y profesionalismo en relaci\u00f3n con el aumento de los est\u00e1ndares en el campo de la formaci\u00f3n de buzos\u201d.<\/p>\n<p>Tambi\u00e9n hemos sido galardonados con el Premio al Logro Ambiental del\u00a0<a href=\"https:\/\/www.padi.com\/aware\" target=\"_blank\" rel=\"noopener\">Proyecto AWARE<\/a>\u00a0en tres ocasiones. Este es un premio anual que reconoce los \u201cesfuerzos ejemplares para conservar los ambientes acu\u00e1ticos a trav\u00e9s de la educaci\u00f3n, la promoci\u00f3n y la acci\u00f3n\u201d.<\/p>\n<p>Nuestro equipo de desarrollo de instructores, liderado por el galardonado director de cursos de platino, Matt Bolton, recibi\u00f3 el Premio al desarrollo de instructores por su \u201cContribuci\u00f3n sobresaliente al <a href=\"https:\/\/idckohtao.com\/pro-level-courses\/padi-instructor-development-course\/\">desarrollo de instructores<\/a>\u201d un r\u00e9cord de 5 veces.<\/p>\n<\/div>\n<\/div>\n<\/div>\n<\/div>\n<h3>Full PADI Instructor Internship Lifestyle Program<\/h3>\n<ul>\n<li>Curso\u00a0<a href=\"https:\/\/idckohtao.com\/es\/open-water-course\/\">PADI Open Water<\/a><\/li>\n<li>Curso\u00a0<a href=\"https:\/\/idckohtao.com\/es\/advanced-open-water-course\/\">PADI Advanced Open Water<\/a><\/li>\n<li>Curso EFR Cuidados Primarios y Secundarios<\/li>\n<li>Curso\u00a0<a href=\"https:\/\/idckohtao.com\/es\/rescue-diver-course\/\">PADI Rescue Diver<\/a><\/li>\n<li>Curso\u00a0<a href=\"https:\/\/idckohtao.com\/es\/pro-level-courses\/padi-divemaster-course\/\">PADI Divemaster<\/a><\/li>\n<li>Taller de Flotabilidad\u00a0<em>Mec\u00e1nica de Fluidos<\/em><\/li>\n<li>Programa de\u00a0<a href=\"https:\/\/idckohtao.com\/es\/marine-conservation\/\">Conservaci\u00f3n y Ecolog\u00eda<\/a>\u00a0de Arrecifes que incluye seminario sobre ecolog\u00eda, limpieza de playas, estudio de micropl\u00e1sticos, Dive Agains Debris y estudio de salud del coral.<\/li>\n<li>Taller de Social Media y Marketing Online<\/li>\n<li>Todos los\u00a0<a href=\"https:\/\/idckohtao.com\/es\/padi-diving-courses\/\">buceos<\/a>\u00a0necesarios desde principiante a Instructor<\/li>\n<li>70 buceos GRATUITOS adicionales a tu discreci\u00f3n durante tu estancia.<\/li>\n<li>Todos los Materiales Educativos PADI y Tasas de Certificaci\u00f3n.<\/li>\n<li>Crewpak Digital PADI Divemaster\n<ul>\n<li>Divemaster e-Learning<\/li>\n<li>Enciclopedia de Buceo Recreacional<\/li>\n<li>Planificador Electr\u00f3nico de Buceo (e-RDPML)<\/li>\n<li>ReActivate e-Learning<\/li>\n<\/ul>\n<\/li>\n<li>Crewpak F\u00edsico PADI Divemaster\n<ul>\n<li>Bolsa de port\u00e1til PADI Pro<\/li>\n<li>Manual de Instructor PADI con cuaderno de anillas<\/li>\n<li>Slates de Divemaster<\/li>\n<li>DSD Cue Card<\/li>\n<li>Bit\u00e1cora<\/li>\n<\/ul>\n<\/li>\n<li>Equipo de buceo consistente en:\n<ul>\n<li>Br\u00fajula de buceo<\/li>\n<li>Pizarra de mu\u00f1eca y lapicero<\/li>\n<li>Boya de marcaci\u00f3n de superficie<\/li>\n<li>Silbato<\/li>\n<li>M\u00e1scara de Respiraciones de Rescate CPR<\/li>\n<li>Cuchillo cer\u00e1mico de buceo<\/li>\n<li>Camiseta<\/li>\n<\/ul>\n<\/li>\n<li>Primer a\u00f1o de Membres\u00eda PADI<\/li>\n<li>Un a\u00f1o de Seguro de Buceo con cobertura internacional DiveAssist ScubaMedic Classic (IDEC)<\/li>\n<li>Certificado m\u00e9dico<\/li>\n<li>Preparatoria IDC<\/li>\n<li>Curso PADI IDC<\/li>\n<li>Curso de Instructor Cuidados Primarios y Secundarios EFR<\/li>\n<li>Curso de Instructor Cuidado Infantil EFR<\/li>\n<li>Crewpak Digital PADI IDC\n<ul>\n<li>IDC e-learning<\/li>\n<li>Gu\u00eda de ense\u00f1anza PADI<\/li>\n<li>Cuaderno de Conocimientos de Buceo<\/li>\n<li>Cuadernillos de Tests y Ex\u00e1menes PADI (Open Water, Rescue Diver, Divemaster)<\/li>\n<li>Gu\u00eda del Instructor Project AWARE<\/li>\n<li>Tutorial sobre recursos de IDC y Online Processing Center<\/li>\n<li>Gu\u00eda del Instructor Peak Performance Buoyancy Speciality<\/li>\n<li>PADI Open Water Course Prescriptive Lesson Guides<\/li>\n<\/ul>\n<\/li>\n<li>Crewpak F\u00edsico PADI IDC\n<ul>\n<li>Mochila PADI<\/li>\n<li>Pizarras de planificaci\u00f3n de ense\u00f1anza (Confinadas y Aguas Abiertas)<\/li>\n<li>Pizarra de planificaci\u00f3n de buceo y de pr\u00e1ctica de habilidades<\/li>\n<li>Cue Cards para los cursos Open Water, Advanced, Rescue Diver y Divemaster<\/li>\n<\/ul>\n<\/li>\n<li><a href=\"https:\/\/idckohtao.com\/es\/packages-prices\/\">Tasas IDC\/IE<\/a> ($AUS 1,782)<\/li>\n<li>\u00a1Garant\u00eda de aprobado!<\/li>\n<li>Colaboraci\u00f3n con nuestro equipo de ense\u00f1anza hasta alcanzar teaching status.<\/li>\n<li>Asistencia con tu visado.<\/li>\n<li>M\u00e9dico de buceo.<\/li>\n<li>Comidas buffet durante los cursos de IDC e Instructor EFR.<\/li>\n<\/ul>\n<h2><img decoding=\"async\" class=\"alignnone wp-image-338 size-large\" src=\"https:\/\/idckohtao.com\/wp-content\/uploads\/2023\/08\/idckohtao.com-padi-instructor-development-course-and-instructor-internship-on-kohtao-nangyuan-island-1024x540.jpg\" alt=\"idckohtao.com-padi-instructor-development-course-and-instructor-internship-on-kohtao-nangyuan-island\" width=\"1024\" height=\"540\" srcset=\"https:\/\/idckohtao.com\/wp-content\/uploads\/2023\/08\/idckohtao.com-padi-instructor-development-course-and-instructor-internship-on-kohtao-nangyuan-island-1024x540.jpg 1024w, https:\/\/idckohtao.com\/wp-content\/uploads\/2023\/08\/idckohtao.com-padi-instructor-development-course-and-instructor-internship-on-kohtao-nangyuan-island-300x158.jpg 300w, https:\/\/idckohtao.com\/wp-content\/uploads\/2023\/08\/idckohtao.com-padi-instructor-development-course-and-instructor-internship-on-kohtao-nangyuan-island-768x405.jpg 768w, https:\/\/idckohtao.com\/wp-content\/uploads\/2023\/08\/idckohtao.com-padi-instructor-development-course-and-instructor-internship-on-kohtao-nangyuan-island.jpg 1080w\" sizes=\"(max-width: 1024px) 100vw, 1024px\" \/><\/h2>\n<p>[\/vc_column_text]<div class=\"text-left\"><div class=\"bt-course-price\"><h4>Precio del curso: 194,000 THB<\/h4><a href=\"https:\/\/idckohtao.com\/es\/packages-prices\/#internship\" class=\"button\">RESERVALO AHORA<\/a><\/div><\/div>[vc_column_text css=\u00bb\u00bb]<\/p>\n<h3>Opciones y complementos<\/h3>\n<p>Aguas abiertas&gt; Instructor\/\u00a0<strong>186,000 THB<\/strong><br \/>\nAdv. Aguas abiertas&gt; Instructor\u00a0\/\u00a0<strong>177,000 THB<\/strong><br \/>\nRescue Diver&gt; Instructor\u00a0\/\u00a0<strong>166,000 THB<\/strong>[\/vc_column_text][\/vc_column][\/vc_row]<\/p>\n<\/div>","protected":false},"excerpt":{"rendered":"<p>[vc_row][vc_column][vc_column_text css=\u00bb\u00bb] PADI IDC Work Internship completo \u2022 Experiencia laboral de la vida real PADI Instructor Internship en Tailandia Ubicado en el\u00a0centro de buceo Black Turtle Dive, IDC Koh Tao ofrece programas de pr\u00e1cticas integrales para instructores de buceo PADI, desde no buceadores, buceadores principantes, hasta instructores de buceo certificados. Nuestros eficaces programas de formaci\u00f3n [&hellip;]<\/p>\n","protected":false},"author":1,"featured_media":4481,"parent":7936,"menu_order":0,"comment_status":"closed","ping_status":"closed","template":"","meta":{"_acf_changed":false,"footnotes":""},"class_list":["post-3242","page","type-page","status-publish","has-post-thumbnail","hentry"],"acf":[],"yoast_head":"<!-- This site is optimized with the Yoast SEO Premium plugin v27.5 (Yoast SEO v27.5) - https:\/\/yoast.com\/product\/yoast-seo-premium-wordpress\/ -->\n<title>IDC Koh Tao | Thailand - Internship Instructor De Buceo PADI<\/title>\n<meta name=\"description\" content=\"Pr\u00e1cticas completas de instructor PADI y programas de carrera en IDC Koh Tao, Tailandia, con el galardonado director del curso PADI, Matt Bolton. Horarios flexibles de pr\u00e1cticas\" \/>\n<meta name=\"robots\" content=\"index, follow, max-snippet:-1, max-image-preview:large, max-video-preview:-1\" \/>\n<link rel=\"canonical\" href=\"https:\/\/idckohtao.com\/es\/pro-level-courses\/instructor-internship\/\" \/>\n<meta property=\"og:locale\" content=\"es_ES\" \/>\n<meta property=\"og:type\" content=\"article\" \/>\n<meta property=\"og:title\" content=\"IDC Koh Tao | Thailand - Internship Instructor De Buceo PADI\" \/>\n<meta property=\"og:description\" content=\"Pr\u00e1cticas completas de instructor PADI y programas de carrera en IDC Koh Tao, Tailandia, con el galardonado director del curso PADI, Matt Bolton. Horarios flexibles de pr\u00e1cticas\" \/>\n<meta property=\"og:url\" content=\"https:\/\/idckohtao.com\/es\/pro-level-courses\/instructor-internship\/\" \/>\n<meta property=\"og:site_name\" content=\"IDC Koh Tao\" \/>\n<meta property=\"article:publisher\" content=\"https:\/\/www.facebook.com\/GoProIDCKohTao\" \/>\n<meta property=\"article:modified_time\" content=\"2026-04-22T07:25:47+00:00\" \/>\n<meta property=\"og:image\" content=\"https:\/\/idckohtao.com\/wp-content\/uploads\/2023\/08\/idckohtao.com-padi-instructor-development-course-and-scuba-diving-internship-lifestyle-packages-on-kohtao-crystal-dive-pools.jpg\" \/>\n\t<meta property=\"og:image:width\" content=\"1080\" \/>\n\t<meta property=\"og:image:height\" content=\"720\" \/>\n\t<meta property=\"og:image:type\" content=\"image\/jpeg\" \/>\n<meta name=\"twitter:card\" content=\"summary_large_image\" \/>\n<meta name=\"twitter:title\" content=\"IDC Koh Tao | Thailand - Internship Instructor De Buceo PADI\" \/>\n<meta name=\"twitter:description\" content=\"Pr\u00e1cticas completas de instructor PADI y programas de carrera en IDC Koh Tao, Tailandia, con el galardonado director del curso PADI, Matt Bolton. Horarios flexibles de pr\u00e1cticas\" \/>\n<meta name=\"twitter:site\" content=\"@GoProIDCKohTao\" \/>\n<!-- \/ Yoast SEO Premium plugin. -->","yoast_head_json":{"title":"IDC Koh Tao | Thailand - Internship Instructor De Buceo PADI","description":"Pr\u00e1cticas completas de instructor PADI y programas de carrera en IDC Koh Tao, Tailandia, con el galardonado director del curso PADI, Matt Bolton. Horarios flexibles de pr\u00e1cticas","robots":{"index":"index","follow":"follow","max-snippet":"max-snippet:-1","max-image-preview":"max-image-preview:large","max-video-preview":"max-video-preview:-1"},"canonical":"https:\/\/idckohtao.com\/es\/pro-level-courses\/instructor-internship\/","og_locale":"es_ES","og_type":"article","og_title":"IDC Koh Tao | Thailand - Internship Instructor De Buceo PADI","og_description":"Pr\u00e1cticas completas de instructor PADI y programas de carrera en IDC Koh Tao, Tailandia, con el galardonado director del curso PADI, Matt Bolton. Horarios flexibles de pr\u00e1cticas","og_url":"https:\/\/idckohtao.com\/es\/pro-level-courses\/instructor-internship\/","og_site_name":"IDC Koh Tao","article_publisher":"https:\/\/www.facebook.com\/GoProIDCKohTao","article_modified_time":"2026-04-22T07:25:47+00:00","og_image":[{"width":1080,"height":720,"url":"https:\/\/idckohtao.com\/wp-content\/uploads\/2023\/08\/idckohtao.com-padi-instructor-development-course-and-scuba-diving-internship-lifestyle-packages-on-kohtao-crystal-dive-pools.jpg","type":"image\/jpeg"}],"twitter_card":"summary_large_image","twitter_title":"IDC Koh Tao | Thailand - Internship Instructor De Buceo PADI","twitter_description":"Pr\u00e1cticas completas de instructor PADI y programas de carrera en IDC Koh Tao, Tailandia, con el galardonado director del curso PADI, Matt Bolton. Horarios flexibles de pr\u00e1cticas","twitter_site":"@GoProIDCKohTao","schema":{"@context":"https:\/\/schema.org","@graph":[{"@type":"NewsArticle","@id":"https:\/\/idckohtao.com\/es\/pro-level-courses\/instructor-internship\/#article","isPartOf":{"@id":"https:\/\/idckohtao.com\/es\/pro-level-courses\/instructor-internship\/"},"author":{"name":"ojasya","@id":"https:\/\/idckohtao.com\/es\/#\/schema\/person\/d08d557cbfdbc171f824052dae697b02"},"headline":"Instructor Internship","datePublished":"2023-08-08T08:32:18+00:00","dateModified":"2026-04-22T07:25:47+00:00","mainEntityOfPage":{"@id":"https:\/\/idckohtao.com\/es\/pro-level-courses\/instructor-internship\/"},"wordCount":830,"publisher":{"@id":"https:\/\/idckohtao.com\/es\/#organization"},"image":{"@id":"https:\/\/idckohtao.com\/es\/pro-level-courses\/instructor-internship\/#primaryimage"},"thumbnailUrl":"https:\/\/idckohtao.com\/wp-content\/uploads\/2023\/09\/idckohtao.com-padi-diving-instructor-course-in-thailand.jpeg","inLanguage":"es"},{"@type":"WebPage","@id":"https:\/\/idckohtao.com\/es\/pro-level-courses\/instructor-internship\/","url":"https:\/\/idckohtao.com\/es\/pro-level-courses\/instructor-internship\/","name":"IDC Koh Tao | Thailand - Internship Instructor De Buceo PADI","isPartOf":{"@id":"https:\/\/idckohtao.com\/es\/#website"},"primaryImageOfPage":{"@id":"https:\/\/idckohtao.com\/es\/pro-level-courses\/instructor-internship\/#primaryimage"},"image":{"@id":"https:\/\/idckohtao.com\/es\/pro-level-courses\/instructor-internship\/#primaryimage"},"thumbnailUrl":"https:\/\/idckohtao.com\/wp-content\/uploads\/2023\/09\/idckohtao.com-padi-diving-instructor-course-in-thailand.jpeg","datePublished":"2023-08-08T08:32:18+00:00","dateModified":"2026-04-22T07:25:47+00:00","description":"Pr\u00e1cticas completas de instructor PADI y programas de carrera en IDC Koh Tao, Tailandia, con el galardonado director del curso PADI, Matt Bolton. Horarios flexibles de pr\u00e1cticas","breadcrumb":{"@id":"https:\/\/idckohtao.com\/es\/pro-level-courses\/instructor-internship\/#breadcrumb"},"inLanguage":"es","potentialAction":[{"@type":"ReadAction","target":["https:\/\/idckohtao.com\/es\/pro-level-courses\/instructor-internship\/"]}]},{"@type":"ImageObject","inLanguage":"es","@id":"https:\/\/idckohtao.com\/es\/pro-level-courses\/instructor-internship\/#primaryimage","url":"https:\/\/idckohtao.com\/wp-content\/uploads\/2023\/09\/idckohtao.com-padi-diving-instructor-course-in-thailand.jpeg","contentUrl":"https:\/\/idckohtao.com\/wp-content\/uploads\/2023\/09\/idckohtao.com-padi-diving-instructor-course-in-thailand.jpeg","width":1200,"height":899,"caption":"PADI Diving Instructor Internships on Koh Tao"},{"@type":"BreadcrumbList","@id":"https:\/\/idckohtao.com\/es\/pro-level-courses\/instructor-internship\/#breadcrumb","itemListElement":[{"@type":"ListItem","position":1,"name":"Home","item":"https:\/\/idckohtao.com\/es\/"},{"@type":"ListItem","position":2,"name":"Pro level","item":"https:\/\/idckohtao.com\/es\/pro-level-courses\/"},{"@type":"ListItem","position":3,"name":"Instructor Internship"}]},{"@type":"WebSite","@id":"https:\/\/idckohtao.com\/es\/#website","url":"https:\/\/idckohtao.com\/es\/","name":"IDC Koh Tao","description":"PADI IDC 5 Star Diving Center in Koh Tao - Thailand","publisher":{"@id":"https:\/\/idckohtao.com\/es\/#organization"},"alternateName":"IDC Koh Tao in Thailand","potentialAction":[{"@type":"SearchAction","target":{"@type":"EntryPoint","urlTemplate":"https:\/\/idckohtao.com\/es\/?s={search_term_string}"},"query-input":{"@type":"PropertyValueSpecification","valueRequired":true,"valueName":"search_term_string"}}],"inLanguage":"es"},{"@type":"Organization","@id":"https:\/\/idckohtao.com\/es\/#organization","name":"IDC Koh Tao","alternateName":"IDC Koh Tao | Divemaster & Diving Instructor","url":"https:\/\/idckohtao.com\/es\/","logo":{"@type":"ImageObject","inLanguage":"es","@id":"https:\/\/idckohtao.com\/es\/#\/schema\/logo\/image\/","url":"https:\/\/idckohtao.com\/wp-content\/uploads\/2023\/09\/idckohtao.com-padi-diving-center-in-koh-tao-thailand.png","contentUrl":"https:\/\/idckohtao.com\/wp-content\/uploads\/2023\/09\/idckohtao.com-padi-diving-center-in-koh-tao-thailand.png","width":400,"height":300,"caption":"IDC Koh Tao"},"image":{"@id":"https:\/\/idckohtao.com\/es\/#\/schema\/logo\/image\/"},"sameAs":["https:\/\/www.facebook.com\/GoProIDCKohTao","https:\/\/x.com\/GoProIDCKohTao","https:\/\/www.youtube.com\/idckohtao","https:\/\/www.instagram.com\/idc.kohtao\/"],"description":"IDC Koh Tao is a part of the Black Turtle Dive pro level training team with three PADI Course Directors being led by Award Winning PADI Course Director Matt Bolton. Our full range of pro and recreational PADI Diving Courses provides aspiring scuba divers with education, fun, excitement, adventure, and a change of lifestyle or an opportunity to pursue a new career.","email":"info@idckohtao.com","legalName":"IDC Koh Tao","foundingDate":"2004-01-04","numberOfEmployees":{"@type":"QuantitativeValue","minValue":"1","maxValue":"10"},"correctionsPolicy":"https:\/\/idckohtao.com\/privacy-policy\/","ethicsPolicy":"https:\/\/idckohtao.com\/terms\/"},{"@type":"Person","@id":"https:\/\/idckohtao.com\/es\/#\/schema\/person\/d08d557cbfdbc171f824052dae697b02","name":"ojasya","image":{"@type":"ImageObject","inLanguage":"es","@id":"https:\/\/secure.gravatar.com\/avatar\/6fb34e36d09053a6545fc21d344613321bb1933f185132488f38052166f5a001?s=96&d=mm&r=g","url":"https:\/\/secure.gravatar.com\/avatar\/6fb34e36d09053a6545fc21d344613321bb1933f185132488f38052166f5a001?s=96&d=mm&r=g","contentUrl":"https:\/\/secure.gravatar.com\/avatar\/6fb34e36d09053a6545fc21d344613321bb1933f185132488f38052166f5a001?s=96&d=mm&r=g","caption":"ojasya"},"sameAs":["https:\/\/idckohtao.com"],"url":"https:\/\/idckohtao.com\/es\/blog\/author\/ojasya\/"}]}},"_links":{"self":[{"href":"https:\/\/idckohtao.com\/es\/wp-json\/wp\/v2\/pages\/3242","targetHints":{"allow":["GET"]}}],"collection":[{"href":"https:\/\/idckohtao.com\/es\/wp-json\/wp\/v2\/pages"}],"about":[{"href":"https:\/\/idckohtao.com\/es\/wp-json\/wp\/v2\/types\/page"}],"author":[{"embeddable":true,"href":"https:\/\/idckohtao.com\/es\/wp-json\/wp\/v2\/users\/1"}],"replies":[{"embeddable":true,"href":"https:\/\/idckohtao.com\/es\/wp-json\/wp\/v2\/comments?post=3242"}],"version-history":[{"count":3,"href":"https:\/\/idckohtao.com\/es\/wp-json\/wp\/v2\/pages\/3242\/revisions"}],"predecessor-version":[{"id":7744,"href":"https:\/\/idckohtao.com\/es\/wp-json\/wp\/v2\/pages\/3242\/revisions\/7744"}],"up":[{"embeddable":true,"href":"https:\/\/idckohtao.com\/es\/wp-json\/wp\/v2\/pages\/7936"}],"wp:featuredmedia":[{"embeddable":true,"href":"https:\/\/idckohtao.com\/es\/wp-json\/wp\/v2\/media\/4481"}],"wp:attachment":[{"href":"https:\/\/idckohtao.com\/es\/wp-json\/wp\/v2\/media?parent=3242"}],"curies":[{"name":"wp","href":"https:\/\/api.w.org\/{rel}","templated":true}]}}