{"id":3247,"date":"2023-08-09T10:19:46","date_gmt":"2023-08-09T10:19:46","guid":{"rendered":"https:\/\/idckohtao.com\/lifestyle-packages\/"},"modified":"2023-09-16T22:10:23","modified_gmt":"2023-09-16T22:10:23","slug":"lifestyle-packages","status":"publish","type":"page","link":"https:\/\/idckohtao.com\/es\/lifestyle-packages\/","title":{"rendered":"Lifestyle Packages"},"content":{"rendered":"<div class=\"wpb-content-wrapper\"><p>[vc_row][vc_column][vc_column_text]<\/p>\n<h2>Paquetes de estilo de vida de buceo en una isla tropical paradis\u00edaca<\/h2>\n<h2>Paquetes de estilo de vida para todos<\/h2>\n<p>Como un Centro de Desarrollo de Carrera PADI (CDC) altamente acreditado con dos d\u00e9cadas de experiencia en cursos de buceo, pasant\u00edas de buceo y paquetes de buceo a medida, entendemos que las necesidades de capacitaci\u00f3n de un aspirante a profesional del buceo pueden ser diferentes.<\/p>\n<p>Como un\u00a0<a href=\"https:\/\/idckohtao.com\/es\/padi-diving-courses\/\">buceador de nivel recreativo<\/a>\u00a0que busca \u201cGoPro\u201d y lleva su nivel de conocimientos y habilidades de buceo a nivel profesional, saber qu\u00e9 cursos elegir para ayudarle en su viaje puede ser una tarea desalentadora.<\/p>\n<p>IDC Koh Tao ayuda a facilitar el proceso de toma de decisiones al combinar los cursos individuales de buceo m\u00e1s populares en \u201cpaquetes de estilo de vida\u201d que brindan un valor excepcional y le brindan una mayor flexibilidad en la planificaci\u00f3n de su viaje.<\/p>\n<p>Desde nuestra p\u00e1gina de\u00a0<a href=\"https:\/\/idckohtao.com\/es\/packages-prices\/\">paquetes y precios<\/a>, puede elegir entre una selecci\u00f3n de los paquetes de capacitaci\u00f3n \u201ctodo incluido\u201d m\u00e1s populares para entrenar y convertirse en un profesional de buceo de varios niveles de certificaci\u00f3n de buzo recreativo.<\/p>\n<p>Una de las ventajas de llevar un paquete de\u00a0<a href=\"https:\/\/idckohtao.com\/es\/scuba-diving-internships\/\">pr\u00e1cticas de estilo de vida<\/a>\u00a0o buceo con nosotros es que proporcionan un valor real. Nuestros precios principales son los m\u00e1s competitivos de toda Tailandia y unirse a nosotros en\u00a0<a href=\"https:\/\/idckohtao.com\/\">IDC Koh Tao<\/a>\u00a0le brinda beneficios adicionales.<\/p>\n<ul>\n<li>Todo incluido significa que todas las tarifas del curso se pagan sin costos ocultos<\/li>\n<li>Compromiso fijo con flexibilidad a\u00f1adida a la programaci\u00f3n de la capacitaci\u00f3n.<\/li>\n<li>Asesoramiento para el desarrollo profesional<\/li>\n<li>Mercanc\u00edas al por menor con descuento en equipos de buceo como pasante<\/li>\n<li>Experiencia de los m\u00e1s experimentados directores de cursos PADI y maestros instructores<\/li>\n<li>Pr\u00e1cticas laborales reales (trabaja mientras aprendes)<\/li>\n<li>Centro de desarrollo profesional PADI ganador del premio 5 estrellas<\/li>\n<li>Programa y educaci\u00f3n l\u00edderes en conservaci\u00f3n marina<\/li>\n<\/ul>\n<p><img decoding=\"async\" class=\"alignnone wp-image-696 size-large\" src=\"https:\/\/idckohtao.com\/wp-content\/uploads\/2023\/08\/crystal-dive-koh-tao-100000-reasons-to-dive-with-ceo-padi-award-1024x682.jpg\" alt=\"crystal-dive-koh-tao-100000-reasons-to-dive-with-ceo-padi-award\" width=\"1024\" height=\"682\" srcset=\"https:\/\/idckohtao.com\/wp-content\/uploads\/2023\/08\/crystal-dive-koh-tao-100000-reasons-to-dive-with-ceo-padi-award-1024x682.jpg 1024w, https:\/\/idckohtao.com\/wp-content\/uploads\/2023\/08\/crystal-dive-koh-tao-100000-reasons-to-dive-with-ceo-padi-award-300x200.jpg 300w, https:\/\/idckohtao.com\/wp-content\/uploads\/2023\/08\/crystal-dive-koh-tao-100000-reasons-to-dive-with-ceo-padi-award-768x512.jpg 768w, https:\/\/idckohtao.com\/wp-content\/uploads\/2023\/08\/crystal-dive-koh-tao-100000-reasons-to-dive-with-ceo-padi-award-1536x1024.jpg 1536w, https:\/\/idckohtao.com\/wp-content\/uploads\/2023\/08\/crystal-dive-koh-tao-100000-reasons-to-dive-with-ceo-padi-award.jpg 2000w\" sizes=\"(max-width: 1024px) 100vw, 1024px\" \/><\/p>\n<p>Como un\u00a0<a href=\"https:\/\/idckohtao.com\/es\/padi-divemaster-course\/\">Divemaster PADI<\/a>\u00a0que busca progresar en su carrera y ense\u00f1ar a nuevos buceadores estudiantiles, podemos ofrecerle cualquier combinaci\u00f3n de cursos de capacitaci\u00f3n para capacitarlo y convertirse en\u00a0<a href=\"https:\/\/idckohtao.com\/es\/padi-instructor-development-course\/\">Instructor PADI<\/a>\u00a0o\u00a0<a href=\"https:\/\/idckohtao.com\/es\/master-scuba-diver-trainer-program\/\">Instructor especializado<\/a>.<\/p>\n<p>Como instructor, le ofrecemos todas las opciones para ascender en la carrera profesional PADI a\u00a0<a href=\"https:\/\/idckohtao.com\/es\/idc-staff-instructor-course\/\">Instructor del personal<\/a>,\u00a0<a href=\"https:\/\/idckohtao.com\/es\/padi-master-instructor\/\">Instructor principal<\/a>\u00a0y prepararle para las solicitudes de Director de curso con nuestra preparaci\u00f3n de\u00a0<a href=\"https:\/\/idckohtao.com\/es\/cdtc-prep-course\/\">CDTC con<\/a>\u00a0el galardonado Director de curso de\u00a0<a href=\"https:\/\/idckohtao.com\/es\/padi-course-director-matt-bolton\/\">PADI Matt Bolton<\/a>.<\/p>\n<p>Como <a href=\"https:\/\/idckohtao.com\/open-water-course\/\">buceador de palanca recreativa<\/a>, le ofrecemos opciones para convertirse en un\u00a0<a href=\"https:\/\/idckohtao.com\/es\/why-choose-padi\/\">Divemaster PADI<\/a>, el curso de nivel \u201cpro\u201d m\u00e1s popular del mundo e incluye pasant\u00edas laborales para obtener experiencia en el mundo real.Highly Skilled &amp; Employable PADI Professional<\/p>\n<p>Quiz\u00e1s est\u00e9 planeando tomar un a\u00f1o de brecha corto o prolongado o est\u00e9 experimentando un cambio de carrera, o tal vez necesite un puente para un cambio completo de estilo de vida. Cualquiera sea la raz\u00f3n, tenemos un paquete de estilo de vida que se adapta a su nivel actual de capacitaci\u00f3n.<\/p>\n<h2>Una isla dedicada al buceo<\/h2>\n<p><a href=\"https:\/\/idckohtao.com\/es\/why-choose-koh-tao\/\">La isla Koh Tao<\/a>\u00a0es un para\u00edso para los buceadores con una cultura de buceo bien establecida y un excelente clima para el buceo durante todo el a\u00f1o. A pesar de que est\u00e1 a solo 21 kil\u00f3metros alrededor de su costa, en todo el mundo, es el lugar n\u00famero uno para la formaci\u00f3n de buceadores y nuevas certificaciones de buzos. M\u00e1s de un buzo estudiantil se entrena aqu\u00ed en Koh Tao que en cualquier parte del mundo, a\u00f1o tras a\u00f1o.<\/p>\n<p>En consecuencia, Koh Tao tiene los niveles m\u00e1s altos de est\u00e1ndares de entrenamiento de buzos e IDC Koh Tao recibi\u00f3 otro\u00a0<a href=\"https:\/\/idckohtao.com\/es\/padi-course-director-matt-bolton\/\">premio PADI<\/a>\u00a0en 2017 para reflejar nuestro compromiso con la seguridad y la capacitaci\u00f3n del buzo.<\/p>\n<p>Los instructores de buceo en Koh Tao son profesionales con mucha experiencia y despu\u00e9s de trabajar aqu\u00ed, sus opciones de empleo global aumentar\u00e1n significativamente.Marine Conservation initiatives<\/p>\n<p>La isla en s\u00ed es un para\u00edso id\u00edlico y una isla tropical t\u00edpica, ya que disfruta de una exuberante selva tropical en las laderas y puntos de vista, playas impresionantes y bah\u00edas con aguas cristalinas y atardeceres famosos a diario.<\/p>\n<p>Las temperaturas del mar var\u00edan de 26+ a 30 \u00b0 C con un promedio de alrededor de 28 grados cent\u00edgrados. Hay m\u00e1s de 26 sitios de buceo para elegir para entrenar cada tipo y nivel de curso, desde superficial a profundo, Tec y naufragio a proyectos de conservaci\u00f3n.Flexible PADI Scuba Diving Internships<\/p>\n<p>Las opciones de comida son variadas, desde restaurantes, caf\u00e9s, bares, comida de pub para todo tipo de platos occidentales hasta tailandeses y asi\u00e1ticos, y muy amigables con el presupuesto.<\/p>\n<p>Tambi\u00e9n hay una amplia gama de opciones de alojamiento para elegir, que incluyen albergues econ\u00f3micos, compartidos, bungalows en la playa, villas en la jungla a exclusivos resorts de 5 estrellas. Todas cuentan con instalaciones modernas, agua dulce, aire acondicionado o ventiladores, y hay una opci\u00f3n que se adapta a cada presupuesto.<\/p>\n<p><img decoding=\"async\" class=\"alignnone wp-image-697 size-large\" src=\"https:\/\/idckohtao.com\/wp-content\/uploads\/2023\/08\/crystal-dive-koh-tao-idc-feb-2017-confined-water-serious-1024x683.jpg\" alt=\"crystal-dive-koh-tao-idc-feb-2017-confined-water-serious\" width=\"1024\" height=\"683\" srcset=\"https:\/\/idckohtao.com\/wp-content\/uploads\/2023\/08\/crystal-dive-koh-tao-idc-feb-2017-confined-water-serious-1024x683.jpg 1024w, https:\/\/idckohtao.com\/wp-content\/uploads\/2023\/08\/crystal-dive-koh-tao-idc-feb-2017-confined-water-serious-300x200.jpg 300w, https:\/\/idckohtao.com\/wp-content\/uploads\/2023\/08\/crystal-dive-koh-tao-idc-feb-2017-confined-water-serious-768x512.jpg 768w, https:\/\/idckohtao.com\/wp-content\/uploads\/2023\/08\/crystal-dive-koh-tao-idc-feb-2017-confined-water-serious.jpg 1080w\" sizes=\"(max-width: 1024px) 100vw, 1024px\" \/><\/p>\n<h2>Koh Tao \u2022 Dedicado a la conservaci\u00f3n<\/h2>\n<p>IDC Koh Tao se ha comprometido con los proyectos de conservaci\u00f3n marina durante muchos a\u00f1os. Nuestro equipo es l\u00edder en la regi\u00f3n de Asia Pac\u00edfico por proporcionar Educaci\u00f3n para la Conservaci\u00f3n Marina y tiene m\u00faltiples proyectos de Eco en ejecuci\u00f3n en cualquier momento.<\/p>\n<p>En consecuencia, incorporamos un m\u00f3dulo de conservaci\u00f3n en todos nuestros paquetes de pr\u00e1cticas y estilos de vida.<\/p>\n<p>Nuestros paquetes de estilo de vida son una excelente continuaci\u00f3n de un romance de por vida con el buceo y para cualquier aspirante a profesional del buceo que busca volver a entrenar o continuar su educaci\u00f3n de nivel profesional.<\/p>\n<p>Lea nuestra p\u00e1gina de\u00a0<a href=\"https:\/\/idckohtao.com\/es\/faqs\/\">preguntas frecuentes<\/a>\u00a0y\u00a0<a href=\"https:\/\/idckohtao.com\/es\/contact\/\">p\u00f3ngase en contacto<\/a>\u00a0con nosotros para obtener m\u00e1s detalles sobre c\u00f3mo puede cambiar su vida a partir de hoy.[\/vc_column_text]<div class=\"text-left\"><div class=\"bt-course-price\"><a href=\"https:\/\/idckohtao.com\/es\/packages-prices\/#internship\" class=\"button\">RESERVALO AHORA<\/a><\/div><\/div>[\/vc_column][\/vc_row]<\/p>\n<\/div>","protected":false},"excerpt":{"rendered":"<p>[vc_row][vc_column][vc_column_text] Paquetes de estilo de vida de buceo en una isla tropical paradis\u00edaca Paquetes de estilo de vida para todos Como un Centro de Desarrollo de Carrera PADI (CDC) altamente acreditado con dos d\u00e9cadas de experiencia en cursos de buceo, pasant\u00edas de buceo y paquetes de buceo a medida, entendemos que las necesidades de capacitaci\u00f3n [&hellip;]<\/p>\n","protected":false},"author":1,"featured_media":4601,"parent":0,"menu_order":0,"comment_status":"closed","ping_status":"closed","template":"","meta":{"_acf_changed":false,"footnotes":""},"class_list":["post-3247","page","type-page","status-publish","has-post-thumbnail","hentry"],"acf":[],"yoast_head":"<!-- This site is optimized with the Yoast SEO Premium plugin v27.5 (Yoast SEO v27.5) - https:\/\/yoast.com\/product\/yoast-seo-premium-wordpress\/ -->\n<title>IDC Koh Tao | Paquetes De Buceo Un estilo de vida Tailandia<\/title>\n<meta name=\"description\" content=\"Nuestros paquetes de estilo de vida de buceo PADI en Koh Tao incluyen todo y ofrecen un horario flexible para que tu carrera de buceo tenga el mejor comienzo\" \/>\n<meta name=\"robots\" content=\"index, follow, max-snippet:-1, max-image-preview:large, max-video-preview:-1\" \/>\n<link rel=\"canonical\" href=\"https:\/\/idckohtao.com\/es\/lifestyle-packages\/\" \/>\n<meta property=\"og:locale\" content=\"es_ES\" \/>\n<meta property=\"og:type\" content=\"article\" \/>\n<meta property=\"og:title\" content=\"IDC Koh Tao | Paquetes De Buceo Un estilo de vida Tailandia\" \/>\n<meta property=\"og:description\" content=\"Nuestros paquetes de estilo de vida de buceo PADI en Koh Tao incluyen todo y ofrecen un horario flexible para que tu carrera de buceo tenga el mejor comienzo\" \/>\n<meta property=\"og:url\" content=\"https:\/\/idckohtao.com\/es\/lifestyle-packages\/\" \/>\n<meta property=\"og:site_name\" content=\"IDC Koh Tao\" \/>\n<meta property=\"article:publisher\" content=\"https:\/\/www.facebook.com\/GoProIDCKohTao\" \/>\n<meta property=\"article:modified_time\" content=\"2023-09-16T22:10:23+00:00\" \/>\n<meta property=\"og:image\" content=\"https:\/\/idckohtao.com\/wp-content\/uploads\/2023\/08\/padi-idc-koh-tao-idc-pool-training-course-director-lifestyle-packages.jpg\" \/>\n\t<meta property=\"og:image:width\" content=\"1042\" \/>\n\t<meta property=\"og:image:height\" content=\"630\" \/>\n\t<meta property=\"og:image:type\" content=\"image\/jpeg\" \/>\n<meta name=\"twitter:card\" content=\"summary_large_image\" \/>\n<meta name=\"twitter:title\" content=\"IDC Koh Tao | Paquetes De Buceo Un estilo de vida Tailandia\" \/>\n<meta name=\"twitter:description\" content=\"Nuestros paquetes de estilo de vida de buceo PADI en Koh Tao incluyen todo y ofrecen un horario flexible para que tu carrera de buceo tenga el mejor comienzo\" \/>\n<meta name=\"twitter:site\" content=\"@GoProIDCKohTao\" \/>\n<!-- \/ Yoast SEO Premium plugin. -->","yoast_head_json":{"title":"IDC Koh Tao | Paquetes De Buceo Un estilo de vida Tailandia","description":"Nuestros paquetes de estilo de vida de buceo PADI en Koh Tao incluyen todo y ofrecen un horario flexible para que tu carrera de buceo tenga el mejor comienzo","robots":{"index":"index","follow":"follow","max-snippet":"max-snippet:-1","max-image-preview":"max-image-preview:large","max-video-preview":"max-video-preview:-1"},"canonical":"https:\/\/idckohtao.com\/es\/lifestyle-packages\/","og_locale":"es_ES","og_type":"article","og_title":"IDC Koh Tao | Paquetes De Buceo Un estilo de vida Tailandia","og_description":"Nuestros paquetes de estilo de vida de buceo PADI en Koh Tao incluyen todo y ofrecen un horario flexible para que tu carrera de buceo tenga el mejor comienzo","og_url":"https:\/\/idckohtao.com\/es\/lifestyle-packages\/","og_site_name":"IDC Koh Tao","article_publisher":"https:\/\/www.facebook.com\/GoProIDCKohTao","article_modified_time":"2023-09-16T22:10:23+00:00","og_image":[{"width":1042,"height":630,"url":"https:\/\/idckohtao.com\/wp-content\/uploads\/2023\/08\/padi-idc-koh-tao-idc-pool-training-course-director-lifestyle-packages.jpg","type":"image\/jpeg"}],"twitter_card":"summary_large_image","twitter_title":"IDC Koh Tao | Paquetes De Buceo Un estilo de vida Tailandia","twitter_description":"Nuestros paquetes de estilo de vida de buceo PADI en Koh Tao incluyen todo y ofrecen un horario flexible para que tu carrera de buceo tenga el mejor comienzo","twitter_site":"@GoProIDCKohTao","schema":{"@context":"https:\/\/schema.org","@graph":[{"@type":"NewsArticle","@id":"https:\/\/idckohtao.com\/es\/lifestyle-packages\/#article","isPartOf":{"@id":"https:\/\/idckohtao.com\/es\/lifestyle-packages\/"},"author":{"name":"ojasya","@id":"https:\/\/idckohtao.com\/es\/#\/schema\/person\/d08d557cbfdbc171f824052dae697b02"},"headline":"Lifestyle Packages","datePublished":"2023-08-09T10:19:46+00:00","dateModified":"2023-09-16T22:10:23+00:00","mainEntityOfPage":{"@id":"https:\/\/idckohtao.com\/es\/lifestyle-packages\/"},"wordCount":1019,"publisher":{"@id":"https:\/\/idckohtao.com\/es\/#organization"},"image":{"@id":"https:\/\/idckohtao.com\/es\/lifestyle-packages\/#primaryimage"},"thumbnailUrl":"https:\/\/idckohtao.com\/wp-content\/uploads\/2023\/09\/idckohtao.com-scuba-diving-lifestyle-internships-on-koh-tao-thailand.jpg","inLanguage":"es"},{"@type":"WebPage","@id":"https:\/\/idckohtao.com\/es\/lifestyle-packages\/","url":"https:\/\/idckohtao.com\/es\/lifestyle-packages\/","name":"IDC Koh Tao | Paquetes De Buceo Un estilo de vida Tailandia","isPartOf":{"@id":"https:\/\/idckohtao.com\/es\/#website"},"primaryImageOfPage":{"@id":"https:\/\/idckohtao.com\/es\/lifestyle-packages\/#primaryimage"},"image":{"@id":"https:\/\/idckohtao.com\/es\/lifestyle-packages\/#primaryimage"},"thumbnailUrl":"https:\/\/idckohtao.com\/wp-content\/uploads\/2023\/09\/idckohtao.com-scuba-diving-lifestyle-internships-on-koh-tao-thailand.jpg","datePublished":"2023-08-09T10:19:46+00:00","dateModified":"2023-09-16T22:10:23+00:00","description":"Nuestros paquetes de estilo de vida de buceo PADI en Koh Tao incluyen todo y ofrecen un horario flexible para que tu carrera de buceo tenga el mejor comienzo","breadcrumb":{"@id":"https:\/\/idckohtao.com\/es\/lifestyle-packages\/#breadcrumb"},"inLanguage":"es","potentialAction":[{"@type":"ReadAction","target":["https:\/\/idckohtao.com\/es\/lifestyle-packages\/"]}]},{"@type":"ImageObject","inLanguage":"es","@id":"https:\/\/idckohtao.com\/es\/lifestyle-packages\/#primaryimage","url":"https:\/\/idckohtao.com\/wp-content\/uploads\/2023\/09\/idckohtao.com-scuba-diving-lifestyle-internships-on-koh-tao-thailand.jpg","contentUrl":"https:\/\/idckohtao.com\/wp-content\/uploads\/2023\/09\/idckohtao.com-scuba-diving-lifestyle-internships-on-koh-tao-thailand.jpg","width":1300,"height":719,"caption":"best scuba diving lifestyle packages on koh tao in thailand"},{"@type":"BreadcrumbList","@id":"https:\/\/idckohtao.com\/es\/lifestyle-packages\/#breadcrumb","itemListElement":[{"@type":"ListItem","position":1,"name":"Home","item":"https:\/\/idckohtao.com\/es\/"},{"@type":"ListItem","position":2,"name":"Lifestyle Packages"}]},{"@type":"WebSite","@id":"https:\/\/idckohtao.com\/es\/#website","url":"https:\/\/idckohtao.com\/es\/","name":"IDC Koh Tao","description":"PADI IDC 5 Star Diving Center in Koh Tao - Thailand","publisher":{"@id":"https:\/\/idckohtao.com\/es\/#organization"},"alternateName":"IDC Koh Tao in Thailand","potentialAction":[{"@type":"SearchAction","target":{"@type":"EntryPoint","urlTemplate":"https:\/\/idckohtao.com\/es\/?s={search_term_string}"},"query-input":{"@type":"PropertyValueSpecification","valueRequired":true,"valueName":"search_term_string"}}],"inLanguage":"es"},{"@type":"Organization","@id":"https:\/\/idckohtao.com\/es\/#organization","name":"IDC Koh Tao","alternateName":"IDC Koh Tao | Divemaster & Diving Instructor","url":"https:\/\/idckohtao.com\/es\/","logo":{"@type":"ImageObject","inLanguage":"es","@id":"https:\/\/idckohtao.com\/es\/#\/schema\/logo\/image\/","url":"https:\/\/idckohtao.com\/wp-content\/uploads\/2023\/09\/idckohtao.com-padi-diving-center-in-koh-tao-thailand.png","contentUrl":"https:\/\/idckohtao.com\/wp-content\/uploads\/2023\/09\/idckohtao.com-padi-diving-center-in-koh-tao-thailand.png","width":400,"height":300,"caption":"IDC Koh Tao"},"image":{"@id":"https:\/\/idckohtao.com\/es\/#\/schema\/logo\/image\/"},"sameAs":["https:\/\/www.facebook.com\/GoProIDCKohTao","https:\/\/x.com\/GoProIDCKohTao","https:\/\/www.youtube.com\/idckohtao","https:\/\/www.instagram.com\/idc.kohtao\/"],"description":"IDC Koh Tao is a part of the Black Turtle Dive pro level training team with three PADI Course Directors being led by Award Winning PADI Course Director Matt Bolton. Our full range of pro and recreational PADI Diving Courses provides aspiring scuba divers with education, fun, excitement, adventure, and a change of lifestyle or an opportunity to pursue a new career.","email":"info@idckohtao.com","legalName":"IDC Koh Tao","foundingDate":"2004-01-04","numberOfEmployees":{"@type":"QuantitativeValue","minValue":"1","maxValue":"10"},"correctionsPolicy":"https:\/\/idckohtao.com\/privacy-policy\/","ethicsPolicy":"https:\/\/idckohtao.com\/terms\/"},{"@type":"Person","@id":"https:\/\/idckohtao.com\/es\/#\/schema\/person\/d08d557cbfdbc171f824052dae697b02","name":"ojasya","image":{"@type":"ImageObject","inLanguage":"es","@id":"https:\/\/secure.gravatar.com\/avatar\/6fb34e36d09053a6545fc21d344613321bb1933f185132488f38052166f5a001?s=96&d=mm&r=g","url":"https:\/\/secure.gravatar.com\/avatar\/6fb34e36d09053a6545fc21d344613321bb1933f185132488f38052166f5a001?s=96&d=mm&r=g","contentUrl":"https:\/\/secure.gravatar.com\/avatar\/6fb34e36d09053a6545fc21d344613321bb1933f185132488f38052166f5a001?s=96&d=mm&r=g","caption":"ojasya"},"sameAs":["https:\/\/idckohtao.com"],"url":"https:\/\/idckohtao.com\/es\/blog\/author\/ojasya\/"}]}},"_links":{"self":[{"href":"https:\/\/idckohtao.com\/es\/wp-json\/wp\/v2\/pages\/3247","targetHints":{"allow":["GET"]}}],"collection":[{"href":"https:\/\/idckohtao.com\/es\/wp-json\/wp\/v2\/pages"}],"about":[{"href":"https:\/\/idckohtao.com\/es\/wp-json\/wp\/v2\/types\/page"}],"author":[{"embeddable":true,"href":"https:\/\/idckohtao.com\/es\/wp-json\/wp\/v2\/users\/1"}],"replies":[{"embeddable":true,"href":"https:\/\/idckohtao.com\/es\/wp-json\/wp\/v2\/comments?post=3247"}],"version-history":[{"count":0,"href":"https:\/\/idckohtao.com\/es\/wp-json\/wp\/v2\/pages\/3247\/revisions"}],"wp:featuredmedia":[{"embeddable":true,"href":"https:\/\/idckohtao.com\/es\/wp-json\/wp\/v2\/media\/4601"}],"wp:attachment":[{"href":"https:\/\/idckohtao.com\/es\/wp-json\/wp\/v2\/media?parent=3247"}],"curies":[{"name":"wp","href":"https:\/\/api.w.org\/{rel}","templated":true}]}}