{"id":3250,"date":"2023-08-07T09:34:57","date_gmt":"2023-08-07T09:34:57","guid":{"rendered":"https:\/\/idckohtao.com\/marine-conservation\/"},"modified":"2023-09-16T22:10:24","modified_gmt":"2023-09-16T22:10:24","slug":"marine-conservation","status":"publish","type":"page","link":"https:\/\/idckohtao.com\/es\/marine-conservation\/","title":{"rendered":"Marine Conservation"},"content":{"rendered":"<div class=\"wpb-content-wrapper\"><p>[vc_row][vc_column][vc_column_text]<\/p>\n<h2>L\u00edderes en programas de conservaci\u00f3n marina con Black Turtle Dive<\/h2>\n<h3>Conservaci\u00f3n Marina en Koh Tao<\/h3>\n<p>La Conservaci\u00f3n Marina y la salvaguarda de nuestros Ecosistemas Marinos es una parte importante de nuestros programas de entrenamiento para buceadores.<\/p>\n<p>Situado en el centro de buceo\u00a0Black Turtle Dive, IDC Koh Tao ofrece su propio curriculum de <a href=\"https:\/\/www.blackturtledive.com\/conservation\/marine-conservation-courses\/\">Conservaci\u00f3n Marina<\/a>, que incluye cursos individuales e Internships de Conservaci\u00f3n Marina.<\/p>\n<p>Todos nuestros cursos tanto a nivel principante como profesional proporcionan una conciencia fundamental y nociones b\u00e1sicas a nuestros estudiantes como parte de su programa de entrenamiento de buceo.<\/p>\n<p>Nuestro equipo interno de conservaci\u00f3n marina\u00a0<a href=\"https:\/\/www.blackturtledive.com\/scuba-diving-internship\/marine-conservation-internship\/\" target=\"_blank\" rel=\"noopener noreferrer\">Black Turtle Dive<\/a>\u00a0es un proveedor l\u00edder de educaci\u00f3n sobre conservaci\u00f3n marina en Koh Tao y en toda la regi\u00f3n del sudeste asi\u00e1tico.<\/p>\n<p><img decoding=\"async\" class=\"alignnone wp-image-293 size-full\" src=\"https:\/\/idckohtao.com\/wp-content\/uploads\/2023\/08\/idckohtao.com-marine-conservation.jpg\" alt=\"idckohtao.com-marine-conservation\" width=\"800\" height=\"600\" srcset=\"https:\/\/idckohtao.com\/wp-content\/uploads\/2023\/08\/idckohtao.com-marine-conservation.jpg 800w, https:\/\/idckohtao.com\/wp-content\/uploads\/2023\/08\/idckohtao.com-marine-conservation-300x225.jpg 300w, https:\/\/idckohtao.com\/wp-content\/uploads\/2023\/08\/idckohtao.com-marine-conservation-768x576.jpg 768w\" sizes=\"(max-width: 800px) 100vw, 800px\" \/><\/p>\n<p>Est\u00e1n trabajando activamente en varios proyectos ambientales y son una de las organizaciones ambientales m\u00e1s activas en Koh Tao.<\/p>\n<p>Tropical Koh Tao es una isla paradis\u00edaca id\u00edlica tanto por encima como por debajo del agua, con una belleza natural impresionante y un ecosistema marino delicadamente equilibrado.<\/p>\n<p>La capacitaci\u00f3n y la preparaci\u00f3n de\u00a0<a href=\"https:\/\/idckohtao.com\/es\/padi-instructor-development-course\/\">profesionales de buceo<\/a>\u00a0con \u00e9nfasis en todos los aspectos de la conservaci\u00f3n marina es fundamental para la sostenibilidad, la preservaci\u00f3n y la protecci\u00f3n de los arrecifes de coral para las generaciones venideras.<\/p>\n<p>Nuestros cursos de nivel profesional y\u00a0<a href=\"https:\/\/idckohtao.com\/es\/scuba-diving-internships\/\">pasant\u00edas de buceo<\/a>\u00a0est\u00e1n dise\u00f1ados con un fuerte \u00e9nfasis en la conservaci\u00f3n marina y brindamos una gama de m\u00f3dulos ecol\u00f3gicos \u201catados\u201d. Aquellos con capacitaci\u00f3n adecuada pueden participar y contribuir a una variedad de proyectos de conservaci\u00f3n:<\/p>\n<ul>\n<li>Sitio de buceo Bio-Rock: trasplante de coral y recolecci\u00f3n de datos de tasa de crecimiento<\/li>\n<li>Palabra de flotabilidad \u2013 sitio de buceo artificial<\/li>\n<li>Viveros de coral \u2013 construcci\u00f3n de viveros de coral alrededor de la isla<\/li>\n<li>Encuestas de control de arrecifes \/ EMP (Programa de monitoreo ecol\u00f3gico)<\/li>\n<li>Junkyard House Reef: nuestro propio sitio de buceo artificial (un sitio de buceo popular)<\/li>\n<li>Limpieza de sitios de buceo y playa alrededor de Koh Tao<\/li>\n<li>Viveros de almeja gigante<\/li>\n<li>Boyas de amarre y mantenimiento y manejo de la l\u00ednea.<\/li>\n<li>Adoptar un trasplante de coral.<\/li>\n<li>Gesti\u00f3n de recursos marinos<\/li>\n<li>Coralwatch<\/li>\n<\/ul>\n<p><img decoding=\"async\" class=\"alignnone wp-image-294 size-large\" src=\"https:\/\/idckohtao.com\/wp-content\/uploads\/2023\/08\/crystaldive.com-koh-tao-thailand-divemaster-courses-marine-conservation-1024x576.png\" alt=\"crystaldive.com-koh-tao-thailand-divemaster-courses-marine-conservation\" width=\"1024\" height=\"576\" srcset=\"https:\/\/idckohtao.com\/wp-content\/uploads\/2023\/08\/crystaldive.com-koh-tao-thailand-divemaster-courses-marine-conservation-1024x576.png 1024w, https:\/\/idckohtao.com\/wp-content\/uploads\/2023\/08\/crystaldive.com-koh-tao-thailand-divemaster-courses-marine-conservation-300x169.png 300w, https:\/\/idckohtao.com\/wp-content\/uploads\/2023\/08\/crystaldive.com-koh-tao-thailand-divemaster-courses-marine-conservation-768x432.png 768w, https:\/\/idckohtao.com\/wp-content\/uploads\/2023\/08\/crystaldive.com-koh-tao-thailand-divemaster-courses-marine-conservation.png 1280w\" sizes=\"(max-width: 1024px) 100vw, 1024px\" \/><\/p>\n<h3>Marine Conservation Internship Koh Tao<\/h3>\n<p>En Koh Tao, se han construido varios sitios de buceo alternativos en la \u00faltima d\u00e9cada con el objetivo de aumentar el \u00e1rea del arrecife local y eliminar un n\u00famero cada vez mayor de buceadores de \u00e1reas naturales.<\/p>\n<p>IDC Koh Tao junto con Black Turtle Dive est\u00e1n a la vanguardia de la conservaci\u00f3n marina a nivel local con participaci\u00f3n en m\u00faltiples proyectos a trav\u00e9s de socios internacionales\u00a0<a href=\"http:\/\/www.projectaware.org\/\" target=\"_blank\" rel=\"noopener\">Project Aware<\/a>,\u00a0<a href=\"http:\/\/www.coralwatch.org\/\" target=\"_blank\" rel=\"noopener\">Coralwatch<\/a>\u00a0y\u00a0<a href=\"http:\/\/www.reefcheck.org\/\" target=\"_blank\" rel=\"noopener\">Reef Check<\/a>.<\/p>\n<p>Nuestros\u00a0<a href=\"https:\/\/idckohtao.com\/es\/padi-divemaster-course\/\">Divemasters<\/a>\u00a0e\u00a0<a href=\"https:\/\/idckohtao.com\/es\/padi-instructor-development-course\/\">Instructores<\/a>\u00a0realizan el entrenamiento de Reef Check para asegurarse de que est\u00e9n informados por expertos sobre el medio ambiente marino. Nuestras encuestas de arrecifes ayudan a mantener una base de datos precisa sobre la condici\u00f3n de los arrecifes de coral locales.<\/p>\n<p>Adem\u00e1s de incorporar la conservaci\u00f3n marina en nuestros\u00a0<a href=\"https:\/\/idckohtao.com\/es\/lifestyle-packages\/\">paquetes<\/a>\u00a0de pr\u00e1cticas de estilo de vida y buceo, ofrecemos cursos ecol\u00f3gicos especializados para aquellos que desean aprender m\u00e1s sobre el ambiente local y hacer una contribuci\u00f3n valiosa a la investigaci\u00f3n cient\u00edfica.[\/vc_column_text][\/vc_column][\/vc_row]<\/p>\n<\/div>","protected":false},"excerpt":{"rendered":"<p>[vc_row][vc_column][vc_column_text] L\u00edderes en programas de conservaci\u00f3n marina con Black Turtle Dive Conservaci\u00f3n Marina en Koh Tao La Conservaci\u00f3n Marina y la salvaguarda de nuestros Ecosistemas Marinos es una parte importante de nuestros programas de entrenamiento para buceadores. Situado en el centro de buceo\u00a0Black Turtle Dive, IDC Koh Tao ofrece su propio curriculum de Conservaci\u00f3n Marina, [&hellip;]<\/p>\n","protected":false},"author":1,"featured_media":5013,"parent":0,"menu_order":0,"comment_status":"closed","ping_status":"closed","template":"","meta":{"_acf_changed":false,"footnotes":""},"class_list":["post-3250","page","type-page","status-publish","has-post-thumbnail","hentry"],"acf":[],"yoast_head":"<!-- This site is optimized with the Yoast SEO Premium plugin v27.5 (Yoast SEO v27.5) - https:\/\/yoast.com\/product\/yoast-seo-premium-wordpress\/ -->\n<title>Cursos de Conservacion Marina Y Internships | IDC Koh Tao<\/title>\n<meta name=\"description\" content=\"IDC Koh Tao y Eco Koh Tao est\u00e1n a la vanguardia de la conservaci\u00f3n marina a nivel local con participaci\u00f3n en m\u00faltiples proyectos a trav\u00e9s de nuestros socios internacionales\" \/>\n<meta name=\"robots\" content=\"index, follow, max-snippet:-1, max-image-preview:large, max-video-preview:-1\" \/>\n<link rel=\"canonical\" href=\"https:\/\/idckohtao.com\/es\/marine-conservation\/\" \/>\n<meta property=\"og:locale\" content=\"es_ES\" \/>\n<meta property=\"og:type\" content=\"article\" \/>\n<meta property=\"og:title\" content=\"Cursos de Conservacion Marina Y Internships | IDC Koh Tao\" \/>\n<meta property=\"og:description\" content=\"IDC Koh Tao y Eco Koh Tao est\u00e1n a la vanguardia de la conservaci\u00f3n marina a nivel local con participaci\u00f3n en m\u00faltiples proyectos a trav\u00e9s de nuestros socios internacionales\" \/>\n<meta property=\"og:url\" content=\"https:\/\/idckohtao.com\/es\/marine-conservation\/\" \/>\n<meta property=\"og:site_name\" content=\"IDC Koh Tao\" \/>\n<meta property=\"article:publisher\" content=\"https:\/\/www.facebook.com\/GoProIDCKohTao\" \/>\n<meta property=\"article:modified_time\" content=\"2023-09-16T22:10:24+00:00\" \/>\n<meta property=\"og:image\" content=\"https:\/\/idckohtao.com\/wp-content\/uploads\/2023\/08\/idckohtao.com-marine-conservation-courses-on-koh-tao-in-thailand-1.jpg\" \/>\n\t<meta property=\"og:image:width\" content=\"2000\" \/>\n\t<meta property=\"og:image:height\" content=\"1325\" \/>\n\t<meta property=\"og:image:type\" content=\"image\/jpeg\" \/>\n<meta name=\"twitter:card\" content=\"summary_large_image\" \/>\n<meta name=\"twitter:title\" content=\"Cursos de Conservacion Marina Y Internships | IDC Koh Tao\" \/>\n<meta name=\"twitter:description\" content=\"IDC Koh Tao y Eco Koh Tao est\u00e1n a la vanguardia de la conservaci\u00f3n marina a nivel local con participaci\u00f3n en m\u00faltiples proyectos a trav\u00e9s de nuestros socios internacionales\" \/>\n<meta name=\"twitter:image\" content=\"https:\/\/idckohtao.com\/wp-content\/uploads\/2023\/08\/idckohtao.com-marine-conservation-courses-on-koh-tao-in-thailand-1.jpg\" \/>\n<meta name=\"twitter:site\" content=\"@GoProIDCKohTao\" \/>\n<!-- \/ Yoast SEO Premium plugin. -->","yoast_head_json":{"title":"Cursos de Conservacion Marina Y Internships | IDC Koh Tao","description":"IDC Koh Tao y Eco Koh Tao est\u00e1n a la vanguardia de la conservaci\u00f3n marina a nivel local con participaci\u00f3n en m\u00faltiples proyectos a trav\u00e9s de nuestros socios internacionales","robots":{"index":"index","follow":"follow","max-snippet":"max-snippet:-1","max-image-preview":"max-image-preview:large","max-video-preview":"max-video-preview:-1"},"canonical":"https:\/\/idckohtao.com\/es\/marine-conservation\/","og_locale":"es_ES","og_type":"article","og_title":"Cursos de Conservacion Marina Y Internships | IDC Koh Tao","og_description":"IDC Koh Tao y Eco Koh Tao est\u00e1n a la vanguardia de la conservaci\u00f3n marina a nivel local con participaci\u00f3n en m\u00faltiples proyectos a trav\u00e9s de nuestros socios internacionales","og_url":"https:\/\/idckohtao.com\/es\/marine-conservation\/","og_site_name":"IDC Koh Tao","article_publisher":"https:\/\/www.facebook.com\/GoProIDCKohTao","article_modified_time":"2023-09-16T22:10:24+00:00","og_image":[{"width":2000,"height":1325,"url":"https:\/\/idckohtao.com\/wp-content\/uploads\/2023\/08\/idckohtao.com-marine-conservation-courses-on-koh-tao-in-thailand-1.jpg","type":"image\/jpeg"}],"twitter_card":"summary_large_image","twitter_title":"Cursos de Conservacion Marina Y Internships | IDC Koh Tao","twitter_description":"IDC Koh Tao y Eco Koh Tao est\u00e1n a la vanguardia de la conservaci\u00f3n marina a nivel local con participaci\u00f3n en m\u00faltiples proyectos a trav\u00e9s de nuestros socios internacionales","twitter_image":"https:\/\/idckohtao.com\/wp-content\/uploads\/2023\/08\/idckohtao.com-marine-conservation-courses-on-koh-tao-in-thailand-1.jpg","twitter_site":"@GoProIDCKohTao","schema":{"@context":"https:\/\/schema.org","@graph":[{"@type":"NewsArticle","@id":"https:\/\/idckohtao.com\/es\/marine-conservation\/#article","isPartOf":{"@id":"https:\/\/idckohtao.com\/es\/marine-conservation\/"},"author":{"name":"ojasya","@id":"https:\/\/idckohtao.com\/es\/#\/schema\/person\/d08d557cbfdbc171f824052dae697b02"},"headline":"Marine Conservation","datePublished":"2023-08-07T09:34:57+00:00","dateModified":"2023-09-16T22:10:24+00:00","mainEntityOfPage":{"@id":"https:\/\/idckohtao.com\/es\/marine-conservation\/"},"wordCount":569,"publisher":{"@id":"https:\/\/idckohtao.com\/es\/#organization"},"image":{"@id":"https:\/\/idckohtao.com\/es\/marine-conservation\/#primaryimage"},"thumbnailUrl":"https:\/\/idckohtao.com\/wp-content\/uploads\/2023\/09\/idckohtao.com-marine-conservation-internship-in-koh-tao-thailand.jpeg","inLanguage":"es"},{"@type":"WebPage","@id":"https:\/\/idckohtao.com\/es\/marine-conservation\/","url":"https:\/\/idckohtao.com\/es\/marine-conservation\/","name":"Cursos de Conservacion Marina Y Internships | IDC Koh Tao","isPartOf":{"@id":"https:\/\/idckohtao.com\/es\/#website"},"primaryImageOfPage":{"@id":"https:\/\/idckohtao.com\/es\/marine-conservation\/#primaryimage"},"image":{"@id":"https:\/\/idckohtao.com\/es\/marine-conservation\/#primaryimage"},"thumbnailUrl":"https:\/\/idckohtao.com\/wp-content\/uploads\/2023\/09\/idckohtao.com-marine-conservation-internship-in-koh-tao-thailand.jpeg","datePublished":"2023-08-07T09:34:57+00:00","dateModified":"2023-09-16T22:10:24+00:00","description":"IDC Koh Tao y Eco Koh Tao est\u00e1n a la vanguardia de la conservaci\u00f3n marina a nivel local con participaci\u00f3n en m\u00faltiples proyectos a trav\u00e9s de nuestros socios internacionales","breadcrumb":{"@id":"https:\/\/idckohtao.com\/es\/marine-conservation\/#breadcrumb"},"inLanguage":"es","potentialAction":[{"@type":"ReadAction","target":["https:\/\/idckohtao.com\/es\/marine-conservation\/"]}]},{"@type":"ImageObject","inLanguage":"es","@id":"https:\/\/idckohtao.com\/es\/marine-conservation\/#primaryimage","url":"https:\/\/idckohtao.com\/wp-content\/uploads\/2023\/09\/idckohtao.com-marine-conservation-internship-in-koh-tao-thailand.jpeg","contentUrl":"https:\/\/idckohtao.com\/wp-content\/uploads\/2023\/09\/idckohtao.com-marine-conservation-internship-in-koh-tao-thailand.jpeg","width":1200,"height":800,"caption":"A Coral Reef Ecosystem on Koh Tao"},{"@type":"BreadcrumbList","@id":"https:\/\/idckohtao.com\/es\/marine-conservation\/#breadcrumb","itemListElement":[{"@type":"ListItem","position":1,"name":"Home","item":"https:\/\/idckohtao.com\/es\/"},{"@type":"ListItem","position":2,"name":"Marine Conservation"}]},{"@type":"WebSite","@id":"https:\/\/idckohtao.com\/es\/#website","url":"https:\/\/idckohtao.com\/es\/","name":"IDC Koh Tao","description":"PADI IDC 5 Star Diving Center in Koh Tao - Thailand","publisher":{"@id":"https:\/\/idckohtao.com\/es\/#organization"},"alternateName":"IDC Koh Tao in Thailand","potentialAction":[{"@type":"SearchAction","target":{"@type":"EntryPoint","urlTemplate":"https:\/\/idckohtao.com\/es\/?s={search_term_string}"},"query-input":{"@type":"PropertyValueSpecification","valueRequired":true,"valueName":"search_term_string"}}],"inLanguage":"es"},{"@type":"Organization","@id":"https:\/\/idckohtao.com\/es\/#organization","name":"IDC Koh Tao","alternateName":"IDC Koh Tao | Divemaster & Diving Instructor","url":"https:\/\/idckohtao.com\/es\/","logo":{"@type":"ImageObject","inLanguage":"es","@id":"https:\/\/idckohtao.com\/es\/#\/schema\/logo\/image\/","url":"https:\/\/idckohtao.com\/wp-content\/uploads\/2023\/09\/idckohtao.com-padi-diving-center-in-koh-tao-thailand.png","contentUrl":"https:\/\/idckohtao.com\/wp-content\/uploads\/2023\/09\/idckohtao.com-padi-diving-center-in-koh-tao-thailand.png","width":400,"height":300,"caption":"IDC Koh Tao"},"image":{"@id":"https:\/\/idckohtao.com\/es\/#\/schema\/logo\/image\/"},"sameAs":["https:\/\/www.facebook.com\/GoProIDCKohTao","https:\/\/x.com\/GoProIDCKohTao","https:\/\/www.youtube.com\/idckohtao","https:\/\/www.instagram.com\/idc.kohtao\/"],"description":"IDC Koh Tao is a part of the Black Turtle Dive pro level training team with three PADI Course Directors being led by Award Winning PADI Course Director Matt Bolton. Our full range of pro and recreational PADI Diving Courses provides aspiring scuba divers with education, fun, excitement, adventure, and a change of lifestyle or an opportunity to pursue a new career.","email":"info@idckohtao.com","legalName":"IDC Koh Tao","foundingDate":"2004-01-04","numberOfEmployees":{"@type":"QuantitativeValue","minValue":"1","maxValue":"10"},"correctionsPolicy":"https:\/\/idckohtao.com\/privacy-policy\/","ethicsPolicy":"https:\/\/idckohtao.com\/terms\/"},{"@type":"Person","@id":"https:\/\/idckohtao.com\/es\/#\/schema\/person\/d08d557cbfdbc171f824052dae697b02","name":"ojasya","image":{"@type":"ImageObject","inLanguage":"es","@id":"https:\/\/secure.gravatar.com\/avatar\/6fb34e36d09053a6545fc21d344613321bb1933f185132488f38052166f5a001?s=96&d=mm&r=g","url":"https:\/\/secure.gravatar.com\/avatar\/6fb34e36d09053a6545fc21d344613321bb1933f185132488f38052166f5a001?s=96&d=mm&r=g","contentUrl":"https:\/\/secure.gravatar.com\/avatar\/6fb34e36d09053a6545fc21d344613321bb1933f185132488f38052166f5a001?s=96&d=mm&r=g","caption":"ojasya"},"sameAs":["https:\/\/idckohtao.com"],"url":"https:\/\/idckohtao.com\/es\/blog\/author\/ojasya\/"}]}},"_links":{"self":[{"href":"https:\/\/idckohtao.com\/es\/wp-json\/wp\/v2\/pages\/3250","targetHints":{"allow":["GET"]}}],"collection":[{"href":"https:\/\/idckohtao.com\/es\/wp-json\/wp\/v2\/pages"}],"about":[{"href":"https:\/\/idckohtao.com\/es\/wp-json\/wp\/v2\/types\/page"}],"author":[{"embeddable":true,"href":"https:\/\/idckohtao.com\/es\/wp-json\/wp\/v2\/users\/1"}],"replies":[{"embeddable":true,"href":"https:\/\/idckohtao.com\/es\/wp-json\/wp\/v2\/comments?post=3250"}],"version-history":[{"count":0,"href":"https:\/\/idckohtao.com\/es\/wp-json\/wp\/v2\/pages\/3250\/revisions"}],"wp:featuredmedia":[{"embeddable":true,"href":"https:\/\/idckohtao.com\/es\/wp-json\/wp\/v2\/media\/5013"}],"wp:attachment":[{"href":"https:\/\/idckohtao.com\/es\/wp-json\/wp\/v2\/media?parent=3250"}],"curies":[{"name":"wp","href":"https:\/\/api.w.org\/{rel}","templated":true}]}}