{"id":3253,"date":"2023-08-09T12:29:44","date_gmt":"2023-08-09T12:29:44","guid":{"rendered":"https:\/\/idckohtao.com\/master-scuba-diver-trainer-program\/"},"modified":"2026-01-02T06:39:53","modified_gmt":"2026-01-02T06:39:53","slug":"master-scuba-diver-trainer-program","status":"publish","type":"page","link":"https:\/\/idckohtao.com\/es\/pro-level-courses\/master-scuba-diver-trainer-program\/","title":{"rendered":"Master Scuba Diver Trainer Program"},"content":{"rendered":"<div class=\"wpb-content-wrapper\"><p>[vc_row][vc_column][vc_column_text css=\u00bb\u00bb]<\/p>\n<h2>PADI MSDT Instructor Internship Koh Tao, Tailandia<\/h2>\n<ul>\n<li>5 cursos de formaci\u00f3n PADI Instructor Specialty<\/li>\n<li>Instruccion de curso de padi con instructores con mucha experiencia para que puedas ver de primera mano como se conduce un curso padi<\/li>\n<li>M\u00ednimo 25 certificaciones PADI<\/li>\n<li>N\u00famero ilimitado de certificaciones<\/li>\n<\/ul>\n<p>El programa\u00a0<strong>PADI Master Scuba Diver Trainer (MSDT)<\/strong>\u00a0consta de dos partes:<\/p>\n<p>el curso \u201cPrep\u201d de preparacion , que consta de 5 cursos PADI Specialty Instructor a su eleccion y\u00a0<a href=\"https:\/\/idckohtao.com\/es\/pro-level-courses\/instructor-internship\/\">el programa Instructor Internship<\/a>, un programa de pr\u00e1cticas en equipo que le permite obtener su primer contacto con estudiantes de cursos PADI, y obetener un minimo de 25 certificaciones de buceo.<\/p>\n<h3>\u00bfQui\u00e9n puede inscribirse en el MSDT?<\/h3>\n<p>Un PADI <a href=\"https:\/\/idckohtao.com\/pro-level-courses\/padi-instructor-development-course\/\">Open Water Scuba Instructor<\/a> activo para la ense\u00f1anza (OWSI)<\/p>\n<h3>\u00bfQue aprender\u00e1s?<\/h3>\n<p>El programa MSDT Prep &amp; Internship tiene dos secciones distintas.<\/p>\n<h3>\u00bfQu\u00e9 es el curso de preparaci\u00f3n MSDT?<\/h3>\n<p>Durante el curso de \u201cPreparaci\u00f3n\u201d, programado para m\u00e1s de 5 d\u00edas, le ense\u00f1amos c\u00f3mo organizar, conducir y comercializar los cursos de PADI Specialty Diver en 5 \u00e1reas de especialidad.<\/p>\n<p>El programa incluye presentaciones de Desarrollo del Conocimiento, similares a las que complet\u00f3 durante su <a href=\"https:\/\/idckohtao.com\/pro-level-courses\/padi-ie\/\">PADI IDC &amp; IE<\/a>. Hay una revisi\u00f3n de est\u00e1ndares, espec\u00edfica para los cursos de especialidad PADI que ha elegido.<\/p>\n<p>Adem\u00e1s de presentar una presentaci\u00f3n acad\u00e9mica en el aula, participar\u00e1 en \u201ctalleres en el agua\u201d relacionados con las habilidades espec\u00edficas que ense\u00f1ar\u00e1 como parte de la especialidad PADI.<\/p>\n<p><img decoding=\"async\" class=\"alignnone wp-image-727 size-large\" src=\"https:\/\/idckohtao.com\/wp-content\/uploads\/2023\/08\/crystal-dive-divemasters-open-water-1024x768.jpg\" alt=\"crystal-dive-divemasters-open-water\" width=\"1024\" height=\"768\" srcset=\"https:\/\/idckohtao.com\/wp-content\/uploads\/2023\/08\/crystal-dive-divemasters-open-water-1024x768.jpg 1024w, https:\/\/idckohtao.com\/wp-content\/uploads\/2023\/08\/crystal-dive-divemasters-open-water-300x225.jpg 300w, https:\/\/idckohtao.com\/wp-content\/uploads\/2023\/08\/crystal-dive-divemasters-open-water-768x576.jpg 768w, https:\/\/idckohtao.com\/wp-content\/uploads\/2023\/08\/crystal-dive-divemasters-open-water.jpg 1080w\" sizes=\"(max-width: 1024px) 100vw, 1024px\" \/><\/p>\n<h3>\u00bfQu\u00e9 es nuestro programa de MSDT?<\/h3>\n<p>Una vez que se complete la preparaci\u00f3n, es hora de que comiences las practicas de instructor en \u201cense\u00f1anza en equipo\u201d con otro instructor. Ense\u00f1ando todos los niveles del <a href=\"https:\/\/idckohtao.com\/why-choose-idc-koh-tao\/\">Sistema PADI de educaci\u00f3n para buceadores<\/a>, usted se basa en el conocimiento y las habilidades adquiridas durante el PADI IDC.<\/p>\n<p>En equipo ense\u00f1ando junto a nuestro equipo de <a href=\"https:\/\/idckohtao.com\/pro-level-courses\/padi-master-instructor\/\">Instructores PADI<\/a> experimentados, usted construye lentamente confianza y habilidades docentes integrales que se relacionan con los estudiantes de la vida REAL que participan en los cursos PADI de.<\/p>\n<p>Paso a paso, <a href=\"https:\/\/idckohtao.com\/es\/blog\/8-best-reasons-to-become-a-dive-instructor-and-team-teach\/\">le permitimos ense\u00f1ar m\u00e1s a medida<\/a> que avanza en cada curso, creando confianza y competencia ense\u00f1ando a grupos de tama\u00f1o medio de estudiantes de nivel de buceo.<\/p>\n<p>Nuestro objetivo final es que usted se convierta en un educador de buceo competente y seguro, organizado y oportuno, capaz de ense\u00f1ar todo el sistema PADI con la experiencia necesaria que buscan los futuros empleadores. \u00a1Este programa seguramente lo convertir\u00e1 en un Instructor PADI con m\u00e1s posibilidades de empleo!<\/p>\n<h3>\u00bfQu\u00e9 est\u00e1 incluido?<\/h3>\n<ul>\n<li>5 cursos de formaci\u00f3n PADI Instructor Specialty<\/li>\n<li>Instrucci\u00f3n del equipo de pr\u00e1cticas del instructor junto con instructores maestros PADI con mucha experiencia<\/li>\n<li>M\u00ednimo 25 certificaciones PADI<\/li>\n<li>Cantidad m\u00e1xima, ilimitada de certificaciones<\/li>\n<\/ul>\n<p>** Additional team teaches, <strong>subject to availability<\/strong> will be charged at 2,000THB per course<\/p>\n<p><img decoding=\"async\" class=\"alignnone wp-image-728 size-large\" src=\"https:\/\/idckohtao.com\/wp-content\/uploads\/2023\/08\/idc-koh-tao-scooters-dpv-instructot-specialty-msdt-1024x768.jpg\" alt=\"idc-koh-tao-scooters-dpv-instructot-specialty-msdt\" width=\"1024\" height=\"768\" srcset=\"https:\/\/idckohtao.com\/wp-content\/uploads\/2023\/08\/idc-koh-tao-scooters-dpv-instructot-specialty-msdt-1024x768.jpg 1024w, https:\/\/idckohtao.com\/wp-content\/uploads\/2023\/08\/idc-koh-tao-scooters-dpv-instructot-specialty-msdt-300x225.jpg 300w, https:\/\/idckohtao.com\/wp-content\/uploads\/2023\/08\/idc-koh-tao-scooters-dpv-instructot-specialty-msdt-768x576.jpg 768w, https:\/\/idckohtao.com\/wp-content\/uploads\/2023\/08\/idc-koh-tao-scooters-dpv-instructot-specialty-msdt.jpg 1080w\" sizes=\"(max-width: 1024px) 100vw, 1024px\" \/><\/p>\n<h3>Materiales PADI: por favor traiga los siguientes materiales con usted. Recibiste estos como parte del paquete IDC Crew Pack<\/h3>\n<ul>\n<li>Manual del instructor PADI Specialty (CD-Rom)<\/li>\n<li>Gu\u00eda PADI para la ense\u00f1anza (versi\u00f3n en papel o CD-ROM)<\/li>\n<li>Libro de conocimientos de buceo<\/li>\n<li>Cuestionarios PADI y folletos de examen [Open Water, Rescue Diver, Divemaster]<\/li>\n<li>Tablillas de instructor de las <a href=\"https:\/\/idckohtao.com\/open-water-course\/\">cursos Open Water<\/a>, <a href=\"https:\/\/idckohtao.com\/es\/advanced-open-water-course\/\">Advanced<\/a>, <a href=\"https:\/\/idckohtao.com\/rescue-diver-course\/\">Rescue Diver<\/a>, <a href=\"https:\/\/idckohtao.com\/pro-level-courses\/padi-divemaster-course\/\">Divemaster<\/a><\/li>\n<\/ul>\n<p>Adem\u00e1s, tambi\u00e9n necesitar\u00e1 una copia del Manual del instructor PADI. A partir del 2010, est\u00e1 disponible como una descarga gratuita para todos los miembros PADI que se renuevan desde\u00a0<a href=\"https:\/\/www.padi.com\/mypadi\/\" target=\"_blank\" rel=\"noopener\">https:\/\/www.padi.com\/mypadi\/<\/a><\/p>\n<h3>PADI TAXAS<\/h3>\n<p>Hay varias tarifas de solicitud y examen que el candidato debe pagar directamente a PADI.<\/p>\n<p>Aplicaci\u00f3n de PADI Instructor Specialty AUD$ 145 por especialidad (<strong>m\u00ednimo 5 x AUD $145) Total: AUD$ 725<\/strong><\/p>\n<p>Aplicaci\u00f3n PADI Master Scuba Diver Trainer <strong>AUD$ 195<\/strong><\/p>\n<p><strong>M\u00ednimo de 25 certificaciones<\/strong>\u00a0PADI: para obtener la certificaci\u00f3n PADI Master Scuba Diver Trainer, debe tener un m\u00ednimo de 25 certificaciones PADI. Si tiene poco tiempo, puede participar en el programa y solicitar la calificaci\u00f3n MSDT una vez que certifique a su estudiante n\u00famero 25.<\/p>\n<p>Cantidad m\u00e1xima ilimitada de certificaciones: creemos en la capacitaci\u00f3n basada en el rendimiento. Nuestra filosof\u00eda no se basa en la cantidad de certificaciones PADI obtenidas durante el programa, sino que se centra en su desarrollo personal como educador de buceo.<\/p>\n<p>Idealmente, tendr\u00e1 la oportunidad de ense\u00f1ar en equipo todos los cursos de nivel PADI Diver m\u00e1s una selecci\u00f3n de los cursos de especialidad PADI que est\u00e1 certificado para ense\u00f1ar. Tambi\u00e9n alentamos a nuestros MSDT a involucrarse con nuestro programa \u2018<a href=\"https:\/\/idckohtao.com\/es\/pro-level-courses\/divemaster-internship\/\">Divemaster in training<\/a>\u2019.[\/vc_column_text]<div class=\"text-left\"><div class=\"bt-course-price\"><a href=\"https:\/\/idckohtao.com\/es\/deposit-request-form\" class=\"button\">RESERVA AHORA<\/a><\/div><\/div>[\/vc_column][\/vc_row][vc_row][vc_column]<div class=\"section-wrap\"><h3 class=\"section-title\">Preguntas frecuentes<\/h3><div class=\"faq-wrapper\"><div class=\"accordion-panel active\">\r\n                    <div class=\"panel-heading\">    \r\n                        <h3 class=\"panel-title\">\r\n                            Cu\u00e1nto tiempo se tarda en completar el MSDT y una pasant\u00eda?\r\n                        <\/h3>\r\n                    <\/div>\r\n                    <div class=\"panel-detail\">\r\n                        <p>El programa Master Scuba Diver Trainer (MSDT) se divide en dos secciones que se pueden hacer juntas o por separado.<\/p>\n<p>La primera secci\u00f3n se lleva a cabo durante un per\u00edodo de 4 a 6 d\u00edas y se centra en la capacitaci\u00f3n de instructores especializados.<\/p>\n<p>En la primera parte, desglosamos los esquemas de Especialidad del Instructor y revisamos los est\u00e1ndares para ense\u00f1ar el curso.<\/p>\n<p>Esto cubre todo el desarrollo del conocimiento, el trabajo del agua y las t\u00e9cnicas de promoci\u00f3n del curso.<\/p>\n<p>La segunda parte se enfoca en ganar experiencia de ense\u00f1anza en la vida real. Ayudar\u00e1s a los miembros de nuestro equipo de instructores a impartir una variedad de cursos PADI.<\/p>\n<p>Esto te permite obtener las 25 certificaciones necesarias para convertirte en un PADI MSDT. No hay l\u00edmite de tiempo cuando se trata de esta parte del programa y te alentamos a que sigas tu propio ritmo.<\/p>\n<p>Recomendamos al menos 4-6 semanas, sin embargo, cada candidato es diferente y tu Director de Curso puede recomendarte un marco de tiempo diferente.<\/p>\n\r\n                    <\/div>\r\n                <\/div><div class=\"accordion-panel \">\r\n                    <div class=\"panel-heading\">    \r\n                        <h3 class=\"panel-title\">\r\n                            C\u00f3mo obtengo experiencia docente en la vida real?\r\n                        <\/h3>\r\n                    <\/div>\r\n                    <div class=\"panel-detail\">\r\n                        <p>Durante tu pasant\u00eda de MSDT, asistir\u00e1s a algunos de nuestros instructores experimentados, impartiendo cursos de nivel PADI.<\/p>\n<p>Llevamos a cabo la gama completa de cursos dentro del sistema PADI. Esto te brinda muchas oportunidades de trabajar con un grupo diverso de estudiantes e instructores experimentados.<\/p>\n<p>Te alentamos a participar en numerosos tipos de cursos, desde el curso PADI Open Water Diver hasta el curso PADI Rescue Diver.<\/p>\n<p>Adem\u00e1s, puedes optar por participar en nuestra capacitaci\u00f3n de nivel profesional y participar en los talleres de Divemaster. Esto te permite obtener experiencia docente en una amplia gama de cursos PADI.<\/p>\n\r\n                    <\/div>\r\n                <\/div><div class=\"accordion-panel \">\r\n                    <div class=\"panel-heading\">    \r\n                        <h3 class=\"panel-title\">\r\n                            Puedo elegir qu\u00e9 especialidades de instructor tomar?\r\n                        <\/h3>\r\n                    <\/div>\r\n                    <div class=\"panel-detail\">\r\n                        <p>Puedes elegir qu\u00e9 especialidades tomar. Sin embargo, ciertas especialidades requieren requisitos previos adicionales.<\/p>\n<p>Por ejemplo; El curso de Instructor de buceador de aire enriquecido requiere que tengas la certificaci\u00f3n a nivel de estudiante.<\/p>\n<p>Si no posees esta certificaci\u00f3n de nivel de buzo de especialidad en particular, puedes tomar el curso de nivel de buzo junto con nuestra capacitaci\u00f3n de instructor de especialidad.<\/p>\n\r\n                    <\/div>\r\n                <\/div><div class=\"accordion-panel \">\r\n                    <div class=\"panel-heading\">    \r\n                        <h3 class=\"panel-title\">\r\n                            Puedo unirme al programa de ense\u00f1anza en equipo si ya tengo 5 especialidades?\r\n                        <\/h3>\r\n                    <\/div>\r\n                    <div class=\"panel-detail\">\r\n                        <p>S\u00ed, recibimos candidatos que ya han completado su formaci\u00f3n de instructor especializado.<\/p>\n<p>En este caso, le recomendamos que complete la segunda parte de nuestro programa MSDT, que trata estrictamente asistir en los cursos.<\/p>\n<p>Esta es una gran opci\u00f3n para un instructor inactivo que desea actualizar su nivel de conocimientos y habilidades.<\/p>\n<p>Podemos ver su historial de ense\u00f1anza anterior y elegir los cursos que m\u00e1s le beneficiar\u00edan para ayudarlo.<\/p>\n<p>Tambi\u00e9n tiene la opci\u00f3n de completar una capacitaci\u00f3n adicional para instructores especializados, o puede concentrarse en ayudar en las especialidades para las que tiene la calificaci\u00f3n de instructor.<\/p>\n\r\n                    <\/div>\r\n                <\/div><div class=\"accordion-panel \">\r\n                    <div class=\"panel-heading\">    \r\n                        <h3 class=\"panel-title\">\r\n                            Puede la calificaci\u00f3n de instructor de MSDT ayudarme a encontrarme un trabajo?\r\n                        <\/h3>\r\n                    <\/div>\r\n                    <div class=\"panel-detail\">\r\n                        <p>La calificaci\u00f3n PADI MSDT mejorar\u00e1 tus posibilidades de encontrar un trabajo adecuado dentro de la industria del buceo por varias razones.<\/p>\n<p>La calificaci\u00f3n MSDT mejora tu habilidad y nivel de conocimiento adem\u00e1s de demostrar un compromiso con la capacitaci\u00f3n continua.<\/p>\n<p>Tener la capacidad de ense\u00f1ar cursos especializados complementa tus credenciales de ense\u00f1anza de cursos de nivel de entrada.<\/p>\n<p>Muchos clientes desean tomar cursos de especialidad a nivel de estudiantes adem\u00e1s del curso Open Water o el curso Advanced Open Water.<\/p>\n<p>En los centros de buceo de todo el mundo, la mayor\u00eda de los operadores de centros de buceo requieren instructores que puedan ense\u00f1ar los cursos especializados m\u00e1s populares, como los cursos Deep, Nitrox y Wreck.<\/p>\n<p>En algunos casos, como trabajar en un vida a bordo, es posible que tener la calificaci\u00f3n MSDT sea un requisito previo para el empleo<\/p>\n\r\n                    <\/div>\r\n                <\/div><\/div>\r\n                <\/div>[\/vc_column][\/vc_row]<\/p>\n<\/div>","protected":false},"excerpt":{"rendered":"<p>[vc_row][vc_column][vc_column_text css=\u00bb\u00bb] PADI MSDT Instructor Internship Koh Tao, Tailandia 5 cursos de formaci\u00f3n PADI Instructor Specialty Instruccion de curso de padi con instructores con mucha experiencia para que puedas ver de primera mano como se conduce un curso padi M\u00ednimo 25 certificaciones PADI N\u00famero ilimitado de certificaciones El programa\u00a0PADI Master Scuba Diver Trainer (MSDT)\u00a0consta de [&hellip;]<\/p>\n","protected":false},"author":1,"featured_media":5047,"parent":7936,"menu_order":0,"comment_status":"closed","ping_status":"closed","template":"","meta":{"_acf_changed":false,"footnotes":""},"class_list":["post-3253","page","type-page","status-publish","has-post-thumbnail","hentry"],"acf":[],"yoast_head":"<!-- This site is optimized with the Yoast SEO Premium plugin v27.5 (Yoast SEO v27.5) - https:\/\/yoast.com\/product\/yoast-seo-premium-wordpress\/ -->\n<title>PADI MSDT Instructor Internship Koh Tao | IDC Koh Tao<\/title>\n<meta name=\"description\" content=\"Nuestra pasant\u00eda de practicas para instructores PADI MSDT le permite ense\u00f1ar de manera segura los populares cursos de especialidad PADI en los que est\u00e1 certificado para ense\u00f1ar. Experiencia de ense\u00f1anza en el mundo real\" \/>\n<meta name=\"robots\" content=\"index, follow, max-snippet:-1, max-image-preview:large, max-video-preview:-1\" \/>\n<link rel=\"canonical\" href=\"https:\/\/idckohtao.com\/es\/pro-level-courses\/master-scuba-diver-trainer-program\/\" \/>\n<meta property=\"og:locale\" content=\"es_ES\" \/>\n<meta property=\"og:type\" content=\"article\" \/>\n<meta property=\"og:title\" content=\"IDC Koh Tao | PADI MSDT Instructor Internship Koh Tao\" \/>\n<meta property=\"og:description\" content=\"Nuestra pasant\u00eda de practicas para instructores PADI MSDT le permite ense\u00f1ar de manera segura los populares cursos de especialidad PADI en los que est\u00e1 certificado para ense\u00f1ar. Experiencia de ense\u00f1anza en el mundo real\" \/>\n<meta property=\"og:url\" content=\"https:\/\/idckohtao.com\/es\/pro-level-courses\/master-scuba-diver-trainer-program\/\" \/>\n<meta property=\"og:site_name\" content=\"IDC Koh Tao\" \/>\n<meta property=\"article:publisher\" content=\"https:\/\/www.facebook.com\/GoProIDCKohTao\" \/>\n<meta property=\"article:modified_time\" content=\"2026-01-02T06:39:53+00:00\" \/>\n<meta property=\"og:image\" content=\"https:\/\/idckohtao.com\/wp-content\/uploads\/2023\/09\/idckohtao.com-our-best-sidemount-specialty-courses-in-thailand.jpeg\" \/>\n\t<meta property=\"og:image:width\" content=\"1100\" \/>\n\t<meta property=\"og:image:height\" content=\"836\" \/>\n\t<meta property=\"og:image:type\" content=\"image\/jpeg\" \/>\n<meta name=\"twitter:card\" content=\"summary_large_image\" \/>\n<meta name=\"twitter:title\" content=\"IDC Koh Tao | PADI MSDT Instructor Internship Koh Tao\" \/>\n<meta name=\"twitter:description\" content=\"Nuestra pasant\u00eda de practicas para instructores PADI MSDT le permite ense\u00f1ar de manera segura los populares cursos de especialidad PADI en los que est\u00e1 certificado para ense\u00f1ar. Experiencia de ense\u00f1anza en el mundo real\" \/>\n<meta name=\"twitter:site\" content=\"@GoProIDCKohTao\" \/>\n<!-- \/ Yoast SEO Premium plugin. -->","yoast_head_json":{"title":"PADI MSDT Instructor Internship Koh Tao | IDC Koh Tao","description":"Nuestra pasant\u00eda de practicas para instructores PADI MSDT le permite ense\u00f1ar de manera segura los populares cursos de especialidad PADI en los que est\u00e1 certificado para ense\u00f1ar. Experiencia de ense\u00f1anza en el mundo real","robots":{"index":"index","follow":"follow","max-snippet":"max-snippet:-1","max-image-preview":"max-image-preview:large","max-video-preview":"max-video-preview:-1"},"canonical":"https:\/\/idckohtao.com\/es\/pro-level-courses\/master-scuba-diver-trainer-program\/","og_locale":"es_ES","og_type":"article","og_title":"IDC Koh Tao | PADI MSDT Instructor Internship Koh Tao","og_description":"Nuestra pasant\u00eda de practicas para instructores PADI MSDT le permite ense\u00f1ar de manera segura los populares cursos de especialidad PADI en los que est\u00e1 certificado para ense\u00f1ar. Experiencia de ense\u00f1anza en el mundo real","og_url":"https:\/\/idckohtao.com\/es\/pro-level-courses\/master-scuba-diver-trainer-program\/","og_site_name":"IDC Koh Tao","article_publisher":"https:\/\/www.facebook.com\/GoProIDCKohTao","article_modified_time":"2026-01-02T06:39:53+00:00","og_image":[{"width":1100,"height":836,"url":"https:\/\/idckohtao.com\/wp-content\/uploads\/2023\/09\/idckohtao.com-our-best-sidemount-specialty-courses-in-thailand.jpeg","type":"image\/jpeg"}],"twitter_card":"summary_large_image","twitter_title":"IDC Koh Tao | PADI MSDT Instructor Internship Koh Tao","twitter_description":"Nuestra pasant\u00eda de practicas para instructores PADI MSDT le permite ense\u00f1ar de manera segura los populares cursos de especialidad PADI en los que est\u00e1 certificado para ense\u00f1ar. Experiencia de ense\u00f1anza en el mundo real","twitter_site":"@GoProIDCKohTao","schema":{"@context":"https:\/\/schema.org","@graph":[{"@type":"NewsArticle","@id":"https:\/\/idckohtao.com\/es\/pro-level-courses\/master-scuba-diver-trainer-program\/#article","isPartOf":{"@id":"https:\/\/idckohtao.com\/es\/pro-level-courses\/master-scuba-diver-trainer-program\/"},"author":{"name":"ojasya","@id":"https:\/\/idckohtao.com\/es\/#\/schema\/person\/d08d557cbfdbc171f824052dae697b02"},"headline":"Master Scuba Diver Trainer Program","datePublished":"2023-08-09T12:29:44+00:00","dateModified":"2026-01-02T06:39:53+00:00","mainEntityOfPage":{"@id":"https:\/\/idckohtao.com\/es\/pro-level-courses\/master-scuba-diver-trainer-program\/"},"wordCount":1479,"publisher":{"@id":"https:\/\/idckohtao.com\/es\/#organization"},"image":{"@id":"https:\/\/idckohtao.com\/es\/pro-level-courses\/master-scuba-diver-trainer-program\/#primaryimage"},"thumbnailUrl":"https:\/\/idckohtao.com\/wp-content\/uploads\/2023\/09\/idckohtao.com-our-best-sidemount-specialty-courses-in-thailand.jpeg","inLanguage":"es"},{"@type":"WebPage","@id":"https:\/\/idckohtao.com\/es\/pro-level-courses\/master-scuba-diver-trainer-program\/","url":"https:\/\/idckohtao.com\/es\/pro-level-courses\/master-scuba-diver-trainer-program\/","name":"PADI MSDT Instructor Internship Koh Tao | IDC Koh Tao","isPartOf":{"@id":"https:\/\/idckohtao.com\/es\/#website"},"primaryImageOfPage":{"@id":"https:\/\/idckohtao.com\/es\/pro-level-courses\/master-scuba-diver-trainer-program\/#primaryimage"},"image":{"@id":"https:\/\/idckohtao.com\/es\/pro-level-courses\/master-scuba-diver-trainer-program\/#primaryimage"},"thumbnailUrl":"https:\/\/idckohtao.com\/wp-content\/uploads\/2023\/09\/idckohtao.com-our-best-sidemount-specialty-courses-in-thailand.jpeg","datePublished":"2023-08-09T12:29:44+00:00","dateModified":"2026-01-02T06:39:53+00:00","description":"Nuestra pasant\u00eda de practicas para instructores PADI MSDT le permite ense\u00f1ar de manera segura los populares cursos de especialidad PADI en los que est\u00e1 certificado para ense\u00f1ar. Experiencia de ense\u00f1anza en el mundo real","breadcrumb":{"@id":"https:\/\/idckohtao.com\/es\/pro-level-courses\/master-scuba-diver-trainer-program\/#breadcrumb"},"inLanguage":"es","potentialAction":[{"@type":"ReadAction","target":["https:\/\/idckohtao.com\/es\/pro-level-courses\/master-scuba-diver-trainer-program\/"]}]},{"@type":"ImageObject","inLanguage":"es","@id":"https:\/\/idckohtao.com\/es\/pro-level-courses\/master-scuba-diver-trainer-program\/#primaryimage","url":"https:\/\/idckohtao.com\/wp-content\/uploads\/2023\/09\/idckohtao.com-our-best-sidemount-specialty-courses-in-thailand.jpeg","contentUrl":"https:\/\/idckohtao.com\/wp-content\/uploads\/2023\/09\/idckohtao.com-our-best-sidemount-specialty-courses-in-thailand.jpeg","width":1100,"height":836,"caption":"Sidemount Specialty Courses in Thailand"},{"@type":"BreadcrumbList","@id":"https:\/\/idckohtao.com\/es\/pro-level-courses\/master-scuba-diver-trainer-program\/#breadcrumb","itemListElement":[{"@type":"ListItem","position":1,"name":"Home","item":"https:\/\/idckohtao.com\/es\/"},{"@type":"ListItem","position":2,"name":"Pro level","item":"https:\/\/idckohtao.com\/es\/pro-level-courses\/"},{"@type":"ListItem","position":3,"name":"Master Scuba Diver Trainer Program"}]},{"@type":"WebSite","@id":"https:\/\/idckohtao.com\/es\/#website","url":"https:\/\/idckohtao.com\/es\/","name":"IDC Koh Tao","description":"PADI IDC 5 Star Diving Center in Koh Tao - Thailand","publisher":{"@id":"https:\/\/idckohtao.com\/es\/#organization"},"alternateName":"IDC Koh Tao in Thailand","potentialAction":[{"@type":"SearchAction","target":{"@type":"EntryPoint","urlTemplate":"https:\/\/idckohtao.com\/es\/?s={search_term_string}"},"query-input":{"@type":"PropertyValueSpecification","valueRequired":true,"valueName":"search_term_string"}}],"inLanguage":"es"},{"@type":"Organization","@id":"https:\/\/idckohtao.com\/es\/#organization","name":"IDC Koh Tao","alternateName":"IDC Koh Tao | Divemaster & Diving Instructor","url":"https:\/\/idckohtao.com\/es\/","logo":{"@type":"ImageObject","inLanguage":"es","@id":"https:\/\/idckohtao.com\/es\/#\/schema\/logo\/image\/","url":"https:\/\/idckohtao.com\/wp-content\/uploads\/2023\/09\/idckohtao.com-padi-diving-center-in-koh-tao-thailand.png","contentUrl":"https:\/\/idckohtao.com\/wp-content\/uploads\/2023\/09\/idckohtao.com-padi-diving-center-in-koh-tao-thailand.png","width":400,"height":300,"caption":"IDC Koh Tao"},"image":{"@id":"https:\/\/idckohtao.com\/es\/#\/schema\/logo\/image\/"},"sameAs":["https:\/\/www.facebook.com\/GoProIDCKohTao","https:\/\/x.com\/GoProIDCKohTao","https:\/\/www.youtube.com\/idckohtao","https:\/\/www.instagram.com\/idc.kohtao\/"],"description":"IDC Koh Tao is a part of the Black Turtle Dive pro level training team with three PADI Course Directors being led by Award Winning PADI Course Director Matt Bolton. Our full range of pro and recreational PADI Diving Courses provides aspiring scuba divers with education, fun, excitement, adventure, and a change of lifestyle or an opportunity to pursue a new career.","email":"info@idckohtao.com","legalName":"IDC Koh Tao","foundingDate":"2004-01-04","numberOfEmployees":{"@type":"QuantitativeValue","minValue":"1","maxValue":"10"},"correctionsPolicy":"https:\/\/idckohtao.com\/privacy-policy\/","ethicsPolicy":"https:\/\/idckohtao.com\/terms\/"},{"@type":"Person","@id":"https:\/\/idckohtao.com\/es\/#\/schema\/person\/d08d557cbfdbc171f824052dae697b02","name":"ojasya","image":{"@type":"ImageObject","inLanguage":"es","@id":"https:\/\/secure.gravatar.com\/avatar\/6fb34e36d09053a6545fc21d344613321bb1933f185132488f38052166f5a001?s=96&d=mm&r=g","url":"https:\/\/secure.gravatar.com\/avatar\/6fb34e36d09053a6545fc21d344613321bb1933f185132488f38052166f5a001?s=96&d=mm&r=g","contentUrl":"https:\/\/secure.gravatar.com\/avatar\/6fb34e36d09053a6545fc21d344613321bb1933f185132488f38052166f5a001?s=96&d=mm&r=g","caption":"ojasya"},"sameAs":["https:\/\/idckohtao.com"],"url":"https:\/\/idckohtao.com\/es\/blog\/author\/ojasya\/"}]}},"_links":{"self":[{"href":"https:\/\/idckohtao.com\/es\/wp-json\/wp\/v2\/pages\/3253","targetHints":{"allow":["GET"]}}],"collection":[{"href":"https:\/\/idckohtao.com\/es\/wp-json\/wp\/v2\/pages"}],"about":[{"href":"https:\/\/idckohtao.com\/es\/wp-json\/wp\/v2\/types\/page"}],"author":[{"embeddable":true,"href":"https:\/\/idckohtao.com\/es\/wp-json\/wp\/v2\/users\/1"}],"replies":[{"embeddable":true,"href":"https:\/\/idckohtao.com\/es\/wp-json\/wp\/v2\/comments?post=3253"}],"version-history":[{"count":2,"href":"https:\/\/idckohtao.com\/es\/wp-json\/wp\/v2\/pages\/3253\/revisions"}],"predecessor-version":[{"id":7610,"href":"https:\/\/idckohtao.com\/es\/wp-json\/wp\/v2\/pages\/3253\/revisions\/7610"}],"up":[{"embeddable":true,"href":"https:\/\/idckohtao.com\/es\/wp-json\/wp\/v2\/pages\/7936"}],"wp:featuredmedia":[{"embeddable":true,"href":"https:\/\/idckohtao.com\/es\/wp-json\/wp\/v2\/media\/5047"}],"wp:attachment":[{"href":"https:\/\/idckohtao.com\/es\/wp-json\/wp\/v2\/media?parent=3253"}],"curies":[{"name":"wp","href":"https:\/\/api.w.org\/{rel}","templated":true}]}}